{"id":23629,"date":"2011-02-03T20:25:25","date_gmt":"2011-02-03T20:25:25","guid":{"rendered":"https:\/\/www.svalbardblues.com\/stott-klubben\/"},"modified":"2025-06-05T09:15:32","modified_gmt":"2025-06-05T09:15:32","slug":"stott-klubben","status":"publish","type":"page","link":"https:\/\/www.svalbardblues.com\/de\/lbk\/stott-klubben\/","title":{"rendered":"Unterst\u00fctzen Sie Longyearbyen Bluesklubb | Grasrotandelen"},"content":{"rendered":"<p><img fetchpriority=\"high\" decoding=\"async\" class=\"aligncenter size-full wp-image-5919\" title=\"Graswurzel-Aktien\" alt=\"Unterst\u00fctzen Sie Longyearbyen Bluesklubb mit Grasrotandeln  \" src=\"https:\/\/www.svalbardblues.com\/wp-content\/uploads\/2011\/02\/Grasrotandelen_logo_615.jpg\" width=\"615\" height=\"280\" srcset=\"https:\/\/www.svalbardblues.com\/wp-content\/uploads\/2011\/02\/Grasrotandelen_logo_615.jpg 615w, https:\/\/www.svalbardblues.com\/wp-content\/uploads\/2011\/02\/Grasrotandelen_logo_615-600x273.jpg 600w, https:\/\/www.svalbardblues.com\/wp-content\/uploads\/2011\/02\/Grasrotandelen_logo_615-300x136.jpg 300w\" sizes=\"(max-width: 615px) 100vw, 615px\" \/><\/p>\n<h1>Unterst\u00fctzen Sie uns mit Ihrer Grassroots-Aktie!<\/h1>\n<p>Die Grassroots-Aktie ist ein Programm von Norsk Tipping, bei dem Sie als registrierter Spieler eine Mannschaft oder Organisation ausw\u00e4hlen k\u00f6nnen, die Sie unterst\u00fctzen m\u00f6chten &#8211; Ihren Grassroots-Empf\u00e4nger.<br \/>\n<strong>Wir ermutigen Sie, uns im LONGYEARBYEN BLUESKLUBB zu unterst\u00fctzen!<\/strong><\/p>\n<p>Stellen Sie sich vor, Sie k\u00f6nnten Ihre Lieblingsspiele spielen &#8211; zum Beispiel Lotto, Tippen und Joker &#8211; und gleichzeitig mehr f\u00fcr die Mannschaft oder den Verein spenden, den Sie unterst\u00fctzen m\u00f6chten. Das ist jetzt \u00fcber Grasrotandelen m\u00f6glich. Wenn Sie bei Norsk Tipping spielen, gehen 5 % Ihres Einsatzes direkt an die Mannschaft oder Organisation, die Sie unterst\u00fctzen m\u00f6chten (gilt nicht f\u00fcr Extra und Flax). <strong>Bitte beachten Sie, dass der Grasrotandelen keine Auswirkungen auf Ihren Einsatz oder Ihren Gewinn hat &#8211; es wird Ihnen nichts daf\u00fcr berechnet, dass Sie ein Grasrotandelen-Spender sind<\/strong>. Sie ben\u00f6tigen eine Norsk Tipping-Spielerkarte, um an Grasrotandelen teilzunehmen. Sie k\u00f6nnen eine Spielerkarte bei einem Kommissar kaufen, oder Sie k\u00f6nnen sie unter www.norsk-tipping.no bestellen.    <\/p>\n<h4>Wir m\u00f6chten Sie ermutigen, sich noch heute an dem Programm zu beteiligen, und zwar auf eine der folgenden Arten:<\/h4>\n<p><strong>1. Bei einem Kommissar: Bringen Sie <a title=\"Barcode Longyearbyen Bluesklubb\" href=\"https:\/\/www.svalbardblues.com\/wp-content\/uploads\/2011\/02\/strekkode.pdf\">den Barcode<\/a> und Ihre Spielerkarte zu einem der Kommissare von Norsk Tipping.<br \/>\nSie k\u00f6nnen dem Kommissar auch unsere Organisationsnummer 985871817 geben.<\/strong><br \/>\n<strong>  2. SMS: GRASROTANDELEN 985871817 an 2020 (der Service ist kostenlos).<\/strong><br \/>\n<strong>  3. Internet: grasrotandelen.no oder norsk-tipping.no.<\/strong><br \/>\n<strong>  4. Norsk Tipping Handyspiele.<\/strong><br \/>\n<strong>  5. Norsk Tipping Spielterminal.<\/strong><\/p>\n<p><strong>Vielen Dank, dass Sie Longearbyen Bluesklubb \u00fcber die Grassroots-Aktie unterst\u00fctzen!<img decoding=\"async\" class=\"alignright wp-image-5920\" title=\"Norwegisches Trinkgeld\" alt=\"Norsk Tipping und die Grassroots-Aktie\" src=\"https:\/\/www.svalbardblues.com\/wp-content\/uploads\/2011\/02\/norsk_tipping_logo.jpg\" width=\"140\" height=\"144\"><\/strong><\/p>\n<p>Hier k\u00f6nnen Sie herunterladen:<br \/>\n[download_link link=&#8220;https:\/\/www.svalbardblues.com\/wp-content\/uploads\/2011\/02\/strekkode.pdf&#8220;]Barcode[\/download_link]<br \/>\n[download_link link=&#8220;https:\/\/www.svalbardblues.com\/wp-content\/uploads\/2011\/02\/vervebrev.pdf&#8220;]Ehrenbrief[\/download_link]<br \/>\n[download_link link=&#8220;https:\/\/www.svalbardblues.com\/wp-content\/uploads\/2011\/02\/vervekort.pdf&#8220;]Verve-Karte[\/download_link]<\/p>\n<p>[fancy_link link=&#8220;https:\/\/www.norsk-tipping.no\/grasrotandelen\/&#8220; target=&#8220;blank&#8220;]Mehr \u00fcber Grasrotandelen k\u00f6nnen Sie hier lesen:[\/fancy_link]<\/p>\n<p>[divider]<\/p>\n<p>Neben der Unterst\u00fctzung des Clubs durch Mitgliedschaft und Grasrotandelen bieten wir auch T-Shirts und Tassen zum Verkauf an.<\/p>\n<p>Wir veranstalten auch eine j\u00e4hrliche Verlosung, bei der der Hauptpreis eine von allen K\u00fcnstlern des letzten <a title=\"Das n\u00f6rdlichste Bluesfestival der Welt\" href=\"https:\/\/www.svalbardblues.com\/de\/dsb\/\" target=\"_blank\">Dark Season Blues<\/a> signierte Gitarre ist.<\/p>\n<figure id=\"attachment_8899\" aria-describedby=\"caption-attachment-8899\" style=\"width: 637px\" class=\"wp-caption aligncenter\"><img decoding=\"async\" class=\"size-full wp-image-8899\" alt=\"Longyearbyen Bluesklubb ist der n\u00f6rdlichste Bluesklub der Welt. Er befindet sich auf Spitzbergen, Svalbard auf 78 Grad Nord.\" src=\"https:\/\/www.svalbardblues.com\/wp-content\/uploads\/2011\/02\/LBK_bw_Longyear.jpg\" width=\"647\" height=\"288\" srcset=\"https:\/\/www.svalbardblues.com\/wp-content\/uploads\/2011\/02\/LBK_bw_Longyear.jpg 647w, https:\/\/www.svalbardblues.com\/wp-content\/uploads\/2011\/02\/LBK_bw_Longyear-600x267.jpg 600w, https:\/\/www.svalbardblues.com\/wp-content\/uploads\/2011\/02\/LBK_bw_Longyear-300x133.jpg 300w\" sizes=\"(max-width: 647px) 100vw, 647px\" \/><figcaption id=\"caption-attachment-8899\" class=\"wp-caption-text\">Longyearbyen Blues Club<\/figcaption><\/figure>\n<p>[wdfb_like_button]<\/p>\n","protected":false},"excerpt":{"rendered":"<p>Unterst\u00fctzen Sie uns mit Ihrer Grassroots-Aktie! Die Grassroots-Aktie ist ein Programm von Norsk Tipping, bei dem Sie als registrierter Spieler eine Mannschaft oder Organisation ausw\u00e4hlen k\u00f6nnen, die Sie unterst\u00fctzen m\u00f6chten &#8211; Ihren Grassroots-Empf\u00e4nger. Wir ermutigen Sie, uns im LONGYEARBYEN BLUESKLUBB zu unterst\u00fctzen! Stellen Sie sich vor, Sie k\u00f6nnten Ihre Lieblingsspiele spielen &#8211; zum Beispiel Lotto, &#8230; <\/p>\n<p class=\"read-more-container\"><a title=\"Unterst\u00fctzen Sie Longyearbyen Bluesklubb | Grasrotandelen\" class=\"read-more button\" href=\"https:\/\/www.svalbardblues.com\/de\/lbk\/stott-klubben\/#more-23629\" aria-label=\"Mehr Informationen \u00fcber Unterst\u00fctzen Sie Longyearbyen Bluesklubb | Grasrotandelen\">Read more<\/a><\/p>\n","protected":false},"author":1,"featured_media":0,"parent":23663,"menu_order":0,"comment_status":"closed","ping_status":"closed","template":"","meta":{"inline_featured_image":false,"footnotes":""},"class_list":["post-23629","page","type-page","status-publish"],"yoast_head":"<!-- This site is optimized with the Yoast SEO Premium plugin v26.2 (Yoast SEO v27.3) - https:\/\/yoast.com\/product\/yoast-seo-premium-wordpress\/ -->\n<title>Grasrotandelen | Longyearbyen Bluesklubb | SVALBARD<\/title>\n<meta name=\"description\" content=\"Unterst\u00fctzen Sie Longyearbyen Bluesklubb mit IHREM Grassroots-Anteil! Wenn Sie bei Norsk Tipping spielen, werden 5% des Einsatzes an den Longyearbyen Bluesklubb gespendet.\" \/>\n<meta name=\"robots\" content=\"index, follow, max-snippet:-1, max-image-preview:large, max-video-preview:-1\" \/>\n<link rel=\"canonical\" href=\"https:\/\/www.svalbardblues.com\/de\/lbk\/stott-klubben\/\" \/>\n<meta property=\"og:locale\" content=\"de_DE\" \/>\n<meta property=\"og:type\" content=\"article\" \/>\n<meta property=\"og:title\" content=\"Unterst\u00fctzen Sie Longyearbyen Bluesklubb | Grasrotandelen\" \/>\n<meta property=\"og:description\" content=\"Unterst\u00fctzen Sie Longyearbyen Bluesklubb mit IHREM Grassroots-Anteil! Wenn Sie bei Norsk Tipping spielen, werden 5% des Einsatzes an den Longyearbyen Bluesklubb gespendet.\" \/>\n<meta property=\"og:url\" content=\"https:\/\/www.svalbardblues.com\/de\/lbk\/stott-klubben\/\" \/>\n<meta property=\"og:site_name\" content=\"Dark Season Blues | SVALBARD\" \/>\n<meta property=\"article:publisher\" content=\"https:\/\/www.facebook.com\/DarkSeasonBlues\" \/>\n<meta property=\"article:modified_time\" content=\"2025-06-05T09:15:32+00:00\" \/>\n<meta property=\"og:image\" content=\"https:\/\/www.svalbardblues.com\/wp-content\/uploads\/2011\/02\/Grasrotandelen_logo_615.jpg\" \/>\n\t<meta property=\"og:image:width\" content=\"615\" \/>\n\t<meta property=\"og:image:height\" content=\"280\" \/>\n\t<meta property=\"og:image:type\" content=\"image\/jpeg\" \/>\n<meta name=\"twitter:label1\" content=\"Gesch\u00e4tzte Lesezeit\" \/>\n\t<meta name=\"twitter:data1\" content=\"2\u00a0Minuten\" \/>\n<script type=\"application\/ld+json\" class=\"yoast-schema-graph\">{\"@context\":\"https:\\\/\\\/schema.org\",\"@graph\":[{\"@type\":\"WebPage\",\"@id\":\"https:\\\/\\\/www.svalbardblues.com\\\/de\\\/lbk\\\/stott-klubben\\\/\",\"url\":\"https:\\\/\\\/www.svalbardblues.com\\\/de\\\/lbk\\\/stott-klubben\\\/\",\"name\":\"Grasrotandelen | Longyearbyen Bluesklubb | SVALBARD\",\"isPartOf\":{\"@id\":\"https:\\\/\\\/www.svalbardblues.com\\\/de\\\/#website\"},\"primaryImageOfPage\":{\"@id\":\"https:\\\/\\\/www.svalbardblues.com\\\/de\\\/lbk\\\/stott-klubben\\\/#primaryimage\"},\"image\":{\"@id\":\"https:\\\/\\\/www.svalbardblues.com\\\/de\\\/lbk\\\/stott-klubben\\\/#primaryimage\"},\"thumbnailUrl\":\"https:\\\/\\\/www.svalbardblues.com\\\/wp-content\\\/uploads\\\/2011\\\/02\\\/Grasrotandelen_logo_615.jpg\",\"datePublished\":\"2011-02-03T20:25:25+00:00\",\"dateModified\":\"2025-06-05T09:15:32+00:00\",\"description\":\"Unterst\u00fctzen Sie Longyearbyen Bluesklubb mit IHREM Grassroots-Anteil! Wenn Sie bei Norsk Tipping spielen, werden 5% des Einsatzes an den Longyearbyen Bluesklubb gespendet.\",\"breadcrumb\":{\"@id\":\"https:\\\/\\\/www.svalbardblues.com\\\/de\\\/lbk\\\/stott-klubben\\\/#breadcrumb\"},\"inLanguage\":\"de\",\"potentialAction\":[{\"@type\":\"ReadAction\",\"target\":[\"https:\\\/\\\/www.svalbardblues.com\\\/de\\\/lbk\\\/stott-klubben\\\/\"]}]},{\"@type\":\"ImageObject\",\"inLanguage\":\"de\",\"@id\":\"https:\\\/\\\/www.svalbardblues.com\\\/de\\\/lbk\\\/stott-klubben\\\/#primaryimage\",\"url\":\"https:\\\/\\\/www.svalbardblues.com\\\/wp-content\\\/uploads\\\/2011\\\/02\\\/Grasrotandelen_logo_615.jpg\",\"contentUrl\":\"https:\\\/\\\/www.svalbardblues.com\\\/wp-content\\\/uploads\\\/2011\\\/02\\\/Grasrotandelen_logo_615.jpg\"},{\"@type\":\"BreadcrumbList\",\"@id\":\"https:\\\/\\\/www.svalbardblues.com\\\/de\\\/lbk\\\/stott-klubben\\\/#breadcrumb\",\"itemListElement\":[{\"@type\":\"ListItem\",\"position\":1,\"name\":\"Hjem\",\"item\":\"https:\\\/\\\/www.svalbardblues.com\\\/de\\\/\"},{\"@type\":\"ListItem\",\"position\":2,\"name\":\"Longyearbyen Bluesklubb (LBK)\",\"item\":\"https:\\\/\\\/www.svalbardblues.com\\\/de\\\/lbk\\\/\"},{\"@type\":\"ListItem\",\"position\":3,\"name\":\"Unterst\u00fctzen Sie Longyearbyen Bluesklubb | Grasrotandelen\"}]},{\"@type\":\"WebSite\",\"@id\":\"https:\\\/\\\/www.svalbardblues.com\\\/de\\\/#website\",\"url\":\"https:\\\/\\\/www.svalbardblues.com\\\/de\\\/\",\"name\":\"Dark Season Blues | SVALBARD\",\"description\":\"The World&#039;s Northenmost Blues Festival\",\"publisher\":{\"@id\":\"https:\\\/\\\/www.svalbardblues.com\\\/de\\\/#organization\"},\"potentialAction\":[{\"@type\":\"SearchAction\",\"target\":{\"@type\":\"EntryPoint\",\"urlTemplate\":\"https:\\\/\\\/www.svalbardblues.com\\\/de\\\/?s={search_term_string}\"},\"query-input\":{\"@type\":\"PropertyValueSpecification\",\"valueRequired\":true,\"valueName\":\"search_term_string\"}}],\"inLanguage\":\"de\"},{\"@type\":\"Organization\",\"@id\":\"https:\\\/\\\/www.svalbardblues.com\\\/de\\\/#organization\",\"name\":\"Dark Season Blues\",\"url\":\"https:\\\/\\\/www.svalbardblues.com\\\/de\\\/\",\"logo\":{\"@type\":\"ImageObject\",\"inLanguage\":\"de\",\"@id\":\"https:\\\/\\\/www.svalbardblues.com\\\/de\\\/#\\\/schema\\\/logo\\\/image\\\/\",\"url\":\"https:\\\/\\\/www.svalbardblues.com\\\/wp-content\\\/uploads\\\/2017\\\/06\\\/DSB2017-Illustrasjon-620.jpg\",\"contentUrl\":\"https:\\\/\\\/www.svalbardblues.com\\\/wp-content\\\/uploads\\\/2017\\\/06\\\/DSB2017-Illustrasjon-620.jpg\",\"width\":620,\"height\":488,\"caption\":\"Dark Season Blues\"},\"image\":{\"@id\":\"https:\\\/\\\/www.svalbardblues.com\\\/de\\\/#\\\/schema\\\/logo\\\/image\\\/\"},\"sameAs\":[\"https:\\\/\\\/www.facebook.com\\\/DarkSeasonBlues\",\"https:\\\/\\\/x.com\\\/DarkSeasonBlues\",\"https:\\\/\\\/www.instagram.com\\\/darkseasonblues\\\/\",\"https:\\\/\\\/no.wikipedia.org\\\/wiki\\\/Dark_Season_Blues\"]}]}<\/script>\n<!-- \/ Yoast SEO Premium plugin. -->","yoast_head_json":{"title":"Grasrotandelen | Longyearbyen Bluesklubb | SVALBARD","description":"Unterst\u00fctzen Sie Longyearbyen Bluesklubb mit IHREM Grassroots-Anteil! Wenn Sie bei Norsk Tipping spielen, werden 5% des Einsatzes an den Longyearbyen Bluesklubb gespendet.","robots":{"index":"index","follow":"follow","max-snippet":"max-snippet:-1","max-image-preview":"max-image-preview:large","max-video-preview":"max-video-preview:-1"},"canonical":"https:\/\/www.svalbardblues.com\/de\/lbk\/stott-klubben\/","og_locale":"de_DE","og_type":"article","og_title":"Unterst\u00fctzen Sie Longyearbyen Bluesklubb | Grasrotandelen","og_description":"Unterst\u00fctzen Sie Longyearbyen Bluesklubb mit IHREM Grassroots-Anteil! Wenn Sie bei Norsk Tipping spielen, werden 5% des Einsatzes an den Longyearbyen Bluesklubb gespendet.","og_url":"https:\/\/www.svalbardblues.com\/de\/lbk\/stott-klubben\/","og_site_name":"Dark Season Blues | SVALBARD","article_publisher":"https:\/\/www.facebook.com\/DarkSeasonBlues","article_modified_time":"2025-06-05T09:15:32+00:00","og_image":[{"width":615,"height":280,"url":"https:\/\/www.svalbardblues.com\/wp-content\/uploads\/2011\/02\/Grasrotandelen_logo_615.jpg","type":"image\/jpeg"}],"twitter_misc":{"Gesch\u00e4tzte Lesezeit":"2\u00a0Minuten"},"schema":{"@context":"https:\/\/schema.org","@graph":[{"@type":"WebPage","@id":"https:\/\/www.svalbardblues.com\/de\/lbk\/stott-klubben\/","url":"https:\/\/www.svalbardblues.com\/de\/lbk\/stott-klubben\/","name":"Grasrotandelen | Longyearbyen Bluesklubb | SVALBARD","isPartOf":{"@id":"https:\/\/www.svalbardblues.com\/de\/#website"},"primaryImageOfPage":{"@id":"https:\/\/www.svalbardblues.com\/de\/lbk\/stott-klubben\/#primaryimage"},"image":{"@id":"https:\/\/www.svalbardblues.com\/de\/lbk\/stott-klubben\/#primaryimage"},"thumbnailUrl":"https:\/\/www.svalbardblues.com\/wp-content\/uploads\/2011\/02\/Grasrotandelen_logo_615.jpg","datePublished":"2011-02-03T20:25:25+00:00","dateModified":"2025-06-05T09:15:32+00:00","description":"Unterst\u00fctzen Sie Longyearbyen Bluesklubb mit IHREM Grassroots-Anteil! Wenn Sie bei Norsk Tipping spielen, werden 5% des Einsatzes an den Longyearbyen Bluesklubb gespendet.","breadcrumb":{"@id":"https:\/\/www.svalbardblues.com\/de\/lbk\/stott-klubben\/#breadcrumb"},"inLanguage":"de","potentialAction":[{"@type":"ReadAction","target":["https:\/\/www.svalbardblues.com\/de\/lbk\/stott-klubben\/"]}]},{"@type":"ImageObject","inLanguage":"de","@id":"https:\/\/www.svalbardblues.com\/de\/lbk\/stott-klubben\/#primaryimage","url":"https:\/\/www.svalbardblues.com\/wp-content\/uploads\/2011\/02\/Grasrotandelen_logo_615.jpg","contentUrl":"https:\/\/www.svalbardblues.com\/wp-content\/uploads\/2011\/02\/Grasrotandelen_logo_615.jpg"},{"@type":"BreadcrumbList","@id":"https:\/\/www.svalbardblues.com\/de\/lbk\/stott-klubben\/#breadcrumb","itemListElement":[{"@type":"ListItem","position":1,"name":"Hjem","item":"https:\/\/www.svalbardblues.com\/de\/"},{"@type":"ListItem","position":2,"name":"Longyearbyen Bluesklubb (LBK)","item":"https:\/\/www.svalbardblues.com\/de\/lbk\/"},{"@type":"ListItem","position":3,"name":"Unterst\u00fctzen Sie Longyearbyen Bluesklubb | Grasrotandelen"}]},{"@type":"WebSite","@id":"https:\/\/www.svalbardblues.com\/de\/#website","url":"https:\/\/www.svalbardblues.com\/de\/","name":"Dark Season Blues | SVALBARD","description":"The World&#039;s Northenmost Blues Festival","publisher":{"@id":"https:\/\/www.svalbardblues.com\/de\/#organization"},"potentialAction":[{"@type":"SearchAction","target":{"@type":"EntryPoint","urlTemplate":"https:\/\/www.svalbardblues.com\/de\/?s={search_term_string}"},"query-input":{"@type":"PropertyValueSpecification","valueRequired":true,"valueName":"search_term_string"}}],"inLanguage":"de"},{"@type":"Organization","@id":"https:\/\/www.svalbardblues.com\/de\/#organization","name":"Dark Season Blues","url":"https:\/\/www.svalbardblues.com\/de\/","logo":{"@type":"ImageObject","inLanguage":"de","@id":"https:\/\/www.svalbardblues.com\/de\/#\/schema\/logo\/image\/","url":"https:\/\/www.svalbardblues.com\/wp-content\/uploads\/2017\/06\/DSB2017-Illustrasjon-620.jpg","contentUrl":"https:\/\/www.svalbardblues.com\/wp-content\/uploads\/2017\/06\/DSB2017-Illustrasjon-620.jpg","width":620,"height":488,"caption":"Dark Season Blues"},"image":{"@id":"https:\/\/www.svalbardblues.com\/de\/#\/schema\/logo\/image\/"},"sameAs":["https:\/\/www.facebook.com\/DarkSeasonBlues","https:\/\/x.com\/DarkSeasonBlues","https:\/\/www.instagram.com\/darkseasonblues\/","https:\/\/no.wikipedia.org\/wiki\/Dark_Season_Blues"]}]}},"_links":{"self":[{"href":"https:\/\/www.svalbardblues.com\/de\/wp-json\/wp\/v2\/pages\/23629","targetHints":{"allow":["GET"]}}],"collection":[{"href":"https:\/\/www.svalbardblues.com\/de\/wp-json\/wp\/v2\/pages"}],"about":[{"href":"https:\/\/www.svalbardblues.com\/de\/wp-json\/wp\/v2\/types\/page"}],"author":[{"embeddable":true,"href":"https:\/\/www.svalbardblues.com\/de\/wp-json\/wp\/v2\/users\/1"}],"replies":[{"embeddable":true,"href":"https:\/\/www.svalbardblues.com\/de\/wp-json\/wp\/v2\/comments?post=23629"}],"version-history":[{"count":1,"href":"https:\/\/www.svalbardblues.com\/de\/wp-json\/wp\/v2\/pages\/23629\/revisions"}],"predecessor-version":[{"id":23665,"href":"https:\/\/www.svalbardblues.com\/de\/wp-json\/wp\/v2\/pages\/23629\/revisions\/23665"}],"up":[{"embeddable":true,"href":"https:\/\/www.svalbardblues.com\/de\/wp-json\/wp\/v2\/pages\/23663"}],"wp:attachment":[{"href":"https:\/\/www.svalbardblues.com\/de\/wp-json\/wp\/v2\/media?parent=23629"}],"curies":[{"name":"wp","href":"https:\/\/api.w.org\/{rel}","templated":true}]}}