{"id":23658,"date":"2011-04-08T07:54:55","date_gmt":"2011-04-08T07:54:55","guid":{"rendered":"https:\/\/www.svalbardblues.com\/bosetninger\/"},"modified":"2025-06-05T09:16:58","modified_gmt":"2025-06-05T09:16:58","slug":"bosetninger","status":"publish","type":"page","link":"https:\/\/www.svalbardblues.com\/de\/svalbard\/bosetninger\/","title":{"rendered":"Siedlungen in Svalbard"},"content":{"rendered":"<p>&nbsp;<\/p>\n<p><a title=\"Longyearbyen\" href=\"https:\/\/www.svalbardblues.com\/longyearbyen\/\">Longyearbyen<\/a> ist die gr\u00f6\u00dfte Siedlung auf <a title=\"Svalbard\" href=\"https:\/\/www.svalbardblues.com\/de\/svalbard\/\">Svalbard<\/a> und das norwegische Verwaltungszentrum. Die anderen Siedlungen sind Barentsburg, Sveagruva, Ny-\u00c5lesund, Hornsund und die beiden meteorologischen Stationen in Hopen und Bj\u00f8rn\u00f8ya. Dar\u00fcber hinaus gibt es vier Jagdstationen, die \u00fcber ganz Spitzbergen verstreut sind.  <\/p>\n<h2>Longyearbyen<\/h2>\n<p>Longyearbyen liegt auf 78\u00baN und ist eine moderne Familiengemeinde. Es gibt Schulen, Kinderg\u00e4rten, ein Universit\u00e4tszentrum, eine Lokalzeitung, Gesch\u00e4fte, Restaurants, ein Krankenhaus und eine Kirche. Das kulturelle Leben ist aktiv und vielf\u00e4ltig. Die Siedlung wurde 1906 von dem Amerikaner John Munroe Longyear gegr\u00fcndet. Heute leben in Longyearbyen etwa 2.000 Einwohner. Die gro\u00dfe Mehrheit sind Norweger, aber fast 40 Nationalit\u00e4ten sind vertreten.    <\/p>\n<h2>Barentsburg<\/h2>\n<p>Die Bergbaugemeinde Barentsburg liegt etwa 40 Kilometer Luftlinie s\u00fcdwestlich von Longyearbyen und ist die zweitgr\u00f6\u00dfte Siedlung auf Spitzbergen. Das staatliche russische Bergbauunternehmen Trust Arktikugol besitzt und betreibt die Kohlemine und die Gemeinde. Die j\u00e4hrliche Kohleproduktion betr\u00e4gt etwa 160.000 Tonnen. Die Kohlemine selbst befindet sich mitten in Barentsburg, fast 500 Meter unter der Erde. In ihrer Bl\u00fctezeit hatte die Siedlung etwa 1.500 Einwohner, aber seit den 1990er Jahren ist die Bev\u00f6lkerung zur\u00fcckgegangen. Heute leben nur noch knapp 500 Menschen in Barentsburg (M\u00e4rz 2007) &#8211; darunter auch einige Kinder. Etwas mehr als die H\u00e4lfte der Bev\u00f6lkerung stammt aus der Ukraine, der Rest kommt haupts\u00e4chlich aus Russland.     <\/p>\n<p>Barentsburg verf\u00fcgt \u00fcber ein eigenes Kohlekraftwerk, ein Krankenhaus, ein Hotel, eine Schule, einen Kindergarten sowie Kultur- und Sportzentren. Die Gemeinde wird einige Male im Jahr per Schiff aus Murmansk beliefert. Das russische Konsulat auf Spitzbergen befindet sich in Barentsburg, und die Russische Akademie der Wissenschaften hat dort ein Forschungszentrum. Der Trust Arktikugol kaufte 1932 die Minenanlage in Barentsburg von der niederl\u00e4ndischen Nederlandsche Spitsbergen Companie.   <\/p>\n<h2>Pyramiden (geschlossen)<\/h2>\n<p>Pyramiden war die zweite russische Bergbaustadt in Svalbard und liegt im Billefjorden. In ihrer Bl\u00fctezeit lebten hier 1.000 Menschen. Im Pyramidengebirge gibt es gro\u00dfe Kohlevorkommen, aber der Abbau war aufgrund gro\u00dfer Verwerfungen im Gestein schwierig. Der Betrieb in Pyramiden wurde 1998 eingestellt. Der Ort ist heute verlassen.     <\/p>\n<h2>Ny-\u00c5lesund<\/h2>\n<p>Ny-\u00c5lesund ist die n\u00f6rdlichste permanente Siedlung der Welt und liegt im Kongsfjorden an der Nordwestk\u00fcste Spitzbergens. Ny-\u00c5lesund ist das wichtigste Zentrum f\u00fcr die norwegische und internationale wissenschaftliche Forschung in Spitzbergen. Neben Norwegen haben eine Reihe von Nationen dort st\u00e4ndige Forschungsstationen eingerichtet, darunter Deutschland, England, Italien, Japan und China. Noch mehr Nationen sind an verschiedenen Forschungsprojekten beteiligt.   <\/p>\n<p>Das staatliche Unternehmen Kings Bay A\/S ist Eigent\u00fcmer der Grundst\u00fccke und Einrichtungen in Ny-\u00c5lesund und betreibt die Infrastruktur. Etwa 25 Menschen leben st\u00e4ndig in der Siedlung, aber w\u00e4hrend der Sommersaison steigt die Einwohnerzahl um ein Vielfaches. <\/p>\n<h2>Svea-Mine<\/h2>\n<p>Die Svea-Mine liegt etwa 60 Kilometer s\u00fcd\u00f6stlich von Longyearbyen, an der Spitze des Van Mijenfjordes. Nur sehr wenige Menschen leben dauerhaft in Svea, aber etwa 240 Menschen pendeln w\u00f6chentlich von Longyearbyen zur Arbeit dorthin. Svea Nord, die Hauptmine von Store Norske Spitsbergen Grubekompani, liegt f\u00fcnf Kilometer von der Siedlung entfernt und ist \u00fcber H\u00f8ganesbreen erreichbar. Im Jahr 2004 wurden in Svea Nord knapp drei Millionen Tonnen Kohle gef\u00f6rdert.   <\/p>\n<h2>Hornsund<\/h2>\n<p>In Hornsund, s\u00fcdlich von Spitzbergen, befindet sich eine polnische Forschungsstation. Sie betreibt Forschung in den Bereichen Seismologie, Meteorologie, Biologie und Glaziologie. Die Station ist mit 10-12 Personen besetzt.  <\/p>\n<h2>Heaps<\/h2>\n<p>Die Insel Hopen liegt etwa 300 Kilometer s\u00fcd\u00f6stlich von Longyearbyen, drau\u00dfen in der Barentssee. Der norwegische Wetterdienst betreibt dort eine Wetterstation, die mit vier Personen besetzt ist. <\/p>\n<h2>B\u00e4reninsel<\/h2>\n<p>Der Norwegische Wetterdienst betreibt eine meteorologische Station auf Bj\u00f8rn\u00f8ya, etwa auf halbem Weg zwischen Spitzbergen und dem Festland. Die Station hat etwa 10 Mitarbeiter. <\/p>\n<h2>Fangstationen<\/h2>\n<p>Heute leben die Fallensteller in vier Stationen in Svalbard. Diese sind Aksel\u00f8ya im van Mijenfjorden, Kapp Wijk im Isfjorden, Austfjordneset im Wijdefjorden und Mushamna im Woodfjorden. Die ersten beiden Stationen sind in Privatbesitz, w\u00e4hrend der Gouverneur die letzten beiden auf j\u00e4hrlicher Basis ausleiht.  <\/p>\n<h2>Kommunikation<\/h2>\n<p>Es gibt keine Stra\u00dfenverbindung zwischen den Siedlungen auf Svalbard. Sveagruva und Ny-\u00c5lesund verf\u00fcgen \u00fcber einen Kurzstreckenflugplatz, und von und nach Longyearbyen gibt es mehrmals pro Woche Fl\u00fcge. In Barentsburg hat das russische Bergbauunternehmen eine eigene Hubschrauberbasis in Heerodden, wo derzeit ein Hubschrauber in Betrieb ist. Zwischen den Siedlungen auf Spitzbergen kann man im Sommer mit dem Boot und im Winter mit dem Schneemobil fahren.   <\/p>\n<p>Quelle: Gouverneur<\/p>\n","protected":false},"excerpt":{"rendered":"<p>&nbsp; Longyearbyen ist die gr\u00f6\u00dfte Siedlung auf Svalbard und das norwegische Verwaltungszentrum. Die anderen Siedlungen sind Barentsburg, Sveagruva, Ny-\u00c5lesund, Hornsund und die beiden meteorologischen Stationen in Hopen und Bj\u00f8rn\u00f8ya. Dar\u00fcber hinaus gibt es vier Jagdstationen, die \u00fcber ganz Spitzbergen verstreut sind. Longyearbyen Longyearbyen liegt auf 78\u00baN und ist eine moderne Familiengemeinde. Es gibt Schulen, Kinderg\u00e4rten, &#8230; <\/p>\n<p class=\"read-more-container\"><a title=\"Siedlungen in Svalbard\" class=\"read-more button\" href=\"https:\/\/www.svalbardblues.com\/de\/svalbard\/bosetninger\/#more-23658\" aria-label=\"Mehr Informationen \u00fcber Siedlungen in Svalbard\">Read more<\/a><\/p>\n","protected":false},"author":1,"featured_media":0,"parent":23778,"menu_order":0,"comment_status":"closed","ping_status":"closed","template":"","meta":{"inline_featured_image":false,"footnotes":""},"class_list":["post-23658","page","type-page","status-publish"],"yoast_head":"<!-- This site is optimized with the Yoast SEO Premium plugin v26.2 (Yoast SEO v27.4) - https:\/\/yoast.com\/product\/yoast-seo-premium-wordpress\/ -->\n<title>Abrechnungen | SVALBARD<\/title>\n<meta name=\"description\" content=\"Longyearbyen ist die gr\u00f6\u00dfte Siedlung auf Svalbard und ist das norwegische Verwaltungszentrum. Weitere Siedlungen sind Barentsburg, Sveagruva, Ny-\u00c5lesund, Hornsund\" \/>\n<meta name=\"robots\" content=\"index, follow, max-snippet:-1, max-image-preview:large, max-video-preview:-1\" \/>\n<link rel=\"canonical\" href=\"https:\/\/www.svalbardblues.com\/de\/svalbard\/bosetninger\/\" \/>\n<meta property=\"og:locale\" content=\"de_DE\" \/>\n<meta property=\"og:type\" content=\"article\" \/>\n<meta property=\"og:title\" content=\"Siedlungen in Svalbard\" \/>\n<meta property=\"og:description\" content=\"Longyearbyen ist die gr\u00f6\u00dfte Siedlung auf Svalbard und ist das norwegische Verwaltungszentrum. Weitere Siedlungen sind Barentsburg, Sveagruva, Ny-\u00c5lesund, Hornsund\" \/>\n<meta property=\"og:url\" content=\"https:\/\/www.svalbardblues.com\/de\/svalbard\/bosetninger\/\" \/>\n<meta property=\"og:site_name\" content=\"Dark Season Blues | SVALBARD\" \/>\n<meta property=\"article:publisher\" content=\"https:\/\/www.facebook.com\/DarkSeasonBlues\" \/>\n<meta property=\"article:modified_time\" content=\"2025-06-05T09:16:58+00:00\" \/>\n<meta property=\"og:image\" content=\"https:\/\/www.svalbardblues.com\/wp-content\/uploads\/2017\/10\/DSB2017-Illustrasjon-900-350.jpg\" \/>\n\t<meta property=\"og:image:width\" content=\"900\" \/>\n\t<meta property=\"og:image:height\" content=\"350\" \/>\n\t<meta property=\"og:image:type\" content=\"image\/jpeg\" \/>\n<meta name=\"twitter:label1\" content=\"Gesch\u00e4tzte Lesezeit\" \/>\n\t<meta name=\"twitter:data1\" content=\"4\u00a0Minuten\" \/>\n<script type=\"application\/ld+json\" class=\"yoast-schema-graph\">{\"@context\":\"https:\\\/\\\/schema.org\",\"@graph\":[{\"@type\":\"WebPage\",\"@id\":\"https:\\\/\\\/www.svalbardblues.com\\\/de\\\/svalbard\\\/bosetninger\\\/\",\"url\":\"https:\\\/\\\/www.svalbardblues.com\\\/de\\\/svalbard\\\/bosetninger\\\/\",\"name\":\"Abrechnungen | SVALBARD\",\"isPartOf\":{\"@id\":\"https:\\\/\\\/www.svalbardblues.com\\\/de\\\/#website\"},\"datePublished\":\"2011-04-08T07:54:55+00:00\",\"dateModified\":\"2025-06-05T09:16:58+00:00\",\"description\":\"Longyearbyen ist die gr\u00f6\u00dfte Siedlung auf Svalbard und ist das norwegische Verwaltungszentrum. Weitere Siedlungen sind Barentsburg, Sveagruva, Ny-\u00c5lesund, Hornsund\",\"breadcrumb\":{\"@id\":\"https:\\\/\\\/www.svalbardblues.com\\\/de\\\/svalbard\\\/bosetninger\\\/#breadcrumb\"},\"inLanguage\":\"de\",\"potentialAction\":[{\"@type\":\"ReadAction\",\"target\":[\"https:\\\/\\\/www.svalbardblues.com\\\/de\\\/svalbard\\\/bosetninger\\\/\"]}]},{\"@type\":\"BreadcrumbList\",\"@id\":\"https:\\\/\\\/www.svalbardblues.com\\\/de\\\/svalbard\\\/bosetninger\\\/#breadcrumb\",\"itemListElement\":[{\"@type\":\"ListItem\",\"position\":1,\"name\":\"Hjem\",\"item\":\"https:\\\/\\\/www.svalbardblues.com\\\/de\\\/\"},{\"@type\":\"ListItem\",\"position\":2,\"name\":\"Svalbard, Fakten und Informationen\",\"item\":\"https:\\\/\\\/www.svalbardblues.com\\\/de\\\/svalbard\\\/\"},{\"@type\":\"ListItem\",\"position\":3,\"name\":\"Siedlungen in Svalbard\"}]},{\"@type\":\"WebSite\",\"@id\":\"https:\\\/\\\/www.svalbardblues.com\\\/de\\\/#website\",\"url\":\"https:\\\/\\\/www.svalbardblues.com\\\/de\\\/\",\"name\":\"Dark Season Blues | SVALBARD\",\"description\":\"The World&#039;s Northenmost Blues Festival\",\"publisher\":{\"@id\":\"https:\\\/\\\/www.svalbardblues.com\\\/de\\\/#organization\"},\"potentialAction\":[{\"@type\":\"SearchAction\",\"target\":{\"@type\":\"EntryPoint\",\"urlTemplate\":\"https:\\\/\\\/www.svalbardblues.com\\\/de\\\/?s={search_term_string}\"},\"query-input\":{\"@type\":\"PropertyValueSpecification\",\"valueRequired\":true,\"valueName\":\"search_term_string\"}}],\"inLanguage\":\"de\"},{\"@type\":\"Organization\",\"@id\":\"https:\\\/\\\/www.svalbardblues.com\\\/de\\\/#organization\",\"name\":\"Dark Season Blues\",\"url\":\"https:\\\/\\\/www.svalbardblues.com\\\/de\\\/\",\"logo\":{\"@type\":\"ImageObject\",\"inLanguage\":\"de\",\"@id\":\"https:\\\/\\\/www.svalbardblues.com\\\/de\\\/#\\\/schema\\\/logo\\\/image\\\/\",\"url\":\"https:\\\/\\\/www.svalbardblues.com\\\/wp-content\\\/uploads\\\/2017\\\/06\\\/DSB2017-Illustrasjon-620.jpg\",\"contentUrl\":\"https:\\\/\\\/www.svalbardblues.com\\\/wp-content\\\/uploads\\\/2017\\\/06\\\/DSB2017-Illustrasjon-620.jpg\",\"width\":620,\"height\":488,\"caption\":\"Dark Season Blues\"},\"image\":{\"@id\":\"https:\\\/\\\/www.svalbardblues.com\\\/de\\\/#\\\/schema\\\/logo\\\/image\\\/\"},\"sameAs\":[\"https:\\\/\\\/www.facebook.com\\\/DarkSeasonBlues\",\"https:\\\/\\\/x.com\\\/DarkSeasonBlues\",\"https:\\\/\\\/www.instagram.com\\\/darkseasonblues\\\/\",\"https:\\\/\\\/no.wikipedia.org\\\/wiki\\\/Dark_Season_Blues\"]}]}<\/script>\n<!-- \/ Yoast SEO Premium plugin. -->","yoast_head_json":{"title":"Abrechnungen | SVALBARD","description":"Longyearbyen ist die gr\u00f6\u00dfte Siedlung auf Svalbard und ist das norwegische Verwaltungszentrum. Weitere Siedlungen sind Barentsburg, Sveagruva, Ny-\u00c5lesund, Hornsund","robots":{"index":"index","follow":"follow","max-snippet":"max-snippet:-1","max-image-preview":"max-image-preview:large","max-video-preview":"max-video-preview:-1"},"canonical":"https:\/\/www.svalbardblues.com\/de\/svalbard\/bosetninger\/","og_locale":"de_DE","og_type":"article","og_title":"Siedlungen in Svalbard","og_description":"Longyearbyen ist die gr\u00f6\u00dfte Siedlung auf Svalbard und ist das norwegische Verwaltungszentrum. Weitere Siedlungen sind Barentsburg, Sveagruva, Ny-\u00c5lesund, Hornsund","og_url":"https:\/\/www.svalbardblues.com\/de\/svalbard\/bosetninger\/","og_site_name":"Dark Season Blues | SVALBARD","article_publisher":"https:\/\/www.facebook.com\/DarkSeasonBlues","article_modified_time":"2025-06-05T09:16:58+00:00","og_image":[{"width":900,"height":350,"url":"https:\/\/www.svalbardblues.com\/wp-content\/uploads\/2017\/10\/DSB2017-Illustrasjon-900-350.jpg","type":"image\/jpeg"}],"twitter_misc":{"Gesch\u00e4tzte Lesezeit":"4\u00a0Minuten"},"schema":{"@context":"https:\/\/schema.org","@graph":[{"@type":"WebPage","@id":"https:\/\/www.svalbardblues.com\/de\/svalbard\/bosetninger\/","url":"https:\/\/www.svalbardblues.com\/de\/svalbard\/bosetninger\/","name":"Abrechnungen | SVALBARD","isPartOf":{"@id":"https:\/\/www.svalbardblues.com\/de\/#website"},"datePublished":"2011-04-08T07:54:55+00:00","dateModified":"2025-06-05T09:16:58+00:00","description":"Longyearbyen ist die gr\u00f6\u00dfte Siedlung auf Svalbard und ist das norwegische Verwaltungszentrum. Weitere Siedlungen sind Barentsburg, Sveagruva, Ny-\u00c5lesund, Hornsund","breadcrumb":{"@id":"https:\/\/www.svalbardblues.com\/de\/svalbard\/bosetninger\/#breadcrumb"},"inLanguage":"de","potentialAction":[{"@type":"ReadAction","target":["https:\/\/www.svalbardblues.com\/de\/svalbard\/bosetninger\/"]}]},{"@type":"BreadcrumbList","@id":"https:\/\/www.svalbardblues.com\/de\/svalbard\/bosetninger\/#breadcrumb","itemListElement":[{"@type":"ListItem","position":1,"name":"Hjem","item":"https:\/\/www.svalbardblues.com\/de\/"},{"@type":"ListItem","position":2,"name":"Svalbard, Fakten und Informationen","item":"https:\/\/www.svalbardblues.com\/de\/svalbard\/"},{"@type":"ListItem","position":3,"name":"Siedlungen in Svalbard"}]},{"@type":"WebSite","@id":"https:\/\/www.svalbardblues.com\/de\/#website","url":"https:\/\/www.svalbardblues.com\/de\/","name":"Dark Season Blues | SVALBARD","description":"The World&#039;s Northenmost Blues Festival","publisher":{"@id":"https:\/\/www.svalbardblues.com\/de\/#organization"},"potentialAction":[{"@type":"SearchAction","target":{"@type":"EntryPoint","urlTemplate":"https:\/\/www.svalbardblues.com\/de\/?s={search_term_string}"},"query-input":{"@type":"PropertyValueSpecification","valueRequired":true,"valueName":"search_term_string"}}],"inLanguage":"de"},{"@type":"Organization","@id":"https:\/\/www.svalbardblues.com\/de\/#organization","name":"Dark Season Blues","url":"https:\/\/www.svalbardblues.com\/de\/","logo":{"@type":"ImageObject","inLanguage":"de","@id":"https:\/\/www.svalbardblues.com\/de\/#\/schema\/logo\/image\/","url":"https:\/\/www.svalbardblues.com\/wp-content\/uploads\/2017\/06\/DSB2017-Illustrasjon-620.jpg","contentUrl":"https:\/\/www.svalbardblues.com\/wp-content\/uploads\/2017\/06\/DSB2017-Illustrasjon-620.jpg","width":620,"height":488,"caption":"Dark Season Blues"},"image":{"@id":"https:\/\/www.svalbardblues.com\/de\/#\/schema\/logo\/image\/"},"sameAs":["https:\/\/www.facebook.com\/DarkSeasonBlues","https:\/\/x.com\/DarkSeasonBlues","https:\/\/www.instagram.com\/darkseasonblues\/","https:\/\/no.wikipedia.org\/wiki\/Dark_Season_Blues"]}]}},"_links":{"self":[{"href":"https:\/\/www.svalbardblues.com\/de\/wp-json\/wp\/v2\/pages\/23658","targetHints":{"allow":["GET"]}}],"collection":[{"href":"https:\/\/www.svalbardblues.com\/de\/wp-json\/wp\/v2\/pages"}],"about":[{"href":"https:\/\/www.svalbardblues.com\/de\/wp-json\/wp\/v2\/types\/page"}],"author":[{"embeddable":true,"href":"https:\/\/www.svalbardblues.com\/de\/wp-json\/wp\/v2\/users\/1"}],"replies":[{"embeddable":true,"href":"https:\/\/www.svalbardblues.com\/de\/wp-json\/wp\/v2\/comments?post=23658"}],"version-history":[{"count":1,"href":"https:\/\/www.svalbardblues.com\/de\/wp-json\/wp\/v2\/pages\/23658\/revisions"}],"predecessor-version":[{"id":23779,"href":"https:\/\/www.svalbardblues.com\/de\/wp-json\/wp\/v2\/pages\/23658\/revisions\/23779"}],"up":[{"embeddable":true,"href":"https:\/\/www.svalbardblues.com\/de\/wp-json\/wp\/v2\/pages\/23778"}],"wp:attachment":[{"href":"https:\/\/www.svalbardblues.com\/de\/wp-json\/wp\/v2\/media?parent=23658"}],"curies":[{"name":"wp","href":"https:\/\/api.w.org\/{rel}","templated":true}]}}