{"id":23659,"date":"2011-04-08T08:01:05","date_gmt":"2011-04-08T08:01:05","guid":{"rendered":"https:\/\/www.svalbardblues.com\/innreise-og-opphold\/"},"modified":"2025-06-05T09:16:58","modified_gmt":"2025-06-05T09:16:58","slug":"innreise-og-opphold","status":"publish","type":"page","link":"https:\/\/www.svalbardblues.com\/de\/svalbard\/innreise-og-opphold\/","title":{"rendered":"Einreise und Aufenthalt f\u00fcr Svalbard"},"content":{"rendered":"<p>&nbsp;<\/p>\n<p>Die Regeln f\u00fcr die Einreise und den Aufenthalt auf <a title=\"Svalbard\" href=\"https:\/\/www.svalbardblues.com\/de\/svalbard\/\">Spitzbergen<\/a> sind anders als auf dem norwegischen Festland. Obwohl Norwegen Teil der Schengen-Kooperation ist, ist Svalbard davon ausgenommen. Die norwegischen Beh\u00f6rden verlangen f\u00fcr die Einreise nach Svalbard an sich kein Visum, aber wenn Sie ein Visum f\u00fcr Norwegen\/Schengen ben\u00f6tigen, m\u00fcssen Sie dort ein Visum haben, wenn Sie auf dem Weg nach oder von Svalbard \u00fcber Norwegen\/Schengen reisen.  <\/p>\n<p>Wenn Sie erw\u00e4gen, nach Svalbard zu kommen, um dort zu leben, gibt es einige wichtige Faktoren zu beachten.<\/p>\n<p>Es ist schwierig, Arbeit und Unterkunft zu finden, und die klimatischen Bedingungen sind im Vergleich zu den meisten anderen Orten der Welt sehr anspruchsvoll. Die Lebenshaltungskosten sind hoch und der Gouverneur von Svalbard kann Menschen ausweisen, die nicht die Mittel haben, um auf der Inselgruppe zu bleiben. <\/p>\n<h2>Das Einwanderungsgesetz und der Svalbard-Vertrag<\/h2>\n<p>Auf dem norwegischen Festland regelt das Einwanderungsgesetz die Einreise und den Aufenthalt von Ausl\u00e4ndern in dem Land. Obwohl Svalbard zu Norwegen geh\u00f6rt, gilt das Einwanderungsgesetz nicht f\u00fcr die Inselgruppe. Das liegt daran, dass Svalbard nach internationalem Recht einen besonderen Status hat. Ein internationaler Vertrag, der Svalbard-Vertrag, legt den Rahmen f\u00fcr die Aus\u00fcbung der norwegischen Autorit\u00e4t auf Svalbard in bestimmten Bereichen fest. Artikel 3 des Vertrags besagt, dass die B\u00fcrger aller L\u00e4nder, die den Vertrag unterzeichnet haben, das gleiche Recht auf Einreise und Aufenthalt auf Svalbard haben. Dies hat zur Folge, dass das norwegische Einwanderungsgesetz keine Anwendung findet und Svalbard von der Schengen-Kooperation ausgeschlossen ist.     <\/p>\n<h2>Visum und Einreise nach Svalbard<\/h2>\n<p>Das bedeutet, dass im Prinzip jeder nach Svalbard kommen kann. Ausl\u00e4nder ben\u00f6tigen weder ein Visum noch eine Arbeits- und Aufenthaltserlaubnis von den norwegischen Beh\u00f6rden. Ausl\u00e4ndische Staatsb\u00fcrger, die ein Visum f\u00fcr den Schengen-Raum ben\u00f6tigen, m\u00fcssen ein Schengen-Visum haben, wenn sie \u00fcber das norwegische Festland nach oder von Svalbard reisen. Achten Sie darauf, dass Ihr Visum zwei Einreisen zul\u00e4sst, damit Sie nach einem Aufenthalt auf Svalbard in den Schengen-Raum (norwegisches Festland) zur\u00fcckkehren k\u00f6nnen.   <\/p>\n<h2>Bedingungen f\u00fcr den Aufenthalt auf Svalbard<\/h2>\n<p>Auch wenn Sie kein Visum oder eine eigene Arbeits- und Aufenthaltserlaubnis ben\u00f6tigen, muss jeder bestimmte Voraussetzungen erf\u00fcllen, um Svalbard besuchen zu k\u00f6nnen. Diese Anforderungen sind in einem separaten Regelwerk mit dem Namen \u201eRegulations on the expulsion and deportation of persons from Svalbard\u201c geregelt. Eine der Voraussetzungen ist, dass Sie \u00fcber die Mittel verf\u00fcgen m\u00fcssen, um auf Svalbard zu bleiben. Diese Anforderungen gelten sowohl f\u00fcr Ausl\u00e4nder als auch f\u00fcr Norweger, und der Gouverneur von Svalbard kann Personen ausweisen, die die Anforderungen nicht erf\u00fcllen. Denjenigen, die planen, auf die Inselgruppe zu kommen, wird daher empfohlen, sich vor ihrer Ankunft um Arbeit und Unterkunft zu k\u00fcmmern.    <\/p>\n<h2>Arbeit<\/h2>\n<p>Es ist nicht einfach, <a title=\"Jobs in Svalbard\" href=\"https:\/\/www.svalbardblues.com\/svalbard\/jobb-pa-svalbard\/\">in Longyearbyen Arbeit zu<\/a> finden, und f\u00fcr die meisten Jobs m\u00fcssen Sie Norwegisch sprechen. Die norwegische Arbeitsverwaltung bietet eine \u00dcbersicht \u00fcber freie Stellen auf Norwegisch, aber nicht auf Englisch. Das NAV verf\u00fcgt jedoch \u00fcber englische Seiten mit allgemeinen Informationen \u00fcber die Arbeit in Norwegen und Sie k\u00f6nnen sich an sie wenden, um mehr zu erfahren. Eine andere M\u00f6glichkeit ist, sich direkt an die verschiedenen Arbeitgeber in Longyearbyen zu wenden.   <\/p>\n<h2>Geh\u00e4use<\/h2>\n<p>Der Wohnungsmarkt in Svalbard unterscheidet sich vom Wohnungsmarkt auf dem norwegischen Festland. Die meisten Wohnungen geh\u00f6ren den verschiedenen Arbeitgebern, die sie ihren Angestellten als Teil ihrer Anstellung zur Verf\u00fcgung stellen. Mit anderen Worten: Es ist schwierig, eine Wohnung zu finden, wenn Sie keinen Job haben. Der norwegische Staat besitzt praktisch das gesamte Land auf Svalbard, und in der Praxis ist es nicht m\u00f6glich, Land zu kaufen, um ein eigenes Haus zu bauen. Einige wenige private H\u00e4user wurden auf gepachtetem Land gebaut und an Privatpersonen in Longyearbyen verkauft oder vermietet, aber die Hauspreise sind sehr hoch. Generell ist Norwegen eines der L\u00e4nder mit den h\u00f6chsten Wohn- und Lebenshaltungskosten der Welt.     <\/p>\n<h2>Reisen von Svalbard zum norwegischen Festland\/Schengengebiet und Staatsb\u00fcrgerschaft<\/h2>\n<p>Ausl\u00e4nder, die sich auf Svalbard aufhalten, k\u00f6nnen beim Gouverneursamt Antr\u00e4ge auf Visa f\u00fcr Norwegen\/Schengen, Antr\u00e4ge auf Arbeits-\/Aufenthaltsgenehmigungen in Norwegen und Antr\u00e4ge auf die norwegische Staatsb\u00fcrgerschaft stellen. Es ist jedoch wichtig, sich dar\u00fcber im Klaren zu sein, dass Sie, selbst wenn Sie nach Svalbard kommen und sich hier niederlassen, kein Recht auf einen Wohnsitz oder die Staatsb\u00fcrgerschaft auf dem norwegischen Festland haben. <\/p>\n<p>Quelle: Gouverneur<\/p>\n","protected":false},"excerpt":{"rendered":"<p>&nbsp; Die Regeln f\u00fcr die Einreise und den Aufenthalt auf Spitzbergen sind anders als auf dem norwegischen Festland. Obwohl Norwegen Teil der Schengen-Kooperation ist, ist Svalbard davon ausgenommen. Die norwegischen Beh\u00f6rden verlangen f\u00fcr die Einreise nach Svalbard an sich kein Visum, aber wenn Sie ein Visum f\u00fcr Norwegen\/Schengen ben\u00f6tigen, m\u00fcssen Sie dort ein Visum haben, &#8230; <\/p>\n<p class=\"read-more-container\"><a title=\"Einreise und Aufenthalt f\u00fcr Svalbard\" class=\"read-more button\" href=\"https:\/\/www.svalbardblues.com\/de\/svalbard\/innreise-og-opphold\/#more-23659\" aria-label=\"Mehr Informationen \u00fcber Einreise und Aufenthalt f\u00fcr Svalbard\">Read more<\/a><\/p>\n","protected":false},"author":1,"featured_media":0,"parent":23778,"menu_order":0,"comment_status":"closed","ping_status":"closed","template":"","meta":{"inline_featured_image":false,"footnotes":""},"class_list":["post-23659","page","type-page","status-publish"],"yoast_head":"<!-- This site is optimized with the Yoast SEO Premium plugin v26.2 (Yoast SEO v27.4) - https:\/\/yoast.com\/product\/yoast-seo-premium-wordpress\/ -->\n<title>Einreise und Aufenthalt | Svalbard<\/title>\n<meta name=\"description\" content=\"Die Regeln f\u00fcr die Einreise und den Aufenthalt auf Spitzbergen sind anders als auf dem norwegischen Festland. Obwohl Norwegen Teil der Schengen-Kooperation ist, ist Svalbard von der\" \/>\n<meta name=\"robots\" content=\"index, follow, max-snippet:-1, max-image-preview:large, max-video-preview:-1\" \/>\n<link rel=\"canonical\" href=\"https:\/\/www.svalbardblues.com\/de\/svalbard\/innreise-og-opphold\/\" \/>\n<meta property=\"og:locale\" content=\"de_DE\" \/>\n<meta property=\"og:type\" content=\"article\" \/>\n<meta property=\"og:title\" content=\"Einreise und Aufenthalt f\u00fcr Svalbard\" \/>\n<meta property=\"og:description\" content=\"Die Regeln f\u00fcr die Einreise und den Aufenthalt auf Spitzbergen sind anders als auf dem norwegischen Festland. Obwohl Norwegen Teil der Schengen-Kooperation ist, ist Svalbard von der\" \/>\n<meta property=\"og:url\" content=\"https:\/\/www.svalbardblues.com\/de\/svalbard\/innreise-og-opphold\/\" \/>\n<meta property=\"og:site_name\" content=\"Dark Season Blues | SVALBARD\" \/>\n<meta property=\"article:publisher\" content=\"https:\/\/www.facebook.com\/DarkSeasonBlues\" \/>\n<meta property=\"article:modified_time\" content=\"2025-06-05T09:16:58+00:00\" \/>\n<meta property=\"og:image\" content=\"https:\/\/www.svalbardblues.com\/wp-content\/uploads\/2017\/10\/DSB2017-Illustrasjon-900-350.jpg\" \/>\n\t<meta property=\"og:image:width\" content=\"900\" \/>\n\t<meta property=\"og:image:height\" content=\"350\" \/>\n\t<meta property=\"og:image:type\" content=\"image\/jpeg\" \/>\n<meta name=\"twitter:label1\" content=\"Gesch\u00e4tzte Lesezeit\" \/>\n\t<meta name=\"twitter:data1\" content=\"4\u00a0Minuten\" \/>\n<script type=\"application\/ld+json\" class=\"yoast-schema-graph\">{\"@context\":\"https:\\\/\\\/schema.org\",\"@graph\":[{\"@type\":\"WebPage\",\"@id\":\"https:\\\/\\\/www.svalbardblues.com\\\/de\\\/svalbard\\\/innreise-og-opphold\\\/\",\"url\":\"https:\\\/\\\/www.svalbardblues.com\\\/de\\\/svalbard\\\/innreise-og-opphold\\\/\",\"name\":\"Einreise und Aufenthalt | Svalbard\",\"isPartOf\":{\"@id\":\"https:\\\/\\\/www.svalbardblues.com\\\/de\\\/#website\"},\"datePublished\":\"2011-04-08T08:01:05+00:00\",\"dateModified\":\"2025-06-05T09:16:58+00:00\",\"description\":\"Die Regeln f\u00fcr die Einreise und den Aufenthalt auf Spitzbergen sind anders als auf dem norwegischen Festland. Obwohl Norwegen Teil der Schengen-Kooperation ist, ist Svalbard von der\",\"breadcrumb\":{\"@id\":\"https:\\\/\\\/www.svalbardblues.com\\\/de\\\/svalbard\\\/innreise-og-opphold\\\/#breadcrumb\"},\"inLanguage\":\"de\",\"potentialAction\":[{\"@type\":\"ReadAction\",\"target\":[\"https:\\\/\\\/www.svalbardblues.com\\\/de\\\/svalbard\\\/innreise-og-opphold\\\/\"]}]},{\"@type\":\"BreadcrumbList\",\"@id\":\"https:\\\/\\\/www.svalbardblues.com\\\/de\\\/svalbard\\\/innreise-og-opphold\\\/#breadcrumb\",\"itemListElement\":[{\"@type\":\"ListItem\",\"position\":1,\"name\":\"Hjem\",\"item\":\"https:\\\/\\\/www.svalbardblues.com\\\/de\\\/\"},{\"@type\":\"ListItem\",\"position\":2,\"name\":\"Svalbard, Fakten und Informationen\",\"item\":\"https:\\\/\\\/www.svalbardblues.com\\\/de\\\/svalbard\\\/\"},{\"@type\":\"ListItem\",\"position\":3,\"name\":\"Einreise und Aufenthalt f\u00fcr Svalbard\"}]},{\"@type\":\"WebSite\",\"@id\":\"https:\\\/\\\/www.svalbardblues.com\\\/de\\\/#website\",\"url\":\"https:\\\/\\\/www.svalbardblues.com\\\/de\\\/\",\"name\":\"Dark Season Blues | SVALBARD\",\"description\":\"The World&#039;s Northenmost Blues Festival\",\"publisher\":{\"@id\":\"https:\\\/\\\/www.svalbardblues.com\\\/de\\\/#organization\"},\"potentialAction\":[{\"@type\":\"SearchAction\",\"target\":{\"@type\":\"EntryPoint\",\"urlTemplate\":\"https:\\\/\\\/www.svalbardblues.com\\\/de\\\/?s={search_term_string}\"},\"query-input\":{\"@type\":\"PropertyValueSpecification\",\"valueRequired\":true,\"valueName\":\"search_term_string\"}}],\"inLanguage\":\"de\"},{\"@type\":\"Organization\",\"@id\":\"https:\\\/\\\/www.svalbardblues.com\\\/de\\\/#organization\",\"name\":\"Dark Season Blues\",\"url\":\"https:\\\/\\\/www.svalbardblues.com\\\/de\\\/\",\"logo\":{\"@type\":\"ImageObject\",\"inLanguage\":\"de\",\"@id\":\"https:\\\/\\\/www.svalbardblues.com\\\/de\\\/#\\\/schema\\\/logo\\\/image\\\/\",\"url\":\"https:\\\/\\\/www.svalbardblues.com\\\/wp-content\\\/uploads\\\/2017\\\/06\\\/DSB2017-Illustrasjon-620.jpg\",\"contentUrl\":\"https:\\\/\\\/www.svalbardblues.com\\\/wp-content\\\/uploads\\\/2017\\\/06\\\/DSB2017-Illustrasjon-620.jpg\",\"width\":620,\"height\":488,\"caption\":\"Dark Season Blues\"},\"image\":{\"@id\":\"https:\\\/\\\/www.svalbardblues.com\\\/de\\\/#\\\/schema\\\/logo\\\/image\\\/\"},\"sameAs\":[\"https:\\\/\\\/www.facebook.com\\\/DarkSeasonBlues\",\"https:\\\/\\\/x.com\\\/DarkSeasonBlues\",\"https:\\\/\\\/www.instagram.com\\\/darkseasonblues\\\/\",\"https:\\\/\\\/no.wikipedia.org\\\/wiki\\\/Dark_Season_Blues\"]}]}<\/script>\n<!-- \/ Yoast SEO Premium plugin. -->","yoast_head_json":{"title":"Einreise und Aufenthalt | Svalbard","description":"Die Regeln f\u00fcr die Einreise und den Aufenthalt auf Spitzbergen sind anders als auf dem norwegischen Festland. Obwohl Norwegen Teil der Schengen-Kooperation ist, ist Svalbard von der","robots":{"index":"index","follow":"follow","max-snippet":"max-snippet:-1","max-image-preview":"max-image-preview:large","max-video-preview":"max-video-preview:-1"},"canonical":"https:\/\/www.svalbardblues.com\/de\/svalbard\/innreise-og-opphold\/","og_locale":"de_DE","og_type":"article","og_title":"Einreise und Aufenthalt f\u00fcr Svalbard","og_description":"Die Regeln f\u00fcr die Einreise und den Aufenthalt auf Spitzbergen sind anders als auf dem norwegischen Festland. Obwohl Norwegen Teil der Schengen-Kooperation ist, ist Svalbard von der","og_url":"https:\/\/www.svalbardblues.com\/de\/svalbard\/innreise-og-opphold\/","og_site_name":"Dark Season Blues | SVALBARD","article_publisher":"https:\/\/www.facebook.com\/DarkSeasonBlues","article_modified_time":"2025-06-05T09:16:58+00:00","og_image":[{"width":900,"height":350,"url":"https:\/\/www.svalbardblues.com\/wp-content\/uploads\/2017\/10\/DSB2017-Illustrasjon-900-350.jpg","type":"image\/jpeg"}],"twitter_misc":{"Gesch\u00e4tzte Lesezeit":"4\u00a0Minuten"},"schema":{"@context":"https:\/\/schema.org","@graph":[{"@type":"WebPage","@id":"https:\/\/www.svalbardblues.com\/de\/svalbard\/innreise-og-opphold\/","url":"https:\/\/www.svalbardblues.com\/de\/svalbard\/innreise-og-opphold\/","name":"Einreise und Aufenthalt | Svalbard","isPartOf":{"@id":"https:\/\/www.svalbardblues.com\/de\/#website"},"datePublished":"2011-04-08T08:01:05+00:00","dateModified":"2025-06-05T09:16:58+00:00","description":"Die Regeln f\u00fcr die Einreise und den Aufenthalt auf Spitzbergen sind anders als auf dem norwegischen Festland. Obwohl Norwegen Teil der Schengen-Kooperation ist, ist Svalbard von der","breadcrumb":{"@id":"https:\/\/www.svalbardblues.com\/de\/svalbard\/innreise-og-opphold\/#breadcrumb"},"inLanguage":"de","potentialAction":[{"@type":"ReadAction","target":["https:\/\/www.svalbardblues.com\/de\/svalbard\/innreise-og-opphold\/"]}]},{"@type":"BreadcrumbList","@id":"https:\/\/www.svalbardblues.com\/de\/svalbard\/innreise-og-opphold\/#breadcrumb","itemListElement":[{"@type":"ListItem","position":1,"name":"Hjem","item":"https:\/\/www.svalbardblues.com\/de\/"},{"@type":"ListItem","position":2,"name":"Svalbard, Fakten und Informationen","item":"https:\/\/www.svalbardblues.com\/de\/svalbard\/"},{"@type":"ListItem","position":3,"name":"Einreise und Aufenthalt f\u00fcr Svalbard"}]},{"@type":"WebSite","@id":"https:\/\/www.svalbardblues.com\/de\/#website","url":"https:\/\/www.svalbardblues.com\/de\/","name":"Dark Season Blues | SVALBARD","description":"The World&#039;s Northenmost Blues Festival","publisher":{"@id":"https:\/\/www.svalbardblues.com\/de\/#organization"},"potentialAction":[{"@type":"SearchAction","target":{"@type":"EntryPoint","urlTemplate":"https:\/\/www.svalbardblues.com\/de\/?s={search_term_string}"},"query-input":{"@type":"PropertyValueSpecification","valueRequired":true,"valueName":"search_term_string"}}],"inLanguage":"de"},{"@type":"Organization","@id":"https:\/\/www.svalbardblues.com\/de\/#organization","name":"Dark Season Blues","url":"https:\/\/www.svalbardblues.com\/de\/","logo":{"@type":"ImageObject","inLanguage":"de","@id":"https:\/\/www.svalbardblues.com\/de\/#\/schema\/logo\/image\/","url":"https:\/\/www.svalbardblues.com\/wp-content\/uploads\/2017\/06\/DSB2017-Illustrasjon-620.jpg","contentUrl":"https:\/\/www.svalbardblues.com\/wp-content\/uploads\/2017\/06\/DSB2017-Illustrasjon-620.jpg","width":620,"height":488,"caption":"Dark Season Blues"},"image":{"@id":"https:\/\/www.svalbardblues.com\/de\/#\/schema\/logo\/image\/"},"sameAs":["https:\/\/www.facebook.com\/DarkSeasonBlues","https:\/\/x.com\/DarkSeasonBlues","https:\/\/www.instagram.com\/darkseasonblues\/","https:\/\/no.wikipedia.org\/wiki\/Dark_Season_Blues"]}]}},"_links":{"self":[{"href":"https:\/\/www.svalbardblues.com\/de\/wp-json\/wp\/v2\/pages\/23659","targetHints":{"allow":["GET"]}}],"collection":[{"href":"https:\/\/www.svalbardblues.com\/de\/wp-json\/wp\/v2\/pages"}],"about":[{"href":"https:\/\/www.svalbardblues.com\/de\/wp-json\/wp\/v2\/types\/page"}],"author":[{"embeddable":true,"href":"https:\/\/www.svalbardblues.com\/de\/wp-json\/wp\/v2\/users\/1"}],"replies":[{"embeddable":true,"href":"https:\/\/www.svalbardblues.com\/de\/wp-json\/wp\/v2\/comments?post=23659"}],"version-history":[{"count":1,"href":"https:\/\/www.svalbardblues.com\/de\/wp-json\/wp\/v2\/pages\/23659\/revisions"}],"predecessor-version":[{"id":23780,"href":"https:\/\/www.svalbardblues.com\/de\/wp-json\/wp\/v2\/pages\/23659\/revisions\/23780"}],"up":[{"embeddable":true,"href":"https:\/\/www.svalbardblues.com\/de\/wp-json\/wp\/v2\/pages\/23778"}],"wp:attachment":[{"href":"https:\/\/www.svalbardblues.com\/de\/wp-json\/wp\/v2\/media?parent=23659"}],"curies":[{"name":"wp","href":"https:\/\/api.w.org\/{rel}","templated":true}]}}