{"id":23663,"date":"2011-02-03T20:21:03","date_gmt":"2011-02-03T20:21:03","guid":{"rendered":"https:\/\/www.svalbardblues.com\/lbk\/"},"modified":"2011-02-03T20:21:03","modified_gmt":"2011-02-03T20:21:03","slug":"lbk","status":"publish","type":"page","link":"https:\/\/www.svalbardblues.com\/de\/lbk\/","title":{"rendered":"Longyearbyen Bluesklubb (LBK)"},"content":{"rendered":"<p>&nbsp;<\/p>\n<p>Der Longyearbyen Bluesklubb ist der n\u00f6rdlichste Bluesklub der Welt und hat seinen Sitz in<a title=\"Longyearbyen\" href=\"https:\/\/www.svalbardblues.com\/longyearbyen\/\" target=\"_blank\" rel=\"noopener\"> Longyearbyen<\/a> auf <a title=\"Svalbard\" href=\"https:\/\/www.svalbardblues.com\/svalbard\/\" target=\"_blank\" rel=\"noopener\">Svalbard<\/a>. Der Club ist eine freiwillige Organisation, deren Ziel es ist, das Interesse an der Musikrichtung Blues und verwandten Genres zu f\u00f6rdern, Blues-Enthusiasten zusammenzubringen und sich f\u00fcr ein allgemein reiches kulturelles Angebot auf Spitzbergen einzusetzen. <\/p>\n<p>Der Club wurde w\u00e4hrend des Konzerts von Bj\u00f8rn Berge in Huset am 2. August 2000 gegr\u00fcndet, und am 30. August desselben Jahres fand eine Gr\u00fcndungsversammlung statt.  <\/p>\n<p>Die erste Veranstaltung, die der Blues Club allein organisierte, fand im Mai 2002 in Longyearbyen mit einer Band vom Festland statt. Die Einwohner gaben viel positives Feedback und w\u00fcnschten sich mehr Veranstaltungen. <\/p>\n<p>Im Herbst 2002 besuchte die Norwegian Blues Union Longyearbyen und hielt einen Kurs \u00fcber die Leitung eines Clubs ab. Dies trug dazu bei, das Bewusstsein f\u00fcr die Notwendigkeit einer funktionierenden Organisation als Konzertveranstalter zu sch\u00e4rfen.<br \/>\nSchlie\u00dflich wurden Jam-Sessions ins Leben gerufen und auch einige kleinere Konzerte veranstaltet. <\/p>\n<p>Im Oktober <a title=\"Dunkle Jahreszeit blues 2003\" href=\"https:\/\/www.svalbardblues.com\/de\/dsb\/dark-season-blues-2003\/\">2003<\/a> wurde das erste Dark Season Blues organisiert. Das Festival war ein Erfolg, mit talentierten Musikern, einem gro\u00dfen Publikum und einer tollen Atmosph\u00e4re. Das gab uns die Kraft und den Mut, <a title=\"Dark Season Blues Festival\" href=\"https:\/\/www.svalbardblues.com\/de\/dsb\/\" target=\"_blank\" rel=\"noopener\">Dark Season Blues<\/a> als gro\u00dfe j\u00e4hrliche Veranstaltung fortzusetzen.  <\/p>\n<p>Der Blues Club organisiert das Festival jedes Jahr an dem Wochenende, das dem 26. Oktober am n\u00e4chsten liegt, dem offiziellen Beginn der dunklen Jahreszeit in Longyearbyen. <\/p>\n<p>Longyearbyen Bluesklubb ist Mitglied der Norwegian Blues Union und der Norwegian Rock Federation.<\/p>\n<p><a href=\"https:\/\/www.svalbardblues.com\/wp-content\/uploads\/2011\/02\/logo_klubben2.jpg\"><img fetchpriority=\"high\" decoding=\"async\" class=\"aligncenter size-full wp-image-1363\" title=\"logo_club2\" alt=\"\" src=\"https:\/\/www.svalbardblues.com\/wp-content\/uploads\/2011\/02\/logo_klubben2.jpg\" width=\"280\" height=\"380\" srcset=\"https:\/\/www.svalbardblues.com\/wp-content\/uploads\/2011\/02\/logo_klubben2.jpg 280w, https:\/\/www.svalbardblues.com\/wp-content\/uploads\/2011\/02\/logo_klubben2-221x300.jpg 221w\" sizes=\"(max-width: 280px) 100vw, 280px\" \/><\/a><\/p>\n","protected":false},"excerpt":{"rendered":"<p>&nbsp; Der Longyearbyen Bluesklubb ist der n\u00f6rdlichste Bluesklub der Welt und hat seinen Sitz in Longyearbyen auf Svalbard. Der Club ist eine freiwillige Organisation, deren Ziel es ist, das Interesse an der Musikrichtung Blues und verwandten Genres zu f\u00f6rdern, Blues-Enthusiasten zusammenzubringen und sich f\u00fcr ein allgemein reiches kulturelles Angebot auf Spitzbergen einzusetzen. Der Club wurde &#8230; <\/p>\n<p class=\"read-more-container\"><a title=\"Longyearbyen Bluesklubb (LBK)\" class=\"read-more button\" href=\"https:\/\/www.svalbardblues.com\/de\/lbk\/#more-23663\" aria-label=\"Mehr Informationen \u00fcber Longyearbyen Bluesklubb (LBK)\">Read more<\/a><\/p>\n","protected":false},"author":1,"featured_media":0,"parent":0,"menu_order":0,"comment_status":"closed","ping_status":"closed","template":"","meta":{"inline_featured_image":false,"footnotes":""},"class_list":["post-23663","page","type-page","status-publish"],"yoast_head":"<!-- This site is optimized with the Yoast SEO Premium plugin v26.2 (Yoast SEO v27.4) - https:\/\/yoast.com\/product\/yoast-seo-premium-wordpress\/ -->\n<title>Longyearbyen Bluesklubb | Longyearbyen | Svalbard<\/title>\n<meta name=\"description\" content=\"Informationen \u00fcber Longyearbyen Bluesklubb\" \/>\n<meta name=\"robots\" content=\"index, follow, max-snippet:-1, max-image-preview:large, max-video-preview:-1\" \/>\n<link rel=\"canonical\" href=\"https:\/\/www.svalbardblues.com\/de\/lbk\/\" \/>\n<meta property=\"og:locale\" content=\"de_DE\" \/>\n<meta property=\"og:type\" content=\"article\" \/>\n<meta property=\"og:title\" content=\"Longyearbyen Bluesklubb (LBK)\" \/>\n<meta property=\"og:description\" content=\"Informationen \u00fcber Longyearbyen Bluesklubb\" \/>\n<meta property=\"og:url\" content=\"https:\/\/www.svalbardblues.com\/de\/lbk\/\" \/>\n<meta property=\"og:site_name\" content=\"Dark Season Blues | SVALBARD\" \/>\n<meta property=\"article:publisher\" content=\"https:\/\/www.facebook.com\/DarkSeasonBlues\" \/>\n<meta property=\"og:image\" content=\"https:\/\/www.svalbardblues.com\/wp-content\/uploads\/2011\/02\/logo_klubben2.jpg\" \/>\n\t<meta property=\"og:image:width\" content=\"280\" \/>\n\t<meta property=\"og:image:height\" content=\"380\" \/>\n\t<meta property=\"og:image:type\" content=\"image\/jpeg\" \/>\n<meta name=\"twitter:label1\" content=\"Gesch\u00e4tzte Lesezeit\" \/>\n\t<meta name=\"twitter:data1\" content=\"1\u00a0Minute\" \/>\n<script type=\"application\/ld+json\" class=\"yoast-schema-graph\">{\"@context\":\"https:\\\/\\\/schema.org\",\"@graph\":[{\"@type\":\"WebPage\",\"@id\":\"https:\\\/\\\/www.svalbardblues.com\\\/de\\\/lbk\\\/\",\"url\":\"https:\\\/\\\/www.svalbardblues.com\\\/de\\\/lbk\\\/\",\"name\":\"Longyearbyen Bluesklubb | Longyearbyen | Svalbard\",\"isPartOf\":{\"@id\":\"https:\\\/\\\/www.svalbardblues.com\\\/de\\\/#website\"},\"primaryImageOfPage\":{\"@id\":\"https:\\\/\\\/www.svalbardblues.com\\\/de\\\/lbk\\\/#primaryimage\"},\"image\":{\"@id\":\"https:\\\/\\\/www.svalbardblues.com\\\/de\\\/lbk\\\/#primaryimage\"},\"thumbnailUrl\":\"https:\\\/\\\/www.svalbardblues.com\\\/wp-content\\\/uploads\\\/2011\\\/02\\\/logo_klubben2.jpg\",\"datePublished\":\"2011-02-03T20:21:03+00:00\",\"description\":\"Informationen \u00fcber Longyearbyen Bluesklubb\",\"breadcrumb\":{\"@id\":\"https:\\\/\\\/www.svalbardblues.com\\\/de\\\/lbk\\\/#breadcrumb\"},\"inLanguage\":\"de\",\"potentialAction\":[{\"@type\":\"ReadAction\",\"target\":[\"https:\\\/\\\/www.svalbardblues.com\\\/de\\\/lbk\\\/\"]}]},{\"@type\":\"ImageObject\",\"inLanguage\":\"de\",\"@id\":\"https:\\\/\\\/www.svalbardblues.com\\\/de\\\/lbk\\\/#primaryimage\",\"url\":\"https:\\\/\\\/www.svalbardblues.com\\\/wp-content\\\/uploads\\\/2011\\\/02\\\/logo_klubben2.jpg\",\"contentUrl\":\"https:\\\/\\\/www.svalbardblues.com\\\/wp-content\\\/uploads\\\/2011\\\/02\\\/logo_klubben2.jpg\"},{\"@type\":\"BreadcrumbList\",\"@id\":\"https:\\\/\\\/www.svalbardblues.com\\\/de\\\/lbk\\\/#breadcrumb\",\"itemListElement\":[{\"@type\":\"ListItem\",\"position\":1,\"name\":\"Hjem\",\"item\":\"https:\\\/\\\/www.svalbardblues.com\\\/de\\\/\"},{\"@type\":\"ListItem\",\"position\":2,\"name\":\"Longyearbyen Bluesklubb (LBK)\"}]},{\"@type\":\"WebSite\",\"@id\":\"https:\\\/\\\/www.svalbardblues.com\\\/de\\\/#website\",\"url\":\"https:\\\/\\\/www.svalbardblues.com\\\/de\\\/\",\"name\":\"Dark Season Blues | SVALBARD\",\"description\":\"The World&#039;s Northenmost Blues Festival\",\"publisher\":{\"@id\":\"https:\\\/\\\/www.svalbardblues.com\\\/de\\\/#organization\"},\"potentialAction\":[{\"@type\":\"SearchAction\",\"target\":{\"@type\":\"EntryPoint\",\"urlTemplate\":\"https:\\\/\\\/www.svalbardblues.com\\\/de\\\/?s={search_term_string}\"},\"query-input\":{\"@type\":\"PropertyValueSpecification\",\"valueRequired\":true,\"valueName\":\"search_term_string\"}}],\"inLanguage\":\"de\"},{\"@type\":\"Organization\",\"@id\":\"https:\\\/\\\/www.svalbardblues.com\\\/de\\\/#organization\",\"name\":\"Dark Season Blues\",\"url\":\"https:\\\/\\\/www.svalbardblues.com\\\/de\\\/\",\"logo\":{\"@type\":\"ImageObject\",\"inLanguage\":\"de\",\"@id\":\"https:\\\/\\\/www.svalbardblues.com\\\/de\\\/#\\\/schema\\\/logo\\\/image\\\/\",\"url\":\"https:\\\/\\\/www.svalbardblues.com\\\/wp-content\\\/uploads\\\/2017\\\/06\\\/DSB2017-Illustrasjon-620.jpg\",\"contentUrl\":\"https:\\\/\\\/www.svalbardblues.com\\\/wp-content\\\/uploads\\\/2017\\\/06\\\/DSB2017-Illustrasjon-620.jpg\",\"width\":620,\"height\":488,\"caption\":\"Dark Season Blues\"},\"image\":{\"@id\":\"https:\\\/\\\/www.svalbardblues.com\\\/de\\\/#\\\/schema\\\/logo\\\/image\\\/\"},\"sameAs\":[\"https:\\\/\\\/www.facebook.com\\\/DarkSeasonBlues\",\"https:\\\/\\\/x.com\\\/DarkSeasonBlues\",\"https:\\\/\\\/www.instagram.com\\\/darkseasonblues\\\/\",\"https:\\\/\\\/no.wikipedia.org\\\/wiki\\\/Dark_Season_Blues\"]}]}<\/script>\n<!-- \/ Yoast SEO Premium plugin. -->","yoast_head_json":{"title":"Longyearbyen Bluesklubb | Longyearbyen | Svalbard","description":"Informationen \u00fcber Longyearbyen Bluesklubb","robots":{"index":"index","follow":"follow","max-snippet":"max-snippet:-1","max-image-preview":"max-image-preview:large","max-video-preview":"max-video-preview:-1"},"canonical":"https:\/\/www.svalbardblues.com\/de\/lbk\/","og_locale":"de_DE","og_type":"article","og_title":"Longyearbyen Bluesklubb (LBK)","og_description":"Informationen \u00fcber Longyearbyen Bluesklubb","og_url":"https:\/\/www.svalbardblues.com\/de\/lbk\/","og_site_name":"Dark Season Blues | SVALBARD","article_publisher":"https:\/\/www.facebook.com\/DarkSeasonBlues","og_image":[{"width":280,"height":380,"url":"https:\/\/www.svalbardblues.com\/wp-content\/uploads\/2011\/02\/logo_klubben2.jpg","type":"image\/jpeg"}],"twitter_misc":{"Gesch\u00e4tzte Lesezeit":"1\u00a0Minute"},"schema":{"@context":"https:\/\/schema.org","@graph":[{"@type":"WebPage","@id":"https:\/\/www.svalbardblues.com\/de\/lbk\/","url":"https:\/\/www.svalbardblues.com\/de\/lbk\/","name":"Longyearbyen Bluesklubb | Longyearbyen | Svalbard","isPartOf":{"@id":"https:\/\/www.svalbardblues.com\/de\/#website"},"primaryImageOfPage":{"@id":"https:\/\/www.svalbardblues.com\/de\/lbk\/#primaryimage"},"image":{"@id":"https:\/\/www.svalbardblues.com\/de\/lbk\/#primaryimage"},"thumbnailUrl":"https:\/\/www.svalbardblues.com\/wp-content\/uploads\/2011\/02\/logo_klubben2.jpg","datePublished":"2011-02-03T20:21:03+00:00","description":"Informationen \u00fcber Longyearbyen Bluesklubb","breadcrumb":{"@id":"https:\/\/www.svalbardblues.com\/de\/lbk\/#breadcrumb"},"inLanguage":"de","potentialAction":[{"@type":"ReadAction","target":["https:\/\/www.svalbardblues.com\/de\/lbk\/"]}]},{"@type":"ImageObject","inLanguage":"de","@id":"https:\/\/www.svalbardblues.com\/de\/lbk\/#primaryimage","url":"https:\/\/www.svalbardblues.com\/wp-content\/uploads\/2011\/02\/logo_klubben2.jpg","contentUrl":"https:\/\/www.svalbardblues.com\/wp-content\/uploads\/2011\/02\/logo_klubben2.jpg"},{"@type":"BreadcrumbList","@id":"https:\/\/www.svalbardblues.com\/de\/lbk\/#breadcrumb","itemListElement":[{"@type":"ListItem","position":1,"name":"Hjem","item":"https:\/\/www.svalbardblues.com\/de\/"},{"@type":"ListItem","position":2,"name":"Longyearbyen Bluesklubb (LBK)"}]},{"@type":"WebSite","@id":"https:\/\/www.svalbardblues.com\/de\/#website","url":"https:\/\/www.svalbardblues.com\/de\/","name":"Dark Season Blues | SVALBARD","description":"The World&#039;s Northenmost Blues Festival","publisher":{"@id":"https:\/\/www.svalbardblues.com\/de\/#organization"},"potentialAction":[{"@type":"SearchAction","target":{"@type":"EntryPoint","urlTemplate":"https:\/\/www.svalbardblues.com\/de\/?s={search_term_string}"},"query-input":{"@type":"PropertyValueSpecification","valueRequired":true,"valueName":"search_term_string"}}],"inLanguage":"de"},{"@type":"Organization","@id":"https:\/\/www.svalbardblues.com\/de\/#organization","name":"Dark Season Blues","url":"https:\/\/www.svalbardblues.com\/de\/","logo":{"@type":"ImageObject","inLanguage":"de","@id":"https:\/\/www.svalbardblues.com\/de\/#\/schema\/logo\/image\/","url":"https:\/\/www.svalbardblues.com\/wp-content\/uploads\/2017\/06\/DSB2017-Illustrasjon-620.jpg","contentUrl":"https:\/\/www.svalbardblues.com\/wp-content\/uploads\/2017\/06\/DSB2017-Illustrasjon-620.jpg","width":620,"height":488,"caption":"Dark Season Blues"},"image":{"@id":"https:\/\/www.svalbardblues.com\/de\/#\/schema\/logo\/image\/"},"sameAs":["https:\/\/www.facebook.com\/DarkSeasonBlues","https:\/\/x.com\/DarkSeasonBlues","https:\/\/www.instagram.com\/darkseasonblues\/","https:\/\/no.wikipedia.org\/wiki\/Dark_Season_Blues"]}]}},"_links":{"self":[{"href":"https:\/\/www.svalbardblues.com\/de\/wp-json\/wp\/v2\/pages\/23663","targetHints":{"allow":["GET"]}}],"collection":[{"href":"https:\/\/www.svalbardblues.com\/de\/wp-json\/wp\/v2\/pages"}],"about":[{"href":"https:\/\/www.svalbardblues.com\/de\/wp-json\/wp\/v2\/types\/page"}],"author":[{"embeddable":true,"href":"https:\/\/www.svalbardblues.com\/de\/wp-json\/wp\/v2\/users\/1"}],"replies":[{"embeddable":true,"href":"https:\/\/www.svalbardblues.com\/de\/wp-json\/wp\/v2\/comments?post=23663"}],"version-history":[{"count":0,"href":"https:\/\/www.svalbardblues.com\/de\/wp-json\/wp\/v2\/pages\/23663\/revisions"}],"wp:attachment":[{"href":"https:\/\/www.svalbardblues.com\/de\/wp-json\/wp\/v2\/media?parent=23663"}],"curies":[{"name":"wp","href":"https:\/\/api.w.org\/{rel}","templated":true}]}}