{"id":23778,"date":"2011-04-08T09:38:38","date_gmt":"2011-04-08T09:38:38","guid":{"rendered":"https:\/\/www.svalbardblues.com\/svalbard\/"},"modified":"2011-04-08T09:38:38","modified_gmt":"2011-04-08T09:38:38","slug":"svalbard","status":"publish","type":"page","link":"https:\/\/www.svalbardblues.com\/de\/svalbard\/","title":{"rendered":"Svalbard, Fakten und Informationen"},"content":{"rendered":"<p><img fetchpriority=\"high\" decoding=\"async\" class=\"size-full wp-image-4377 aligncenter\" style=\"font-size: inherit; background-color: initial; font-family: inherit;\" title=\"Svalbard Berg\" src=\"https:\/\/www.svalbardblues.com\/wp-content\/uploads\/2011\/04\/svalbard-ne-fjell.jpg\" alt=\"Felsformationen. Nordost-Spitzbergen\" width=\"600\" height=\"340\" srcset=\"https:\/\/www.svalbardblues.com\/wp-content\/uploads\/2011\/04\/svalbard-ne-fjell.jpg 600w, https:\/\/www.svalbardblues.com\/wp-content\/uploads\/2011\/04\/svalbard-ne-fjell-300x170.jpg 300w\" sizes=\"(max-width: 600px) 100vw, 600px\" \/><\/p>\n<h2>Svalbard<\/h2>\n<h3>Arktische Klimazone<\/h3>\n<p>Svalbard liegt in einer arktischen Klimazone und <a title=\"Longyearbyen\" href=\"https:\/\/www.svalbardblues.com\/longyearbyen\/\">Longyearbyen <\/a>ist nur 12 Grad vom Nordpol entfernt, was Svalbard zu einem ganz besonderen Teil Norwegens macht.<\/p>\n<figure id=\"attachment_4409\" aria-describedby=\"caption-attachment-4409\" style=\"width: 290px\" class=\"wp-caption alignright\"><img decoding=\"async\" class=\"size-medium wp-image-4409\" title=\"svalbard-isbjorn_espen2\" src=\"https:\/\/www.svalbardblues.com\/wp-content\/uploads\/2011\/04\/svalbard-isbjorn_espen2-300x180.jpg\" alt=\"Eisb\u00e4ren in Svalbard auf dem Meereis.\" width=\"300\" height=\"180\" srcset=\"https:\/\/www.svalbardblues.com\/wp-content\/uploads\/2011\/04\/svalbard-isbjorn_espen2-300x180.jpg 300w, https:\/\/www.svalbardblues.com\/wp-content\/uploads\/2011\/04\/svalbard-isbjorn_espen2.jpg 600w\" sizes=\"(max-width: 300px) 100vw, 300px\" \/><figcaption id=\"caption-attachment-4409\" class=\"wp-caption-text\">Eisb\u00e4r<\/figcaption><\/figure>\n<p>Der Archipel ist eines der n\u00f6rdlichsten Landgebiete der Welt, und weil er so abgelegen ist, wurde das Gebiet vom Menschen kaum beeinflusst. Der gr\u00f6\u00dfte Teil ist noch unber\u00fchrte Natur ohne Stra\u00dfen oder andere Eingriffe. Die Landschaft ist gepr\u00e4gt von verwitterten Berggipfeln, die mit blaugr\u00fcnen Gletscherzungen bedeckt sind, die direkt in den Arktischen Ozean hinabst\u00fcrzen und zu 2\/3 mit Eis bedeckt sind. Trotzdem zeichnet sich der Archipel durch seine reiche Tierwelt und einzigartige Fauna aus. Es gibt mehr als 160 Pflanzenarten, rund 100 Gastvogelarten sowie Eisb\u00e4ren, Walrosse, Rentiere, Robben, Polarf\u00fcchse und den kleinen Polardorsch.    <\/p>\n<h3>Archipel<\/h3>\n<div>Svalbard ist definiert als das Landgebiet zwischen 74 und 81 Grad Nord und 10 und 35 Grad Ost.<\/div>\n<p>Der Archipel besteht aus einer Reihe von gro\u00dfen und kleinen Inseln, von denen die gr\u00f6\u00dften Spitzbergen, Nordaustlandet, Edge\u00f8ya, Barents\u00f8ya und Prins Karls Forland sind. Die gr\u00f6\u00dfte dieser Inseln ist Spitzbergen, wo sich alle permanenten Siedlungen und menschlichen Aktivit\u00e4ten befinden. Der Newton Peak im Nordosten Spitzbergens ist mit 1.713 Metern \u00fcber dem Meeresspiegel der h\u00f6chste Berg.  <\/p>\n<h3>Das Land der kalten K\u00fcste<\/h3>\n<p>Diejenigen, die Svalbard im Jahr 1194 zum ersten Mal entdeckten, hielten in ihren Aufzeichnungen Folgendes fest: \u201eDas Klima hier ist so rau, dass die Tiere ganz wei\u00df sind\u201c (isl\u00e4ndische Schriften). Der Name <strong>Svalbard bedeutet \u201eLand der kalten K\u00fcste\u201c<\/strong> und wurde in isl\u00e4ndischen Texten erstmals im zw\u00f6lften Jahrhundert erw\u00e4hnt. <\/p>\n<h3>Gesch\u00fctzte Gebiete<\/h3>\n<p>Fast 65 Prozent der Fl\u00e4che bestehen aus Schutzgebieten, darunter drei Naturschutzgebiete, sechs Nationalparks, 15 Vogelschutzgebiete und ein Geotopschutzgebiet.<\/p>\n<h3>Gr\u00f6\u00dfter Gletscher<\/h3>\n<p>Der gr\u00f6\u00dfte Gletscher Norwegens, der Austfonna, befindet sich auf Spitzbergen (Svalbard). Der Austfonna ist nach der Antarktis und Gr\u00f6nland die drittgr\u00f6\u00dfte Eiskappe der Welt und hat eine Gletscherfront von \u00fcber 200 Kilometern. <\/p>\n<h3>Klima<\/h3>\n<p>Obwohl Svalbard in der N\u00e4he des Nordpols liegt, hat es ein relativ mildes Klima im Vergleich zu anderen Orten in der gleichen H\u00f6he. In Longyearbyen liegt die Durchschnittstemperatur im Winter bei 14 Grad unter Null und im Sommer bei sechs Grad \u00fcber Null.<br \/>\nDie niedrigste jemals aufgezeichnete Temperatur war 46,3 Grad unter Null im M\u00e4rz 1986. Die h\u00f6chste aufgezeichnete Temperatur betrug 21,3 Grad Celsius im Juli 1979.<br \/>\nIm Winter gibt es oft lange Perioden mit Temperaturen zwischen 20 und 30 Grad Celsius. Im Sommer gibt es h\u00e4ufig Nebelperioden.<br \/>\nDas Gebiet kann als \u201earktische W\u00fcste\u201c beschrieben werden, mit j\u00e4hrlichen Niederschl\u00e4gen von nur 200-300 Millimetern.<br \/>\nDas Wetter kann sich schnell \u00e4ndern und ist oft sehr lokal begrenzt.   <\/p>\n<h3>Ern\u00e4hrung<\/h3>\n<p>Obwohl der Archipel die Grundlage f\u00fcr eine Reihe von Industrien und Aktivit\u00e4ten bildet, seit Willem Barentsz 1596 auf den Archipel kam, ist der Gro\u00dfteil der Gebiete immer noch unber\u00fchrte Wildnis. Die wichtigsten Aktivit\u00e4ten sind Jagd, Bergbau, Tourismus, Expeditionen und Forschung. <\/p>\n<h3>Svalbard-Vertr\u00e4ge<\/h3>\n<p>Der Svalbard-Vertrag vom 9. Februar 1920 gibt Norwegen die \u201evolle und uneingeschr\u00e4nkte Souver\u00e4nit\u00e4t\u201c \u00fcber Svalbard. Die Svalbard-Akte vom 17. Juli 1925 besagt, dass \u201eSvalbard Teil des K\u00f6nigreichs Norwegen ist\u201c.   <\/p>\n<p>Das Justizministerium, vertreten durch die Polarabteilung, koordiniert den Umgang der Verwaltung mit Angelegenheiten, die Svalbard betreffen. Die Koordinierung erfolgt haupts\u00e4chlich \u00fcber den interministeriellen Polarausschuss. <\/p>\n<p>Die Polarabteilung tr\u00e4gt auch die Gesamtverantwortung f\u00fcr den Gouverneur, den h\u00f6chsten Vertreter der Regierung auf Svalbard.<\/p>\n<p>Svalbard ist die n\u00f6rdlichste Region Norwegens und ein nat\u00fcrlicher Teil der Strategie der Regierung f\u00fcr den hohen Norden.<\/p>\n<h3><strong>Kurze Fakten \u00fcber Svalbard<\/strong>:<\/h3>\n<p>&#8211; Die Gesamtfl\u00e4che des Archipels betr\u00e4gt 61.020 km\u00b2, also etwa das Doppelte der Fl\u00e4che Belgiens<br \/>\n&#8211; Spitzbergen ist mit einer Fl\u00e4che von 38.000 km\u00b2 die gr\u00f6\u00dfte Insel (die gr\u00f6\u00dfte Insel des norwegischen Festlands, Hinn\u00f8ya, ist 2.205 km\u00b2 gro\u00df)<br \/>\n&#8211; Die Temperatur an der Westk\u00fcste Spitzbergens liegt im Winter normalerweise zwischen -8 und -16 Grad, kann aber innerhalb weniger Stunden um 30 Grad fallen<br \/>\n&#8211; Die niedrigste gemessene Temperatur betr\u00e4gt -49,2 Grad, gemessen am Gr\u00f8nfjorden 28. M\u00e4rz 1917<br \/>\n&#8211; Die Durchschnittstemperatur in Ny-\u00c5lesund betr\u00e4gt im Sommer 5 Grad<br \/>\n&#8211; Die h\u00f6chste gemessene Temperatur betr\u00e4gt 21,3 Grad, gemessen auf dem Flughafen in Longyearbyen 16. Juli 1979<br \/>\n&#8211; Der Permafrost reicht im Landesinneren 200-500 Meter tief in den Boden und nur der oberste Meter taut im Sommer<br \/>\n&#8211; Das Meereis kann in einem einzigen Winter bis zu drei Meter dick werden<br \/>\n&#8211; Wind und Meeresstr\u00f6mungen lassen das Meereis auftauen und bis zu 30 Meter dick werden<br \/>\n&#8211; Mitternachtssonne am 79: 18. April bis 24. August<br \/>\n&#8211; Dunkelheit am 79. Breitengrad (v\/Ny-\u00c5lesund): 25. Oktober bis 17. Februar<br \/>\n&#8211; H\u00f6chste Berggipfel: Newtontoppen 1713 m und Perriertoppen 1712 m (gemessen 1996)<br \/>\n&#8211; Fast 40 Nationalit\u00e4ten sind in Longyearbyen vertreten<br \/>\n&#8211; 62% aller Haushalte in Longyearbyen bestehen aus einer Person<br \/>\n&#8211; Die durchschnittliche Wohndauer betr\u00e4gt zwei Jahre<br \/>\n&#8211; Der Flughafen Svalbard wurde er\u00f6ffnet 2.       September 1975<br \/>\n&#8211; <a title=\"Svalbard Global Seed Vault\" href=\"https:\/\/www.svalbardblues.com\/de\/svalbard\/svalbard-globale-frohvelv\/\">Svalbard Global Seed Vault<\/a> wurde am 26. Februar 2008 feierlich er\u00f6ffnet<br \/>\n&#8211; Karte von <a title=\"Karte des Archipels\" href=\"http:\/\/g.co\/maps\/g8gha\" target=\"_blank\" rel=\"noopener noreferrer\">Svalbard<\/a> <\/p>\n<figure id=\"attachment_2595\" aria-describedby=\"caption-attachment-2595\" style=\"width: 590px\" class=\"wp-caption aligncenter\"><img decoding=\"async\" class=\"size-full wp-image-2595 \" title=\"svalbard-karte\" src=\"https:\/\/www.svalbardblues.com\/wp-content\/uploads\/2011\/04\/svalbard-map.jpg\" alt=\"Svalbard Karte, Karte. Svalbard besteht aus den Inseln Spitzbergen, Nordaustlandet, Edge\u00f8ya, Barents\u00f8ya und Prins Karls Forland, Hopen, Bj\u00f8rn\u00f8ya\" width=\"600\" height=\"600\" srcset=\"https:\/\/www.svalbardblues.com\/wp-content\/uploads\/2011\/04\/svalbard-map.jpg 600w, https:\/\/www.svalbardblues.com\/wp-content\/uploads\/2011\/04\/svalbard-map-300x300.jpg 300w, https:\/\/www.svalbardblues.com\/wp-content\/uploads\/2011\/04\/svalbard-map-100x100.jpg 100w, https:\/\/www.svalbardblues.com\/wp-content\/uploads\/2011\/04\/svalbard-map-150x150.jpg 150w\" sizes=\"(max-width: 600px) 100vw, 600px\" \/><figcaption id=\"caption-attachment-2595\" class=\"wp-caption-text\">Karte von Svalbard<\/figcaption><\/figure>\n","protected":false},"excerpt":{"rendered":"<p>Svalbard Arktische Klimazone Svalbard liegt in einer arktischen Klimazone und Longyearbyen ist nur 12 Grad vom Nordpol entfernt, was Svalbard zu einem ganz besonderen Teil Norwegens macht. Der Archipel ist eines der n\u00f6rdlichsten Landgebiete der Welt, und weil er so abgelegen ist, wurde das Gebiet vom Menschen kaum beeinflusst. Der gr\u00f6\u00dfte Teil ist noch unber\u00fchrte &#8230; <\/p>\n<p class=\"read-more-container\"><a title=\"Svalbard, Fakten und Informationen\" class=\"read-more button\" href=\"https:\/\/www.svalbardblues.com\/de\/svalbard\/#more-23778\" aria-label=\"Mehr Informationen \u00fcber Svalbard, Fakten und Informationen\">Read more<\/a><\/p>\n","protected":false},"author":1,"featured_media":0,"parent":0,"menu_order":0,"comment_status":"closed","ping_status":"closed","template":"","meta":{"inline_featured_image":false,"footnotes":""},"class_list":["post-23778","page","type-page","status-publish"],"yoast_head":"<!-- This site is optimized with the Yoast SEO Premium plugin v26.2 (Yoast SEO v27.4) - https:\/\/yoast.com\/product\/yoast-seo-premium-wordpress\/ -->\n<title>Svalbard | Fakten und Informationen | SVALBARD<\/title>\n<meta name=\"description\" content=\"Svalbard besteht aus mehreren Inseln, Spitzbergen, Nordaustlandet, Edge\u00f8ya, Barents\u00f8ya und Prins Karls Forland. Svalbard ist eines der n\u00f6rdlichsten Landgebiete der Welt\" \/>\n<meta name=\"robots\" content=\"index, follow, max-snippet:-1, max-image-preview:large, max-video-preview:-1\" \/>\n<link rel=\"canonical\" href=\"https:\/\/www.svalbardblues.com\/de\/svalbard\/\" \/>\n<meta property=\"og:locale\" content=\"de_DE\" \/>\n<meta property=\"og:type\" content=\"article\" \/>\n<meta property=\"og:title\" content=\"Svalbard, Fakten und Informationen\" \/>\n<meta property=\"og:description\" content=\"Svalbard besteht aus mehreren Inseln, Spitzbergen, Nordaustlandet, Edge\u00f8ya, Barents\u00f8ya und Prins Karls Forland. Svalbard ist eines der n\u00f6rdlichsten Landgebiete der Welt\" \/>\n<meta property=\"og:url\" content=\"https:\/\/www.svalbardblues.com\/de\/svalbard\/\" \/>\n<meta property=\"og:site_name\" content=\"Dark Season Blues | SVALBARD\" \/>\n<meta property=\"article:publisher\" content=\"https:\/\/www.facebook.com\/DarkSeasonBlues\" \/>\n<meta property=\"og:image\" content=\"https:\/\/www.svalbardblues.com\/wp-content\/uploads\/2011\/04\/svalbard-ne-fjell.jpg\" \/>\n\t<meta property=\"og:image:width\" content=\"600\" \/>\n\t<meta property=\"og:image:height\" content=\"340\" \/>\n\t<meta property=\"og:image:type\" content=\"image\/jpeg\" \/>\n<meta name=\"twitter:label1\" content=\"Gesch\u00e4tzte Lesezeit\" \/>\n\t<meta name=\"twitter:data1\" content=\"4\u00a0Minuten\" \/>\n<script type=\"application\/ld+json\" class=\"yoast-schema-graph\">{\"@context\":\"https:\\\/\\\/schema.org\",\"@graph\":[{\"@type\":\"WebPage\",\"@id\":\"https:\\\/\\\/www.svalbardblues.com\\\/de\\\/svalbard\\\/\",\"url\":\"https:\\\/\\\/www.svalbardblues.com\\\/de\\\/svalbard\\\/\",\"name\":\"Svalbard | Fakten und Informationen | SVALBARD\",\"isPartOf\":{\"@id\":\"https:\\\/\\\/www.svalbardblues.com\\\/de\\\/#website\"},\"primaryImageOfPage\":{\"@id\":\"https:\\\/\\\/www.svalbardblues.com\\\/de\\\/svalbard\\\/#primaryimage\"},\"image\":{\"@id\":\"https:\\\/\\\/www.svalbardblues.com\\\/de\\\/svalbard\\\/#primaryimage\"},\"thumbnailUrl\":\"https:\\\/\\\/www.svalbardblues.com\\\/wp-content\\\/uploads\\\/2011\\\/04\\\/svalbard-ne-fjell.jpg\",\"datePublished\":\"2011-04-08T09:38:38+00:00\",\"description\":\"Svalbard besteht aus mehreren Inseln, Spitzbergen, Nordaustlandet, Edge\u00f8ya, Barents\u00f8ya und Prins Karls Forland. Svalbard ist eines der n\u00f6rdlichsten Landgebiete der Welt\",\"breadcrumb\":{\"@id\":\"https:\\\/\\\/www.svalbardblues.com\\\/de\\\/svalbard\\\/#breadcrumb\"},\"inLanguage\":\"de\",\"potentialAction\":[{\"@type\":\"ReadAction\",\"target\":[\"https:\\\/\\\/www.svalbardblues.com\\\/de\\\/svalbard\\\/\"]}]},{\"@type\":\"ImageObject\",\"inLanguage\":\"de\",\"@id\":\"https:\\\/\\\/www.svalbardblues.com\\\/de\\\/svalbard\\\/#primaryimage\",\"url\":\"https:\\\/\\\/www.svalbardblues.com\\\/wp-content\\\/uploads\\\/2011\\\/04\\\/svalbard-ne-fjell.jpg\",\"contentUrl\":\"https:\\\/\\\/www.svalbardblues.com\\\/wp-content\\\/uploads\\\/2011\\\/04\\\/svalbard-ne-fjell.jpg\"},{\"@type\":\"BreadcrumbList\",\"@id\":\"https:\\\/\\\/www.svalbardblues.com\\\/de\\\/svalbard\\\/#breadcrumb\",\"itemListElement\":[{\"@type\":\"ListItem\",\"position\":1,\"name\":\"Hjem\",\"item\":\"https:\\\/\\\/www.svalbardblues.com\\\/de\\\/\"},{\"@type\":\"ListItem\",\"position\":2,\"name\":\"Svalbard, Fakten und Informationen\"}]},{\"@type\":\"WebSite\",\"@id\":\"https:\\\/\\\/www.svalbardblues.com\\\/de\\\/#website\",\"url\":\"https:\\\/\\\/www.svalbardblues.com\\\/de\\\/\",\"name\":\"Dark Season Blues | SVALBARD\",\"description\":\"The World&#039;s Northenmost Blues Festival\",\"publisher\":{\"@id\":\"https:\\\/\\\/www.svalbardblues.com\\\/de\\\/#organization\"},\"potentialAction\":[{\"@type\":\"SearchAction\",\"target\":{\"@type\":\"EntryPoint\",\"urlTemplate\":\"https:\\\/\\\/www.svalbardblues.com\\\/de\\\/?s={search_term_string}\"},\"query-input\":{\"@type\":\"PropertyValueSpecification\",\"valueRequired\":true,\"valueName\":\"search_term_string\"}}],\"inLanguage\":\"de\"},{\"@type\":\"Organization\",\"@id\":\"https:\\\/\\\/www.svalbardblues.com\\\/de\\\/#organization\",\"name\":\"Dark Season Blues\",\"url\":\"https:\\\/\\\/www.svalbardblues.com\\\/de\\\/\",\"logo\":{\"@type\":\"ImageObject\",\"inLanguage\":\"de\",\"@id\":\"https:\\\/\\\/www.svalbardblues.com\\\/de\\\/#\\\/schema\\\/logo\\\/image\\\/\",\"url\":\"https:\\\/\\\/www.svalbardblues.com\\\/wp-content\\\/uploads\\\/2017\\\/06\\\/DSB2017-Illustrasjon-620.jpg\",\"contentUrl\":\"https:\\\/\\\/www.svalbardblues.com\\\/wp-content\\\/uploads\\\/2017\\\/06\\\/DSB2017-Illustrasjon-620.jpg\",\"width\":620,\"height\":488,\"caption\":\"Dark Season Blues\"},\"image\":{\"@id\":\"https:\\\/\\\/www.svalbardblues.com\\\/de\\\/#\\\/schema\\\/logo\\\/image\\\/\"},\"sameAs\":[\"https:\\\/\\\/www.facebook.com\\\/DarkSeasonBlues\",\"https:\\\/\\\/x.com\\\/DarkSeasonBlues\",\"https:\\\/\\\/www.instagram.com\\\/darkseasonblues\\\/\",\"https:\\\/\\\/no.wikipedia.org\\\/wiki\\\/Dark_Season_Blues\"]}]}<\/script>\n<!-- \/ Yoast SEO Premium plugin. -->","yoast_head_json":{"title":"Svalbard | Fakten und Informationen | SVALBARD","description":"Svalbard besteht aus mehreren Inseln, Spitzbergen, Nordaustlandet, Edge\u00f8ya, Barents\u00f8ya und Prins Karls Forland. Svalbard ist eines der n\u00f6rdlichsten Landgebiete der Welt","robots":{"index":"index","follow":"follow","max-snippet":"max-snippet:-1","max-image-preview":"max-image-preview:large","max-video-preview":"max-video-preview:-1"},"canonical":"https:\/\/www.svalbardblues.com\/de\/svalbard\/","og_locale":"de_DE","og_type":"article","og_title":"Svalbard, Fakten und Informationen","og_description":"Svalbard besteht aus mehreren Inseln, Spitzbergen, Nordaustlandet, Edge\u00f8ya, Barents\u00f8ya und Prins Karls Forland. Svalbard ist eines der n\u00f6rdlichsten Landgebiete der Welt","og_url":"https:\/\/www.svalbardblues.com\/de\/svalbard\/","og_site_name":"Dark Season Blues | SVALBARD","article_publisher":"https:\/\/www.facebook.com\/DarkSeasonBlues","og_image":[{"width":600,"height":340,"url":"https:\/\/www.svalbardblues.com\/wp-content\/uploads\/2011\/04\/svalbard-ne-fjell.jpg","type":"image\/jpeg"}],"twitter_misc":{"Gesch\u00e4tzte Lesezeit":"4\u00a0Minuten"},"schema":{"@context":"https:\/\/schema.org","@graph":[{"@type":"WebPage","@id":"https:\/\/www.svalbardblues.com\/de\/svalbard\/","url":"https:\/\/www.svalbardblues.com\/de\/svalbard\/","name":"Svalbard | Fakten und Informationen | SVALBARD","isPartOf":{"@id":"https:\/\/www.svalbardblues.com\/de\/#website"},"primaryImageOfPage":{"@id":"https:\/\/www.svalbardblues.com\/de\/svalbard\/#primaryimage"},"image":{"@id":"https:\/\/www.svalbardblues.com\/de\/svalbard\/#primaryimage"},"thumbnailUrl":"https:\/\/www.svalbardblues.com\/wp-content\/uploads\/2011\/04\/svalbard-ne-fjell.jpg","datePublished":"2011-04-08T09:38:38+00:00","description":"Svalbard besteht aus mehreren Inseln, Spitzbergen, Nordaustlandet, Edge\u00f8ya, Barents\u00f8ya und Prins Karls Forland. Svalbard ist eines der n\u00f6rdlichsten Landgebiete der Welt","breadcrumb":{"@id":"https:\/\/www.svalbardblues.com\/de\/svalbard\/#breadcrumb"},"inLanguage":"de","potentialAction":[{"@type":"ReadAction","target":["https:\/\/www.svalbardblues.com\/de\/svalbard\/"]}]},{"@type":"ImageObject","inLanguage":"de","@id":"https:\/\/www.svalbardblues.com\/de\/svalbard\/#primaryimage","url":"https:\/\/www.svalbardblues.com\/wp-content\/uploads\/2011\/04\/svalbard-ne-fjell.jpg","contentUrl":"https:\/\/www.svalbardblues.com\/wp-content\/uploads\/2011\/04\/svalbard-ne-fjell.jpg"},{"@type":"BreadcrumbList","@id":"https:\/\/www.svalbardblues.com\/de\/svalbard\/#breadcrumb","itemListElement":[{"@type":"ListItem","position":1,"name":"Hjem","item":"https:\/\/www.svalbardblues.com\/de\/"},{"@type":"ListItem","position":2,"name":"Svalbard, Fakten und Informationen"}]},{"@type":"WebSite","@id":"https:\/\/www.svalbardblues.com\/de\/#website","url":"https:\/\/www.svalbardblues.com\/de\/","name":"Dark Season Blues | SVALBARD","description":"The World&#039;s Northenmost Blues Festival","publisher":{"@id":"https:\/\/www.svalbardblues.com\/de\/#organization"},"potentialAction":[{"@type":"SearchAction","target":{"@type":"EntryPoint","urlTemplate":"https:\/\/www.svalbardblues.com\/de\/?s={search_term_string}"},"query-input":{"@type":"PropertyValueSpecification","valueRequired":true,"valueName":"search_term_string"}}],"inLanguage":"de"},{"@type":"Organization","@id":"https:\/\/www.svalbardblues.com\/de\/#organization","name":"Dark Season Blues","url":"https:\/\/www.svalbardblues.com\/de\/","logo":{"@type":"ImageObject","inLanguage":"de","@id":"https:\/\/www.svalbardblues.com\/de\/#\/schema\/logo\/image\/","url":"https:\/\/www.svalbardblues.com\/wp-content\/uploads\/2017\/06\/DSB2017-Illustrasjon-620.jpg","contentUrl":"https:\/\/www.svalbardblues.com\/wp-content\/uploads\/2017\/06\/DSB2017-Illustrasjon-620.jpg","width":620,"height":488,"caption":"Dark Season Blues"},"image":{"@id":"https:\/\/www.svalbardblues.com\/de\/#\/schema\/logo\/image\/"},"sameAs":["https:\/\/www.facebook.com\/DarkSeasonBlues","https:\/\/x.com\/DarkSeasonBlues","https:\/\/www.instagram.com\/darkseasonblues\/","https:\/\/no.wikipedia.org\/wiki\/Dark_Season_Blues"]}]}},"_links":{"self":[{"href":"https:\/\/www.svalbardblues.com\/de\/wp-json\/wp\/v2\/pages\/23778","targetHints":{"allow":["GET"]}}],"collection":[{"href":"https:\/\/www.svalbardblues.com\/de\/wp-json\/wp\/v2\/pages"}],"about":[{"href":"https:\/\/www.svalbardblues.com\/de\/wp-json\/wp\/v2\/types\/page"}],"author":[{"embeddable":true,"href":"https:\/\/www.svalbardblues.com\/de\/wp-json\/wp\/v2\/users\/1"}],"replies":[{"embeddable":true,"href":"https:\/\/www.svalbardblues.com\/de\/wp-json\/wp\/v2\/comments?post=23778"}],"version-history":[{"count":0,"href":"https:\/\/www.svalbardblues.com\/de\/wp-json\/wp\/v2\/pages\/23778\/revisions"}],"wp:attachment":[{"href":"https:\/\/www.svalbardblues.com\/de\/wp-json\/wp\/v2\/media?parent=23778"}],"curies":[{"name":"wp","href":"https:\/\/api.w.org\/{rel}","templated":true}]}}