{"id":23785,"date":"2011-04-08T07:58:36","date_gmt":"2011-04-08T07:58:36","guid":{"rendered":"https:\/\/www.svalbardblues.com\/svalbard\/klima-og-lysforhold\/"},"modified":"2011-04-08T07:58:36","modified_gmt":"2011-04-08T07:58:36","slug":"klima-og-lysforhold","status":"publish","type":"page","link":"https:\/\/www.svalbardblues.com\/de\/svalbard\/klima-og-lysforhold\/","title":{"rendered":"Klima und Lichtverh\u00e4ltnisse in Svalbard"},"content":{"rendered":"<h2>Klima und Lichtverh\u00e4ltnisse<\/h2>\n<p>Die hocharktische Lage <a title=\"Svalbard\" href=\"https:\/\/www.svalbardblues.com\/de\/svalbard\/\">Svalbards<\/a> beeinflusst sowohl das Klima als auch die Lichtverh\u00e4ltnisse. Die Jahresdurchschnittstemperatur liegt bei minus vier Grad, und die Mitternachtssonne und die Dunkelheit pr\u00e4gen den Jahresverlauf. <\/p>\n<p>Obwohl die durchschnittliche Jahrestemperatur unter null Grad Celsius liegt, herrscht auf Spitzbergen im Vergleich zu anderen Gebieten auf demselben Breitengrad ein mildes Klima. Im Januar liegt die Durchschnittstemperatur bei -16\u00b0C und im Juli bei +6\u00b0C.<br \/>\nUnterschiedliches Klima<br \/>\nEs gibt gro\u00dfe klimatische Unterschiede zwischen den verschiedenen Teilen des Archipels. Das w\u00e4rmste und feuchteste Klima herrscht an der Westk\u00fcste Spitzbergens. Die relativ hohen Temperaturen sind unter anderem darauf zur\u00fcckzuf\u00fchren, dass das Gebiet mit milden Luftstr\u00f6mungen aus dem S\u00fcden versorgt wird und dass der Golfstrom das ganze Jahr \u00fcber warmes Meerwasser an die Westk\u00fcste f\u00fchrt.   <\/p>\n<h2>Wechselndes Wetter<\/h2>\n<p>Das Wetter in Svalbard ist sehr wechselhaft. Das liegt vor allem an der gro\u00dfen Menge an Wasser und warmer Luft, die aus dem S\u00fcden transportiert wird und auf k\u00e4lteres Wasser und Luft aus den Polarregionen trifft. Dies f\u00fchrt zu gro\u00dfen Temperaturunterschieden und viel Wind. Allerdings fallen im Durchschnitt nicht mehr als 190 mm Niederschlag pro Jahr (Longyearbyen), weshalb Svalbard h\u00e4ufig als arktische W\u00fcste bezeichnet wird.   <\/p>\n<h2>Lichtverh\u00e4ltnisse<\/h2>\n<p>Gro\u00dfe Teile des Jahres sind von Mitternachtssonne und Dunkelheit gepr\u00e4gt. In <a title=\"Longyearbyen\" href=\"https:\/\/www.svalbardblues.com\/longyearbyen\/\">Longyearbyen<\/a> ist die Mitternachtssonne vom 20. April bis zum 23. August zu sehen. Im Hochsommer steht die Sonne in Longyearbyen tags\u00fcber etwa 35\u00b0 \u00fcber dem Horizont und 11\u00b0 in der Nacht. In Longyearbyen gibt es mehrere Monate im Jahr D\u00e4mmerung und Dunkelheit. Die dunkle Jahreszeit ist, wenn die Sonne unter den Horizont sinkt und dauert in Longyearbyen vom 26. Oktober bis zum 16. Februar. Polarnacht ist, wenn es v\u00f6llig dunkel ist, und die Polarnacht ist dadurch definiert, dass die Sonne mehr als 6\u00b0 unter dem Horizont steht. In Longyearbyen dauert die Zeit der Polarnacht vom 11. November bis zum 30. Januar. An klaren Tagen wird die Dunkelheit oft von <a title=\"Nordlichter\" href=\"https:\/\/www.svalbardblues.com\/svalbard\/nordlys\/\">den Nordlichtern<\/a> erhellt.             <\/p>\n<p>Quelle: Gouverneur<br \/>\nVer\u00f6ffentlicht: 8 Apr 2011<br \/>\nAktualisiert: 14 Sep 2015  <\/p>\n","protected":false},"excerpt":{"rendered":"<p>Klima und Lichtverh\u00e4ltnisse Die hocharktische Lage Svalbards beeinflusst sowohl das Klima als auch die Lichtverh\u00e4ltnisse. Die Jahresdurchschnittstemperatur liegt bei minus vier Grad, und die Mitternachtssonne und die Dunkelheit pr\u00e4gen den Jahresverlauf. Obwohl die durchschnittliche Jahrestemperatur unter null Grad Celsius liegt, herrscht auf Spitzbergen im Vergleich zu anderen Gebieten auf demselben Breitengrad ein mildes Klima. Im &#8230; <\/p>\n<p class=\"read-more-container\"><a title=\"Klima und Lichtverh\u00e4ltnisse in Svalbard\" class=\"read-more button\" href=\"https:\/\/www.svalbardblues.com\/de\/svalbard\/klima-og-lysforhold\/#more-23785\" aria-label=\"Mehr Informationen \u00fcber Klima und Lichtverh\u00e4ltnisse in Svalbard\">Read more<\/a><\/p>\n","protected":false},"author":1,"featured_media":0,"parent":23778,"menu_order":0,"comment_status":"closed","ping_status":"closed","template":"","meta":{"inline_featured_image":false,"footnotes":""},"class_list":["post-23785","page","type-page","status-publish"],"yoast_head":"<!-- This site is optimized with the Yoast SEO Premium plugin v26.2 (Yoast SEO v27.4) - https:\/\/yoast.com\/product\/yoast-seo-premium-wordpress\/ -->\n<title>Klima und Lichtverh\u00e4ltnisse | Svalbard<\/title>\n<meta name=\"description\" content=\"Die hocharktische Lage Svalbards beeinflusst sowohl das Klima als auch die Lichtverh\u00e4ltnisse. Die meiste Zeit des Jahres ist Svalbard von Mitternachtssonne und Dunkelheit gepr\u00e4gt.\" \/>\n<meta name=\"robots\" content=\"index, follow, max-snippet:-1, max-image-preview:large, max-video-preview:-1\" \/>\n<link rel=\"canonical\" href=\"https:\/\/www.svalbardblues.com\/de\/svalbard\/klima-og-lysforhold\/\" \/>\n<meta property=\"og:locale\" content=\"de_DE\" \/>\n<meta property=\"og:type\" content=\"article\" \/>\n<meta property=\"og:title\" content=\"Klima und Lichtverh\u00e4ltnisse in Svalbard\" \/>\n<meta property=\"og:description\" content=\"Die hocharktische Lage Svalbards beeinflusst sowohl das Klima als auch die Lichtverh\u00e4ltnisse. Die meiste Zeit des Jahres ist Svalbard von Mitternachtssonne und Dunkelheit gepr\u00e4gt.\" \/>\n<meta property=\"og:url\" content=\"https:\/\/www.svalbardblues.com\/de\/svalbard\/klima-og-lysforhold\/\" \/>\n<meta property=\"og:site_name\" content=\"Dark Season Blues | SVALBARD\" \/>\n<meta property=\"article:publisher\" content=\"https:\/\/www.facebook.com\/DarkSeasonBlues\" \/>\n<meta property=\"og:image\" content=\"https:\/\/www.svalbardblues.com\/wp-content\/uploads\/2017\/10\/DSB2017-Illustrasjon-900-350.jpg\" \/>\n\t<meta property=\"og:image:width\" content=\"900\" \/>\n\t<meta property=\"og:image:height\" content=\"350\" \/>\n\t<meta property=\"og:image:type\" content=\"image\/jpeg\" \/>\n<meta name=\"twitter:label1\" content=\"Gesch\u00e4tzte Lesezeit\" \/>\n\t<meta name=\"twitter:data1\" content=\"2\u00a0Minuten\" \/>\n<script type=\"application\/ld+json\" class=\"yoast-schema-graph\">{\"@context\":\"https:\\\/\\\/schema.org\",\"@graph\":[{\"@type\":\"WebPage\",\"@id\":\"https:\\\/\\\/www.svalbardblues.com\\\/de\\\/svalbard\\\/klima-og-lysforhold\\\/\",\"url\":\"https:\\\/\\\/www.svalbardblues.com\\\/de\\\/svalbard\\\/klima-og-lysforhold\\\/\",\"name\":\"Klima und Lichtverh\u00e4ltnisse | Svalbard\",\"isPartOf\":{\"@id\":\"https:\\\/\\\/www.svalbardblues.com\\\/de\\\/#website\"},\"datePublished\":\"2011-04-08T07:58:36+00:00\",\"description\":\"Die hocharktische Lage Svalbards beeinflusst sowohl das Klima als auch die Lichtverh\u00e4ltnisse. Die meiste Zeit des Jahres ist Svalbard von Mitternachtssonne und Dunkelheit gepr\u00e4gt.\",\"breadcrumb\":{\"@id\":\"https:\\\/\\\/www.svalbardblues.com\\\/de\\\/svalbard\\\/klima-og-lysforhold\\\/#breadcrumb\"},\"inLanguage\":\"de\",\"potentialAction\":[{\"@type\":\"ReadAction\",\"target\":[\"https:\\\/\\\/www.svalbardblues.com\\\/de\\\/svalbard\\\/klima-og-lysforhold\\\/\"]}]},{\"@type\":\"BreadcrumbList\",\"@id\":\"https:\\\/\\\/www.svalbardblues.com\\\/de\\\/svalbard\\\/klima-og-lysforhold\\\/#breadcrumb\",\"itemListElement\":[{\"@type\":\"ListItem\",\"position\":1,\"name\":\"Hjem\",\"item\":\"https:\\\/\\\/www.svalbardblues.com\\\/de\\\/\"},{\"@type\":\"ListItem\",\"position\":2,\"name\":\"Svalbard, Fakten und Informationen\",\"item\":\"https:\\\/\\\/www.svalbardblues.com\\\/de\\\/svalbard\\\/\"},{\"@type\":\"ListItem\",\"position\":3,\"name\":\"Klima und Lichtverh\u00e4ltnisse in Svalbard\"}]},{\"@type\":\"WebSite\",\"@id\":\"https:\\\/\\\/www.svalbardblues.com\\\/de\\\/#website\",\"url\":\"https:\\\/\\\/www.svalbardblues.com\\\/de\\\/\",\"name\":\"Dark Season Blues | SVALBARD\",\"description\":\"The World&#039;s Northenmost Blues Festival\",\"publisher\":{\"@id\":\"https:\\\/\\\/www.svalbardblues.com\\\/de\\\/#organization\"},\"potentialAction\":[{\"@type\":\"SearchAction\",\"target\":{\"@type\":\"EntryPoint\",\"urlTemplate\":\"https:\\\/\\\/www.svalbardblues.com\\\/de\\\/?s={search_term_string}\"},\"query-input\":{\"@type\":\"PropertyValueSpecification\",\"valueRequired\":true,\"valueName\":\"search_term_string\"}}],\"inLanguage\":\"de\"},{\"@type\":\"Organization\",\"@id\":\"https:\\\/\\\/www.svalbardblues.com\\\/de\\\/#organization\",\"name\":\"Dark Season Blues\",\"url\":\"https:\\\/\\\/www.svalbardblues.com\\\/de\\\/\",\"logo\":{\"@type\":\"ImageObject\",\"inLanguage\":\"de\",\"@id\":\"https:\\\/\\\/www.svalbardblues.com\\\/de\\\/#\\\/schema\\\/logo\\\/image\\\/\",\"url\":\"https:\\\/\\\/www.svalbardblues.com\\\/wp-content\\\/uploads\\\/2017\\\/06\\\/DSB2017-Illustrasjon-620.jpg\",\"contentUrl\":\"https:\\\/\\\/www.svalbardblues.com\\\/wp-content\\\/uploads\\\/2017\\\/06\\\/DSB2017-Illustrasjon-620.jpg\",\"width\":620,\"height\":488,\"caption\":\"Dark Season Blues\"},\"image\":{\"@id\":\"https:\\\/\\\/www.svalbardblues.com\\\/de\\\/#\\\/schema\\\/logo\\\/image\\\/\"},\"sameAs\":[\"https:\\\/\\\/www.facebook.com\\\/DarkSeasonBlues\",\"https:\\\/\\\/x.com\\\/DarkSeasonBlues\",\"https:\\\/\\\/www.instagram.com\\\/darkseasonblues\\\/\",\"https:\\\/\\\/no.wikipedia.org\\\/wiki\\\/Dark_Season_Blues\"]}]}<\/script>\n<!-- \/ Yoast SEO Premium plugin. -->","yoast_head_json":{"title":"Klima und Lichtverh\u00e4ltnisse | Svalbard","description":"Die hocharktische Lage Svalbards beeinflusst sowohl das Klima als auch die Lichtverh\u00e4ltnisse. Die meiste Zeit des Jahres ist Svalbard von Mitternachtssonne und Dunkelheit gepr\u00e4gt.","robots":{"index":"index","follow":"follow","max-snippet":"max-snippet:-1","max-image-preview":"max-image-preview:large","max-video-preview":"max-video-preview:-1"},"canonical":"https:\/\/www.svalbardblues.com\/de\/svalbard\/klima-og-lysforhold\/","og_locale":"de_DE","og_type":"article","og_title":"Klima und Lichtverh\u00e4ltnisse in Svalbard","og_description":"Die hocharktische Lage Svalbards beeinflusst sowohl das Klima als auch die Lichtverh\u00e4ltnisse. Die meiste Zeit des Jahres ist Svalbard von Mitternachtssonne und Dunkelheit gepr\u00e4gt.","og_url":"https:\/\/www.svalbardblues.com\/de\/svalbard\/klima-og-lysforhold\/","og_site_name":"Dark Season Blues | SVALBARD","article_publisher":"https:\/\/www.facebook.com\/DarkSeasonBlues","og_image":[{"width":900,"height":350,"url":"https:\/\/www.svalbardblues.com\/wp-content\/uploads\/2017\/10\/DSB2017-Illustrasjon-900-350.jpg","type":"image\/jpeg"}],"twitter_misc":{"Gesch\u00e4tzte Lesezeit":"2\u00a0Minuten"},"schema":{"@context":"https:\/\/schema.org","@graph":[{"@type":"WebPage","@id":"https:\/\/www.svalbardblues.com\/de\/svalbard\/klima-og-lysforhold\/","url":"https:\/\/www.svalbardblues.com\/de\/svalbard\/klima-og-lysforhold\/","name":"Klima und Lichtverh\u00e4ltnisse | Svalbard","isPartOf":{"@id":"https:\/\/www.svalbardblues.com\/de\/#website"},"datePublished":"2011-04-08T07:58:36+00:00","description":"Die hocharktische Lage Svalbards beeinflusst sowohl das Klima als auch die Lichtverh\u00e4ltnisse. Die meiste Zeit des Jahres ist Svalbard von Mitternachtssonne und Dunkelheit gepr\u00e4gt.","breadcrumb":{"@id":"https:\/\/www.svalbardblues.com\/de\/svalbard\/klima-og-lysforhold\/#breadcrumb"},"inLanguage":"de","potentialAction":[{"@type":"ReadAction","target":["https:\/\/www.svalbardblues.com\/de\/svalbard\/klima-og-lysforhold\/"]}]},{"@type":"BreadcrumbList","@id":"https:\/\/www.svalbardblues.com\/de\/svalbard\/klima-og-lysforhold\/#breadcrumb","itemListElement":[{"@type":"ListItem","position":1,"name":"Hjem","item":"https:\/\/www.svalbardblues.com\/de\/"},{"@type":"ListItem","position":2,"name":"Svalbard, Fakten und Informationen","item":"https:\/\/www.svalbardblues.com\/de\/svalbard\/"},{"@type":"ListItem","position":3,"name":"Klima und Lichtverh\u00e4ltnisse in Svalbard"}]},{"@type":"WebSite","@id":"https:\/\/www.svalbardblues.com\/de\/#website","url":"https:\/\/www.svalbardblues.com\/de\/","name":"Dark Season Blues | SVALBARD","description":"The World&#039;s Northenmost Blues Festival","publisher":{"@id":"https:\/\/www.svalbardblues.com\/de\/#organization"},"potentialAction":[{"@type":"SearchAction","target":{"@type":"EntryPoint","urlTemplate":"https:\/\/www.svalbardblues.com\/de\/?s={search_term_string}"},"query-input":{"@type":"PropertyValueSpecification","valueRequired":true,"valueName":"search_term_string"}}],"inLanguage":"de"},{"@type":"Organization","@id":"https:\/\/www.svalbardblues.com\/de\/#organization","name":"Dark Season Blues","url":"https:\/\/www.svalbardblues.com\/de\/","logo":{"@type":"ImageObject","inLanguage":"de","@id":"https:\/\/www.svalbardblues.com\/de\/#\/schema\/logo\/image\/","url":"https:\/\/www.svalbardblues.com\/wp-content\/uploads\/2017\/06\/DSB2017-Illustrasjon-620.jpg","contentUrl":"https:\/\/www.svalbardblues.com\/wp-content\/uploads\/2017\/06\/DSB2017-Illustrasjon-620.jpg","width":620,"height":488,"caption":"Dark Season Blues"},"image":{"@id":"https:\/\/www.svalbardblues.com\/de\/#\/schema\/logo\/image\/"},"sameAs":["https:\/\/www.facebook.com\/DarkSeasonBlues","https:\/\/x.com\/DarkSeasonBlues","https:\/\/www.instagram.com\/darkseasonblues\/","https:\/\/no.wikipedia.org\/wiki\/Dark_Season_Blues"]}]}},"_links":{"self":[{"href":"https:\/\/www.svalbardblues.com\/de\/wp-json\/wp\/v2\/pages\/23785","targetHints":{"allow":["GET"]}}],"collection":[{"href":"https:\/\/www.svalbardblues.com\/de\/wp-json\/wp\/v2\/pages"}],"about":[{"href":"https:\/\/www.svalbardblues.com\/de\/wp-json\/wp\/v2\/types\/page"}],"author":[{"embeddable":true,"href":"https:\/\/www.svalbardblues.com\/de\/wp-json\/wp\/v2\/users\/1"}],"replies":[{"embeddable":true,"href":"https:\/\/www.svalbardblues.com\/de\/wp-json\/wp\/v2\/comments?post=23785"}],"version-history":[{"count":0,"href":"https:\/\/www.svalbardblues.com\/de\/wp-json\/wp\/v2\/pages\/23785\/revisions"}],"up":[{"embeddable":true,"href":"https:\/\/www.svalbardblues.com\/de\/wp-json\/wp\/v2\/pages\/23778"}],"wp:attachment":[{"href":"https:\/\/www.svalbardblues.com\/de\/wp-json\/wp\/v2\/media?parent=23785"}],"curies":[{"name":"wp","href":"https:\/\/api.w.org\/{rel}","templated":true}]}}