{"id":23786,"date":"2011-04-08T07:53:02","date_gmt":"2011-04-08T07:53:02","guid":{"rendered":"https:\/\/www.svalbardblues.com\/svalbard\/historie\/"},"modified":"2011-04-08T07:53:02","modified_gmt":"2011-04-08T07:53:02","slug":"historie","status":"publish","type":"page","link":"https:\/\/www.svalbardblues.com\/de\/svalbard\/historie\/","title":{"rendered":"Geschichte von Svalbard"},"content":{"rendered":"<p>&nbsp;<\/p>\n<h2>Geschichte von Svalbard<\/h2>\n<p>Willem Barentsz entdeckte <a title=\"Svalbard\" href=\"https:\/\/www.svalbardblues.com\/de\/svalbard\/\">Svalbard<\/a> im Jahr 1596. Seitdem hat Svalbard raue Geschichten \u00fcber Jagd, Bergbau und unglaubliche Expeditionen hervorgebracht. <\/p>\n<p>Svalbard war noch nie ein Ort, an dem Menschen ihr ganzes Leben leben und an dem Familien \u00fcber Generationen hinweg weitergegeben werden. Die Menschen sind gekommen und gegangen, und Svalbard hat daher eine einzigartige Geschichte. Die Menschen konnten sich nur in begrenztem Ma\u00dfe auf die gesammelten Erfahrungen mit den rauen und extremen Lebensbedingungen verlassen. Die Geschichte Svalbards ist reich an tragischen Ereignissen, und Gr\u00e4ber sind das h\u00e4ufigste kulturelle Artefakt. Bei der Beschreibung der Geschichte Svalbards ist es \u00fcblich, sie in Epochen zu unterteilen, die mit verschiedenen Arten der Ressourcennutzung verbunden sind. In vielerlei Hinsicht k\u00f6nnte man sagen, dass Svalbard seit 1596 verschiedene Rohstoffe nach Europa geliefert hat.     <\/p>\n<h2>Internationaler Walfang (16.-17. Jahrhundert)<\/h2>\n<p>Der internationale Walfang fand im 16. und 18. Jahrhundert statt und wurde durch g\u00fcnstige Preise f\u00fcr Blubber und Walknochen motiviert. Niederl\u00e4ndische, britische und deutsche Expeditionen waren die Hauptakteure, und die Walfanggesellschaften waren von gro\u00dfer nationaler Bedeutung. Auf dem H\u00f6hepunkt waren mehr als 300 Schiffe rund um Svalbard im Einsatz. Smeerenburg an der Nordwestk\u00fcste Spitzbergens ist die ber\u00fchmteste Landstation. Es gab sechzehn H\u00e4user, in denen bis zu 200 Walf\u00e4nger leben konnten, und acht gro\u00dfe Blubber\u00f6fen, in denen der Blubber gekocht wurde. Ende des 17. Jahrhunderts z\u00e4hlte allein die niederl\u00e4ndische Walfangindustrie 150-250 Schiffe, die j\u00e4hrlich zwischen 750 und 1.250 Wale fingen. Der Gr\u00f6nlandwal war die attraktivste Beute, und die Art ist in den Gew\u00e4ssern Spitzbergens schlie\u00dflich ausgestorben. Es gibt viele Spuren des Walfangs an den K\u00fcsten Spitzbergens. Rund f\u00fcnfzig Walfangstationen mit Haush\u00fcgeln, Blubber\u00f6fen, Knochenresten von Walen und Walrossen und Grabst\u00e4tten wurden registriert.        <\/p>\n<h2>Russische Jagd (1700-1850)<\/h2>\n<p>Der russische Winterfang dauerte von 1700 bis 1850. Die Fallensteller waren Pomoren aus dem Gebiet des Wei\u00dfen Meeres, und aus dieser Zeit sind mehr als 70 Fangstationen bekannt. Der ber\u00fchmteste russische Fallensteller ist Ivan Starostin, der 39 \u00dcberwinterungsstationen hatte. F\u00fcnfzehn davon befanden sich in einem einzigen Abschnitt.   <\/p>\n<p>Der Fang der Pomor basierte in erster Linie auf Walrossprodukten wie Walrosssto\u00dfz\u00e4hnen, Blubber\u00f6l und Walrosshaut sowie auf Fellen und Daunen. Dar\u00fcber hinaus wurden auch Rentiere, Robben, V\u00f6gel und Eier gefangen, nicht zuletzt f\u00fcr die eigene Nahrungsversorgung. Es wurde eine Reihe von gro\u00dfen und kleinen Fangstationen eingerichtet, von denen viele das ganze Jahr \u00fcber in Betrieb waren. Das reiche Winterfell der Eisb\u00e4ren und F\u00fcchse war attraktiv und ein wichtiger Anreiz f\u00fcr den Winterschlaf. In vielen der Stationen finden sich Spuren verschiedener Handwerke, die darauf hinweisen, dass die Russen die Zeit nutzten, um die Rohstoffe zu wertvollen Waren zu verarbeiten.    <\/p>\n<h2>Norwegischer Fang (1850 &#8211; 1973)<\/h2>\n<p>Der norwegische Fang wurde intensiviert, als die Russen ihre Aktivit\u00e4ten um 1850 reduzierten, und war weitgehend mit denselben Produkten verbunden wie der russische Fang. Ab dem Ende des 19. Jahrhunderts war die \u00dcberwinterung \u00fcblich. Die Fallensteller hatten einen abwechslungsreichen Jahreszyklus: F\u00fcchse und Eisb\u00e4ren wurden im Winter gejagt, wenn das Fell von bester Qualit\u00e4t war. Im Fr\u00fchjahr wurden Robben gejagt, w\u00e4hrend die Pelze im Sommer f\u00fcr den Verkauf vorbereitet wurden. Im Sommer wurden V\u00f6gel gejagt und Eier und Daunen gesammelt, w\u00e4hrend im Herbst Schneeh\u00fchner und Rentiere eine wichtige Beute waren. Die Fallensteller reisten \u00fcber gro\u00dfe Gebiete und nutzten ein Netz von Jagdh\u00fctten.     <\/p>\n<p>Obwohl ein Gro\u00dfteil des Fangs f\u00fcr den Eigenbedarf bestimmt war, mussten die Trapper Pelze, Daunen und Rentierfleisch verkaufen, um Geld f\u00fcr notwendige Lieferungen vom Festland zu bekommen. Sie brauchten unter anderem Mehl, Rosinen, Salz, Petroleum, Werkzeuge, Waffen und Munition, oft auch einen neuen Ofen oder ein Boot und vielleicht ein paar einfache Luxusg\u00fcter. Es wird erz\u00e4hlt, dass der Trapper Georg Bj\u00f8rnnes einen Jahresvorrat an alten Zeitungen kaufte, den er mit nach Spitzbergen nahm. Jeden Morgen konnte er hinausgehen und eine \u201eneue\u201c Zeitung mit dem heutigen Datum abholen, die genau ein Jahr alt war.   <\/p>\n<p>H\u00f6chstens etwa 50 J\u00e4ger verbrachten den Winter und hatten einen gro\u00dfen Einfluss auf die Wildbest\u00e4nde. Die Entwicklung des Selbstschusses f\u00fcr Eisb\u00e4ren f\u00fchrte zu einer Steigerung der Effizienz, die weit \u00fcber die Toleranzgrenze der Population hinausging. Beim Selbstschuss steckte der B\u00e4r seinen Kopf in einen Kasten, an dem ein K\u00f6der befestigt war. Die Ber\u00fchrung des K\u00f6ders l\u00f6ste einen Schuss aus, der den B\u00e4ren in den Kopf traf. Einer der gr\u00f6\u00dften Eisb\u00e4renj\u00e4ger auf Spitzbergen war Henry Rudi. In den Jahren, die er auf dem Archipel verbrachte, schoss er rund 750 Eisb\u00e4ren, wobei 115 B\u00e4ren sein Jahresrekord waren.     <\/p>\n<p>Ein weiterer bekannter Fallensteller war Hilmar N\u00f8is. Er war einer der erfahrensten und hatte 38 Winter zwischen 1909 und 1973. Seine Hauptstation war Fredheim im Sassendalen, und mehrere Jahre lang begleitete ihn seine Frau, Helfrid N\u00f8is, auf der Jagd.  <\/p>\n<h2>Forschung und Expeditionen (1850 -)<\/h2>\n<p>Ab 1850 wurden Forschung und Expeditionen ein wichtiger Teil der Geschichte Spitzbergens. Seit seiner Entdeckung im Jahr 1596 hatten Reisende eher informelle Erkundungen der Landschaft und Gew\u00e4sser, der Segelrouten und der Fischereiressourcen vorgenommen. Doch ab etwa 1850 begann eine Reihe geplanter Expeditionen, die wissenschaftliche Daten aus dieser \u00e4u\u00dfersten Region der bekannten Welt sammelten und systematisierten. Selbst diese \u201eProdukte\u201c waren in der Eiszeit nur von begrenztem Nutzen, aber f\u00fcr die akademischen Gemeinschaften in Europa von gro\u00dfem Wert. Die Ergebnisse waren wichtig f\u00fcr das Verst\u00e4ndnis globaler Fragen in Bezug auf Meeresstr\u00f6mungen, geologische Geschichte, die genaue Form der Erde, arktische Tiere und Pflanzen, das Nordlicht, Klima, Gletscher und Landformen. W\u00e4hrend des ersten Internationalen Polarjahres 1882-83 \u00fcberwinterten schwedische Wissenschaftler der Internationalen Vermessungsexpedition am Kap Thordsen im Isfjorden. In den Jahren 1899-1901 wurde die genaue Form der Erde auf der Grundlage der von der Expedition gesammelten Daten bestimmt.      <\/p>\n<p>Aufgrund der n\u00f6rdlichen Lage Spitzbergens und der g\u00fcnstigen Eisbedingungen war die Inselgruppe auch ein beliebter Ausgangspunkt f\u00fcr Expeditionen, die als erste den Nordpol erreichen wollten. Zwischen 1896 und 1928 starteten nicht weniger als neun Expeditionen von Svalbard aus zum Wettlauf zum Pol. Eine der ber\u00fchmtesten ist die Ballonfahrt des Schweden Salomon Andre\u00e9 im Jahr 1897. Am 11. Juli startete der Ballon \u201e\u00d6rnen\u201c von Virgohamna aus, aber der Ballon blieb nur wenige Tage in der Luft. Erst 1930 wurden die \u00dcberreste der Expedition zuf\u00e4llig von einem Jagdboot auf Kvit\u00f8ya gefunden. Auch Roald Amundsen und der Italiener Umberto Nobile flogen von Svalbard aus in Richtung Nordpol, und 1926 \u00fcberflogen sie gemeinsam den Nordpol im Luftschiff \u201eNorge\u201c. Sie nutzten Ny-\u00c5lesund als Ausgangspunkt, und der Mast, an dem das Luftschiff festgemacht war, steht noch immer dort.       <\/p>\n<p>Die verschiedenen Expeditionen hatten viele unterschiedliche Ziele. \u00c4u\u00dferlich standen die wissenschaftlichen Ziele im Vordergrund. Aber Expeditionsleiter, Teilnehmer und Sponsoren waren oft gleicherma\u00dfen von \u00dcberlegungen zum nationalen und pers\u00f6nlichen Prestige motiviert. Die Arktis bot reichlich Gelegenheit f\u00fcr Aufmerksamkeit. Es gab Raum f\u00fcr Heldentaten und Errungenschaften &#8211; Taten, die nach der R\u00fcckkehr in die Heimat zu nationalen Symbolen und pers\u00f6nlichem Status wurden &#8211; ob Sie nun tot oder lebendig waren.    <\/p>\n<h2>Bergbau (1900 &#8211; )<\/h2>\n<p>Die Bergbauaktivit\u00e4ten ab etwa 1900 basierten auf den neuen Forschungsergebnissen und den guten Preisen f\u00fcr Rohstoffe im neu industrialisierten Europa. Die Kohlereserven waren von gr\u00f6\u00dftem Interesse, aber in Spitzbergen wurde auch kurzfristig Phosphor, Gold, Zink, Blei, Kupfer, Gips und Marmor abgebaut. <\/p>\n<p>Zu Beginn des 20. Jahrhunderts war Svalbard noch Niemandsland, und der Start war chaotisch. Viele Menschen verloren eine Menge Geld bei einem turbulenten, aber wackeligen Industrieabenteuer. Es gab kostspielige Eink\u00e4ufe und Transporte von Ausr\u00fcstung, Besatzung und Proviant, den Bau von Geb\u00e4uden und Einrichtungen.  <\/p>\n<p>Der Kohlebergbau ist die einzige Aktivit\u00e4t, die seit mehr als hundert Jahren \u00fcberlebt hat. Er hat den Grundstein f\u00fcr die ganzj\u00e4hrig bewohnten Gemeinden in <a title=\"Longyearbyen\" href=\"https:\/\/www.svalbardblues.com\/longyearbyen\/\">Longyearbyen<\/a>, Svea Mine, Barentsburg und Ny-\u00c5lesund gelegt. <\/p>\n","protected":false},"excerpt":{"rendered":"<p>&nbsp; Geschichte von Svalbard Willem Barentsz entdeckte Svalbard im Jahr 1596. Seitdem hat Svalbard raue Geschichten \u00fcber Jagd, Bergbau und unglaubliche Expeditionen hervorgebracht. Svalbard war noch nie ein Ort, an dem Menschen ihr ganzes Leben leben und an dem Familien \u00fcber Generationen hinweg weitergegeben werden. Die Menschen sind gekommen und gegangen, und Svalbard hat daher &#8230; <\/p>\n<p class=\"read-more-container\"><a title=\"Geschichte von Svalbard\" class=\"read-more button\" href=\"https:\/\/www.svalbardblues.com\/de\/svalbard\/historie\/#more-23786\" aria-label=\"Mehr Informationen \u00fcber Geschichte von Svalbard\">Read more<\/a><\/p>\n","protected":false},"author":1,"featured_media":0,"parent":23778,"menu_order":0,"comment_status":"closed","ping_status":"closed","template":"","meta":{"inline_featured_image":false,"footnotes":""},"class_list":["post-23786","page","type-page","status-publish"],"yoast_head":"<!-- This site is optimized with the Yoast SEO Premium plugin v26.2 (Yoast SEO v27.4) - https:\/\/yoast.com\/product\/yoast-seo-premium-wordpress\/ -->\n<title>Geschichte von Svalbard | SVALBARD<\/title>\n<meta name=\"description\" content=\"Willem Barentsz entdeckte Svalbard im Jahr 1596. Seitdem hat Svalbard raue Geschichten \u00fcber Jagd, Bergbau und Expeditionen hervorgebracht.\" \/>\n<meta name=\"robots\" content=\"index, follow, max-snippet:-1, max-image-preview:large, max-video-preview:-1\" \/>\n<link rel=\"canonical\" href=\"https:\/\/www.svalbardblues.com\/de\/svalbard\/historie\/\" \/>\n<meta property=\"og:locale\" content=\"de_DE\" \/>\n<meta property=\"og:type\" content=\"article\" \/>\n<meta property=\"og:title\" content=\"Geschichte von Svalbard\" \/>\n<meta property=\"og:description\" content=\"Willem Barentsz entdeckte Svalbard im Jahr 1596. Seitdem hat Svalbard raue Geschichten \u00fcber Jagd, Bergbau und Expeditionen hervorgebracht.\" \/>\n<meta property=\"og:url\" content=\"https:\/\/www.svalbardblues.com\/de\/svalbard\/historie\/\" \/>\n<meta property=\"og:site_name\" content=\"Dark Season Blues | SVALBARD\" \/>\n<meta property=\"article:publisher\" content=\"https:\/\/www.facebook.com\/DarkSeasonBlues\" \/>\n<meta property=\"og:image\" content=\"https:\/\/www.svalbardblues.com\/wp-content\/uploads\/2017\/10\/DSB2017-Illustrasjon-900-350.jpg\" \/>\n\t<meta property=\"og:image:width\" content=\"900\" \/>\n\t<meta property=\"og:image:height\" content=\"350\" \/>\n\t<meta property=\"og:image:type\" content=\"image\/jpeg\" \/>\n<meta name=\"twitter:label1\" content=\"Gesch\u00e4tzte Lesezeit\" \/>\n\t<meta name=\"twitter:data1\" content=\"6\u00a0Minuten\" \/>\n<script type=\"application\/ld+json\" class=\"yoast-schema-graph\">{\"@context\":\"https:\\\/\\\/schema.org\",\"@graph\":[{\"@type\":\"WebPage\",\"@id\":\"https:\\\/\\\/www.svalbardblues.com\\\/de\\\/svalbard\\\/historie\\\/\",\"url\":\"https:\\\/\\\/www.svalbardblues.com\\\/de\\\/svalbard\\\/historie\\\/\",\"name\":\"Geschichte von Svalbard | SVALBARD\",\"isPartOf\":{\"@id\":\"https:\\\/\\\/www.svalbardblues.com\\\/de\\\/#website\"},\"datePublished\":\"2011-04-08T07:53:02+00:00\",\"description\":\"Willem Barentsz entdeckte Svalbard im Jahr 1596. Seitdem hat Svalbard raue Geschichten \u00fcber Jagd, Bergbau und Expeditionen hervorgebracht.\",\"breadcrumb\":{\"@id\":\"https:\\\/\\\/www.svalbardblues.com\\\/de\\\/svalbard\\\/historie\\\/#breadcrumb\"},\"inLanguage\":\"de\",\"potentialAction\":[{\"@type\":\"ReadAction\",\"target\":[\"https:\\\/\\\/www.svalbardblues.com\\\/de\\\/svalbard\\\/historie\\\/\"]}]},{\"@type\":\"BreadcrumbList\",\"@id\":\"https:\\\/\\\/www.svalbardblues.com\\\/de\\\/svalbard\\\/historie\\\/#breadcrumb\",\"itemListElement\":[{\"@type\":\"ListItem\",\"position\":1,\"name\":\"Hjem\",\"item\":\"https:\\\/\\\/www.svalbardblues.com\\\/de\\\/\"},{\"@type\":\"ListItem\",\"position\":2,\"name\":\"Svalbard, Fakten und Informationen\",\"item\":\"https:\\\/\\\/www.svalbardblues.com\\\/de\\\/svalbard\\\/\"},{\"@type\":\"ListItem\",\"position\":3,\"name\":\"Geschichte von Svalbard\"}]},{\"@type\":\"WebSite\",\"@id\":\"https:\\\/\\\/www.svalbardblues.com\\\/de\\\/#website\",\"url\":\"https:\\\/\\\/www.svalbardblues.com\\\/de\\\/\",\"name\":\"Dark Season Blues | SVALBARD\",\"description\":\"The World&#039;s Northenmost Blues Festival\",\"publisher\":{\"@id\":\"https:\\\/\\\/www.svalbardblues.com\\\/de\\\/#organization\"},\"potentialAction\":[{\"@type\":\"SearchAction\",\"target\":{\"@type\":\"EntryPoint\",\"urlTemplate\":\"https:\\\/\\\/www.svalbardblues.com\\\/de\\\/?s={search_term_string}\"},\"query-input\":{\"@type\":\"PropertyValueSpecification\",\"valueRequired\":true,\"valueName\":\"search_term_string\"}}],\"inLanguage\":\"de\"},{\"@type\":\"Organization\",\"@id\":\"https:\\\/\\\/www.svalbardblues.com\\\/de\\\/#organization\",\"name\":\"Dark Season Blues\",\"url\":\"https:\\\/\\\/www.svalbardblues.com\\\/de\\\/\",\"logo\":{\"@type\":\"ImageObject\",\"inLanguage\":\"de\",\"@id\":\"https:\\\/\\\/www.svalbardblues.com\\\/de\\\/#\\\/schema\\\/logo\\\/image\\\/\",\"url\":\"https:\\\/\\\/www.svalbardblues.com\\\/wp-content\\\/uploads\\\/2017\\\/06\\\/DSB2017-Illustrasjon-620.jpg\",\"contentUrl\":\"https:\\\/\\\/www.svalbardblues.com\\\/wp-content\\\/uploads\\\/2017\\\/06\\\/DSB2017-Illustrasjon-620.jpg\",\"width\":620,\"height\":488,\"caption\":\"Dark Season Blues\"},\"image\":{\"@id\":\"https:\\\/\\\/www.svalbardblues.com\\\/de\\\/#\\\/schema\\\/logo\\\/image\\\/\"},\"sameAs\":[\"https:\\\/\\\/www.facebook.com\\\/DarkSeasonBlues\",\"https:\\\/\\\/x.com\\\/DarkSeasonBlues\",\"https:\\\/\\\/www.instagram.com\\\/darkseasonblues\\\/\",\"https:\\\/\\\/no.wikipedia.org\\\/wiki\\\/Dark_Season_Blues\"]}]}<\/script>\n<!-- \/ Yoast SEO Premium plugin. -->","yoast_head_json":{"title":"Geschichte von Svalbard | SVALBARD","description":"Willem Barentsz entdeckte Svalbard im Jahr 1596. Seitdem hat Svalbard raue Geschichten \u00fcber Jagd, Bergbau und Expeditionen hervorgebracht.","robots":{"index":"index","follow":"follow","max-snippet":"max-snippet:-1","max-image-preview":"max-image-preview:large","max-video-preview":"max-video-preview:-1"},"canonical":"https:\/\/www.svalbardblues.com\/de\/svalbard\/historie\/","og_locale":"de_DE","og_type":"article","og_title":"Geschichte von Svalbard","og_description":"Willem Barentsz entdeckte Svalbard im Jahr 1596. Seitdem hat Svalbard raue Geschichten \u00fcber Jagd, Bergbau und Expeditionen hervorgebracht.","og_url":"https:\/\/www.svalbardblues.com\/de\/svalbard\/historie\/","og_site_name":"Dark Season Blues | SVALBARD","article_publisher":"https:\/\/www.facebook.com\/DarkSeasonBlues","og_image":[{"width":900,"height":350,"url":"https:\/\/www.svalbardblues.com\/wp-content\/uploads\/2017\/10\/DSB2017-Illustrasjon-900-350.jpg","type":"image\/jpeg"}],"twitter_misc":{"Gesch\u00e4tzte Lesezeit":"6\u00a0Minuten"},"schema":{"@context":"https:\/\/schema.org","@graph":[{"@type":"WebPage","@id":"https:\/\/www.svalbardblues.com\/de\/svalbard\/historie\/","url":"https:\/\/www.svalbardblues.com\/de\/svalbard\/historie\/","name":"Geschichte von Svalbard | SVALBARD","isPartOf":{"@id":"https:\/\/www.svalbardblues.com\/de\/#website"},"datePublished":"2011-04-08T07:53:02+00:00","description":"Willem Barentsz entdeckte Svalbard im Jahr 1596. Seitdem hat Svalbard raue Geschichten \u00fcber Jagd, Bergbau und Expeditionen hervorgebracht.","breadcrumb":{"@id":"https:\/\/www.svalbardblues.com\/de\/svalbard\/historie\/#breadcrumb"},"inLanguage":"de","potentialAction":[{"@type":"ReadAction","target":["https:\/\/www.svalbardblues.com\/de\/svalbard\/historie\/"]}]},{"@type":"BreadcrumbList","@id":"https:\/\/www.svalbardblues.com\/de\/svalbard\/historie\/#breadcrumb","itemListElement":[{"@type":"ListItem","position":1,"name":"Hjem","item":"https:\/\/www.svalbardblues.com\/de\/"},{"@type":"ListItem","position":2,"name":"Svalbard, Fakten und Informationen","item":"https:\/\/www.svalbardblues.com\/de\/svalbard\/"},{"@type":"ListItem","position":3,"name":"Geschichte von Svalbard"}]},{"@type":"WebSite","@id":"https:\/\/www.svalbardblues.com\/de\/#website","url":"https:\/\/www.svalbardblues.com\/de\/","name":"Dark Season Blues | SVALBARD","description":"The World&#039;s Northenmost Blues Festival","publisher":{"@id":"https:\/\/www.svalbardblues.com\/de\/#organization"},"potentialAction":[{"@type":"SearchAction","target":{"@type":"EntryPoint","urlTemplate":"https:\/\/www.svalbardblues.com\/de\/?s={search_term_string}"},"query-input":{"@type":"PropertyValueSpecification","valueRequired":true,"valueName":"search_term_string"}}],"inLanguage":"de"},{"@type":"Organization","@id":"https:\/\/www.svalbardblues.com\/de\/#organization","name":"Dark Season Blues","url":"https:\/\/www.svalbardblues.com\/de\/","logo":{"@type":"ImageObject","inLanguage":"de","@id":"https:\/\/www.svalbardblues.com\/de\/#\/schema\/logo\/image\/","url":"https:\/\/www.svalbardblues.com\/wp-content\/uploads\/2017\/06\/DSB2017-Illustrasjon-620.jpg","contentUrl":"https:\/\/www.svalbardblues.com\/wp-content\/uploads\/2017\/06\/DSB2017-Illustrasjon-620.jpg","width":620,"height":488,"caption":"Dark Season Blues"},"image":{"@id":"https:\/\/www.svalbardblues.com\/de\/#\/schema\/logo\/image\/"},"sameAs":["https:\/\/www.facebook.com\/DarkSeasonBlues","https:\/\/x.com\/DarkSeasonBlues","https:\/\/www.instagram.com\/darkseasonblues\/","https:\/\/no.wikipedia.org\/wiki\/Dark_Season_Blues"]}]}},"_links":{"self":[{"href":"https:\/\/www.svalbardblues.com\/de\/wp-json\/wp\/v2\/pages\/23786","targetHints":{"allow":["GET"]}}],"collection":[{"href":"https:\/\/www.svalbardblues.com\/de\/wp-json\/wp\/v2\/pages"}],"about":[{"href":"https:\/\/www.svalbardblues.com\/de\/wp-json\/wp\/v2\/types\/page"}],"author":[{"embeddable":true,"href":"https:\/\/www.svalbardblues.com\/de\/wp-json\/wp\/v2\/users\/1"}],"replies":[{"embeddable":true,"href":"https:\/\/www.svalbardblues.com\/de\/wp-json\/wp\/v2\/comments?post=23786"}],"version-history":[{"count":0,"href":"https:\/\/www.svalbardblues.com\/de\/wp-json\/wp\/v2\/pages\/23786\/revisions"}],"up":[{"embeddable":true,"href":"https:\/\/www.svalbardblues.com\/de\/wp-json\/wp\/v2\/pages\/23778"}],"wp:attachment":[{"href":"https:\/\/www.svalbardblues.com\/de\/wp-json\/wp\/v2\/media?parent=23786"}],"curies":[{"name":"wp","href":"https:\/\/api.w.org\/{rel}","templated":true}]}}