{"id":23797,"date":"2011-04-08T13:01:39","date_gmt":"2011-04-08T13:01:39","guid":{"rendered":"https:\/\/www.svalbardblues.com\/historie-longyearbyen\/"},"modified":"2025-06-05T09:17:53","modified_gmt":"2025-06-05T09:17:53","slug":"historie-longyearbyen","status":"publish","type":"page","link":"https:\/\/www.svalbardblues.com\/de\/longyearbyen\/historie-longyearbyen\/","title":{"rendered":"Geschichte von Longyearbyen"},"content":{"rendered":"<h2>  Longyearbyen wurde 1906 gegr\u00fcndet &#8211; Geschichte<\/h2>\n<figure id=\"attachment_4241\" aria-describedby=\"caption-attachment-4241\" style=\"width: 590px\" class=\"wp-caption aligncenter\"><img fetchpriority=\"high\" decoding=\"async\" class=\"size-full wp-image-4241 \" title=\"Langyearbyen-1908\" src=\"https:\/\/www.svalbardblues.com\/wp-content\/uploads\/2011\/04\/Longyearbyen-1906.jpg\" alt=\"Erste Ansiedlung in Longyearbyen im Jahr 1908\" width=\"600\" height=\"336\" srcset=\"https:\/\/www.svalbardblues.com\/wp-content\/uploads\/2011\/04\/Longyearbyen-1906.jpg 600w, https:\/\/www.svalbardblues.com\/wp-content\/uploads\/2011\/04\/Longyearbyen-1906-300x168.jpg 300w\" sizes=\"(max-width: 600px) 100vw, 600px\" \/><figcaption id=\"caption-attachment-4241\" class=\"wp-caption-text\">Longyearbyen 1906<\/figcaption><\/figure>\n<h2>John Munro Longyear<\/h2>\n<figure id=\"attachment_4242\" aria-describedby=\"caption-attachment-4242\" style=\"width: 168px\" class=\"wp-caption alignright\"><a href=\"https:\/\/www.svalbardblues.com\/wp-content\/uploads\/2011\/04\/John-Longyear.jpg\"><img decoding=\"async\" class=\"size-full wp-image-4242\" title=\"John Munro Longyear\" src=\"https:\/\/www.svalbardblues.com\/wp-content\/uploads\/2011\/04\/John-Longyear.jpg\" alt=\"John Munro Longyear in Svalbard. Niederlassung Longyearbyen\" width=\"178\" height=\"283\"><\/a><figcaption id=\"caption-attachment-4242\" class=\"wp-caption-text\">John Munro Longyear<\/figcaption><\/figure>\n<p>Im Jahr 1901 reiste der Amerikaner John Munro Longyear mit seiner Frau Mary und den f\u00fcnf Kindern auf eine Kreuzfahrt nach <a title=\"Svalbard\" href=\"https:\/\/www.svalbardblues.com\/de\/svalbard\/\">Spitzbergen<\/a>. Longyear war ein 51-j\u00e4hriger Gesch\u00e4ftsmann aus Michigan mit Interessen in den Bereichen Bergbau, Eisenbahnen, Forstwirtschaft, Holzhandel, Immobilien und Bankwesen. Er war weit gereist und belesen, kenntnisreich und kultiviert und engagierte sich sowohl in der Politik als auch in der Geschichte. Longjears Familienreise nach Spitzbergen im Jahr 1901 legte den Grundstein f\u00fcr die Gr\u00fcndung von Longyearbyen.   <\/p>\n<p>Der Vater von Longyearbyen war ein Abstinenzler und verbrachte wahrscheinlich mehr Zeit in der Bibliothek des Kreuzfahrtschiffes als in der Bar. Dort konnte er sich \u00fcber Spitzbergen informieren und sich mit den Menschen an Bord unterhalten. Und obwohl er im Urlaub war, hatte er wahrscheinlich ein scharfes Auge f\u00fcr das wirtschaftliche Potenzial der nat\u00fcrlichen Ressourcen. Im Recherchefjorden, s\u00fcdlich von Spitzbergen, sah er die Kohleexpedition von Chr. Michelsen in der heutigen Calypso Town, und Longjears Interesse war geweckt.   <\/p>\n<h2>Adventfjorden im Jahr 1903<\/h2>\n<p>Im Sommer 1903 kehrte er zur\u00fcck und besuchte den Adventfjord, wo sich <a title=\"Longyearbyen\" href=\"https:\/\/www.svalbardblues.com\/de\/longyearbyen\/\">Longyearbyen<\/a> befindet. Hier sammelte er Kohleproben aus den Lagerst\u00e4tten der Trondhjem-Spitsbergen Coal Company im Blomsterdalen und am Berghang oberhalb von Hotellneset. Die Kohle wurde in den USA analysiert und die Ergebnisse waren sehr positiv. Auf dieser Grundlage gr\u00fcndete Longyear das Unternehmen Ayer &amp; Longyear, das Verhandlungen \u00fcber die \u00dcbernahme der Tr\u00f8ndelag-Gesellschaft aufnahm. Im Jahr 1904 kam es zu einer Einigung und Ayer &amp; Longyear kaufte das Kohleunternehmen.    <\/p>\n<p>Die erste Kohleexpedition von Ayer &amp; Longyear in das Gebiet, das sp\u00e4ter Longyearbyen werden sollte, wurde von Longyears Neffen W.D. Munroe geleitet. Die Expedition kam am 2. Juni 1905 mit dem Schiff D\/S \u201eItuna\u201c im Adventfjord an, und es waren 25 Bergleute an Bord. Einer der Stopps der Bergleute lag ein St\u00fcck weiter oben im Berg, in der N\u00e4he der Stelle, wo heute der Weg zum Plat\u00e5berget hinauff\u00fchrt. Munroe fand jedoch 700 Meter weiter \u00f6stlich ein besseres Kohlefl\u00f6z. Vom Meer aus wurde ein Schienenstrang f\u00fcr Draisinen angelegt und ein Einschnitt in den Hang gemacht, um ihn zu \u00fcberwinden. Dieser Eingriff gab Longyearbyen seinen ersten lokalen Namen \u201eSkj\u00e6ringa\u201c.      <\/p>\n<h2>Ganzj\u00e4hrig bewohnbare H\u00e4user im Jahr 1906<\/h2>\n<p>Die Kohlef\u00f6rderung im Jahr 1905 war so vielversprechend, dass Ayer &amp; Longyear im Februar 1906 die Arctic Coal Company gr\u00fcndeten. Ende Mai verlie\u00df ein 850 Tonnen schweres Stahlschiff namens \u201ePrimo\u201c Trondheim in Richtung Adventfjord. Auch dieses Mal stand es unter dem Kommando von W.D. Munroe. Etwa 50 M\u00e4nner waren an Bord, und das Deck war mit Holz, dreieinhalb Tonnen Dynamit und Munroes Pferd gef\u00fcllt. Der Adventfjord war immer noch vereist, und die \u201ePrimo\u201c musste am 10. Juni in Hotelneset anlegen.<br \/>\n<strong>Das Hotel in Hotelneset wurde 1896<\/strong> von Vester\u00e5lens Dampskipsselskap <strong>gebaut<\/strong> und war Teil des Vertrags zwischen Ayer &amp; Longyear und Trondhjem-Spitsbergen Kulkompani im Jahr 1904. Bis zu 40 M\u00e4nner wohnten dort, w\u00e4hrend der Rest in Zelten im Freien schlief. <\/p>\n<figure id=\"attachment_4244\" aria-describedby=\"caption-attachment-4244\" style=\"width: 590px\" class=\"wp-caption aligncenter\"><img decoding=\"async\" class=\"size-full wp-image-4244\" title=\"hotel-hotellneset-1896\" src=\"https:\/\/www.svalbardblues.com\/wp-content\/uploads\/2011\/04\/hotell-hotellneset-18961.jpg\" alt=\"Das Hotel Hotelneset in Svalbard im Jahr 1896\" width=\"600\" height=\"301\" srcset=\"https:\/\/www.svalbardblues.com\/wp-content\/uploads\/2011\/04\/hotell-hotellneset-18961.jpg 600w, https:\/\/www.svalbardblues.com\/wp-content\/uploads\/2011\/04\/hotell-hotellneset-18961-300x150.jpg 300w\" sizes=\"(max-width: 600px) 100vw, 600px\" \/><figcaption id=\"caption-attachment-4244\" class=\"wp-caption-text\">Hotellneset 1896<\/figcaption><\/figure>\n<p>Ein schwerer Sturm verhinderte zw\u00f6lf Tage lang das Entladen, aber dann konnten sie Holz und Ausr\u00fcstung in das Seegebiet bringen, wo die Eisenbahn begann. Diese wurde unter der Minen\u00f6ffnung bis zu der Mine verl\u00e4ngert, die sp\u00e4ter <strong>Amerikanergruva<\/strong> genannt wurde. Wir k\u00f6nnen sie immer noch am Berghang sehen. Die Draisinenbahn transportierte Ausr\u00fcstung nach oben und Kohle nach unten zum Meer.   <\/p>\n<figure id=\"attachment_4245\" aria-describedby=\"caption-attachment-4245\" style=\"width: 590px\" class=\"wp-caption aligncenter\"><img loading=\"lazy\" decoding=\"async\" class=\"size-full wp-image-4245\" title=\"Mine1-langj\u00e4hrigbyen\" src=\"https:\/\/www.svalbardblues.com\/wp-content\/uploads\/2011\/04\/Gruve-longyearbyen.jpg\" alt=\"Mine 1, amerikanische Mine, er\u00f6ffnet 1906 von John Munro Longyear\" width=\"600\" height=\"301\" srcset=\"https:\/\/www.svalbardblues.com\/wp-content\/uploads\/2011\/04\/Gruve-longyearbyen.jpg 600w, https:\/\/www.svalbardblues.com\/wp-content\/uploads\/2011\/04\/Gruve-longyearbyen-300x150.jpg 300w\" sizes=\"(max-width: 600px) 100vw, 600px\" \/><figcaption id=\"caption-attachment-4245\" class=\"wp-caption-text\">Gruve 1, Amerikanergruva<\/figcaption><\/figure>\n<h2>Ganzj\u00e4hrig bewohnbare H\u00e4user wurden gebaut<\/h2>\n<p>Zehn H\u00e4user wurden gebaut, eine Wasserversorgung eingerichtet und die Arbeiter begannen mit der Arbeit an der Seilbahn, die die Kohle von der Minen\u00f6ffnung hinunter zum Meer transportieren sollte. Der Plan war, den Ladekai im Sommer zu bauen, aber die durch den Sturm verursachte Verz\u00f6gerung verhinderte dies. Der Minenschacht wurde 65 Meter tief in ein Kohlefl\u00f6z von 1,30 Metern Tiefe getrieben. Munroe beschrieb die Betriebsm\u00f6glichkeiten als gut, und der Direktor der Nordenfjeld Steamship Company kam als Tourist vorbei und wollte 50.000 Tonnen Kohle f\u00fcr das n\u00e4chste Jahr kaufen. Die D\/S \u201eItuna\u201c verkehrte im Sommer 1906 zwischen Longyearbyen und H\u00e4fen in Nordnorwegen, und die letzte Fahrt nach unten fand am 2. Oktober statt. Die Hauptbesatzung reiste ebenfalls ab, aber 22 M\u00e4nner unter der Leitung von Bert Mangham blieben zur\u00fcck, um den Winter in der neuen Bergbaustadt zu verbringen. Dies war die erste \u00dcberwinterung in einer fast ununterbrochenen Serie von 100 Jahren. Die Ausnahmen sind ein paar Jahre w\u00e4hrend des Zweiten Weltkriegs.       <\/p>\n<figure id=\"attachment_4246\" aria-describedby=\"caption-attachment-4246\" style=\"width: 450px\" class=\"wp-caption aligncenter\"><img loading=\"lazy\" decoding=\"async\" class=\"size-full wp-image-4246\" title=\"kai_longyearbyen-1907\" src=\"https:\/\/www.svalbardblues.com\/wp-content\/uploads\/2011\/04\/kai_longyearbyen-1907.jpeg\" alt=\"Der erste Kai in Longyearbyen wurde im Jahr 1907 gebaut.\" width=\"460\" height=\"275\" srcset=\"https:\/\/www.svalbardblues.com\/wp-content\/uploads\/2011\/04\/kai_longyearbyen-1907.jpeg 460w, https:\/\/www.svalbardblues.com\/wp-content\/uploads\/2011\/04\/kai_longyearbyen-1907-300x179.jpg 300w\" sizes=\"(max-width: 460px) 100vw, 460px\" \/><figcaption id=\"caption-attachment-4246\" class=\"wp-caption-text\">F\u00f8rste kaia ble bygget i 1907<\/figcaption><\/figure>\n<p><strong>1906 war das erste Jahr, in dem die Stadt winterfest gemacht wurde<\/strong> und die Menschen l\u00e4nger als nur eine kurze Sommersaison blieben. <strong>Es war auch das Jahr 1906, in dem W.D. Munroe der Stadt den Namen Longyear City gab (auch The Camp und ab 1925 Longyearbyen genannt)<\/strong>. 10. Der Juni war der Tag, an dem die Stadt gegr\u00fcndet wurde. Die Arbeiter, die die ersten ganzj\u00e4hrig bewohnten H\u00e4user in Longyearbyen bauten, trafen ein, und sp\u00e4ter im Winter begannen die Arbeiten an einem Kai. Der Kai zeigt, dass der Ort eine feste Siedlung haben sollte, und er erm\u00f6glichte eine st\u00e4ndige Kommunikation und den Transport von Kohle zum Festland und von Waren nach Longyearbyen. Dies war der erste permanente Kai in Svalbard, und die \u00dcberreste der alten Kaifundamente sind noch heute unter Gammelkaia zu sehen.   <\/p>\n<pre>Kilde: Per Kyrre Reymert, kulturminner\u00e5dgiver hos Sysselmannen p\u00e5 Svalbard<\/pre>\n","protected":false},"excerpt":{"rendered":"<p>Longyearbyen wurde 1906 gegr\u00fcndet &#8211; Geschichte John Munro Longyear Im Jahr 1901 reiste der Amerikaner John Munro Longyear mit seiner Frau Mary und den f\u00fcnf Kindern auf eine Kreuzfahrt nach Spitzbergen. Longyear war ein 51-j\u00e4hriger Gesch\u00e4ftsmann aus Michigan mit Interessen in den Bereichen Bergbau, Eisenbahnen, Forstwirtschaft, Holzhandel, Immobilien und Bankwesen. Er war weit gereist und &#8230; <\/p>\n<p class=\"read-more-container\"><a title=\"Geschichte von Longyearbyen\" class=\"read-more button\" href=\"https:\/\/www.svalbardblues.com\/de\/longyearbyen\/historie-longyearbyen\/#more-23797\" aria-label=\"Mehr Informationen \u00fcber Geschichte von Longyearbyen\">Read more<\/a><\/p>\n","protected":false},"author":1,"featured_media":0,"parent":23841,"menu_order":0,"comment_status":"closed","ping_status":"closed","template":"","meta":{"inline_featured_image":false,"footnotes":""},"class_list":["post-23797","page","type-page","status-publish"],"yoast_head":"<!-- This site is optimized with the Yoast SEO Premium plugin v26.2 (Yoast SEO v27.4) - https:\/\/yoast.com\/product\/yoast-seo-premium-wordpress\/ -->\n<title>Geschichte - Longyearbyen | Longyearbyen | SVALBARD<\/title>\n<meta name=\"description\" content=\"Geschichte: 1906 war die erste \u00dcberwinterung in Longyearbyen. Es war auch das Jahr 1906, in dem W.D. Munroe die Stadt Longyear City nannte.\" \/>\n<meta name=\"robots\" content=\"index, follow, max-snippet:-1, max-image-preview:large, max-video-preview:-1\" \/>\n<link rel=\"canonical\" href=\"https:\/\/www.svalbardblues.com\/de\/longyearbyen\/historie-longyearbyen\/\" \/>\n<meta property=\"og:locale\" content=\"de_DE\" \/>\n<meta property=\"og:type\" content=\"article\" \/>\n<meta property=\"og:title\" content=\"Geschichte von Longyearbyen\" \/>\n<meta property=\"og:description\" content=\"Geschichte: 1906 war die erste \u00dcberwinterung in Longyearbyen. Es war auch das Jahr 1906, in dem W.D. Munroe die Stadt Longyear City nannte.\" \/>\n<meta property=\"og:url\" content=\"https:\/\/www.svalbardblues.com\/de\/longyearbyen\/historie-longyearbyen\/\" \/>\n<meta property=\"og:site_name\" content=\"Dark Season Blues | SVALBARD\" \/>\n<meta property=\"article:publisher\" content=\"https:\/\/www.facebook.com\/DarkSeasonBlues\" \/>\n<meta property=\"article:modified_time\" content=\"2025-06-05T09:17:53+00:00\" \/>\n<meta property=\"og:image\" content=\"https:\/\/www.svalbardblues.com\/wp-content\/uploads\/2011\/04\/Longyearbyen-1906.jpg\" \/>\n\t<meta property=\"og:image:width\" content=\"600\" \/>\n\t<meta property=\"og:image:height\" content=\"336\" \/>\n\t<meta property=\"og:image:type\" content=\"image\/jpeg\" \/>\n<meta name=\"twitter:label1\" content=\"Gesch\u00e4tzte Lesezeit\" \/>\n\t<meta name=\"twitter:data1\" content=\"5\u00a0Minuten\" \/>\n<script type=\"application\/ld+json\" class=\"yoast-schema-graph\">{\"@context\":\"https:\\\/\\\/schema.org\",\"@graph\":[{\"@type\":\"WebPage\",\"@id\":\"https:\\\/\\\/www.svalbardblues.com\\\/de\\\/longyearbyen\\\/historie-longyearbyen\\\/\",\"url\":\"https:\\\/\\\/www.svalbardblues.com\\\/de\\\/longyearbyen\\\/historie-longyearbyen\\\/\",\"name\":\"Geschichte - Longyearbyen | Longyearbyen | SVALBARD\",\"isPartOf\":{\"@id\":\"https:\\\/\\\/www.svalbardblues.com\\\/de\\\/#website\"},\"primaryImageOfPage\":{\"@id\":\"https:\\\/\\\/www.svalbardblues.com\\\/de\\\/longyearbyen\\\/historie-longyearbyen\\\/#primaryimage\"},\"image\":{\"@id\":\"https:\\\/\\\/www.svalbardblues.com\\\/de\\\/longyearbyen\\\/historie-longyearbyen\\\/#primaryimage\"},\"thumbnailUrl\":\"https:\\\/\\\/www.svalbardblues.com\\\/wp-content\\\/uploads\\\/2011\\\/04\\\/Longyearbyen-1906.jpg\",\"datePublished\":\"2011-04-08T13:01:39+00:00\",\"dateModified\":\"2025-06-05T09:17:53+00:00\",\"description\":\"Geschichte: 1906 war die erste \u00dcberwinterung in Longyearbyen. Es war auch das Jahr 1906, in dem W.D. Munroe die Stadt Longyear City nannte.\",\"breadcrumb\":{\"@id\":\"https:\\\/\\\/www.svalbardblues.com\\\/de\\\/longyearbyen\\\/historie-longyearbyen\\\/#breadcrumb\"},\"inLanguage\":\"de\",\"potentialAction\":[{\"@type\":\"ReadAction\",\"target\":[\"https:\\\/\\\/www.svalbardblues.com\\\/de\\\/longyearbyen\\\/historie-longyearbyen\\\/\"]}]},{\"@type\":\"ImageObject\",\"inLanguage\":\"de\",\"@id\":\"https:\\\/\\\/www.svalbardblues.com\\\/de\\\/longyearbyen\\\/historie-longyearbyen\\\/#primaryimage\",\"url\":\"https:\\\/\\\/www.svalbardblues.com\\\/wp-content\\\/uploads\\\/2011\\\/04\\\/Longyearbyen-1906.jpg\",\"contentUrl\":\"https:\\\/\\\/www.svalbardblues.com\\\/wp-content\\\/uploads\\\/2011\\\/04\\\/Longyearbyen-1906.jpg\"},{\"@type\":\"BreadcrumbList\",\"@id\":\"https:\\\/\\\/www.svalbardblues.com\\\/de\\\/longyearbyen\\\/historie-longyearbyen\\\/#breadcrumb\",\"itemListElement\":[{\"@type\":\"ListItem\",\"position\":1,\"name\":\"Hjem\",\"item\":\"https:\\\/\\\/www.svalbardblues.com\\\/de\\\/\"},{\"@type\":\"ListItem\",\"position\":2,\"name\":\"Longyearbyen\",\"item\":\"https:\\\/\\\/www.svalbardblues.com\\\/de\\\/longyearbyen\\\/\"},{\"@type\":\"ListItem\",\"position\":3,\"name\":\"Geschichte von Longyearbyen\"}]},{\"@type\":\"WebSite\",\"@id\":\"https:\\\/\\\/www.svalbardblues.com\\\/de\\\/#website\",\"url\":\"https:\\\/\\\/www.svalbardblues.com\\\/de\\\/\",\"name\":\"Dark Season Blues | SVALBARD\",\"description\":\"The World&#039;s Northenmost Blues Festival\",\"publisher\":{\"@id\":\"https:\\\/\\\/www.svalbardblues.com\\\/de\\\/#organization\"},\"potentialAction\":[{\"@type\":\"SearchAction\",\"target\":{\"@type\":\"EntryPoint\",\"urlTemplate\":\"https:\\\/\\\/www.svalbardblues.com\\\/de\\\/?s={search_term_string}\"},\"query-input\":{\"@type\":\"PropertyValueSpecification\",\"valueRequired\":true,\"valueName\":\"search_term_string\"}}],\"inLanguage\":\"de\"},{\"@type\":\"Organization\",\"@id\":\"https:\\\/\\\/www.svalbardblues.com\\\/de\\\/#organization\",\"name\":\"Dark Season Blues\",\"url\":\"https:\\\/\\\/www.svalbardblues.com\\\/de\\\/\",\"logo\":{\"@type\":\"ImageObject\",\"inLanguage\":\"de\",\"@id\":\"https:\\\/\\\/www.svalbardblues.com\\\/de\\\/#\\\/schema\\\/logo\\\/image\\\/\",\"url\":\"https:\\\/\\\/www.svalbardblues.com\\\/wp-content\\\/uploads\\\/2017\\\/06\\\/DSB2017-Illustrasjon-620.jpg\",\"contentUrl\":\"https:\\\/\\\/www.svalbardblues.com\\\/wp-content\\\/uploads\\\/2017\\\/06\\\/DSB2017-Illustrasjon-620.jpg\",\"width\":620,\"height\":488,\"caption\":\"Dark Season Blues\"},\"image\":{\"@id\":\"https:\\\/\\\/www.svalbardblues.com\\\/de\\\/#\\\/schema\\\/logo\\\/image\\\/\"},\"sameAs\":[\"https:\\\/\\\/www.facebook.com\\\/DarkSeasonBlues\",\"https:\\\/\\\/x.com\\\/DarkSeasonBlues\",\"https:\\\/\\\/www.instagram.com\\\/darkseasonblues\\\/\",\"https:\\\/\\\/no.wikipedia.org\\\/wiki\\\/Dark_Season_Blues\"]}]}<\/script>\n<!-- \/ Yoast SEO Premium plugin. -->","yoast_head_json":{"title":"Geschichte - Longyearbyen | Longyearbyen | SVALBARD","description":"Geschichte: 1906 war die erste \u00dcberwinterung in Longyearbyen. Es war auch das Jahr 1906, in dem W.D. Munroe die Stadt Longyear City nannte.","robots":{"index":"index","follow":"follow","max-snippet":"max-snippet:-1","max-image-preview":"max-image-preview:large","max-video-preview":"max-video-preview:-1"},"canonical":"https:\/\/www.svalbardblues.com\/de\/longyearbyen\/historie-longyearbyen\/","og_locale":"de_DE","og_type":"article","og_title":"Geschichte von Longyearbyen","og_description":"Geschichte: 1906 war die erste \u00dcberwinterung in Longyearbyen. Es war auch das Jahr 1906, in dem W.D. Munroe die Stadt Longyear City nannte.","og_url":"https:\/\/www.svalbardblues.com\/de\/longyearbyen\/historie-longyearbyen\/","og_site_name":"Dark Season Blues | SVALBARD","article_publisher":"https:\/\/www.facebook.com\/DarkSeasonBlues","article_modified_time":"2025-06-05T09:17:53+00:00","og_image":[{"width":600,"height":336,"url":"https:\/\/www.svalbardblues.com\/wp-content\/uploads\/2011\/04\/Longyearbyen-1906.jpg","type":"image\/jpeg"}],"twitter_misc":{"Gesch\u00e4tzte Lesezeit":"5\u00a0Minuten"},"schema":{"@context":"https:\/\/schema.org","@graph":[{"@type":"WebPage","@id":"https:\/\/www.svalbardblues.com\/de\/longyearbyen\/historie-longyearbyen\/","url":"https:\/\/www.svalbardblues.com\/de\/longyearbyen\/historie-longyearbyen\/","name":"Geschichte - Longyearbyen | Longyearbyen | SVALBARD","isPartOf":{"@id":"https:\/\/www.svalbardblues.com\/de\/#website"},"primaryImageOfPage":{"@id":"https:\/\/www.svalbardblues.com\/de\/longyearbyen\/historie-longyearbyen\/#primaryimage"},"image":{"@id":"https:\/\/www.svalbardblues.com\/de\/longyearbyen\/historie-longyearbyen\/#primaryimage"},"thumbnailUrl":"https:\/\/www.svalbardblues.com\/wp-content\/uploads\/2011\/04\/Longyearbyen-1906.jpg","datePublished":"2011-04-08T13:01:39+00:00","dateModified":"2025-06-05T09:17:53+00:00","description":"Geschichte: 1906 war die erste \u00dcberwinterung in Longyearbyen. Es war auch das Jahr 1906, in dem W.D. Munroe die Stadt Longyear City nannte.","breadcrumb":{"@id":"https:\/\/www.svalbardblues.com\/de\/longyearbyen\/historie-longyearbyen\/#breadcrumb"},"inLanguage":"de","potentialAction":[{"@type":"ReadAction","target":["https:\/\/www.svalbardblues.com\/de\/longyearbyen\/historie-longyearbyen\/"]}]},{"@type":"ImageObject","inLanguage":"de","@id":"https:\/\/www.svalbardblues.com\/de\/longyearbyen\/historie-longyearbyen\/#primaryimage","url":"https:\/\/www.svalbardblues.com\/wp-content\/uploads\/2011\/04\/Longyearbyen-1906.jpg","contentUrl":"https:\/\/www.svalbardblues.com\/wp-content\/uploads\/2011\/04\/Longyearbyen-1906.jpg"},{"@type":"BreadcrumbList","@id":"https:\/\/www.svalbardblues.com\/de\/longyearbyen\/historie-longyearbyen\/#breadcrumb","itemListElement":[{"@type":"ListItem","position":1,"name":"Hjem","item":"https:\/\/www.svalbardblues.com\/de\/"},{"@type":"ListItem","position":2,"name":"Longyearbyen","item":"https:\/\/www.svalbardblues.com\/de\/longyearbyen\/"},{"@type":"ListItem","position":3,"name":"Geschichte von Longyearbyen"}]},{"@type":"WebSite","@id":"https:\/\/www.svalbardblues.com\/de\/#website","url":"https:\/\/www.svalbardblues.com\/de\/","name":"Dark Season Blues | SVALBARD","description":"The World&#039;s Northenmost Blues Festival","publisher":{"@id":"https:\/\/www.svalbardblues.com\/de\/#organization"},"potentialAction":[{"@type":"SearchAction","target":{"@type":"EntryPoint","urlTemplate":"https:\/\/www.svalbardblues.com\/de\/?s={search_term_string}"},"query-input":{"@type":"PropertyValueSpecification","valueRequired":true,"valueName":"search_term_string"}}],"inLanguage":"de"},{"@type":"Organization","@id":"https:\/\/www.svalbardblues.com\/de\/#organization","name":"Dark Season Blues","url":"https:\/\/www.svalbardblues.com\/de\/","logo":{"@type":"ImageObject","inLanguage":"de","@id":"https:\/\/www.svalbardblues.com\/de\/#\/schema\/logo\/image\/","url":"https:\/\/www.svalbardblues.com\/wp-content\/uploads\/2017\/06\/DSB2017-Illustrasjon-620.jpg","contentUrl":"https:\/\/www.svalbardblues.com\/wp-content\/uploads\/2017\/06\/DSB2017-Illustrasjon-620.jpg","width":620,"height":488,"caption":"Dark Season Blues"},"image":{"@id":"https:\/\/www.svalbardblues.com\/de\/#\/schema\/logo\/image\/"},"sameAs":["https:\/\/www.facebook.com\/DarkSeasonBlues","https:\/\/x.com\/DarkSeasonBlues","https:\/\/www.instagram.com\/darkseasonblues\/","https:\/\/no.wikipedia.org\/wiki\/Dark_Season_Blues"]}]}},"_links":{"self":[{"href":"https:\/\/www.svalbardblues.com\/de\/wp-json\/wp\/v2\/pages\/23797","targetHints":{"allow":["GET"]}}],"collection":[{"href":"https:\/\/www.svalbardblues.com\/de\/wp-json\/wp\/v2\/pages"}],"about":[{"href":"https:\/\/www.svalbardblues.com\/de\/wp-json\/wp\/v2\/types\/page"}],"author":[{"embeddable":true,"href":"https:\/\/www.svalbardblues.com\/de\/wp-json\/wp\/v2\/users\/1"}],"replies":[{"embeddable":true,"href":"https:\/\/www.svalbardblues.com\/de\/wp-json\/wp\/v2\/comments?post=23797"}],"version-history":[{"count":1,"href":"https:\/\/www.svalbardblues.com\/de\/wp-json\/wp\/v2\/pages\/23797\/revisions"}],"predecessor-version":[{"id":23842,"href":"https:\/\/www.svalbardblues.com\/de\/wp-json\/wp\/v2\/pages\/23797\/revisions\/23842"}],"up":[{"embeddable":true,"href":"https:\/\/www.svalbardblues.com\/de\/wp-json\/wp\/v2\/pages\/23841"}],"wp:attachment":[{"href":"https:\/\/www.svalbardblues.com\/de\/wp-json\/wp\/v2\/media?parent=23797"}],"curies":[{"name":"wp","href":"https:\/\/api.w.org\/{rel}","templated":true}]}}