{"id":23838,"date":"2011-12-20T23:11:49","date_gmt":"2011-12-20T23:11:49","guid":{"rendered":"https:\/\/www.svalbardblues.com\/dnb-nor\/"},"modified":"2025-06-05T09:19:27","modified_gmt":"2025-06-05T09:19:27","slug":"dnb-nor","status":"publish","type":"page","link":"https:\/\/www.svalbardblues.com\/de\/svalbard\/bedrifter\/dnb-nor\/","title":{"rendered":"DnB NOR"},"content":{"rendered":"<p>[sfwp id=&#8220;27&#8243; img=&#8220;itemtype.png&#8220;]<img fetchpriority=\"high\" decoding=\"async\" class=\"aligncenter size-full wp-image-3185\" title=\"DnB Nor\" src=\"https:\/\/www.svalbardblues.com\/wp-content\/uploads\/2011\/09\/dnb-nor_882.jpg\" itemprop=\"image\" alt=\"DnB NOR ist die gr\u00f6\u00dfte Bank Nordnorwegens\" width=\"882\" height=\"516\" srcset=\"https:\/\/www.svalbardblues.com\/wp-content\/uploads\/2011\/09\/dnb-nor_882.jpg 882w, https:\/\/www.svalbardblues.com\/wp-content\/uploads\/2011\/09\/dnb-nor_882-600x351.jpg 600w, https:\/\/www.svalbardblues.com\/wp-content\/uploads\/2011\/09\/dnb-nor_882-300x175.jpg 300w\" sizes=\"(max-width: 882px) 100vw, 882px\" \/><\/p>\n<p><strong>[sfwp id=&#8220;404&#8243; img=&#8220;itemprop.png&#8220;]DnB NOR Bank ASA<\/strong>[sfwp id=&#8220;2&#8243; img=&#8220;closespan.png&#8220;]<br \/>\nWebsite: <a title=\"DnB NOR\" href=\"http:\/\/www.dnbnor.no\" target=\"_blank\">www.dnbnor.no<\/a><\/p>\n<p>Die DnB NOR ist die gr\u00f6\u00dfte Bank Nordnorwegens (einschlie\u00dflich Nordlandsbanken und Postbanken), und wir sind in der gesamten Region mit einer betr\u00e4chtlichen Anzahl von Servicezentren vertreten.<\/p>\n<p>Wir haben wichtige Gesch\u00e4ftskontakte und Kunden auf Svalbard und sind st\u00e4ndig dar\u00fcber informiert, was auf der Inselgruppe passiert.<\/p>\n<p>Ein wenig \u00fcber unsere Ziele:<\/p>\n<p><strong>Privatkunden<\/strong>:<br \/>\nAls lokale Bank werden wir unsere Kunden dort treffen, wo sie uns treffen wollen, und wir werden attraktive Produkte zu guten Preisen durch schnellen und guten Service anbieten.<\/p>\n<p><strong>Firmenkunden:<\/strong><br \/>\nIm Ausland breit vertreten und mit dem Gewicht, dem Wissen und der Kapazit\u00e4t, norwegische Unternehmen bei ihrem Wachstum in und au\u00dferhalb Norwegens zu unterst\u00fctzen.<\/p>\n<p><strong>\u00dcber uns:<\/strong><br \/>\nDnB NOR m\u00f6chte durch eine verantwortungsvolle Gesch\u00e4ftst\u00e4tigkeit, die die Umwelt, die Ethik und die sozialen Bedingungen sch\u00fctzt, zu einer nachhaltigen gesellschaftlichen Entwicklung beitragen<\/p>\n<p>[sfwp id=&#8220;1&#8243; img=&#8220;closediv.png&#8220;]<\/p>\n","protected":false},"excerpt":{"rendered":"<p>[sfwp id=&#8220;27&#8243; img=&#8220;itemtype.png&#8220;] [sfwp id=&#8220;404&#8243; img=&#8220;itemprop.png&#8220;]DnB NOR Bank ASA[sfwp id=&#8220;2&#8243; img=&#8220;closespan.png&#8220;] Website: www.dnbnor.no Die DnB NOR ist die gr\u00f6\u00dfte Bank Nordnorwegens (einschlie\u00dflich Nordlandsbanken und Postbanken), und wir sind in der gesamten Region mit einer betr\u00e4chtlichen Anzahl von Servicezentren vertreten. Wir haben wichtige Gesch\u00e4ftskontakte und Kunden auf Svalbard und sind st\u00e4ndig dar\u00fcber informiert, was auf der &#8230; <\/p>\n<p class=\"read-more-container\"><a title=\"DnB NOR\" class=\"read-more button\" href=\"https:\/\/www.svalbardblues.com\/de\/svalbard\/bedrifter\/dnb-nor\/#more-23838\" aria-label=\"Mehr Informationen \u00fcber DnB NOR\">Read more<\/a><\/p>\n","protected":false},"author":1,"featured_media":0,"parent":23911,"menu_order":0,"comment_status":"closed","ping_status":"closed","template":"","meta":{"inline_featured_image":false,"footnotes":""},"class_list":["post-23838","page","type-page","status-publish"],"yoast_head":"<!-- This site is optimized with the Yoast SEO Premium plugin v27.5 (Yoast SEO v27.5) - https:\/\/yoast.com\/product\/yoast-seo-premium-wordpress\/ -->\n<title>DnB NOR | Longyearbyen | SVALBARD<\/title>\n<meta name=\"description\" content=\"Die DnB NOR ist die gr\u00f6\u00dfte Bank Nordnorwegens und in der gesamten Region mit einer betr\u00e4chtlichen Anzahl von Servicestellen vertreten.\" \/>\n<meta name=\"robots\" content=\"index, follow, max-snippet:-1, max-image-preview:large, max-video-preview:-1\" \/>\n<link rel=\"canonical\" href=\"https:\/\/www.svalbardblues.com\/de\/svalbard\/bedrifter\/dnb-nor\/\" \/>\n<meta property=\"og:locale\" content=\"de_DE\" \/>\n<meta property=\"og:type\" content=\"article\" \/>\n<meta property=\"og:title\" content=\"DnB NOR\" \/>\n<meta property=\"og:description\" content=\"Die DnB NOR ist die gr\u00f6\u00dfte Bank Nordnorwegens und in der gesamten Region mit einer betr\u00e4chtlichen Anzahl von Servicestellen vertreten.\" \/>\n<meta property=\"og:url\" content=\"https:\/\/www.svalbardblues.com\/de\/svalbard\/bedrifter\/dnb-nor\/\" \/>\n<meta property=\"og:site_name\" content=\"Dark Season Blues | SVALBARD\" \/>\n<meta property=\"article:publisher\" content=\"https:\/\/www.facebook.com\/DarkSeasonBlues\" \/>\n<meta property=\"article:modified_time\" content=\"2025-06-05T09:19:27+00:00\" \/>\n<meta property=\"og:image\" content=\"https:\/\/www.svalbardblues.com\/wp-content\/uploads\/2011\/09\/dnb-nor_882.jpg\" \/>\n\t<meta property=\"og:image:width\" content=\"882\" \/>\n\t<meta property=\"og:image:height\" content=\"516\" \/>\n\t<meta property=\"og:image:type\" content=\"image\/jpeg\" \/>\n<meta name=\"twitter:label1\" content=\"Gesch\u00e4tzte Lesezeit\" \/>\n\t<meta name=\"twitter:data1\" content=\"1\u00a0Minute\" \/>\n<script type=\"application\/ld+json\" class=\"yoast-schema-graph\">{\"@context\":\"https:\\\/\\\/schema.org\",\"@graph\":[{\"@type\":\"WebPage\",\"@id\":\"https:\\\/\\\/www.svalbardblues.com\\\/de\\\/svalbard\\\/bedrifter\\\/dnb-nor\\\/\",\"url\":\"https:\\\/\\\/www.svalbardblues.com\\\/de\\\/svalbard\\\/bedrifter\\\/dnb-nor\\\/\",\"name\":\"DnB NOR | Longyearbyen | SVALBARD\",\"isPartOf\":{\"@id\":\"https:\\\/\\\/www.svalbardblues.com\\\/de\\\/#website\"},\"primaryImageOfPage\":{\"@id\":\"https:\\\/\\\/www.svalbardblues.com\\\/de\\\/svalbard\\\/bedrifter\\\/dnb-nor\\\/#primaryimage\"},\"image\":{\"@id\":\"https:\\\/\\\/www.svalbardblues.com\\\/de\\\/svalbard\\\/bedrifter\\\/dnb-nor\\\/#primaryimage\"},\"thumbnailUrl\":\"https:\\\/\\\/www.svalbardblues.com\\\/wp-content\\\/uploads\\\/2011\\\/09\\\/dnb-nor_882.jpg\",\"datePublished\":\"2011-12-20T23:11:49+00:00\",\"dateModified\":\"2025-06-05T09:19:27+00:00\",\"description\":\"Die DnB NOR ist die gr\u00f6\u00dfte Bank Nordnorwegens und in der gesamten Region mit einer betr\u00e4chtlichen Anzahl von Servicestellen vertreten.\",\"breadcrumb\":{\"@id\":\"https:\\\/\\\/www.svalbardblues.com\\\/de\\\/svalbard\\\/bedrifter\\\/dnb-nor\\\/#breadcrumb\"},\"inLanguage\":\"de\",\"potentialAction\":[{\"@type\":\"ReadAction\",\"target\":[\"https:\\\/\\\/www.svalbardblues.com\\\/de\\\/svalbard\\\/bedrifter\\\/dnb-nor\\\/\"]}]},{\"@type\":\"ImageObject\",\"inLanguage\":\"de\",\"@id\":\"https:\\\/\\\/www.svalbardblues.com\\\/de\\\/svalbard\\\/bedrifter\\\/dnb-nor\\\/#primaryimage\",\"url\":\"https:\\\/\\\/www.svalbardblues.com\\\/wp-content\\\/uploads\\\/2011\\\/09\\\/dnb-nor_882.jpg\",\"contentUrl\":\"https:\\\/\\\/www.svalbardblues.com\\\/wp-content\\\/uploads\\\/2011\\\/09\\\/dnb-nor_882.jpg\"},{\"@type\":\"BreadcrumbList\",\"@id\":\"https:\\\/\\\/www.svalbardblues.com\\\/de\\\/svalbard\\\/bedrifter\\\/dnb-nor\\\/#breadcrumb\",\"itemListElement\":[{\"@type\":\"ListItem\",\"position\":1,\"name\":\"Hjem\",\"item\":\"https:\\\/\\\/www.svalbardblues.com\\\/de\\\/\"},{\"@type\":\"ListItem\",\"position\":2,\"name\":\"Svalbard, Fakten und Informationen\",\"item\":\"https:\\\/\\\/www.svalbardblues.com\\\/de\\\/svalbard\\\/\"},{\"@type\":\"ListItem\",\"position\":3,\"name\":\"Unternehmen | Svalbard und Longyearbyen\",\"item\":\"https:\\\/\\\/www.svalbardblues.com\\\/de\\\/svalbard\\\/bedrifter\\\/\"},{\"@type\":\"ListItem\",\"position\":4,\"name\":\"DnB NOR\"}]},{\"@type\":\"WebSite\",\"@id\":\"https:\\\/\\\/www.svalbardblues.com\\\/de\\\/#website\",\"url\":\"https:\\\/\\\/www.svalbardblues.com\\\/de\\\/\",\"name\":\"Dark Season Blues | SVALBARD\",\"description\":\"The World&#039;s Northenmost Blues Festival\",\"publisher\":{\"@id\":\"https:\\\/\\\/www.svalbardblues.com\\\/de\\\/#organization\"},\"potentialAction\":[{\"@type\":\"SearchAction\",\"target\":{\"@type\":\"EntryPoint\",\"urlTemplate\":\"https:\\\/\\\/www.svalbardblues.com\\\/de\\\/?s={search_term_string}\"},\"query-input\":{\"@type\":\"PropertyValueSpecification\",\"valueRequired\":true,\"valueName\":\"search_term_string\"}}],\"inLanguage\":\"de\"},{\"@type\":\"Organization\",\"@id\":\"https:\\\/\\\/www.svalbardblues.com\\\/de\\\/#organization\",\"name\":\"Dark Season Blues\",\"url\":\"https:\\\/\\\/www.svalbardblues.com\\\/de\\\/\",\"logo\":{\"@type\":\"ImageObject\",\"inLanguage\":\"de\",\"@id\":\"https:\\\/\\\/www.svalbardblues.com\\\/de\\\/#\\\/schema\\\/logo\\\/image\\\/\",\"url\":\"https:\\\/\\\/www.svalbardblues.com\\\/wp-content\\\/uploads\\\/2017\\\/06\\\/DSB2017-Illustrasjon-620.jpg\",\"contentUrl\":\"https:\\\/\\\/www.svalbardblues.com\\\/wp-content\\\/uploads\\\/2017\\\/06\\\/DSB2017-Illustrasjon-620.jpg\",\"width\":620,\"height\":488,\"caption\":\"Dark Season Blues\"},\"image\":{\"@id\":\"https:\\\/\\\/www.svalbardblues.com\\\/de\\\/#\\\/schema\\\/logo\\\/image\\\/\"},\"sameAs\":[\"https:\\\/\\\/www.facebook.com\\\/DarkSeasonBlues\",\"https:\\\/\\\/x.com\\\/DarkSeasonBlues\",\"https:\\\/\\\/www.instagram.com\\\/darkseasonblues\\\/\",\"https:\\\/\\\/no.wikipedia.org\\\/wiki\\\/Dark_Season_Blues\"]}]}<\/script>\n<!-- \/ Yoast SEO Premium plugin. -->","yoast_head_json":{"title":"DnB NOR | Longyearbyen | SVALBARD","description":"Die DnB NOR ist die gr\u00f6\u00dfte Bank Nordnorwegens und in der gesamten Region mit einer betr\u00e4chtlichen Anzahl von Servicestellen vertreten.","robots":{"index":"index","follow":"follow","max-snippet":"max-snippet:-1","max-image-preview":"max-image-preview:large","max-video-preview":"max-video-preview:-1"},"canonical":"https:\/\/www.svalbardblues.com\/de\/svalbard\/bedrifter\/dnb-nor\/","og_locale":"de_DE","og_type":"article","og_title":"DnB NOR","og_description":"Die DnB NOR ist die gr\u00f6\u00dfte Bank Nordnorwegens und in der gesamten Region mit einer betr\u00e4chtlichen Anzahl von Servicestellen vertreten.","og_url":"https:\/\/www.svalbardblues.com\/de\/svalbard\/bedrifter\/dnb-nor\/","og_site_name":"Dark Season Blues | SVALBARD","article_publisher":"https:\/\/www.facebook.com\/DarkSeasonBlues","article_modified_time":"2025-06-05T09:19:27+00:00","og_image":[{"width":882,"height":516,"url":"https:\/\/www.svalbardblues.com\/wp-content\/uploads\/2011\/09\/dnb-nor_882.jpg","type":"image\/jpeg"}],"twitter_misc":{"Gesch\u00e4tzte Lesezeit":"1\u00a0Minute"},"schema":{"@context":"https:\/\/schema.org","@graph":[{"@type":"WebPage","@id":"https:\/\/www.svalbardblues.com\/de\/svalbard\/bedrifter\/dnb-nor\/","url":"https:\/\/www.svalbardblues.com\/de\/svalbard\/bedrifter\/dnb-nor\/","name":"DnB NOR | Longyearbyen | SVALBARD","isPartOf":{"@id":"https:\/\/www.svalbardblues.com\/de\/#website"},"primaryImageOfPage":{"@id":"https:\/\/www.svalbardblues.com\/de\/svalbard\/bedrifter\/dnb-nor\/#primaryimage"},"image":{"@id":"https:\/\/www.svalbardblues.com\/de\/svalbard\/bedrifter\/dnb-nor\/#primaryimage"},"thumbnailUrl":"https:\/\/www.svalbardblues.com\/wp-content\/uploads\/2011\/09\/dnb-nor_882.jpg","datePublished":"2011-12-20T23:11:49+00:00","dateModified":"2025-06-05T09:19:27+00:00","description":"Die DnB NOR ist die gr\u00f6\u00dfte Bank Nordnorwegens und in der gesamten Region mit einer betr\u00e4chtlichen Anzahl von Servicestellen vertreten.","breadcrumb":{"@id":"https:\/\/www.svalbardblues.com\/de\/svalbard\/bedrifter\/dnb-nor\/#breadcrumb"},"inLanguage":"de","potentialAction":[{"@type":"ReadAction","target":["https:\/\/www.svalbardblues.com\/de\/svalbard\/bedrifter\/dnb-nor\/"]}]},{"@type":"ImageObject","inLanguage":"de","@id":"https:\/\/www.svalbardblues.com\/de\/svalbard\/bedrifter\/dnb-nor\/#primaryimage","url":"https:\/\/www.svalbardblues.com\/wp-content\/uploads\/2011\/09\/dnb-nor_882.jpg","contentUrl":"https:\/\/www.svalbardblues.com\/wp-content\/uploads\/2011\/09\/dnb-nor_882.jpg"},{"@type":"BreadcrumbList","@id":"https:\/\/www.svalbardblues.com\/de\/svalbard\/bedrifter\/dnb-nor\/#breadcrumb","itemListElement":[{"@type":"ListItem","position":1,"name":"Hjem","item":"https:\/\/www.svalbardblues.com\/de\/"},{"@type":"ListItem","position":2,"name":"Svalbard, Fakten und Informationen","item":"https:\/\/www.svalbardblues.com\/de\/svalbard\/"},{"@type":"ListItem","position":3,"name":"Unternehmen | Svalbard und Longyearbyen","item":"https:\/\/www.svalbardblues.com\/de\/svalbard\/bedrifter\/"},{"@type":"ListItem","position":4,"name":"DnB NOR"}]},{"@type":"WebSite","@id":"https:\/\/www.svalbardblues.com\/de\/#website","url":"https:\/\/www.svalbardblues.com\/de\/","name":"Dark Season Blues | SVALBARD","description":"The World&#039;s Northenmost Blues Festival","publisher":{"@id":"https:\/\/www.svalbardblues.com\/de\/#organization"},"potentialAction":[{"@type":"SearchAction","target":{"@type":"EntryPoint","urlTemplate":"https:\/\/www.svalbardblues.com\/de\/?s={search_term_string}"},"query-input":{"@type":"PropertyValueSpecification","valueRequired":true,"valueName":"search_term_string"}}],"inLanguage":"de"},{"@type":"Organization","@id":"https:\/\/www.svalbardblues.com\/de\/#organization","name":"Dark Season Blues","url":"https:\/\/www.svalbardblues.com\/de\/","logo":{"@type":"ImageObject","inLanguage":"de","@id":"https:\/\/www.svalbardblues.com\/de\/#\/schema\/logo\/image\/","url":"https:\/\/www.svalbardblues.com\/wp-content\/uploads\/2017\/06\/DSB2017-Illustrasjon-620.jpg","contentUrl":"https:\/\/www.svalbardblues.com\/wp-content\/uploads\/2017\/06\/DSB2017-Illustrasjon-620.jpg","width":620,"height":488,"caption":"Dark Season Blues"},"image":{"@id":"https:\/\/www.svalbardblues.com\/de\/#\/schema\/logo\/image\/"},"sameAs":["https:\/\/www.facebook.com\/DarkSeasonBlues","https:\/\/x.com\/DarkSeasonBlues","https:\/\/www.instagram.com\/darkseasonblues\/","https:\/\/no.wikipedia.org\/wiki\/Dark_Season_Blues"]}]}},"_links":{"self":[{"href":"https:\/\/www.svalbardblues.com\/de\/wp-json\/wp\/v2\/pages\/23838","targetHints":{"allow":["GET"]}}],"collection":[{"href":"https:\/\/www.svalbardblues.com\/de\/wp-json\/wp\/v2\/pages"}],"about":[{"href":"https:\/\/www.svalbardblues.com\/de\/wp-json\/wp\/v2\/types\/page"}],"author":[{"embeddable":true,"href":"https:\/\/www.svalbardblues.com\/de\/wp-json\/wp\/v2\/users\/1"}],"replies":[{"embeddable":true,"href":"https:\/\/www.svalbardblues.com\/de\/wp-json\/wp\/v2\/comments?post=23838"}],"version-history":[{"count":1,"href":"https:\/\/www.svalbardblues.com\/de\/wp-json\/wp\/v2\/pages\/23838\/revisions"}],"predecessor-version":[{"id":23915,"href":"https:\/\/www.svalbardblues.com\/de\/wp-json\/wp\/v2\/pages\/23838\/revisions\/23915"}],"up":[{"embeddable":true,"href":"https:\/\/www.svalbardblues.com\/de\/wp-json\/wp\/v2\/pages\/23911"}],"wp:attachment":[{"href":"https:\/\/www.svalbardblues.com\/de\/wp-json\/wp\/v2\/media?parent=23838"}],"curies":[{"name":"wp","href":"https:\/\/api.w.org\/{rel}","templated":true}]}}