{"id":23841,"date":"2011-04-08T08:47:41","date_gmt":"2011-04-08T08:47:41","guid":{"rendered":"https:\/\/www.svalbardblues.com\/longyearbyen\/"},"modified":"2011-04-08T08:47:41","modified_gmt":"2011-04-08T08:47:41","slug":"longyearbyen","status":"publish","type":"page","link":"https:\/\/www.svalbardblues.com\/de\/longyearbyen\/","title":{"rendered":"Longyearbyen"},"content":{"rendered":"<p><span style=\"font-family: inherit; font-size: 1.6em; font-weight: bold; background-color: initial;\">Longyearbyen ist das Verwaltungszentrum von Svalbard<\/span><\/p>\n<p>Longyearbyen ist das Verwaltungszentrum <a title=\"Svalbard\" href=\"https:\/\/www.svalbardblues.com\/de\/svalbard\/\">von Svalbard<\/a> und liegt auf der Insel Spitzbergen. Die Stadt hat etwas mehr als 2.000 Einwohner und ist eine der n\u00f6rdlichsten Siedlungen der Welt. Die meisten Einwohner sind Norweger, aber fast 40 Nationalit\u00e4ten sind vertreten. B\u00fcrger aus allen Staaten, die den Svalbard-Vertrag unterzeichnet haben, k\u00f6nnen sich in Longyearbyen niederlassen. Etwas mehr als 300 Einwohner bzw. 16% der Bev\u00f6lkerung von Longyearbyen sind ausl\u00e4ndische Staatsangeh\u00f6rige. Thailand, Schweden und Russland\/Ukraine sind die drei gr\u00f6\u00dften ausl\u00e4ndischen Gruppen.     <\/p>\n<h2>Longyearbyen wurde 1906 gegr\u00fcndet<\/h2>\n<p><a title=\"Geschichte von Longyearbyen\" href=\"https:\/\/www.svalbardblues.com\/de\/longyearbyen\/historie-longyearbyen\/\">Longyearbyen wurde im Jahr 1906 von John Munroe Longyear gegr\u00fcndet<\/a>. Er war der gr\u00f6\u00dfte Eigent\u00fcmer des Bergbauunternehmens Arctic Coal Company mit Hauptsitz in Boston, USA. Im Jahr 1916 wurden die Minen und die Stadt von <a title=\"Gesch\u00e4ft Norske\" href=\"https:\/\/www.svalbardblues.com\/?p=1473\">Store Norske Spitsbergen Kulkompani<\/a> gekauft. Longyearbyen wurde am 8. September 1943 von deutschen Truppen niedergebrannt und zerst\u00f6rt und nach dem Zweiten Weltkrieg wieder aufgebaut.    <\/p>\n<h2>Bergbau Siedlung<\/h2>\n<p>Longyearbyen war fr\u00fcher eine Bergbausiedlung, aber seit den fr\u00fchen 1990er Jahren hat sich die Gemeinde ver\u00e4ndert. W\u00e4hrend fr\u00fcher mehrere Bergwerke in der Umgebung von Longyearbyen in Betrieb waren, ist heute nur noch das Bergwerk 7 in Betrieb. In Bergwerk 7 werden rund 60.000 Tonnen Kohle gef\u00f6rdert, von denen die H\u00e4lfte an Longyear Energiverk &#8211; das einzige Kohlekraftwerk des Landes &#8211; geliefert wird. Heute sind neben dem Bergbau auch Tourismus, Forschung und Bildung wichtige Wirtschaftszweige. Der Flughafen von Svalbard, Longyear, bietet das ganze Jahr \u00fcber Fl\u00fcge zum Festland an.    <\/p>\n<h2>Lokale Regierung<\/h2>\n<p>Longyearbyen ist keine Gemeinde, wie wir sie vom Festland her kennen. Im Jahr 2002 wurde in Longyearbyen jedoch eine Kommunalverwaltung nach einem speziellen Modell eingef\u00fchrt. Das gew\u00e4hlte Gremium, die <a title=\"Gemeinderat von Longyearbyen\" href=\"https:\/\/www.svalbardblues.com\/?p=2895\">Gemeindeverwaltung von Longyearbyen<\/a>, erhielt die Befugnis, sich um die Infrastruktur, die Gemeinde- und Raumplanung und Kinderg\u00e4rten zu k\u00fcmmern. Die Befugnisse der Gemeindeverwaltung gelten innerhalb des Raumplanungsgebiets von Longyearbyen. Die Gemeinde Longyearbyen ist Eigent\u00fcmerin des Unternehmens Bydrift Longyearbyen, das die technische Infrastruktur in Longyearbyen betreibt. Einige der wichtigsten Bereiche sind M\u00fcllabfuhr, Stra\u00dfen, Wasser und Kanalisation.     <\/p>\n<h2>Longyearbyen befindet sich in Longyeardalen<\/h2>\n<p><a title=\"Karte Longyearbyen\" href=\"http:\/\/g.co\/maps\/m4zj2\" target=\"_blank\" rel=\"noopener noreferrer\">Longyearbyen<\/a> liegt im Longyear-Tal und auf beiden Seiten des Longyear-Flusses, der in nord\u00f6stlicher Richtung durch das Tal in den Adventfjord, einen Nebenfjord des Isfjorden, flie\u00dft. Sverdrupbyen und Nybyen liegen genau in der Mitte des Ortes, an den gegen\u00fcberliegenden Ufern. Weiter drau\u00dfen liegen Alt-Longyearbyen und die Siedlungen Haugen und Lia, in denen sich das Stadtzentrum befindet, ebenfalls einander gegen\u00fcber. Der Gouverneur von Svalbard und Telenor haben ihren Sitz in Skj\u00e6ringa, direkt innerhalb des Seegebiets, das vom Verwaltungsgeb\u00e4ude der Store Norske Spitsbergen Kulkompani und dem Universit\u00e4tszentrum auf Svalbard AS dominiert wird.   <\/p>\n<h2><strong>Lebensmittel- und Getr\u00e4nkem\u00e4rkte<\/strong><\/h2>\n<p>In Longyearbyen gibt es eine gro\u00dfe Auswahl an <a title=\"Lebensmittel- und Getr\u00e4nkem\u00e4rkte\" href=\"https:\/\/www.svalbardblues.com\/longyearbyen\/serveringssteder\/\">Caf\u00e9s, Kneipen und Restaurants<\/a>, die von einfachen und preiswerten Gerichten bis hin zu den exquisitesten Men\u00fcs, einschlie\u00dflich arktischer Spezialit\u00e4ten, alles anbieten.<\/p>\n<h2>Einkaufen<\/h2>\n<p>In Longyearbyen gibt es <a title=\"Einkaufen\" href=\"https:\/\/www.svalbardblues.com\/longyearbyen\/shopping\/\">kleine und gro\u00dfe Gesch\u00e4fte<\/a>, die alles von Lebensmitteln und Frischwaren bis hin zu Sport- und Freizeitausr\u00fcstung, Geschenken und Souvenirs anbieten. Besonders g\u00fcnstig sind Alkohol, Tabak und Sport- und Freizeitausr\u00fcstung.<br \/>\nIm Longyearbyen Arts and Crafts Centre finden Sie mehrere kleine Galerien und St\u00e4nde, die Kunst und Kunsthandwerk herstellen und verkaufen. <\/p>\n<p>Svalbard unterliegt nicht den Zoll- und Mehrwertsteuerbestimmungen. Das bedeutet, dass viele Waren billiger sind als auf dem norwegischen Festland. Andere Waren, wie z.B. Obst, Gem\u00fcse und Frischwaren, k\u00f6nnen aufgrund der hohen Transportkosten teurer sein.  <\/p>\n<h2>Lichtverh\u00e4ltnisse<\/h2>\n<p>In <a title=\"Longyearbyen, wikipedia\" href=\"http:\/\/no.wikipedia.org\/wiki\/Longyearbyen\" target=\"_blank\" rel=\"noopener noreferrer\">Longyearbyen<\/a> herrscht vom 19. April bis zum 23. August Mitternachtssonne und w\u00e4hrend mehrerer Monate des Jahres D\u00e4mmerung und Dunkelheit. Die Polarnacht ist die Zeit, in der es v\u00f6llig dunkel ist und dauert vom 14. November bis zum 29. Januar.     <\/p>\n<p>* Verlassen Sie die Siedlung nicht ohne eine <a title=\"Eisb\u00e4r\" href=\"https:\/\/www.svalbardblues.com\/svalbard\/dyreliv\/\">Eisb\u00e4renschutzwaffe<\/a>. Empfohlene Grenzen sind in Longyeardalen, am Ende der Stra\u00dfe in Nybyen\/Huset, am ersten Hundezwinger auf dem Weg ins Adventdalen und am Flughafen. Im Winter ist es nicht empfehlenswert, ohne Eisb\u00e4renschutz weiter als Bykaia zu gehen.<br \/>\n* Es ist \u00fcblich, dass Sie Ihre Schuhe in Innenr\u00e4umen ausziehen, sogar in einigen \u00f6ffentlichen Geb\u00e4uden.<br \/>\n* Halten Sie einen guten Abstand zu Rentieren, die zwischen H\u00e4usern und in der N\u00e4he von Stra\u00dfen grasen.<br \/>\n* Einrichtungen aus dem fr\u00fcheren Bergbau stehen unter Denkmalschutz, wie z.B. Seilbahnger\u00fcste, Mineneing\u00e4nge und Geb\u00e4ude.<\/p>\n","protected":false},"excerpt":{"rendered":"<p>Longyearbyen ist das Verwaltungszentrum von Svalbard Longyearbyen ist das Verwaltungszentrum von Svalbard und liegt auf der Insel Spitzbergen. Die Stadt hat etwas mehr als 2.000 Einwohner und ist eine der n\u00f6rdlichsten Siedlungen der Welt. Die meisten Einwohner sind Norweger, aber fast 40 Nationalit\u00e4ten sind vertreten. B\u00fcrger aus allen Staaten, die den Svalbard-Vertrag unterzeichnet haben, k\u00f6nnen &#8230; <\/p>\n<p class=\"read-more-container\"><a title=\"Longyearbyen\" class=\"read-more button\" href=\"https:\/\/www.svalbardblues.com\/de\/longyearbyen\/#more-23841\" aria-label=\"Mehr Informationen \u00fcber Longyearbyen\">Read more<\/a><\/p>\n","protected":false},"author":1,"featured_media":23845,"parent":0,"menu_order":0,"comment_status":"closed","ping_status":"closed","template":"","meta":{"inline_featured_image":false,"footnotes":""},"class_list":["post-23841","page","type-page","status-publish","has-post-thumbnail"],"yoast_head":"<!-- This site is optimized with the Yoast SEO Premium plugin v26.2 (Yoast SEO v27.4) - https:\/\/yoast.com\/product\/yoast-seo-premium-wordpress\/ -->\n<title>LONGYEARBYEN | Svalbards administrasjonssenter| SVALBARD<\/title>\n<meta name=\"description\" content=\"Longyearbyen ist das Verwaltungszentrum von Svalbard und liegt auf der Insel Spitzbergen. Longyearbyen hat etwa 2.000 Einwohner und ist eine der n\u00f6rdlichsten Siedlungen der Welt.\" \/>\n<meta name=\"robots\" content=\"index, follow, max-snippet:-1, max-image-preview:large, max-video-preview:-1\" \/>\n<link rel=\"canonical\" href=\"https:\/\/www.svalbardblues.com\/de\/longyearbyen\/\" \/>\n<meta property=\"og:locale\" content=\"de_DE\" \/>\n<meta property=\"og:type\" content=\"article\" \/>\n<meta property=\"og:title\" content=\"Longyearbyen\" \/>\n<meta property=\"og:description\" content=\"Longyearbyen ist das Verwaltungszentrum von Svalbard und liegt auf der Insel Spitzbergen. Longyearbyen hat etwa 2.000 Einwohner und ist eine der n\u00f6rdlichsten Siedlungen der Welt.\" \/>\n<meta property=\"og:url\" content=\"https:\/\/www.svalbardblues.com\/de\/longyearbyen\/\" \/>\n<meta property=\"og:site_name\" content=\"Dark Season Blues | SVALBARD\" \/>\n<meta property=\"article:publisher\" content=\"https:\/\/www.facebook.com\/DarkSeasonBlues\" \/>\n<meta property=\"og:image\" content=\"https:\/\/www.svalbardblues.com\/wp-content\/uploads\/2015\/08\/Longyearbyen_Svalbard_Spitsbergen_DSB.jpg\" \/>\n\t<meta property=\"og:image:width\" content=\"900\" \/>\n\t<meta property=\"og:image:height\" content=\"350\" \/>\n\t<meta property=\"og:image:type\" content=\"image\/jpeg\" \/>\n<meta name=\"twitter:label1\" content=\"Gesch\u00e4tzte Lesezeit\" \/>\n\t<meta name=\"twitter:data1\" content=\"4\u00a0Minuten\" \/>\n<script type=\"application\/ld+json\" class=\"yoast-schema-graph\">{\"@context\":\"https:\\\/\\\/schema.org\",\"@graph\":[{\"@type\":\"WebPage\",\"@id\":\"https:\\\/\\\/www.svalbardblues.com\\\/de\\\/longyearbyen\\\/\",\"url\":\"https:\\\/\\\/www.svalbardblues.com\\\/de\\\/longyearbyen\\\/\",\"name\":\"LONGYEARBYEN | Svalbards administrasjonssenter| SVALBARD\",\"isPartOf\":{\"@id\":\"https:\\\/\\\/www.svalbardblues.com\\\/de\\\/#website\"},\"primaryImageOfPage\":{\"@id\":\"https:\\\/\\\/www.svalbardblues.com\\\/de\\\/longyearbyen\\\/#primaryimage\"},\"image\":{\"@id\":\"https:\\\/\\\/www.svalbardblues.com\\\/de\\\/longyearbyen\\\/#primaryimage\"},\"thumbnailUrl\":\"https:\\\/\\\/www.svalbardblues.com\\\/wp-content\\\/uploads\\\/2015\\\/08\\\/Longyearbyen_Svalbard_Spitsbergen_DSB.jpg\",\"datePublished\":\"2011-04-08T08:47:41+00:00\",\"description\":\"Longyearbyen ist das Verwaltungszentrum von Svalbard und liegt auf der Insel Spitzbergen. Longyearbyen hat etwa 2.000 Einwohner und ist eine der n\u00f6rdlichsten Siedlungen der Welt.\",\"breadcrumb\":{\"@id\":\"https:\\\/\\\/www.svalbardblues.com\\\/de\\\/longyearbyen\\\/#breadcrumb\"},\"inLanguage\":\"de\",\"potentialAction\":[{\"@type\":\"ReadAction\",\"target\":[\"https:\\\/\\\/www.svalbardblues.com\\\/de\\\/longyearbyen\\\/\"]}]},{\"@type\":\"ImageObject\",\"inLanguage\":\"de\",\"@id\":\"https:\\\/\\\/www.svalbardblues.com\\\/de\\\/longyearbyen\\\/#primaryimage\",\"url\":\"https:\\\/\\\/www.svalbardblues.com\\\/wp-content\\\/uploads\\\/2015\\\/08\\\/Longyearbyen_Svalbard_Spitsbergen_DSB.jpg\",\"contentUrl\":\"https:\\\/\\\/www.svalbardblues.com\\\/wp-content\\\/uploads\\\/2015\\\/08\\\/Longyearbyen_Svalbard_Spitsbergen_DSB.jpg\",\"width\":900,\"height\":350,\"caption\":\"Longyearbyen Svalbard\"},{\"@type\":\"BreadcrumbList\",\"@id\":\"https:\\\/\\\/www.svalbardblues.com\\\/de\\\/longyearbyen\\\/#breadcrumb\",\"itemListElement\":[{\"@type\":\"ListItem\",\"position\":1,\"name\":\"Hjem\",\"item\":\"https:\\\/\\\/www.svalbardblues.com\\\/de\\\/\"},{\"@type\":\"ListItem\",\"position\":2,\"name\":\"Longyearbyen\"}]},{\"@type\":\"WebSite\",\"@id\":\"https:\\\/\\\/www.svalbardblues.com\\\/de\\\/#website\",\"url\":\"https:\\\/\\\/www.svalbardblues.com\\\/de\\\/\",\"name\":\"Dark Season Blues | SVALBARD\",\"description\":\"The World&#039;s Northenmost Blues Festival\",\"publisher\":{\"@id\":\"https:\\\/\\\/www.svalbardblues.com\\\/de\\\/#organization\"},\"potentialAction\":[{\"@type\":\"SearchAction\",\"target\":{\"@type\":\"EntryPoint\",\"urlTemplate\":\"https:\\\/\\\/www.svalbardblues.com\\\/de\\\/?s={search_term_string}\"},\"query-input\":{\"@type\":\"PropertyValueSpecification\",\"valueRequired\":true,\"valueName\":\"search_term_string\"}}],\"inLanguage\":\"de\"},{\"@type\":\"Organization\",\"@id\":\"https:\\\/\\\/www.svalbardblues.com\\\/de\\\/#organization\",\"name\":\"Dark Season Blues\",\"url\":\"https:\\\/\\\/www.svalbardblues.com\\\/de\\\/\",\"logo\":{\"@type\":\"ImageObject\",\"inLanguage\":\"de\",\"@id\":\"https:\\\/\\\/www.svalbardblues.com\\\/de\\\/#\\\/schema\\\/logo\\\/image\\\/\",\"url\":\"https:\\\/\\\/www.svalbardblues.com\\\/wp-content\\\/uploads\\\/2017\\\/06\\\/DSB2017-Illustrasjon-620.jpg\",\"contentUrl\":\"https:\\\/\\\/www.svalbardblues.com\\\/wp-content\\\/uploads\\\/2017\\\/06\\\/DSB2017-Illustrasjon-620.jpg\",\"width\":620,\"height\":488,\"caption\":\"Dark Season Blues\"},\"image\":{\"@id\":\"https:\\\/\\\/www.svalbardblues.com\\\/de\\\/#\\\/schema\\\/logo\\\/image\\\/\"},\"sameAs\":[\"https:\\\/\\\/www.facebook.com\\\/DarkSeasonBlues\",\"https:\\\/\\\/x.com\\\/DarkSeasonBlues\",\"https:\\\/\\\/www.instagram.com\\\/darkseasonblues\\\/\",\"https:\\\/\\\/no.wikipedia.org\\\/wiki\\\/Dark_Season_Blues\"]}]}<\/script>\n<!-- \/ Yoast SEO Premium plugin. -->","yoast_head_json":{"title":"LONGYEARBYEN | Svalbards administrasjonssenter| SVALBARD","description":"Longyearbyen ist das Verwaltungszentrum von Svalbard und liegt auf der Insel Spitzbergen. Longyearbyen hat etwa 2.000 Einwohner und ist eine der n\u00f6rdlichsten Siedlungen der Welt.","robots":{"index":"index","follow":"follow","max-snippet":"max-snippet:-1","max-image-preview":"max-image-preview:large","max-video-preview":"max-video-preview:-1"},"canonical":"https:\/\/www.svalbardblues.com\/de\/longyearbyen\/","og_locale":"de_DE","og_type":"article","og_title":"Longyearbyen","og_description":"Longyearbyen ist das Verwaltungszentrum von Svalbard und liegt auf der Insel Spitzbergen. Longyearbyen hat etwa 2.000 Einwohner und ist eine der n\u00f6rdlichsten Siedlungen der Welt.","og_url":"https:\/\/www.svalbardblues.com\/de\/longyearbyen\/","og_site_name":"Dark Season Blues | SVALBARD","article_publisher":"https:\/\/www.facebook.com\/DarkSeasonBlues","og_image":[{"width":900,"height":350,"url":"https:\/\/www.svalbardblues.com\/wp-content\/uploads\/2015\/08\/Longyearbyen_Svalbard_Spitsbergen_DSB.jpg","type":"image\/jpeg"}],"twitter_misc":{"Gesch\u00e4tzte Lesezeit":"4\u00a0Minuten"},"schema":{"@context":"https:\/\/schema.org","@graph":[{"@type":"WebPage","@id":"https:\/\/www.svalbardblues.com\/de\/longyearbyen\/","url":"https:\/\/www.svalbardblues.com\/de\/longyearbyen\/","name":"LONGYEARBYEN | Svalbards administrasjonssenter| SVALBARD","isPartOf":{"@id":"https:\/\/www.svalbardblues.com\/de\/#website"},"primaryImageOfPage":{"@id":"https:\/\/www.svalbardblues.com\/de\/longyearbyen\/#primaryimage"},"image":{"@id":"https:\/\/www.svalbardblues.com\/de\/longyearbyen\/#primaryimage"},"thumbnailUrl":"https:\/\/www.svalbardblues.com\/wp-content\/uploads\/2015\/08\/Longyearbyen_Svalbard_Spitsbergen_DSB.jpg","datePublished":"2011-04-08T08:47:41+00:00","description":"Longyearbyen ist das Verwaltungszentrum von Svalbard und liegt auf der Insel Spitzbergen. Longyearbyen hat etwa 2.000 Einwohner und ist eine der n\u00f6rdlichsten Siedlungen der Welt.","breadcrumb":{"@id":"https:\/\/www.svalbardblues.com\/de\/longyearbyen\/#breadcrumb"},"inLanguage":"de","potentialAction":[{"@type":"ReadAction","target":["https:\/\/www.svalbardblues.com\/de\/longyearbyen\/"]}]},{"@type":"ImageObject","inLanguage":"de","@id":"https:\/\/www.svalbardblues.com\/de\/longyearbyen\/#primaryimage","url":"https:\/\/www.svalbardblues.com\/wp-content\/uploads\/2015\/08\/Longyearbyen_Svalbard_Spitsbergen_DSB.jpg","contentUrl":"https:\/\/www.svalbardblues.com\/wp-content\/uploads\/2015\/08\/Longyearbyen_Svalbard_Spitsbergen_DSB.jpg","width":900,"height":350,"caption":"Longyearbyen Svalbard"},{"@type":"BreadcrumbList","@id":"https:\/\/www.svalbardblues.com\/de\/longyearbyen\/#breadcrumb","itemListElement":[{"@type":"ListItem","position":1,"name":"Hjem","item":"https:\/\/www.svalbardblues.com\/de\/"},{"@type":"ListItem","position":2,"name":"Longyearbyen"}]},{"@type":"WebSite","@id":"https:\/\/www.svalbardblues.com\/de\/#website","url":"https:\/\/www.svalbardblues.com\/de\/","name":"Dark Season Blues | SVALBARD","description":"The World&#039;s Northenmost Blues Festival","publisher":{"@id":"https:\/\/www.svalbardblues.com\/de\/#organization"},"potentialAction":[{"@type":"SearchAction","target":{"@type":"EntryPoint","urlTemplate":"https:\/\/www.svalbardblues.com\/de\/?s={search_term_string}"},"query-input":{"@type":"PropertyValueSpecification","valueRequired":true,"valueName":"search_term_string"}}],"inLanguage":"de"},{"@type":"Organization","@id":"https:\/\/www.svalbardblues.com\/de\/#organization","name":"Dark Season Blues","url":"https:\/\/www.svalbardblues.com\/de\/","logo":{"@type":"ImageObject","inLanguage":"de","@id":"https:\/\/www.svalbardblues.com\/de\/#\/schema\/logo\/image\/","url":"https:\/\/www.svalbardblues.com\/wp-content\/uploads\/2017\/06\/DSB2017-Illustrasjon-620.jpg","contentUrl":"https:\/\/www.svalbardblues.com\/wp-content\/uploads\/2017\/06\/DSB2017-Illustrasjon-620.jpg","width":620,"height":488,"caption":"Dark Season Blues"},"image":{"@id":"https:\/\/www.svalbardblues.com\/de\/#\/schema\/logo\/image\/"},"sameAs":["https:\/\/www.facebook.com\/DarkSeasonBlues","https:\/\/x.com\/DarkSeasonBlues","https:\/\/www.instagram.com\/darkseasonblues\/","https:\/\/no.wikipedia.org\/wiki\/Dark_Season_Blues"]}]}},"_links":{"self":[{"href":"https:\/\/www.svalbardblues.com\/de\/wp-json\/wp\/v2\/pages\/23841","targetHints":{"allow":["GET"]}}],"collection":[{"href":"https:\/\/www.svalbardblues.com\/de\/wp-json\/wp\/v2\/pages"}],"about":[{"href":"https:\/\/www.svalbardblues.com\/de\/wp-json\/wp\/v2\/types\/page"}],"author":[{"embeddable":true,"href":"https:\/\/www.svalbardblues.com\/de\/wp-json\/wp\/v2\/users\/1"}],"replies":[{"embeddable":true,"href":"https:\/\/www.svalbardblues.com\/de\/wp-json\/wp\/v2\/comments?post=23841"}],"version-history":[{"count":0,"href":"https:\/\/www.svalbardblues.com\/de\/wp-json\/wp\/v2\/pages\/23841\/revisions"}],"wp:featuredmedia":[{"embeddable":true,"href":"https:\/\/www.svalbardblues.com\/de\/wp-json\/wp\/v2\/media\/23845"}],"wp:attachment":[{"href":"https:\/\/www.svalbardblues.com\/de\/wp-json\/wp\/v2\/media?parent=23841"}],"curies":[{"name":"wp","href":"https:\/\/api.w.org\/{rel}","templated":true}]}}