{"id":23846,"date":"2011-04-08T07:57:18","date_gmt":"2011-04-08T07:57:18","guid":{"rendered":"https:\/\/www.svalbardblues.com\/svalbard\/dyreliv\/"},"modified":"2011-04-08T07:57:18","modified_gmt":"2011-04-08T07:57:18","slug":"dyreliv","status":"publish","type":"page","link":"https:\/\/www.svalbardblues.com\/de\/svalbard\/dyreliv\/","title":{"rendered":"Wildtiere in Svalbard"},"content":{"rendered":"<p>Die Tierwelt <a title=\"Svalbard\" href=\"https:\/\/www.svalbardblues.com\/de\/svalbard\/\">Spitzbergens<\/a> hat sich an die harten Lebensbedingungen in der Arktis angepasst. Viele von ihnen m\u00fcssen extreme K\u00e4lte, Zeiten mit wenig Nahrung und einen langen Winter mit Dunkelheit ertragen. <\/p>\n<p>Auf Spitzbergen gibt es nur zwei Arten von Lands\u00e4ugetieren: Polarfuchs (Alopex lagopus) und Spitzbergen-Rentier (Rangifer tarandus platyrhynchus). Der Eisb\u00e4r verbringt den gr\u00f6\u00dften Teil seines Lebens im Treibeis und gilt daher als Meeress\u00e4uger. <\/p>\n<h2>Spitzbergen-Rentiere<\/h2>\n<p>Das runde und kurzbeinige Spitzbergen-Rentier ist eine eigene Unterart des Rentiers, die nirgendwo sonst lebt. Seine K\u00f6rperform ist an das Leben in der Arktis angepasst. Das bedeutet, dass das Tier, das im Winter sehr ruhig ist, in der K\u00e4lte nur wenig W\u00e4rme verliert. Im Gegensatz zu anderen Rentieren leben Spitzbergen-Rentiere normalerweise nicht in Herden, sondern lieber allein oder mit ein paar anderen Tieren. Die Tiere sind nicht sehr scheu und neigen dazu, zwischen den H\u00e4usern in den Siedlungen umherzuwandern. Im Winter haben nur die Schwalben ein Geweih. Im Sommer haben auch die B\u00f6cke ein Geweih, und sie sind oft beeindruckend gro\u00df. Als Norwegen 1925 die Souver\u00e4nit\u00e4t \u00fcber Spitzbergen \u00fcbernahm, wurde der Bestand der Spitzbergen-Rentiere durch die Jagd stark reduziert. Die Art wurde sofort gesch\u00fctzt und hat sich seitdem wieder vermehrt. Heute leben etwa 10.000 Rentiere auf der Inselgruppe, aber die gr\u00f6\u00dfte Dichte an Rentieren findet sich auf Nordenski\u00f6ld Land. Hier ist die kontrollierte Jagd in bestimmten Gebieten erlaubt, die den st\u00e4ndigen Bewohnern vorbehalten sind.          <\/p>\n<h2>Polarfuchs<\/h2>\n<p>Der kleine Polarfuchs ist in fast ganz Svalbard verbreitet. Sein Nahrungsangebot variiert vom Sommer bis zum Winter, wobei Robbenjunge, Seev\u00f6gel, G\u00e4nse, Eier und Schneeh\u00fchner im Fr\u00fchjahr und Sommer wichtige Nahrungsquellen sind. Im Winter ern\u00e4hrt er sich von Schneeh\u00fchnern, gehorteter Nahrung, Aas von Robben und Rentieren sowie Abf\u00e4llen aus den Siedlungen. Der Polarfuchs folgt dem Eisb\u00e4ren oft, um die Reste des B\u00e4renfangs zu fressen. Im Fr\u00fchjahr sind Robbenjunge eine wichtige Beute, die der Fuchs auf dem Fjordeis f\u00e4ngt und t\u00f6tet. Polarf\u00fcchse k\u00f6nnen auf der Suche nach Nahrung gro\u00dfe Entfernungen zur\u00fccklegen, sogar weit drau\u00dfen im Treibeis. Ein in Svalbard markierter Fuchs wurde sogar bis nach Novaya Zemlya in Russland gefunden. Es gibt zwei Farbvarianten des Polarfuchses. Der Blaufuchs ist das ganze Jahr \u00fcber einfarbig blau-grau und relativ selten. Der Wei\u00dffuchs ist im Sommer auf dem R\u00fccken graubraun und auf dem Bauch gelblich-wei\u00df, aber im Winter ist er komplett wei\u00df.         <\/p>\n<p>Ein Polarfuchspaar bleibt ein Leben lang zusammen. Das Weibchen bleibt etwa 50 Tage lang tr\u00e4chtig und bringt durchschnittlich f\u00fcnf oder sechs Junge zur Welt. Das Durchschnittsalter eines Polarfuchses liegt bei drei bis vier Jahren, aber er kann bis zu 13 Jahre alt werden. Es gibt keine Sch\u00e4tzungen f\u00fcr die Population des Polarfuchses in Spitzbergen.   <\/p>\n<h2>Meeress\u00e4ugetiere<\/h2>\n<p>Als Svalbard Ende des 16. Jahrhunderts entdeckt wurde, waren die Gr\u00f6nlandwale sehr zahlreich. Es wird gesch\u00e4tzt, dass die Population 25.000 Tiere z\u00e4hlte, als der Walfang 1611 begann. Nach dreihundert Jahren Walfang galt der Gr\u00f6nlandwal in Spitzbergen als ausgerottet. Einige seltene Sichtungen deuten jedoch darauf hin, dass es hier noch ein paar Gr\u00f6nlandwale gibt.   <\/p>\n<h2>Walross<\/h2>\n<p>Das Walross (Odobenus rosmarus), die gr\u00f6\u00dfte Robbenart Spitzbergens, erlitt fast das gleiche Schicksal wie der Gr\u00f6nlandwal. Fr\u00fcher war es wegen seiner Sto\u00dfz\u00e4hne, des f\u00fcr Lebertran verwendeten Blubbers und der sehr starken Haut, die f\u00fcr Seile und Leder verwendet wurde, sehr begehrt. Als das Walross 1952 unter Schutz gestellt wurde, gab es nur noch ein paar hundert Tiere in Spitzbergen. Das Walross ist ein beeindruckender Anblick: Gro\u00dfe M\u00e4nnchen k\u00f6nnen bis zu zwei Tonnen wiegen und vier Meter lang werden. Das entspricht der Gr\u00f6\u00dfe eines Personenkraftwagens! Die Tiere sind sehr gesellig und treten oft in Herden von mehreren hundert Tieren auf. Walrosse halten sich oft in flachen Gew\u00e4ssern auf, wo sie Muscheln und andere benthische Tiere fressen. Heute z\u00e4hlt die Population mehrere Tausend Tiere, und mehrere Faktoren deuten darauf hin, dass die Walrosspopulation schnell w\u00e4chst.       <\/p>\n<h2>Eisb\u00e4r<\/h2>\n<p>Der Eisb\u00e4r (Ursus maritimus) wurde 1973 vollst\u00e4ndig gesch\u00fctzt. Die Eisb\u00e4renjagd hatte nie die gleichen katastrophalen Folgen f\u00fcr die Population wie f\u00fcr die beiden zuvor genannten Meeress\u00e4uger. Der Eisb\u00e4r ist eines der gr\u00f6\u00dften Raubtiere der Welt, aber sein Gewicht schwankt im Laufe des Jahres und zwischen den einzelnen Tieren stark. Im Herbst legen die Tiere stark an Gewicht zu, w\u00e4hrend sie im Sommer oft mager sind. Gro\u00dfe m\u00e4nnliche B\u00e4ren k\u00f6nnen bis zu 800 kg wiegen, aber M\u00e4nnchen, die nur halb so viel wiegen, sind h\u00e4ufiger anzutreffen. Die Weibchen sind deutlich kleiner als die M\u00e4nnchen. Die Hauptnahrung f\u00fcr Eisb\u00e4ren sind Ringelrobben und Bartrobben. Heute sind Eisb\u00e4ren in Svalbard weit verbreitet und die Population wird auf etwa 3.000 Tiere gesch\u00e4tzt. Der Schutz von Eisb\u00e4ren und Walrossen ist ein gutes Beispiel f\u00fcr Managemententscheidungen, die die gew\u00fcnschte Wirkung erzielt haben.        <\/p>\n<h2>Robben und Wale<\/h2>\n<p>Die Ringelrobbe (Phoca hispida) oder \u201eSnadd\u201c, wie sie auch genannt wird, ist der h\u00e4ufigste Meeress\u00e4uger in Svalbard. Diese Art ist die kleinste unserer Robben und im Fr\u00fchjahr sieht man h\u00e4ufig viele Ringelrobben auf dem Fjordeis verstreut. Die Hafenrobbe (Erignathus barbatus) ist nach dem Walross die gr\u00f6\u00dfte Robbenart auf Spitzbergen. Diese ruhige Robbe ist nicht so zahlreich wie die Ringelrobbe, wird aber in flachen Gew\u00e4ssern in ganz Svalbard h\u00e4ufig gesehen. Die h\u00e4ufigste und wahrscheinlich auch am h\u00e4ufigsten vorkommende Walart ist der Belugawal (Delphinapterus leucas), auch bekannt als Wei\u00dfwal. Dieser vier Meter lange Wal kann manchmal in kleinen Herden in der N\u00e4he des Landes gesehen werden. Erwachsene Tiere sind wei\u00df, Jungtiere eher schiefergrau.      <\/p>\n<h2>Svalbard-Scholle<\/h2>\n<p>Der Spitzbergen-Saibling (Salvelinus alpinus) ist der am weitesten n\u00f6rdlich lebende Salmonidenfisch der Welt und der einzige S\u00fc\u00dfwasserfisch in Spitzbergen. Er kommt in Seen und Fl\u00fcssen in weiten Teilen des Archipels vor. Einige Populationen leben nur im S\u00fc\u00dfwasser, w\u00e4hrend andere zwischen Meer und S\u00fc\u00dfwasser wandern.  <\/p>\n<h2>Vogelwelt<\/h2>\n<p>In hocharktischen Gebieten wie Svalbard gibt es im Vergleich zu s\u00fcdlicheren Regionen nur wenige Vogelarten. Aber auch wenn es nur wenige Arten gibt, sind einige Arten sehr zahlreich. Auf Spitzbergen br\u00fcten drei bis vier Millionen Seev\u00f6gel, und Bj\u00f8rn\u00f8ya, Hopen, Storfjorden und die Westk\u00fcste Spitzbergens beherbergen einige der gr\u00f6\u00dften Vogelfelsen Europas. Br\u00fcnnichs Trottellummen (Uria lomvia) br\u00fcten an mehreren Orten in Kolonien von \u00fcber 100.000 Paaren. An den Vogelfelsen wird die enge Wechselwirkung zwischen dem Leben im Meer und dem Leben an Land sehr deutlich. Die V\u00f6gel sammeln gro\u00dfe Mengen an kleinen Fischen und Krustentieren aus dem Meer, um ihre K\u00fcken zu f\u00fcttern.     <\/p>\n<p>Im Gegensatz zu den meisten anderen Bergh\u00e4ngen in Svalbard ist die Vegetation unter den Vogelfelsen dank des D\u00fcngers aus dem Vogelkot gr\u00fcn und \u00fcppig. Dies kommt Pflanzenfressern wie G\u00e4nsen und Spitzbergen-Rentieren zugute. <\/p>\n<h2>Spottt\u00f6lpel K\u00f6nig<\/h2>\n<p>Der Zwergalk ist die zahlreichste unter den Vogelarten. Im Sommer gibt es wahrscheinlich \u00fcber eine Million Paare auf Spitzbergen. Er nistet in gro\u00dfen Kolonien in Felsen und Klippen auf dem gesamten Archipel, ist aber besonders h\u00e4ufig an der Westk\u00fcste Spitzbergens anzutreffen. Diese V\u00f6gel kreisen in gro\u00dfen Schw\u00e4rmen \u00fcber den Brutkolonien, bevor sie auf der Suche nach kleinem Zooplankton aufs Meer hinausfahren.   <\/p>\n<p>Keine Raubv\u00f6gel<br \/>\nAbgesehen von gelegentlichen Besuchen von Schnee-Eulen (Nyctea scandiaca) und Rohrweihen (Falco rusticolus) gibt es auf dem Archipel keine Raubv\u00f6gel. Das liegt wahrscheinlich daran, dass es keine nat\u00fcrlichen Populationen von kleinen Nagetieren gibt. Gleichzeitig ern\u00e4hren sich Eism\u00f6wen (Larus hyperboreus) von Eiern, K\u00fcken und erwachsenen Auks und erf\u00fcllen somit die Rolle von Raubv\u00f6geln.  <\/p>\n<h2>Spitzbergenschneehuhn, K\u00fcstenseeschwalbe und Schneeammer<\/h2>\n<p>Die meisten V\u00f6gel verlassen den Archipel im Winter und fahren auf das Meer hinaus oder ziehen nach S\u00fcden. Der einzige Landvogel, der ganzj\u00e4hrig auf der Inselgruppe lebt, ist das Schneehuhn (Lagopus mutus hyperboreus). Das Schneehuhn in Spitzbergen ist nicht sehr scheu und l\u00e4sst sich leicht ansprechen, da es den Menschen nicht als Bedrohung wahrnimmt. Und das, obwohl die Art die begehrteste Beute w\u00e4hrend der Herbstjagd in Spitzbergen ist.   <\/p>\n<p>Der Spitzbergen-Vogel mit der l\u00e4ngsten Wanderung zwischen seinem Sommer- und Winterquartier ist die Rotschnabelseeschwalbe (Sterne paradisaea), und einige Exemplare \u00fcberwintern in der Antarktis! Svalbards einziger Singvogel ist die winterharte Schneeammer (Plectrophenax nivalis). Sie erscheint in der Regel Anfang April und verbreitet ihren Gesang zur Freude der einheimischen Bev\u00f6lkerung.  <\/p>\n<h2>Polarhase<\/h2>\n<p>Polarhasen wurden einst in Svalbard ausgesetzt. Es gibt sie nicht mehr. Das Leben in der Arktis wurde zu hart f\u00fcr sie.  <\/p>\n<h2>Moschus<\/h2>\n<p>Atle &#8211; der letzte Moschusochse in Longyearbyen<br \/>\nWie mit dem Polarhasen, so ging es auch mit dem Moschusochsen. Ein Stamm wurde 1929 aus dem Nordosten Gr\u00f6nlands gebracht und ausgewildert. Zun\u00e4chst schienen sie zu gedeihen. Noch in den 1960er Jahren konnte man Herden von K\u00e4lbern sehen. Doch dann gab es einen steilen R\u00fcckgang. Atle, der trotz seines Namens ein Moschusochse war, war der letzte des Stammes. Zu Beginn der 1980er Jahre lie\u00df sie sich am Kai in Longyearbyen nieder. Weil sie den Verkehr und die Arbeit st\u00f6rte, wurde sie in ein Tal ein paar Kilometer entfernt gebracht. Es gefiel ihr dort. Spazierg\u00e4nger konnten bis auf wenige Meter an sie herankommen. Aber 1983 verschwand sie spurlos aus der Gegend. Die Stechm\u00fccke war ausgestorben.           <\/p>\n<p>Quelle: Gouverneur<\/p>\n","protected":false},"excerpt":{"rendered":"<p>Die Tierwelt Spitzbergens hat sich an die harten Lebensbedingungen in der Arktis angepasst. Viele von ihnen m\u00fcssen extreme K\u00e4lte, Zeiten mit wenig Nahrung und einen langen Winter mit Dunkelheit ertragen. Auf Spitzbergen gibt es nur zwei Arten von Lands\u00e4ugetieren: Polarfuchs (Alopex lagopus) und Spitzbergen-Rentier (Rangifer tarandus platyrhynchus). Der Eisb\u00e4r verbringt den gr\u00f6\u00dften Teil seines Lebens &#8230; <\/p>\n<p class=\"read-more-container\"><a title=\"Wildtiere in Svalbard\" class=\"read-more button\" href=\"https:\/\/www.svalbardblues.com\/de\/svalbard\/dyreliv\/#more-23846\" aria-label=\"Mehr Informationen \u00fcber Wildtiere in Svalbard\">Read more<\/a><\/p>\n","protected":false},"author":1,"featured_media":0,"parent":23778,"menu_order":0,"comment_status":"closed","ping_status":"closed","template":"","meta":{"inline_featured_image":false,"footnotes":""},"class_list":["post-23846","page","type-page","status-publish"],"yoast_head":"<!-- This site is optimized with the Yoast SEO Premium plugin v26.2 (Yoast SEO v27.5) - https:\/\/yoast.com\/product\/yoast-seo-premium-wordpress\/ -->\n<title>Wildtiere | SVALBARD<\/title>\n<meta name=\"description\" content=\"Die Tierwelt Spitzbergens hat sich an die rauen Lebensbedingungen in der Arktis angepasst. Auf Svalbard gibt es zwei Lands\u00e4ugetiere, den Fuchs und das Spitzbergen-Rentier. Der Eisb\u00e4r wird als Meeress\u00e4ugetier betrachtet.\" \/>\n<meta name=\"robots\" content=\"index, follow, max-snippet:-1, max-image-preview:large, max-video-preview:-1\" \/>\n<link rel=\"canonical\" href=\"https:\/\/www.svalbardblues.com\/de\/svalbard\/dyreliv\/\" \/>\n<meta property=\"og:locale\" content=\"de_DE\" \/>\n<meta property=\"og:type\" content=\"article\" \/>\n<meta property=\"og:title\" content=\"Wildtiere in Svalbard\" \/>\n<meta property=\"og:description\" content=\"Die Tierwelt Spitzbergens hat sich an die rauen Lebensbedingungen in der Arktis angepasst. Auf Svalbard gibt es zwei Lands\u00e4ugetiere, den Fuchs und das Spitzbergen-Rentier. Der Eisb\u00e4r wird als Meeress\u00e4ugetier betrachtet.\" \/>\n<meta property=\"og:url\" content=\"https:\/\/www.svalbardblues.com\/de\/svalbard\/dyreliv\/\" \/>\n<meta property=\"og:site_name\" content=\"Dark Season Blues | SVALBARD\" \/>\n<meta property=\"article:publisher\" content=\"https:\/\/www.facebook.com\/DarkSeasonBlues\" \/>\n<meta property=\"og:image\" content=\"https:\/\/www.svalbardblues.com\/wp-content\/uploads\/2017\/10\/DSB2017-Illustrasjon-900-350.jpg\" \/>\n\t<meta property=\"og:image:width\" content=\"900\" \/>\n\t<meta property=\"og:image:height\" content=\"350\" \/>\n\t<meta property=\"og:image:type\" content=\"image\/jpeg\" \/>\n<meta name=\"twitter:label1\" content=\"Gesch\u00e4tzte Lesezeit\" \/>\n\t<meta name=\"twitter:data1\" content=\"8\u00a0Minuten\" \/>\n<script type=\"application\/ld+json\" class=\"yoast-schema-graph\">{\"@context\":\"https:\\\/\\\/schema.org\",\"@graph\":[{\"@type\":\"WebPage\",\"@id\":\"https:\\\/\\\/www.svalbardblues.com\\\/de\\\/svalbard\\\/dyreliv\\\/\",\"url\":\"https:\\\/\\\/www.svalbardblues.com\\\/de\\\/svalbard\\\/dyreliv\\\/\",\"name\":\"Wildtiere | SVALBARD\",\"isPartOf\":{\"@id\":\"https:\\\/\\\/www.svalbardblues.com\\\/de\\\/#website\"},\"datePublished\":\"2011-04-08T07:57:18+00:00\",\"description\":\"Die Tierwelt Spitzbergens hat sich an die rauen Lebensbedingungen in der Arktis angepasst. Auf Svalbard gibt es zwei Lands\u00e4ugetiere, den Fuchs und das Spitzbergen-Rentier. Der Eisb\u00e4r wird als Meeress\u00e4ugetier betrachtet.\",\"breadcrumb\":{\"@id\":\"https:\\\/\\\/www.svalbardblues.com\\\/de\\\/svalbard\\\/dyreliv\\\/#breadcrumb\"},\"inLanguage\":\"de\",\"potentialAction\":[{\"@type\":\"ReadAction\",\"target\":[\"https:\\\/\\\/www.svalbardblues.com\\\/de\\\/svalbard\\\/dyreliv\\\/\"]}]},{\"@type\":\"BreadcrumbList\",\"@id\":\"https:\\\/\\\/www.svalbardblues.com\\\/de\\\/svalbard\\\/dyreliv\\\/#breadcrumb\",\"itemListElement\":[{\"@type\":\"ListItem\",\"position\":1,\"name\":\"Hjem\",\"item\":\"https:\\\/\\\/www.svalbardblues.com\\\/de\\\/\"},{\"@type\":\"ListItem\",\"position\":2,\"name\":\"Svalbard, Fakten und Informationen\",\"item\":\"https:\\\/\\\/www.svalbardblues.com\\\/de\\\/svalbard\\\/\"},{\"@type\":\"ListItem\",\"position\":3,\"name\":\"Wildtiere in Svalbard\"}]},{\"@type\":\"WebSite\",\"@id\":\"https:\\\/\\\/www.svalbardblues.com\\\/de\\\/#website\",\"url\":\"https:\\\/\\\/www.svalbardblues.com\\\/de\\\/\",\"name\":\"Dark Season Blues | SVALBARD\",\"description\":\"The World&#039;s Northenmost Blues Festival\",\"publisher\":{\"@id\":\"https:\\\/\\\/www.svalbardblues.com\\\/de\\\/#organization\"},\"potentialAction\":[{\"@type\":\"SearchAction\",\"target\":{\"@type\":\"EntryPoint\",\"urlTemplate\":\"https:\\\/\\\/www.svalbardblues.com\\\/de\\\/?s={search_term_string}\"},\"query-input\":{\"@type\":\"PropertyValueSpecification\",\"valueRequired\":true,\"valueName\":\"search_term_string\"}}],\"inLanguage\":\"de\"},{\"@type\":\"Organization\",\"@id\":\"https:\\\/\\\/www.svalbardblues.com\\\/de\\\/#organization\",\"name\":\"Dark Season Blues\",\"url\":\"https:\\\/\\\/www.svalbardblues.com\\\/de\\\/\",\"logo\":{\"@type\":\"ImageObject\",\"inLanguage\":\"de\",\"@id\":\"https:\\\/\\\/www.svalbardblues.com\\\/de\\\/#\\\/schema\\\/logo\\\/image\\\/\",\"url\":\"https:\\\/\\\/www.svalbardblues.com\\\/wp-content\\\/uploads\\\/2017\\\/06\\\/DSB2017-Illustrasjon-620.jpg\",\"contentUrl\":\"https:\\\/\\\/www.svalbardblues.com\\\/wp-content\\\/uploads\\\/2017\\\/06\\\/DSB2017-Illustrasjon-620.jpg\",\"width\":620,\"height\":488,\"caption\":\"Dark Season Blues\"},\"image\":{\"@id\":\"https:\\\/\\\/www.svalbardblues.com\\\/de\\\/#\\\/schema\\\/logo\\\/image\\\/\"},\"sameAs\":[\"https:\\\/\\\/www.facebook.com\\\/DarkSeasonBlues\",\"https:\\\/\\\/x.com\\\/DarkSeasonBlues\",\"https:\\\/\\\/www.instagram.com\\\/darkseasonblues\\\/\",\"https:\\\/\\\/no.wikipedia.org\\\/wiki\\\/Dark_Season_Blues\"]}]}<\/script>\n<!-- \/ Yoast SEO Premium plugin. -->","yoast_head_json":{"title":"Wildtiere | SVALBARD","description":"Die Tierwelt Spitzbergens hat sich an die rauen Lebensbedingungen in der Arktis angepasst. Auf Svalbard gibt es zwei Lands\u00e4ugetiere, den Fuchs und das Spitzbergen-Rentier. Der Eisb\u00e4r wird als Meeress\u00e4ugetier betrachtet.","robots":{"index":"index","follow":"follow","max-snippet":"max-snippet:-1","max-image-preview":"max-image-preview:large","max-video-preview":"max-video-preview:-1"},"canonical":"https:\/\/www.svalbardblues.com\/de\/svalbard\/dyreliv\/","og_locale":"de_DE","og_type":"article","og_title":"Wildtiere in Svalbard","og_description":"Die Tierwelt Spitzbergens hat sich an die rauen Lebensbedingungen in der Arktis angepasst. Auf Svalbard gibt es zwei Lands\u00e4ugetiere, den Fuchs und das Spitzbergen-Rentier. Der Eisb\u00e4r wird als Meeress\u00e4ugetier betrachtet.","og_url":"https:\/\/www.svalbardblues.com\/de\/svalbard\/dyreliv\/","og_site_name":"Dark Season Blues | SVALBARD","article_publisher":"https:\/\/www.facebook.com\/DarkSeasonBlues","og_image":[{"width":900,"height":350,"url":"https:\/\/www.svalbardblues.com\/wp-content\/uploads\/2017\/10\/DSB2017-Illustrasjon-900-350.jpg","type":"image\/jpeg"}],"twitter_misc":{"Gesch\u00e4tzte Lesezeit":"8\u00a0Minuten"},"schema":{"@context":"https:\/\/schema.org","@graph":[{"@type":"WebPage","@id":"https:\/\/www.svalbardblues.com\/de\/svalbard\/dyreliv\/","url":"https:\/\/www.svalbardblues.com\/de\/svalbard\/dyreliv\/","name":"Wildtiere | SVALBARD","isPartOf":{"@id":"https:\/\/www.svalbardblues.com\/de\/#website"},"datePublished":"2011-04-08T07:57:18+00:00","description":"Die Tierwelt Spitzbergens hat sich an die rauen Lebensbedingungen in der Arktis angepasst. Auf Svalbard gibt es zwei Lands\u00e4ugetiere, den Fuchs und das Spitzbergen-Rentier. Der Eisb\u00e4r wird als Meeress\u00e4ugetier betrachtet.","breadcrumb":{"@id":"https:\/\/www.svalbardblues.com\/de\/svalbard\/dyreliv\/#breadcrumb"},"inLanguage":"de","potentialAction":[{"@type":"ReadAction","target":["https:\/\/www.svalbardblues.com\/de\/svalbard\/dyreliv\/"]}]},{"@type":"BreadcrumbList","@id":"https:\/\/www.svalbardblues.com\/de\/svalbard\/dyreliv\/#breadcrumb","itemListElement":[{"@type":"ListItem","position":1,"name":"Hjem","item":"https:\/\/www.svalbardblues.com\/de\/"},{"@type":"ListItem","position":2,"name":"Svalbard, Fakten und Informationen","item":"https:\/\/www.svalbardblues.com\/de\/svalbard\/"},{"@type":"ListItem","position":3,"name":"Wildtiere in Svalbard"}]},{"@type":"WebSite","@id":"https:\/\/www.svalbardblues.com\/de\/#website","url":"https:\/\/www.svalbardblues.com\/de\/","name":"Dark Season Blues | SVALBARD","description":"The World&#039;s Northenmost Blues Festival","publisher":{"@id":"https:\/\/www.svalbardblues.com\/de\/#organization"},"potentialAction":[{"@type":"SearchAction","target":{"@type":"EntryPoint","urlTemplate":"https:\/\/www.svalbardblues.com\/de\/?s={search_term_string}"},"query-input":{"@type":"PropertyValueSpecification","valueRequired":true,"valueName":"search_term_string"}}],"inLanguage":"de"},{"@type":"Organization","@id":"https:\/\/www.svalbardblues.com\/de\/#organization","name":"Dark Season Blues","url":"https:\/\/www.svalbardblues.com\/de\/","logo":{"@type":"ImageObject","inLanguage":"de","@id":"https:\/\/www.svalbardblues.com\/de\/#\/schema\/logo\/image\/","url":"https:\/\/www.svalbardblues.com\/wp-content\/uploads\/2017\/06\/DSB2017-Illustrasjon-620.jpg","contentUrl":"https:\/\/www.svalbardblues.com\/wp-content\/uploads\/2017\/06\/DSB2017-Illustrasjon-620.jpg","width":620,"height":488,"caption":"Dark Season Blues"},"image":{"@id":"https:\/\/www.svalbardblues.com\/de\/#\/schema\/logo\/image\/"},"sameAs":["https:\/\/www.facebook.com\/DarkSeasonBlues","https:\/\/x.com\/DarkSeasonBlues","https:\/\/www.instagram.com\/darkseasonblues\/","https:\/\/no.wikipedia.org\/wiki\/Dark_Season_Blues"]}]}},"_links":{"self":[{"href":"https:\/\/www.svalbardblues.com\/de\/wp-json\/wp\/v2\/pages\/23846","targetHints":{"allow":["GET"]}}],"collection":[{"href":"https:\/\/www.svalbardblues.com\/de\/wp-json\/wp\/v2\/pages"}],"about":[{"href":"https:\/\/www.svalbardblues.com\/de\/wp-json\/wp\/v2\/types\/page"}],"author":[{"embeddable":true,"href":"https:\/\/www.svalbardblues.com\/de\/wp-json\/wp\/v2\/users\/1"}],"replies":[{"embeddable":true,"href":"https:\/\/www.svalbardblues.com\/de\/wp-json\/wp\/v2\/comments?post=23846"}],"version-history":[{"count":0,"href":"https:\/\/www.svalbardblues.com\/de\/wp-json\/wp\/v2\/pages\/23846\/revisions"}],"up":[{"embeddable":true,"href":"https:\/\/www.svalbardblues.com\/de\/wp-json\/wp\/v2\/pages\/23778"}],"wp:attachment":[{"href":"https:\/\/www.svalbardblues.com\/de\/wp-json\/wp\/v2\/media?parent=23846"}],"curies":[{"name":"wp","href":"https:\/\/api.w.org\/{rel}","templated":true}]}}