{"id":23851,"date":"2011-04-08T09:06:08","date_gmt":"2011-04-08T09:06:08","guid":{"rendered":"https:\/\/www.svalbardblues.com\/longyearbyen\/shopping\/"},"modified":"2011-04-08T09:06:08","modified_gmt":"2011-04-08T09:06:08","slug":"shopping","status":"publish","type":"page","link":"https:\/\/www.svalbardblues.com\/de\/longyearbyen\/shopping\/","title":{"rendered":"Einkaufen in Longyearbyen, Svalbard"},"content":{"rendered":"<div itemscope=\"\" itemtype=\"http:\/\/schema.org\/WebPage\">\n<span itemprop=\"name\"><\/p>\n<h2>Einkaufen in Svalbard und Longyearbyen<\/h2>\n<p><\/span> <\/p>\n<div itemprop=\"aggregateRating\" itemscope=\"\" itemtype=\"http:\/\/schema.org\/AggregateRating\"><meta itemprop=\"ratingValue\" content=\"5\"><br \/>\n<meta itemprop=\"reviewCount\" content=\"1064\"><\/div>\n<p><meta itemprop=\"image\" content=\"https:\/\/www.svalbardblues.com\/wp-content\/uploads\/2011\/04\/shopping_svalbard.jpg\"><\/div>\n<p><strong><a title=\"Longyearbyen\" href=\"https:\/\/www.svalbardblues.com\/de\/longyearbyen\/\">Longyearbyen<\/a> auf <a title=\"Svalbard\" href=\"https:\/\/www.svalbardblues.com\/de\/svalbard\/\">Spitzbergen<\/a> ist die einzige norwegische Stadt, in der sogar Norweger zollfrei einkaufen k\u00f6nnen.<\/strong><br \/>\nIn Longyearbyen gibt es kleine und gro\u00dfe Gesch\u00e4fte, die alles von Lebensmitteln und Frischwaren bis hin zu Sport- und Freizeitausr\u00fcstung, Geschenken und Souvenirs verkaufen. Besonders g\u00fcnstig sind alkoholische Getr\u00e4nke, Zigaretten sowie Sport- und Freizeitausr\u00fcstung.<br \/>\nIm Longyearbyen Arts and Crafts Centre finden Sie mehrere kleine Galerien und St\u00e4nde, die Kunsthandwerk herstellen und verkaufen.<br \/>\n<a title=\"Fakten \u00fcber Svalbard\" href=\"https:\/\/www.svalbardblues.com\/de\/svalbard\/\">Svalbard<\/a> unterliegt nicht den Zoll- und Mehrwertsteuerbestimmungen. Das bedeutet, dass viele Waren billiger sind als auf dem norwegischen Festland. Andere Waren, wie z.B. Obst, Gem\u00fcse und Frischwaren, k\u00f6nnen aufgrund der hohen Transportkosten teurer sein.  <\/p>\n<h2><strong>Liste der empfohlenen Gesch\u00e4fte in Longyearbyen<\/strong><\/h2>\n<p>[one_third]<br \/>\n<figure id=\"attachment_2870\" aria-describedby=\"caption-attachment-2870\" style=\"width: 166px\" class=\"wp-caption aligncenter\"><a href=\"https:\/\/www.svalbardblues.com\/svalbard\/bedrifter\/svalbardbutikken\/\"><img decoding=\"async\" class=\" wp-image-2870 \" title=\"Coop Svalbard\" alt=\"Coop Svalbard - Svalbardbutikken sponsert Dark Season Blues 2012\" src=\"https:\/\/www.svalbardblues.com\/wp-content\/uploads\/2011\/08\/coop-svalbard_255.jpg\" width=\"176\" height=\"110\"><\/a><figcaption id=\"caption-attachment-2870\" class=\"wp-caption-text\">Coop Svalbard<\/figcaption><\/figure><\/p>\n<p>[\/one_third]<br \/>\n[one_third]<br \/>\n<figure id=\"attachment_6214\" aria-describedby=\"caption-attachment-6214\" style=\"width: 166px\" class=\"wp-caption aligncenter\"><a href=\"https:\/\/www.svalbardblues.com\/svalbard\/bedrifter\/mix-isbjornbutikken\/\"><img decoding=\"async\" class=\" wp-image-6214 \" title=\"MIX Eisb\u00e4renladen\" alt=\"Mix Isbj\u00f8rnbutikken ist einer der Partner von Dark Season Blues\" src=\"https:\/\/www.svalbardblues.com\/wp-content\/uploads\/2012\/01\/mix-logo176.jpg\" width=\"176\" height=\"110\"><\/a><figcaption id=\"caption-attachment-6214\" class=\"wp-caption-text\">MIX Eisb\u00e4renladen<\/figcaption><\/figure><br \/>\n[\/one_third]<br \/>\n[one_third_last]<br \/>\n<figure id=\"attachment_6756\" aria-describedby=\"caption-attachment-6756\" style=\"width: 166px\" class=\"wp-caption aligncenter\"><img decoding=\"async\" class=\"size-full wp-image-6756\" title=\"Lumpenzentrum\" alt=\"Lompensentret ist Svalbards einziges Laufzentrum\" src=\"https:\/\/www.svalbardblues.com\/wp-content\/uploads\/2012\/01\/lompensentret.jpg\" width=\"176\" height=\"110\"><figcaption id=\"caption-attachment-6756\" class=\"wp-caption-text\">Das Zentrum des Hinterns<\/figcaption><\/figure><\/p>\n<p>[\/one_third_last]<br \/>\n[one_third]<br \/>\n<figure id=\"attachment_6333\" aria-describedby=\"caption-attachment-6333\" style=\"width: 166px\" class=\"wp-caption aligncenter\"><a href=\"https:\/\/www.svalbardblues.com\/svalbard\/bedrifter\/apotek-spitsbergen\/\"><img loading=\"lazy\" decoding=\"async\" class=\"size-full wp-image-6333\" title=\"Apotheke Spitzbergen\" alt=\"Apotek Spitsbergen in Longyearbyen sponsert DSb 2012\" src=\"https:\/\/www.svalbardblues.com\/wp-content\/uploads\/2012\/01\/apotek-spitsbergen-logo-176.jpg\" width=\"176\" height=\"110\"><\/a><figcaption id=\"caption-attachment-6333\" class=\"wp-caption-text\">Apotheke Spitzbergen<\/figcaption><\/figure><br \/>\n[\/one_third]<br \/>\n[one_third]<br \/>\n<figure id=\"attachment_3670\" aria-describedby=\"caption-attachment-3670\" style=\"width: 166px\" class=\"wp-caption aligncenter\"><a href=\"https:\/\/www.svalbardblues.com\/svalbard\/bedrifter\/svalbard-auto\/\"><img loading=\"lazy\" decoding=\"async\" class=\"size-full wp-image-3670 \" title=\"Svalbard Auto\" alt=\"Svalbard Auto sponsert Dark Season Blues\" src=\"https:\/\/www.svalbardblues.com\/wp-content\/uploads\/2011\/10\/svalbard-auto.jpg\" width=\"176\" height=\"110\"><\/a><figcaption id=\"caption-attachment-3670\" class=\"wp-caption-text\">Svalbard Auto<\/figcaption><\/figure><br \/>\n[\/one_third]<br \/>\n[one_third_last]<br \/>\n<figure id=\"attachment_3657\" aria-describedby=\"caption-attachment-3657\" style=\"width: 166px\" class=\"wp-caption aligncenter\"><a href=\"www.svalbardblues.com\/3655\/jm-hansen\/\"><img loading=\"lazy\" decoding=\"async\" class=\"size-full wp-image-3657 \" title=\"JM Hansen\" alt=\"JM Hansen Installasjon AS - Svalbard sponsert DSB2012\" src=\"https:\/\/www.svalbardblues.com\/wp-content\/uploads\/2011\/10\/jm-hansen.jpg\" width=\"176\" height=\"110\"><\/a><figcaption id=\"caption-attachment-3657\" class=\"wp-caption-text\">JM Hansen Installasjon AS<\/figcaption><\/figure><br \/>\n[\/one_third_last]<br \/>\n[one_third_last][\/one_third_last]<\/p>\n<p>Aktualisierte Karte der L\u00e4den KOMMT SOFORT<\/p>\n<p>[fancy_box][mashup show=&#8220;query&#8220; show_query=&#8220;category__in=116&#8243; center_lat=&#8220;78.2195&#8243; center_lng=&#8220;15.640&#8243; maptypeid=&#8220;hybrid&#8220; zoom=&#8220;15&#8243; width=&#8220;600&#8243; height=&#8220;400&#8243;][\/fancy_box]<\/p>\n<p>[desktop_only]<br \/>\n<center><br \/>\n<script type=\"text\/javascript\">\nvar uri = 'http:\/\/impno.tradedoubler.com\/imp?type(js)g(19041136)a(2245769)' + new String (Math.random()).substring (2, 11);\ndocument.write('<sc'+'ript type=\"text\/javascript\" src=\"'+uri+'\" charset=\"ISO-8859-1\"><\/sc'+'ript>');\n<\/script><br \/>\n<\/center><br \/>\n[\/desktop_only]<br \/>\n[divider]<br \/>\n[desktop_only]<br \/>\n<center><br \/>\n<script type=\"text\/javascript\"><!--\ngoogle_ad_client = \"ca-pub-9553400920180642\";\n\/* Reise_Info *\/\ngoogle_ad_slot = \"3915360414\";\ngoogle_ad_width = 468;\ngoogle_ad_height = 60;\n\/\/-->\n<\/script><br \/>\n<script type=\"text\/javascript\" src=\"https:\/\/pagead2.googlesyndication.com\/pagead\/show_ads.js\">\n<\/script><br \/>\n<\/center><br \/>\n[\/desktop_only]<br \/>\n[mobile_only]<br \/>\n<center><br \/>\n<script type=\"text\/javascript\"><!--\ngoogle_ad_client = \"ca-pub-9553400920180642\";\n\/* Reiseinfo_mobil2 *\/\ngoogle_ad_slot = \"5252492817\";\ngoogle_ad_width = 320;\ngoogle_ad_height = 50;\n\/\/-->\n<\/script><br \/>\n<script type=\"text\/javascript\" src=\"https:\/\/pagead2.googlesyndication.com\/pagead\/show_ads.js\">\n<\/script><br \/>\n<\/center><br \/>\n[\/mobile_only]<\/p>\n","protected":false},"excerpt":{"rendered":"<p>Einkaufen in Svalbard und Longyearbyen Longyearbyen auf Spitzbergen ist die einzige norwegische Stadt, in der sogar Norweger zollfrei einkaufen k\u00f6nnen. In Longyearbyen gibt es kleine und gro\u00dfe Gesch\u00e4fte, die alles von Lebensmitteln und Frischwaren bis hin zu Sport- und Freizeitausr\u00fcstung, Geschenken und Souvenirs verkaufen. Besonders g\u00fcnstig sind alkoholische Getr\u00e4nke, Zigaretten sowie Sport- und Freizeitausr\u00fcstung. Im &#8230; <\/p>\n<p class=\"read-more-container\"><a title=\"Einkaufen in Longyearbyen, Svalbard\" class=\"read-more button\" href=\"https:\/\/www.svalbardblues.com\/de\/longyearbyen\/shopping\/#more-23851\" aria-label=\"Mehr Informationen \u00fcber Einkaufen in Longyearbyen, Svalbard\">Read more<\/a><\/p>\n","protected":false},"author":1,"featured_media":23852,"parent":23841,"menu_order":0,"comment_status":"closed","ping_status":"closed","template":"","meta":{"inline_featured_image":false,"footnotes":""},"class_list":["post-23851","page","type-page","status-publish","has-post-thumbnail"],"yoast_head":"<!-- This site is optimized with the Yoast SEO Premium plugin v26.2 (Yoast SEO v27.4) - https:\/\/yoast.com\/product\/yoast-seo-premium-wordpress\/ -->\n<title>Einkaufen | Gesch\u00e4fte | Longyearbyen | SVALBARD<\/title>\n<meta name=\"description\" content=\"Einkaufen. Longyearbyen in Svalbard ist die einzige norwegische Stadt, in der sogar Norweger zollfrei einkaufen k\u00f6nnen. \u00dcbersicht der Gesch\u00e4fte in Longyearbyen mit Karten.\" \/>\n<meta name=\"robots\" content=\"index, follow, max-snippet:-1, max-image-preview:large, max-video-preview:-1\" \/>\n<link rel=\"canonical\" href=\"https:\/\/www.svalbardblues.com\/de\/longyearbyen\/shopping\/\" \/>\n<meta property=\"og:locale\" content=\"de_DE\" \/>\n<meta property=\"og:type\" content=\"article\" \/>\n<meta property=\"og:title\" content=\"Einkaufen in Longyearbyen, Svalbard\" \/>\n<meta property=\"og:description\" content=\"Einkaufen. Longyearbyen in Svalbard ist die einzige norwegische Stadt, in der sogar Norweger zollfrei einkaufen k\u00f6nnen. \u00dcbersicht der Gesch\u00e4fte in Longyearbyen mit Karten.\" \/>\n<meta property=\"og:url\" content=\"https:\/\/www.svalbardblues.com\/de\/longyearbyen\/shopping\/\" \/>\n<meta property=\"og:site_name\" content=\"Dark Season Blues | SVALBARD\" \/>\n<meta property=\"article:publisher\" content=\"https:\/\/www.facebook.com\/DarkSeasonBlues\" \/>\n<meta property=\"og:image\" content=\"https:\/\/www.svalbardblues.com\/wp-content\/uploads\/2011\/04\/shopping_svalbard.jpg\" \/>\n\t<meta property=\"og:image:width\" content=\"740\" \/>\n\t<meta property=\"og:image:height\" content=\"334\" \/>\n\t<meta property=\"og:image:type\" content=\"image\/jpeg\" \/>\n<meta name=\"twitter:label1\" content=\"Gesch\u00e4tzte Lesezeit\" \/>\n\t<meta name=\"twitter:data1\" content=\"1\u00a0Minute\" \/>\n<script type=\"application\/ld+json\" class=\"yoast-schema-graph\">{\"@context\":\"https:\\\/\\\/schema.org\",\"@graph\":[{\"@type\":\"WebPage\",\"@id\":\"https:\\\/\\\/www.svalbardblues.com\\\/de\\\/longyearbyen\\\/shopping\\\/\",\"url\":\"https:\\\/\\\/www.svalbardblues.com\\\/de\\\/longyearbyen\\\/shopping\\\/\",\"name\":\"Einkaufen | Gesch\u00e4fte | Longyearbyen | SVALBARD\",\"isPartOf\":{\"@id\":\"https:\\\/\\\/www.svalbardblues.com\\\/de\\\/#website\"},\"primaryImageOfPage\":{\"@id\":\"https:\\\/\\\/www.svalbardblues.com\\\/de\\\/longyearbyen\\\/shopping\\\/#primaryimage\"},\"image\":{\"@id\":\"https:\\\/\\\/www.svalbardblues.com\\\/de\\\/longyearbyen\\\/shopping\\\/#primaryimage\"},\"thumbnailUrl\":\"https:\\\/\\\/www.svalbardblues.com\\\/wp-content\\\/uploads\\\/2011\\\/04\\\/shopping_svalbard.jpg\",\"datePublished\":\"2011-04-08T09:06:08+00:00\",\"description\":\"Einkaufen. Longyearbyen in Svalbard ist die einzige norwegische Stadt, in der sogar Norweger zollfrei einkaufen k\u00f6nnen. \u00dcbersicht der Gesch\u00e4fte in Longyearbyen mit Karten.\",\"breadcrumb\":{\"@id\":\"https:\\\/\\\/www.svalbardblues.com\\\/de\\\/longyearbyen\\\/shopping\\\/#breadcrumb\"},\"inLanguage\":\"de\",\"potentialAction\":[{\"@type\":\"ReadAction\",\"target\":[\"https:\\\/\\\/www.svalbardblues.com\\\/de\\\/longyearbyen\\\/shopping\\\/\"]}]},{\"@type\":\"ImageObject\",\"inLanguage\":\"de\",\"@id\":\"https:\\\/\\\/www.svalbardblues.com\\\/de\\\/longyearbyen\\\/shopping\\\/#primaryimage\",\"url\":\"https:\\\/\\\/www.svalbardblues.com\\\/wp-content\\\/uploads\\\/2011\\\/04\\\/shopping_svalbard.jpg\",\"contentUrl\":\"https:\\\/\\\/www.svalbardblues.com\\\/wp-content\\\/uploads\\\/2011\\\/04\\\/shopping_svalbard.jpg\",\"width\":740,\"height\":334,\"caption\":\"Shopping i Longyearbyen, Svalbard\"},{\"@type\":\"BreadcrumbList\",\"@id\":\"https:\\\/\\\/www.svalbardblues.com\\\/de\\\/longyearbyen\\\/shopping\\\/#breadcrumb\",\"itemListElement\":[{\"@type\":\"ListItem\",\"position\":1,\"name\":\"Hjem\",\"item\":\"https:\\\/\\\/www.svalbardblues.com\\\/de\\\/\"},{\"@type\":\"ListItem\",\"position\":2,\"name\":\"Longyearbyen\",\"item\":\"https:\\\/\\\/www.svalbardblues.com\\\/de\\\/longyearbyen\\\/\"},{\"@type\":\"ListItem\",\"position\":3,\"name\":\"Einkaufen in Longyearbyen, Svalbard\"}]},{\"@type\":\"WebSite\",\"@id\":\"https:\\\/\\\/www.svalbardblues.com\\\/de\\\/#website\",\"url\":\"https:\\\/\\\/www.svalbardblues.com\\\/de\\\/\",\"name\":\"Dark Season Blues | SVALBARD\",\"description\":\"The World&#039;s Northenmost Blues Festival\",\"publisher\":{\"@id\":\"https:\\\/\\\/www.svalbardblues.com\\\/de\\\/#organization\"},\"potentialAction\":[{\"@type\":\"SearchAction\",\"target\":{\"@type\":\"EntryPoint\",\"urlTemplate\":\"https:\\\/\\\/www.svalbardblues.com\\\/de\\\/?s={search_term_string}\"},\"query-input\":{\"@type\":\"PropertyValueSpecification\",\"valueRequired\":true,\"valueName\":\"search_term_string\"}}],\"inLanguage\":\"de\"},{\"@type\":\"Organization\",\"@id\":\"https:\\\/\\\/www.svalbardblues.com\\\/de\\\/#organization\",\"name\":\"Dark Season Blues\",\"url\":\"https:\\\/\\\/www.svalbardblues.com\\\/de\\\/\",\"logo\":{\"@type\":\"ImageObject\",\"inLanguage\":\"de\",\"@id\":\"https:\\\/\\\/www.svalbardblues.com\\\/de\\\/#\\\/schema\\\/logo\\\/image\\\/\",\"url\":\"https:\\\/\\\/www.svalbardblues.com\\\/wp-content\\\/uploads\\\/2017\\\/06\\\/DSB2017-Illustrasjon-620.jpg\",\"contentUrl\":\"https:\\\/\\\/www.svalbardblues.com\\\/wp-content\\\/uploads\\\/2017\\\/06\\\/DSB2017-Illustrasjon-620.jpg\",\"width\":620,\"height\":488,\"caption\":\"Dark Season Blues\"},\"image\":{\"@id\":\"https:\\\/\\\/www.svalbardblues.com\\\/de\\\/#\\\/schema\\\/logo\\\/image\\\/\"},\"sameAs\":[\"https:\\\/\\\/www.facebook.com\\\/DarkSeasonBlues\",\"https:\\\/\\\/x.com\\\/DarkSeasonBlues\",\"https:\\\/\\\/www.instagram.com\\\/darkseasonblues\\\/\",\"https:\\\/\\\/no.wikipedia.org\\\/wiki\\\/Dark_Season_Blues\"]}]}<\/script>\n<!-- \/ Yoast SEO Premium plugin. -->","yoast_head_json":{"title":"Einkaufen | Gesch\u00e4fte | Longyearbyen | SVALBARD","description":"Einkaufen. Longyearbyen in Svalbard ist die einzige norwegische Stadt, in der sogar Norweger zollfrei einkaufen k\u00f6nnen. \u00dcbersicht der Gesch\u00e4fte in Longyearbyen mit Karten.","robots":{"index":"index","follow":"follow","max-snippet":"max-snippet:-1","max-image-preview":"max-image-preview:large","max-video-preview":"max-video-preview:-1"},"canonical":"https:\/\/www.svalbardblues.com\/de\/longyearbyen\/shopping\/","og_locale":"de_DE","og_type":"article","og_title":"Einkaufen in Longyearbyen, Svalbard","og_description":"Einkaufen. Longyearbyen in Svalbard ist die einzige norwegische Stadt, in der sogar Norweger zollfrei einkaufen k\u00f6nnen. \u00dcbersicht der Gesch\u00e4fte in Longyearbyen mit Karten.","og_url":"https:\/\/www.svalbardblues.com\/de\/longyearbyen\/shopping\/","og_site_name":"Dark Season Blues | SVALBARD","article_publisher":"https:\/\/www.facebook.com\/DarkSeasonBlues","og_image":[{"width":740,"height":334,"url":"https:\/\/www.svalbardblues.com\/wp-content\/uploads\/2011\/04\/shopping_svalbard.jpg","type":"image\/jpeg"}],"twitter_misc":{"Gesch\u00e4tzte Lesezeit":"1\u00a0Minute"},"schema":{"@context":"https:\/\/schema.org","@graph":[{"@type":"WebPage","@id":"https:\/\/www.svalbardblues.com\/de\/longyearbyen\/shopping\/","url":"https:\/\/www.svalbardblues.com\/de\/longyearbyen\/shopping\/","name":"Einkaufen | Gesch\u00e4fte | Longyearbyen | SVALBARD","isPartOf":{"@id":"https:\/\/www.svalbardblues.com\/de\/#website"},"primaryImageOfPage":{"@id":"https:\/\/www.svalbardblues.com\/de\/longyearbyen\/shopping\/#primaryimage"},"image":{"@id":"https:\/\/www.svalbardblues.com\/de\/longyearbyen\/shopping\/#primaryimage"},"thumbnailUrl":"https:\/\/www.svalbardblues.com\/wp-content\/uploads\/2011\/04\/shopping_svalbard.jpg","datePublished":"2011-04-08T09:06:08+00:00","description":"Einkaufen. Longyearbyen in Svalbard ist die einzige norwegische Stadt, in der sogar Norweger zollfrei einkaufen k\u00f6nnen. \u00dcbersicht der Gesch\u00e4fte in Longyearbyen mit Karten.","breadcrumb":{"@id":"https:\/\/www.svalbardblues.com\/de\/longyearbyen\/shopping\/#breadcrumb"},"inLanguage":"de","potentialAction":[{"@type":"ReadAction","target":["https:\/\/www.svalbardblues.com\/de\/longyearbyen\/shopping\/"]}]},{"@type":"ImageObject","inLanguage":"de","@id":"https:\/\/www.svalbardblues.com\/de\/longyearbyen\/shopping\/#primaryimage","url":"https:\/\/www.svalbardblues.com\/wp-content\/uploads\/2011\/04\/shopping_svalbard.jpg","contentUrl":"https:\/\/www.svalbardblues.com\/wp-content\/uploads\/2011\/04\/shopping_svalbard.jpg","width":740,"height":334,"caption":"Shopping i Longyearbyen, Svalbard"},{"@type":"BreadcrumbList","@id":"https:\/\/www.svalbardblues.com\/de\/longyearbyen\/shopping\/#breadcrumb","itemListElement":[{"@type":"ListItem","position":1,"name":"Hjem","item":"https:\/\/www.svalbardblues.com\/de\/"},{"@type":"ListItem","position":2,"name":"Longyearbyen","item":"https:\/\/www.svalbardblues.com\/de\/longyearbyen\/"},{"@type":"ListItem","position":3,"name":"Einkaufen in Longyearbyen, Svalbard"}]},{"@type":"WebSite","@id":"https:\/\/www.svalbardblues.com\/de\/#website","url":"https:\/\/www.svalbardblues.com\/de\/","name":"Dark Season Blues | SVALBARD","description":"The World&#039;s Northenmost Blues Festival","publisher":{"@id":"https:\/\/www.svalbardblues.com\/de\/#organization"},"potentialAction":[{"@type":"SearchAction","target":{"@type":"EntryPoint","urlTemplate":"https:\/\/www.svalbardblues.com\/de\/?s={search_term_string}"},"query-input":{"@type":"PropertyValueSpecification","valueRequired":true,"valueName":"search_term_string"}}],"inLanguage":"de"},{"@type":"Organization","@id":"https:\/\/www.svalbardblues.com\/de\/#organization","name":"Dark Season Blues","url":"https:\/\/www.svalbardblues.com\/de\/","logo":{"@type":"ImageObject","inLanguage":"de","@id":"https:\/\/www.svalbardblues.com\/de\/#\/schema\/logo\/image\/","url":"https:\/\/www.svalbardblues.com\/wp-content\/uploads\/2017\/06\/DSB2017-Illustrasjon-620.jpg","contentUrl":"https:\/\/www.svalbardblues.com\/wp-content\/uploads\/2017\/06\/DSB2017-Illustrasjon-620.jpg","width":620,"height":488,"caption":"Dark Season Blues"},"image":{"@id":"https:\/\/www.svalbardblues.com\/de\/#\/schema\/logo\/image\/"},"sameAs":["https:\/\/www.facebook.com\/DarkSeasonBlues","https:\/\/x.com\/DarkSeasonBlues","https:\/\/www.instagram.com\/darkseasonblues\/","https:\/\/no.wikipedia.org\/wiki\/Dark_Season_Blues"]}]}},"_links":{"self":[{"href":"https:\/\/www.svalbardblues.com\/de\/wp-json\/wp\/v2\/pages\/23851","targetHints":{"allow":["GET"]}}],"collection":[{"href":"https:\/\/www.svalbardblues.com\/de\/wp-json\/wp\/v2\/pages"}],"about":[{"href":"https:\/\/www.svalbardblues.com\/de\/wp-json\/wp\/v2\/types\/page"}],"author":[{"embeddable":true,"href":"https:\/\/www.svalbardblues.com\/de\/wp-json\/wp\/v2\/users\/1"}],"replies":[{"embeddable":true,"href":"https:\/\/www.svalbardblues.com\/de\/wp-json\/wp\/v2\/comments?post=23851"}],"version-history":[{"count":0,"href":"https:\/\/www.svalbardblues.com\/de\/wp-json\/wp\/v2\/pages\/23851\/revisions"}],"up":[{"embeddable":true,"href":"https:\/\/www.svalbardblues.com\/de\/wp-json\/wp\/v2\/pages\/23841"}],"wp:featuredmedia":[{"embeddable":true,"href":"https:\/\/www.svalbardblues.com\/de\/wp-json\/wp\/v2\/media\/23852"}],"wp:attachment":[{"href":"https:\/\/www.svalbardblues.com\/de\/wp-json\/wp\/v2\/media?parent=23851"}],"curies":[{"name":"wp","href":"https:\/\/api.w.org\/{rel}","templated":true}]}}