{"id":23855,"date":"2011-04-08T09:11:41","date_gmt":"2011-04-08T09:11:41","guid":{"rendered":"https:\/\/www.svalbardblues.com\/longyearbyen\/serveringssteder\/"},"modified":"2011-04-08T09:11:41","modified_gmt":"2011-04-08T09:11:41","slug":"serveringssteder","status":"publish","type":"page","link":"https:\/\/www.svalbardblues.com\/de\/longyearbyen\/serveringssteder\/","title":{"rendered":"Lebensmittel- und Getr\u00e4nkem\u00e4rkte"},"content":{"rendered":"<p><strong>In <a title=\"Longyearbyen\" href=\"https:\/\/www.svalbardblues.com\/de\/longyearbyen\/\">Longyearbyen<\/a> gibt es eine gro\u00dfe Auswahl an Caf\u00e9s, Kneipen und Restaurants<\/strong>, die von einfachen und preiswerten Gerichten bis hin zu den exquisitesten Men\u00fcs, einschlie\u00dflich arktischer Spezialit\u00e4ten, alles anbieten.<br \/>\n[raw]<\/p>\n<div itemscope=\"\" itemtype=\"http:\/\/schema.org\/FoodEstablishment\">\n<h2><strong><span itemprop=\"name\">Liste der empfohlenen Restaurants in Longyearbyen<\/span><\/strong><\/h2>\n<div style=\"display: none;\">\n<div itemprop=\"aggregateRating\" itemscope=\"\" itemtype=\"http:\/\/schema.org\/AggregateRating\"><span itemprop=\"ratingValue\">5<\/span><br \/>\n<span itemprop=\"reviewCount\">360<\/span><\/div>\n<\/div>\n<\/div>\n<p>[\/raw]<br \/>\n[one_third]<\/p>\n<figure id=\"attachment_3682\" aria-describedby=\"caption-attachment-3682\" style=\"width: 166px\" class=\"wp-caption aligncenter\"><a href=\"https:\/\/www.svalbardblues.com\/svalbard\/bedrifter\/kroa-steakers-svalbard\/\"><img decoding=\"async\" class=\" wp-image-3682 \" title=\"Kroa-Longyearbyen\" alt=\"Kroa Steakers Svalbard ist einer der Partner der DSB, und hier werden am Donnerstag und Freitag w\u00e4hrend des Festivals Konzerte veranstaltet.\" src=\"https:\/\/www.svalbardblues.com\/wp-content\/uploads\/2011\/10\/kroa-logo-255.jpg\" width=\"176\" height=\"110\"><\/a><figcaption id=\"caption-attachment-3682\" class=\"wp-caption-text\">Kroa, Steakers Svalbard<\/figcaption><\/figure>\n<p>[\/one_third]<br \/>\n[one_third]<\/p>\n<figure id=\"attachment_1313\" aria-describedby=\"caption-attachment-1313\" style=\"width: 166px\" class=\"wp-caption aligncenter\"><a href=\"https:\/\/www.svalbardblues.com\/svalbard\/bedrifter\/hurtigruten-svalbard\/barentz-pub\/\"><img decoding=\"async\" class=\" wp-image-1313\" title=\"Barentz Kneipe\" alt=\"Barentz Pub in Longyearbyen, Svalbard, im Radisson Blue Hotel Spitsbergen\" src=\"https:\/\/www.svalbardblues.com\/wp-content\/uploads\/2011\/04\/Barentz_Pub_dsb.jpg\" width=\"176\" height=\"110\"><\/a><figcaption id=\"caption-attachment-1313\" class=\"wp-caption-text\">Barentz Kneipe<\/figcaption><\/figure>\n<p>[\/one_third]<\/p>\n<p>[one_third_last]<\/p>\n<figure id=\"attachment_1267\" aria-describedby=\"caption-attachment-1267\" style=\"width: 166px\" class=\"wp-caption aligncenter\"><a href=\"https:\/\/www.svalbardblues.com\/svalbard\/bedrifter\/karlsberger-pub\/\"><img decoding=\"async\" class=\" wp-image-1267 \" title=\"Charles-Berger-Kneipe\" alt=\"Karls-Berger Pub ist ein Partner von Dark Season Blues 2012\" src=\"https:\/\/www.svalbardblues.com\/wp-content\/uploads\/2011\/04\/kb255x160.jpg\" width=\"176\" height=\"110\"><\/a><figcaption id=\"caption-attachment-1267\" class=\"wp-caption-text\">Charles-Berger-Kneipe<\/figcaption><\/figure>\n<p>[\/one_third_last]<br \/>\n[one_third]<\/p>\n<figure id=\"attachment_3685\" aria-describedby=\"caption-attachment-3685\" style=\"width: 157px\" class=\"wp-caption aligncenter\"><a href=\"https:\/\/www.svalbardblues.com\/svalbard\/bedrifter\/svalbar-pub\/\"><img loading=\"lazy\" decoding=\"async\" class=\" wp-image-3685 \" title=\"Svalbard Pub\" alt=\"Der Svalbar Pub ist einer der Partner der DSB und wird w\u00e4hrend des Festivals am Donnerstag und Freitag Konzerte veranstalten.\" src=\"https:\/\/www.svalbardblues.com\/wp-content\/uploads\/2011\/10\/svalbard-logo2-255.jpg\" width=\"167\" height=\"110\"><\/a><figcaption id=\"caption-attachment-3685\" class=\"wp-caption-text\">Zum Verschlucken<\/figcaption><\/figure>\n<p>[\/one_third]<\/p>\n<p>[one_third]<\/p>\n<figure id=\"attachment_3674\" aria-describedby=\"caption-attachment-3674\" style=\"width: 166px\" class=\"wp-caption aligncenter\"><a href=\"https:\/\/www.svalbardblues.com\/svalbard\/bedrifter\/huset\/\"><img loading=\"lazy\" decoding=\"async\" class=\" wp-image-3674 \" title=\"Haus Longyearbyen\" alt=\"Huset in Longyearbyen auf Spitzbergen ist einer der Partner des DSB 2012. Hier findet die Hauptveranstaltung statt, die 7 Stunden Non-Stop-Konzerte auf zwei Etagen umfasst.\" src=\"https:\/\/www.svalbardblues.com\/wp-content\/uploads\/2011\/10\/huset-logo2-255.jpg\" width=\"176\" height=\"110\"><\/a><figcaption id=\"caption-attachment-3674\" class=\"wp-caption-text\">Das Haus<\/figcaption><\/figure>\n<p>[\/one_third]<br \/>\n[one_third_last]<\/p>\n<figure id=\"attachment_7174\" aria-describedby=\"caption-attachment-7174\" style=\"width: 166px\" class=\"wp-caption aligncenter\"><img loading=\"lazy\" decoding=\"async\" class=\"size-full wp-image-7174 \" title=\"Brasseri Nansen\" alt=\"Das Restaurant Brasseri Nansen wird w\u00e4hrend der Dark Season Blues Spitsbergen in einen Konzertsaal f\u00fcr die Jam verwandelt\" src=\"https:\/\/www.svalbardblues.com\/wp-content\/uploads\/2013\/02\/radisson_blu_176.jpg\" width=\"176\" height=\"110\"><figcaption id=\"caption-attachment-7174\" class=\"wp-caption-text\">Brasseri Nansen<\/figcaption><\/figure>\n<p>[\/one_third_last]<br \/>\n[one_third]<\/p>\n<figure id=\"attachment_1201\" aria-describedby=\"caption-attachment-1201\" style=\"width: 166px\" class=\"wp-caption aligncenter\"><a href=\"https:\/\/www.svalbardblues.com\/svalbard\/bedrifter\/hurtigruten-svalbard\/funktionaermessen-restaurant\/\"><img loading=\"lazy\" decoding=\"async\" class=\" wp-image-1201 \" title=\"Funktion\u00e6rmessen Restaurant\" alt=\"W\u00e4hrend der Dark Season Blues Spitsbergen wird im Funktion\u00e6rmessen Restaurant ein stimmungsvolles und intimes Blues-Dinner mit den K\u00fcnstlern organisiert.\" src=\"https:\/\/www.svalbardblues.com\/wp-content\/uploads\/2011\/04\/spitsbergen_hotel.jpg\" width=\"176\" height=\"110\"><\/a><figcaption id=\"caption-attachment-1201\" class=\"wp-caption-text\">Funktion\u00e6rmessen Restaurant<\/figcaption><\/figure>\n<p>[\/one_third]<\/p>\n<p>[one_third][\/one_third]<br \/>\n[one_third_last][\/one_third_last]<\/p>\n<p>[fancy_box][mashup show=&#8220;query&#8220; show_query=&#8220;category__in=36&#8243; center_lat=&#8220;78.214&#8243; center_lng=&#8220;15.619&#8243; maptypeid=&#8220;hybrid&#8220; zoom=&#8220;13&#8243; width=&#8220;620&#8243; height=&#8220;500&#8243;][\/fancy_box]<\/p>\n<p>&nbsp;<\/p>\n","protected":false},"excerpt":{"rendered":"<p>In Longyearbyen gibt es eine gro\u00dfe Auswahl an Caf\u00e9s, Kneipen und Restaurants, die von einfachen und preiswerten Gerichten bis hin zu den exquisitesten Men\u00fcs, einschlie\u00dflich arktischer Spezialit\u00e4ten, alles anbieten. [raw] Liste der empfohlenen Restaurants in Longyearbyen 5 360 [\/raw] [one_third] [\/one_third] [one_third] [\/one_third] [one_third_last] [\/one_third_last] [one_third] [\/one_third] [one_third] [\/one_third] [one_third_last] [\/one_third_last] [one_third] [\/one_third] [one_third][\/one_third] [one_third_last][\/one_third_last] &#8230; <\/p>\n<p class=\"read-more-container\"><a title=\"Lebensmittel- und Getr\u00e4nkem\u00e4rkte\" class=\"read-more button\" href=\"https:\/\/www.svalbardblues.com\/de\/longyearbyen\/serveringssteder\/#more-23855\" aria-label=\"Mehr Informationen \u00fcber Lebensmittel- und Getr\u00e4nkem\u00e4rkte\">Read more<\/a><\/p>\n","protected":false},"author":1,"featured_media":0,"parent":23841,"menu_order":0,"comment_status":"closed","ping_status":"closed","template":"","meta":{"inline_featured_image":false,"footnotes":""},"class_list":["post-23855","page","type-page","status-publish"],"yoast_head":"<!-- This site is optimized with the Yoast SEO Premium plugin v26.2 (Yoast SEO v27.5) - https:\/\/yoast.com\/product\/yoast-seo-premium-wordpress\/ -->\n<title>Lokale | Caf\u00e9, Kneipe und Restaurant | Longyearbyen | SVALBARD<\/title>\n<meta name=\"description\" content=\"Empfohlene Orte zum Essen gehen. Caf\u00e9s, Kneipen und Restaurants in Longyearbyen, die von einfachen und g\u00fcnstigen Gerichten bis hin zu Men\u00fcs mit arktischen Spezialit\u00e4ten alles anbieten.\" \/>\n<meta name=\"robots\" content=\"index, follow, max-snippet:-1, max-image-preview:large, max-video-preview:-1\" \/>\n<link rel=\"canonical\" href=\"https:\/\/www.svalbardblues.com\/de\/longyearbyen\/serveringssteder\/\" \/>\n<meta property=\"og:locale\" content=\"de_DE\" \/>\n<meta property=\"og:type\" content=\"article\" \/>\n<meta property=\"og:title\" content=\"Lebensmittel- und Getr\u00e4nkem\u00e4rkte\" \/>\n<meta property=\"og:description\" content=\"Empfohlene Orte zum Essen gehen. Caf\u00e9s, Kneipen und Restaurants in Longyearbyen, die von einfachen und g\u00fcnstigen Gerichten bis hin zu Men\u00fcs mit arktischen Spezialit\u00e4ten alles anbieten.\" \/>\n<meta property=\"og:url\" content=\"https:\/\/www.svalbardblues.com\/de\/longyearbyen\/serveringssteder\/\" \/>\n<meta property=\"og:site_name\" content=\"Dark Season Blues | SVALBARD\" \/>\n<meta property=\"article:publisher\" content=\"https:\/\/www.facebook.com\/DarkSeasonBlues\" \/>\n<meta property=\"og:image\" content=\"https:\/\/www.svalbardblues.com\/wp-content\/uploads\/2011\/10\/kroa-logo-255.jpg\" \/>\n\t<meta property=\"og:image:width\" content=\"255\" \/>\n\t<meta property=\"og:image:height\" content=\"160\" \/>\n\t<meta property=\"og:image:type\" content=\"image\/jpeg\" \/>\n<meta name=\"twitter:label1\" content=\"Gesch\u00e4tzte Lesezeit\" \/>\n\t<meta name=\"twitter:data1\" content=\"1\u00a0Minute\" \/>\n<script type=\"application\/ld+json\" class=\"yoast-schema-graph\">{\"@context\":\"https:\\\/\\\/schema.org\",\"@graph\":[{\"@type\":\"WebPage\",\"@id\":\"https:\\\/\\\/www.svalbardblues.com\\\/de\\\/longyearbyen\\\/serveringssteder\\\/\",\"url\":\"https:\\\/\\\/www.svalbardblues.com\\\/de\\\/longyearbyen\\\/serveringssteder\\\/\",\"name\":\"Lokale | Caf\u00e9, Kneipe und Restaurant | Longyearbyen | SVALBARD\",\"isPartOf\":{\"@id\":\"https:\\\/\\\/www.svalbardblues.com\\\/de\\\/#website\"},\"primaryImageOfPage\":{\"@id\":\"https:\\\/\\\/www.svalbardblues.com\\\/de\\\/longyearbyen\\\/serveringssteder\\\/#primaryimage\"},\"image\":{\"@id\":\"https:\\\/\\\/www.svalbardblues.com\\\/de\\\/longyearbyen\\\/serveringssteder\\\/#primaryimage\"},\"thumbnailUrl\":\"https:\\\/\\\/www.svalbardblues.com\\\/wp-content\\\/uploads\\\/2011\\\/10\\\/kroa-logo-255.jpg\",\"datePublished\":\"2011-04-08T09:11:41+00:00\",\"description\":\"Empfohlene Orte zum Essen gehen. Caf\u00e9s, Kneipen und Restaurants in Longyearbyen, die von einfachen und g\u00fcnstigen Gerichten bis hin zu Men\u00fcs mit arktischen Spezialit\u00e4ten alles anbieten.\",\"breadcrumb\":{\"@id\":\"https:\\\/\\\/www.svalbardblues.com\\\/de\\\/longyearbyen\\\/serveringssteder\\\/#breadcrumb\"},\"inLanguage\":\"de\",\"potentialAction\":[{\"@type\":\"ReadAction\",\"target\":[\"https:\\\/\\\/www.svalbardblues.com\\\/de\\\/longyearbyen\\\/serveringssteder\\\/\"]}]},{\"@type\":\"ImageObject\",\"inLanguage\":\"de\",\"@id\":\"https:\\\/\\\/www.svalbardblues.com\\\/de\\\/longyearbyen\\\/serveringssteder\\\/#primaryimage\",\"url\":\"https:\\\/\\\/www.svalbardblues.com\\\/wp-content\\\/uploads\\\/2011\\\/10\\\/kroa-logo-255.jpg\",\"contentUrl\":\"https:\\\/\\\/www.svalbardblues.com\\\/wp-content\\\/uploads\\\/2011\\\/10\\\/kroa-logo-255.jpg\"},{\"@type\":\"BreadcrumbList\",\"@id\":\"https:\\\/\\\/www.svalbardblues.com\\\/de\\\/longyearbyen\\\/serveringssteder\\\/#breadcrumb\",\"itemListElement\":[{\"@type\":\"ListItem\",\"position\":1,\"name\":\"Hjem\",\"item\":\"https:\\\/\\\/www.svalbardblues.com\\\/de\\\/\"},{\"@type\":\"ListItem\",\"position\":2,\"name\":\"Longyearbyen\",\"item\":\"https:\\\/\\\/www.svalbardblues.com\\\/de\\\/longyearbyen\\\/\"},{\"@type\":\"ListItem\",\"position\":3,\"name\":\"Lebensmittel- und Getr\u00e4nkem\u00e4rkte\"}]},{\"@type\":\"WebSite\",\"@id\":\"https:\\\/\\\/www.svalbardblues.com\\\/de\\\/#website\",\"url\":\"https:\\\/\\\/www.svalbardblues.com\\\/de\\\/\",\"name\":\"Dark Season Blues | SVALBARD\",\"description\":\"The World&#039;s Northenmost Blues Festival\",\"publisher\":{\"@id\":\"https:\\\/\\\/www.svalbardblues.com\\\/de\\\/#organization\"},\"potentialAction\":[{\"@type\":\"SearchAction\",\"target\":{\"@type\":\"EntryPoint\",\"urlTemplate\":\"https:\\\/\\\/www.svalbardblues.com\\\/de\\\/?s={search_term_string}\"},\"query-input\":{\"@type\":\"PropertyValueSpecification\",\"valueRequired\":true,\"valueName\":\"search_term_string\"}}],\"inLanguage\":\"de\"},{\"@type\":\"Organization\",\"@id\":\"https:\\\/\\\/www.svalbardblues.com\\\/de\\\/#organization\",\"name\":\"Dark Season Blues\",\"url\":\"https:\\\/\\\/www.svalbardblues.com\\\/de\\\/\",\"logo\":{\"@type\":\"ImageObject\",\"inLanguage\":\"de\",\"@id\":\"https:\\\/\\\/www.svalbardblues.com\\\/de\\\/#\\\/schema\\\/logo\\\/image\\\/\",\"url\":\"https:\\\/\\\/www.svalbardblues.com\\\/wp-content\\\/uploads\\\/2017\\\/06\\\/DSB2017-Illustrasjon-620.jpg\",\"contentUrl\":\"https:\\\/\\\/www.svalbardblues.com\\\/wp-content\\\/uploads\\\/2017\\\/06\\\/DSB2017-Illustrasjon-620.jpg\",\"width\":620,\"height\":488,\"caption\":\"Dark Season Blues\"},\"image\":{\"@id\":\"https:\\\/\\\/www.svalbardblues.com\\\/de\\\/#\\\/schema\\\/logo\\\/image\\\/\"},\"sameAs\":[\"https:\\\/\\\/www.facebook.com\\\/DarkSeasonBlues\",\"https:\\\/\\\/x.com\\\/DarkSeasonBlues\",\"https:\\\/\\\/www.instagram.com\\\/darkseasonblues\\\/\",\"https:\\\/\\\/no.wikipedia.org\\\/wiki\\\/Dark_Season_Blues\"]}]}<\/script>\n<!-- \/ Yoast SEO Premium plugin. -->","yoast_head_json":{"title":"Lokale | Caf\u00e9, Kneipe und Restaurant | Longyearbyen | SVALBARD","description":"Empfohlene Orte zum Essen gehen. Caf\u00e9s, Kneipen und Restaurants in Longyearbyen, die von einfachen und g\u00fcnstigen Gerichten bis hin zu Men\u00fcs mit arktischen Spezialit\u00e4ten alles anbieten.","robots":{"index":"index","follow":"follow","max-snippet":"max-snippet:-1","max-image-preview":"max-image-preview:large","max-video-preview":"max-video-preview:-1"},"canonical":"https:\/\/www.svalbardblues.com\/de\/longyearbyen\/serveringssteder\/","og_locale":"de_DE","og_type":"article","og_title":"Lebensmittel- und Getr\u00e4nkem\u00e4rkte","og_description":"Empfohlene Orte zum Essen gehen. Caf\u00e9s, Kneipen und Restaurants in Longyearbyen, die von einfachen und g\u00fcnstigen Gerichten bis hin zu Men\u00fcs mit arktischen Spezialit\u00e4ten alles anbieten.","og_url":"https:\/\/www.svalbardblues.com\/de\/longyearbyen\/serveringssteder\/","og_site_name":"Dark Season Blues | SVALBARD","article_publisher":"https:\/\/www.facebook.com\/DarkSeasonBlues","og_image":[{"width":255,"height":160,"url":"https:\/\/www.svalbardblues.com\/wp-content\/uploads\/2011\/10\/kroa-logo-255.jpg","type":"image\/jpeg"}],"twitter_misc":{"Gesch\u00e4tzte Lesezeit":"1\u00a0Minute"},"schema":{"@context":"https:\/\/schema.org","@graph":[{"@type":"WebPage","@id":"https:\/\/www.svalbardblues.com\/de\/longyearbyen\/serveringssteder\/","url":"https:\/\/www.svalbardblues.com\/de\/longyearbyen\/serveringssteder\/","name":"Lokale | Caf\u00e9, Kneipe und Restaurant | Longyearbyen | SVALBARD","isPartOf":{"@id":"https:\/\/www.svalbardblues.com\/de\/#website"},"primaryImageOfPage":{"@id":"https:\/\/www.svalbardblues.com\/de\/longyearbyen\/serveringssteder\/#primaryimage"},"image":{"@id":"https:\/\/www.svalbardblues.com\/de\/longyearbyen\/serveringssteder\/#primaryimage"},"thumbnailUrl":"https:\/\/www.svalbardblues.com\/wp-content\/uploads\/2011\/10\/kroa-logo-255.jpg","datePublished":"2011-04-08T09:11:41+00:00","description":"Empfohlene Orte zum Essen gehen. Caf\u00e9s, Kneipen und Restaurants in Longyearbyen, die von einfachen und g\u00fcnstigen Gerichten bis hin zu Men\u00fcs mit arktischen Spezialit\u00e4ten alles anbieten.","breadcrumb":{"@id":"https:\/\/www.svalbardblues.com\/de\/longyearbyen\/serveringssteder\/#breadcrumb"},"inLanguage":"de","potentialAction":[{"@type":"ReadAction","target":["https:\/\/www.svalbardblues.com\/de\/longyearbyen\/serveringssteder\/"]}]},{"@type":"ImageObject","inLanguage":"de","@id":"https:\/\/www.svalbardblues.com\/de\/longyearbyen\/serveringssteder\/#primaryimage","url":"https:\/\/www.svalbardblues.com\/wp-content\/uploads\/2011\/10\/kroa-logo-255.jpg","contentUrl":"https:\/\/www.svalbardblues.com\/wp-content\/uploads\/2011\/10\/kroa-logo-255.jpg"},{"@type":"BreadcrumbList","@id":"https:\/\/www.svalbardblues.com\/de\/longyearbyen\/serveringssteder\/#breadcrumb","itemListElement":[{"@type":"ListItem","position":1,"name":"Hjem","item":"https:\/\/www.svalbardblues.com\/de\/"},{"@type":"ListItem","position":2,"name":"Longyearbyen","item":"https:\/\/www.svalbardblues.com\/de\/longyearbyen\/"},{"@type":"ListItem","position":3,"name":"Lebensmittel- und Getr\u00e4nkem\u00e4rkte"}]},{"@type":"WebSite","@id":"https:\/\/www.svalbardblues.com\/de\/#website","url":"https:\/\/www.svalbardblues.com\/de\/","name":"Dark Season Blues | SVALBARD","description":"The World&#039;s Northenmost Blues Festival","publisher":{"@id":"https:\/\/www.svalbardblues.com\/de\/#organization"},"potentialAction":[{"@type":"SearchAction","target":{"@type":"EntryPoint","urlTemplate":"https:\/\/www.svalbardblues.com\/de\/?s={search_term_string}"},"query-input":{"@type":"PropertyValueSpecification","valueRequired":true,"valueName":"search_term_string"}}],"inLanguage":"de"},{"@type":"Organization","@id":"https:\/\/www.svalbardblues.com\/de\/#organization","name":"Dark Season Blues","url":"https:\/\/www.svalbardblues.com\/de\/","logo":{"@type":"ImageObject","inLanguage":"de","@id":"https:\/\/www.svalbardblues.com\/de\/#\/schema\/logo\/image\/","url":"https:\/\/www.svalbardblues.com\/wp-content\/uploads\/2017\/06\/DSB2017-Illustrasjon-620.jpg","contentUrl":"https:\/\/www.svalbardblues.com\/wp-content\/uploads\/2017\/06\/DSB2017-Illustrasjon-620.jpg","width":620,"height":488,"caption":"Dark Season Blues"},"image":{"@id":"https:\/\/www.svalbardblues.com\/de\/#\/schema\/logo\/image\/"},"sameAs":["https:\/\/www.facebook.com\/DarkSeasonBlues","https:\/\/x.com\/DarkSeasonBlues","https:\/\/www.instagram.com\/darkseasonblues\/","https:\/\/no.wikipedia.org\/wiki\/Dark_Season_Blues"]}]}},"_links":{"self":[{"href":"https:\/\/www.svalbardblues.com\/de\/wp-json\/wp\/v2\/pages\/23855","targetHints":{"allow":["GET"]}}],"collection":[{"href":"https:\/\/www.svalbardblues.com\/de\/wp-json\/wp\/v2\/pages"}],"about":[{"href":"https:\/\/www.svalbardblues.com\/de\/wp-json\/wp\/v2\/types\/page"}],"author":[{"embeddable":true,"href":"https:\/\/www.svalbardblues.com\/de\/wp-json\/wp\/v2\/users\/1"}],"replies":[{"embeddable":true,"href":"https:\/\/www.svalbardblues.com\/de\/wp-json\/wp\/v2\/comments?post=23855"}],"version-history":[{"count":0,"href":"https:\/\/www.svalbardblues.com\/de\/wp-json\/wp\/v2\/pages\/23855\/revisions"}],"up":[{"embeddable":true,"href":"https:\/\/www.svalbardblues.com\/de\/wp-json\/wp\/v2\/pages\/23841"}],"wp:attachment":[{"href":"https:\/\/www.svalbardblues.com\/de\/wp-json\/wp\/v2\/media?parent=23855"}],"curies":[{"name":"wp","href":"https:\/\/api.w.org\/{rel}","templated":true}]}}