{"id":23857,"date":"2011-04-08T08:38:49","date_gmt":"2011-04-08T08:38:49","guid":{"rendered":"https:\/\/www.svalbardblues.com\/svalbard\/svalbardvettreglene\/"},"modified":"2011-04-08T08:38:49","modified_gmt":"2011-04-08T08:38:49","slug":"svalbardvettreglene","status":"publish","type":"page","link":"https:\/\/www.svalbardblues.com\/de\/svalbard\/svalbardvettreglene\/","title":{"rendered":"Die Svalbard Verhaltensregeln"},"content":{"rendered":"<p>&nbsp;<br \/>\nDie lokale Tourismusindustrie und der Gouverneur haben eine Reihe von \u201eSvalbard Verhaltensregeln\u201c aufgestellt. Diese beschreiben, wie sich die Beh\u00f6rden und die Tourismusindustrie das Verhalten der Besucher auf <a title=\"Fakten \u00fcber Svalbard\" href=\"https:\/\/www.svalbardblues.com\/de\/svalbard\/\">Spitzbergen<\/a> w\u00fcnschen: <\/p>\n<h2>Schutzbestimmungen<\/h2>\n<p>Die Natur in Svalbard ist extrem empfindlich, und selbst kleine Eingriffe k\u00f6nnen dauerhafte Sch\u00e4den verursachen. Daher wurde f\u00fcr Svalbard ein eigenes Umweltschutzgesetz verabschiedet. Der Zweck des Umweltschutzgesetzes von Svalbard und der dazugeh\u00f6rigen Verordnungen ist es unter anderem, die Erhaltung der empfindlichen nat\u00fcrlichen Umwelt von Svalbard und der vielen wertvollen Kulturerbest\u00e4tten zu gew\u00e4hrleisten.  <\/p>\n<h2>Tourismus und Reisen<\/h2>\n<p>Reisen auf Spitzbergen unterliegen Vorschriften, die dem Schutz der nat\u00fcrlichen Umwelt und der Kulturdenkm\u00e4ler dienen und die Sicherheit der Reisenden gew\u00e4hrleisten sollen. F\u00fcr Reiseveranstalter, Reiseveranstalter und Touristenschiffe gelten besondere Regeln, die unter anderem bedeuten, dass der Veranstalter f\u00fcr die Sicherheit der Reisenden verantwortlich ist und daf\u00fcr sorgt, dass die Reisenden \u00fcber Gesetze und Vorschriften informiert sind und diese einhalten. Dar\u00fcber hinaus m\u00fcssen Reiseveranstalter den Gouverneur von Svalbard vor jeder Saison \u00fcber ihre Reisevorbereitungen informieren und \u00fcber eine Versicherung verf\u00fcgen, die Rettungsaktionen und \u00e4hnliche Hilfeleistungen abdeckt.   <\/p>\n<p>Wenn Sie eine Reise auf eigene Faust unternehmen und planen, au\u00dferhalb des Verwaltungsgebiets 10 (die zentralen Teile Spitzbergens) zu fahren, m\u00fcssen Sie dies dem Gouverneur melden. Die Meldepflicht gilt sowohl f\u00fcr den Land- als auch f\u00fcr den Seetransport und wird auf separaten Formularen angegeben. Wenden Sie sich rechtzeitig an den Gouverneur von Svalbard. Sie m\u00fcssen au\u00dferdem eine Such- und Rettungsversicherung oder eine B\u00fcrgschaft f\u00fcr die Reise abschlie\u00dfen.   <\/p>\n<p>Die Umweltschutzgesetze sehen einige Einschr\u00e4nkungen f\u00fcr das Reisen in Spitzbergen vor. So ist es zum Beispiel nicht erlaubt, motorisierte Fahrzeuge auf blankem Boden zu benutzen, und Schneemobilfahren ist nur in bestimmten Gebieten erlaubt. In den Vogelschutzgebieten und in einigen anderen gesch\u00fctzten Gebieten ist der Verkehr geregelt oder verboten. F\u00fcr das Zelten gelten besondere Regeln. Machen Sie sich mit den Umweltschutzgesetzen in Svalbard vertraut, insbesondere bevor Sie auf eigene Faust eine Reise unternehmen.     <\/p>\n<p>Svalbard ist ein Juwel in der Arktis. Die Natur und die kulturellen Artefakte geben den Ton an, und wir m\u00f6chten, dass das auch so bleibt. In diesem Sinne werden die Besucher von Svalbard aufgefordert, \u201eTAKE CARE OF SVALBARD\u201c.  <\/p>\n<h2>Svalbard Verhaltensregeln<\/h2>\n<p>1. Entsorgen Sie keinen M\u00fcll in der Natur. Hinterlassen Sie keine bleibenden Spuren.<br \/>\n2. St\u00f6ren Sie keine Tiere und V\u00f6gel. Denken Sie daran, dass Sie der Gast sind.<br \/>\n3. Pfl\u00fccken Sie keine Blumen. Achten Sie auf die Vielfalt.<br \/>\n4. Zerst\u00f6ren oder entfernen Sie keine Kulturdenkm\u00e4ler. Alle Spuren von Menschen aus der Zeit vor 1946 sind gesch\u00fctzte Kulturdenkm\u00e4ler.<br \/>\n5. Es ist verboten, Eisb\u00e4ren anzulocken, zu verfolgen oder anderweitig aktiv nach ihnen zu suchen, so dass sie gest\u00f6rt werden oder eine Gefahr f\u00fcr Menschen oder Eisb\u00e4ren entstehen kann.<br \/>\n6. Verlassen Sie die Siedlungen nicht ohne Ihre eigene Waffe und Erfahrung im Umgang mit ihr.<br \/>\n7. Nehmen Sie R\u00fccksicht auf andere.<br \/>\n8. Setzen Sie sich mit dem Gouverneur in Verbindung, wenn Sie alleine auf eine l\u00e4ngere Reise gehen. Es ist obligatorisch, Reisen \u00fcber gro\u00dfe Teile Spitzbergens zu melden.<br \/>\n9. Machen Sie sich mit den Gesetzen und Vorschriften vertraut, die f\u00fcr Reisen und Aktivit\u00e4ten in Svalbard gelten.<br \/>\n10. In Ihrem eigenen Interesse und im Interesse der Umwelt empfehlen wir organisierte Reisen.<br \/>\n[blockquote align=&#8220;right&#8220;]Niemand kann der unsichtbare Tourist sein<br \/>\n&#8211; aber wir w\u00fcrden uns freuen, wenn Sie es versuchen.[\/blockquote]<\/p>\n","protected":false},"excerpt":{"rendered":"<p>&nbsp; Die lokale Tourismusindustrie und der Gouverneur haben eine Reihe von \u201eSvalbard Verhaltensregeln\u201c aufgestellt. Diese beschreiben, wie sich die Beh\u00f6rden und die Tourismusindustrie das Verhalten der Besucher auf Spitzbergen w\u00fcnschen: Schutzbestimmungen Die Natur in Svalbard ist extrem empfindlich, und selbst kleine Eingriffe k\u00f6nnen dauerhafte Sch\u00e4den verursachen. Daher wurde f\u00fcr Svalbard ein eigenes Umweltschutzgesetz verabschiedet. Der &#8230; <\/p>\n<p class=\"read-more-container\"><a title=\"Die Svalbard Verhaltensregeln\" class=\"read-more button\" href=\"https:\/\/www.svalbardblues.com\/de\/svalbard\/svalbardvettreglene\/#more-23857\" aria-label=\"Mehr Informationen \u00fcber Die Svalbard Verhaltensregeln\">Read more<\/a><\/p>\n","protected":false},"author":1,"featured_media":0,"parent":23778,"menu_order":0,"comment_status":"closed","ping_status":"closed","template":"","meta":{"inline_featured_image":false,"footnotes":""},"class_list":["post-23857","page","type-page","status-publish"],"yoast_head":"<!-- This site is optimized with the Yoast SEO Premium plugin v26.2 (Yoast SEO v27.3) - https:\/\/yoast.com\/product\/yoast-seo-premium-wordpress\/ -->\n<title>Der Svalbard-Verhaltenskodex - Svalbard<\/title>\n<meta name=\"description\" content=\"Wie die Beh\u00f6rden und die Tourismusindustrie Besucher nach Svalbard locken wollen\" \/>\n<meta name=\"robots\" content=\"index, follow, max-snippet:-1, max-image-preview:large, max-video-preview:-1\" \/>\n<link rel=\"canonical\" href=\"https:\/\/www.svalbardblues.com\/de\/svalbard\/svalbardvettreglene\/\" \/>\n<meta property=\"og:locale\" content=\"de_DE\" \/>\n<meta property=\"og:type\" content=\"article\" \/>\n<meta property=\"og:title\" content=\"Die Svalbard Verhaltensregeln\" \/>\n<meta property=\"og:description\" content=\"Wie die Beh\u00f6rden und die Tourismusindustrie Besucher nach Svalbard locken wollen\" \/>\n<meta property=\"og:url\" content=\"https:\/\/www.svalbardblues.com\/de\/svalbard\/svalbardvettreglene\/\" \/>\n<meta property=\"og:site_name\" content=\"Dark Season Blues | SVALBARD\" \/>\n<meta property=\"article:publisher\" content=\"https:\/\/www.facebook.com\/DarkSeasonBlues\" \/>\n<meta property=\"og:image\" content=\"https:\/\/www.svalbardblues.com\/wp-content\/uploads\/2017\/10\/DSB2017-Illustrasjon-900-350.jpg\" \/>\n\t<meta property=\"og:image:width\" content=\"900\" \/>\n\t<meta property=\"og:image:height\" content=\"350\" \/>\n\t<meta property=\"og:image:type\" content=\"image\/jpeg\" \/>\n<meta name=\"twitter:label1\" content=\"Gesch\u00e4tzte Lesezeit\" \/>\n\t<meta name=\"twitter:data1\" content=\"3\u00a0Minuten\" \/>\n<script type=\"application\/ld+json\" class=\"yoast-schema-graph\">{\"@context\":\"https:\\\/\\\/schema.org\",\"@graph\":[{\"@type\":\"WebPage\",\"@id\":\"https:\\\/\\\/www.svalbardblues.com\\\/de\\\/svalbard\\\/svalbardvettreglene\\\/\",\"url\":\"https:\\\/\\\/www.svalbardblues.com\\\/de\\\/svalbard\\\/svalbardvettreglene\\\/\",\"name\":\"Der Svalbard-Verhaltenskodex - Svalbard\",\"isPartOf\":{\"@id\":\"https:\\\/\\\/www.svalbardblues.com\\\/de\\\/#website\"},\"datePublished\":\"2011-04-08T08:38:49+00:00\",\"description\":\"Wie die Beh\u00f6rden und die Tourismusindustrie Besucher nach Svalbard locken wollen\",\"breadcrumb\":{\"@id\":\"https:\\\/\\\/www.svalbardblues.com\\\/de\\\/svalbard\\\/svalbardvettreglene\\\/#breadcrumb\"},\"inLanguage\":\"de\",\"potentialAction\":[{\"@type\":\"ReadAction\",\"target\":[\"https:\\\/\\\/www.svalbardblues.com\\\/de\\\/svalbard\\\/svalbardvettreglene\\\/\"]}]},{\"@type\":\"BreadcrumbList\",\"@id\":\"https:\\\/\\\/www.svalbardblues.com\\\/de\\\/svalbard\\\/svalbardvettreglene\\\/#breadcrumb\",\"itemListElement\":[{\"@type\":\"ListItem\",\"position\":1,\"name\":\"Hjem\",\"item\":\"https:\\\/\\\/www.svalbardblues.com\\\/de\\\/\"},{\"@type\":\"ListItem\",\"position\":2,\"name\":\"Svalbard, Fakten und Informationen\",\"item\":\"https:\\\/\\\/www.svalbardblues.com\\\/de\\\/svalbard\\\/\"},{\"@type\":\"ListItem\",\"position\":3,\"name\":\"Die Svalbard Verhaltensregeln\"}]},{\"@type\":\"WebSite\",\"@id\":\"https:\\\/\\\/www.svalbardblues.com\\\/de\\\/#website\",\"url\":\"https:\\\/\\\/www.svalbardblues.com\\\/de\\\/\",\"name\":\"Dark Season Blues | SVALBARD\",\"description\":\"The World&#039;s Northenmost Blues Festival\",\"publisher\":{\"@id\":\"https:\\\/\\\/www.svalbardblues.com\\\/de\\\/#organization\"},\"potentialAction\":[{\"@type\":\"SearchAction\",\"target\":{\"@type\":\"EntryPoint\",\"urlTemplate\":\"https:\\\/\\\/www.svalbardblues.com\\\/de\\\/?s={search_term_string}\"},\"query-input\":{\"@type\":\"PropertyValueSpecification\",\"valueRequired\":true,\"valueName\":\"search_term_string\"}}],\"inLanguage\":\"de\"},{\"@type\":\"Organization\",\"@id\":\"https:\\\/\\\/www.svalbardblues.com\\\/de\\\/#organization\",\"name\":\"Dark Season Blues\",\"url\":\"https:\\\/\\\/www.svalbardblues.com\\\/de\\\/\",\"logo\":{\"@type\":\"ImageObject\",\"inLanguage\":\"de\",\"@id\":\"https:\\\/\\\/www.svalbardblues.com\\\/de\\\/#\\\/schema\\\/logo\\\/image\\\/\",\"url\":\"https:\\\/\\\/www.svalbardblues.com\\\/wp-content\\\/uploads\\\/2017\\\/06\\\/DSB2017-Illustrasjon-620.jpg\",\"contentUrl\":\"https:\\\/\\\/www.svalbardblues.com\\\/wp-content\\\/uploads\\\/2017\\\/06\\\/DSB2017-Illustrasjon-620.jpg\",\"width\":620,\"height\":488,\"caption\":\"Dark Season Blues\"},\"image\":{\"@id\":\"https:\\\/\\\/www.svalbardblues.com\\\/de\\\/#\\\/schema\\\/logo\\\/image\\\/\"},\"sameAs\":[\"https:\\\/\\\/www.facebook.com\\\/DarkSeasonBlues\",\"https:\\\/\\\/x.com\\\/DarkSeasonBlues\",\"https:\\\/\\\/www.instagram.com\\\/darkseasonblues\\\/\",\"https:\\\/\\\/no.wikipedia.org\\\/wiki\\\/Dark_Season_Blues\"]}]}<\/script>\n<!-- \/ Yoast SEO Premium plugin. -->","yoast_head_json":{"title":"Der Svalbard-Verhaltenskodex - Svalbard","description":"Wie die Beh\u00f6rden und die Tourismusindustrie Besucher nach Svalbard locken wollen","robots":{"index":"index","follow":"follow","max-snippet":"max-snippet:-1","max-image-preview":"max-image-preview:large","max-video-preview":"max-video-preview:-1"},"canonical":"https:\/\/www.svalbardblues.com\/de\/svalbard\/svalbardvettreglene\/","og_locale":"de_DE","og_type":"article","og_title":"Die Svalbard Verhaltensregeln","og_description":"Wie die Beh\u00f6rden und die Tourismusindustrie Besucher nach Svalbard locken wollen","og_url":"https:\/\/www.svalbardblues.com\/de\/svalbard\/svalbardvettreglene\/","og_site_name":"Dark Season Blues | SVALBARD","article_publisher":"https:\/\/www.facebook.com\/DarkSeasonBlues","og_image":[{"width":900,"height":350,"url":"https:\/\/www.svalbardblues.com\/wp-content\/uploads\/2017\/10\/DSB2017-Illustrasjon-900-350.jpg","type":"image\/jpeg"}],"twitter_misc":{"Gesch\u00e4tzte Lesezeit":"3\u00a0Minuten"},"schema":{"@context":"https:\/\/schema.org","@graph":[{"@type":"WebPage","@id":"https:\/\/www.svalbardblues.com\/de\/svalbard\/svalbardvettreglene\/","url":"https:\/\/www.svalbardblues.com\/de\/svalbard\/svalbardvettreglene\/","name":"Der Svalbard-Verhaltenskodex - Svalbard","isPartOf":{"@id":"https:\/\/www.svalbardblues.com\/de\/#website"},"datePublished":"2011-04-08T08:38:49+00:00","description":"Wie die Beh\u00f6rden und die Tourismusindustrie Besucher nach Svalbard locken wollen","breadcrumb":{"@id":"https:\/\/www.svalbardblues.com\/de\/svalbard\/svalbardvettreglene\/#breadcrumb"},"inLanguage":"de","potentialAction":[{"@type":"ReadAction","target":["https:\/\/www.svalbardblues.com\/de\/svalbard\/svalbardvettreglene\/"]}]},{"@type":"BreadcrumbList","@id":"https:\/\/www.svalbardblues.com\/de\/svalbard\/svalbardvettreglene\/#breadcrumb","itemListElement":[{"@type":"ListItem","position":1,"name":"Hjem","item":"https:\/\/www.svalbardblues.com\/de\/"},{"@type":"ListItem","position":2,"name":"Svalbard, Fakten und Informationen","item":"https:\/\/www.svalbardblues.com\/de\/svalbard\/"},{"@type":"ListItem","position":3,"name":"Die Svalbard Verhaltensregeln"}]},{"@type":"WebSite","@id":"https:\/\/www.svalbardblues.com\/de\/#website","url":"https:\/\/www.svalbardblues.com\/de\/","name":"Dark Season Blues | SVALBARD","description":"The World&#039;s Northenmost Blues Festival","publisher":{"@id":"https:\/\/www.svalbardblues.com\/de\/#organization"},"potentialAction":[{"@type":"SearchAction","target":{"@type":"EntryPoint","urlTemplate":"https:\/\/www.svalbardblues.com\/de\/?s={search_term_string}"},"query-input":{"@type":"PropertyValueSpecification","valueRequired":true,"valueName":"search_term_string"}}],"inLanguage":"de"},{"@type":"Organization","@id":"https:\/\/www.svalbardblues.com\/de\/#organization","name":"Dark Season Blues","url":"https:\/\/www.svalbardblues.com\/de\/","logo":{"@type":"ImageObject","inLanguage":"de","@id":"https:\/\/www.svalbardblues.com\/de\/#\/schema\/logo\/image\/","url":"https:\/\/www.svalbardblues.com\/wp-content\/uploads\/2017\/06\/DSB2017-Illustrasjon-620.jpg","contentUrl":"https:\/\/www.svalbardblues.com\/wp-content\/uploads\/2017\/06\/DSB2017-Illustrasjon-620.jpg","width":620,"height":488,"caption":"Dark Season Blues"},"image":{"@id":"https:\/\/www.svalbardblues.com\/de\/#\/schema\/logo\/image\/"},"sameAs":["https:\/\/www.facebook.com\/DarkSeasonBlues","https:\/\/x.com\/DarkSeasonBlues","https:\/\/www.instagram.com\/darkseasonblues\/","https:\/\/no.wikipedia.org\/wiki\/Dark_Season_Blues"]}]}},"_links":{"self":[{"href":"https:\/\/www.svalbardblues.com\/de\/wp-json\/wp\/v2\/pages\/23857","targetHints":{"allow":["GET"]}}],"collection":[{"href":"https:\/\/www.svalbardblues.com\/de\/wp-json\/wp\/v2\/pages"}],"about":[{"href":"https:\/\/www.svalbardblues.com\/de\/wp-json\/wp\/v2\/types\/page"}],"author":[{"embeddable":true,"href":"https:\/\/www.svalbardblues.com\/de\/wp-json\/wp\/v2\/users\/1"}],"replies":[{"embeddable":true,"href":"https:\/\/www.svalbardblues.com\/de\/wp-json\/wp\/v2\/comments?post=23857"}],"version-history":[{"count":0,"href":"https:\/\/www.svalbardblues.com\/de\/wp-json\/wp\/v2\/pages\/23857\/revisions"}],"up":[{"embeddable":true,"href":"https:\/\/www.svalbardblues.com\/de\/wp-json\/wp\/v2\/pages\/23778"}],"wp:attachment":[{"href":"https:\/\/www.svalbardblues.com\/de\/wp-json\/wp\/v2\/media?parent=23857"}],"curies":[{"name":"wp","href":"https:\/\/api.w.org\/{rel}","templated":true}]}}