{"id":23867,"date":"2011-11-15T10:52:07","date_gmt":"2011-11-15T10:52:07","guid":{"rendered":"https:\/\/www.svalbardblues.com\/dsb\/dark-season-blues-2011\/"},"modified":"2025-06-05T09:18:37","modified_gmt":"2025-06-05T09:18:37","slug":"dark-season-blues-2011","status":"publish","type":"page","link":"https:\/\/www.svalbardblues.com\/de\/dsb\/dark-season-blues-2011\/","title":{"rendered":"Dunkle Jahreszeit Blues 2011"},"content":{"rendered":"\n<h2 class=\"wp-block-heading\" id=\"h-dark-season-blues-2011\"><strong>  Dunkle Jahreszeit Blues 2011<\/strong><\/h2>\n\n<p><strong>K\u00fcnstler Dunkle Jahreszeit Blues 2011<\/strong><\/p>\n\n<ul class=\"wp-block-list\">\n<li><a title=\"Bryan Lee\" href=\"https:\/\/www.svalbardblues.com\/?p=1980\">Bryan Lee<\/a> (US)<\/li>\n\n\n\n<li><a title=\"Mike Zito\" href=\"https:\/\/www.svalbardblues.com\/?p=1997\">Mike Zito<\/a> (US)<\/li>\n\n\n\n<li><a title=\"JW-Jones\" href=\"https:\/\/www.svalbardblues.com\/?p=1992\">JW-Jones<\/a> (CA)<\/li>\n\n\n\n<li><a title=\"Tina Lie\" href=\"https:\/\/www.svalbardblues.com\/?p=2993\">Tina Lie<\/a> (NEIN)<\/li>\n\n\n\n<li><a title=\"Mike Andersen Band\" href=\"https:\/\/www.svalbardblues.com\/?p=2112\">Mike Andersen Band<\/a> (DK)<\/li>\n\n\n\n<li><a title=\"Micke &amp; Lefty feat. Chefkoch\" href=\"https:\/\/www.svalbardblues.com\/?p=2977\">Micke &amp; Lefty feat. Chefkoch <\/a>  (FI)<\/li>\n\n\n\n<li><a title=\"T-Bear &amp; die Dukes of Rhythm\" href=\"https:\/\/www.svalbardblues.com\/?p=3268\">T-Bear &amp; Die Dukes of Rhythm<\/a> (SE)<\/li>\n\n\n\n<li><a title=\"Eric &#x201E;Slim&#x201C; Zahl &amp; die South West Swingers\" href=\"https:\/\/www.svalbardblues.com\/?p=2126\">Eric \u201eSlim\u201c Zahl &amp; die South West Swinger<\/a> (NO)<\/li>\n\n\n\n<li><a title=\"Die Douglas-Gruppe\" href=\"https:\/\/www.svalbardblues.com\/?p=2134\">Die Douglas-Gruppe<\/a> (NO)<\/li>\n\n\n\n<li><a title=\"Bl&#xE5;myra\" href=\"https:\/\/www.svalbardblues.com\/?p=3012\">Bl\u00e5myra<\/a> (NO)<\/li>\n\n\n\n<li><a title=\"Helle Seite F&#xFC;nf\" href=\"https:\/\/www.svalbardblues.com\/?p=3111\">Helle Seite F\u00fcnf<\/a> (NO)<\/li>\n<\/ul>\n\n<hr class=\"wp-block-separator has-alpha-channel-opacity\"\/>\n\n<figure class=\"wp-block-image size-large\"><a href=\"https:\/\/www.svalbardblues.com\/wp-content\/uploads\/2023\/07\/DSB-Motiv_2011-2200.webp\"><img fetchpriority=\"high\" decoding=\"async\" width=\"1024\" height=\"457\" src=\"https:\/\/www.svalbardblues.com\/wp-content\/uploads\/2023\/07\/DSB-Motiv_2011-2200-1024x457.webp\" alt=\"Dunkle Jahreszeit Blues Spitzbergen\" class=\"wp-image-20399\" srcset=\"https:\/\/www.svalbardblues.com\/wp-content\/uploads\/2023\/07\/DSB-Motiv_2011-2200-1024x457.webp 1024w, https:\/\/www.svalbardblues.com\/wp-content\/uploads\/2023\/07\/DSB-Motiv_2011-2200-300x134.webp 300w, https:\/\/www.svalbardblues.com\/wp-content\/uploads\/2023\/07\/DSB-Motiv_2011-2200-768x342.webp 768w, https:\/\/www.svalbardblues.com\/wp-content\/uploads\/2023\/07\/DSB-Motiv_2011-2200-1536x685.webp 1536w, https:\/\/www.svalbardblues.com\/wp-content\/uploads\/2023\/07\/DSB-Motiv_2011-2200-2048x913.webp 2048w\" sizes=\"(max-width: 1024px) 100vw, 1024px\" \/><\/a><figcaption class=\"wp-element-caption\">Dunkle Jahreszeit Blues Spitzbergen<\/figcaption><\/figure>\n\n<p>R\u00fcckblick auf die K\u00fcnstler DSB 2011<\/p>\n\n<p><a title=\"Programm 2011\" href=\"https:\/\/www.svalbardblues.com\/dsb\/program-2011\/\">Programm der DSB 2011<\/a><\/p>\n\n<p>Veranstaltungsorte DSB 2011<\/p>\n\n<figure class=\"wp-block-gallery has-nested-images columns-default is-cropped wp-block-gallery-1 is-layout-flex wp-block-gallery-is-layout-flex\"><\/figure>\n","protected":false},"excerpt":{"rendered":"<p>Dunkle Jahreszeit Blues 2011 K\u00fcnstler Dunkle Jahreszeit Blues 2011 R\u00fcckblick auf die K\u00fcnstler DSB 2011 Programm der DSB 2011 Veranstaltungsorte DSB 2011<\/p>\n","protected":false},"author":1,"featured_media":0,"parent":23582,"menu_order":0,"comment_status":"closed","ping_status":"closed","template":"","meta":{"inline_featured_image":false,"footnotes":""},"class_list":["post-23867","page","type-page","status-publish"],"yoast_head":"<!-- This site is optimized with the Yoast SEO Premium plugin v26.2 (Yoast SEO v27.4) - https:\/\/yoast.com\/product\/yoast-seo-premium-wordpress\/ -->\n<title>Dunkle Jahreszeit Blues 2011 | SVALBARD<\/title>\n<meta name=\"description\" content=\"K\u00fcnstler, Programm und Veranstaltungsorte. Dark Season Blues Spitsbergen 2011.\" \/>\n<meta name=\"robots\" content=\"index, follow, max-snippet:-1, max-image-preview:large, max-video-preview:-1\" \/>\n<link rel=\"canonical\" href=\"https:\/\/www.svalbardblues.com\/de\/dsb\/dark-season-blues-2011\/\" \/>\n<meta property=\"og:locale\" content=\"de_DE\" \/>\n<meta property=\"og:type\" content=\"article\" \/>\n<meta property=\"og:title\" content=\"Dunkle Jahreszeit Blues 2011\" \/>\n<meta property=\"og:description\" content=\"K\u00fcnstler, Programm und Veranstaltungsorte. Dark Season Blues Spitsbergen 2011.\" \/>\n<meta property=\"og:url\" content=\"https:\/\/www.svalbardblues.com\/de\/dsb\/dark-season-blues-2011\/\" \/>\n<meta property=\"og:site_name\" content=\"Dark Season Blues | SVALBARD\" \/>\n<meta property=\"article:publisher\" content=\"https:\/\/www.facebook.com\/DarkSeasonBlues\" \/>\n<meta property=\"article:modified_time\" content=\"2025-06-05T09:18:37+00:00\" \/>\n<meta property=\"og:image\" content=\"https:\/\/www.svalbardblues.com\/wp-content\/uploads\/2023\/07\/DSB-Motiv_2011-2200.webp\" \/>\n\t<meta property=\"og:image:width\" content=\"2200\" \/>\n\t<meta property=\"og:image:height\" content=\"981\" \/>\n\t<meta property=\"og:image:type\" content=\"image\/webp\" \/>\n<script type=\"application\/ld+json\" class=\"yoast-schema-graph\">{\"@context\":\"https:\\\/\\\/schema.org\",\"@graph\":[{\"@type\":\"WebPage\",\"@id\":\"https:\\\/\\\/www.svalbardblues.com\\\/de\\\/dsb\\\/dark-season-blues-2011\\\/\",\"url\":\"https:\\\/\\\/www.svalbardblues.com\\\/de\\\/dsb\\\/dark-season-blues-2011\\\/\",\"name\":\"Dunkle Jahreszeit Blues 2011 | SVALBARD\",\"isPartOf\":{\"@id\":\"https:\\\/\\\/www.svalbardblues.com\\\/de\\\/#website\"},\"primaryImageOfPage\":{\"@id\":\"https:\\\/\\\/www.svalbardblues.com\\\/de\\\/dsb\\\/dark-season-blues-2011\\\/#primaryimage\"},\"image\":{\"@id\":\"https:\\\/\\\/www.svalbardblues.com\\\/de\\\/dsb\\\/dark-season-blues-2011\\\/#primaryimage\"},\"thumbnailUrl\":\"https:\\\/\\\/www.svalbardblues.com\\\/wp-content\\\/uploads\\\/2023\\\/07\\\/DSB-Motiv_2011-2200-1024x457.webp\",\"datePublished\":\"2011-11-15T10:52:07+00:00\",\"dateModified\":\"2025-06-05T09:18:37+00:00\",\"description\":\"K\u00fcnstler, Programm und Veranstaltungsorte. Dark Season Blues Spitsbergen 2011.\",\"breadcrumb\":{\"@id\":\"https:\\\/\\\/www.svalbardblues.com\\\/de\\\/dsb\\\/dark-season-blues-2011\\\/#breadcrumb\"},\"inLanguage\":\"de\",\"potentialAction\":[{\"@type\":\"ReadAction\",\"target\":[\"https:\\\/\\\/www.svalbardblues.com\\\/de\\\/dsb\\\/dark-season-blues-2011\\\/\"]}]},{\"@type\":\"ImageObject\",\"inLanguage\":\"de\",\"@id\":\"https:\\\/\\\/www.svalbardblues.com\\\/de\\\/dsb\\\/dark-season-blues-2011\\\/#primaryimage\",\"url\":\"https:\\\/\\\/www.svalbardblues.com\\\/wp-content\\\/uploads\\\/2023\\\/07\\\/DSB-Motiv_2011-2200-1024x457.webp\",\"contentUrl\":\"https:\\\/\\\/www.svalbardblues.com\\\/wp-content\\\/uploads\\\/2023\\\/07\\\/DSB-Motiv_2011-2200-1024x457.webp\"},{\"@type\":\"BreadcrumbList\",\"@id\":\"https:\\\/\\\/www.svalbardblues.com\\\/de\\\/dsb\\\/dark-season-blues-2011\\\/#breadcrumb\",\"itemListElement\":[{\"@type\":\"ListItem\",\"position\":1,\"name\":\"Hjem\",\"item\":\"https:\\\/\\\/www.svalbardblues.com\\\/de\\\/\"},{\"@type\":\"ListItem\",\"position\":2,\"name\":\"Dunkle Jahreszeit Blues Spitzbergen\",\"item\":\"https:\\\/\\\/www.svalbardblues.com\\\/de\\\/dsb\\\/\"},{\"@type\":\"ListItem\",\"position\":3,\"name\":\"Dunkle Jahreszeit Blues 2011\"}]},{\"@type\":\"WebSite\",\"@id\":\"https:\\\/\\\/www.svalbardblues.com\\\/de\\\/#website\",\"url\":\"https:\\\/\\\/www.svalbardblues.com\\\/de\\\/\",\"name\":\"Dark Season Blues | SVALBARD\",\"description\":\"The World&#039;s Northenmost Blues Festival\",\"publisher\":{\"@id\":\"https:\\\/\\\/www.svalbardblues.com\\\/de\\\/#organization\"},\"potentialAction\":[{\"@type\":\"SearchAction\",\"target\":{\"@type\":\"EntryPoint\",\"urlTemplate\":\"https:\\\/\\\/www.svalbardblues.com\\\/de\\\/?s={search_term_string}\"},\"query-input\":{\"@type\":\"PropertyValueSpecification\",\"valueRequired\":true,\"valueName\":\"search_term_string\"}}],\"inLanguage\":\"de\"},{\"@type\":\"Organization\",\"@id\":\"https:\\\/\\\/www.svalbardblues.com\\\/de\\\/#organization\",\"name\":\"Dark Season Blues\",\"url\":\"https:\\\/\\\/www.svalbardblues.com\\\/de\\\/\",\"logo\":{\"@type\":\"ImageObject\",\"inLanguage\":\"de\",\"@id\":\"https:\\\/\\\/www.svalbardblues.com\\\/de\\\/#\\\/schema\\\/logo\\\/image\\\/\",\"url\":\"https:\\\/\\\/www.svalbardblues.com\\\/wp-content\\\/uploads\\\/2017\\\/06\\\/DSB2017-Illustrasjon-620.jpg\",\"contentUrl\":\"https:\\\/\\\/www.svalbardblues.com\\\/wp-content\\\/uploads\\\/2017\\\/06\\\/DSB2017-Illustrasjon-620.jpg\",\"width\":620,\"height\":488,\"caption\":\"Dark Season Blues\"},\"image\":{\"@id\":\"https:\\\/\\\/www.svalbardblues.com\\\/de\\\/#\\\/schema\\\/logo\\\/image\\\/\"},\"sameAs\":[\"https:\\\/\\\/www.facebook.com\\\/DarkSeasonBlues\",\"https:\\\/\\\/x.com\\\/DarkSeasonBlues\",\"https:\\\/\\\/www.instagram.com\\\/darkseasonblues\\\/\",\"https:\\\/\\\/no.wikipedia.org\\\/wiki\\\/Dark_Season_Blues\"]}]}<\/script>\n<!-- \/ Yoast SEO Premium plugin. -->","yoast_head_json":{"title":"Dunkle Jahreszeit Blues 2011 | SVALBARD","description":"K\u00fcnstler, Programm und Veranstaltungsorte. Dark Season Blues Spitsbergen 2011.","robots":{"index":"index","follow":"follow","max-snippet":"max-snippet:-1","max-image-preview":"max-image-preview:large","max-video-preview":"max-video-preview:-1"},"canonical":"https:\/\/www.svalbardblues.com\/de\/dsb\/dark-season-blues-2011\/","og_locale":"de_DE","og_type":"article","og_title":"Dunkle Jahreszeit Blues 2011","og_description":"K\u00fcnstler, Programm und Veranstaltungsorte. Dark Season Blues Spitsbergen 2011.","og_url":"https:\/\/www.svalbardblues.com\/de\/dsb\/dark-season-blues-2011\/","og_site_name":"Dark Season Blues | SVALBARD","article_publisher":"https:\/\/www.facebook.com\/DarkSeasonBlues","article_modified_time":"2025-06-05T09:18:37+00:00","og_image":[{"width":2200,"height":981,"url":"https:\/\/www.svalbardblues.com\/wp-content\/uploads\/2023\/07\/DSB-Motiv_2011-2200.webp","type":"image\/webp"}],"schema":{"@context":"https:\/\/schema.org","@graph":[{"@type":"WebPage","@id":"https:\/\/www.svalbardblues.com\/de\/dsb\/dark-season-blues-2011\/","url":"https:\/\/www.svalbardblues.com\/de\/dsb\/dark-season-blues-2011\/","name":"Dunkle Jahreszeit Blues 2011 | SVALBARD","isPartOf":{"@id":"https:\/\/www.svalbardblues.com\/de\/#website"},"primaryImageOfPage":{"@id":"https:\/\/www.svalbardblues.com\/de\/dsb\/dark-season-blues-2011\/#primaryimage"},"image":{"@id":"https:\/\/www.svalbardblues.com\/de\/dsb\/dark-season-blues-2011\/#primaryimage"},"thumbnailUrl":"https:\/\/www.svalbardblues.com\/wp-content\/uploads\/2023\/07\/DSB-Motiv_2011-2200-1024x457.webp","datePublished":"2011-11-15T10:52:07+00:00","dateModified":"2025-06-05T09:18:37+00:00","description":"K\u00fcnstler, Programm und Veranstaltungsorte. Dark Season Blues Spitsbergen 2011.","breadcrumb":{"@id":"https:\/\/www.svalbardblues.com\/de\/dsb\/dark-season-blues-2011\/#breadcrumb"},"inLanguage":"de","potentialAction":[{"@type":"ReadAction","target":["https:\/\/www.svalbardblues.com\/de\/dsb\/dark-season-blues-2011\/"]}]},{"@type":"ImageObject","inLanguage":"de","@id":"https:\/\/www.svalbardblues.com\/de\/dsb\/dark-season-blues-2011\/#primaryimage","url":"https:\/\/www.svalbardblues.com\/wp-content\/uploads\/2023\/07\/DSB-Motiv_2011-2200-1024x457.webp","contentUrl":"https:\/\/www.svalbardblues.com\/wp-content\/uploads\/2023\/07\/DSB-Motiv_2011-2200-1024x457.webp"},{"@type":"BreadcrumbList","@id":"https:\/\/www.svalbardblues.com\/de\/dsb\/dark-season-blues-2011\/#breadcrumb","itemListElement":[{"@type":"ListItem","position":1,"name":"Hjem","item":"https:\/\/www.svalbardblues.com\/de\/"},{"@type":"ListItem","position":2,"name":"Dunkle Jahreszeit Blues Spitzbergen","item":"https:\/\/www.svalbardblues.com\/de\/dsb\/"},{"@type":"ListItem","position":3,"name":"Dunkle Jahreszeit Blues 2011"}]},{"@type":"WebSite","@id":"https:\/\/www.svalbardblues.com\/de\/#website","url":"https:\/\/www.svalbardblues.com\/de\/","name":"Dark Season Blues | SVALBARD","description":"The World&#039;s Northenmost Blues Festival","publisher":{"@id":"https:\/\/www.svalbardblues.com\/de\/#organization"},"potentialAction":[{"@type":"SearchAction","target":{"@type":"EntryPoint","urlTemplate":"https:\/\/www.svalbardblues.com\/de\/?s={search_term_string}"},"query-input":{"@type":"PropertyValueSpecification","valueRequired":true,"valueName":"search_term_string"}}],"inLanguage":"de"},{"@type":"Organization","@id":"https:\/\/www.svalbardblues.com\/de\/#organization","name":"Dark Season Blues","url":"https:\/\/www.svalbardblues.com\/de\/","logo":{"@type":"ImageObject","inLanguage":"de","@id":"https:\/\/www.svalbardblues.com\/de\/#\/schema\/logo\/image\/","url":"https:\/\/www.svalbardblues.com\/wp-content\/uploads\/2017\/06\/DSB2017-Illustrasjon-620.jpg","contentUrl":"https:\/\/www.svalbardblues.com\/wp-content\/uploads\/2017\/06\/DSB2017-Illustrasjon-620.jpg","width":620,"height":488,"caption":"Dark Season Blues"},"image":{"@id":"https:\/\/www.svalbardblues.com\/de\/#\/schema\/logo\/image\/"},"sameAs":["https:\/\/www.facebook.com\/DarkSeasonBlues","https:\/\/x.com\/DarkSeasonBlues","https:\/\/www.instagram.com\/darkseasonblues\/","https:\/\/no.wikipedia.org\/wiki\/Dark_Season_Blues"]}]}},"_links":{"self":[{"href":"https:\/\/www.svalbardblues.com\/de\/wp-json\/wp\/v2\/pages\/23867","targetHints":{"allow":["GET"]}}],"collection":[{"href":"https:\/\/www.svalbardblues.com\/de\/wp-json\/wp\/v2\/pages"}],"about":[{"href":"https:\/\/www.svalbardblues.com\/de\/wp-json\/wp\/v2\/types\/page"}],"author":[{"embeddable":true,"href":"https:\/\/www.svalbardblues.com\/de\/wp-json\/wp\/v2\/users\/1"}],"replies":[{"embeddable":true,"href":"https:\/\/www.svalbardblues.com\/de\/wp-json\/wp\/v2\/comments?post=23867"}],"version-history":[{"count":1,"href":"https:\/\/www.svalbardblues.com\/de\/wp-json\/wp\/v2\/pages\/23867\/revisions"}],"predecessor-version":[{"id":23870,"href":"https:\/\/www.svalbardblues.com\/de\/wp-json\/wp\/v2\/pages\/23867\/revisions\/23870"}],"up":[{"embeddable":true,"href":"https:\/\/www.svalbardblues.com\/de\/wp-json\/wp\/v2\/pages\/23582"}],"wp:attachment":[{"href":"https:\/\/www.svalbardblues.com\/de\/wp-json\/wp\/v2\/media?parent=23867"}],"curies":[{"name":"wp","href":"https:\/\/api.w.org\/{rel}","templated":true}]}}