{"id":23882,"date":"2011-06-05T12:11:52","date_gmt":"2011-06-05T12:11:52","guid":{"rendered":"https:\/\/www.svalbardblues.com\/svalbard\/jobb-pa-svalbard\/"},"modified":"2011-06-05T12:11:52","modified_gmt":"2011-06-05T12:11:52","slug":"jobb-pa-svalbard","status":"publish","type":"page","link":"https:\/\/www.svalbardblues.com\/de\/svalbard\/jobb-pa-svalbard\/","title":{"rendered":"Jobs in Svalbard"},"content":{"rendered":"<p>[one_half]<\/p>\n<div itemscope=\"\" itemtype=\"http:\/\/www.schema.org\/EmploymentAgency\">\n<h2><span itemprop=\"name\">Jobs, Arbeit und Stellenangebote in Svalbard<\/span><\/h2>\n<p><meta itemprop=\"url\" content=\"https:\/\/www.svalbardblues.com\/svalbard\/jobb-pa-svalbard\/\"><\/p>\n<div itemprop=\"aggregateRating\" itemscope=\"\" itemtype=\"http:\/\/schema.org\/AggregateRating\">\n<meta itemprop=\"ratingValue\" content=\"5\"><br \/>\n<meta itemprop=\"reviewCount\" content=\"976\">\n<\/div>\n<\/div>\n<p><strong>Unten auf der Seite finden Sie eine Liste der neuesten Stellenangebote <a title=\"Offene Stellen in Svalbard\" href=\"https:\/\/www.svalbardblues.com\/de\/svalbard\/jobb-pa-svalbard\/#jobb-svalbard\">in Svalbard<\/a>.<\/strong><\/p>\n<p>Es kann schwierig sein, in Svalbard einen Job zu finden, und es wird empfohlen, vor der Reise eine Arbeit zu finden.<br \/>\n[\/one_half]<br \/>\n[one_half_last]<br \/>\n<script type=\"text\/javascript\"><!--\ngoogle_ad_client = \"ca-pub-9553400920180642\";\n\/* Stor rektangel *\/\ngoogle_ad_slot = \"6446238410\";\ngoogle_ad_width = 300;\ngoogle_ad_height = 250;\n\/\/-->\n<\/script><br \/>\n<script type=\"text\/javascript\" src=\"https:\/\/pagead2.googlesyndication.com\/pagead\/show_ads.js\">\n<\/script><br \/>\n[\/one_half_last]<br \/>\n<a title=\"Fakten \u00fcber Svalbard\" href=\"https:\/\/www.svalbardblues.com\/de\/svalbard\/\">Svalbard<\/a> ist Teil des K\u00f6nigreichs Norwegen, aber nicht alle Gesetze, die f\u00fcr das norwegische Festland gelten, gelten auch f\u00fcr Svalbard. So ist Svalbard beispielsweise nicht Teil der Schengen-Kooperation oder des EWR-Abkommens, und es gibt Anforderungen an die F\u00e4higkeit der Menschen, w\u00e4hrend eines Aufenthalts auf Svalbard f\u00fcr ihren Lebensunterhalt zu sorgen. Das Nordische Abkommen \u00fcber soziale Sicherheit gilt jedoch f\u00fcr die Inselgemeinschaft im Norden.<br \/>\nDa das Schengener Abkommen Passkontrollen zwischen Schengen-L\u00e4ndern und Nicht-Schengen-L\u00e4ndern vorschreibt, muss sich jeder, der nach Svalbard ein- und ausreist, mit einem Reisepass oder einem nationalen Ausweisdokument ausweisen k\u00f6nnen.<br \/>\n[desktop_only]<br \/>\n<center><br \/>\n<script type=\"text\/javascript\"><!--\ngoogle_ad_client = \"ca-pub-9553400920180642\";\n\/* Tekst_banner_Kariere_Jobb *\/\ngoogle_ad_slot = \"3636158812\";\ngoogle_ad_width = 468;\ngoogle_ad_height = 15;\n\/\/-->\n<\/script><br \/>\n<script type=\"text\/javascript\" src=\"https:\/\/pagead2.googlesyndication.com\/pagead\/show_ads.js\">\n<\/script><br \/>\n<\/center><br \/>\n[\/desktop_only]<br \/>\n[mobile_only]<br \/>\n<script type=\"text\/javascript\"><!--\ngoogle_ad_client = \"ca-pub-9553400920180642\";\n\/* Jobb_kariere_MOBIL *\/\ngoogle_ad_slot = \"6589625212\";\ngoogle_ad_width = 320;\ngoogle_ad_height = 50;\n\/\/-->\n<\/script><br \/>\n<script type=\"text\/javascript\" src=\"https:\/\/pagead2.googlesyndication.com\/pagead\/show_ads.js\">\n<\/script><br \/>\n[\/mobile_only]<\/p>\n<h2>Aufenthalte in Svalbard<\/h2>\n<p>Svalbard hat durch den Svalbard-Vertrag einen besonderen Status nach internationalem Recht. Das norwegische Einwanderungsgesetz gilt nicht f\u00fcr Svalbard. Das bedeutet, dass die B\u00fcrger aller L\u00e4nder, die den Vertrag unterzeichnet haben, das gleiche Recht auf Einreise und Aufenthalt auf Svalbard haben m\u00fcssen. Das bedeutet, dass Svalbard nicht Teil der Schengen-Zusammenarbeit ist und Ausl\u00e4nder daher weder ein Visum noch eine Arbeits- und Aufenthaltserlaubnis f\u00fcr den Aufenthalt auf Svalbard ben\u00f6tigen. Ein Schengen-Visum ist jedoch erforderlich, wenn Sie \u00fcber das norwegische Festland einreisen.<br \/>\nAu\u00dferdem m\u00fcssen Sie \u00fcber ausreichende finanzielle Mittel verf\u00fcgen, um sich auf Spitzbergen aufhalten zu k\u00f6nnen. Ist dies nicht der Fall, hat der Gouverneur das Recht, Personen auszuweisen, die diese Voraussetzungen nicht erf\u00fcllen, und zwar sowohl norwegische als auch ausl\u00e4ndische B\u00fcrger. Das Sozialhilfegesetz findet auf Svalbard keine Anwendung. Das bedeutet, dass die Einwohner keinen Anspruch auf finanzielle Unterst\u00fctzung f\u00fcr ihren Lebensunterhalt oder ihre Unterkunft haben, noch haben sie Anspruch auf praktische Hilfe, wenn sie aufgrund von Krankheit, Behinderung oder Alter einen besonderen Bedarf an Hilfe haben.<br \/>\nDa das norwegische Einwanderungsgesetz auf Svalbard nicht gilt, erwerben Sie kein Recht auf die norwegische Staatsb\u00fcrgerschaft oder eine Arbeits- und Aufenthaltserlaubnis auf dem norwegischen Festland, selbst wenn Sie mehrere Jahre auf Svalbard gelebt haben.<br \/>\nF\u00fcr nordische Staatsb\u00fcrger gilt der Wohnsitz auf Svalbard jedoch als Wohnsitz auf dem norwegischen Festland, wenn sie nach der Anmeldung die Staatsb\u00fcrgerschaft beantragen wollen.<br \/>\nUm Leistungen von NAV auf Svalbard zu erhalten, m\u00fcssen Sie Mitglied der norwegischen Sozialversicherung sein. Wenn Sie f\u00fcr einen norwegischen Arbeitgeber auf Svalbard arbeiten, werden Sie Mitglied der norwegischen Sozialversicherung, und diese Mitgliedschaft endet einen Monat nach Beendigung Ihres Arbeitsverh\u00e4ltnisses. Das Nordische Abkommen \u00fcber soziale Sicherheit gilt f\u00fcr Svalbard und gew\u00e4hrt nordischen B\u00fcrgern und anderen Personen, die in den nordischen L\u00e4ndern Sozialversicherungsanspr\u00fcche erworben haben, Anspruch auf Sozialversicherungsleistungen.  <\/p>\n<h2>Das Steuersystem in Svalbard<\/h2>\n<p>Svalbard ist ein separates Steuergebiet mit einer eigenen Steuergesetzgebung. Alle Steuern, die an Svalbard gezahlt werden, werden auf der Inselgruppe ausgegeben.<br \/>\nSvalbard hat zwei Regelungen f\u00fcr die Besteuerung von Personen:<br \/>\n1) Personen, die f\u00fcr einen Zeitraum von weniger als einem Jahr eine Besch\u00e4ftigung auf Svalbard aufnehmen, m\u00fcssen nur das Gehalt\/Einkommen versteuern, das sie f\u00fcr die auf Svalbard ausge\u00fcbte Arbeit erhalten. Voraussetzung f\u00fcr diese Steuerpflicht ist, dass Sie sich f\u00fcr jede einzelne Besch\u00e4ftigung mindestens 30 Tage lang ununterbrochen auf Svalbard aufhalten. Wenn Sie z.B. acht Monate hier leben, m\u00fcssen Sie sich w\u00e4hrend jedes Zeitraums, in dem Sie hier arbeiten, 30 Tage auf Svalbard aufhalten, wenn Ihr Gehalt auf Svalbard besteuert werden soll. Wenn Sie Svalbard vor Ablauf der 30 Tage verlassen, ist das Gehalt f\u00fcr den k\u00fcrzeren Zeitraum in Ihrem Heimatland zu versteuern. Reisetage nach und von Svalbard werden bei der Berechnung des 30-t\u00e4gigen Aufenthalts nicht ber\u00fccksichtigt.     <\/p>\n<p>2)Personen, die sich mindestens 12 Monate auf Svalbard aufhalten, m\u00fcssen ab dem Tag ihrer Ankunft Steuern auf ihr gesamtes Einkommen und Verm\u00f6gen an Svalbard entrichten. Sie sind verpflichtet, jedes Jahr eine Steuererkl\u00e4rung beim Finanzamt einzureichen, mit einer \u00dcbersicht \u00fcber Ihr Einkommen, Ihr Verm\u00f6gen und Ihre Schulden auf und au\u00dferhalb Spitzbergens w\u00e4hrend des vergangenen Kalenderjahres. <\/p>\n<h2>Geh\u00e4use<\/h2>\n<p>Der Wohnungsmarkt in Svalbard unterscheidet sich vom Wohnungsmarkt auf dem norwegischen Festland. Die meisten Wohnungen geh\u00f6ren den verschiedenen Arbeitgebern, die sie ihren Angestellten als Teil ihrer Anstellung zur Verf\u00fcgung stellen. Mit anderen Worten: Es ist schwierig, eine Wohnung zu finden, wenn Sie keinen Job haben. Der norwegische Staat besitzt praktisch das gesamte Land auf Svalbard, und in der Praxis ist es nicht m\u00f6glich, Land zu kaufen, um ein eigenes Haus zu bauen. Einige wenige Privath\u00e4user wurden auf gepachtetem Land gebaut und an Privatpersonen in Longyearbyen verkauft oder vermietet, aber die Hauspreise sind sehr hoch.<br \/>\nDie gr\u00f6\u00dften Hausbesitzer sind Bydrift Longyearbyen AS, Statsbygg und Store Norske Boliger.<br \/>\nAlle H\u00e4user in Longyearbyen haben Heizk\u00f6rper und werden mit Fernw\u00e4rme aus dem Kraftwerk beheizt. Das Kraftwerk ist das einzige kohlebefeuerte Kraftwerk Norwegens und liefert auch den Strom.     <\/p>\n<h2>Umz\u00fcge und M\u00f6bel<\/h2>\n<p>Wenn Sie in eine unm\u00f6blierte Wohnung ziehen, sollten Sie grunds\u00e4tzlich alles, was Sie an M\u00f6beln und Einrichtungsgegenst\u00e4nden ben\u00f6tigen, vom Festland mitbringen, obwohl Sie vielleicht auch in Longyearbyen etwas kaufen k\u00f6nnen. Es wird empfohlen, dass Sie sich vor Ihrer Ankunft dar\u00fcber informieren. Es gibt einige Haushaltsger\u00e4te, aber nur wenige M\u00f6bel &#8211; abgesehen von Secondhand-Verk\u00e4ufen im Zusammenhang mit einem Umzug.<br \/>\nAusr\u00fcstung, Tassen und Besteck k\u00f6nnen Sie meist in Longyearbyen kaufen. Das Gesch\u00e4ft, das wahrscheinlich die gr\u00f6\u00dfte Auswahl an diesen Artikeln hat, ist Svalbardbutikken.<br \/>\nDie meisten Umz\u00fcge werden in den etwa acht Monaten des Jahres, in denen Svalbard einen eisfreien Hafen hat, mit dem Schiff durchgef\u00fchrt. Das Wetter \u00fcber dem Nordpolarmeer kann rau sein, daher sollten Sie Ihr Hab und Gut besonders gut verpacken. Planen Sie Ihren Umzug gut und reservieren Sie rechtzeitig einen Liegeplatz.<br \/>\nWenn Sie beabsichtigen, vor Ihrem Umzug neue M\u00f6bel zu kaufen und sich diese vom Gesch\u00e4ft schicken zu lassen, denken Sie daran, dass Svalbard von der Mehrwertsteuer befreit ist. Sie k\u00f6nnen also verlangen, dass das Gesch\u00e4ft Ihnen die Waren ohne Mehrwertsteuer zuschickt. Das Gesch\u00e4ft ist jedoch nicht verpflichtet, die Mehrwertsteuer abzuziehen. Wenn es dies nicht tun m\u00f6chte, empfehlen wir Ihnen, das n\u00e4chste Gesch\u00e4ft aufzusuchen. Ein Formular f\u00fcr die R\u00fcckerstattung der Mehrwertsteuer erhalten Sie beim Gouverneur.         <\/p>\n<h2>Auto in Svalbard<\/h2>\n<p>In Longyearbyen und der Umgebung gibt es rund 45 Kilometer Stra\u00dfen. Wenn Sie im Zentrum von Longyearbyen wohnen, brauchen Sie vielleicht gar kein Auto. Wenn Sie jedoch ein auf dem Festland zugelassenes Auto haben und damit nach Longyearbyen fahren wollen, ist das v\u00f6llig in Ordnung. Wenn Sie ein neues Auto kaufen m\u00f6chten, gibt es mehrere Autoh\u00e4user auf Svalbard, oder Sie k\u00f6nnen selbst eines vom Festland oder aus dem Ausland importieren. Auf Svalbard zahlen Sie weder Zoll noch Mehrwertsteuer auf Autos. Weitere Informationen zu den Autopreisen erhalten Sie bei einem Autoh\u00e4ndler. F\u00fcr weitere Informationen \u00fcber Z\u00f6lle und Steuern wenden Sie sich an die Zollbeh\u00f6rde in Troms\u00f8.        <a name=\"jobb-svalbard\"><\/a><br \/>\n[desktop_only]<br \/>\n<script type=\"text\/javascript\"><!--\ngoogle_ad_client = \"ca-pub-9553400920180642\";\n\/* Jobb_banner *\/\ngoogle_ad_slot = \"4929592019\";\ngoogle_ad_width = 468;\ngoogle_ad_height = 60;\n\/\/-->\n<\/script><br \/>\n<script type=\"text\/javascript\" src=\"https:\/\/pagead2.googlesyndication.com\/pagead\/show_ads.js\">\n<\/script><br \/>\n[\/desktop_only]<br \/>\n[mobile_only]<br \/>\n<center><br \/>\n<script type=\"text\/javascript\"><!--\ngoogle_ad_client = \"ca-pub-9553400920180642\";\n\/* Jobb p\u00e5 Svalbard_2 *\/\ngoogle_ad_slot = \"6894336410\";\ngoogle_ad_width = 234;\ngoogle_ad_height = 60;\n\/\/-->\n<\/script><br \/>\n<script type=\"text\/javascript\" src=\"https:\/\/pagead2.googlesyndication.com\/pagead\/show_ads.js\">\n<\/script><br \/>\n<\/center><br \/>\n[\/mobile_only]<\/p>\n<h2>Offene Stellen in Svalbard<\/h2>\n<div id=\"nav_stillinger\">\n<script type=\"text\/javascript\" src=\"https:\/\/tjenester.nav.no\/stillinger\/widget?sort=akt&amp;rpp=50&amp;p=0&amp;l2=62996&amp;rv=al\"> <\/script>\n<\/div>\n<p>Derzeit gibt es m\u00f6glicherweise ein Problem bei der Anzeige von Stellenangeboten in FireFox und Chrome.<br \/>\nHier ist eine Textzusammenfassung der gleichen Positionen:<br \/>\n[RSSImport display=&#8220;30&#8243; feedurl=&#8220;https:\/\/tjenester.nav.no\/stillinger\/rss?sort=akt&amp;rpp=50&amp;p=0&amp;l2=62996&amp;l2=62997&amp;rv=al&#8220; displaydescriptions=&#8220;true&#8220; truncatedescchar=&#8220;250&#8243; date=&#8220;true&#8220; html=&#8220;true&#8220; start_items=&#8220;<\/p>\n<ol>&#8220; end_items=&#8220;<\/ol>\n<p>&#8220; paging=&#8220;true&#8220;]<\/p>\n<p>[one_half]<br \/>\n<script type=\"text\/javascript\"><!--\ngoogle_ad_client = \"ca-pub-9553400920180642\";\n\/* Jobb p\u00e5 Svalbard_2 *\/\ngoogle_ad_slot = \"6894336410\";\ngoogle_ad_width = 234;\ngoogle_ad_height = 60;\n\/\/-->\n<\/script><br \/>\n<script type=\"text\/javascript\" src=\"https:\/\/pagead2.googlesyndication.com\/pagead\/show_ads.js\">\n<\/script><br \/>\n[\/one_half]<br \/>\n[one_half_last]<br \/>\n<script type=\"text\/javascript\"><!--\ngoogle_ad_client = \"ca-pub-9553400920180642\";\n\/* Jobb p\u00e5 Svalbard_2 *\/\ngoogle_ad_slot = \"6894336410\";\ngoogle_ad_width = 234;\ngoogle_ad_height = 60;\n\/\/-->\n<\/script><br \/>\n<script type=\"text\/javascript\" src=\"https:\/\/pagead2.googlesyndication.com\/pagead\/show_ads.js\">\n<\/script><br \/>\n[\/one_half_last]<\/p>\n","protected":false},"excerpt":{"rendered":"<p>[one_half] Jobs, Arbeit und Stellenangebote in Svalbard Unten auf der Seite finden Sie eine Liste der neuesten Stellenangebote in Svalbard. Es kann schwierig sein, in Svalbard einen Job zu finden, und es wird empfohlen, vor der Reise eine Arbeit zu finden. [\/one_half] [one_half_last] [\/one_half_last] Svalbard ist Teil des K\u00f6nigreichs Norwegen, aber nicht alle Gesetze, die &#8230; <\/p>\n<p class=\"read-more-container\"><a title=\"Jobs in Svalbard\" class=\"read-more button\" href=\"https:\/\/www.svalbardblues.com\/de\/svalbard\/jobb-pa-svalbard\/#more-23882\" aria-label=\"Mehr Informationen \u00fcber Jobs in Svalbard\">Read more<\/a><\/p>\n","protected":false},"author":1,"featured_media":0,"parent":23778,"menu_order":0,"comment_status":"closed","ping_status":"closed","template":"","meta":{"inline_featured_image":false,"footnotes":""},"class_list":["post-23882","page","type-page","status-publish"],"yoast_head":"<!-- This site is optimized with the Yoast SEO Premium plugin v26.2 (Yoast SEO v27.5) - https:\/\/yoast.com\/product\/yoast-seo-premium-wordpress\/ -->\n<title>Jobs in Svalbard | Stellenangebote | SVALBARD<\/title>\n<meta name=\"description\" content=\"Jobs in Svalbard. Informationen \u00fcber die neuesten Stellenangebote, Wohnungen, Umz\u00fcge, M\u00f6bel, Autos, Steuern und Unterk\u00fcnfte f\u00fcr Svalbard und Longyearbyen.\" \/>\n<meta name=\"robots\" content=\"index, follow, max-snippet:-1, max-image-preview:large, max-video-preview:-1\" \/>\n<link rel=\"canonical\" href=\"https:\/\/www.svalbardblues.com\/de\/svalbard\/jobb-pa-svalbard\/\" \/>\n<meta property=\"og:locale\" content=\"de_DE\" \/>\n<meta property=\"og:type\" content=\"article\" \/>\n<meta property=\"og:title\" content=\"Jobs in Svalbard\" \/>\n<meta property=\"og:description\" content=\"Jobs in Svalbard. Informationen \u00fcber die neuesten Stellenangebote, Wohnungen, Umz\u00fcge, M\u00f6bel, Autos, Steuern und Unterk\u00fcnfte f\u00fcr Svalbard und Longyearbyen.\" \/>\n<meta property=\"og:url\" content=\"https:\/\/www.svalbardblues.com\/de\/svalbard\/jobb-pa-svalbard\/\" \/>\n<meta property=\"og:site_name\" content=\"Dark Season Blues | SVALBARD\" \/>\n<meta property=\"article:publisher\" content=\"https:\/\/www.facebook.com\/DarkSeasonBlues\" \/>\n<meta property=\"og:image\" content=\"https:\/\/www.svalbardblues.com\/wp-content\/uploads\/2017\/10\/DSB2017-Illustrasjon-900-350.jpg\" \/>\n\t<meta property=\"og:image:width\" content=\"900\" \/>\n\t<meta property=\"og:image:height\" content=\"350\" \/>\n\t<meta property=\"og:image:type\" content=\"image\/jpeg\" \/>\n<meta name=\"twitter:label1\" content=\"Gesch\u00e4tzte Lesezeit\" \/>\n\t<meta name=\"twitter:data1\" content=\"6\u00a0Minuten\" \/>\n<script type=\"application\/ld+json\" class=\"yoast-schema-graph\">{\"@context\":\"https:\\\/\\\/schema.org\",\"@graph\":[{\"@type\":\"WebPage\",\"@id\":\"https:\\\/\\\/www.svalbardblues.com\\\/de\\\/svalbard\\\/jobb-pa-svalbard\\\/\",\"url\":\"https:\\\/\\\/www.svalbardblues.com\\\/de\\\/svalbard\\\/jobb-pa-svalbard\\\/\",\"name\":\"Jobs in Svalbard | Stellenangebote | SVALBARD\",\"isPartOf\":{\"@id\":\"https:\\\/\\\/www.svalbardblues.com\\\/de\\\/#website\"},\"datePublished\":\"2011-06-05T12:11:52+00:00\",\"description\":\"Jobs in Svalbard. Informationen \u00fcber die neuesten Stellenangebote, Wohnungen, Umz\u00fcge, M\u00f6bel, Autos, Steuern und Unterk\u00fcnfte f\u00fcr Svalbard und Longyearbyen.\",\"breadcrumb\":{\"@id\":\"https:\\\/\\\/www.svalbardblues.com\\\/de\\\/svalbard\\\/jobb-pa-svalbard\\\/#breadcrumb\"},\"inLanguage\":\"de\",\"potentialAction\":[{\"@type\":\"ReadAction\",\"target\":[\"https:\\\/\\\/www.svalbardblues.com\\\/de\\\/svalbard\\\/jobb-pa-svalbard\\\/\"]}]},{\"@type\":\"BreadcrumbList\",\"@id\":\"https:\\\/\\\/www.svalbardblues.com\\\/de\\\/svalbard\\\/jobb-pa-svalbard\\\/#breadcrumb\",\"itemListElement\":[{\"@type\":\"ListItem\",\"position\":1,\"name\":\"Hjem\",\"item\":\"https:\\\/\\\/www.svalbardblues.com\\\/de\\\/\"},{\"@type\":\"ListItem\",\"position\":2,\"name\":\"Svalbard, Fakten und Informationen\",\"item\":\"https:\\\/\\\/www.svalbardblues.com\\\/de\\\/svalbard\\\/\"},{\"@type\":\"ListItem\",\"position\":3,\"name\":\"Jobs in Svalbard\"}]},{\"@type\":\"WebSite\",\"@id\":\"https:\\\/\\\/www.svalbardblues.com\\\/de\\\/#website\",\"url\":\"https:\\\/\\\/www.svalbardblues.com\\\/de\\\/\",\"name\":\"Dark Season Blues | SVALBARD\",\"description\":\"The World&#039;s Northenmost Blues Festival\",\"publisher\":{\"@id\":\"https:\\\/\\\/www.svalbardblues.com\\\/de\\\/#organization\"},\"potentialAction\":[{\"@type\":\"SearchAction\",\"target\":{\"@type\":\"EntryPoint\",\"urlTemplate\":\"https:\\\/\\\/www.svalbardblues.com\\\/de\\\/?s={search_term_string}\"},\"query-input\":{\"@type\":\"PropertyValueSpecification\",\"valueRequired\":true,\"valueName\":\"search_term_string\"}}],\"inLanguage\":\"de\"},{\"@type\":\"Organization\",\"@id\":\"https:\\\/\\\/www.svalbardblues.com\\\/de\\\/#organization\",\"name\":\"Dark Season Blues\",\"url\":\"https:\\\/\\\/www.svalbardblues.com\\\/de\\\/\",\"logo\":{\"@type\":\"ImageObject\",\"inLanguage\":\"de\",\"@id\":\"https:\\\/\\\/www.svalbardblues.com\\\/de\\\/#\\\/schema\\\/logo\\\/image\\\/\",\"url\":\"https:\\\/\\\/www.svalbardblues.com\\\/wp-content\\\/uploads\\\/2017\\\/06\\\/DSB2017-Illustrasjon-620.jpg\",\"contentUrl\":\"https:\\\/\\\/www.svalbardblues.com\\\/wp-content\\\/uploads\\\/2017\\\/06\\\/DSB2017-Illustrasjon-620.jpg\",\"width\":620,\"height\":488,\"caption\":\"Dark Season Blues\"},\"image\":{\"@id\":\"https:\\\/\\\/www.svalbardblues.com\\\/de\\\/#\\\/schema\\\/logo\\\/image\\\/\"},\"sameAs\":[\"https:\\\/\\\/www.facebook.com\\\/DarkSeasonBlues\",\"https:\\\/\\\/x.com\\\/DarkSeasonBlues\",\"https:\\\/\\\/www.instagram.com\\\/darkseasonblues\\\/\",\"https:\\\/\\\/no.wikipedia.org\\\/wiki\\\/Dark_Season_Blues\"]}]}<\/script>\n<!-- \/ Yoast SEO Premium plugin. -->","yoast_head_json":{"title":"Jobs in Svalbard | Stellenangebote | SVALBARD","description":"Jobs in Svalbard. Informationen \u00fcber die neuesten Stellenangebote, Wohnungen, Umz\u00fcge, M\u00f6bel, Autos, Steuern und Unterk\u00fcnfte f\u00fcr Svalbard und Longyearbyen.","robots":{"index":"index","follow":"follow","max-snippet":"max-snippet:-1","max-image-preview":"max-image-preview:large","max-video-preview":"max-video-preview:-1"},"canonical":"https:\/\/www.svalbardblues.com\/de\/svalbard\/jobb-pa-svalbard\/","og_locale":"de_DE","og_type":"article","og_title":"Jobs in Svalbard","og_description":"Jobs in Svalbard. Informationen \u00fcber die neuesten Stellenangebote, Wohnungen, Umz\u00fcge, M\u00f6bel, Autos, Steuern und Unterk\u00fcnfte f\u00fcr Svalbard und Longyearbyen.","og_url":"https:\/\/www.svalbardblues.com\/de\/svalbard\/jobb-pa-svalbard\/","og_site_name":"Dark Season Blues | SVALBARD","article_publisher":"https:\/\/www.facebook.com\/DarkSeasonBlues","og_image":[{"width":900,"height":350,"url":"https:\/\/www.svalbardblues.com\/wp-content\/uploads\/2017\/10\/DSB2017-Illustrasjon-900-350.jpg","type":"image\/jpeg"}],"twitter_misc":{"Gesch\u00e4tzte Lesezeit":"6\u00a0Minuten"},"schema":{"@context":"https:\/\/schema.org","@graph":[{"@type":"WebPage","@id":"https:\/\/www.svalbardblues.com\/de\/svalbard\/jobb-pa-svalbard\/","url":"https:\/\/www.svalbardblues.com\/de\/svalbard\/jobb-pa-svalbard\/","name":"Jobs in Svalbard | Stellenangebote | SVALBARD","isPartOf":{"@id":"https:\/\/www.svalbardblues.com\/de\/#website"},"datePublished":"2011-06-05T12:11:52+00:00","description":"Jobs in Svalbard. Informationen \u00fcber die neuesten Stellenangebote, Wohnungen, Umz\u00fcge, M\u00f6bel, Autos, Steuern und Unterk\u00fcnfte f\u00fcr Svalbard und Longyearbyen.","breadcrumb":{"@id":"https:\/\/www.svalbardblues.com\/de\/svalbard\/jobb-pa-svalbard\/#breadcrumb"},"inLanguage":"de","potentialAction":[{"@type":"ReadAction","target":["https:\/\/www.svalbardblues.com\/de\/svalbard\/jobb-pa-svalbard\/"]}]},{"@type":"BreadcrumbList","@id":"https:\/\/www.svalbardblues.com\/de\/svalbard\/jobb-pa-svalbard\/#breadcrumb","itemListElement":[{"@type":"ListItem","position":1,"name":"Hjem","item":"https:\/\/www.svalbardblues.com\/de\/"},{"@type":"ListItem","position":2,"name":"Svalbard, Fakten und Informationen","item":"https:\/\/www.svalbardblues.com\/de\/svalbard\/"},{"@type":"ListItem","position":3,"name":"Jobs in Svalbard"}]},{"@type":"WebSite","@id":"https:\/\/www.svalbardblues.com\/de\/#website","url":"https:\/\/www.svalbardblues.com\/de\/","name":"Dark Season Blues | SVALBARD","description":"The World&#039;s Northenmost Blues Festival","publisher":{"@id":"https:\/\/www.svalbardblues.com\/de\/#organization"},"potentialAction":[{"@type":"SearchAction","target":{"@type":"EntryPoint","urlTemplate":"https:\/\/www.svalbardblues.com\/de\/?s={search_term_string}"},"query-input":{"@type":"PropertyValueSpecification","valueRequired":true,"valueName":"search_term_string"}}],"inLanguage":"de"},{"@type":"Organization","@id":"https:\/\/www.svalbardblues.com\/de\/#organization","name":"Dark Season Blues","url":"https:\/\/www.svalbardblues.com\/de\/","logo":{"@type":"ImageObject","inLanguage":"de","@id":"https:\/\/www.svalbardblues.com\/de\/#\/schema\/logo\/image\/","url":"https:\/\/www.svalbardblues.com\/wp-content\/uploads\/2017\/06\/DSB2017-Illustrasjon-620.jpg","contentUrl":"https:\/\/www.svalbardblues.com\/wp-content\/uploads\/2017\/06\/DSB2017-Illustrasjon-620.jpg","width":620,"height":488,"caption":"Dark Season Blues"},"image":{"@id":"https:\/\/www.svalbardblues.com\/de\/#\/schema\/logo\/image\/"},"sameAs":["https:\/\/www.facebook.com\/DarkSeasonBlues","https:\/\/x.com\/DarkSeasonBlues","https:\/\/www.instagram.com\/darkseasonblues\/","https:\/\/no.wikipedia.org\/wiki\/Dark_Season_Blues"]}]}},"_links":{"self":[{"href":"https:\/\/www.svalbardblues.com\/de\/wp-json\/wp\/v2\/pages\/23882","targetHints":{"allow":["GET"]}}],"collection":[{"href":"https:\/\/www.svalbardblues.com\/de\/wp-json\/wp\/v2\/pages"}],"about":[{"href":"https:\/\/www.svalbardblues.com\/de\/wp-json\/wp\/v2\/types\/page"}],"author":[{"embeddable":true,"href":"https:\/\/www.svalbardblues.com\/de\/wp-json\/wp\/v2\/users\/1"}],"replies":[{"embeddable":true,"href":"https:\/\/www.svalbardblues.com\/de\/wp-json\/wp\/v2\/comments?post=23882"}],"version-history":[{"count":0,"href":"https:\/\/www.svalbardblues.com\/de\/wp-json\/wp\/v2\/pages\/23882\/revisions"}],"up":[{"embeddable":true,"href":"https:\/\/www.svalbardblues.com\/de\/wp-json\/wp\/v2\/pages\/23778"}],"wp:attachment":[{"href":"https:\/\/www.svalbardblues.com\/de\/wp-json\/wp\/v2\/media?parent=23882"}],"curies":[{"name":"wp","href":"https:\/\/api.w.org\/{rel}","templated":true}]}}