{"id":23896,"date":"2011-12-20T23:06:20","date_gmt":"2011-12-20T23:06:20","guid":{"rendered":"https:\/\/www.svalbardblues.com\/pole-position-spitsbergen\/"},"modified":"2025-06-05T09:19:27","modified_gmt":"2025-06-05T09:19:27","slug":"pole-position-spitsbergen","status":"publish","type":"page","link":"https:\/\/www.svalbardblues.com\/de\/svalbard\/bedrifter\/pole-position-spitsbergen\/","title":{"rendered":"Pole Position Spitzbergen"},"content":{"rendered":"<p><img fetchpriority=\"high\" decoding=\"async\" class=\"aligncenter size-full wp-image-3192\" title=\"Pole Position Spitzbergen\" src=\"https:\/\/www.svalbardblues.com\/wp-content\/uploads\/2011\/09\/pole-position_882.jpg\" alt=\"Pole Position Spitsbergen bietet Ihnen Logistikl\u00f6sungen im Norden, indem wir Ressourcen und Wissen miteinander verbinden.\" width=\"882\" height=\"516\" srcset=\"https:\/\/www.svalbardblues.com\/wp-content\/uploads\/2011\/09\/pole-position_882.jpg 882w, https:\/\/www.svalbardblues.com\/wp-content\/uploads\/2011\/09\/pole-position_882-600x351.jpg 600w, https:\/\/www.svalbardblues.com\/wp-content\/uploads\/2011\/09\/pole-position_882-300x175.jpg 300w\" sizes=\"(max-width: 882px) 100vw, 882px\" \/><\/p>\n<p><strong>Pole Position Spitzbergen<\/strong><br \/>\nPb 514<br \/>\n9171 longyearbyen<\/p>\n<p>TEL: 79023535<br \/>\nFAX:79023536<\/p>\n<p>E-Mail: mail(a)pole-position.no<br \/>\nWebsite: <a title=\"Pole Position Spitzbergen\" href=\"http:\/\/www.pole-position.no\" target=\"_blank\">www.pole-position.no<\/a><\/p>\n<p><strong>Wir bieten Ihnen Logistikl\u00f6sungen im Norden, indem wir Ressourcen und Wissen miteinander verbinden.<\/strong><\/p>\n<p>Wir m\u00f6chten, dass Sie sich wie ein Gast und nicht wie ein Kunde f\u00fchlen, wenn Sie mit uns Kontakt aufnehmen. Wir sind stolz darauf, ein Team zu sein, das sowohl \u00fcber ein tiefes als auch \u00fcber ein breites Wissen \u00fcber die arktischen Bedingungen verf\u00fcgt. Das bedeutet, dass Sie ein kleines Extra erwarten k\u00f6nnen, wenn Sie uns kontaktieren.  <\/p>\n<table width=\"941\" border=\"0\" cellspacing=\"5\" cellpadding=\"5\">\n<tbody>\n<tr valign=\"top\">\n<td width=\"308\" height=\"273\">\n<p style=\"text-align: left;\"><strong>Position<\/strong><br \/>\nPole Position Spitsbergen operiert von Longyearbyen aus, der am weitesten entwickelten Stadt im hohen Norden mit:<br \/>\n<em>Regelm\u00e4\u00dfige Flug- und Schiffsverbindungen<br \/>\nGute Gesundheitsdienste<br \/>\n\u00d6ffentliche Dienste<br \/>\nHotels und Werkst\u00e4tten.<\/em><\/p>\n<p>&nbsp;<\/p>\n<p style=\"text-align: left;\"><strong>Infrastruktur<\/strong><br \/>\nIn Longyearbyen verf\u00fcgt Pole Position Spitsbergen \u00fcber:<br \/>\n<em>Eigene R\u00e4umlichkeiten und Lagerfl\u00e4chen am Flughafen von Svalbard<br \/>\nHauptb\u00fcro und Lagerfl\u00e4chen am Hafen<br \/>\nAusr\u00fcstung f\u00fcr arktische Logistik<\/em><\/p>\n<\/td>\n<td width=\"284\">\n<p style=\"text-align: left;\"><strong>Fachwissen<\/strong><br \/>\nDas Kernst\u00fcck von Pole Position ist ein breites Fachwissen \u00fcber die Polargebiete. Wir haben: <\/p>\n<p style=\"text-align: left;\"><em>Expeditionserfahrung<br \/>\nForschungserfahrung<br \/>\nUmfassende Erfahrung im Polartourismus<br \/>\nSicherheits\u00fcberpr\u00fcfung und -zertifizierung f\u00fcr die Arbeit an Flugh\u00e4fen<br \/>\nSicherheits\u00fcberpr\u00fcfung und -zertifizierung f\u00fcr die Arbeit in H\u00e4fen<br \/>\nErfahrung als Guide im Umgang mit Hunden am Nordpol<\/em><\/p>\n<\/td>\n<\/tr>\n<\/tbody>\n<\/table>\n","protected":false},"excerpt":{"rendered":"<p>Pole Position Spitzbergen Pb 514 9171 longyearbyen TEL: 79023535 FAX:79023536 E-Mail: mail(a)pole-position.no Website: www.pole-position.no Wir bieten Ihnen Logistikl\u00f6sungen im Norden, indem wir Ressourcen und Wissen miteinander verbinden. Wir m\u00f6chten, dass Sie sich wie ein Gast und nicht wie ein Kunde f\u00fchlen, wenn Sie mit uns Kontakt aufnehmen. Wir sind stolz darauf, ein Team zu sein, &#8230; <\/p>\n<p class=\"read-more-container\"><a title=\"Pole Position Spitzbergen\" class=\"read-more button\" href=\"https:\/\/www.svalbardblues.com\/de\/svalbard\/bedrifter\/pole-position-spitsbergen\/#more-23896\" aria-label=\"Mehr Informationen \u00fcber Pole Position Spitzbergen\">Read more<\/a><\/p>\n","protected":false},"author":1,"featured_media":0,"parent":23911,"menu_order":0,"comment_status":"closed","ping_status":"closed","template":"","meta":{"inline_featured_image":false,"footnotes":""},"class_list":["post-23896","page","type-page","status-publish"],"yoast_head":"<!-- This site is optimized with the Yoast SEO Premium plugin v26.2 (Yoast SEO v27.4) - https:\/\/yoast.com\/product\/yoast-seo-premium-wordpress\/ -->\n<title>Pole Position Spitzbergen | Longyearbyen | SVALBARD<\/title>\n<meta name=\"description\" content=\"Pole Position bietet Ihnen Logistikl\u00f6sungen im Norden, indem wir Ressourcen und Wissen miteinander verbinden.\" \/>\n<meta name=\"robots\" content=\"index, follow, max-snippet:-1, max-image-preview:large, max-video-preview:-1\" \/>\n<link rel=\"canonical\" href=\"https:\/\/www.svalbardblues.com\/de\/svalbard\/bedrifter\/pole-position-spitsbergen\/\" \/>\n<meta property=\"og:locale\" content=\"de_DE\" \/>\n<meta property=\"og:type\" content=\"article\" \/>\n<meta property=\"og:title\" content=\"Pole Position Spitzbergen\" \/>\n<meta property=\"og:description\" content=\"Pole Position bietet Ihnen Logistikl\u00f6sungen im Norden, indem wir Ressourcen und Wissen miteinander verbinden.\" \/>\n<meta property=\"og:url\" content=\"https:\/\/www.svalbardblues.com\/de\/svalbard\/bedrifter\/pole-position-spitsbergen\/\" \/>\n<meta property=\"og:site_name\" content=\"Dark Season Blues | SVALBARD\" \/>\n<meta property=\"article:publisher\" content=\"https:\/\/www.facebook.com\/DarkSeasonBlues\" \/>\n<meta property=\"article:modified_time\" content=\"2025-06-05T09:19:27+00:00\" \/>\n<meta property=\"og:image\" content=\"https:\/\/www.svalbardblues.com\/wp-content\/uploads\/2011\/09\/pole-position_882.jpg\" \/>\n\t<meta property=\"og:image:width\" content=\"882\" \/>\n\t<meta property=\"og:image:height\" content=\"516\" \/>\n\t<meta property=\"og:image:type\" content=\"image\/jpeg\" \/>\n<meta name=\"twitter:label1\" content=\"Gesch\u00e4tzte Lesezeit\" \/>\n\t<meta name=\"twitter:data1\" content=\"1\u00a0Minute\" \/>\n<script type=\"application\/ld+json\" class=\"yoast-schema-graph\">{\"@context\":\"https:\\\/\\\/schema.org\",\"@graph\":[{\"@type\":\"WebPage\",\"@id\":\"https:\\\/\\\/www.svalbardblues.com\\\/de\\\/svalbard\\\/bedrifter\\\/pole-position-spitsbergen\\\/\",\"url\":\"https:\\\/\\\/www.svalbardblues.com\\\/de\\\/svalbard\\\/bedrifter\\\/pole-position-spitsbergen\\\/\",\"name\":\"Pole Position Spitzbergen | Longyearbyen | SVALBARD\",\"isPartOf\":{\"@id\":\"https:\\\/\\\/www.svalbardblues.com\\\/de\\\/#website\"},\"primaryImageOfPage\":{\"@id\":\"https:\\\/\\\/www.svalbardblues.com\\\/de\\\/svalbard\\\/bedrifter\\\/pole-position-spitsbergen\\\/#primaryimage\"},\"image\":{\"@id\":\"https:\\\/\\\/www.svalbardblues.com\\\/de\\\/svalbard\\\/bedrifter\\\/pole-position-spitsbergen\\\/#primaryimage\"},\"thumbnailUrl\":\"https:\\\/\\\/www.svalbardblues.com\\\/wp-content\\\/uploads\\\/2011\\\/09\\\/pole-position_882.jpg\",\"datePublished\":\"2011-12-20T23:06:20+00:00\",\"dateModified\":\"2025-06-05T09:19:27+00:00\",\"description\":\"Pole Position bietet Ihnen Logistikl\u00f6sungen im Norden, indem wir Ressourcen und Wissen miteinander verbinden.\",\"breadcrumb\":{\"@id\":\"https:\\\/\\\/www.svalbardblues.com\\\/de\\\/svalbard\\\/bedrifter\\\/pole-position-spitsbergen\\\/#breadcrumb\"},\"inLanguage\":\"de\",\"potentialAction\":[{\"@type\":\"ReadAction\",\"target\":[\"https:\\\/\\\/www.svalbardblues.com\\\/de\\\/svalbard\\\/bedrifter\\\/pole-position-spitsbergen\\\/\"]}]},{\"@type\":\"ImageObject\",\"inLanguage\":\"de\",\"@id\":\"https:\\\/\\\/www.svalbardblues.com\\\/de\\\/svalbard\\\/bedrifter\\\/pole-position-spitsbergen\\\/#primaryimage\",\"url\":\"https:\\\/\\\/www.svalbardblues.com\\\/wp-content\\\/uploads\\\/2011\\\/09\\\/pole-position_882.jpg\",\"contentUrl\":\"https:\\\/\\\/www.svalbardblues.com\\\/wp-content\\\/uploads\\\/2011\\\/09\\\/pole-position_882.jpg\"},{\"@type\":\"BreadcrumbList\",\"@id\":\"https:\\\/\\\/www.svalbardblues.com\\\/de\\\/svalbard\\\/bedrifter\\\/pole-position-spitsbergen\\\/#breadcrumb\",\"itemListElement\":[{\"@type\":\"ListItem\",\"position\":1,\"name\":\"Hjem\",\"item\":\"https:\\\/\\\/www.svalbardblues.com\\\/de\\\/\"},{\"@type\":\"ListItem\",\"position\":2,\"name\":\"Svalbard, Fakten und Informationen\",\"item\":\"https:\\\/\\\/www.svalbardblues.com\\\/de\\\/svalbard\\\/\"},{\"@type\":\"ListItem\",\"position\":3,\"name\":\"Unternehmen | Svalbard und Longyearbyen\",\"item\":\"https:\\\/\\\/www.svalbardblues.com\\\/de\\\/svalbard\\\/bedrifter\\\/\"},{\"@type\":\"ListItem\",\"position\":4,\"name\":\"Pole Position Spitzbergen\"}]},{\"@type\":\"WebSite\",\"@id\":\"https:\\\/\\\/www.svalbardblues.com\\\/de\\\/#website\",\"url\":\"https:\\\/\\\/www.svalbardblues.com\\\/de\\\/\",\"name\":\"Dark Season Blues | SVALBARD\",\"description\":\"The World&#039;s Northenmost Blues Festival\",\"publisher\":{\"@id\":\"https:\\\/\\\/www.svalbardblues.com\\\/de\\\/#organization\"},\"potentialAction\":[{\"@type\":\"SearchAction\",\"target\":{\"@type\":\"EntryPoint\",\"urlTemplate\":\"https:\\\/\\\/www.svalbardblues.com\\\/de\\\/?s={search_term_string}\"},\"query-input\":{\"@type\":\"PropertyValueSpecification\",\"valueRequired\":true,\"valueName\":\"search_term_string\"}}],\"inLanguage\":\"de\"},{\"@type\":\"Organization\",\"@id\":\"https:\\\/\\\/www.svalbardblues.com\\\/de\\\/#organization\",\"name\":\"Dark Season Blues\",\"url\":\"https:\\\/\\\/www.svalbardblues.com\\\/de\\\/\",\"logo\":{\"@type\":\"ImageObject\",\"inLanguage\":\"de\",\"@id\":\"https:\\\/\\\/www.svalbardblues.com\\\/de\\\/#\\\/schema\\\/logo\\\/image\\\/\",\"url\":\"https:\\\/\\\/www.svalbardblues.com\\\/wp-content\\\/uploads\\\/2017\\\/06\\\/DSB2017-Illustrasjon-620.jpg\",\"contentUrl\":\"https:\\\/\\\/www.svalbardblues.com\\\/wp-content\\\/uploads\\\/2017\\\/06\\\/DSB2017-Illustrasjon-620.jpg\",\"width\":620,\"height\":488,\"caption\":\"Dark Season Blues\"},\"image\":{\"@id\":\"https:\\\/\\\/www.svalbardblues.com\\\/de\\\/#\\\/schema\\\/logo\\\/image\\\/\"},\"sameAs\":[\"https:\\\/\\\/www.facebook.com\\\/DarkSeasonBlues\",\"https:\\\/\\\/x.com\\\/DarkSeasonBlues\",\"https:\\\/\\\/www.instagram.com\\\/darkseasonblues\\\/\",\"https:\\\/\\\/no.wikipedia.org\\\/wiki\\\/Dark_Season_Blues\"]}]}<\/script>\n<!-- \/ Yoast SEO Premium plugin. -->","yoast_head_json":{"title":"Pole Position Spitzbergen | Longyearbyen | SVALBARD","description":"Pole Position bietet Ihnen Logistikl\u00f6sungen im Norden, indem wir Ressourcen und Wissen miteinander verbinden.","robots":{"index":"index","follow":"follow","max-snippet":"max-snippet:-1","max-image-preview":"max-image-preview:large","max-video-preview":"max-video-preview:-1"},"canonical":"https:\/\/www.svalbardblues.com\/de\/svalbard\/bedrifter\/pole-position-spitsbergen\/","og_locale":"de_DE","og_type":"article","og_title":"Pole Position Spitzbergen","og_description":"Pole Position bietet Ihnen Logistikl\u00f6sungen im Norden, indem wir Ressourcen und Wissen miteinander verbinden.","og_url":"https:\/\/www.svalbardblues.com\/de\/svalbard\/bedrifter\/pole-position-spitsbergen\/","og_site_name":"Dark Season Blues | SVALBARD","article_publisher":"https:\/\/www.facebook.com\/DarkSeasonBlues","article_modified_time":"2025-06-05T09:19:27+00:00","og_image":[{"width":882,"height":516,"url":"https:\/\/www.svalbardblues.com\/wp-content\/uploads\/2011\/09\/pole-position_882.jpg","type":"image\/jpeg"}],"twitter_misc":{"Gesch\u00e4tzte Lesezeit":"1\u00a0Minute"},"schema":{"@context":"https:\/\/schema.org","@graph":[{"@type":"WebPage","@id":"https:\/\/www.svalbardblues.com\/de\/svalbard\/bedrifter\/pole-position-spitsbergen\/","url":"https:\/\/www.svalbardblues.com\/de\/svalbard\/bedrifter\/pole-position-spitsbergen\/","name":"Pole Position Spitzbergen | Longyearbyen | SVALBARD","isPartOf":{"@id":"https:\/\/www.svalbardblues.com\/de\/#website"},"primaryImageOfPage":{"@id":"https:\/\/www.svalbardblues.com\/de\/svalbard\/bedrifter\/pole-position-spitsbergen\/#primaryimage"},"image":{"@id":"https:\/\/www.svalbardblues.com\/de\/svalbard\/bedrifter\/pole-position-spitsbergen\/#primaryimage"},"thumbnailUrl":"https:\/\/www.svalbardblues.com\/wp-content\/uploads\/2011\/09\/pole-position_882.jpg","datePublished":"2011-12-20T23:06:20+00:00","dateModified":"2025-06-05T09:19:27+00:00","description":"Pole Position bietet Ihnen Logistikl\u00f6sungen im Norden, indem wir Ressourcen und Wissen miteinander verbinden.","breadcrumb":{"@id":"https:\/\/www.svalbardblues.com\/de\/svalbard\/bedrifter\/pole-position-spitsbergen\/#breadcrumb"},"inLanguage":"de","potentialAction":[{"@type":"ReadAction","target":["https:\/\/www.svalbardblues.com\/de\/svalbard\/bedrifter\/pole-position-spitsbergen\/"]}]},{"@type":"ImageObject","inLanguage":"de","@id":"https:\/\/www.svalbardblues.com\/de\/svalbard\/bedrifter\/pole-position-spitsbergen\/#primaryimage","url":"https:\/\/www.svalbardblues.com\/wp-content\/uploads\/2011\/09\/pole-position_882.jpg","contentUrl":"https:\/\/www.svalbardblues.com\/wp-content\/uploads\/2011\/09\/pole-position_882.jpg"},{"@type":"BreadcrumbList","@id":"https:\/\/www.svalbardblues.com\/de\/svalbard\/bedrifter\/pole-position-spitsbergen\/#breadcrumb","itemListElement":[{"@type":"ListItem","position":1,"name":"Hjem","item":"https:\/\/www.svalbardblues.com\/de\/"},{"@type":"ListItem","position":2,"name":"Svalbard, Fakten und Informationen","item":"https:\/\/www.svalbardblues.com\/de\/svalbard\/"},{"@type":"ListItem","position":3,"name":"Unternehmen | Svalbard und Longyearbyen","item":"https:\/\/www.svalbardblues.com\/de\/svalbard\/bedrifter\/"},{"@type":"ListItem","position":4,"name":"Pole Position Spitzbergen"}]},{"@type":"WebSite","@id":"https:\/\/www.svalbardblues.com\/de\/#website","url":"https:\/\/www.svalbardblues.com\/de\/","name":"Dark Season Blues | SVALBARD","description":"The World&#039;s Northenmost Blues Festival","publisher":{"@id":"https:\/\/www.svalbardblues.com\/de\/#organization"},"potentialAction":[{"@type":"SearchAction","target":{"@type":"EntryPoint","urlTemplate":"https:\/\/www.svalbardblues.com\/de\/?s={search_term_string}"},"query-input":{"@type":"PropertyValueSpecification","valueRequired":true,"valueName":"search_term_string"}}],"inLanguage":"de"},{"@type":"Organization","@id":"https:\/\/www.svalbardblues.com\/de\/#organization","name":"Dark Season Blues","url":"https:\/\/www.svalbardblues.com\/de\/","logo":{"@type":"ImageObject","inLanguage":"de","@id":"https:\/\/www.svalbardblues.com\/de\/#\/schema\/logo\/image\/","url":"https:\/\/www.svalbardblues.com\/wp-content\/uploads\/2017\/06\/DSB2017-Illustrasjon-620.jpg","contentUrl":"https:\/\/www.svalbardblues.com\/wp-content\/uploads\/2017\/06\/DSB2017-Illustrasjon-620.jpg","width":620,"height":488,"caption":"Dark Season Blues"},"image":{"@id":"https:\/\/www.svalbardblues.com\/de\/#\/schema\/logo\/image\/"},"sameAs":["https:\/\/www.facebook.com\/DarkSeasonBlues","https:\/\/x.com\/DarkSeasonBlues","https:\/\/www.instagram.com\/darkseasonblues\/","https:\/\/no.wikipedia.org\/wiki\/Dark_Season_Blues"]}]}},"_links":{"self":[{"href":"https:\/\/www.svalbardblues.com\/de\/wp-json\/wp\/v2\/pages\/23896","targetHints":{"allow":["GET"]}}],"collection":[{"href":"https:\/\/www.svalbardblues.com\/de\/wp-json\/wp\/v2\/pages"}],"about":[{"href":"https:\/\/www.svalbardblues.com\/de\/wp-json\/wp\/v2\/types\/page"}],"author":[{"embeddable":true,"href":"https:\/\/www.svalbardblues.com\/de\/wp-json\/wp\/v2\/users\/1"}],"replies":[{"embeddable":true,"href":"https:\/\/www.svalbardblues.com\/de\/wp-json\/wp\/v2\/comments?post=23896"}],"version-history":[{"count":1,"href":"https:\/\/www.svalbardblues.com\/de\/wp-json\/wp\/v2\/pages\/23896\/revisions"}],"predecessor-version":[{"id":23914,"href":"https:\/\/www.svalbardblues.com\/de\/wp-json\/wp\/v2\/pages\/23896\/revisions\/23914"}],"up":[{"embeddable":true,"href":"https:\/\/www.svalbardblues.com\/de\/wp-json\/wp\/v2\/pages\/23911"}],"wp:attachment":[{"href":"https:\/\/www.svalbardblues.com\/de\/wp-json\/wp\/v2\/media?parent=23896"}],"curies":[{"name":"wp","href":"https:\/\/api.w.org\/{rel}","templated":true}]}}