{"id":23902,"date":"2011-12-20T22:48:38","date_gmt":"2011-12-20T22:48:38","guid":{"rendered":"https:\/\/www.svalbardblues.com\/longyearbyen-lokalstyre\/"},"modified":"2025-06-05T09:19:27","modified_gmt":"2025-06-05T09:19:27","slug":"longyearbyen-lokalstyre","status":"publish","type":"page","link":"https:\/\/www.svalbardblues.com\/de\/svalbard\/bedrifter\/longyearbyen-lokalstyre\/","title":{"rendered":"Gemeinderat von Longyearbyen"},"content":{"rendered":"<p>Longyearbyen Kommunalverwaltung<br \/>\nPb 350<br \/>\n9171 LONGYEARBYEN<\/p>\n<p>Website: <a title=\"Gemeinderat von Longyearbyen\" href=\"http:\/\/www.lokalstyre.no\">www.lokalstyre.no<\/a><\/p>\n<p>Telefon: 79022150<br \/>\nFax: 79022151<\/p>\n<p>Die Gemeindeverwaltung von Longyearbyen wurde am 1. Januar 2002 gegr\u00fcndet. <\/p>\n<p>Die Gemeindeverwaltung von Longyearbyen ist zust\u00e4ndig f\u00fcr die Infrastruktur in Longyearbyen, die Gemeinde- und Raumplanung, die Finanzplanung, die Wirtschaftsarbeit, die Erstellung von Statistiken, die Entwicklung und Koordinierung der kommunalen Dienstleistungen f\u00fcr Kinder, Jugendliche und Erwachsene, die Kinderf\u00fcrsorge, die Sozialberatung, die Jugendarbeit, die Kindergartendienste und das politische Sekretariat.<\/p>\n<p><strong>Die Geschichte der Einf\u00fchrung der lokalen Demokratie<\/strong><br \/>\nBereits bei der \u00dcbernahme der Souver\u00e4nit\u00e4t \u00fcber Svalbard im Jahr 1925 gab es Vorschl\u00e4ge, Svalbard zu einer eigenen Gemeinde oder einem Landkreis zu machen. Dies wurde jedoch vom Storting (norwegisches Parlament) abgelehnt, das sich stattdessen f\u00fcr eine besondere Verwaltungsvereinbarung mit einem vom K\u00f6nig ernannten Gouverneur als h\u00f6chstem Vertreter der Regierung entschied. <\/p>\n<p>Die sich abzeichnende Entspannung ab den sp\u00e4ten 1960er Jahren und die Entwicklung der Gesellschaft in Longyearbyen schufen jedoch neue und bessere Bedingungen f\u00fcr den lokalen demokratischen Einfluss, und der lokale Svalbard-Rat wurde durch einen k\u00f6niglichen Erlass vom 6. August 1971 eingerichtet. Der Rat sollte ein Beratungsgremium f\u00fcr die zentrale und lokale \u00f6ffentliche Verwaltung sein. Der Rat konnte sich mit Fragen befassen, die f\u00fcr die Bev\u00f6lkerung von Svalbard von Bedeutung waren. Gegen Ende der 1970er Jahre engagierte sich der Rat stark in der lokalen Gemeindeentwicklung.     <\/p>\n<p>Die Frage der lokalen Demokratie wurde im Bericht Nr. 39 (1974-75) \u00fcber Svalbard er\u00f6rtert, aber die Regierung kam zu dem Schluss, dass die Zeit noch nicht reif sei, um Svalbard zu einem eigenen Landkreis zu machen oder eine kommunale Selbstverwaltung einzuf\u00fchren. <\/p>\n<p>Als Fortsetzung des lokalen Svalbard-Rates wurde der Svalbard-Rat durch einen k\u00f6niglichen Erlass vom 12. August 1981 eingerichtet. Die Einstellung der zentralen Beh\u00f6rden zur lokalen Demokratie hat sich in den 1980er Jahren jedoch kaum ge\u00e4ndert. Im Bericht Nr. 40 (1985-86) an das Storting \u00fcber Svalbard wurde eine Reihe von politischen, praktischen und finanziellen Hindernissen f\u00fcr die Entwicklung der lokalen Demokratie nach dem Festlandmodell festgestellt.     <\/p>\n<p>Die rasante Entwicklung auf Svalbard ab Ende der 1980er Jahre warf die Frage nach dem lokalen demokratischen Einfluss in Longyearbyen auf. Im Laufe der 1990er Jahre wurden mehrere Studien zu diesem Thema durchgef\u00fchrt, und 1995 forderte das Storting die Regierung bei der Behandlung des Dokuments 8:85 (1994-1995) auf, ein Modell f\u00fcr die lokale Demokratie vorzulegen. Dies geschah im Bericht Nr. 9 (1999-2000) an das Storting \u00fcber Svalbard, in dem vorgeschlagen wurde, die lokale Demokratie in Longyearbyen nach einem eigenen Modell einzuf\u00fchren, das an die \u00f6rtlichen Gegebenheiten und die besondere soziale Struktur angepasst ist.   <\/p>\n<p>Infolgedessen wurde Ot.prp.nr. 58 (2000-2001) Lov om endringer i svalbardloven m.m. (introduktion av lokaldemokrati i Longyearbyen) ver\u00f6ffentlicht. Darin wird festgelegt, dass mit Wirkung vom 1. Januar 2002 eine neue juristische Person, der Gemeinderat von Longyearbyen, gegr\u00fcndet wird. Gleichzeitig wurde der Svalbard Council aufgel\u00f6st.   <\/p>\n<p><strong>Von der Unternehmensstadt zur Kommunalverwaltung<\/strong><\/p>\n<p>In den 1970er Jahren begann der Trend zum Aufbau einer Familiengemeinde in Longyearbyen. Die Er\u00f6ffnung eines ganzj\u00e4hrig ge\u00f6ffneten Flughafens im Jahr 1975 war ein Wendepunkt, und die \u00f6rtliche Infrastruktur und die Dienstleistungen wurden ausgebaut und besser an eine Familiengemeinde im Einklang mit dem Festland angepasst. 1976 kaufte der Staat die privaten Anteilseigner auf und verwandelte Store Norske in eine Aktiengesellschaft in Staatsbesitz.  <\/p>\n<p>Auf der Vorstandssitzung von Store Norske am 14. Oktober 1988 wurde die Svalbard Samfunnsdrift AS gegr\u00fcndet. Der Zweck des Unternehmens bestand darin, \u201edie norwegischen Gemeinden auf Spitzbergen zu betreiben und weiterzuentwickeln\u201c. Das Unternehmen war zun\u00e4chst eine hundertprozentige Tochtergesellschaft von Store Norske. Ab 1993 wurden die Anteile vom Staat \u00fcber das Ministerium f\u00fcr Handel und Industrie \u00fcbernommen, das wiederum die Anteile des Unternehmens ab dem 1. Januar 2002 an die Gemeinde Longyearbyen \u00fcbertrug.     <\/p>\n<p><strong>Organisation<\/strong><\/p>\n<p>Die Gemeindeverwaltung von Longyearbyen ist in einem Unternehmensmodell organisiert, bei dem die Verwaltung der Gemeinde Longyearbyen f\u00fcr allgemeine Strategien, politische Fragen, die allgemeine Ordnungsfunktion und die Aus\u00fcbung von Befugnissen zust\u00e4ndig ist.<\/p>\n<p>Operative Aufgaben werden in drei kommunalen Unternehmen wahrgenommen &#8211; Longyearbyen Kommunalverwaltung Oppvekstforetak KF, Longyearbyen Kommunalverwaltung Kultur- og fritidsforetak KF &#8211; und Longyearbyen Kommunalverwaltung Bydrift KF.<\/p>\n<p>Die derzeitige Organisation wurde auf der Grundlage gew\u00e4hlt, dass dies das Modell ist, das:<\/p>\n<p>Erf\u00fcllt am besten die demokratischen Grunds\u00e4tze der Gesellschaft von Longyearbyen und erleichtert am besten politische und strategische Entscheidungen.<br \/>\nErf\u00fcllt am besten die Anforderungen an einen effizienten Betrieb und die Erbringung von Dienstleistungen von hoher Qualit\u00e4t, p\u00fcnktlich und zum richtigen Preis (hohe Nutzerzufriedenheit)<br \/>\nBietet die h\u00f6chste Effizienz und am wenigsten B\u00fcrokratie<br \/>\nSichert am besten menschliche Werte wie Wohlbefinden, Lernen, Entwicklungsm\u00f6glichkeiten und Kompetenzumgebungen.<br \/>\nKann am besten die Rolle und Funktion der Kommunalverwaltung in der lokalen Demokratie st\u00e4rken.<\/p>\n<p>Die Verwaltung der Gemeinde Longyearbyen ist daf\u00fcr verantwortlich, dass die politischen Beschl\u00fcsse umgesetzt werden, und sie muss auch daf\u00fcr sorgen, dass die zur politischen Pr\u00fcfung vorgelegten Angelegenheiten zufriedenstellend untersucht werden. Der Verwaltung wurde die Befugnis \u00fcbertragen, Entscheidungen in F\u00e4llen zu treffen, die nicht grunds\u00e4tzlicher Natur sind. <\/p>\n<p><strong>Die Verwaltung<\/strong> ist zust\u00e4ndig f\u00fcr Planungs- und Bauangelegenheiten, Kartierungs- und Parzellierungsvorg\u00e4nge, Kinderf\u00fcrsorge, Schanklizenzen, Nachverfolgung von \u201eKorkgeldzuteilungen\u201c, Transportlizenzen und Lebensmittel\u00fcberwachung.<\/p>\n<p>Die Verwaltung ist daf\u00fcr verantwortlich, dass die Gemeindeverwaltung Longyearbyen und ihre Unternehmen eine gemeinsame Personal- und Organisationspolitik verfolgen. Auch die Koordinierung von Haushalts- und Finanzplanungsprozessen, Buchhaltung und Lohnbuchhaltung, IKT-Dienste, Info-torg und das politische Sekretariat sind der Verwaltung zugeordnet. <\/p>\n<p>Der Zweck von <strong>Oppvekstforetak KF<\/strong> ist es, sich um den Betrieb der Erziehungsaufgaben in Longyearbyen zu k\u00fcmmern. Folglich ist das Unternehmen f\u00fcr den Betrieb der Longyearbyen School verantwortlich. Die Schule umfasst eine Grundschule, eine weiterf\u00fchrende Schule, einen Hort, eine Kulturschule und norwegischen Sprachunterricht f\u00fcr fremdsprachige Erwachsene sowie PPT-Dienste.  <\/p>\n<p>Dar\u00fcber hinaus ist das Unternehmen f\u00fcr den Betrieb der Kinderg\u00e4rten von Longyearbyen verantwortlich. Dies gilt f\u00fcr den Kindergarten Longyearbyen, den Kindergarten Kullungen und den Kindergarten Polarflokken. <\/p>\n<p><strong>Kultur- og fritidsforetak KF<\/strong> ist verantwortlich f\u00fcr die Bibliothek, die Sport- und Schwimmhallen, die Gemeinschaftseinrichtungen, die Galerie, das Kunst- und Handwerkszentrum, den Jugendclub, das selbstverwaltete Jugendzentrum und das Kino. Das Hauptziel ist es, ehrenamtliche Kulturarbeit zu f\u00f6rdern und die Ressourcen so zu nutzen, dass das Angebot in Bezug auf Altersgruppen, Interessen und Bed\u00fcrfnisse so breit wie m\u00f6glich ist. <\/p>\n<p>Die Rolle des Vermittlers beinhaltet auch, dass die Kulturschaffenden eigene Initiativen f\u00fcr verschiedene kulturelle Initiativen mit der gesamten Bev\u00f6lkerung als Zielgruppe ergreifen, unabh\u00e4ngig von der Vereinszugeh\u00f6rigkeit. Das Unternehmen verf\u00fcgt au\u00dferdem \u00fcber einen eigenen Betriebstechniker mit Spezialkenntnissen in den Bereichen Ton und Beleuchtung und stellt dem ehrenamtlichen Kultursektor kostenlos oder zur kommerziellen Vermietung modernes Equipment zur Verf\u00fcgung. <\/p>\n<p>Der Zweck von <strong>Bydrift KF<\/strong> ist der Betrieb der technischen Infrastruktur in Longyearbyen. Die wichtigsten Bereiche sind Strom- und W\u00e4rmeerzeugung\/-verteilung, Hafenbetrieb sowie Wasser, Abwasser, M\u00fcllabfuhr, Stra\u00dfen und Brand- und Katastrophenschutz. <\/p>\n<p>Dar\u00fcber hinaus betreibt sie Einfamilienh\u00e4user, Wohnheime und landwirtschaftliche Geb\u00e4ude. Au\u00dferdem ist sie f\u00fcr die Brand- und Notfallvorsorge zust\u00e4ndig. <\/p>\n","protected":false},"excerpt":{"rendered":"<p>Longyearbyen Kommunalverwaltung Pb 350 9171 LONGYEARBYEN Website: www.lokalstyre.no Telefon: 79022150 Fax: 79022151 Die Gemeindeverwaltung von Longyearbyen wurde am 1. Januar 2002 gegr\u00fcndet. Die Gemeindeverwaltung von Longyearbyen ist zust\u00e4ndig f\u00fcr die Infrastruktur in Longyearbyen, die Gemeinde- und Raumplanung, die Finanzplanung, die Wirtschaftsarbeit, die Erstellung von Statistiken, die Entwicklung und Koordinierung der kommunalen Dienstleistungen f\u00fcr Kinder, Jugendliche &#8230; <\/p>\n<p class=\"read-more-container\"><a title=\"Gemeinderat von Longyearbyen\" class=\"read-more button\" href=\"https:\/\/www.svalbardblues.com\/de\/svalbard\/bedrifter\/longyearbyen-lokalstyre\/#more-23902\" aria-label=\"Mehr Informationen \u00fcber Gemeinderat von Longyearbyen\">Read more<\/a><\/p>\n","protected":false},"author":1,"featured_media":0,"parent":23911,"menu_order":0,"comment_status":"closed","ping_status":"closed","template":"","meta":{"inline_featured_image":false,"footnotes":""},"class_list":["post-23902","page","type-page","status-publish"],"yoast_head":"<!-- This site is optimized with the Yoast SEO Premium plugin v26.2 (Yoast SEO v27.3) - https:\/\/yoast.com\/product\/yoast-seo-premium-wordpress\/ -->\n<title>Longyearbyen Gemeindeverwaltung | Longyearbyen | SVALBARD<\/title>\n<meta name=\"description\" content=\"Die Kommunalverwaltung ist f\u00fcr die Infrastruktur, das Gemeinwesen, die Fl\u00e4chennutzungs- und Finanzplanung, die Wirtschaftsarbeit, die Entwicklung und die Koordinierung der kommunalen Dienstleistungen zust\u00e4ndig.\" \/>\n<meta name=\"robots\" content=\"index, follow, max-snippet:-1, max-image-preview:large, max-video-preview:-1\" \/>\n<link rel=\"canonical\" href=\"https:\/\/www.svalbardblues.com\/de\/svalbard\/bedrifter\/longyearbyen-lokalstyre\/\" \/>\n<meta property=\"og:locale\" content=\"de_DE\" \/>\n<meta property=\"og:type\" content=\"article\" \/>\n<meta property=\"og:title\" content=\"Gemeinderat von Longyearbyen\" \/>\n<meta property=\"og:description\" content=\"Die Kommunalverwaltung ist f\u00fcr die Infrastruktur, das Gemeinwesen, die Fl\u00e4chennutzungs- und Finanzplanung, die Wirtschaftsarbeit, die Entwicklung und die Koordinierung der kommunalen Dienstleistungen zust\u00e4ndig.\" \/>\n<meta property=\"og:url\" content=\"https:\/\/www.svalbardblues.com\/de\/svalbard\/bedrifter\/longyearbyen-lokalstyre\/\" \/>\n<meta property=\"og:site_name\" content=\"Dark Season Blues | SVALBARD\" \/>\n<meta property=\"article:publisher\" content=\"https:\/\/www.facebook.com\/DarkSeasonBlues\" \/>\n<meta property=\"article:modified_time\" content=\"2025-06-05T09:19:27+00:00\" \/>\n<meta property=\"og:image\" content=\"https:\/\/www.svalbardblues.com\/wp-content\/uploads\/2017\/10\/DSB2017-Illustrasjon-900-350.jpg\" \/>\n\t<meta property=\"og:image:width\" content=\"900\" \/>\n\t<meta property=\"og:image:height\" content=\"350\" \/>\n\t<meta property=\"og:image:type\" content=\"image\/jpeg\" \/>\n<meta name=\"twitter:label1\" content=\"Gesch\u00e4tzte Lesezeit\" \/>\n\t<meta name=\"twitter:data1\" content=\"6\u00a0Minuten\" \/>\n<script type=\"application\/ld+json\" class=\"yoast-schema-graph\">{\"@context\":\"https:\\\/\\\/schema.org\",\"@graph\":[{\"@type\":\"WebPage\",\"@id\":\"https:\\\/\\\/www.svalbardblues.com\\\/de\\\/svalbard\\\/bedrifter\\\/longyearbyen-lokalstyre\\\/\",\"url\":\"https:\\\/\\\/www.svalbardblues.com\\\/de\\\/svalbard\\\/bedrifter\\\/longyearbyen-lokalstyre\\\/\",\"name\":\"Longyearbyen Gemeindeverwaltung | Longyearbyen | SVALBARD\",\"isPartOf\":{\"@id\":\"https:\\\/\\\/www.svalbardblues.com\\\/de\\\/#website\"},\"datePublished\":\"2011-12-20T22:48:38+00:00\",\"dateModified\":\"2025-06-05T09:19:27+00:00\",\"description\":\"Die Kommunalverwaltung ist f\u00fcr die Infrastruktur, das Gemeinwesen, die Fl\u00e4chennutzungs- und Finanzplanung, die Wirtschaftsarbeit, die Entwicklung und die Koordinierung der kommunalen Dienstleistungen zust\u00e4ndig.\",\"breadcrumb\":{\"@id\":\"https:\\\/\\\/www.svalbardblues.com\\\/de\\\/svalbard\\\/bedrifter\\\/longyearbyen-lokalstyre\\\/#breadcrumb\"},\"inLanguage\":\"de\",\"potentialAction\":[{\"@type\":\"ReadAction\",\"target\":[\"https:\\\/\\\/www.svalbardblues.com\\\/de\\\/svalbard\\\/bedrifter\\\/longyearbyen-lokalstyre\\\/\"]}]},{\"@type\":\"BreadcrumbList\",\"@id\":\"https:\\\/\\\/www.svalbardblues.com\\\/de\\\/svalbard\\\/bedrifter\\\/longyearbyen-lokalstyre\\\/#breadcrumb\",\"itemListElement\":[{\"@type\":\"ListItem\",\"position\":1,\"name\":\"Hjem\",\"item\":\"https:\\\/\\\/www.svalbardblues.com\\\/de\\\/\"},{\"@type\":\"ListItem\",\"position\":2,\"name\":\"Svalbard, Fakten und Informationen\",\"item\":\"https:\\\/\\\/www.svalbardblues.com\\\/de\\\/svalbard\\\/\"},{\"@type\":\"ListItem\",\"position\":3,\"name\":\"Unternehmen | Svalbard und Longyearbyen\",\"item\":\"https:\\\/\\\/www.svalbardblues.com\\\/de\\\/svalbard\\\/bedrifter\\\/\"},{\"@type\":\"ListItem\",\"position\":4,\"name\":\"Gemeinderat von Longyearbyen\"}]},{\"@type\":\"WebSite\",\"@id\":\"https:\\\/\\\/www.svalbardblues.com\\\/de\\\/#website\",\"url\":\"https:\\\/\\\/www.svalbardblues.com\\\/de\\\/\",\"name\":\"Dark Season Blues | SVALBARD\",\"description\":\"The World&#039;s Northenmost Blues Festival\",\"publisher\":{\"@id\":\"https:\\\/\\\/www.svalbardblues.com\\\/de\\\/#organization\"},\"potentialAction\":[{\"@type\":\"SearchAction\",\"target\":{\"@type\":\"EntryPoint\",\"urlTemplate\":\"https:\\\/\\\/www.svalbardblues.com\\\/de\\\/?s={search_term_string}\"},\"query-input\":{\"@type\":\"PropertyValueSpecification\",\"valueRequired\":true,\"valueName\":\"search_term_string\"}}],\"inLanguage\":\"de\"},{\"@type\":\"Organization\",\"@id\":\"https:\\\/\\\/www.svalbardblues.com\\\/de\\\/#organization\",\"name\":\"Dark Season Blues\",\"url\":\"https:\\\/\\\/www.svalbardblues.com\\\/de\\\/\",\"logo\":{\"@type\":\"ImageObject\",\"inLanguage\":\"de\",\"@id\":\"https:\\\/\\\/www.svalbardblues.com\\\/de\\\/#\\\/schema\\\/logo\\\/image\\\/\",\"url\":\"https:\\\/\\\/www.svalbardblues.com\\\/wp-content\\\/uploads\\\/2017\\\/06\\\/DSB2017-Illustrasjon-620.jpg\",\"contentUrl\":\"https:\\\/\\\/www.svalbardblues.com\\\/wp-content\\\/uploads\\\/2017\\\/06\\\/DSB2017-Illustrasjon-620.jpg\",\"width\":620,\"height\":488,\"caption\":\"Dark Season Blues\"},\"image\":{\"@id\":\"https:\\\/\\\/www.svalbardblues.com\\\/de\\\/#\\\/schema\\\/logo\\\/image\\\/\"},\"sameAs\":[\"https:\\\/\\\/www.facebook.com\\\/DarkSeasonBlues\",\"https:\\\/\\\/x.com\\\/DarkSeasonBlues\",\"https:\\\/\\\/www.instagram.com\\\/darkseasonblues\\\/\",\"https:\\\/\\\/no.wikipedia.org\\\/wiki\\\/Dark_Season_Blues\"]}]}<\/script>\n<!-- \/ Yoast SEO Premium plugin. -->","yoast_head_json":{"title":"Longyearbyen Gemeindeverwaltung | Longyearbyen | SVALBARD","description":"Die Kommunalverwaltung ist f\u00fcr die Infrastruktur, das Gemeinwesen, die Fl\u00e4chennutzungs- und Finanzplanung, die Wirtschaftsarbeit, die Entwicklung und die Koordinierung der kommunalen Dienstleistungen zust\u00e4ndig.","robots":{"index":"index","follow":"follow","max-snippet":"max-snippet:-1","max-image-preview":"max-image-preview:large","max-video-preview":"max-video-preview:-1"},"canonical":"https:\/\/www.svalbardblues.com\/de\/svalbard\/bedrifter\/longyearbyen-lokalstyre\/","og_locale":"de_DE","og_type":"article","og_title":"Gemeinderat von Longyearbyen","og_description":"Die Kommunalverwaltung ist f\u00fcr die Infrastruktur, das Gemeinwesen, die Fl\u00e4chennutzungs- und Finanzplanung, die Wirtschaftsarbeit, die Entwicklung und die Koordinierung der kommunalen Dienstleistungen zust\u00e4ndig.","og_url":"https:\/\/www.svalbardblues.com\/de\/svalbard\/bedrifter\/longyearbyen-lokalstyre\/","og_site_name":"Dark Season Blues | SVALBARD","article_publisher":"https:\/\/www.facebook.com\/DarkSeasonBlues","article_modified_time":"2025-06-05T09:19:27+00:00","og_image":[{"width":900,"height":350,"url":"https:\/\/www.svalbardblues.com\/wp-content\/uploads\/2017\/10\/DSB2017-Illustrasjon-900-350.jpg","type":"image\/jpeg"}],"twitter_misc":{"Gesch\u00e4tzte Lesezeit":"6\u00a0Minuten"},"schema":{"@context":"https:\/\/schema.org","@graph":[{"@type":"WebPage","@id":"https:\/\/www.svalbardblues.com\/de\/svalbard\/bedrifter\/longyearbyen-lokalstyre\/","url":"https:\/\/www.svalbardblues.com\/de\/svalbard\/bedrifter\/longyearbyen-lokalstyre\/","name":"Longyearbyen Gemeindeverwaltung | Longyearbyen | SVALBARD","isPartOf":{"@id":"https:\/\/www.svalbardblues.com\/de\/#website"},"datePublished":"2011-12-20T22:48:38+00:00","dateModified":"2025-06-05T09:19:27+00:00","description":"Die Kommunalverwaltung ist f\u00fcr die Infrastruktur, das Gemeinwesen, die Fl\u00e4chennutzungs- und Finanzplanung, die Wirtschaftsarbeit, die Entwicklung und die Koordinierung der kommunalen Dienstleistungen zust\u00e4ndig.","breadcrumb":{"@id":"https:\/\/www.svalbardblues.com\/de\/svalbard\/bedrifter\/longyearbyen-lokalstyre\/#breadcrumb"},"inLanguage":"de","potentialAction":[{"@type":"ReadAction","target":["https:\/\/www.svalbardblues.com\/de\/svalbard\/bedrifter\/longyearbyen-lokalstyre\/"]}]},{"@type":"BreadcrumbList","@id":"https:\/\/www.svalbardblues.com\/de\/svalbard\/bedrifter\/longyearbyen-lokalstyre\/#breadcrumb","itemListElement":[{"@type":"ListItem","position":1,"name":"Hjem","item":"https:\/\/www.svalbardblues.com\/de\/"},{"@type":"ListItem","position":2,"name":"Svalbard, Fakten und Informationen","item":"https:\/\/www.svalbardblues.com\/de\/svalbard\/"},{"@type":"ListItem","position":3,"name":"Unternehmen | Svalbard und Longyearbyen","item":"https:\/\/www.svalbardblues.com\/de\/svalbard\/bedrifter\/"},{"@type":"ListItem","position":4,"name":"Gemeinderat von Longyearbyen"}]},{"@type":"WebSite","@id":"https:\/\/www.svalbardblues.com\/de\/#website","url":"https:\/\/www.svalbardblues.com\/de\/","name":"Dark Season Blues | SVALBARD","description":"The World&#039;s Northenmost Blues Festival","publisher":{"@id":"https:\/\/www.svalbardblues.com\/de\/#organization"},"potentialAction":[{"@type":"SearchAction","target":{"@type":"EntryPoint","urlTemplate":"https:\/\/www.svalbardblues.com\/de\/?s={search_term_string}"},"query-input":{"@type":"PropertyValueSpecification","valueRequired":true,"valueName":"search_term_string"}}],"inLanguage":"de"},{"@type":"Organization","@id":"https:\/\/www.svalbardblues.com\/de\/#organization","name":"Dark Season Blues","url":"https:\/\/www.svalbardblues.com\/de\/","logo":{"@type":"ImageObject","inLanguage":"de","@id":"https:\/\/www.svalbardblues.com\/de\/#\/schema\/logo\/image\/","url":"https:\/\/www.svalbardblues.com\/wp-content\/uploads\/2017\/06\/DSB2017-Illustrasjon-620.jpg","contentUrl":"https:\/\/www.svalbardblues.com\/wp-content\/uploads\/2017\/06\/DSB2017-Illustrasjon-620.jpg","width":620,"height":488,"caption":"Dark Season Blues"},"image":{"@id":"https:\/\/www.svalbardblues.com\/de\/#\/schema\/logo\/image\/"},"sameAs":["https:\/\/www.facebook.com\/DarkSeasonBlues","https:\/\/x.com\/DarkSeasonBlues","https:\/\/www.instagram.com\/darkseasonblues\/","https:\/\/no.wikipedia.org\/wiki\/Dark_Season_Blues"]}]}},"_links":{"self":[{"href":"https:\/\/www.svalbardblues.com\/de\/wp-json\/wp\/v2\/pages\/23902","targetHints":{"allow":["GET"]}}],"collection":[{"href":"https:\/\/www.svalbardblues.com\/de\/wp-json\/wp\/v2\/pages"}],"about":[{"href":"https:\/\/www.svalbardblues.com\/de\/wp-json\/wp\/v2\/types\/page"}],"author":[{"embeddable":true,"href":"https:\/\/www.svalbardblues.com\/de\/wp-json\/wp\/v2\/users\/1"}],"replies":[{"embeddable":true,"href":"https:\/\/www.svalbardblues.com\/de\/wp-json\/wp\/v2\/comments?post=23902"}],"version-history":[{"count":1,"href":"https:\/\/www.svalbardblues.com\/de\/wp-json\/wp\/v2\/pages\/23902\/revisions"}],"predecessor-version":[{"id":23912,"href":"https:\/\/www.svalbardblues.com\/de\/wp-json\/wp\/v2\/pages\/23902\/revisions\/23912"}],"up":[{"embeddable":true,"href":"https:\/\/www.svalbardblues.com\/de\/wp-json\/wp\/v2\/pages\/23911"}],"wp:attachment":[{"href":"https:\/\/www.svalbardblues.com\/de\/wp-json\/wp\/v2\/media?parent=23902"}],"curies":[{"name":"wp","href":"https:\/\/api.w.org\/{rel}","templated":true}]}}