{"id":23903,"date":"2011-12-20T23:44:59","date_gmt":"2011-12-20T23:44:59","guid":{"rendered":"https:\/\/www.svalbardblues.com\/kongsberg-satellite-services\/"},"modified":"2025-06-05T09:19:27","modified_gmt":"2025-06-05T09:19:27","slug":"kongsberg-satellite-services","status":"publish","type":"page","link":"https:\/\/www.svalbardblues.com\/de\/svalbard\/bedrifter\/kongsberg-satellite-services\/","title":{"rendered":"Kongsberg Satellitendienste"},"content":{"rendered":"<p>[sfwp id=&#8220;151&#8243; img=&#8220;itemtype.png&#8220;]<\/p>\n<figure id=\"attachment_4141\" aria-describedby=\"caption-attachment-4141\" style=\"width: 872px\" class=\"wp-caption aligncenter\"><img fetchpriority=\"high\" decoding=\"async\" class=\"size-full wp-image-4141\" title=\"Kongsberg Satelitte Service\" src=\"https:\/\/www.svalbardblues.com\/wp-content\/uploads\/2011\/11\/Kongsberg_svalsat_882.jpg\" alt=\"Die Kongsberg Satelitte Serviceabteilung Svalbard - SvalSat befindet sich auf dem Plat\u00e5fjellet au\u00dferhalb von Longyearbyen\" width=\"882\" height=\"516\" srcset=\"https:\/\/www.svalbardblues.com\/wp-content\/uploads\/2011\/11\/Kongsberg_svalsat_882.jpg 882w, https:\/\/www.svalbardblues.com\/wp-content\/uploads\/2011\/11\/Kongsberg_svalsat_882-600x351.jpg 600w, https:\/\/www.svalbardblues.com\/wp-content\/uploads\/2011\/11\/Kongsberg_svalsat_882-300x175.jpg 300w\" sizes=\"(max-width: 882px) 100vw, 882px\" \/><figcaption id=\"caption-attachment-4141\" class=\"wp-caption-text\">Svalsat<\/figcaption><\/figure>\n<p><strong>Svalbard Satellite Services, SvalSat<\/strong><br \/>\nPlat\u00e5berget<br \/>\nPB 458<br \/>\n9171 LONGYEARBYEN<\/p>\n<p>Internet: www.ksat.no<br \/>\nTelefon: (+47) 79 02 25 55<br \/>\nTelefax: (+47) 79 02 37 81<\/p>\n<p>&nbsp;<\/p>\n<h3>[sfwp id=&#8220;404&#8243; img=&#8220;itemprop.png&#8220;]Svalbard-Satellitenstation (Svalsat)[sfwp id=&#8220;2&#8243; img=&#8220;closespan.png&#8220;]<\/h3>\n<figure id=\"attachment_4143\" aria-describedby=\"caption-attachment-4143\" style=\"width: 240px\" class=\"wp-caption alignright\"><img decoding=\"async\" class=\"size-full wp-image-4143\" title=\"Gerollt\" src=\"https:\/\/www.svalbardblues.com\/wp-content\/uploads\/2011\/06\/Kongsberg_svalsat_250.jpg\" itemprop=\"image\" alt=\"Kongsberg Satelitte Service, Svalsat auf dem Plateauberg au\u00dferhalb von Longyearbyen auf Svalbard\" width=\"250\" height=\"188\"><figcaption id=\"caption-attachment-4143\" class=\"wp-caption-text\">Svalsat<\/figcaption><\/figure>\n<p>Svalbard Satellite Station (SvalSat) wurde 1996 gegr\u00fcndet und ist heute die gr\u00f6\u00dfte kommerzielle Bodenstation der Welt mit mehr als 31 hochmodernen Multi-Missions- und kundenspezifischen Antennensystemen im C-, L-, S- und X-Band.<\/p>\n<p>SvalSat befindet sich auf 78\u00b0N (1200 km s\u00fcdlich des Nordpols) auf Spitzbergen und gilt als die am besten gelegene Bodenstation der Welt f\u00fcr die Satellitensteuerung. Die extrem n\u00f6rdliche Lage auf dem Svalbard-Archipel verleiht SvalSat seine einzigartige und g\u00fcnstige Position. Die Satellitenabdeckung auf diesem Breitengrad bietet einzigartige M\u00f6glichkeiten, und SvalSat ist die einzige kommerzielle Bodenstation der Welt, die Eigent\u00fcmern und Betreibern von Satelliten in polaren Umlaufbahnen All-Orbit-Support (14 von 14 Orbits) bieten kann.  <\/p>\n<p>Heute verf\u00fcgt SvalSat \u00fcber ein hochmodernes Stationsgeb\u00e4ude, das von einem Team erfahrener Ingenieure und Betreiber rund um die Uhr an 365 Tagen im Jahr betrieben wird. Der Standort von SvalSat bietet ein hohes Ma\u00df an Flexibilit\u00e4t f\u00fcr unsere Kunden und verf\u00fcgt \u00fcber ein enormes Potenzial f\u00fcr eine weitere Expansion. <\/p>\n<p>Im Jahr 2004 wurde eine redundante Glasfaserverbindung zwischen Svalbard und dem norwegischen Festland eingerichtet. Das Glasfaserinfrastrukturprojekt wurde initiiert, um unseren Kunden hochleistungsf\u00e4hige und kosteneffiziente Kommunikationsl\u00f6sungen zu bieten. Die Glasfaserkommunikation ist anpassungsf\u00e4hig und KSAT kann eine ma\u00dfgeschneiderte L\u00f6sung von der Bodenstation bis zu den Kundenstandorten anbieten.  <\/p>\n<p>Beim Betrieb einer hochtechnischen Satellitenbodenstation in der Arktis oder Antarktis sind Kontinuit\u00e4t und Erfahrung wichtige Faktoren, um das erforderliche Leistungsniveau aufrechtzuerhalten. Die arktischen Bodenstationen von KSAT sind jederzeit mit hochqualifizierten Betriebsingenieuren besetzt. Die antarktische TrollSat-Station von KSAT wird von Troms\u00f8 aus ferngesteuert und ist das ganze Jahr \u00fcber f\u00fcr technische Korrekturen und vorbeugende Wartungsarbeiten vor Ort besetzt. Die Betriebsingenieure von KSAT verf\u00fcgen \u00fcber umfassende Erfahrungen in den Bereichen Technik und Wartung. In einer polaren Umgebung sind besondere Kompetenzen erforderlich, um die Sicherheit des Personals zu gew\u00e4hrleisten. KSAT befasst sich kontinuierlich mit diesen Fragen und bietet jedem Mitarbeiter eine angemessene Ausbildung. KSAT ist nach der Norm ISO 9001:2000 zertifiziert.      <\/p>\n<h3>\u00dcber Kongsberg Satellite Service<\/h3>\n<p>Kongsberg Satellite Services AS (KSAT) ist ein kommerzielles norwegisches Unternehmen, das einzigartig positioniert ist, um Bodenstationen und Erdbeobachtungsdienste f\u00fcr polarumlaufende Satelliten anzubieten. Mit drei miteinander verbundenen polaren Bodenstationen &#8211; Troms\u00f8 auf 69\u00b0N, Svalbard (SvalSat) auf 78\u00b0N und der antarktischen TrollSat Station auf 72\u00b0S &#8211; und einem wachsenden Netzwerk in mittleren Breitengraden betreibt KSAT \u00fcber 50 Antennen, die optimal f\u00fcr den Zugang zu polaren Umlaufbahnen positioniert sind. KSAT unterst\u00fctzt mehr als 60 Satelliten, darunter hochaufl\u00f6sende Radarsatelliten mit synthetischer Apertur (SAR) und elektro-optische Satelliten, die es uns erm\u00f6glichen, Erdbeobachtungsdaten und -dienste f\u00fcr eine Vielzahl von Kunden bereitzustellen. Das Network Operations Centre in Troms\u00f8 ist rund um die Uhr an 365 Tagen besetzt und betreibt Einrichtungen auf der ganzen Welt als ein einziges zusammenh\u00e4ngendes Netzwerk.   <\/p>\n<p>F\u00fcr Satellitenbesitzer bietet KSAT eine einzigartige Pol-zu-Pol-Abdeckung, einschlie\u00dflich der gr\u00f6\u00dften Bodenstation der Welt in Svalbard &#8211; die einzige kommerzielle Bodenstation der Welt, die einen All-Orbit-Support (14 \u00dcberg\u00e4nge pro Tag) bieten kann. KSAT bietet unter anderem folgende Dienste an: <\/p>\n<p>Telemetrie-, Ortungs- und Kommandodienste (TT&amp;C)<br \/>\nStart und Unterst\u00fctzung der fr\u00fchen Orbitphase (LEOP)<br \/>\nDatenerfassung, -verarbeitung, -verteilung und -archivierung<br \/>\nHosting und Betrieb von Customer Furnished Equipment (CFE)<\/p>\n<p>KSAT hat bereits in den 1960er Jahren anspruchsvolle Erdbeobachtungsdienste angeboten. Die lange K\u00fcstenlinie und die Herausforderungen, die mit der \u00dcberwachung bei schlechten Wetterbedingungen und anhaltender Dunkelheit verbunden sind, haben Norwegen zu einem fr\u00fchen Anwender der SAR-Technologie gemacht. Der KSAT-Dienst zur Erkennung von \u00d6lverschmutzungen ist seit \u00fcber einem Jahrzehnt in Betrieb und unsere erfahrenen Mitarbeiter liefern der Erd\u00f6lindustrie und den staatlichen Aufsichtsbeh\u00f6rden auf der ganzen Welt schnelle und hochwertige Analysen. Die Hauptkr\u00e4fte von KSATs Erdbeobachtungsdiensten sind:   <\/p>\n<p>Maritimes Situationsbewusstsein<br \/>\nMulti-Mission Rapid Response.<\/p>\n<p>Die Hauptgesch\u00e4ftsstelle von KSAT befindet sich in Troms\u00f8 und besch\u00e4ftigt heute 87 der insgesamt 113 Mitarbeiter von KSAT. Die restlichen 26 sind in der SvalSat-Bodenstation (22) auf Svalbard und in unserem Vertriebsb\u00fcro in Oslo (4) t\u00e4tig. <\/p>\n<p>KSAT geh\u00f6rt zu 50 % Kongsberg und zu 50 % Norwegian Space Centre Properties &#8211; ein Unternehmen, das vollst\u00e4ndig dem norwegischen Ministerium f\u00fcr Handel und Industrie geh\u00f6rt und von Norsk Romsenter (Norwegisches Raumfahrtzentrum) verwaltet wird.<\/p>\n<p>Das Norwegische Raumfahrtzentrum<br \/>\nDas Norwegische Raumfahrtzentrum ist eine staatliche Einrichtung, die dem Ministerium f\u00fcr Handel und Industrie untersteht. Das Zentrum bietet der Europ\u00e4ischen Weltraumorganisation strategische Beratung und ist f\u00fcr die norwegische Raumfahrtpolitik, die industrielle Entwicklung und die Raumfahrtinfrastruktur zust\u00e4ndig. <\/p>\n<p>Kongsberg<br \/>\nKongsberg ist ein internationaler, wissensbasierter Konzern, der Hochtechnologie-Systeme und -L\u00f6sungen f\u00fcr Kunden in der \u00d6l- und Gasindustrie, der Handelsmarine, der Verteidigungs- und Luftfahrtindustrie liefert.<\/p>\n<p>Unser Erfolg beruht nicht nur auf unserer idealen polaren Lage und den bemerkenswerten Einrichtungen, die wir betreiben. Wir sind stolz darauf, unsere Kunden zu verstehen und mit ihnen zusammenzuarbeiten, um das volle Ausma\u00df dessen zu erreichen, was mit moderner Technologie m\u00f6glich ist. Unsere Dienstleistungen wurden in iterativer Teamarbeit mit den Endbenutzern entwickelt, wobei wir unseren Ansatz in Partnerschaft mit ihren Bed\u00fcrfnissen verfeinert haben. Im Laufe der Zeit ist es das Engagement unserer Mitarbeiter, unsere Kunden zu begeistern, das unsere Leistungen aufrecht erh\u00e4lt. Wir sind stolz darauf, dass trotz unserer High-Tech-Branche unser Slogan angemessen ist: \u201eWeltklasse durch Menschen, Technologie und Engagement\u201c &#8211; in dieser Reihenfolge.    <\/p>\n<p>[sfwp id=&#8220;1&#8243; img=&#8220;closediv.png&#8220;]<\/p>\n","protected":false},"excerpt":{"rendered":"<p>[sfwp id=&#8220;151&#8243; img=&#8220;itemtype.png&#8220;] Svalbard Satellite Services, SvalSat Plat\u00e5berget PB 458 9171 LONGYEARBYEN Internet: www.ksat.no Telefon: (+47) 79 02 25 55 Telefax: (+47) 79 02 37 81 &nbsp; [sfwp id=&#8220;404&#8243; img=&#8220;itemprop.png&#8220;]Svalbard-Satellitenstation (Svalsat)[sfwp id=&#8220;2&#8243; img=&#8220;closespan.png&#8220;] Svalbard Satellite Station (SvalSat) wurde 1996 gegr\u00fcndet und ist heute die gr\u00f6\u00dfte kommerzielle Bodenstation der Welt mit mehr als 31 hochmodernen Multi-Missions- &#8230; <\/p>\n<p class=\"read-more-container\"><a title=\"Kongsberg Satellitendienste\" class=\"read-more button\" href=\"https:\/\/www.svalbardblues.com\/de\/svalbard\/bedrifter\/kongsberg-satellite-services\/#more-23903\" aria-label=\"Mehr Informationen \u00fcber Kongsberg Satellitendienste\">Read more<\/a><\/p>\n","protected":false},"author":1,"featured_media":0,"parent":23911,"menu_order":0,"comment_status":"closed","ping_status":"closed","template":"","meta":{"inline_featured_image":false,"footnotes":""},"class_list":["post-23903","page","type-page","status-publish"],"yoast_head":"<!-- This site is optimized with the Yoast SEO Premium plugin v26.2 (Yoast SEO v27.5) - https:\/\/yoast.com\/product\/yoast-seo-premium-wordpress\/ -->\n<title>Kongsberg Satellite Services | SvalSat | Longyearbyen | SVALBARD<\/title>\n<meta name=\"description\" content=\"Svalsat. Die Satellitenstation ruft Daten von Satelliten in polaren Umlaufbahnen ab und sendet Anweisungen an diese. Die Station wird von Kongsberg Satellite Services AS betrieben.\" \/>\n<meta name=\"robots\" content=\"index, follow, max-snippet:-1, max-image-preview:large, max-video-preview:-1\" \/>\n<link rel=\"canonical\" href=\"https:\/\/www.svalbardblues.com\/de\/svalbard\/bedrifter\/kongsberg-satellite-services\/\" \/>\n<meta property=\"og:locale\" content=\"de_DE\" \/>\n<meta property=\"og:type\" content=\"article\" \/>\n<meta property=\"og:title\" content=\"Kongsberg Satellitendienste\" \/>\n<meta property=\"og:description\" content=\"Svalsat. Die Satellitenstation ruft Daten von Satelliten in polaren Umlaufbahnen ab und sendet Anweisungen an diese. Die Station wird von Kongsberg Satellite Services AS betrieben.\" \/>\n<meta property=\"og:url\" content=\"https:\/\/www.svalbardblues.com\/de\/svalbard\/bedrifter\/kongsberg-satellite-services\/\" \/>\n<meta property=\"og:site_name\" content=\"Dark Season Blues | SVALBARD\" \/>\n<meta property=\"article:publisher\" content=\"https:\/\/www.facebook.com\/DarkSeasonBlues\" \/>\n<meta property=\"article:modified_time\" content=\"2025-06-05T09:19:27+00:00\" \/>\n<meta property=\"og:image\" content=\"https:\/\/www.svalbardblues.com\/wp-content\/uploads\/2011\/11\/Kongsberg_svalsat_882.jpg\" \/>\n\t<meta property=\"og:image:width\" content=\"882\" \/>\n\t<meta property=\"og:image:height\" content=\"516\" \/>\n\t<meta property=\"og:image:type\" content=\"image\/jpeg\" \/>\n<meta name=\"twitter:label1\" content=\"Gesch\u00e4tzte Lesezeit\" \/>\n\t<meta name=\"twitter:data1\" content=\"5\u00a0Minuten\" \/>\n<script type=\"application\/ld+json\" class=\"yoast-schema-graph\">{\"@context\":\"https:\\\/\\\/schema.org\",\"@graph\":[{\"@type\":\"WebPage\",\"@id\":\"https:\\\/\\\/www.svalbardblues.com\\\/de\\\/svalbard\\\/bedrifter\\\/kongsberg-satellite-services\\\/\",\"url\":\"https:\\\/\\\/www.svalbardblues.com\\\/de\\\/svalbard\\\/bedrifter\\\/kongsberg-satellite-services\\\/\",\"name\":\"Kongsberg Satellite Services | SvalSat | Longyearbyen | SVALBARD\",\"isPartOf\":{\"@id\":\"https:\\\/\\\/www.svalbardblues.com\\\/de\\\/#website\"},\"primaryImageOfPage\":{\"@id\":\"https:\\\/\\\/www.svalbardblues.com\\\/de\\\/svalbard\\\/bedrifter\\\/kongsberg-satellite-services\\\/#primaryimage\"},\"image\":{\"@id\":\"https:\\\/\\\/www.svalbardblues.com\\\/de\\\/svalbard\\\/bedrifter\\\/kongsberg-satellite-services\\\/#primaryimage\"},\"thumbnailUrl\":\"https:\\\/\\\/www.svalbardblues.com\\\/wp-content\\\/uploads\\\/2011\\\/11\\\/Kongsberg_svalsat_882.jpg\",\"datePublished\":\"2011-12-20T23:44:59+00:00\",\"dateModified\":\"2025-06-05T09:19:27+00:00\",\"description\":\"Svalsat. Die Satellitenstation ruft Daten von Satelliten in polaren Umlaufbahnen ab und sendet Anweisungen an diese. Die Station wird von Kongsberg Satellite Services AS betrieben.\",\"breadcrumb\":{\"@id\":\"https:\\\/\\\/www.svalbardblues.com\\\/de\\\/svalbard\\\/bedrifter\\\/kongsberg-satellite-services\\\/#breadcrumb\"},\"inLanguage\":\"de\",\"potentialAction\":[{\"@type\":\"ReadAction\",\"target\":[\"https:\\\/\\\/www.svalbardblues.com\\\/de\\\/svalbard\\\/bedrifter\\\/kongsberg-satellite-services\\\/\"]}]},{\"@type\":\"ImageObject\",\"inLanguage\":\"de\",\"@id\":\"https:\\\/\\\/www.svalbardblues.com\\\/de\\\/svalbard\\\/bedrifter\\\/kongsberg-satellite-services\\\/#primaryimage\",\"url\":\"https:\\\/\\\/www.svalbardblues.com\\\/wp-content\\\/uploads\\\/2011\\\/11\\\/Kongsberg_svalsat_882.jpg\",\"contentUrl\":\"https:\\\/\\\/www.svalbardblues.com\\\/wp-content\\\/uploads\\\/2011\\\/11\\\/Kongsberg_svalsat_882.jpg\"},{\"@type\":\"BreadcrumbList\",\"@id\":\"https:\\\/\\\/www.svalbardblues.com\\\/de\\\/svalbard\\\/bedrifter\\\/kongsberg-satellite-services\\\/#breadcrumb\",\"itemListElement\":[{\"@type\":\"ListItem\",\"position\":1,\"name\":\"Hjem\",\"item\":\"https:\\\/\\\/www.svalbardblues.com\\\/de\\\/\"},{\"@type\":\"ListItem\",\"position\":2,\"name\":\"Svalbard, Fakten und Informationen\",\"item\":\"https:\\\/\\\/www.svalbardblues.com\\\/de\\\/svalbard\\\/\"},{\"@type\":\"ListItem\",\"position\":3,\"name\":\"Unternehmen | Svalbard und Longyearbyen\",\"item\":\"https:\\\/\\\/www.svalbardblues.com\\\/de\\\/svalbard\\\/bedrifter\\\/\"},{\"@type\":\"ListItem\",\"position\":4,\"name\":\"Kongsberg Satellitendienste\"}]},{\"@type\":\"WebSite\",\"@id\":\"https:\\\/\\\/www.svalbardblues.com\\\/de\\\/#website\",\"url\":\"https:\\\/\\\/www.svalbardblues.com\\\/de\\\/\",\"name\":\"Dark Season Blues | SVALBARD\",\"description\":\"The World&#039;s Northenmost Blues Festival\",\"publisher\":{\"@id\":\"https:\\\/\\\/www.svalbardblues.com\\\/de\\\/#organization\"},\"potentialAction\":[{\"@type\":\"SearchAction\",\"target\":{\"@type\":\"EntryPoint\",\"urlTemplate\":\"https:\\\/\\\/www.svalbardblues.com\\\/de\\\/?s={search_term_string}\"},\"query-input\":{\"@type\":\"PropertyValueSpecification\",\"valueRequired\":true,\"valueName\":\"search_term_string\"}}],\"inLanguage\":\"de\"},{\"@type\":\"Organization\",\"@id\":\"https:\\\/\\\/www.svalbardblues.com\\\/de\\\/#organization\",\"name\":\"Dark Season Blues\",\"url\":\"https:\\\/\\\/www.svalbardblues.com\\\/de\\\/\",\"logo\":{\"@type\":\"ImageObject\",\"inLanguage\":\"de\",\"@id\":\"https:\\\/\\\/www.svalbardblues.com\\\/de\\\/#\\\/schema\\\/logo\\\/image\\\/\",\"url\":\"https:\\\/\\\/www.svalbardblues.com\\\/wp-content\\\/uploads\\\/2017\\\/06\\\/DSB2017-Illustrasjon-620.jpg\",\"contentUrl\":\"https:\\\/\\\/www.svalbardblues.com\\\/wp-content\\\/uploads\\\/2017\\\/06\\\/DSB2017-Illustrasjon-620.jpg\",\"width\":620,\"height\":488,\"caption\":\"Dark Season Blues\"},\"image\":{\"@id\":\"https:\\\/\\\/www.svalbardblues.com\\\/de\\\/#\\\/schema\\\/logo\\\/image\\\/\"},\"sameAs\":[\"https:\\\/\\\/www.facebook.com\\\/DarkSeasonBlues\",\"https:\\\/\\\/x.com\\\/DarkSeasonBlues\",\"https:\\\/\\\/www.instagram.com\\\/darkseasonblues\\\/\",\"https:\\\/\\\/no.wikipedia.org\\\/wiki\\\/Dark_Season_Blues\"]}]}<\/script>\n<!-- \/ Yoast SEO Premium plugin. -->","yoast_head_json":{"title":"Kongsberg Satellite Services | SvalSat | Longyearbyen | SVALBARD","description":"Svalsat. Die Satellitenstation ruft Daten von Satelliten in polaren Umlaufbahnen ab und sendet Anweisungen an diese. Die Station wird von Kongsberg Satellite Services AS betrieben.","robots":{"index":"index","follow":"follow","max-snippet":"max-snippet:-1","max-image-preview":"max-image-preview:large","max-video-preview":"max-video-preview:-1"},"canonical":"https:\/\/www.svalbardblues.com\/de\/svalbard\/bedrifter\/kongsberg-satellite-services\/","og_locale":"de_DE","og_type":"article","og_title":"Kongsberg Satellitendienste","og_description":"Svalsat. Die Satellitenstation ruft Daten von Satelliten in polaren Umlaufbahnen ab und sendet Anweisungen an diese. Die Station wird von Kongsberg Satellite Services AS betrieben.","og_url":"https:\/\/www.svalbardblues.com\/de\/svalbard\/bedrifter\/kongsberg-satellite-services\/","og_site_name":"Dark Season Blues | SVALBARD","article_publisher":"https:\/\/www.facebook.com\/DarkSeasonBlues","article_modified_time":"2025-06-05T09:19:27+00:00","og_image":[{"width":882,"height":516,"url":"https:\/\/www.svalbardblues.com\/wp-content\/uploads\/2011\/11\/Kongsberg_svalsat_882.jpg","type":"image\/jpeg"}],"twitter_misc":{"Gesch\u00e4tzte Lesezeit":"5\u00a0Minuten"},"schema":{"@context":"https:\/\/schema.org","@graph":[{"@type":"WebPage","@id":"https:\/\/www.svalbardblues.com\/de\/svalbard\/bedrifter\/kongsberg-satellite-services\/","url":"https:\/\/www.svalbardblues.com\/de\/svalbard\/bedrifter\/kongsberg-satellite-services\/","name":"Kongsberg Satellite Services | SvalSat | Longyearbyen | SVALBARD","isPartOf":{"@id":"https:\/\/www.svalbardblues.com\/de\/#website"},"primaryImageOfPage":{"@id":"https:\/\/www.svalbardblues.com\/de\/svalbard\/bedrifter\/kongsberg-satellite-services\/#primaryimage"},"image":{"@id":"https:\/\/www.svalbardblues.com\/de\/svalbard\/bedrifter\/kongsberg-satellite-services\/#primaryimage"},"thumbnailUrl":"https:\/\/www.svalbardblues.com\/wp-content\/uploads\/2011\/11\/Kongsberg_svalsat_882.jpg","datePublished":"2011-12-20T23:44:59+00:00","dateModified":"2025-06-05T09:19:27+00:00","description":"Svalsat. Die Satellitenstation ruft Daten von Satelliten in polaren Umlaufbahnen ab und sendet Anweisungen an diese. Die Station wird von Kongsberg Satellite Services AS betrieben.","breadcrumb":{"@id":"https:\/\/www.svalbardblues.com\/de\/svalbard\/bedrifter\/kongsberg-satellite-services\/#breadcrumb"},"inLanguage":"de","potentialAction":[{"@type":"ReadAction","target":["https:\/\/www.svalbardblues.com\/de\/svalbard\/bedrifter\/kongsberg-satellite-services\/"]}]},{"@type":"ImageObject","inLanguage":"de","@id":"https:\/\/www.svalbardblues.com\/de\/svalbard\/bedrifter\/kongsberg-satellite-services\/#primaryimage","url":"https:\/\/www.svalbardblues.com\/wp-content\/uploads\/2011\/11\/Kongsberg_svalsat_882.jpg","contentUrl":"https:\/\/www.svalbardblues.com\/wp-content\/uploads\/2011\/11\/Kongsberg_svalsat_882.jpg"},{"@type":"BreadcrumbList","@id":"https:\/\/www.svalbardblues.com\/de\/svalbard\/bedrifter\/kongsberg-satellite-services\/#breadcrumb","itemListElement":[{"@type":"ListItem","position":1,"name":"Hjem","item":"https:\/\/www.svalbardblues.com\/de\/"},{"@type":"ListItem","position":2,"name":"Svalbard, Fakten und Informationen","item":"https:\/\/www.svalbardblues.com\/de\/svalbard\/"},{"@type":"ListItem","position":3,"name":"Unternehmen | Svalbard und Longyearbyen","item":"https:\/\/www.svalbardblues.com\/de\/svalbard\/bedrifter\/"},{"@type":"ListItem","position":4,"name":"Kongsberg Satellitendienste"}]},{"@type":"WebSite","@id":"https:\/\/www.svalbardblues.com\/de\/#website","url":"https:\/\/www.svalbardblues.com\/de\/","name":"Dark Season Blues | SVALBARD","description":"The World&#039;s Northenmost Blues Festival","publisher":{"@id":"https:\/\/www.svalbardblues.com\/de\/#organization"},"potentialAction":[{"@type":"SearchAction","target":{"@type":"EntryPoint","urlTemplate":"https:\/\/www.svalbardblues.com\/de\/?s={search_term_string}"},"query-input":{"@type":"PropertyValueSpecification","valueRequired":true,"valueName":"search_term_string"}}],"inLanguage":"de"},{"@type":"Organization","@id":"https:\/\/www.svalbardblues.com\/de\/#organization","name":"Dark Season Blues","url":"https:\/\/www.svalbardblues.com\/de\/","logo":{"@type":"ImageObject","inLanguage":"de","@id":"https:\/\/www.svalbardblues.com\/de\/#\/schema\/logo\/image\/","url":"https:\/\/www.svalbardblues.com\/wp-content\/uploads\/2017\/06\/DSB2017-Illustrasjon-620.jpg","contentUrl":"https:\/\/www.svalbardblues.com\/wp-content\/uploads\/2017\/06\/DSB2017-Illustrasjon-620.jpg","width":620,"height":488,"caption":"Dark Season Blues"},"image":{"@id":"https:\/\/www.svalbardblues.com\/de\/#\/schema\/logo\/image\/"},"sameAs":["https:\/\/www.facebook.com\/DarkSeasonBlues","https:\/\/x.com\/DarkSeasonBlues","https:\/\/www.instagram.com\/darkseasonblues\/","https:\/\/no.wikipedia.org\/wiki\/Dark_Season_Blues"]}]}},"_links":{"self":[{"href":"https:\/\/www.svalbardblues.com\/de\/wp-json\/wp\/v2\/pages\/23903","targetHints":{"allow":["GET"]}}],"collection":[{"href":"https:\/\/www.svalbardblues.com\/de\/wp-json\/wp\/v2\/pages"}],"about":[{"href":"https:\/\/www.svalbardblues.com\/de\/wp-json\/wp\/v2\/types\/page"}],"author":[{"embeddable":true,"href":"https:\/\/www.svalbardblues.com\/de\/wp-json\/wp\/v2\/users\/1"}],"replies":[{"embeddable":true,"href":"https:\/\/www.svalbardblues.com\/de\/wp-json\/wp\/v2\/comments?post=23903"}],"version-history":[{"count":1,"href":"https:\/\/www.svalbardblues.com\/de\/wp-json\/wp\/v2\/pages\/23903\/revisions"}],"predecessor-version":[{"id":23916,"href":"https:\/\/www.svalbardblues.com\/de\/wp-json\/wp\/v2\/pages\/23903\/revisions\/23916"}],"up":[{"embeddable":true,"href":"https:\/\/www.svalbardblues.com\/de\/wp-json\/wp\/v2\/pages\/23911"}],"wp:attachment":[{"href":"https:\/\/www.svalbardblues.com\/de\/wp-json\/wp\/v2\/media?parent=23903"}],"curies":[{"name":"wp","href":"https:\/\/api.w.org\/{rel}","templated":true}]}}