{"id":23905,"date":"2011-12-20T23:49:51","date_gmt":"2011-12-20T23:49:51","guid":{"rendered":"https:\/\/www.svalbardblues.com\/svalbard-reiseliv\/"},"modified":"2025-06-05T09:19:27","modified_gmt":"2025-06-05T09:19:27","slug":"svalbard-reiseliv","status":"publish","type":"page","link":"https:\/\/www.svalbardblues.com\/de\/svalbard\/bedrifter\/svalbard-reiseliv\/","title":{"rendered":"Svalbard Reiseliv &#8211; Touristeninformation"},"content":{"rendered":"<figure id=\"attachment_1497\" aria-describedby=\"caption-attachment-1497\" style=\"width: 872px\" class=\"wp-caption aligncenter\"><img fetchpriority=\"high\" decoding=\"async\" src=\"https:\/\/www.svalbardblues.com\/wp-content\/uploads\/2011\/04\/svalbard_turist_882x516.png\" alt=\"Svalbard Reiseliv ist das Reiseunternehmen auf Svalbard\" title=\"Svalbard Reiseliv\" width=\"882\" height=\"516\" class=\"size-full wp-image-1497\" srcset=\"https:\/\/www.svalbardblues.com\/wp-content\/uploads\/2011\/04\/svalbard_turist_882x516.png 882w, https:\/\/www.svalbardblues.com\/wp-content\/uploads\/2011\/04\/svalbard_turist_882x516-600x351.png 600w, https:\/\/www.svalbardblues.com\/wp-content\/uploads\/2011\/04\/svalbard_turist_882x516-300x175.png 300w\" sizes=\"(max-width: 882px) 100vw, 882px\" \/><figcaption id=\"caption-attachment-1497\" class=\"wp-caption-text\">Svalbard Reiseliv<\/figcaption><\/figure>\n<h2>Svalbard Reiseliv AS<\/h2>\n<p>9171 Longyearbyen<br \/>\nRufnummer: 4779025550<br \/>\nWebsite: <a href=\"http:\/\/www.svalbard.net\" target=\"_blank\">www.svalbard.net<\/a><br \/>\nE-Mail: info@svalbard.net <\/p>\n<p><strong>Svalbard Reiseliv<\/strong> ist das Tourismusunternehmen in <a title=\"Svalbard\" href=\"https:\/\/www.svalbardblues.com\/de\/svalbard\/\" target=\"_blank\">Svalbard<\/a>. Das Unternehmen in seiner heutigen Form wurde 2001 gegr\u00fcndet und hat drei fest angestellte Mitarbeiter: Tourismusmanager, Tourismuskoordinator und Tourismussekret\u00e4r.<br \/>\nSvalbard Reiseliv AS ist zusammen mit dem Svalbard Museum und dem Umweltinformationszentrum des Gouverneurs in Svalbardporten in <a title=\"Longyearbyen\" href=\"https:\/\/www.svalbardblues.com\/de\/longyearbyen\/\" target=\"_blank\">Longyearbyen<\/a> angesiedelt. <\/p>\n<p>Das Unternehmen ist f\u00fcr den Betrieb der ganzj\u00e4hrigen Touristeninformation und f\u00fcr das allgemeine Destinationsmarketing zust\u00e4ndig, einschlie\u00dflich der Produktion und Verteilung von gedrucktem und digitalem Informationsmaterial. Svalbard Reiseliv bietet auch digitale Reisestatistiken an und initiiert und verantwortet verschiedene Arten von Entwicklungsprojekten. Svalbard Reiseliv AS koordiniert Ma\u00dfnahmen in den Bereichen Umwelt, Sicherheit und Kompetenzentwicklung.  <\/p>\n<p><strong>Svalbard Reiselivsr\u00e5d<\/strong><br \/>\nDie Aktiengesellschaft Svalbard Reiseliv AS befindet sich vollst\u00e4ndig im Besitz von Svalbard Reiselivsr\u00e5d, einem Zusammenschluss von Unternehmen in Longyearbyen aus der Tourismusbranche und tourismusnahen Branchen. Svalbard Reiseliv fungiert als Sekretariat und Exekutivorgan des Verbandes.<br \/>\nSvalbard Reiselivsr\u00e5d ist eine Interessenorganisation f\u00fcr mehr als 60 Unternehmen in Longyearbyen, die direkt oder indirekt mit dem Tourismus verbunden sind. Die Mitgliedschaft ist vielf\u00e4ltig und breit gef\u00e4chert und umfasst sowohl kleine Unternehmen und Einzelunternehmer mit wenigen Mitarbeitern als auch gr\u00f6\u00dfere Konzerne mit vielen Mitarbeitern. Der gemeinsame Nenner der Mitglieder ist der lokale Tourismus in Verbindung mit der Organisation von Aufenthalten und Erlebnissen f\u00fcr Besucher von Longyearbyen. Svalbards einzigartige Natur und kulturelle Umgebung stehen im Mittelpunkt der von den Mitgliedern des Rates angebotenen touristischen Erlebnisse.    <\/p>\n<p><strong>Vision:<\/strong> <em>Svalbard wird das f\u00fchrende und am besten erhaltene hocharktische Urlaubsziel der Welt sein. Dies wird durch eine kontrollierte Entwicklung erreicht, die sich auf die empfindliche Natur st\u00fctzt und diese mit einbezieht. <\/em><\/p>\n<p><strong>Kurze Geschichte<br \/>\n<\/strong>1992, Info-Svalbard wird als Teil von Svalbard N\u00e6ringsutvikling gegr\u00fcndet.<br \/>\n1996, Svalbard Reiselivsr\u00e5d wird mit Info-Svalbard als Sekretariat und ausf\u00fchrendes Organ gegr\u00fcndet.<br \/>\n2000, Svalbard N\u00e6ringsutvikling wird eingestellt, Info-Svalbard wird als Abteilung in Svalbard Samfunnsdrift aufgenommen.<br \/>\n2001, Svalbard Reiselivsr\u00e5d \u00fcbernimmt die Aktivit\u00e4ten von Info-Svalbard durch das neu gegr\u00fcndete Unternehmen Svalbard Reiseliv AS.<\/p>\n<p><strong><a href=\"https:\/\/www.svalbardblues.com\/wp-content\/uploads\/2011\/04\/Svalbard-Reiseliv-Logo-300x.jpg\"><img decoding=\"async\" class=\"size-full wp-image-2558 alignleft\" title=\"Svalbard-Reisen-Leben-Logo-300x\" src=\"https:\/\/www.svalbardblues.com\/wp-content\/uploads\/2011\/04\/Svalbard-Reiseliv-Logo-300x.jpg\" alt=\"Svalbard Reiseliv. Touristische Informationen und Reiseveranstalter in Svalbard. Eisb\u00e4r im Wappen - Die Natur regiert - natura dominatur\" width=\"300\" height=\"175\"><\/a><\/strong><\/p>\n<p>&nbsp;<\/p>\n<p>&nbsp;<\/p>\n<p><strong>Das Logo von Svalbard Reiseliv AS<\/strong><br \/>\nEs wurde eine visuelle Identit\u00e4t f\u00fcr die Tourismusindustrie in Svalbard entwickelt, die \u00fcber die Dachorganisation Svalbard Reiseliv organisiert ist. Der Tourismus ist die zweitgr\u00f6\u00dfte Einnahmequelle von Svalbard und basiert auf der Vision eines umweltfreundlichen Lebens und Reisens. Das Ziel des Tourismus ist es, dass Svalbard die am besten erhaltene hocharktische Wildnis ist, und der Eisb\u00e4r symbolisiert den Wunsch nach Erhaltung. Dar\u00fcber hinaus m\u00f6chte die Tourismusindustrie aus der Pr\u00e4senz des Eisb\u00e4ren Kapital schlagen &#8211; es gibt 3.000 Eisb\u00e4ren in Spitzbergen. Um den Eisb\u00e4ren hervorzuheben, wurde er in ein Wappen aufgenommen, das von dem Slogan Natura Dominatur begleitet wird &#8211; was lateinisch f\u00fcr \u201eDie Natur regiert\u201c ist.    <\/p>\n<p>&nbsp;<\/p>\n<p>&nbsp;<\/p>\n<p>&nbsp;<\/p>\n","protected":false},"excerpt":{"rendered":"<p>Svalbard Reiseliv AS 9171 Longyearbyen Rufnummer: 4779025550 Website: www.svalbard.net E-Mail: info@svalbard.net Svalbard Reiseliv ist das Tourismusunternehmen in Svalbard. Das Unternehmen in seiner heutigen Form wurde 2001 gegr\u00fcndet und hat drei fest angestellte Mitarbeiter: Tourismusmanager, Tourismuskoordinator und Tourismussekret\u00e4r. Svalbard Reiseliv AS ist zusammen mit dem Svalbard Museum und dem Umweltinformationszentrum des Gouverneurs in Svalbardporten in Longyearbyen &#8230; <\/p>\n<p class=\"read-more-container\"><a title=\"Svalbard Reiseliv &#8211; Touristeninformation\" class=\"read-more button\" href=\"https:\/\/www.svalbardblues.com\/de\/svalbard\/bedrifter\/svalbard-reiseliv\/#more-23905\" aria-label=\"Mehr Informationen \u00fcber Svalbard Reiseliv &#8211; Touristeninformation\">Read more<\/a><\/p>\n","protected":false},"author":1,"featured_media":0,"parent":23911,"menu_order":0,"comment_status":"closed","ping_status":"closed","template":"","meta":{"inline_featured_image":false,"footnotes":""},"class_list":["post-23905","page","type-page","status-publish"],"yoast_head":"<!-- This site is optimized with the Yoast SEO Premium plugin v26.2 (Yoast SEO v27.5) - https:\/\/yoast.com\/product\/yoast-seo-premium-wordpress\/ -->\n<title>Svalbard Reiseliv | Turistinformasjon | Longyearbyen | SVALBARD<\/title>\n<meta name=\"description\" content=\"Unternehmen f\u00fcr Destinationsmanagement in Svalbard. Touristeninformation, Tourismus, Umweltinformationen und Svalbard Museum in Svalbardporten in Longyearbyen.\" \/>\n<meta name=\"robots\" content=\"index, follow, max-snippet:-1, max-image-preview:large, max-video-preview:-1\" \/>\n<link rel=\"canonical\" href=\"https:\/\/www.svalbardblues.com\/de\/svalbard\/bedrifter\/svalbard-reiseliv\/\" \/>\n<meta property=\"og:locale\" content=\"de_DE\" \/>\n<meta property=\"og:type\" content=\"article\" \/>\n<meta property=\"og:title\" content=\"Svalbard Reiseliv - Touristeninformation\" \/>\n<meta property=\"og:description\" content=\"Unternehmen f\u00fcr Destinationsmanagement in Svalbard. Touristeninformation, Tourismus, Umweltinformationen und Svalbard Museum in Svalbardporten in Longyearbyen.\" \/>\n<meta property=\"og:url\" content=\"https:\/\/www.svalbardblues.com\/de\/svalbard\/bedrifter\/svalbard-reiseliv\/\" \/>\n<meta property=\"og:site_name\" content=\"Dark Season Blues | SVALBARD\" \/>\n<meta property=\"article:publisher\" content=\"https:\/\/www.facebook.com\/DarkSeasonBlues\" \/>\n<meta property=\"article:modified_time\" content=\"2025-06-05T09:19:27+00:00\" \/>\n<meta property=\"og:image\" content=\"https:\/\/www.svalbardblues.com\/wp-content\/uploads\/2011\/04\/svalbard_turist_882x516.png\" \/>\n\t<meta property=\"og:image:width\" content=\"882\" \/>\n\t<meta property=\"og:image:height\" content=\"516\" \/>\n\t<meta property=\"og:image:type\" content=\"image\/png\" \/>\n<meta name=\"twitter:label1\" content=\"Gesch\u00e4tzte Lesezeit\" \/>\n\t<meta name=\"twitter:data1\" content=\"2\u00a0Minuten\" \/>\n<script type=\"application\/ld+json\" class=\"yoast-schema-graph\">{\"@context\":\"https:\\\/\\\/schema.org\",\"@graph\":[{\"@type\":\"WebPage\",\"@id\":\"https:\\\/\\\/www.svalbardblues.com\\\/de\\\/svalbard\\\/bedrifter\\\/svalbard-reiseliv\\\/\",\"url\":\"https:\\\/\\\/www.svalbardblues.com\\\/de\\\/svalbard\\\/bedrifter\\\/svalbard-reiseliv\\\/\",\"name\":\"Svalbard Reiseliv | Turistinformasjon | Longyearbyen | SVALBARD\",\"isPartOf\":{\"@id\":\"https:\\\/\\\/www.svalbardblues.com\\\/de\\\/#website\"},\"primaryImageOfPage\":{\"@id\":\"https:\\\/\\\/www.svalbardblues.com\\\/de\\\/svalbard\\\/bedrifter\\\/svalbard-reiseliv\\\/#primaryimage\"},\"image\":{\"@id\":\"https:\\\/\\\/www.svalbardblues.com\\\/de\\\/svalbard\\\/bedrifter\\\/svalbard-reiseliv\\\/#primaryimage\"},\"thumbnailUrl\":\"https:\\\/\\\/www.svalbardblues.com\\\/wp-content\\\/uploads\\\/2011\\\/04\\\/svalbard_turist_882x516.png\",\"datePublished\":\"2011-12-20T23:49:51+00:00\",\"dateModified\":\"2025-06-05T09:19:27+00:00\",\"description\":\"Unternehmen f\u00fcr Destinationsmanagement in Svalbard. Touristeninformation, Tourismus, Umweltinformationen und Svalbard Museum in Svalbardporten in Longyearbyen.\",\"breadcrumb\":{\"@id\":\"https:\\\/\\\/www.svalbardblues.com\\\/de\\\/svalbard\\\/bedrifter\\\/svalbard-reiseliv\\\/#breadcrumb\"},\"inLanguage\":\"de\",\"potentialAction\":[{\"@type\":\"ReadAction\",\"target\":[\"https:\\\/\\\/www.svalbardblues.com\\\/de\\\/svalbard\\\/bedrifter\\\/svalbard-reiseliv\\\/\"]}]},{\"@type\":\"ImageObject\",\"inLanguage\":\"de\",\"@id\":\"https:\\\/\\\/www.svalbardblues.com\\\/de\\\/svalbard\\\/bedrifter\\\/svalbard-reiseliv\\\/#primaryimage\",\"url\":\"https:\\\/\\\/www.svalbardblues.com\\\/wp-content\\\/uploads\\\/2011\\\/04\\\/svalbard_turist_882x516.png\",\"contentUrl\":\"https:\\\/\\\/www.svalbardblues.com\\\/wp-content\\\/uploads\\\/2011\\\/04\\\/svalbard_turist_882x516.png\"},{\"@type\":\"BreadcrumbList\",\"@id\":\"https:\\\/\\\/www.svalbardblues.com\\\/de\\\/svalbard\\\/bedrifter\\\/svalbard-reiseliv\\\/#breadcrumb\",\"itemListElement\":[{\"@type\":\"ListItem\",\"position\":1,\"name\":\"Hjem\",\"item\":\"https:\\\/\\\/www.svalbardblues.com\\\/de\\\/\"},{\"@type\":\"ListItem\",\"position\":2,\"name\":\"Svalbard, Fakten und Informationen\",\"item\":\"https:\\\/\\\/www.svalbardblues.com\\\/de\\\/svalbard\\\/\"},{\"@type\":\"ListItem\",\"position\":3,\"name\":\"Unternehmen | Svalbard und Longyearbyen\",\"item\":\"https:\\\/\\\/www.svalbardblues.com\\\/de\\\/svalbard\\\/bedrifter\\\/\"},{\"@type\":\"ListItem\",\"position\":4,\"name\":\"Svalbard Reiseliv &#8211; Touristeninformation\"}]},{\"@type\":\"WebSite\",\"@id\":\"https:\\\/\\\/www.svalbardblues.com\\\/de\\\/#website\",\"url\":\"https:\\\/\\\/www.svalbardblues.com\\\/de\\\/\",\"name\":\"Dark Season Blues | SVALBARD\",\"description\":\"The World&#039;s Northenmost Blues Festival\",\"publisher\":{\"@id\":\"https:\\\/\\\/www.svalbardblues.com\\\/de\\\/#organization\"},\"potentialAction\":[{\"@type\":\"SearchAction\",\"target\":{\"@type\":\"EntryPoint\",\"urlTemplate\":\"https:\\\/\\\/www.svalbardblues.com\\\/de\\\/?s={search_term_string}\"},\"query-input\":{\"@type\":\"PropertyValueSpecification\",\"valueRequired\":true,\"valueName\":\"search_term_string\"}}],\"inLanguage\":\"de\"},{\"@type\":\"Organization\",\"@id\":\"https:\\\/\\\/www.svalbardblues.com\\\/de\\\/#organization\",\"name\":\"Dark Season Blues\",\"url\":\"https:\\\/\\\/www.svalbardblues.com\\\/de\\\/\",\"logo\":{\"@type\":\"ImageObject\",\"inLanguage\":\"de\",\"@id\":\"https:\\\/\\\/www.svalbardblues.com\\\/de\\\/#\\\/schema\\\/logo\\\/image\\\/\",\"url\":\"https:\\\/\\\/www.svalbardblues.com\\\/wp-content\\\/uploads\\\/2017\\\/06\\\/DSB2017-Illustrasjon-620.jpg\",\"contentUrl\":\"https:\\\/\\\/www.svalbardblues.com\\\/wp-content\\\/uploads\\\/2017\\\/06\\\/DSB2017-Illustrasjon-620.jpg\",\"width\":620,\"height\":488,\"caption\":\"Dark Season Blues\"},\"image\":{\"@id\":\"https:\\\/\\\/www.svalbardblues.com\\\/de\\\/#\\\/schema\\\/logo\\\/image\\\/\"},\"sameAs\":[\"https:\\\/\\\/www.facebook.com\\\/DarkSeasonBlues\",\"https:\\\/\\\/x.com\\\/DarkSeasonBlues\",\"https:\\\/\\\/www.instagram.com\\\/darkseasonblues\\\/\",\"https:\\\/\\\/no.wikipedia.org\\\/wiki\\\/Dark_Season_Blues\"]}]}<\/script>\n<!-- \/ Yoast SEO Premium plugin. -->","yoast_head_json":{"title":"Svalbard Reiseliv | Turistinformasjon | Longyearbyen | SVALBARD","description":"Unternehmen f\u00fcr Destinationsmanagement in Svalbard. Touristeninformation, Tourismus, Umweltinformationen und Svalbard Museum in Svalbardporten in Longyearbyen.","robots":{"index":"index","follow":"follow","max-snippet":"max-snippet:-1","max-image-preview":"max-image-preview:large","max-video-preview":"max-video-preview:-1"},"canonical":"https:\/\/www.svalbardblues.com\/de\/svalbard\/bedrifter\/svalbard-reiseliv\/","og_locale":"de_DE","og_type":"article","og_title":"Svalbard Reiseliv - Touristeninformation","og_description":"Unternehmen f\u00fcr Destinationsmanagement in Svalbard. Touristeninformation, Tourismus, Umweltinformationen und Svalbard Museum in Svalbardporten in Longyearbyen.","og_url":"https:\/\/www.svalbardblues.com\/de\/svalbard\/bedrifter\/svalbard-reiseliv\/","og_site_name":"Dark Season Blues | SVALBARD","article_publisher":"https:\/\/www.facebook.com\/DarkSeasonBlues","article_modified_time":"2025-06-05T09:19:27+00:00","og_image":[{"width":882,"height":516,"url":"https:\/\/www.svalbardblues.com\/wp-content\/uploads\/2011\/04\/svalbard_turist_882x516.png","type":"image\/png"}],"twitter_misc":{"Gesch\u00e4tzte Lesezeit":"2\u00a0Minuten"},"schema":{"@context":"https:\/\/schema.org","@graph":[{"@type":"WebPage","@id":"https:\/\/www.svalbardblues.com\/de\/svalbard\/bedrifter\/svalbard-reiseliv\/","url":"https:\/\/www.svalbardblues.com\/de\/svalbard\/bedrifter\/svalbard-reiseliv\/","name":"Svalbard Reiseliv | Turistinformasjon | Longyearbyen | SVALBARD","isPartOf":{"@id":"https:\/\/www.svalbardblues.com\/de\/#website"},"primaryImageOfPage":{"@id":"https:\/\/www.svalbardblues.com\/de\/svalbard\/bedrifter\/svalbard-reiseliv\/#primaryimage"},"image":{"@id":"https:\/\/www.svalbardblues.com\/de\/svalbard\/bedrifter\/svalbard-reiseliv\/#primaryimage"},"thumbnailUrl":"https:\/\/www.svalbardblues.com\/wp-content\/uploads\/2011\/04\/svalbard_turist_882x516.png","datePublished":"2011-12-20T23:49:51+00:00","dateModified":"2025-06-05T09:19:27+00:00","description":"Unternehmen f\u00fcr Destinationsmanagement in Svalbard. Touristeninformation, Tourismus, Umweltinformationen und Svalbard Museum in Svalbardporten in Longyearbyen.","breadcrumb":{"@id":"https:\/\/www.svalbardblues.com\/de\/svalbard\/bedrifter\/svalbard-reiseliv\/#breadcrumb"},"inLanguage":"de","potentialAction":[{"@type":"ReadAction","target":["https:\/\/www.svalbardblues.com\/de\/svalbard\/bedrifter\/svalbard-reiseliv\/"]}]},{"@type":"ImageObject","inLanguage":"de","@id":"https:\/\/www.svalbardblues.com\/de\/svalbard\/bedrifter\/svalbard-reiseliv\/#primaryimage","url":"https:\/\/www.svalbardblues.com\/wp-content\/uploads\/2011\/04\/svalbard_turist_882x516.png","contentUrl":"https:\/\/www.svalbardblues.com\/wp-content\/uploads\/2011\/04\/svalbard_turist_882x516.png"},{"@type":"BreadcrumbList","@id":"https:\/\/www.svalbardblues.com\/de\/svalbard\/bedrifter\/svalbard-reiseliv\/#breadcrumb","itemListElement":[{"@type":"ListItem","position":1,"name":"Hjem","item":"https:\/\/www.svalbardblues.com\/de\/"},{"@type":"ListItem","position":2,"name":"Svalbard, Fakten und Informationen","item":"https:\/\/www.svalbardblues.com\/de\/svalbard\/"},{"@type":"ListItem","position":3,"name":"Unternehmen | Svalbard und Longyearbyen","item":"https:\/\/www.svalbardblues.com\/de\/svalbard\/bedrifter\/"},{"@type":"ListItem","position":4,"name":"Svalbard Reiseliv &#8211; Touristeninformation"}]},{"@type":"WebSite","@id":"https:\/\/www.svalbardblues.com\/de\/#website","url":"https:\/\/www.svalbardblues.com\/de\/","name":"Dark Season Blues | SVALBARD","description":"The World&#039;s Northenmost Blues Festival","publisher":{"@id":"https:\/\/www.svalbardblues.com\/de\/#organization"},"potentialAction":[{"@type":"SearchAction","target":{"@type":"EntryPoint","urlTemplate":"https:\/\/www.svalbardblues.com\/de\/?s={search_term_string}"},"query-input":{"@type":"PropertyValueSpecification","valueRequired":true,"valueName":"search_term_string"}}],"inLanguage":"de"},{"@type":"Organization","@id":"https:\/\/www.svalbardblues.com\/de\/#organization","name":"Dark Season Blues","url":"https:\/\/www.svalbardblues.com\/de\/","logo":{"@type":"ImageObject","inLanguage":"de","@id":"https:\/\/www.svalbardblues.com\/de\/#\/schema\/logo\/image\/","url":"https:\/\/www.svalbardblues.com\/wp-content\/uploads\/2017\/06\/DSB2017-Illustrasjon-620.jpg","contentUrl":"https:\/\/www.svalbardblues.com\/wp-content\/uploads\/2017\/06\/DSB2017-Illustrasjon-620.jpg","width":620,"height":488,"caption":"Dark Season Blues"},"image":{"@id":"https:\/\/www.svalbardblues.com\/de\/#\/schema\/logo\/image\/"},"sameAs":["https:\/\/www.facebook.com\/DarkSeasonBlues","https:\/\/x.com\/DarkSeasonBlues","https:\/\/www.instagram.com\/darkseasonblues\/","https:\/\/no.wikipedia.org\/wiki\/Dark_Season_Blues"]}]}},"_links":{"self":[{"href":"https:\/\/www.svalbardblues.com\/de\/wp-json\/wp\/v2\/pages\/23905","targetHints":{"allow":["GET"]}}],"collection":[{"href":"https:\/\/www.svalbardblues.com\/de\/wp-json\/wp\/v2\/pages"}],"about":[{"href":"https:\/\/www.svalbardblues.com\/de\/wp-json\/wp\/v2\/types\/page"}],"author":[{"embeddable":true,"href":"https:\/\/www.svalbardblues.com\/de\/wp-json\/wp\/v2\/users\/1"}],"replies":[{"embeddable":true,"href":"https:\/\/www.svalbardblues.com\/de\/wp-json\/wp\/v2\/comments?post=23905"}],"version-history":[{"count":1,"href":"https:\/\/www.svalbardblues.com\/de\/wp-json\/wp\/v2\/pages\/23905\/revisions"}],"predecessor-version":[{"id":23917,"href":"https:\/\/www.svalbardblues.com\/de\/wp-json\/wp\/v2\/pages\/23905\/revisions\/23917"}],"up":[{"embeddable":true,"href":"https:\/\/www.svalbardblues.com\/de\/wp-json\/wp\/v2\/pages\/23911"}],"wp:attachment":[{"href":"https:\/\/www.svalbardblues.com\/de\/wp-json\/wp\/v2\/media?parent=23905"}],"curies":[{"name":"wp","href":"https:\/\/api.w.org\/{rel}","templated":true}]}}