{"id":23918,"date":"2011-12-29T21:52:19","date_gmt":"2011-12-29T21:52:19","guid":{"rendered":"https:\/\/www.svalbardblues.com\/svalbard\/bedrifter\/svalbar-pub\/"},"modified":"2011-12-29T21:52:19","modified_gmt":"2011-12-29T21:52:19","slug":"svalbar-pub","status":"publish","type":"page","link":"https:\/\/www.svalbardblues.com\/de\/svalbard\/bedrifter\/svalbar-pub\/","title":{"rendered":"Svalbar Kneipe"},"content":{"rendered":"<p><img fetchpriority=\"high\" decoding=\"async\" class=\"aligncenter size-full wp-image-1318\" title=\"Svalbar Pub, Dunkle Jahreszeit Blues\" src=\"https:\/\/www.svalbardblues.com\/wp-content\/uploads\/2011\/04\/svalbar_dsb.jpg\" alt=\"Cooler Pub in Longyearbyen auf Svalbard\" width=\"882\" height=\"516\" srcset=\"https:\/\/www.svalbardblues.com\/wp-content\/uploads\/2011\/04\/svalbar_dsb.jpg 882w, https:\/\/www.svalbardblues.com\/wp-content\/uploads\/2011\/04\/svalbar_dsb-600x351.jpg 600w, https:\/\/www.svalbardblues.com\/wp-content\/uploads\/2011\/04\/svalbar_dsb-300x175.jpg 300w\" sizes=\"(max-width: 882px) 100vw, 882px\" \/><\/p>\n<figure id=\"attachment_3686\" aria-describedby=\"caption-attachment-3686\" style=\"width: 249px\" class=\"wp-caption alignright\"><img decoding=\"async\" class=\"size-full wp-image-3686\" title=\"Zum Verschlucken\" src=\"https:\/\/www.svalbardblues.com\/wp-content\/uploads\/2011\/04\/svalbar.jpg\" alt=\"Coole Bar in Longyearbyen, Svalbard\" width=\"259\" height=\"194\"><figcaption id=\"caption-attachment-3686\" class=\"wp-caption-text\">Svalbar<\/figcaption><\/figure>\n<p><strong>Svalbard Pub AS<\/strong><br \/>\nPb 573<br \/>\n9171 Longyearbyen<\/p>\n<p>E-Mail: post@svalbar.no<br \/>\nWebsite: <a title=\"Zum Verschlucken\" href=\"http:\/\/www.svalbar.no\" target=\"_blank\">www.svalbar.no<\/a><br \/>\nTel: 79025000<\/p>\n<p>Die Svalbar ist ein vielseitiger Platz im Freien in <a title=\"Longyearbyen\" href=\"https:\/\/www.svalbardblues.com\/de\/longyearbyen\/\" target=\"_blank\">Longyearbyen<\/a> auf <a title=\"Svalbard\" href=\"https:\/\/www.svalbardblues.com\/de\/svalbard\/\" target=\"_blank\">Spitzbergen<\/a>.<br \/>\nHier finden Sie gutes Essen und Trinken sowie ein urbanes Caf\u00e9, das tags\u00fcber ge\u00f6ffnet ist.<\/p>\n<p>&nbsp;<\/p>\n<h2>Dark Season Blues 2017 bei Svalbar:<\/h2>\n<p>[one_fourth]<\/p>\n<p>[fancy_box]<\/p>\n<h3>Zum Verschlucken<\/h3>\n<p>\u00d6ffnungszeiten unter DSB:<br \/>\nTor, Fr:<br \/>\n  10:00 &#8211; 02:00<\/p>\n<p>(Die Essensausgabe schlie\u00dft um TBA)<\/p>\n<p>Kapazit\u00e4t des Publikums: 200<\/p>\n<p>Keine Tischreservierung<\/p>\n<p>[\/fancy_box]<\/p>\n<p>[\/one_fourth]<br \/>\n[three_fourth_last]<br \/>\n[fancy_table]<\/p>\n<table>\n<tbody>\n<tr>\n<th width=\"60%\">\n<h4><span style=\"color: #000000;\"><strong>Donnerstag 26. Oktober <\/strong><\/span><\/h4>\n<\/th>\n<th width=\"10%\">21.00<\/th>\n<th width=\"30%\">Tba<\/th>\n<\/tr>\n<tr>\n<td style=\"text-align: left;\" colspan=\"3\"><strong>Tba<\/strong><\/td>\n<\/tr>\n<tr>\n<td style=\"text-align: left;\" colspan=\"3\"><strong>Tba<\/strong><\/td>\n<\/tr>\n<\/tbody>\n<\/table>\n<p>[\/fancy_table]<\/p>\n<p> [fancy_table]<\/p>\n<table>\n<tbody>\n<tr>\n<th width=\"60%\">\n<h4><span style=\"color: #000000;\"><strong>Freitag 27. Oktober <\/strong><\/span><\/h4>\n<\/th>\n<th width=\"10%\">20.00<\/th>\n<th width=\"30%\">Tba<\/th>\n<\/tr>\n<tr>\n<td style=\"text-align: left;\" colspan=\"3\"><strong>Tba<\/strong><\/td>\n<\/tr>\n<tr>\n<td style=\"text-align: left;\" colspan=\"3\"><strong>Tba<\/strong><\/td>\n<\/tr>\n<\/tbody>\n<\/table>\n<p>[\/fancy_table]<\/p>\n<p>[\/three_fourth_last]<\/p>\n<p>[mappress mapid=&#8220;10&#8243;]<\/p>\n","protected":false},"excerpt":{"rendered":"<p>Svalbard Pub AS Pb 573 9171 Longyearbyen E-Mail: post@svalbar.no Website: www.svalbar.no Tel: 79025000 Die Svalbar ist ein vielseitiger Platz im Freien in Longyearbyen auf Spitzbergen. Hier finden Sie gutes Essen und Trinken sowie ein urbanes Caf\u00e9, das tags\u00fcber ge\u00f6ffnet ist. &nbsp; Dark Season Blues 2017 bei Svalbar: [one_fourth] [fancy_box] Zum Verschlucken \u00d6ffnungszeiten unter DSB: Tor, &#8230; <\/p>\n<p class=\"read-more-container\"><a title=\"Svalbar Kneipe\" class=\"read-more button\" href=\"https:\/\/www.svalbardblues.com\/de\/svalbard\/bedrifter\/svalbar-pub\/#more-23918\" aria-label=\"Mehr Informationen \u00fcber Svalbar Kneipe\">Read more<\/a><\/p>\n","protected":false},"author":1,"featured_media":0,"parent":23911,"menu_order":0,"comment_status":"closed","ping_status":"closed","template":"","meta":{"inline_featured_image":false,"footnotes":""},"class_list":["post-23918","page","type-page","status-publish"],"yoast_head":"<!-- This site is optimized with the Yoast SEO Premium plugin v26.2 (Yoast SEO v27.5) - https:\/\/yoast.com\/product\/yoast-seo-premium-wordpress\/ -->\n<title>Svalbar Pub | Longyearbyen | SVALBARD<\/title>\n<meta name=\"description\" content=\"Die Svalbar ist ein vielseitiger Au\u00dfenbereich in Longyearbyen, Svalbard, wo Sie hervorragende Speisen und Getr\u00e4nke sowie ein tags\u00fcber ge\u00f6ffnetes urbanes Caf\u00e9 finden.\" \/>\n<meta name=\"robots\" content=\"index, follow, max-snippet:-1, max-image-preview:large, max-video-preview:-1\" \/>\n<link rel=\"canonical\" href=\"https:\/\/www.svalbardblues.com\/de\/svalbard\/bedrifter\/svalbar-pub\/\" \/>\n<meta property=\"og:locale\" content=\"de_DE\" \/>\n<meta property=\"og:type\" content=\"article\" \/>\n<meta property=\"og:title\" content=\"Svalbar Kneipe\" \/>\n<meta property=\"og:description\" content=\"Die Svalbar ist ein vielseitiger Au\u00dfenbereich in Longyearbyen, Svalbard, wo Sie hervorragende Speisen und Getr\u00e4nke sowie ein tags\u00fcber ge\u00f6ffnetes urbanes Caf\u00e9 finden.\" \/>\n<meta property=\"og:url\" content=\"https:\/\/www.svalbardblues.com\/de\/svalbard\/bedrifter\/svalbar-pub\/\" \/>\n<meta property=\"og:site_name\" content=\"Dark Season Blues | SVALBARD\" \/>\n<meta property=\"article:publisher\" content=\"https:\/\/www.facebook.com\/DarkSeasonBlues\" \/>\n<meta property=\"og:image\" content=\"https:\/\/www.svalbardblues.com\/wp-content\/uploads\/2011\/04\/svalbar_dsb.jpg\" \/>\n\t<meta property=\"og:image:width\" content=\"882\" \/>\n\t<meta property=\"og:image:height\" content=\"516\" \/>\n\t<meta property=\"og:image:type\" content=\"image\/jpeg\" \/>\n<meta name=\"twitter:label1\" content=\"Gesch\u00e4tzte Lesezeit\" \/>\n\t<meta name=\"twitter:data1\" content=\"1\u00a0Minute\" \/>\n<script type=\"application\/ld+json\" class=\"yoast-schema-graph\">{\"@context\":\"https:\\\/\\\/schema.org\",\"@graph\":[{\"@type\":\"WebPage\",\"@id\":\"https:\\\/\\\/www.svalbardblues.com\\\/de\\\/svalbard\\\/bedrifter\\\/svalbar-pub\\\/\",\"url\":\"https:\\\/\\\/www.svalbardblues.com\\\/de\\\/svalbard\\\/bedrifter\\\/svalbar-pub\\\/\",\"name\":\"Svalbar Pub | Longyearbyen | SVALBARD\",\"isPartOf\":{\"@id\":\"https:\\\/\\\/www.svalbardblues.com\\\/de\\\/#website\"},\"primaryImageOfPage\":{\"@id\":\"https:\\\/\\\/www.svalbardblues.com\\\/de\\\/svalbard\\\/bedrifter\\\/svalbar-pub\\\/#primaryimage\"},\"image\":{\"@id\":\"https:\\\/\\\/www.svalbardblues.com\\\/de\\\/svalbard\\\/bedrifter\\\/svalbar-pub\\\/#primaryimage\"},\"thumbnailUrl\":\"https:\\\/\\\/www.svalbardblues.com\\\/wp-content\\\/uploads\\\/2011\\\/04\\\/svalbar_dsb.jpg\",\"datePublished\":\"2011-12-29T21:52:19+00:00\",\"description\":\"Die Svalbar ist ein vielseitiger Au\u00dfenbereich in Longyearbyen, Svalbard, wo Sie hervorragende Speisen und Getr\u00e4nke sowie ein tags\u00fcber ge\u00f6ffnetes urbanes Caf\u00e9 finden.\",\"breadcrumb\":{\"@id\":\"https:\\\/\\\/www.svalbardblues.com\\\/de\\\/svalbard\\\/bedrifter\\\/svalbar-pub\\\/#breadcrumb\"},\"inLanguage\":\"de\",\"potentialAction\":[{\"@type\":\"ReadAction\",\"target\":[\"https:\\\/\\\/www.svalbardblues.com\\\/de\\\/svalbard\\\/bedrifter\\\/svalbar-pub\\\/\"]}]},{\"@type\":\"ImageObject\",\"inLanguage\":\"de\",\"@id\":\"https:\\\/\\\/www.svalbardblues.com\\\/de\\\/svalbard\\\/bedrifter\\\/svalbar-pub\\\/#primaryimage\",\"url\":\"https:\\\/\\\/www.svalbardblues.com\\\/wp-content\\\/uploads\\\/2011\\\/04\\\/svalbar_dsb.jpg\",\"contentUrl\":\"https:\\\/\\\/www.svalbardblues.com\\\/wp-content\\\/uploads\\\/2011\\\/04\\\/svalbar_dsb.jpg\"},{\"@type\":\"BreadcrumbList\",\"@id\":\"https:\\\/\\\/www.svalbardblues.com\\\/de\\\/svalbard\\\/bedrifter\\\/svalbar-pub\\\/#breadcrumb\",\"itemListElement\":[{\"@type\":\"ListItem\",\"position\":1,\"name\":\"Hjem\",\"item\":\"https:\\\/\\\/www.svalbardblues.com\\\/de\\\/\"},{\"@type\":\"ListItem\",\"position\":2,\"name\":\"Svalbard, Fakten und Informationen\",\"item\":\"https:\\\/\\\/www.svalbardblues.com\\\/de\\\/svalbard\\\/\"},{\"@type\":\"ListItem\",\"position\":3,\"name\":\"Unternehmen | Svalbard und Longyearbyen\",\"item\":\"https:\\\/\\\/www.svalbardblues.com\\\/de\\\/svalbard\\\/bedrifter\\\/\"},{\"@type\":\"ListItem\",\"position\":4,\"name\":\"Svalbar Kneipe\"}]},{\"@type\":\"WebSite\",\"@id\":\"https:\\\/\\\/www.svalbardblues.com\\\/de\\\/#website\",\"url\":\"https:\\\/\\\/www.svalbardblues.com\\\/de\\\/\",\"name\":\"Dark Season Blues | SVALBARD\",\"description\":\"The World&#039;s Northenmost Blues Festival\",\"publisher\":{\"@id\":\"https:\\\/\\\/www.svalbardblues.com\\\/de\\\/#organization\"},\"potentialAction\":[{\"@type\":\"SearchAction\",\"target\":{\"@type\":\"EntryPoint\",\"urlTemplate\":\"https:\\\/\\\/www.svalbardblues.com\\\/de\\\/?s={search_term_string}\"},\"query-input\":{\"@type\":\"PropertyValueSpecification\",\"valueRequired\":true,\"valueName\":\"search_term_string\"}}],\"inLanguage\":\"de\"},{\"@type\":\"Organization\",\"@id\":\"https:\\\/\\\/www.svalbardblues.com\\\/de\\\/#organization\",\"name\":\"Dark Season Blues\",\"url\":\"https:\\\/\\\/www.svalbardblues.com\\\/de\\\/\",\"logo\":{\"@type\":\"ImageObject\",\"inLanguage\":\"de\",\"@id\":\"https:\\\/\\\/www.svalbardblues.com\\\/de\\\/#\\\/schema\\\/logo\\\/image\\\/\",\"url\":\"https:\\\/\\\/www.svalbardblues.com\\\/wp-content\\\/uploads\\\/2017\\\/06\\\/DSB2017-Illustrasjon-620.jpg\",\"contentUrl\":\"https:\\\/\\\/www.svalbardblues.com\\\/wp-content\\\/uploads\\\/2017\\\/06\\\/DSB2017-Illustrasjon-620.jpg\",\"width\":620,\"height\":488,\"caption\":\"Dark Season Blues\"},\"image\":{\"@id\":\"https:\\\/\\\/www.svalbardblues.com\\\/de\\\/#\\\/schema\\\/logo\\\/image\\\/\"},\"sameAs\":[\"https:\\\/\\\/www.facebook.com\\\/DarkSeasonBlues\",\"https:\\\/\\\/x.com\\\/DarkSeasonBlues\",\"https:\\\/\\\/www.instagram.com\\\/darkseasonblues\\\/\",\"https:\\\/\\\/no.wikipedia.org\\\/wiki\\\/Dark_Season_Blues\"]}]}<\/script>\n<!-- \/ Yoast SEO Premium plugin. -->","yoast_head_json":{"title":"Svalbar Pub | Longyearbyen | SVALBARD","description":"Die Svalbar ist ein vielseitiger Au\u00dfenbereich in Longyearbyen, Svalbard, wo Sie hervorragende Speisen und Getr\u00e4nke sowie ein tags\u00fcber ge\u00f6ffnetes urbanes Caf\u00e9 finden.","robots":{"index":"index","follow":"follow","max-snippet":"max-snippet:-1","max-image-preview":"max-image-preview:large","max-video-preview":"max-video-preview:-1"},"canonical":"https:\/\/www.svalbardblues.com\/de\/svalbard\/bedrifter\/svalbar-pub\/","og_locale":"de_DE","og_type":"article","og_title":"Svalbar Kneipe","og_description":"Die Svalbar ist ein vielseitiger Au\u00dfenbereich in Longyearbyen, Svalbard, wo Sie hervorragende Speisen und Getr\u00e4nke sowie ein tags\u00fcber ge\u00f6ffnetes urbanes Caf\u00e9 finden.","og_url":"https:\/\/www.svalbardblues.com\/de\/svalbard\/bedrifter\/svalbar-pub\/","og_site_name":"Dark Season Blues | SVALBARD","article_publisher":"https:\/\/www.facebook.com\/DarkSeasonBlues","og_image":[{"width":882,"height":516,"url":"https:\/\/www.svalbardblues.com\/wp-content\/uploads\/2011\/04\/svalbar_dsb.jpg","type":"image\/jpeg"}],"twitter_misc":{"Gesch\u00e4tzte Lesezeit":"1\u00a0Minute"},"schema":{"@context":"https:\/\/schema.org","@graph":[{"@type":"WebPage","@id":"https:\/\/www.svalbardblues.com\/de\/svalbard\/bedrifter\/svalbar-pub\/","url":"https:\/\/www.svalbardblues.com\/de\/svalbard\/bedrifter\/svalbar-pub\/","name":"Svalbar Pub | Longyearbyen | SVALBARD","isPartOf":{"@id":"https:\/\/www.svalbardblues.com\/de\/#website"},"primaryImageOfPage":{"@id":"https:\/\/www.svalbardblues.com\/de\/svalbard\/bedrifter\/svalbar-pub\/#primaryimage"},"image":{"@id":"https:\/\/www.svalbardblues.com\/de\/svalbard\/bedrifter\/svalbar-pub\/#primaryimage"},"thumbnailUrl":"https:\/\/www.svalbardblues.com\/wp-content\/uploads\/2011\/04\/svalbar_dsb.jpg","datePublished":"2011-12-29T21:52:19+00:00","description":"Die Svalbar ist ein vielseitiger Au\u00dfenbereich in Longyearbyen, Svalbard, wo Sie hervorragende Speisen und Getr\u00e4nke sowie ein tags\u00fcber ge\u00f6ffnetes urbanes Caf\u00e9 finden.","breadcrumb":{"@id":"https:\/\/www.svalbardblues.com\/de\/svalbard\/bedrifter\/svalbar-pub\/#breadcrumb"},"inLanguage":"de","potentialAction":[{"@type":"ReadAction","target":["https:\/\/www.svalbardblues.com\/de\/svalbard\/bedrifter\/svalbar-pub\/"]}]},{"@type":"ImageObject","inLanguage":"de","@id":"https:\/\/www.svalbardblues.com\/de\/svalbard\/bedrifter\/svalbar-pub\/#primaryimage","url":"https:\/\/www.svalbardblues.com\/wp-content\/uploads\/2011\/04\/svalbar_dsb.jpg","contentUrl":"https:\/\/www.svalbardblues.com\/wp-content\/uploads\/2011\/04\/svalbar_dsb.jpg"},{"@type":"BreadcrumbList","@id":"https:\/\/www.svalbardblues.com\/de\/svalbard\/bedrifter\/svalbar-pub\/#breadcrumb","itemListElement":[{"@type":"ListItem","position":1,"name":"Hjem","item":"https:\/\/www.svalbardblues.com\/de\/"},{"@type":"ListItem","position":2,"name":"Svalbard, Fakten und Informationen","item":"https:\/\/www.svalbardblues.com\/de\/svalbard\/"},{"@type":"ListItem","position":3,"name":"Unternehmen | Svalbard und Longyearbyen","item":"https:\/\/www.svalbardblues.com\/de\/svalbard\/bedrifter\/"},{"@type":"ListItem","position":4,"name":"Svalbar Kneipe"}]},{"@type":"WebSite","@id":"https:\/\/www.svalbardblues.com\/de\/#website","url":"https:\/\/www.svalbardblues.com\/de\/","name":"Dark Season Blues | SVALBARD","description":"The World&#039;s Northenmost Blues Festival","publisher":{"@id":"https:\/\/www.svalbardblues.com\/de\/#organization"},"potentialAction":[{"@type":"SearchAction","target":{"@type":"EntryPoint","urlTemplate":"https:\/\/www.svalbardblues.com\/de\/?s={search_term_string}"},"query-input":{"@type":"PropertyValueSpecification","valueRequired":true,"valueName":"search_term_string"}}],"inLanguage":"de"},{"@type":"Organization","@id":"https:\/\/www.svalbardblues.com\/de\/#organization","name":"Dark Season Blues","url":"https:\/\/www.svalbardblues.com\/de\/","logo":{"@type":"ImageObject","inLanguage":"de","@id":"https:\/\/www.svalbardblues.com\/de\/#\/schema\/logo\/image\/","url":"https:\/\/www.svalbardblues.com\/wp-content\/uploads\/2017\/06\/DSB2017-Illustrasjon-620.jpg","contentUrl":"https:\/\/www.svalbardblues.com\/wp-content\/uploads\/2017\/06\/DSB2017-Illustrasjon-620.jpg","width":620,"height":488,"caption":"Dark Season Blues"},"image":{"@id":"https:\/\/www.svalbardblues.com\/de\/#\/schema\/logo\/image\/"},"sameAs":["https:\/\/www.facebook.com\/DarkSeasonBlues","https:\/\/x.com\/DarkSeasonBlues","https:\/\/www.instagram.com\/darkseasonblues\/","https:\/\/no.wikipedia.org\/wiki\/Dark_Season_Blues"]}]}},"_links":{"self":[{"href":"https:\/\/www.svalbardblues.com\/de\/wp-json\/wp\/v2\/pages\/23918","targetHints":{"allow":["GET"]}}],"collection":[{"href":"https:\/\/www.svalbardblues.com\/de\/wp-json\/wp\/v2\/pages"}],"about":[{"href":"https:\/\/www.svalbardblues.com\/de\/wp-json\/wp\/v2\/types\/page"}],"author":[{"embeddable":true,"href":"https:\/\/www.svalbardblues.com\/de\/wp-json\/wp\/v2\/users\/1"}],"replies":[{"embeddable":true,"href":"https:\/\/www.svalbardblues.com\/de\/wp-json\/wp\/v2\/comments?post=23918"}],"version-history":[{"count":0,"href":"https:\/\/www.svalbardblues.com\/de\/wp-json\/wp\/v2\/pages\/23918\/revisions"}],"up":[{"embeddable":true,"href":"https:\/\/www.svalbardblues.com\/de\/wp-json\/wp\/v2\/pages\/23911"}],"wp:attachment":[{"href":"https:\/\/www.svalbardblues.com\/de\/wp-json\/wp\/v2\/media?parent=23918"}],"curies":[{"name":"wp","href":"https:\/\/api.w.org\/{rel}","templated":true}]}}