{"id":23939,"date":"2011-11-15T10:19:27","date_gmt":"2011-11-15T10:19:27","guid":{"rendered":"https:\/\/www.svalbardblues.com\/dsb\/program-2011\/"},"modified":"2011-11-15T10:19:27","modified_gmt":"2011-11-15T10:19:27","slug":"program-2011","status":"publish","type":"page","link":"https:\/\/www.svalbardblues.com\/de\/dsb\/program-2011\/","title":{"rendered":"Programm 20. &#8211; 23. Oktober 2011"},"content":{"rendered":"<p><a name=\"torsdag\"><\/a>[fancy_header]Donnerstag[\/fancy_header] [fancy_table]<\/p>\n<table>\n<tbody>\n<tr>\n<th width=\"400\">\n<h4><a title=\"Barentz Kneipe\" href=\"https:\/\/www.svalbardblues.com\/svalbard\/bedrifter\/hurtigruten-svalbard\/barentz-pub\/\"><span style=\"color: #000000;\"><strong>Barentz Kneipe<\/strong><\/span><\/a><\/h4>\n<\/th>\n<th width=\"100\">200,-<\/th>\n<th width=\"50\">21:00<\/th>\n<th width=\"50\"><\/th>\n<\/tr>\n<tr>\n<td style=\"text-align: left;\" width=\"250\"><a title=\"Micke &amp; Lefty feat. Chefkoch\" href=\"https:\/\/www.svalbardblues.com\/?p=2977\">  Micke &amp; Lefty feat. Chefkoch <\/a><\/td>\n<\/tr>\n<tr>\n<td style=\"text-align: left;\" width=\"250\"><a title=\"Eric \u201eSlim\u201c Zahl &amp; die South West Swingers\" href=\"https:\/\/www.svalbardblues.com\/?p=2126\">  Eric \u201eSlim\u201c Zahl &amp; die South West Swingers<\/a><\/td>\n<\/tr>\n<\/tbody>\n<\/table>\n<p>[\/fancy_table] [fancy_table]<\/p>\n<table>\n<tbody>\n<tr>\n<th width=\"400\">\n<h4><a title=\"Kroa, Steakers Svalbard\" href=\"https:\/\/www.svalbardblues.com\/1264\/kroa\/\"><span style=\"color: #000000;\">Kroa<\/span><\/a><\/h4>\n<\/th>\n<th width=\"100\">200,-<\/th>\n<th width=\"50\">21:00<\/th>\n<th width=\"50\"><\/th>\n<\/tr>\n<tr>\n<td style=\"text-align: left;\" width=\"300\"><a title=\"JW-Jones\" href=\"https:\/\/www.svalbardblues.com\/?p=1992\">JW-Jones<\/a><\/td>\n<\/tr>\n<tr>\n<td style=\"text-align: left;\" width=\"300\"><a title=\"Mike Zito\" href=\"https:\/\/www.svalbardblues.com\/?p=1997\">Mike Zito<\/a><\/td>\n<\/tr>\n<\/tbody>\n<\/table>\n<p>[\/fancy_table] [divider_top] <a name=\"fredag\"><\/a>[fancy_header]Freitag[\/fancy_header] [fancy_table]<\/p>\n<table>\n<tbody>\n<tr>\n<th width=\"400\">\n<h4><a title=\"G\u00e4rtnerei Kullungen\" href=\"https:\/\/www.svalbardblues.com\/?p=1280\"><span style=\"color: #000000;\"><strong>Kindergarten-Konzert<\/strong><\/span><\/a><\/h4>\n<\/th>\n<th width=\"100\"><\/th>\n<th width=\"50\">10:30<\/th>\n<th width=\"50\"><\/th>\n<\/tr>\n<tr>\n<td style=\"text-align: left;\" width=\"300\">Iver Olav und Adam Douglas<\/td>\n<\/tr>\n<\/tbody>\n<\/table>\n<p>[\/fancy_table] [fancy_table]<\/p>\n<table>\n<tbody>\n<tr>\n<th width=\"400\">\n<h4><a title=\"Longyearbyen Schule\" href=\"https:\/\/www.svalbardblues.com\/1282\/longyearbyen-skole\/\"><span style=\"color: #000000;\"><strong>Schulkonzert<\/strong><\/span><\/a><\/h4>\n<\/th>\n<th width=\"100\"><\/th>\n<th width=\"50\">11:30<\/th>\n<th width=\"50\"><\/th>\n<\/tr>\n<tr>\n<td style=\"text-align: left;\" width=\"300\"><a title=\"Helle Seite F\u00fcnf\" href=\"https:\/\/www.svalbardblues.com\/?p=3111\">Helle Seite F\u00fcnf<\/a><\/td>\n<\/tr>\n<\/tbody>\n<\/table>\n<p>[\/fancy_table] [fancy_table]<\/p>\n<table>\n<tbody>\n<tr>\n<th width=\"400\">\n<h4><a title=\"Barentz Kneipe\" href=\"https:\/\/www.svalbardblues.com\/svalbard\/bedrifter\/hurtigruten-svalbard\/barentz-pub\/\"><span style=\"color: #000000;\"><strong>Barentz Kneipe<\/strong><\/span>, Blues Mittagessen<\/a><\/h4>\n<\/th>\n<th width=\"100\">Freier Eintritt<\/th>\n<th width=\"50\">12:00<\/th>\n<th width=\"50\"><\/th>\n<\/tr>\n<tr>\n<td style=\"text-align: left;\" width=\"300\"><a title=\"Eric \u201eSlim\u201c Zahl &amp; die South West Swingers\" href=\"https:\/\/www.svalbardblues.com\/?p=2126\">Eric \u201eSlim\u201c Zahl &amp; die South West Swingers<\/a><\/td>\n<\/tr>\n<\/tbody>\n<\/table>\n<p>[\/fancy_table] [fancy_table]<\/p>\n<table>\n<tbody>\n<tr>\n<th width=\"400\">\n<h4><a title=\"Spitsbergen Hotel, Funktion\u00e6rmessen Restaurant\" href=\"https:\/\/www.svalbardblues.com\/?p=1212\">Spitsbergen Hotel, Sparks<\/a><\/h4>\n<\/th>\n<th width=\"100\">990,-<\/th>\n<th width=\"50\">17:30<\/th>\n<th width=\"50\"><\/th>\n<\/tr>\n<tr>\n<td style=\"text-align: left;\" width=\"300\"><a title=\"Mike Zito\" href=\"https:\/\/www.svalbardblues.com\/?p=1997\">Mike Zito<\/a> &amp; <a title=\"Tina Lie\" href=\"https:\/\/www.svalbardblues.com\/?p=2993\">Tina Lie<\/a><\/td>\n<td style=\"text-align: left;\" scope=\"colgroup\" colspan=\"3\">Festivalp\u00e4sse gelten hier nicht<\/td>\n<\/tr>\n<tr>\n<td style=\"text-align: left;\" scope=\"colgroup\" colspan=\"4\"><span>Atmosph\u00e4risches und intimes Blues-Dinner im Funktion\u00e6rmessen Restaurant mit den K\u00fcnstlern Mike Zito und Tina Lie. Inklusive Aperitif, 3-G\u00e4nge-Men\u00fc mit Weinpaket sowie Kaffee und Tee. <\/span> <span><strong>Die Karten k\u00f6nnen unter Tel: 79 02 62 00<\/strong> bestellt werden und m\u00fcssen bis sp\u00e4testens 19. Oktober abgeholt werden.  18. Tickets, die nicht abgeholt werden, werden weiterverkauft.<\/span><\/td>\n<\/tr>\n<\/tbody>\n<\/table>\n<p>[\/fancy_table] [divider] [fancy_table]<\/p>\n<table>\n<tbody>\n<tr>\n<th width=\"400\">\n<h4><a title=\"Barentz Kneipe\" href=\"https:\/\/www.svalbardblues.com\/svalbard\/bedrifter\/hurtigruten-svalbard\/barentz-pub\/\"><span style=\"color: #000000;\"><strong>Barentz Kneipe<\/strong><\/span><\/a><\/h4>\n<\/th>\n<th width=\"100\">200,-<\/th>\n<th width=\"50\">21:00<\/th>\n<th width=\"50\"><\/th>\n<\/tr>\n<tr>\n<td style=\"text-align: left;\" width=\"300\"><a title=\"Bl\u00e5myra\" href=\"https:\/\/www.svalbardblues.com\/?p=3012\">Bl\u00e5myra<\/a><\/td>\n<\/tr>\n<tr>\n<td style=\"text-align: left;\" width=\"300\"><a title=\"Bryan Lee\" href=\"https:\/\/www.svalbardblues.com\/?p=1980\">Bryan Lee<\/a><\/td>\n<\/tr>\n<\/tbody>\n<\/table>\n<p>[\/fancy_table] [fancy_table]<\/p>\n<table>\n<tbody>\n<tr>\n<th width=\"400\">\n<h4><a title=\"Zum Verschlucken\" href=\"https:\/\/www.svalbardblues.com\/1278\/svalbar\/\"><span style=\"color: #000000;\"><strong>Zum Verschlucken<\/strong><\/span><\/a><\/h4>\n<\/th>\n<th width=\"100\">200,-<\/th>\n<th width=\"50\">21:00<\/th>\n<th width=\"50\"><\/th>\n<\/tr>\n<tr>\n<td style=\"text-align: left;\" width=\"300\"><a title=\"Helle Seite F\u00fcnf\" href=\"https:\/\/www.svalbardblues.com\/?p=3111\">Helle Seite F\u00fcnf<\/a><\/td>\n<\/tr>\n<tr>\n<td style=\"text-align: left;\" width=\"300\"><a title=\"Tina Lie\" href=\"https:\/\/www.svalbardblues.com\/?p=2993\">Tina Lie<\/a><\/td>\n<\/tr>\n<\/tbody>\n<\/table>\n<p>[\/fancy_table] [fancy_table]<\/p>\n<table>\n<tbody>\n<tr>\n<th width=\"400\">\n<h4><a title=\"Kroa, Steakers Svalbard\" href=\"https:\/\/www.svalbardblues.com\/1264\/kroa\/\"><span style=\"color: #000000;\"><strong>Kroa<\/strong><\/span><\/a><\/h4>\n<\/th>\n<th width=\"100\">250,-<\/th>\n<th width=\"50\">21:00<\/th>\n<th width=\"50\"><\/th>\n<\/tr>\n<tr>\n<td style=\"text-align: left;\" width=\"300\"><a title=\"T-Bear &amp; die Dukes of Rhythm\" href=\"https:\/\/www.svalbardblues.com\/?p=3268\">T-Bear &amp; die Dukes of Rhythm<\/a><\/td>\n<\/tr>\n<tr>\n<td style=\"text-align: left;\" width=\"300\"><a title=\"Die Douglas-Gruppe\" href=\"https:\/\/www.svalbardblues.com\/?p=2134\">Die Douglas-Gruppe<\/a><\/td>\n<\/tr>\n<tr>\n<td style=\"text-align: left;\" width=\"300\"><a title=\"Mike Andersen Band\" href=\"https:\/\/www.svalbardblues.com\/?p=2112\">Mike Andersen Band<\/a><\/td>\n<\/tr>\n<\/tbody>\n<\/table>\n<p>[\/fancy_table] [divider_top] <a name=\"lordag\"><\/a>[fancy_header]Samstag[\/fancy_header] [fancy_table]<\/p>\n<table>\n<tbody>\n<tr>\n<th width=\"400\">\n<h4><a title=\"Barentz Kneipe\" href=\"https:\/\/www.svalbardblues.com\/svalbard\/bedrifter\/hurtigruten-svalbard\/barentz-pub\/\"><span style=\"color: #000000;\"><strong>Barentz Kneipe<\/strong><\/span>, Blues Mittagessen<\/a><\/h4>\n<\/th>\n<th width=\"100\">Freier Eintritt<\/th>\n<th width=\"50\">12:00<\/th>\n<th width=\"50\"><\/th>\n<\/tr>\n<tr>\n<td style=\"text-align: left;\" width=\"300\">JW mit Freunden<\/td>\n<\/tr>\n<tr>\n<td style=\"text-align: left;\" width=\"300\">K\u00fcnstlerinterview von \u00d8yvind R\u00f8nning<\/td>\n<\/tr>\n<\/tbody>\n<\/table>\n<p>[\/fancy_table] [fancy_table]<\/p>\n<table>\n<tbody>\n<tr>\n<th width=\"400\">\n<h4><a title=\"UNIS, TV Aktion 2011\" href=\"https:\/\/www.svalbardblues.com\/?p=3696\">UNIS, die TV-Kampagne<\/a><\/h4>\n<\/th>\n<th width=\"100\">250,- \/ 100,-<\/th>\n<th width=\"50\">14:00<\/th>\n<th width=\"50\">19:00<\/th>\n<\/tr>\n<tr>\n<td style=\"text-align: left;\" width=\"300\"><a title=\"T-Bear &amp; die Dukes of Rhythm\" href=\"https:\/\/www.svalbardblues.com\/?p=3268\">T-Bear &amp; The Dukes of Rhythm<\/a> um 15:00<\/td>\n<td style=\"text-align: left;\" scope=\"colgroup\" colspan=\"3\">Kinder u. 7 Jahre kostenlos.   <span>Alkoholfreie Veranstaltung.<\/span>  Festivalp\u00e4sse gelten hier nicht<\/td>\n<\/tr>\n<tr>\n<td style=\"text-align: left;\" scope=\"colgroup\" colspan=\"4\"><span>Internationales Buffet mit Speisen aus allen Ecken der Welt. Ein kulinarisches Erlebnis kombiniert mit eing\u00e4ngiger Bluesmusik und anderen kulturellen Veranstaltungen w\u00e4hrend des Nachmittags.   <\/span><br \/>\n<span>Eine Zusammenarbeit zwischen tv-aksjonen und Dark Season Blues.<\/span><\/td>\n<\/tr>\n<\/tbody>\n<\/table>\n<p>[\/fancy_table] [fancy_table]<\/p>\n<table>\n<tbody>\n<tr>\n<th width=\"400\">\n<h4><a title=\"Karlsberger Kneipe\" href=\"https:\/\/www.svalbardblues.com\/svalbard\/bedrifter\/karlsberger-pub\/\">Karlsberger Kneipe<\/a><\/h4>\n<\/th>\n<th width=\"100\">100,-<\/th>\n<th width=\"50\">15:00<\/th>\n<th width=\"50\"><\/th>\n<\/tr>\n<tr>\n<td style=\"text-align: left;\" width=\"300\"><a title=\"Micke &amp; Lefty feat. Chefkoch\" href=\"https:\/\/www.svalbardblues.com\/?p=2977\">Micke &amp; Lefty feat. Chefkoch<\/a><\/td>\n<\/tr>\n<\/tbody>\n<\/table>\n<p>[\/fancy_table] [fancy_table]<\/p>\n<table>\n<tbody>\n<tr>\n<th width=\"300\">\n<h4><a title=\"Das Haus\" href=\"https:\/\/www.svalbardblues.com\/svalbard\/bedrifter\/huset\/\">Das Haus<\/a><\/h4>\n<\/th>\n<th width=\"35\"><\/th>\n<th width=\"50\"><\/th>\n<th width=\"100\">500,-<\/th>\n<th width=\"50\">20:00<\/th>\n<th width=\"50\"><\/th>\n<\/tr>\n<tr>\n<th style=\"text-align: center;\" scope=\"colgroup\" colspan=\"2\">Haus 1. Stock<\/th>\n<th style=\"text-align: center;\" scope=\"colgroup\" colspan=\"4\">Haus 2. Stock<\/th>\n<\/tr>\n<tr>\n<td style=\"text-align: left;\" scope=\"colgroup\" colspan=\"2\"><a title=\"Helle Seite F\u00fcnf\" href=\"https:\/\/www.svalbardblues.com\/?p=3111\">Helle Seite F\u00fcnf<\/a><\/td>\n<td style=\"text-align: left;\" scope=\"colgroup\" colspan=\"4\"><a title=\"T-Bear &amp; die Dukes of Rhythm\" href=\"https:\/\/www.svalbardblues.com\/?p=3268\">T-Bear &amp; die Dukes of Rhythm<\/a><\/td>\n<\/tr>\n<tr>\n<td style=\"text-align: left;\" scope=\"colgroup\" colspan=\"2\"><a title=\"Micke &amp; Lefty feat. Chefkoch\" href=\"https:\/\/www.svalbardblues.com\/?p=2977\">Micke &amp; Lefty feat. Chefkoch <\/a><\/td>\n<td style=\"text-align: left;\" scope=\"colgroup\" colspan=\"4\"><a title=\"Die Douglas-Gruppe\" href=\"https:\/\/www.svalbardblues.com\/?p=2134\">Die Douglas-Gruppe<\/a><\/td>\n<\/tr>\n<tr>\n<td style=\"text-align: left;\" scope=\"colgroup\" colspan=\"2\"><a title=\"Bryan Lee\" href=\"https:\/\/www.svalbardblues.com\/?p=1980\">Bryan Lee<\/a><\/td>\n<td style=\"text-align: left;\" scope=\"colgroup\" colspan=\"4\"><a title=\"JW-Jones\" href=\"https:\/\/www.svalbardblues.com\/?p=1992\">JW-Jones<\/a><\/td>\n<\/tr>\n<tr>\n<td style=\"text-align: left;\" scope=\"colgroup\" colspan=\"2\"><a title=\"Tina Lie\" href=\"https:\/\/www.svalbardblues.com\/?p=2993\">Tina Lie<\/a><\/td>\n<td style=\"text-align: left;\" scope=\"colgroup\" colspan=\"4\"><a title=\"Mike Andersen Band\" href=\"https:\/\/www.svalbardblues.com\/?p=2112\">Mike Andersen Band<\/a><\/td>\n<\/tr>\n<tr>\n<td style=\"text-align: left;\" scope=\"colgroup\" colspan=\"2\"><a title=\"Eric \u201eSlim\u201c Zahl &amp; die South West Swingers\" href=\"https:\/\/www.svalbardblues.com\/?p=2126\">Eric \u201eSlim\u201c Zahl &amp; die South West Swingers<\/a><\/td>\n<td style=\"text-align: left;\" scope=\"colgroup\" colspan=\"4\"><a title=\"Mike Zito\" href=\"https:\/\/www.svalbardblues.com\/?p=1997\">Mike Zito<\/a><\/td>\n<\/tr>\n<tr>\n<td style=\"text-align: left;\" scope=\"colgroup\" colspan=\"6\">Konzerte auf beiden Etagen des Huset mit allen K\u00fcnstlern.<\/td>\n<\/tr>\n<\/tbody>\n<\/table>\n<p>[\/fancy_table] [divider_top] <a name=\"sondag\"><\/a>[fancy_header]Sonntag[\/fancy_header] [fancy_table]<\/p>\n<table>\n<tbody>\n<tr>\n<th width=\"400\">\n<h4><a title=\"Svalbard Kirche\" href=\"https:\/\/www.svalbardblues.com\/1284\/svalbard-kirke\/\">Svalbard Kirche<\/a><\/h4>\n<\/th>\n<th width=\"100\">100,- \/ 50,-<\/th>\n<th width=\"50\">18:00<\/th>\n<th width=\"50\"><\/th>\n<\/tr>\n<tr>\n<td style=\"text-align: left;\" width=\"300\"><a title=\"Bryan Lee\" href=\"https:\/\/www.svalbardblues.com\/?p=1980\">Bryan Lee<\/a> &amp; <a title=\"Die Douglas-Gruppe\" href=\"https:\/\/www.svalbardblues.com\/?p=2134\">Die Douglas-Gruppe<\/a><\/td>\n<td style=\"text-align: left;\" scope=\"colgroup\" colspan=\"3\"><\/td>\n<\/tr>\n<\/tbody>\n<\/table>\n<p>[\/fancy_table] [fancy_table]<\/p>\n<table>\n<tbody>\n<tr>\n<th width=\"400\">\n<h4><a title=\"Barentz Kneipe\" href=\"https:\/\/www.svalbardblues.com\/svalbard\/bedrifter\/hurtigruten-svalbard\/barentz-pub\/\"><span style=\"color: #000000;\"><strong>Barentz Pub<\/strong><\/span>, Bluesjam<\/a><\/h4>\n<\/th>\n<th width=\"100\">Freier Eintritt<\/th>\n<th width=\"50\">21:00<\/th>\n<th width=\"50\"><\/th>\n<\/tr>\n<tr>\n<td style=\"text-align: left;\" width=\"300\">Jam-Session. Bringen Sie Ihr eigenes Instrument mit.<br \/>\nGastgeber des diesj\u00e4hrigen Jams ist Mike Andersen<\/td>\n<\/tr>\n<\/tbody>\n<\/table>\n<p>[\/fancy_table] [divider_top]<\/p>\n<p><a name=\"festivalpass\"><\/a>[fancy_header]Festival-Pass:[\/fancy_header]<\/p>\n<p>[one_half]<\/p>\n<p><strong>Preise Festivalpass:<\/strong><br \/>\nDonnerstag bis Sonntag NOK 1000,-<br \/>\nFreitag bis Sonntag NOK 900,-<\/p>\n<p>[\/one_half]<\/p>\n<p>[one_half_last]<\/p>\n<p><strong>Vorbestellung von Festivalp\u00e4ssen:<\/strong><br \/>\nSenden Sie eine E-Mail an tickets(a)svalbardblues.com, um einen Pass vorzubestellen.<br \/>\nVorbestellte P\u00e4sse k\u00f6nnen am Donnerstag\/Freitag w\u00e4hrend der Festivalwoche im Isbj\u00f8rnbutikken abgeholt werden.<\/p>\n<p>[\/one_half_last]<\/p>\n<p><strong>Einschr\u00e4nkungen f\u00fcr Festivalp\u00e4sse:<\/strong><br \/>\nFestivalp\u00e4sse sind f\u00fcr alle Konzerte g\u00fcltig, mit Ausnahme der im Programm beschriebenen Veranstaltungsorte.<br \/>\nFestivalp\u00e4sse sind f\u00fcr folgende Veranstaltungen nicht g\u00fcltig:<br \/>\n-Funken, 3-G\u00e4nge-Blues-Dinner.<br \/>\n-UNIS, Spendenmarathon<\/p>\n<p>&nbsp;<\/p>\n<p><a name=\"billettsalg\"><\/a>[fancy_header]Ticketverkauf[\/fancy_header]<\/p>\n<p>Tickets werden im MIX Isbj\u00f8rnbutikken verkauft von  <strong>Montag, 17. Oktober <\/strong>. Festivalp\u00e4sse von  <strong>Donnerstag, 20. Oktober <\/strong>.<br \/>\nTickets werden auch an den T\u00fcren der einzelnen Veranstaltungsorte verkauft, vorbehaltlich des Ausverkaufs.<br \/>\nAchtung! Nur Bargeld. <\/p>\n<p>Karten f\u00fcr das Blues-Dinner im Restaurant Funktion\u00e6rmessen k\u00f6nnen Sie telefonisch bestellen: 79 02 62 00<\/p>\n<p>[divider_top]<\/p>\n<p>&nbsp;<\/p>\n<p><a href=\"https:\/\/www.svalbardblues.com\/de\/\"><img fetchpriority=\"high\" decoding=\"async\" class=\"aligncenter size-full wp-image-3625\" title=\"Dunkle Jahreszeit Blues 2011\" src=\"https:\/\/www.svalbardblues.com\/wp-content\/uploads\/2011\/01\/dsb-2011-logo_600.jpg\" alt=\"Dark Season Blues Spitsbergen 2011 in Svalbard.\" width=\"600\" height=\"466\" srcset=\"https:\/\/www.svalbardblues.com\/wp-content\/uploads\/2011\/01\/dsb-2011-logo_600.jpg 600w, https:\/\/www.svalbardblues.com\/wp-content\/uploads\/2011\/01\/dsb-2011-logo_600-300x233.jpg 300w\" sizes=\"(max-width: 600px) 100vw, 600px\" \/><\/a><\/p>\n","protected":false},"excerpt":{"rendered":"<p>[fancy_header]Donnerstag[\/fancy_header] [fancy_table] Barentz Kneipe 200,- 21:00 Micke &amp; Lefty feat. Chefkoch Eric \u201eSlim\u201c Zahl &amp; die South West Swingers [\/fancy_table] [fancy_table] Kroa 200,- 21:00 JW-Jones Mike Zito [\/fancy_table] [divider_top] [fancy_header]Freitag[\/fancy_header] [fancy_table] Kindergarten-Konzert 10:30 Iver Olav und Adam Douglas [\/fancy_table] [fancy_table] Schulkonzert 11:30 Helle Seite F\u00fcnf [\/fancy_table] [fancy_table] Barentz Kneipe, Blues Mittagessen Freier Eintritt 12:00 Eric &#8230; <\/p>\n<p class=\"read-more-container\"><a title=\"Programm 20. &#8211; 23. Oktober 2011\" class=\"read-more button\" href=\"https:\/\/www.svalbardblues.com\/de\/dsb\/program-2011\/#more-23939\" aria-label=\"Mehr Informationen \u00fcber Programm 20. &#8211; 23. Oktober 2011\">Read more<\/a><\/p>\n","protected":false},"author":1,"featured_media":0,"parent":23582,"menu_order":0,"comment_status":"closed","ping_status":"closed","template":"template-left-sidebar.php","meta":{"inline_featured_image":false,"footnotes":""},"class_list":["post-23939","page","type-page","status-publish"],"yoast_head":"<!-- This site is optimized with the Yoast SEO Premium plugin v26.2 (Yoast SEO v27.5) - https:\/\/yoast.com\/product\/yoast-seo-premium-wordpress\/ -->\n<title>Dark Season Blues | PROGRAMM 2011 | Svalbard<\/title>\n<meta name=\"description\" content=\"Das Programm f\u00fcr Dark Season Blues Spitsbergen 2011 in Svalbard.\" \/>\n<meta name=\"robots\" content=\"index, follow, max-snippet:-1, max-image-preview:large, max-video-preview:-1\" \/>\n<link rel=\"canonical\" href=\"https:\/\/www.svalbardblues.com\/de\/dsb\/program-2011\/\" \/>\n<meta property=\"og:locale\" content=\"de_DE\" \/>\n<meta property=\"og:type\" content=\"article\" \/>\n<meta property=\"og:title\" content=\"Programm 20. - 23. Oktober 2011\" \/>\n<meta property=\"og:description\" content=\"Das Programm f\u00fcr Dark Season Blues Spitsbergen 2011 in Svalbard.\" \/>\n<meta property=\"og:url\" content=\"https:\/\/www.svalbardblues.com\/de\/dsb\/program-2011\/\" \/>\n<meta property=\"og:site_name\" content=\"Dark Season Blues | SVALBARD\" \/>\n<meta property=\"article:publisher\" content=\"https:\/\/www.facebook.com\/DarkSeasonBlues\" \/>\n<meta property=\"og:image\" content=\"https:\/\/www.svalbardblues.com\/wp-content\/uploads\/2011\/01\/dsb-2011-logo_600.jpg\" \/>\n\t<meta property=\"og:image:width\" content=\"600\" \/>\n\t<meta property=\"og:image:height\" content=\"466\" \/>\n\t<meta property=\"og:image:type\" content=\"image\/jpeg\" \/>\n<meta name=\"twitter:label1\" content=\"Gesch\u00e4tzte Lesezeit\" \/>\n\t<meta name=\"twitter:data1\" content=\"3\u00a0Minuten\" \/>\n<script type=\"application\/ld+json\" class=\"yoast-schema-graph\">{\"@context\":\"https:\\\/\\\/schema.org\",\"@graph\":[{\"@type\":\"WebPage\",\"@id\":\"https:\\\/\\\/www.svalbardblues.com\\\/de\\\/dsb\\\/program-2011\\\/\",\"url\":\"https:\\\/\\\/www.svalbardblues.com\\\/de\\\/dsb\\\/program-2011\\\/\",\"name\":\"Dark Season Blues | PROGRAMM 2011 | Svalbard\",\"isPartOf\":{\"@id\":\"https:\\\/\\\/www.svalbardblues.com\\\/de\\\/#website\"},\"primaryImageOfPage\":{\"@id\":\"https:\\\/\\\/www.svalbardblues.com\\\/de\\\/dsb\\\/program-2011\\\/#primaryimage\"},\"image\":{\"@id\":\"https:\\\/\\\/www.svalbardblues.com\\\/de\\\/dsb\\\/program-2011\\\/#primaryimage\"},\"thumbnailUrl\":\"https:\\\/\\\/www.svalbardblues.com\\\/wp-content\\\/uploads\\\/2011\\\/01\\\/dsb-2011-logo_600.jpg\",\"datePublished\":\"2011-11-15T10:19:27+00:00\",\"description\":\"Das Programm f\u00fcr Dark Season Blues Spitsbergen 2011 in Svalbard.\",\"breadcrumb\":{\"@id\":\"https:\\\/\\\/www.svalbardblues.com\\\/de\\\/dsb\\\/program-2011\\\/#breadcrumb\"},\"inLanguage\":\"de\",\"potentialAction\":[{\"@type\":\"ReadAction\",\"target\":[\"https:\\\/\\\/www.svalbardblues.com\\\/de\\\/dsb\\\/program-2011\\\/\"]}]},{\"@type\":\"ImageObject\",\"inLanguage\":\"de\",\"@id\":\"https:\\\/\\\/www.svalbardblues.com\\\/de\\\/dsb\\\/program-2011\\\/#primaryimage\",\"url\":\"https:\\\/\\\/www.svalbardblues.com\\\/wp-content\\\/uploads\\\/2011\\\/01\\\/dsb-2011-logo_600.jpg\",\"contentUrl\":\"https:\\\/\\\/www.svalbardblues.com\\\/wp-content\\\/uploads\\\/2011\\\/01\\\/dsb-2011-logo_600.jpg\"},{\"@type\":\"BreadcrumbList\",\"@id\":\"https:\\\/\\\/www.svalbardblues.com\\\/de\\\/dsb\\\/program-2011\\\/#breadcrumb\",\"itemListElement\":[{\"@type\":\"ListItem\",\"position\":1,\"name\":\"Hjem\",\"item\":\"https:\\\/\\\/www.svalbardblues.com\\\/de\\\/\"},{\"@type\":\"ListItem\",\"position\":2,\"name\":\"Dunkle Jahreszeit Blues Spitzbergen\",\"item\":\"https:\\\/\\\/www.svalbardblues.com\\\/de\\\/dsb\\\/\"},{\"@type\":\"ListItem\",\"position\":3,\"name\":\"Programm 20. &#8211; 23. Oktober 2011\"}]},{\"@type\":\"WebSite\",\"@id\":\"https:\\\/\\\/www.svalbardblues.com\\\/de\\\/#website\",\"url\":\"https:\\\/\\\/www.svalbardblues.com\\\/de\\\/\",\"name\":\"Dark Season Blues | SVALBARD\",\"description\":\"The World&#039;s Northenmost Blues Festival\",\"publisher\":{\"@id\":\"https:\\\/\\\/www.svalbardblues.com\\\/de\\\/#organization\"},\"potentialAction\":[{\"@type\":\"SearchAction\",\"target\":{\"@type\":\"EntryPoint\",\"urlTemplate\":\"https:\\\/\\\/www.svalbardblues.com\\\/de\\\/?s={search_term_string}\"},\"query-input\":{\"@type\":\"PropertyValueSpecification\",\"valueRequired\":true,\"valueName\":\"search_term_string\"}}],\"inLanguage\":\"de\"},{\"@type\":\"Organization\",\"@id\":\"https:\\\/\\\/www.svalbardblues.com\\\/de\\\/#organization\",\"name\":\"Dark Season Blues\",\"url\":\"https:\\\/\\\/www.svalbardblues.com\\\/de\\\/\",\"logo\":{\"@type\":\"ImageObject\",\"inLanguage\":\"de\",\"@id\":\"https:\\\/\\\/www.svalbardblues.com\\\/de\\\/#\\\/schema\\\/logo\\\/image\\\/\",\"url\":\"https:\\\/\\\/www.svalbardblues.com\\\/wp-content\\\/uploads\\\/2017\\\/06\\\/DSB2017-Illustrasjon-620.jpg\",\"contentUrl\":\"https:\\\/\\\/www.svalbardblues.com\\\/wp-content\\\/uploads\\\/2017\\\/06\\\/DSB2017-Illustrasjon-620.jpg\",\"width\":620,\"height\":488,\"caption\":\"Dark Season Blues\"},\"image\":{\"@id\":\"https:\\\/\\\/www.svalbardblues.com\\\/de\\\/#\\\/schema\\\/logo\\\/image\\\/\"},\"sameAs\":[\"https:\\\/\\\/www.facebook.com\\\/DarkSeasonBlues\",\"https:\\\/\\\/x.com\\\/DarkSeasonBlues\",\"https:\\\/\\\/www.instagram.com\\\/darkseasonblues\\\/\",\"https:\\\/\\\/no.wikipedia.org\\\/wiki\\\/Dark_Season_Blues\"]}]}<\/script>\n<!-- \/ Yoast SEO Premium plugin. -->","yoast_head_json":{"title":"Dark Season Blues | PROGRAMM 2011 | Svalbard","description":"Das Programm f\u00fcr Dark Season Blues Spitsbergen 2011 in Svalbard.","robots":{"index":"index","follow":"follow","max-snippet":"max-snippet:-1","max-image-preview":"max-image-preview:large","max-video-preview":"max-video-preview:-1"},"canonical":"https:\/\/www.svalbardblues.com\/de\/dsb\/program-2011\/","og_locale":"de_DE","og_type":"article","og_title":"Programm 20. - 23. Oktober 2011","og_description":"Das Programm f\u00fcr Dark Season Blues Spitsbergen 2011 in Svalbard.","og_url":"https:\/\/www.svalbardblues.com\/de\/dsb\/program-2011\/","og_site_name":"Dark Season Blues | SVALBARD","article_publisher":"https:\/\/www.facebook.com\/DarkSeasonBlues","og_image":[{"width":600,"height":466,"url":"https:\/\/www.svalbardblues.com\/wp-content\/uploads\/2011\/01\/dsb-2011-logo_600.jpg","type":"image\/jpeg"}],"twitter_misc":{"Gesch\u00e4tzte Lesezeit":"3\u00a0Minuten"},"schema":{"@context":"https:\/\/schema.org","@graph":[{"@type":"WebPage","@id":"https:\/\/www.svalbardblues.com\/de\/dsb\/program-2011\/","url":"https:\/\/www.svalbardblues.com\/de\/dsb\/program-2011\/","name":"Dark Season Blues | PROGRAMM 2011 | Svalbard","isPartOf":{"@id":"https:\/\/www.svalbardblues.com\/de\/#website"},"primaryImageOfPage":{"@id":"https:\/\/www.svalbardblues.com\/de\/dsb\/program-2011\/#primaryimage"},"image":{"@id":"https:\/\/www.svalbardblues.com\/de\/dsb\/program-2011\/#primaryimage"},"thumbnailUrl":"https:\/\/www.svalbardblues.com\/wp-content\/uploads\/2011\/01\/dsb-2011-logo_600.jpg","datePublished":"2011-11-15T10:19:27+00:00","description":"Das Programm f\u00fcr Dark Season Blues Spitsbergen 2011 in Svalbard.","breadcrumb":{"@id":"https:\/\/www.svalbardblues.com\/de\/dsb\/program-2011\/#breadcrumb"},"inLanguage":"de","potentialAction":[{"@type":"ReadAction","target":["https:\/\/www.svalbardblues.com\/de\/dsb\/program-2011\/"]}]},{"@type":"ImageObject","inLanguage":"de","@id":"https:\/\/www.svalbardblues.com\/de\/dsb\/program-2011\/#primaryimage","url":"https:\/\/www.svalbardblues.com\/wp-content\/uploads\/2011\/01\/dsb-2011-logo_600.jpg","contentUrl":"https:\/\/www.svalbardblues.com\/wp-content\/uploads\/2011\/01\/dsb-2011-logo_600.jpg"},{"@type":"BreadcrumbList","@id":"https:\/\/www.svalbardblues.com\/de\/dsb\/program-2011\/#breadcrumb","itemListElement":[{"@type":"ListItem","position":1,"name":"Hjem","item":"https:\/\/www.svalbardblues.com\/de\/"},{"@type":"ListItem","position":2,"name":"Dunkle Jahreszeit Blues Spitzbergen","item":"https:\/\/www.svalbardblues.com\/de\/dsb\/"},{"@type":"ListItem","position":3,"name":"Programm 20. &#8211; 23. Oktober 2011"}]},{"@type":"WebSite","@id":"https:\/\/www.svalbardblues.com\/de\/#website","url":"https:\/\/www.svalbardblues.com\/de\/","name":"Dark Season Blues | SVALBARD","description":"The World&#039;s Northenmost Blues Festival","publisher":{"@id":"https:\/\/www.svalbardblues.com\/de\/#organization"},"potentialAction":[{"@type":"SearchAction","target":{"@type":"EntryPoint","urlTemplate":"https:\/\/www.svalbardblues.com\/de\/?s={search_term_string}"},"query-input":{"@type":"PropertyValueSpecification","valueRequired":true,"valueName":"search_term_string"}}],"inLanguage":"de"},{"@type":"Organization","@id":"https:\/\/www.svalbardblues.com\/de\/#organization","name":"Dark Season Blues","url":"https:\/\/www.svalbardblues.com\/de\/","logo":{"@type":"ImageObject","inLanguage":"de","@id":"https:\/\/www.svalbardblues.com\/de\/#\/schema\/logo\/image\/","url":"https:\/\/www.svalbardblues.com\/wp-content\/uploads\/2017\/06\/DSB2017-Illustrasjon-620.jpg","contentUrl":"https:\/\/www.svalbardblues.com\/wp-content\/uploads\/2017\/06\/DSB2017-Illustrasjon-620.jpg","width":620,"height":488,"caption":"Dark Season Blues"},"image":{"@id":"https:\/\/www.svalbardblues.com\/de\/#\/schema\/logo\/image\/"},"sameAs":["https:\/\/www.facebook.com\/DarkSeasonBlues","https:\/\/x.com\/DarkSeasonBlues","https:\/\/www.instagram.com\/darkseasonblues\/","https:\/\/no.wikipedia.org\/wiki\/Dark_Season_Blues"]}]}},"_links":{"self":[{"href":"https:\/\/www.svalbardblues.com\/de\/wp-json\/wp\/v2\/pages\/23939","targetHints":{"allow":["GET"]}}],"collection":[{"href":"https:\/\/www.svalbardblues.com\/de\/wp-json\/wp\/v2\/pages"}],"about":[{"href":"https:\/\/www.svalbardblues.com\/de\/wp-json\/wp\/v2\/types\/page"}],"author":[{"embeddable":true,"href":"https:\/\/www.svalbardblues.com\/de\/wp-json\/wp\/v2\/users\/1"}],"replies":[{"embeddable":true,"href":"https:\/\/www.svalbardblues.com\/de\/wp-json\/wp\/v2\/comments?post=23939"}],"version-history":[{"count":0,"href":"https:\/\/www.svalbardblues.com\/de\/wp-json\/wp\/v2\/pages\/23939\/revisions"}],"up":[{"embeddable":true,"href":"https:\/\/www.svalbardblues.com\/de\/wp-json\/wp\/v2\/pages\/23582"}],"wp:attachment":[{"href":"https:\/\/www.svalbardblues.com\/de\/wp-json\/wp\/v2\/media?parent=23939"}],"curies":[{"name":"wp","href":"https:\/\/api.w.org\/{rel}","templated":true}]}}