{"id":23947,"date":"2011-11-22T19:18:39","date_gmt":"2011-11-22T19:18:39","guid":{"rendered":"https:\/\/www.svalbardblues.com\/longyearbyen\/lokale-stedsnavn\/"},"modified":"2011-11-22T19:18:39","modified_gmt":"2011-11-22T19:18:39","slug":"lokale-stedsnavn","status":"publish","type":"page","link":"https:\/\/www.svalbardblues.com\/de\/longyearbyen\/lokale-stedsnavn\/","title":{"rendered":"Lokale Ortsnamen in Longyearbyen"},"content":{"rendered":"<figure id=\"attachment_4264\" aria-describedby=\"caption-attachment-4264\" style=\"width: 590px\" class=\"wp-caption aligncenter\"><img fetchpriority=\"high\" decoding=\"async\" class=\"size-full wp-image-4264\" title=\"jernsenga-adventdalen\" src=\"https:\/\/www.svalbardblues.com\/wp-content\/uploads\/2011\/11\/jernsenga-adventdalen.jpg\" alt=\"Jernsenga im Adventstal. Auch Durchzugsvilla genannt. 2 Eisenbetten und 1 Ofen\" width=\"600\" height=\"309\" srcset=\"https:\/\/www.svalbardblues.com\/wp-content\/uploads\/2011\/11\/jernsenga-adventdalen.jpg 600w, https:\/\/www.svalbardblues.com\/wp-content\/uploads\/2011\/11\/jernsenga-adventdalen-300x154.jpg 300w\" sizes=\"(max-width: 600px) 100vw, 600px\" \/><figcaption id=\"caption-attachment-4264\" class=\"wp-caption-text\">Jernsenga - Villa Gjennomtrekk<\/figcaption><\/figure>\n<p><strong>In Longyearbyen m\u00fcssen Sie keine gro\u00dfen Taten vollbringen, um einen Spitznamen zu bekommen. So ist es auch mit den Orten. Hier ist die Geschichte einiger lokaler Ortsnamen.  <\/strong><\/p>\n<p>[one_half]<\/p>\n<h2>Ahlmannk\u00e5ken<\/h2>\n<p>Geb\u00e4ude 316. Der schwedische Glaziologe, Geograph,<br \/>\nProfessor und Botschafter in Oslo, Hans Jakob<br \/>\nKonrad Wilhelmsson (W.son) Ahlmann (1889-<br \/>\n1974), errichtete das Geb\u00e4ude auf der S\u00fcdseite des<br \/>\nMurchisonfjorden, gegen\u00fcber von S\u00f8re Russ\u00f8y auf<br \/>\nNordaust landet, am St\u00fctzpunkt Sveanor im Sommer<br \/>\n1931. SNSK kaufte es und stellte es dort auf, wo<br \/>\nes heute steht, unterhalb der Kirche.  <\/p>\n<h2>Haus des Gebets<\/h2>\n<p>Stra\u00dfe 238\/21. Wurde 1990 erbaut. Das etwas quadratische<br \/>\nzweist\u00f6ckige Haus mit 13 Wohnungen war ziemlich<br \/>\neinsam unten am Meer, bevor die anderen H\u00e4user<br \/>\nhinzugef\u00fcgt wurden. Es erhielt seinen Namen, weil manche Leute meinen, dass es<br \/>\nwie ein Gebetshaus aussieht.   <\/p>\n<h2>Bl\u00e5myra<\/h2>\n<p>Stra\u00dfe 232. Begonnen im Jahr 1990. Die blau gestrichenen<br \/>\nH\u00e4user stehen teilweise in sumpfigem Gel\u00e4nde.  <\/p>\n<h2>Der K\u00e4fig oder der jungfr\u00e4uliche K\u00e4fig<\/h2>\n<p>wurde 1947 erbaut und befindet sich gegen\u00fcber von Stormessa<br \/>\nin Nybyen, oberhalb der damaligen Formannsmessa.<br \/>\nHier gab es Kabinen f\u00fcr weibliche Standbetreuer.<br \/>\nDie Messe zog 1985 nach Busen um und<br \/>\nBuret wurde zu einem gew\u00f6hnlichen Wohnblock.<\/p>\n<h2>Burma Stra\u00dfe<\/h2>\n<p>Die erste Burma Road wurde um 1950 gebaut. Die<br \/>\nneue Burma Road wurde 1963 gebaut und liegt<br \/>\nzum Teil unter der alten Stra\u00dfe. Die Burma Road zwischen<br \/>\nBurma und China war w\u00e4hrend des Zweiten Weltkriegs von gro\u00dfer strategischer Bedeutung<br \/>\n. Daher auch der Name.   <\/p>\n<h2>Br\u00fcste<\/h2>\n<p>ist Teil des Lompen Centre, das<br \/>\n1985 erbaut wurde. Britt Ohm gewann den Wettbewerb um den Namen des Caf\u00e9s<br \/>\n. Der Bus ist bekanntlich der Ehrenname<br \/>\neines Bergmanns.  <\/p>\n<h2>Cowboy-Stadt<\/h2>\n<p>Stra\u00dfe 234. Die Fassaden der H\u00e4user \u00e4hneln den Kulissen<br \/>\neines Cowboyfilms mit ihren kleinen Veranden an<br \/>\ndem Eingang. <\/p>\n<h2>Funken<\/h2>\n<p>Die Egentlig Funksjon\u00e6rmessa (FUM) wurde 1947 unter<br \/>\ngebaut und war eine Unterkunft f\u00fcr unverheiratete Angestellte.<br \/>\nDie Jungen wohnten auf der rechten Seite, wenn wir die Treppe<br \/>\nin den zweiten Stock hinaufkamen, und die M\u00e4dchen auf der linken Seite. Im ersten<br \/>\nStock gab es einen Tischtennisraum (sp\u00e4ter ein Billardzimmer),<br \/>\nein Kaminzimmer, eine Telefonzelle, eine separate Kabine<br \/>\nmit wei\u00dfen Tischdecken, einen Aufenthaltsraum und einen VIP-Bereich f\u00fcr<br \/>\nG\u00e4ste der SNSK. <\/p>\n<h2>Gr\u00f8nnbrakka<\/h2>\n<p>Am alten Seilbahnwinkel bei der<br \/>\nAbfahrt zur Milchstra\u00dfe. Das Geb\u00e4ude wurde zun\u00e4chst als<br \/>\nUnterkunft genutzt. Im Februar 1987 wurde es zu einem<br \/>\nFeinkaliber-Pistolenschie\u00dfstand umgebaut. Grobkaliberpistole<br \/>\nvon 1992.   <\/p>\n<h2>Hiorth Harbour oder Musk Harbour<\/h2>\n<p>Im Jahr 1918 wurde der Ort nach dem Regisseur Fredrik<br \/>\nWilhelm Louis Hiorth in Hiorthavn umbenannt. 1933 wurde der Name Hiorthavn<br \/>\nin Hiorthhamn ge\u00e4ndert, in \u00dcbereinstimmung mit der Regel, dass<br \/>\ndie nynorskische Rechtschreibung so weit wie<br \/>\nm\u00f6glich verwendet werden sollte, wenn es um Ortsnamen auf<br \/>\nSvalbard geht. 1938 wurde Hiorthhamn in<br \/>\nMoskushamn umbenannt, weil 1929 17 Moschusochsen<br \/>\naus Gr\u00f6nland an Land gebracht wurden. Im Jahr 2002 wurde der Name wieder in Hiorthamn ge\u00e4ndert.    <\/p>\n<h2>Das Haus<\/h2>\n<p>ist die Abk\u00fcrzung f\u00fcr das 1951 erbaute Gemeindezentrum<br \/>\n, das am Fu\u00dfe der Stra\u00dfe nach<br \/>\nSverdrupbyen liegt.<\/p>\n<h2>Indianerdorf oder Spisshusene<\/h2>\n<p style=\"text-align: center;\"><img decoding=\"async\" class=\"size-full wp-image-4266 aligncenter\" title=\"Longyearbyen Svalbard Spisshus\" src=\"https:\/\/www.svalbardblues.com\/wp-content\/uploads\/2011\/11\/Longyearbyen-Svalbard-Spisshus.jpg\" alt=\"Die Spitzenh\u00e4user in Longyearbyen. Auch das Indianerdorf genannt\" width=\"185\" height=\"125\"><\/p>\n<p>wurde im Jahr 1976 gebaut. Das Feld der identischen H\u00e4user in Vei<br \/>\n230. Zun\u00e4chst wurden sie wegen ihrer spitzen D\u00e4cher Indianerlandsbyen<br \/>\ngenannt. Nicht lange nach<br \/>\nwurde daraus Spisshusene.   <\/p>\n<h2>Der Keller<\/h2>\n<p>Von 1984-1992 gab es im Keller von<br \/>\nFunken ein Pologesch\u00e4ft.<br \/>\nEs wurde Kjelleren genannt. Vor 1987 konnten Sie im Keller der AMV (Arbeitsmesse<br \/>\nwest) in Sverdrupbyen Kisten mit Bier kaufen<br \/>\n. Man nannte es auch Kjelleren<br \/>\n&#8211; oder \u00d8lkjelleren. Der Bierverkauf wurde 1987 in das Gesch\u00e4ft<br \/>\nin Nybyen verlegt.   <\/p>\n<h2>Clogs<\/h2>\n<p>Vor 1985 wechselten die Menschen ihre Arbeitskleidung<br \/>\nan verschiedenen Orten wie Maskinbrakka<br \/>\nin Skj\u00e6ringa, Funken und Nybyen (dem Hauptschwimmbad).<br \/>\nAb August 1985 hie\u00df das Mehrzweckzentrum<br \/>\nLompen, wo man auf der oberen<br \/>\nSeite des Badezimmers in sauberem und auf der<br \/>\nR\u00fcckseite in schmutzigem Schlamm zum Bus ging, und umgekehrt. Dieser Toilettenbereich des<br \/>\nMehrzweckzentrums, in dem sich auch eine W\u00e4scherei<br \/>\nund B\u00fcros befanden, wurde nach einem von Judith Gylseth gewonnenen Namenswettbewerb<br \/>\nLompen genannt. <\/p>\n<h2>L\u00f8w\u00f8broen<\/h2>\n<p>Im Jahr 1953 lieferte die S\u00f8rlandsbane von NSB ing. Fridtjof L\u00f8w\u00f8<br \/>\nlieferte 1953 die Eisenbahnbr\u00fccke, die die Verbindung<br \/>\nzwischen Mine 1b und Mine 4 herstellte. Das Gleis<br \/>\nbefand sich 17 Meter \u00fcber dem Boden. Es transportierte Gestein von der Mine<br \/>\n1b auf die andere Seite des Tals in Verbindung<br \/>\nmit der Planung von Mine 4. Sp\u00e4ter wurde es f\u00fcr<br \/>\nKohletransport genutzt. Die Br\u00fccke wurde 1981 abgerissen.    <\/p>\n<p>[\/one_half]<\/p>\n<p>[one_half_last]<\/p>\n<h2>Milchstra\u00dfe<\/h2>\n<p>\u201eEiserne Kuhmilch\u201c (maschinell aus Pulver hergestellt) wurde<br \/>\nbis 1995 im Keller von Stormessa hergestellt. Sie<br \/>\nkonnten die Milch in Eimern an verschiedenen Stellen in<br \/>\nder Stadt abholen. 1985 wurden der Brotverkauf und die gesamte Milchsammlung<br \/>\nin dem neuen Mehrzweckgeb\u00e4ude zentralisiert.<br \/>\nEs hie\u00df, dass die Frau des Gouverneurs zu weit<br \/>\nmusste, so dass man 1985 die sogenannte Milchstra\u00dfe<br \/>\nbauen musste.  <\/p>\n<h2>Die Pforten der Perle<\/h2>\n<p>Ein Erdrutsch vom \u201eVannledningsdalen\u201c bei Haugen zerst\u00f6rte<br \/>\ndie Br\u00fccke \u00fcber den Hilmar Rekstensvei direkt unterhalb von<br \/>\nHaugen im Jahr 1989. Da es bereits eine<br \/>\nparallele Stra\u00dfe von Haugen zum Meer gab, entschied man sich,<br \/>\nnur eine Fu\u00dfg\u00e4ngerbr\u00fccke \u00fcber den Fluss zu bauen. Da die Menschen<br \/>\ngewohnt waren, hier zu fahren, wurden die Gel\u00e4nder<br \/>\nmit vielen Reflektoren in allen Farben markiert. Sie leuchteten<br \/>\nwie Perlen an einer Schnur im Licht der Autos.   <\/p>\n<h2>Zubeh\u00f6r<\/h2>\n<p>Erbaut im Jahr 1950. Im Kraftwerk am Meer<br \/>\nbefand sich der Lebensmittelladen mit Tiefk\u00fchlprodukten, Gem\u00fcse<br \/>\nund Trockenvorr\u00e4ten. Damals gab es noch keinen gew\u00f6hnlichen<br \/>\nLebensmittelladen. Anhand einer \u00dcbersichtsliste wurde<br \/>\neine Bestellung geschrieben und in die gelben Briefk\u00e4sten<br \/>\nin der Stadt eingeworfen. Die Waren wurden verpackt und<br \/>\nan die Haust\u00fcr geliefert, und die Rechnung wurde vom Gehalt abgezogen.<br \/>\nDies galt nur f\u00fcr Haushalte mit Zugang zu<br \/>\nK\u00fcchen, und es waren meist Familien, die<br \/>\n\u00fcberhaupt Zugang dazu hatten. 1992 wurde der neue<br \/>\nSvalbard-Laden im Stadtzentrum er\u00f6ffnet und Provianten<br \/>\nstellte den Verkauf von Lebensmitteln ein.    <\/p>\n<h2>Reitzaun<\/h2>\n<p>Wohnblock 232\/16 aus dem Jahr 1979. Benannt nach<br \/>\nder Anstalt Reitgjerdet. Der Name war ein kleiner Kick<br \/>\nf\u00fcr die vielen Lehrer und Regierungsangestellten, die<br \/>\ndort wohnten.  <\/p>\n<h2>Rosenkeller<\/h2>\n<p>Der Keller in Murboligen zwischen Funken und dem alten<br \/>\nKrankenhaus, der 1954 gebaut wurde, hie\u00df Rosekjelleren.<br \/>\nBis Anfang der 1980er Jahre hatte<br \/>\nFunken eine eigene Messe f\u00fcr die unverheirateten Angestellten<br \/>\n, die dort lebten.<br \/>\nDie unverheirateten M\u00e4dchen (die Rosen), die in der K\u00fcche von<br \/>\narbeiteten, wohnten im Keller von Murboligen.<br \/>\nAlso Rosekjelleren. Eine andere Erkl\u00e4rung ist<br \/>\n, dass es sehr belebt war und<br \/>\nmit Rosekjelleren in Oslo verglichen wurde. <\/p>\n<h2>Russeboligen<\/h2>\n<p>228\/9+11 wurde im Jahr 1975 gebaut. Die Mitarbeiter<br \/>\nvon Aeroflot wohnten hier von 1975 bis 1991, als sie jeden Mittwoch<br \/>\nFl\u00fcge nach Longyearbyen durchf\u00fchrten. <\/p>\n<h2>Shang-Po-Lar<\/h2>\n<p>Von Gr\u00fcndonnerstag 1962 bis zum 29. September 1984 wurde ein Shang-Po-Lar-Abend<br \/>\nmit einem lokalen Orchester<br \/>\nin Nysalen in Sverdrupbyen veranstaltet. Chinesische<br \/>\nSymbole wurden auf ein breites<br \/>\nBand an den W\u00e4nden gemalt, und exotische Papierlampen wurden<br \/>\naufgeh\u00e4ngt. \u00dcber der B\u00fchne war ein Sternenhimmel gemalt.  <\/p>\n<h2>Skj\u00e6ringa<\/h2>\n<p>Von der Kaifront am alten Kai f\u00fchrten Draisinengleise<br \/>\nin verschiedene Richtungen. Um<br \/>\nes f\u00fcr die Pferde weniger schwierig zu machen, wurde ein Graben<br \/>\ndurch den H\u00fcgel gezogen, ungef\u00e4hr dort, wo sich heute das Verwaltungsgeb\u00e4ude des Gouverneurs<br \/>\nbefindet.<br \/>\nDaher der Name Skj\u00e6ringa. <\/p>\n<h2>Tal der Steinspitzen<\/h2>\n<p>W\u00e4hrend der Ausgrabungsarbeiten in Grube 2a wurden<br \/>\nSteine in Gruvedalen deponiert. Daher wurde der Name<br \/>\nSteintippdalen im Volksmund verwendet, bis<br \/>\nin den fr\u00fchen 2000er Jahren begann, hier Wohnh\u00e4user zu planen<br \/>\n. <\/p>\n<h2>Stormessa<\/h2>\n<p>Die Arbeidermesse \u00f8st (AM\u00d8), die<br \/>\n1948 in Nybyen gebaut wurde, hei\u00dft Stormessa. Hier gab es<br \/>\nPlatz f\u00fcr 550 Personen an langen Tischen. 1600<br \/>\nm\u00b2, verteilt auf zwei Etagen. Sp\u00e4ter wurde es umgestaltet und<br \/>\nhatte verschiedene Funktionen.   <\/p>\n<h2>Svea Wohnungen<\/h2>\n<p>228\/1-5, erbaut in den 1970er Jahren, wurde Sveaboligen<br \/>\ngenannt, weil der Haustyp ein Prototyp<br \/>\nf\u00fcr H\u00e4user sein sollte, die in Svea zu der Zeit<br \/>\ngebaut werden sollten, als es gro\u00dfe Pl\u00e4ne f\u00fcr Svea gab.<\/p>\n<h2>Die S\u00fcnde<\/h2>\n<p>Wohnblock 220 in Perleporten. Hier gab es Leben<br \/>\nund Aufregung. <\/p>\n<h2>Tarzan-Loft<\/h2>\n<p>Fitnessraum mit Ger\u00e4ten im zweiten Stock des Zentrums<br \/>\nLompen, das 1985 gebaut wurde.<\/p>\n<h2>Villa Gjennomtrekk oder Jernsenga<\/h2>\n<p>Die Betten und der Ofen auf der Piste in<br \/>\nAdventdalen.<br \/>\nEine Gruppe hatte Passhytta aufger\u00e4umt und<br \/>\n1961 die Betten und den Ofen ersetzt. Sie verbrannten<br \/>\nden gesamten M\u00fcll vor Ort, aber die Stahlbetten und<br \/>\nden Herd mussten in der Stadt entsorgt werden. Auf der R\u00fcckfahrt mit dem<br \/>\nWiesel beschloss Kristen B\u00f8en,<br \/>\nsie als Orientierungshilfe am Ufer abzuladen, weil sie<br \/>\nbei schlechtem<br \/>\nWetter genau dort eine Orientierungshilfe brauchten. Und so entstand die Villa Gjennomtrekk.<br \/>\nIn den letzten Jahren wurde nur noch der Name<br \/>\nJernsenga verwendet.   <\/p>\n<h2>Kehlsteinhaus<\/h2>\n<p><img decoding=\"async\" class=\"aligncenter size-full wp-image-4269\" title=\"Schnee nach Hause\" src=\"https:\/\/www.svalbardblues.com\/wp-content\/uploads\/2011\/11\/sneheim.jpg\" alt=\"\u00d8rneredet, auch Sneheim genannt. Urspr\u00fcnglich das Bergwerk Hiorth\" width=\"200\" height=\"136\"><\/p>\n<p>Der offizielle Name lautet Hiorth-fjellgruva,<br \/>\n, aber die Anlage wurde Sneheim genannt. In sp\u00e4teren Zeiten<br \/>\nauch \u00d8rneredet genannt. <\/p>\n<p>[\/one_half_last]<\/p>\n<pre>Kilde: Kari Holm<\/pre>\n","protected":false},"excerpt":{"rendered":"<p>In Longyearbyen m\u00fcssen Sie keine gro\u00dfen Taten vollbringen, um einen Spitznamen zu bekommen. So ist es auch mit den Orten. Hier ist die Geschichte einiger lokaler Ortsnamen. [one_half] Ahlmannk\u00e5ken Geb\u00e4ude 316. Der schwedische Glaziologe, Geograph, Professor und Botschafter in Oslo, Hans Jakob Konrad Wilhelmsson (W.son) Ahlmann (1889- 1974), errichtete das Geb\u00e4ude auf der S\u00fcdseite des &#8230; <\/p>\n<p class=\"read-more-container\"><a title=\"Lokale Ortsnamen in Longyearbyen\" class=\"read-more button\" href=\"https:\/\/www.svalbardblues.com\/de\/longyearbyen\/lokale-stedsnavn\/#more-23947\" aria-label=\"Mehr Informationen \u00fcber Lokale Ortsnamen in Longyearbyen\">Read more<\/a><\/p>\n","protected":false},"author":1,"featured_media":0,"parent":23841,"menu_order":0,"comment_status":"closed","ping_status":"closed","template":"template-left-sidebar.php","meta":{"inline_featured_image":false,"footnotes":""},"class_list":["post-23947","page","type-page","status-publish"],"yoast_head":"<!-- This site is optimized with the Yoast SEO Premium plugin v26.2 (Yoast SEO v27.5) - https:\/\/yoast.com\/product\/yoast-seo-premium-wordpress\/ -->\n<title>Lokale Ortsnamen in Longyearbyen | Longyearbyen | SVALBARD<\/title>\n<meta name=\"description\" content=\"In Longyearbyen m\u00fcssen Sie keine gro\u00dfen Taten vollbringen, um einen Spitznamen zu bekommen. So ist es auch mit den Orten. Hier ist die Geschichte einiger lokaler Ortsnamen.\" \/>\n<meta name=\"robots\" content=\"index, follow, max-snippet:-1, max-image-preview:large, max-video-preview:-1\" \/>\n<link rel=\"canonical\" href=\"https:\/\/www.svalbardblues.com\/de\/longyearbyen\/lokale-stedsnavn\/\" \/>\n<meta property=\"og:locale\" content=\"de_DE\" \/>\n<meta property=\"og:type\" content=\"article\" \/>\n<meta property=\"og:title\" content=\"Lokale Ortsnamen in Longyearbyen\" \/>\n<meta property=\"og:description\" content=\"In Longyearbyen m\u00fcssen Sie keine gro\u00dfen Taten vollbringen, um einen Spitznamen zu bekommen. So ist es auch mit den Orten. Hier ist die Geschichte einiger lokaler Ortsnamen.\" \/>\n<meta property=\"og:url\" content=\"https:\/\/www.svalbardblues.com\/de\/longyearbyen\/lokale-stedsnavn\/\" \/>\n<meta property=\"og:site_name\" content=\"Dark Season Blues | SVALBARD\" \/>\n<meta property=\"article:publisher\" content=\"https:\/\/www.facebook.com\/DarkSeasonBlues\" \/>\n<meta property=\"og:image\" content=\"https:\/\/www.svalbardblues.com\/wp-content\/uploads\/2011\/11\/jernsenga-adventdalen.jpg\" \/>\n\t<meta property=\"og:image:width\" content=\"600\" \/>\n\t<meta property=\"og:image:height\" content=\"309\" \/>\n\t<meta property=\"og:image:type\" content=\"image\/jpeg\" \/>\n<meta name=\"twitter:label1\" content=\"Gesch\u00e4tzte Lesezeit\" \/>\n\t<meta name=\"twitter:data1\" content=\"7\u00a0Minuten\" \/>\n<script type=\"application\/ld+json\" class=\"yoast-schema-graph\">{\"@context\":\"https:\\\/\\\/schema.org\",\"@graph\":[{\"@type\":\"WebPage\",\"@id\":\"https:\\\/\\\/www.svalbardblues.com\\\/de\\\/longyearbyen\\\/lokale-stedsnavn\\\/\",\"url\":\"https:\\\/\\\/www.svalbardblues.com\\\/de\\\/longyearbyen\\\/lokale-stedsnavn\\\/\",\"name\":\"Lokale Ortsnamen in Longyearbyen | Longyearbyen | SVALBARD\",\"isPartOf\":{\"@id\":\"https:\\\/\\\/www.svalbardblues.com\\\/de\\\/#website\"},\"primaryImageOfPage\":{\"@id\":\"https:\\\/\\\/www.svalbardblues.com\\\/de\\\/longyearbyen\\\/lokale-stedsnavn\\\/#primaryimage\"},\"image\":{\"@id\":\"https:\\\/\\\/www.svalbardblues.com\\\/de\\\/longyearbyen\\\/lokale-stedsnavn\\\/#primaryimage\"},\"thumbnailUrl\":\"https:\\\/\\\/www.svalbardblues.com\\\/wp-content\\\/uploads\\\/2011\\\/11\\\/jernsenga-adventdalen.jpg\",\"datePublished\":\"2011-11-22T19:18:39+00:00\",\"description\":\"In Longyearbyen m\u00fcssen Sie keine gro\u00dfen Taten vollbringen, um einen Spitznamen zu bekommen. So ist es auch mit den Orten. Hier ist die Geschichte einiger lokaler Ortsnamen.\",\"breadcrumb\":{\"@id\":\"https:\\\/\\\/www.svalbardblues.com\\\/de\\\/longyearbyen\\\/lokale-stedsnavn\\\/#breadcrumb\"},\"inLanguage\":\"de\",\"potentialAction\":[{\"@type\":\"ReadAction\",\"target\":[\"https:\\\/\\\/www.svalbardblues.com\\\/de\\\/longyearbyen\\\/lokale-stedsnavn\\\/\"]}]},{\"@type\":\"ImageObject\",\"inLanguage\":\"de\",\"@id\":\"https:\\\/\\\/www.svalbardblues.com\\\/de\\\/longyearbyen\\\/lokale-stedsnavn\\\/#primaryimage\",\"url\":\"https:\\\/\\\/www.svalbardblues.com\\\/wp-content\\\/uploads\\\/2011\\\/11\\\/jernsenga-adventdalen.jpg\",\"contentUrl\":\"https:\\\/\\\/www.svalbardblues.com\\\/wp-content\\\/uploads\\\/2011\\\/11\\\/jernsenga-adventdalen.jpg\"},{\"@type\":\"BreadcrumbList\",\"@id\":\"https:\\\/\\\/www.svalbardblues.com\\\/de\\\/longyearbyen\\\/lokale-stedsnavn\\\/#breadcrumb\",\"itemListElement\":[{\"@type\":\"ListItem\",\"position\":1,\"name\":\"Hjem\",\"item\":\"https:\\\/\\\/www.svalbardblues.com\\\/de\\\/\"},{\"@type\":\"ListItem\",\"position\":2,\"name\":\"Longyearbyen\",\"item\":\"https:\\\/\\\/www.svalbardblues.com\\\/de\\\/longyearbyen\\\/\"},{\"@type\":\"ListItem\",\"position\":3,\"name\":\"Lokale Ortsnamen in Longyearbyen\"}]},{\"@type\":\"WebSite\",\"@id\":\"https:\\\/\\\/www.svalbardblues.com\\\/de\\\/#website\",\"url\":\"https:\\\/\\\/www.svalbardblues.com\\\/de\\\/\",\"name\":\"Dark Season Blues | SVALBARD\",\"description\":\"The World&#039;s Northenmost Blues Festival\",\"publisher\":{\"@id\":\"https:\\\/\\\/www.svalbardblues.com\\\/de\\\/#organization\"},\"potentialAction\":[{\"@type\":\"SearchAction\",\"target\":{\"@type\":\"EntryPoint\",\"urlTemplate\":\"https:\\\/\\\/www.svalbardblues.com\\\/de\\\/?s={search_term_string}\"},\"query-input\":{\"@type\":\"PropertyValueSpecification\",\"valueRequired\":true,\"valueName\":\"search_term_string\"}}],\"inLanguage\":\"de\"},{\"@type\":\"Organization\",\"@id\":\"https:\\\/\\\/www.svalbardblues.com\\\/de\\\/#organization\",\"name\":\"Dark Season Blues\",\"url\":\"https:\\\/\\\/www.svalbardblues.com\\\/de\\\/\",\"logo\":{\"@type\":\"ImageObject\",\"inLanguage\":\"de\",\"@id\":\"https:\\\/\\\/www.svalbardblues.com\\\/de\\\/#\\\/schema\\\/logo\\\/image\\\/\",\"url\":\"https:\\\/\\\/www.svalbardblues.com\\\/wp-content\\\/uploads\\\/2017\\\/06\\\/DSB2017-Illustrasjon-620.jpg\",\"contentUrl\":\"https:\\\/\\\/www.svalbardblues.com\\\/wp-content\\\/uploads\\\/2017\\\/06\\\/DSB2017-Illustrasjon-620.jpg\",\"width\":620,\"height\":488,\"caption\":\"Dark Season Blues\"},\"image\":{\"@id\":\"https:\\\/\\\/www.svalbardblues.com\\\/de\\\/#\\\/schema\\\/logo\\\/image\\\/\"},\"sameAs\":[\"https:\\\/\\\/www.facebook.com\\\/DarkSeasonBlues\",\"https:\\\/\\\/x.com\\\/DarkSeasonBlues\",\"https:\\\/\\\/www.instagram.com\\\/darkseasonblues\\\/\",\"https:\\\/\\\/no.wikipedia.org\\\/wiki\\\/Dark_Season_Blues\"]}]}<\/script>\n<!-- \/ Yoast SEO Premium plugin. -->","yoast_head_json":{"title":"Lokale Ortsnamen in Longyearbyen | Longyearbyen | SVALBARD","description":"In Longyearbyen m\u00fcssen Sie keine gro\u00dfen Taten vollbringen, um einen Spitznamen zu bekommen. So ist es auch mit den Orten. Hier ist die Geschichte einiger lokaler Ortsnamen.","robots":{"index":"index","follow":"follow","max-snippet":"max-snippet:-1","max-image-preview":"max-image-preview:large","max-video-preview":"max-video-preview:-1"},"canonical":"https:\/\/www.svalbardblues.com\/de\/longyearbyen\/lokale-stedsnavn\/","og_locale":"de_DE","og_type":"article","og_title":"Lokale Ortsnamen in Longyearbyen","og_description":"In Longyearbyen m\u00fcssen Sie keine gro\u00dfen Taten vollbringen, um einen Spitznamen zu bekommen. So ist es auch mit den Orten. Hier ist die Geschichte einiger lokaler Ortsnamen.","og_url":"https:\/\/www.svalbardblues.com\/de\/longyearbyen\/lokale-stedsnavn\/","og_site_name":"Dark Season Blues | SVALBARD","article_publisher":"https:\/\/www.facebook.com\/DarkSeasonBlues","og_image":[{"width":600,"height":309,"url":"https:\/\/www.svalbardblues.com\/wp-content\/uploads\/2011\/11\/jernsenga-adventdalen.jpg","type":"image\/jpeg"}],"twitter_misc":{"Gesch\u00e4tzte Lesezeit":"7\u00a0Minuten"},"schema":{"@context":"https:\/\/schema.org","@graph":[{"@type":"WebPage","@id":"https:\/\/www.svalbardblues.com\/de\/longyearbyen\/lokale-stedsnavn\/","url":"https:\/\/www.svalbardblues.com\/de\/longyearbyen\/lokale-stedsnavn\/","name":"Lokale Ortsnamen in Longyearbyen | Longyearbyen | SVALBARD","isPartOf":{"@id":"https:\/\/www.svalbardblues.com\/de\/#website"},"primaryImageOfPage":{"@id":"https:\/\/www.svalbardblues.com\/de\/longyearbyen\/lokale-stedsnavn\/#primaryimage"},"image":{"@id":"https:\/\/www.svalbardblues.com\/de\/longyearbyen\/lokale-stedsnavn\/#primaryimage"},"thumbnailUrl":"https:\/\/www.svalbardblues.com\/wp-content\/uploads\/2011\/11\/jernsenga-adventdalen.jpg","datePublished":"2011-11-22T19:18:39+00:00","description":"In Longyearbyen m\u00fcssen Sie keine gro\u00dfen Taten vollbringen, um einen Spitznamen zu bekommen. So ist es auch mit den Orten. Hier ist die Geschichte einiger lokaler Ortsnamen.","breadcrumb":{"@id":"https:\/\/www.svalbardblues.com\/de\/longyearbyen\/lokale-stedsnavn\/#breadcrumb"},"inLanguage":"de","potentialAction":[{"@type":"ReadAction","target":["https:\/\/www.svalbardblues.com\/de\/longyearbyen\/lokale-stedsnavn\/"]}]},{"@type":"ImageObject","inLanguage":"de","@id":"https:\/\/www.svalbardblues.com\/de\/longyearbyen\/lokale-stedsnavn\/#primaryimage","url":"https:\/\/www.svalbardblues.com\/wp-content\/uploads\/2011\/11\/jernsenga-adventdalen.jpg","contentUrl":"https:\/\/www.svalbardblues.com\/wp-content\/uploads\/2011\/11\/jernsenga-adventdalen.jpg"},{"@type":"BreadcrumbList","@id":"https:\/\/www.svalbardblues.com\/de\/longyearbyen\/lokale-stedsnavn\/#breadcrumb","itemListElement":[{"@type":"ListItem","position":1,"name":"Hjem","item":"https:\/\/www.svalbardblues.com\/de\/"},{"@type":"ListItem","position":2,"name":"Longyearbyen","item":"https:\/\/www.svalbardblues.com\/de\/longyearbyen\/"},{"@type":"ListItem","position":3,"name":"Lokale Ortsnamen in Longyearbyen"}]},{"@type":"WebSite","@id":"https:\/\/www.svalbardblues.com\/de\/#website","url":"https:\/\/www.svalbardblues.com\/de\/","name":"Dark Season Blues | SVALBARD","description":"The World&#039;s Northenmost Blues Festival","publisher":{"@id":"https:\/\/www.svalbardblues.com\/de\/#organization"},"potentialAction":[{"@type":"SearchAction","target":{"@type":"EntryPoint","urlTemplate":"https:\/\/www.svalbardblues.com\/de\/?s={search_term_string}"},"query-input":{"@type":"PropertyValueSpecification","valueRequired":true,"valueName":"search_term_string"}}],"inLanguage":"de"},{"@type":"Organization","@id":"https:\/\/www.svalbardblues.com\/de\/#organization","name":"Dark Season Blues","url":"https:\/\/www.svalbardblues.com\/de\/","logo":{"@type":"ImageObject","inLanguage":"de","@id":"https:\/\/www.svalbardblues.com\/de\/#\/schema\/logo\/image\/","url":"https:\/\/www.svalbardblues.com\/wp-content\/uploads\/2017\/06\/DSB2017-Illustrasjon-620.jpg","contentUrl":"https:\/\/www.svalbardblues.com\/wp-content\/uploads\/2017\/06\/DSB2017-Illustrasjon-620.jpg","width":620,"height":488,"caption":"Dark Season Blues"},"image":{"@id":"https:\/\/www.svalbardblues.com\/de\/#\/schema\/logo\/image\/"},"sameAs":["https:\/\/www.facebook.com\/DarkSeasonBlues","https:\/\/x.com\/DarkSeasonBlues","https:\/\/www.instagram.com\/darkseasonblues\/","https:\/\/no.wikipedia.org\/wiki\/Dark_Season_Blues"]}]}},"_links":{"self":[{"href":"https:\/\/www.svalbardblues.com\/de\/wp-json\/wp\/v2\/pages\/23947","targetHints":{"allow":["GET"]}}],"collection":[{"href":"https:\/\/www.svalbardblues.com\/de\/wp-json\/wp\/v2\/pages"}],"about":[{"href":"https:\/\/www.svalbardblues.com\/de\/wp-json\/wp\/v2\/types\/page"}],"author":[{"embeddable":true,"href":"https:\/\/www.svalbardblues.com\/de\/wp-json\/wp\/v2\/users\/1"}],"replies":[{"embeddable":true,"href":"https:\/\/www.svalbardblues.com\/de\/wp-json\/wp\/v2\/comments?post=23947"}],"version-history":[{"count":0,"href":"https:\/\/www.svalbardblues.com\/de\/wp-json\/wp\/v2\/pages\/23947\/revisions"}],"up":[{"embeddable":true,"href":"https:\/\/www.svalbardblues.com\/de\/wp-json\/wp\/v2\/pages\/23841"}],"wp:attachment":[{"href":"https:\/\/www.svalbardblues.com\/de\/wp-json\/wp\/v2\/media?parent=23947"}],"curies":[{"name":"wp","href":"https:\/\/api.w.org\/{rel}","templated":true}]}}