{"id":23954,"date":"2011-12-20T22:35:50","date_gmt":"2011-12-20T22:35:50","guid":{"rendered":"https:\/\/www.svalbardblues.com\/svalbard\/bedrifter\/svalbard-busservice\/"},"modified":"2011-12-20T22:35:50","modified_gmt":"2011-12-20T22:35:50","slug":"svalbard-busservice","status":"publish","type":"page","link":"https:\/\/www.svalbardblues.com\/de\/svalbard\/bedrifter\/svalbard-busservice\/","title":{"rendered":"Svalbard Bus Service"},"content":{"rendered":"<figure id=\"attachment_2921\" aria-describedby=\"caption-attachment-2921\" style=\"width: 872px\" class=\"wp-caption aligncenter\"><a href=\"https:\/\/www.svalbardblues.com\/de\/svalbard\/bedrifter\/svalbard-busservice\/busservice-torget-longyearbyen-882-2\/#main#main\" rel=\"attachment wp-att-2921\"><img fetchpriority=\"high\" decoding=\"async\" class=\"size-full wp-image-2921\" title=\"Svalbard Bus Service\" src=\"https:\/\/www.svalbardblues.com\/wp-content\/uploads\/2011\/08\/busservice-torget-Longyearbyen-882.jpg\" alt=\"Die Busse von Svalbard Busservice auf dem Platz in Longyearbyen\" width=\"882\" height=\"516\" srcset=\"https:\/\/www.svalbardblues.com\/wp-content\/uploads\/2011\/08\/busservice-torget-Longyearbyen-882.jpg 882w, https:\/\/www.svalbardblues.com\/wp-content\/uploads\/2011\/08\/busservice-torget-Longyearbyen-882-600x351.jpg 600w, https:\/\/www.svalbardblues.com\/wp-content\/uploads\/2011\/08\/busservice-torget-Longyearbyen-882-300x175.jpg 300w\" sizes=\"(max-width: 882px) 100vw, 882px\" \/><\/a><figcaption id=\"caption-attachment-2921\" class=\"wp-caption-text\">Svalbard Busservice<\/figcaption><\/figure>\n<p><strong>Svalbard Busservice AS<\/strong><br \/>\nPb 160<img decoding=\"async\" class=\"alignright size-full wp-image-2925\" title=\"Svalbard_Busservice-250\" src=\"https:\/\/www.svalbardblues.com\/wp-content\/uploads\/2011\/08\/Svalbard_Busservice-250.jpg\" alt=\"Svalbard Bus Service\" width=\"250\" height=\"95\"><br \/>\n9171 Longyearbyen<\/p>\n<p>Website: <a title=\"Svalbard Bus Service\" href=\"http:\/\/www.facebook.com\/Busservice\">www.facebook.com\/Busservice<\/a><br \/>\nE-Mail: buss(a)lns.no<\/p>\n<p>Rufnummer: 79021052<\/p>\n<p>Svalbard Busservice AS ist Longyearbyens gr\u00f6\u00dftes und \u00e4ltestes Busunternehmen.<br \/>\nWir bieten Flughafenbusse, Schulbusse, Sightseeing-Busse, Shuttlebusse und andere ma\u00dfgeschneiderte Dienstleistungen an. Wir verf\u00fcgen \u00fcber 15 Busse mit 10 bis 60 Sitzpl\u00e4tzen.<br \/>\nWir k\u00f6nnen Ihnen bei der Planung Ihrer Transportauftr\u00e4ge helfen. Bitte kontaktieren Sie uns f\u00fcr Informationen und Angebote. <\/p>\n","protected":false},"excerpt":{"rendered":"<p>Svalbard Busservice AS Pb 160 9171 Longyearbyen Website: www.facebook.com\/Busservice E-Mail: buss(a)lns.no Rufnummer: 79021052 Svalbard Busservice AS ist Longyearbyens gr\u00f6\u00dftes und \u00e4ltestes Busunternehmen. Wir bieten Flughafenbusse, Schulbusse, Sightseeing-Busse, Shuttlebusse und andere ma\u00dfgeschneiderte Dienstleistungen an. Wir verf\u00fcgen \u00fcber 15 Busse mit 10 bis 60 Sitzpl\u00e4tzen. Wir k\u00f6nnen Ihnen bei der Planung Ihrer Transportauftr\u00e4ge helfen. Bitte kontaktieren Sie &#8230; <\/p>\n<p class=\"read-more-container\"><a title=\"Svalbard Bus Service\" class=\"read-more button\" href=\"https:\/\/www.svalbardblues.com\/de\/svalbard\/bedrifter\/svalbard-busservice\/#more-23954\" aria-label=\"Mehr Informationen \u00fcber Svalbard Bus Service\">Read more<\/a><\/p>\n","protected":false},"author":1,"featured_media":0,"parent":23911,"menu_order":0,"comment_status":"closed","ping_status":"closed","template":"template-full.php","meta":{"inline_featured_image":false,"footnotes":""},"class_list":["post-23954","page","type-page","status-publish"],"yoast_head":"<!-- This site is optimized with the Yoast SEO Premium plugin v26.2 (Yoast SEO v27.4) - https:\/\/yoast.com\/product\/yoast-seo-premium-wordpress\/ -->\n<title>Svalbard Busservice | Longyearbyen | SVALBARD<\/title>\n<meta name=\"description\" content=\"Svalbard Busservice ist das gr\u00f6\u00dfte und \u00e4lteste Busunternehmen in Longyearbyen. Bietet Flughafenbusse, Schulbusse, Sightseeing, Shuttlebusse und andere Dienstleistungen an.\" \/>\n<meta name=\"robots\" content=\"index, follow, max-snippet:-1, max-image-preview:large, max-video-preview:-1\" \/>\n<link rel=\"canonical\" href=\"https:\/\/www.svalbardblues.com\/de\/svalbard\/bedrifter\/svalbard-busservice\/\" \/>\n<meta property=\"og:locale\" content=\"de_DE\" \/>\n<meta property=\"og:type\" content=\"article\" \/>\n<meta property=\"og:title\" content=\"Svalbard Bus Service\" \/>\n<meta property=\"og:description\" content=\"Svalbard Busservice ist das gr\u00f6\u00dfte und \u00e4lteste Busunternehmen in Longyearbyen. Bietet Flughafenbusse, Schulbusse, Sightseeing, Shuttlebusse und andere Dienstleistungen an.\" \/>\n<meta property=\"og:url\" content=\"https:\/\/www.svalbardblues.com\/de\/svalbard\/bedrifter\/svalbard-busservice\/\" \/>\n<meta property=\"og:site_name\" content=\"Dark Season Blues | SVALBARD\" \/>\n<meta property=\"article:publisher\" content=\"https:\/\/www.facebook.com\/DarkSeasonBlues\" \/>\n<meta property=\"og:image\" content=\"https:\/\/www.svalbardblues.com\/wp-content\/uploads\/2011\/08\/busservice-torget-Longyearbyen-882.jpg\" \/>\n\t<meta property=\"og:image:width\" content=\"882\" \/>\n\t<meta property=\"og:image:height\" content=\"516\" \/>\n\t<meta property=\"og:image:type\" content=\"image\/jpeg\" \/>\n<script type=\"application\/ld+json\" class=\"yoast-schema-graph\">{\"@context\":\"https:\\\/\\\/schema.org\",\"@graph\":[{\"@type\":\"WebPage\",\"@id\":\"https:\\\/\\\/www.svalbardblues.com\\\/de\\\/svalbard\\\/bedrifter\\\/svalbard-busservice\\\/\",\"url\":\"https:\\\/\\\/www.svalbardblues.com\\\/de\\\/svalbard\\\/bedrifter\\\/svalbard-busservice\\\/\",\"name\":\"Svalbard Busservice | Longyearbyen | SVALBARD\",\"isPartOf\":{\"@id\":\"https:\\\/\\\/www.svalbardblues.com\\\/de\\\/#website\"},\"primaryImageOfPage\":{\"@id\":\"https:\\\/\\\/www.svalbardblues.com\\\/de\\\/svalbard\\\/bedrifter\\\/svalbard-busservice\\\/#primaryimage\"},\"image\":{\"@id\":\"https:\\\/\\\/www.svalbardblues.com\\\/de\\\/svalbard\\\/bedrifter\\\/svalbard-busservice\\\/#primaryimage\"},\"thumbnailUrl\":\"https:\\\/\\\/www.svalbardblues.com\\\/wp-content\\\/uploads\\\/2011\\\/08\\\/busservice-torget-Longyearbyen-882.jpg\",\"datePublished\":\"2011-12-20T22:35:50+00:00\",\"description\":\"Svalbard Busservice ist das gr\u00f6\u00dfte und \u00e4lteste Busunternehmen in Longyearbyen. Bietet Flughafenbusse, Schulbusse, Sightseeing, Shuttlebusse und andere Dienstleistungen an.\",\"breadcrumb\":{\"@id\":\"https:\\\/\\\/www.svalbardblues.com\\\/de\\\/svalbard\\\/bedrifter\\\/svalbard-busservice\\\/#breadcrumb\"},\"inLanguage\":\"de\",\"potentialAction\":[{\"@type\":\"ReadAction\",\"target\":[\"https:\\\/\\\/www.svalbardblues.com\\\/de\\\/svalbard\\\/bedrifter\\\/svalbard-busservice\\\/\"]}]},{\"@type\":\"ImageObject\",\"inLanguage\":\"de\",\"@id\":\"https:\\\/\\\/www.svalbardblues.com\\\/de\\\/svalbard\\\/bedrifter\\\/svalbard-busservice\\\/#primaryimage\",\"url\":\"https:\\\/\\\/www.svalbardblues.com\\\/wp-content\\\/uploads\\\/2011\\\/08\\\/busservice-torget-Longyearbyen-882.jpg\",\"contentUrl\":\"https:\\\/\\\/www.svalbardblues.com\\\/wp-content\\\/uploads\\\/2011\\\/08\\\/busservice-torget-Longyearbyen-882.jpg\"},{\"@type\":\"BreadcrumbList\",\"@id\":\"https:\\\/\\\/www.svalbardblues.com\\\/de\\\/svalbard\\\/bedrifter\\\/svalbard-busservice\\\/#breadcrumb\",\"itemListElement\":[{\"@type\":\"ListItem\",\"position\":1,\"name\":\"Hjem\",\"item\":\"https:\\\/\\\/www.svalbardblues.com\\\/de\\\/\"},{\"@type\":\"ListItem\",\"position\":2,\"name\":\"Svalbard, Fakten und Informationen\",\"item\":\"https:\\\/\\\/www.svalbardblues.com\\\/de\\\/svalbard\\\/\"},{\"@type\":\"ListItem\",\"position\":3,\"name\":\"Unternehmen | Svalbard und Longyearbyen\",\"item\":\"https:\\\/\\\/www.svalbardblues.com\\\/de\\\/svalbard\\\/bedrifter\\\/\"},{\"@type\":\"ListItem\",\"position\":4,\"name\":\"Svalbard Bus Service\"}]},{\"@type\":\"WebSite\",\"@id\":\"https:\\\/\\\/www.svalbardblues.com\\\/de\\\/#website\",\"url\":\"https:\\\/\\\/www.svalbardblues.com\\\/de\\\/\",\"name\":\"Dark Season Blues | SVALBARD\",\"description\":\"The World&#039;s Northenmost Blues Festival\",\"publisher\":{\"@id\":\"https:\\\/\\\/www.svalbardblues.com\\\/de\\\/#organization\"},\"potentialAction\":[{\"@type\":\"SearchAction\",\"target\":{\"@type\":\"EntryPoint\",\"urlTemplate\":\"https:\\\/\\\/www.svalbardblues.com\\\/de\\\/?s={search_term_string}\"},\"query-input\":{\"@type\":\"PropertyValueSpecification\",\"valueRequired\":true,\"valueName\":\"search_term_string\"}}],\"inLanguage\":\"de\"},{\"@type\":\"Organization\",\"@id\":\"https:\\\/\\\/www.svalbardblues.com\\\/de\\\/#organization\",\"name\":\"Dark Season Blues\",\"url\":\"https:\\\/\\\/www.svalbardblues.com\\\/de\\\/\",\"logo\":{\"@type\":\"ImageObject\",\"inLanguage\":\"de\",\"@id\":\"https:\\\/\\\/www.svalbardblues.com\\\/de\\\/#\\\/schema\\\/logo\\\/image\\\/\",\"url\":\"https:\\\/\\\/www.svalbardblues.com\\\/wp-content\\\/uploads\\\/2017\\\/06\\\/DSB2017-Illustrasjon-620.jpg\",\"contentUrl\":\"https:\\\/\\\/www.svalbardblues.com\\\/wp-content\\\/uploads\\\/2017\\\/06\\\/DSB2017-Illustrasjon-620.jpg\",\"width\":620,\"height\":488,\"caption\":\"Dark Season Blues\"},\"image\":{\"@id\":\"https:\\\/\\\/www.svalbardblues.com\\\/de\\\/#\\\/schema\\\/logo\\\/image\\\/\"},\"sameAs\":[\"https:\\\/\\\/www.facebook.com\\\/DarkSeasonBlues\",\"https:\\\/\\\/x.com\\\/DarkSeasonBlues\",\"https:\\\/\\\/www.instagram.com\\\/darkseasonblues\\\/\",\"https:\\\/\\\/no.wikipedia.org\\\/wiki\\\/Dark_Season_Blues\"]}]}<\/script>\n<!-- \/ Yoast SEO Premium plugin. -->","yoast_head_json":{"title":"Svalbard Busservice | Longyearbyen | SVALBARD","description":"Svalbard Busservice ist das gr\u00f6\u00dfte und \u00e4lteste Busunternehmen in Longyearbyen. Bietet Flughafenbusse, Schulbusse, Sightseeing, Shuttlebusse und andere Dienstleistungen an.","robots":{"index":"index","follow":"follow","max-snippet":"max-snippet:-1","max-image-preview":"max-image-preview:large","max-video-preview":"max-video-preview:-1"},"canonical":"https:\/\/www.svalbardblues.com\/de\/svalbard\/bedrifter\/svalbard-busservice\/","og_locale":"de_DE","og_type":"article","og_title":"Svalbard Bus Service","og_description":"Svalbard Busservice ist das gr\u00f6\u00dfte und \u00e4lteste Busunternehmen in Longyearbyen. Bietet Flughafenbusse, Schulbusse, Sightseeing, Shuttlebusse und andere Dienstleistungen an.","og_url":"https:\/\/www.svalbardblues.com\/de\/svalbard\/bedrifter\/svalbard-busservice\/","og_site_name":"Dark Season Blues | SVALBARD","article_publisher":"https:\/\/www.facebook.com\/DarkSeasonBlues","og_image":[{"width":882,"height":516,"url":"https:\/\/www.svalbardblues.com\/wp-content\/uploads\/2011\/08\/busservice-torget-Longyearbyen-882.jpg","type":"image\/jpeg"}],"schema":{"@context":"https:\/\/schema.org","@graph":[{"@type":"WebPage","@id":"https:\/\/www.svalbardblues.com\/de\/svalbard\/bedrifter\/svalbard-busservice\/","url":"https:\/\/www.svalbardblues.com\/de\/svalbard\/bedrifter\/svalbard-busservice\/","name":"Svalbard Busservice | Longyearbyen | SVALBARD","isPartOf":{"@id":"https:\/\/www.svalbardblues.com\/de\/#website"},"primaryImageOfPage":{"@id":"https:\/\/www.svalbardblues.com\/de\/svalbard\/bedrifter\/svalbard-busservice\/#primaryimage"},"image":{"@id":"https:\/\/www.svalbardblues.com\/de\/svalbard\/bedrifter\/svalbard-busservice\/#primaryimage"},"thumbnailUrl":"https:\/\/www.svalbardblues.com\/wp-content\/uploads\/2011\/08\/busservice-torget-Longyearbyen-882.jpg","datePublished":"2011-12-20T22:35:50+00:00","description":"Svalbard Busservice ist das gr\u00f6\u00dfte und \u00e4lteste Busunternehmen in Longyearbyen. Bietet Flughafenbusse, Schulbusse, Sightseeing, Shuttlebusse und andere Dienstleistungen an.","breadcrumb":{"@id":"https:\/\/www.svalbardblues.com\/de\/svalbard\/bedrifter\/svalbard-busservice\/#breadcrumb"},"inLanguage":"de","potentialAction":[{"@type":"ReadAction","target":["https:\/\/www.svalbardblues.com\/de\/svalbard\/bedrifter\/svalbard-busservice\/"]}]},{"@type":"ImageObject","inLanguage":"de","@id":"https:\/\/www.svalbardblues.com\/de\/svalbard\/bedrifter\/svalbard-busservice\/#primaryimage","url":"https:\/\/www.svalbardblues.com\/wp-content\/uploads\/2011\/08\/busservice-torget-Longyearbyen-882.jpg","contentUrl":"https:\/\/www.svalbardblues.com\/wp-content\/uploads\/2011\/08\/busservice-torget-Longyearbyen-882.jpg"},{"@type":"BreadcrumbList","@id":"https:\/\/www.svalbardblues.com\/de\/svalbard\/bedrifter\/svalbard-busservice\/#breadcrumb","itemListElement":[{"@type":"ListItem","position":1,"name":"Hjem","item":"https:\/\/www.svalbardblues.com\/de\/"},{"@type":"ListItem","position":2,"name":"Svalbard, Fakten und Informationen","item":"https:\/\/www.svalbardblues.com\/de\/svalbard\/"},{"@type":"ListItem","position":3,"name":"Unternehmen | Svalbard und Longyearbyen","item":"https:\/\/www.svalbardblues.com\/de\/svalbard\/bedrifter\/"},{"@type":"ListItem","position":4,"name":"Svalbard Bus Service"}]},{"@type":"WebSite","@id":"https:\/\/www.svalbardblues.com\/de\/#website","url":"https:\/\/www.svalbardblues.com\/de\/","name":"Dark Season Blues | SVALBARD","description":"The World&#039;s Northenmost Blues Festival","publisher":{"@id":"https:\/\/www.svalbardblues.com\/de\/#organization"},"potentialAction":[{"@type":"SearchAction","target":{"@type":"EntryPoint","urlTemplate":"https:\/\/www.svalbardblues.com\/de\/?s={search_term_string}"},"query-input":{"@type":"PropertyValueSpecification","valueRequired":true,"valueName":"search_term_string"}}],"inLanguage":"de"},{"@type":"Organization","@id":"https:\/\/www.svalbardblues.com\/de\/#organization","name":"Dark Season Blues","url":"https:\/\/www.svalbardblues.com\/de\/","logo":{"@type":"ImageObject","inLanguage":"de","@id":"https:\/\/www.svalbardblues.com\/de\/#\/schema\/logo\/image\/","url":"https:\/\/www.svalbardblues.com\/wp-content\/uploads\/2017\/06\/DSB2017-Illustrasjon-620.jpg","contentUrl":"https:\/\/www.svalbardblues.com\/wp-content\/uploads\/2017\/06\/DSB2017-Illustrasjon-620.jpg","width":620,"height":488,"caption":"Dark Season Blues"},"image":{"@id":"https:\/\/www.svalbardblues.com\/de\/#\/schema\/logo\/image\/"},"sameAs":["https:\/\/www.facebook.com\/DarkSeasonBlues","https:\/\/x.com\/DarkSeasonBlues","https:\/\/www.instagram.com\/darkseasonblues\/","https:\/\/no.wikipedia.org\/wiki\/Dark_Season_Blues"]}]}},"_links":{"self":[{"href":"https:\/\/www.svalbardblues.com\/de\/wp-json\/wp\/v2\/pages\/23954","targetHints":{"allow":["GET"]}}],"collection":[{"href":"https:\/\/www.svalbardblues.com\/de\/wp-json\/wp\/v2\/pages"}],"about":[{"href":"https:\/\/www.svalbardblues.com\/de\/wp-json\/wp\/v2\/types\/page"}],"author":[{"embeddable":true,"href":"https:\/\/www.svalbardblues.com\/de\/wp-json\/wp\/v2\/users\/1"}],"replies":[{"embeddable":true,"href":"https:\/\/www.svalbardblues.com\/de\/wp-json\/wp\/v2\/comments?post=23954"}],"version-history":[{"count":0,"href":"https:\/\/www.svalbardblues.com\/de\/wp-json\/wp\/v2\/pages\/23954\/revisions"}],"up":[{"embeddable":true,"href":"https:\/\/www.svalbardblues.com\/de\/wp-json\/wp\/v2\/pages\/23911"}],"wp:attachment":[{"href":"https:\/\/www.svalbardblues.com\/de\/wp-json\/wp\/v2\/media?parent=23954"}],"curies":[{"name":"wp","href":"https:\/\/api.w.org\/{rel}","templated":true}]}}