{"id":23956,"date":"2012-01-05T21:41:09","date_gmt":"2012-01-05T21:41:09","guid":{"rendered":"https:\/\/www.svalbardblues.com\/svalbard\/bedrifter\/iss-svalbard\/"},"modified":"2012-01-05T21:41:09","modified_gmt":"2012-01-05T21:41:09","slug":"iss-svalbard","status":"publish","type":"page","link":"https:\/\/www.svalbardblues.com\/de\/svalbard\/bedrifter\/iss-svalbard\/","title":{"rendered":"ISS Svalbard"},"content":{"rendered":"<p><img fetchpriority=\"high\" decoding=\"async\" src=\"https:\/\/www.svalbardblues.com\/wp-content\/uploads\/2011\/09\/iss_882.jpg\" alt=\"ISS Facility Services in Longyearbyen auf Svalbard\" title=\"ISS\" width=\"882\" height=\"516\" class=\"aligncenter size-full wp-image-3176\" srcset=\"https:\/\/www.svalbardblues.com\/wp-content\/uploads\/2011\/09\/iss_882.jpg 882w, https:\/\/www.svalbardblues.com\/wp-content\/uploads\/2011\/09\/iss_882-600x351.jpg 600w, https:\/\/www.svalbardblues.com\/wp-content\/uploads\/2011\/09\/iss_882-300x175.jpg 300w\" sizes=\"(max-width: 882px) 100vw, 882px\" \/><br \/>\n<strong>ISS Facility Services AS<\/strong><br \/>\nP.O. Box 146<br \/>\n9171 Longyearbyen<br \/>\nTelefonisches Kundenzentrum 05155<br \/>\nTelefonzentrale 815 55 155<br \/>\nFax 79 02 36 90<\/p>\n<p>ISS ist der mit Abstand f\u00fchrende Anbieter von Servicel\u00f6sungen in Norwegen. Unsere f\u00fchrende Position beruht auf dem Know-how unserer 14.000 Mitarbeiter in Norwegen, guten Konzepten aus einem weltweiten Kompetenznetzwerk und dokumentierter Qualit\u00e4t aus bew\u00e4hrten Systemen. <\/p>\n<p>Wir unterst\u00fctzen unsere Kunden mit L\u00f6sungen in den Bereichen Reinigung, Kantine, Immobilien, Sicherheit, Personal und B\u00fcrounterst\u00fctzung &#8211; gemeinsam oder einzeln.<\/p>\n<p>ISS hat 541.000 Mitarbeiter in 53 L\u00e4ndern und einen weltweiten Umsatz von 80 Milliarden NOK. Der Umsatz in Norwegen betr\u00e4gt 6,1 Milliarden NOK. <\/p>\n<p>Das Hauptziel von ISS ist es, den wachsenden Bedarf der modernen Gesellschaft an spezialisierten Dienstleistungen zu decken.  <\/p>\n","protected":false},"excerpt":{"rendered":"<p>ISS Facility Services AS P.O. Box 146 9171 Longyearbyen Telefonisches Kundenzentrum 05155 Telefonzentrale 815 55 155 Fax 79 02 36 90 ISS ist der mit Abstand f\u00fchrende Anbieter von Servicel\u00f6sungen in Norwegen. Unsere f\u00fchrende Position beruht auf dem Know-how unserer 14.000 Mitarbeiter in Norwegen, guten Konzepten aus einem weltweiten Kompetenznetzwerk und dokumentierter Qualit\u00e4t aus bew\u00e4hrten &#8230; <\/p>\n<p class=\"read-more-container\"><a title=\"ISS Svalbard\" class=\"read-more button\" href=\"https:\/\/www.svalbardblues.com\/de\/svalbard\/bedrifter\/iss-svalbard\/#more-23956\" aria-label=\"Mehr Informationen \u00fcber ISS Svalbard\">Read more<\/a><\/p>\n","protected":false},"author":1,"featured_media":0,"parent":23911,"menu_order":0,"comment_status":"closed","ping_status":"closed","template":"template-full.php","meta":{"inline_featured_image":false,"footnotes":""},"class_list":["post-23956","page","type-page","status-publish"],"yoast_head":"<!-- This site is optimized with the Yoast SEO Premium plugin v26.2 (Yoast SEO v27.4) - https:\/\/yoast.com\/product\/yoast-seo-premium-wordpress\/ -->\n<title>ISS Facility Services | Longyearbyen | SVALBARD<\/title>\n<meta name=\"description\" content=\"ISS ist der mit Abstand f\u00fchrende Anbieter von Servicel\u00f6sungen in Norwegen.\" \/>\n<meta name=\"robots\" content=\"index, follow, max-snippet:-1, max-image-preview:large, max-video-preview:-1\" \/>\n<link rel=\"canonical\" href=\"https:\/\/www.svalbardblues.com\/de\/svalbard\/bedrifter\/iss-svalbard\/\" \/>\n<meta property=\"og:locale\" content=\"de_DE\" \/>\n<meta property=\"og:type\" content=\"article\" \/>\n<meta property=\"og:title\" content=\"ISS Svalbard\" \/>\n<meta property=\"og:description\" content=\"ISS ist der mit Abstand f\u00fchrende Anbieter von Servicel\u00f6sungen in Norwegen.\" \/>\n<meta property=\"og:url\" content=\"https:\/\/www.svalbardblues.com\/de\/svalbard\/bedrifter\/iss-svalbard\/\" \/>\n<meta property=\"og:site_name\" content=\"Dark Season Blues | SVALBARD\" \/>\n<meta property=\"article:publisher\" content=\"https:\/\/www.facebook.com\/DarkSeasonBlues\" \/>\n<meta property=\"og:image\" content=\"https:\/\/www.svalbardblues.com\/wp-content\/uploads\/2011\/09\/iss_882.jpg\" \/>\n\t<meta property=\"og:image:width\" content=\"882\" \/>\n\t<meta property=\"og:image:height\" content=\"516\" \/>\n\t<meta property=\"og:image:type\" content=\"image\/jpeg\" \/>\n<meta name=\"twitter:label1\" content=\"Gesch\u00e4tzte Lesezeit\" \/>\n\t<meta name=\"twitter:data1\" content=\"1\u00a0Minute\" \/>\n<script type=\"application\/ld+json\" class=\"yoast-schema-graph\">{\"@context\":\"https:\\\/\\\/schema.org\",\"@graph\":[{\"@type\":\"WebPage\",\"@id\":\"https:\\\/\\\/www.svalbardblues.com\\\/de\\\/svalbard\\\/bedrifter\\\/iss-svalbard\\\/\",\"url\":\"https:\\\/\\\/www.svalbardblues.com\\\/de\\\/svalbard\\\/bedrifter\\\/iss-svalbard\\\/\",\"name\":\"ISS Facility Services | Longyearbyen | SVALBARD\",\"isPartOf\":{\"@id\":\"https:\\\/\\\/www.svalbardblues.com\\\/de\\\/#website\"},\"primaryImageOfPage\":{\"@id\":\"https:\\\/\\\/www.svalbardblues.com\\\/de\\\/svalbard\\\/bedrifter\\\/iss-svalbard\\\/#primaryimage\"},\"image\":{\"@id\":\"https:\\\/\\\/www.svalbardblues.com\\\/de\\\/svalbard\\\/bedrifter\\\/iss-svalbard\\\/#primaryimage\"},\"thumbnailUrl\":\"https:\\\/\\\/www.svalbardblues.com\\\/wp-content\\\/uploads\\\/2011\\\/09\\\/iss_882.jpg\",\"datePublished\":\"2012-01-05T21:41:09+00:00\",\"description\":\"ISS ist der mit Abstand f\u00fchrende Anbieter von Servicel\u00f6sungen in Norwegen.\",\"breadcrumb\":{\"@id\":\"https:\\\/\\\/www.svalbardblues.com\\\/de\\\/svalbard\\\/bedrifter\\\/iss-svalbard\\\/#breadcrumb\"},\"inLanguage\":\"de\",\"potentialAction\":[{\"@type\":\"ReadAction\",\"target\":[\"https:\\\/\\\/www.svalbardblues.com\\\/de\\\/svalbard\\\/bedrifter\\\/iss-svalbard\\\/\"]}]},{\"@type\":\"ImageObject\",\"inLanguage\":\"de\",\"@id\":\"https:\\\/\\\/www.svalbardblues.com\\\/de\\\/svalbard\\\/bedrifter\\\/iss-svalbard\\\/#primaryimage\",\"url\":\"https:\\\/\\\/www.svalbardblues.com\\\/wp-content\\\/uploads\\\/2011\\\/09\\\/iss_882.jpg\",\"contentUrl\":\"https:\\\/\\\/www.svalbardblues.com\\\/wp-content\\\/uploads\\\/2011\\\/09\\\/iss_882.jpg\"},{\"@type\":\"BreadcrumbList\",\"@id\":\"https:\\\/\\\/www.svalbardblues.com\\\/de\\\/svalbard\\\/bedrifter\\\/iss-svalbard\\\/#breadcrumb\",\"itemListElement\":[{\"@type\":\"ListItem\",\"position\":1,\"name\":\"Hjem\",\"item\":\"https:\\\/\\\/www.svalbardblues.com\\\/de\\\/\"},{\"@type\":\"ListItem\",\"position\":2,\"name\":\"Svalbard, Fakten und Informationen\",\"item\":\"https:\\\/\\\/www.svalbardblues.com\\\/de\\\/svalbard\\\/\"},{\"@type\":\"ListItem\",\"position\":3,\"name\":\"Unternehmen | Svalbard und Longyearbyen\",\"item\":\"https:\\\/\\\/www.svalbardblues.com\\\/de\\\/svalbard\\\/bedrifter\\\/\"},{\"@type\":\"ListItem\",\"position\":4,\"name\":\"ISS Svalbard\"}]},{\"@type\":\"WebSite\",\"@id\":\"https:\\\/\\\/www.svalbardblues.com\\\/de\\\/#website\",\"url\":\"https:\\\/\\\/www.svalbardblues.com\\\/de\\\/\",\"name\":\"Dark Season Blues | SVALBARD\",\"description\":\"The World&#039;s Northenmost Blues Festival\",\"publisher\":{\"@id\":\"https:\\\/\\\/www.svalbardblues.com\\\/de\\\/#organization\"},\"potentialAction\":[{\"@type\":\"SearchAction\",\"target\":{\"@type\":\"EntryPoint\",\"urlTemplate\":\"https:\\\/\\\/www.svalbardblues.com\\\/de\\\/?s={search_term_string}\"},\"query-input\":{\"@type\":\"PropertyValueSpecification\",\"valueRequired\":true,\"valueName\":\"search_term_string\"}}],\"inLanguage\":\"de\"},{\"@type\":\"Organization\",\"@id\":\"https:\\\/\\\/www.svalbardblues.com\\\/de\\\/#organization\",\"name\":\"Dark Season Blues\",\"url\":\"https:\\\/\\\/www.svalbardblues.com\\\/de\\\/\",\"logo\":{\"@type\":\"ImageObject\",\"inLanguage\":\"de\",\"@id\":\"https:\\\/\\\/www.svalbardblues.com\\\/de\\\/#\\\/schema\\\/logo\\\/image\\\/\",\"url\":\"https:\\\/\\\/www.svalbardblues.com\\\/wp-content\\\/uploads\\\/2017\\\/06\\\/DSB2017-Illustrasjon-620.jpg\",\"contentUrl\":\"https:\\\/\\\/www.svalbardblues.com\\\/wp-content\\\/uploads\\\/2017\\\/06\\\/DSB2017-Illustrasjon-620.jpg\",\"width\":620,\"height\":488,\"caption\":\"Dark Season Blues\"},\"image\":{\"@id\":\"https:\\\/\\\/www.svalbardblues.com\\\/de\\\/#\\\/schema\\\/logo\\\/image\\\/\"},\"sameAs\":[\"https:\\\/\\\/www.facebook.com\\\/DarkSeasonBlues\",\"https:\\\/\\\/x.com\\\/DarkSeasonBlues\",\"https:\\\/\\\/www.instagram.com\\\/darkseasonblues\\\/\",\"https:\\\/\\\/no.wikipedia.org\\\/wiki\\\/Dark_Season_Blues\"]}]}<\/script>\n<!-- \/ Yoast SEO Premium plugin. -->","yoast_head_json":{"title":"ISS Facility Services | Longyearbyen | SVALBARD","description":"ISS ist der mit Abstand f\u00fchrende Anbieter von Servicel\u00f6sungen in Norwegen.","robots":{"index":"index","follow":"follow","max-snippet":"max-snippet:-1","max-image-preview":"max-image-preview:large","max-video-preview":"max-video-preview:-1"},"canonical":"https:\/\/www.svalbardblues.com\/de\/svalbard\/bedrifter\/iss-svalbard\/","og_locale":"de_DE","og_type":"article","og_title":"ISS Svalbard","og_description":"ISS ist der mit Abstand f\u00fchrende Anbieter von Servicel\u00f6sungen in Norwegen.","og_url":"https:\/\/www.svalbardblues.com\/de\/svalbard\/bedrifter\/iss-svalbard\/","og_site_name":"Dark Season Blues | SVALBARD","article_publisher":"https:\/\/www.facebook.com\/DarkSeasonBlues","og_image":[{"width":882,"height":516,"url":"https:\/\/www.svalbardblues.com\/wp-content\/uploads\/2011\/09\/iss_882.jpg","type":"image\/jpeg"}],"twitter_misc":{"Gesch\u00e4tzte Lesezeit":"1\u00a0Minute"},"schema":{"@context":"https:\/\/schema.org","@graph":[{"@type":"WebPage","@id":"https:\/\/www.svalbardblues.com\/de\/svalbard\/bedrifter\/iss-svalbard\/","url":"https:\/\/www.svalbardblues.com\/de\/svalbard\/bedrifter\/iss-svalbard\/","name":"ISS Facility Services | Longyearbyen | SVALBARD","isPartOf":{"@id":"https:\/\/www.svalbardblues.com\/de\/#website"},"primaryImageOfPage":{"@id":"https:\/\/www.svalbardblues.com\/de\/svalbard\/bedrifter\/iss-svalbard\/#primaryimage"},"image":{"@id":"https:\/\/www.svalbardblues.com\/de\/svalbard\/bedrifter\/iss-svalbard\/#primaryimage"},"thumbnailUrl":"https:\/\/www.svalbardblues.com\/wp-content\/uploads\/2011\/09\/iss_882.jpg","datePublished":"2012-01-05T21:41:09+00:00","description":"ISS ist der mit Abstand f\u00fchrende Anbieter von Servicel\u00f6sungen in Norwegen.","breadcrumb":{"@id":"https:\/\/www.svalbardblues.com\/de\/svalbard\/bedrifter\/iss-svalbard\/#breadcrumb"},"inLanguage":"de","potentialAction":[{"@type":"ReadAction","target":["https:\/\/www.svalbardblues.com\/de\/svalbard\/bedrifter\/iss-svalbard\/"]}]},{"@type":"ImageObject","inLanguage":"de","@id":"https:\/\/www.svalbardblues.com\/de\/svalbard\/bedrifter\/iss-svalbard\/#primaryimage","url":"https:\/\/www.svalbardblues.com\/wp-content\/uploads\/2011\/09\/iss_882.jpg","contentUrl":"https:\/\/www.svalbardblues.com\/wp-content\/uploads\/2011\/09\/iss_882.jpg"},{"@type":"BreadcrumbList","@id":"https:\/\/www.svalbardblues.com\/de\/svalbard\/bedrifter\/iss-svalbard\/#breadcrumb","itemListElement":[{"@type":"ListItem","position":1,"name":"Hjem","item":"https:\/\/www.svalbardblues.com\/de\/"},{"@type":"ListItem","position":2,"name":"Svalbard, Fakten und Informationen","item":"https:\/\/www.svalbardblues.com\/de\/svalbard\/"},{"@type":"ListItem","position":3,"name":"Unternehmen | Svalbard und Longyearbyen","item":"https:\/\/www.svalbardblues.com\/de\/svalbard\/bedrifter\/"},{"@type":"ListItem","position":4,"name":"ISS Svalbard"}]},{"@type":"WebSite","@id":"https:\/\/www.svalbardblues.com\/de\/#website","url":"https:\/\/www.svalbardblues.com\/de\/","name":"Dark Season Blues | SVALBARD","description":"The World&#039;s Northenmost Blues Festival","publisher":{"@id":"https:\/\/www.svalbardblues.com\/de\/#organization"},"potentialAction":[{"@type":"SearchAction","target":{"@type":"EntryPoint","urlTemplate":"https:\/\/www.svalbardblues.com\/de\/?s={search_term_string}"},"query-input":{"@type":"PropertyValueSpecification","valueRequired":true,"valueName":"search_term_string"}}],"inLanguage":"de"},{"@type":"Organization","@id":"https:\/\/www.svalbardblues.com\/de\/#organization","name":"Dark Season Blues","url":"https:\/\/www.svalbardblues.com\/de\/","logo":{"@type":"ImageObject","inLanguage":"de","@id":"https:\/\/www.svalbardblues.com\/de\/#\/schema\/logo\/image\/","url":"https:\/\/www.svalbardblues.com\/wp-content\/uploads\/2017\/06\/DSB2017-Illustrasjon-620.jpg","contentUrl":"https:\/\/www.svalbardblues.com\/wp-content\/uploads\/2017\/06\/DSB2017-Illustrasjon-620.jpg","width":620,"height":488,"caption":"Dark Season Blues"},"image":{"@id":"https:\/\/www.svalbardblues.com\/de\/#\/schema\/logo\/image\/"},"sameAs":["https:\/\/www.facebook.com\/DarkSeasonBlues","https:\/\/x.com\/DarkSeasonBlues","https:\/\/www.instagram.com\/darkseasonblues\/","https:\/\/no.wikipedia.org\/wiki\/Dark_Season_Blues"]}]}},"_links":{"self":[{"href":"https:\/\/www.svalbardblues.com\/de\/wp-json\/wp\/v2\/pages\/23956","targetHints":{"allow":["GET"]}}],"collection":[{"href":"https:\/\/www.svalbardblues.com\/de\/wp-json\/wp\/v2\/pages"}],"about":[{"href":"https:\/\/www.svalbardblues.com\/de\/wp-json\/wp\/v2\/types\/page"}],"author":[{"embeddable":true,"href":"https:\/\/www.svalbardblues.com\/de\/wp-json\/wp\/v2\/users\/1"}],"replies":[{"embeddable":true,"href":"https:\/\/www.svalbardblues.com\/de\/wp-json\/wp\/v2\/comments?post=23956"}],"version-history":[{"count":0,"href":"https:\/\/www.svalbardblues.com\/de\/wp-json\/wp\/v2\/pages\/23956\/revisions"}],"up":[{"embeddable":true,"href":"https:\/\/www.svalbardblues.com\/de\/wp-json\/wp\/v2\/pages\/23911"}],"wp:attachment":[{"href":"https:\/\/www.svalbardblues.com\/de\/wp-json\/wp\/v2\/media?parent=23956"}],"curies":[{"name":"wp","href":"https:\/\/api.w.org\/{rel}","templated":true}]}}