{"id":23981,"date":"2012-01-05T21:45:09","date_gmt":"2012-01-05T21:45:09","guid":{"rendered":"https:\/\/www.svalbardblues.com\/svalbard\/bedrifter\/lns-spitsbergen\/"},"modified":"2012-01-05T21:45:09","modified_gmt":"2012-01-05T21:45:09","slug":"lns-spitsbergen","status":"publish","type":"page","link":"https:\/\/www.svalbardblues.com\/de\/svalbard\/bedrifter\/lns-spitsbergen\/","title":{"rendered":"LNS Spitzbergen"},"content":{"rendered":"<p><img fetchpriority=\"high\" decoding=\"async\" src=\"https:\/\/www.svalbardblues.com\/wp-content\/uploads\/2011\/07\/LNS-spitsbergen-logo-882.jpg\" alt=\"LNS Spitsbergen in Longyearbyen auf Svalbard\" title=\"LNS Spitzbergen\" width=\"882\" height=\"516\" class=\"aligncenter size-full wp-image-2758\" srcset=\"https:\/\/www.svalbardblues.com\/wp-content\/uploads\/2011\/07\/LNS-spitsbergen-logo-882.jpg 882w, https:\/\/www.svalbardblues.com\/wp-content\/uploads\/2011\/07\/LNS-spitsbergen-logo-882-600x351.jpg 600w, https:\/\/www.svalbardblues.com\/wp-content\/uploads\/2011\/07\/LNS-spitsbergen-logo-882-300x175.jpg 300w\" sizes=\"(max-width: 882px) 100vw, 882px\" \/><br \/>\n<strong>LNS Spitsbergen AS<\/strong><br \/>\nPostboks 534<br \/>\n9171 Longyearbyen<\/p>\n<p>Internet: www.lns.no<br \/>\nE-Mail: firmapostlnss@lns.no<br \/>\nTelefon +47 79 02 49 50<\/p>\n<p>LNS Spitsbergen AS (LNSS) ist eine Tochtergesellschaft von Leonhard Nilsen &amp; S\u00f8nner AS. LNSS hat 109 Mitarbeiter. <\/p>\n<p>&#8211; LNSS war im Auftrag von Statsbygg f\u00fcr den Bau des <a title=\"Svalbard Global Seed Vault\" href=\"https:\/\/www.svalbardblues.com\/de\/svalbard\/svalbard-globale-frohvelv\/\">globalen Saatguttresors<\/a> in Svalbard verantwortlich.<img decoding=\"async\" class=\"alignright size-medium wp-image-2762\" title=\"Svea Bergbau_gro\u00df\" src=\"https:\/\/www.svalbardblues.com\/wp-content\/uploads\/2011\/07\/Svea-gruvedrift_large-300x225.jpg\" alt=\"LNS Spitsbergen, Bergbauarbeiten in Svea auf Spitzbergen\" width=\"300\" height=\"225\" srcset=\"https:\/\/www.svalbardblues.com\/wp-content\/uploads\/2011\/07\/Svea-gruvedrift_large-300x225.jpg 300w, https:\/\/www.svalbardblues.com\/wp-content\/uploads\/2011\/07\/Svea-gruvedrift_large.jpg 505w\" sizes=\"(max-width: 300px) 100vw, 300px\" \/><br \/>\n&#8211; LNSS ist in Svalbard am Bau von Satellitenantennen f\u00fcr die NASA und die Esa beteiligt.<br \/>\n&#8211; LNSS f\u00fchrt Fundament- und Grabenarbeiten, Stra\u00dfenbau und den Bau von Satellitenantennen in der N\u00e4he der norwegischen Forschungsstation Troll in der Antarktis durch<br \/>\n&#8211; LNSS ist f\u00fcr Logistik, Infrastruktur und Entwicklung im Zusammenhang mit der Svea-Mine verantwortlich<br \/>\n&#8211; LNSS ist an mehreren kleinen und gro\u00dfen Projekten auf Svalbard beteiligt<br \/>\n&#8211; LNSS ist der FDV-Partner (Management, Betrieb und Wartung) f\u00fcr Bydrift KF in <a title=\"Longyearbyen\" href=\"https:\/\/www.svalbardblues.com\/de\/longyearbyen\/\">Longyearbyen<\/a><\/p>\n<p>Tochtergesellschaft von LNSS<br \/>\n&#8211; Svalbard Busservice AS<br \/>\n&#8211; Svalbard Auto AS<br \/>\n&#8211; LNS Boliger AS<\/p>\n<p><strong>Leonhard Nilsen &amp; S\u00f8nner AS<\/strong><br \/>\nLeonhard Nilsen &amp; S\u00f8nner AS (LNS) ist das gr\u00f6\u00dfte Bauunternehmen Nordnorwegens und rangiert auch in Norwegen auf Platz 10 der gr\u00f6\u00dften Bauunternehmen. Das Unternehmen ist auf die L\u00f6sung anspruchsvoller Projekte an Orten mit schwieriger Logistik spezialisiert.  <\/p>\n<p>Das Gesch\u00e4ft<br \/>\nDas Kerngesch\u00e4ft ist der Bau von Stra\u00dfen und Tunneln. Das Unternehmen besitzt mehrere Minen und ist auch als Auftragnehmer f\u00fcr mehrere Bergbauunternehmen t\u00e4tig. <\/p>\n<p>\u00dcber seine Tochtergesellschaft LNS Spitsbergen AS (LNSS) ist LNS auf <a title=\"Fakten \u00fcber Svalbard\" href=\"https:\/\/www.svalbardblues.com\/de\/svalbard\/\">Spitzbergen<\/a> sehr aktiv.<\/p>\n<p>Projekte im In- und Ausland<br \/>\nIn den letzten Jahren war LNS an einer Reihe von Gro\u00dfprojekten beteiligt. Unter anderem war das Unternehmen an der Entwicklung der Lofoten-Festlandverbindung, der neuen Autobahn E18 zwischen Grimstad und Kristiansand und dem Bau eines neuen Verschiffungshafens f\u00fcr Erzpellets in Narvik beteiligt. LNS war auch f\u00fcr den Bau des Globalen Saatgutlagers der UN in Svalbard verantwortlich.  <\/p>\n<p>Mit Projekten in Island, Gr\u00f6nland und der Antarktis verf\u00fcgt das Unternehmen \u00fcber umfangreiche Erfahrung in der Arbeit jenseits der Grenzen Norwegens. LNS hat auch ein eigenes Unternehmen in Chile gegr\u00fcndet und ist ab Sommer 2009 an einem gro\u00dfen Tunnelbauprojekt in Hongkong beteiligt. <\/p>\n<p>LNS Group<br \/>\nDas Unternehmen ist Teil der LNS Group. LNS Group bietet die folgenden Produkte und Dienstleistungen an <\/p>\n<p>Tunnelbau, Felsaushub<br \/>\nStra\u00dfenbau<br \/>\nBergbauauftr\u00e4ge<br \/>\nFelsstabilisierung, Injektion<br \/>\nErdbewegung<br \/>\nBetonherstellung<br \/>\nHerstellung von Holzmodulen und -elementen<\/p>\n<p>Im Jahr 2008 erzielte die LNS Group einen Umsatz von 1,8 Milliarden NOK.<\/p>\n<p>Die LNS Group besteht aus insgesamt 13 Unternehmen, die sich alle im Besitz der Leonhard Nilsen &amp; S\u00f8nner Eiendom AS befinden. Die Aktivit\u00e4ten der Unternehmen reichen vom Stra\u00dfen- und Tunnelbau \u00fcber die Betonproduktion bis hin zum Bergbau. <\/p>\n<p><strong>Geschichte der LNS Group<\/strong><br \/>\nLNS wurde 1961 von Malvin Nilsen und seinem Vater Leonhard Nilsen gegr\u00fcndet. Aus dieser Gr\u00fcndung hat sich eine Gruppe entwickelt, die 2008 aus 13 Unternehmen besteht und an der auch die 3. Generation beteiligt ist.  <\/p>\n<p>Der Hauptsitz befindet sich in Ris\u00f8yhamn auf den Vester\u00e5len. Die Gruppe hat Projekte in ganz Norwegen, auf Spitzbergen, in der Antarktis, in Hongkong und Chile sowie k\u00fcrzlich abgeschlossene Projekte in Russland, Gr\u00f6nland und Island. Mit anderen Worten: Die Projekte von LNS reichen vom Nordpol bis zum S\u00fcdpol.  <\/p>\n<p>Zu Beginn war der Fuhrpark bescheiden und bestand aus einem Lastwagen, einem Bus und einem Taxi, die in der Gegend unterwegs waren.<\/p>\n<p>Heute verf\u00fcgt LNS \u00fcber einen sehr gro\u00dfen und modernen Maschinenpark und steht bei der Entwicklung und Nutzung neuer Technologien an vorderster Front.<\/p>\n<p>Der Weg zu dem Konzern, den wir heute sehen, mit rund 800 Mitarbeitern und einem Umsatz von mehr als 1,6 Milliarden SEK, war aufregend und verschlungen mit vielen Meilensteinen.<\/p>\n<p>Der St\u00fctzpunkt der K\u00fcstenwache in Sortland (1979) f\u00fchrte zu einer Vergr\u00f6\u00dferung des Maschinenparks von LNS<br \/>\nDer St\u00fctzpunkt Stagnes in Harstad (1983) war der erste gro\u00dfe Auftrag, den LNS im Wettbewerb mit nationalen Auftragnehmern gewann<br \/>\nDas Arnesfjellet in Ballangen (1983) war der Beginn der Bergbauaktivit\u00e4ten von LNS<br \/>\nDer Steigen-Tunnel (1986) war der erste Tunnelauftrag von LNS \u00fcberhaupt<br \/>\nLNS expandierte nach Svalbard (1999) als Lieferant von Logistikdienstleistungen f\u00fcr die Eckpfeilergesellschaft von Svalbard, Store Norske Spitsbergen kullkompani<br \/>\nDer Almannaskard-Tunnel in Island (2004) war das erste Auslandsprojekt von LNS<br \/>\nMit LNS Chile (2008) und Hongkong (2009) expandiert die Gruppe auf einen weiteren Kontinent. \u00dcber diese Gesellschaft wird LNS Tunnel, unterirdische Stollen und Bergbauarbeiten in S\u00fcdamerika betreiben. <\/p>\n","protected":false},"excerpt":{"rendered":"<p>LNS Spitsbergen AS Postboks 534 9171 Longyearbyen Internet: www.lns.no E-Mail: firmapostlnss@lns.no Telefon +47 79 02 49 50 LNS Spitsbergen AS (LNSS) ist eine Tochtergesellschaft von Leonhard Nilsen &amp; S\u00f8nner AS. LNSS hat 109 Mitarbeiter. &#8211; LNSS war im Auftrag von Statsbygg f\u00fcr den Bau des globalen Saatguttresors in Svalbard verantwortlich. &#8211; LNSS ist in Svalbard &#8230; <\/p>\n<p class=\"read-more-container\"><a title=\"LNS Spitzbergen\" class=\"read-more button\" href=\"https:\/\/www.svalbardblues.com\/de\/svalbard\/bedrifter\/lns-spitsbergen\/#more-23981\" aria-label=\"Mehr Informationen \u00fcber LNS Spitzbergen\">Read more<\/a><\/p>\n","protected":false},"author":1,"featured_media":0,"parent":23911,"menu_order":0,"comment_status":"closed","ping_status":"closed","template":"template-full.php","meta":{"inline_featured_image":false,"footnotes":""},"class_list":["post-23981","page","type-page","status-publish"],"yoast_head":"<!-- This site is optimized with the Yoast SEO Premium plugin v26.2 (Yoast SEO v27.5) - https:\/\/yoast.com\/product\/yoast-seo-premium-wordpress\/ -->\n<title>LNS Spitsbergen | Longyearbyen | SVALBARD<\/title>\n<meta name=\"description\" content=\"Leonhard Nilsen &amp; S\u00f8nner AS ist Nordnorwegens gr\u00f6\u00dftes Bauunternehmen und rangiert au\u00dferdem auf Platz 10 der gr\u00f6\u00dften Bauunternehmen Norwegens.\" \/>\n<meta name=\"robots\" content=\"index, follow, max-snippet:-1, max-image-preview:large, max-video-preview:-1\" \/>\n<link rel=\"canonical\" href=\"https:\/\/www.svalbardblues.com\/de\/svalbard\/bedrifter\/lns-spitsbergen\/\" \/>\n<meta property=\"og:locale\" content=\"de_DE\" \/>\n<meta property=\"og:type\" content=\"article\" \/>\n<meta property=\"og:title\" content=\"LNS Spitzbergen\" \/>\n<meta property=\"og:description\" content=\"Leonhard Nilsen &amp; S\u00f8nner AS ist Nordnorwegens gr\u00f6\u00dftes Bauunternehmen und rangiert au\u00dferdem auf Platz 10 der gr\u00f6\u00dften Bauunternehmen Norwegens.\" \/>\n<meta property=\"og:url\" content=\"https:\/\/www.svalbardblues.com\/de\/svalbard\/bedrifter\/lns-spitsbergen\/\" \/>\n<meta property=\"og:site_name\" content=\"Dark Season Blues | SVALBARD\" \/>\n<meta property=\"article:publisher\" content=\"https:\/\/www.facebook.com\/DarkSeasonBlues\" \/>\n<meta property=\"og:image\" content=\"https:\/\/www.svalbardblues.com\/wp-content\/uploads\/2011\/07\/LNS-spitsbergen-logo-882.jpg\" \/>\n\t<meta property=\"og:image:width\" content=\"882\" \/>\n\t<meta property=\"og:image:height\" content=\"516\" \/>\n\t<meta property=\"og:image:type\" content=\"image\/jpeg\" \/>\n<meta name=\"twitter:label1\" content=\"Gesch\u00e4tzte Lesezeit\" \/>\n\t<meta name=\"twitter:data1\" content=\"4\u00a0Minuten\" \/>\n<script type=\"application\/ld+json\" class=\"yoast-schema-graph\">{\"@context\":\"https:\\\/\\\/schema.org\",\"@graph\":[{\"@type\":\"WebPage\",\"@id\":\"https:\\\/\\\/www.svalbardblues.com\\\/de\\\/svalbard\\\/bedrifter\\\/lns-spitsbergen\\\/\",\"url\":\"https:\\\/\\\/www.svalbardblues.com\\\/de\\\/svalbard\\\/bedrifter\\\/lns-spitsbergen\\\/\",\"name\":\"LNS Spitsbergen | Longyearbyen | SVALBARD\",\"isPartOf\":{\"@id\":\"https:\\\/\\\/www.svalbardblues.com\\\/de\\\/#website\"},\"primaryImageOfPage\":{\"@id\":\"https:\\\/\\\/www.svalbardblues.com\\\/de\\\/svalbard\\\/bedrifter\\\/lns-spitsbergen\\\/#primaryimage\"},\"image\":{\"@id\":\"https:\\\/\\\/www.svalbardblues.com\\\/de\\\/svalbard\\\/bedrifter\\\/lns-spitsbergen\\\/#primaryimage\"},\"thumbnailUrl\":\"https:\\\/\\\/www.svalbardblues.com\\\/wp-content\\\/uploads\\\/2011\\\/07\\\/LNS-spitsbergen-logo-882.jpg\",\"datePublished\":\"2012-01-05T21:45:09+00:00\",\"description\":\"Leonhard Nilsen & S\u00f8nner AS ist Nordnorwegens gr\u00f6\u00dftes Bauunternehmen und rangiert au\u00dferdem auf Platz 10 der gr\u00f6\u00dften Bauunternehmen Norwegens.\",\"breadcrumb\":{\"@id\":\"https:\\\/\\\/www.svalbardblues.com\\\/de\\\/svalbard\\\/bedrifter\\\/lns-spitsbergen\\\/#breadcrumb\"},\"inLanguage\":\"de\",\"potentialAction\":[{\"@type\":\"ReadAction\",\"target\":[\"https:\\\/\\\/www.svalbardblues.com\\\/de\\\/svalbard\\\/bedrifter\\\/lns-spitsbergen\\\/\"]}]},{\"@type\":\"ImageObject\",\"inLanguage\":\"de\",\"@id\":\"https:\\\/\\\/www.svalbardblues.com\\\/de\\\/svalbard\\\/bedrifter\\\/lns-spitsbergen\\\/#primaryimage\",\"url\":\"https:\\\/\\\/www.svalbardblues.com\\\/wp-content\\\/uploads\\\/2011\\\/07\\\/LNS-spitsbergen-logo-882.jpg\",\"contentUrl\":\"https:\\\/\\\/www.svalbardblues.com\\\/wp-content\\\/uploads\\\/2011\\\/07\\\/LNS-spitsbergen-logo-882.jpg\"},{\"@type\":\"BreadcrumbList\",\"@id\":\"https:\\\/\\\/www.svalbardblues.com\\\/de\\\/svalbard\\\/bedrifter\\\/lns-spitsbergen\\\/#breadcrumb\",\"itemListElement\":[{\"@type\":\"ListItem\",\"position\":1,\"name\":\"Hjem\",\"item\":\"https:\\\/\\\/www.svalbardblues.com\\\/de\\\/\"},{\"@type\":\"ListItem\",\"position\":2,\"name\":\"Svalbard, Fakten und Informationen\",\"item\":\"https:\\\/\\\/www.svalbardblues.com\\\/de\\\/svalbard\\\/\"},{\"@type\":\"ListItem\",\"position\":3,\"name\":\"Unternehmen | Svalbard und Longyearbyen\",\"item\":\"https:\\\/\\\/www.svalbardblues.com\\\/de\\\/svalbard\\\/bedrifter\\\/\"},{\"@type\":\"ListItem\",\"position\":4,\"name\":\"LNS Spitzbergen\"}]},{\"@type\":\"WebSite\",\"@id\":\"https:\\\/\\\/www.svalbardblues.com\\\/de\\\/#website\",\"url\":\"https:\\\/\\\/www.svalbardblues.com\\\/de\\\/\",\"name\":\"Dark Season Blues | SVALBARD\",\"description\":\"The World&#039;s Northenmost Blues Festival\",\"publisher\":{\"@id\":\"https:\\\/\\\/www.svalbardblues.com\\\/de\\\/#organization\"},\"potentialAction\":[{\"@type\":\"SearchAction\",\"target\":{\"@type\":\"EntryPoint\",\"urlTemplate\":\"https:\\\/\\\/www.svalbardblues.com\\\/de\\\/?s={search_term_string}\"},\"query-input\":{\"@type\":\"PropertyValueSpecification\",\"valueRequired\":true,\"valueName\":\"search_term_string\"}}],\"inLanguage\":\"de\"},{\"@type\":\"Organization\",\"@id\":\"https:\\\/\\\/www.svalbardblues.com\\\/de\\\/#organization\",\"name\":\"Dark Season Blues\",\"url\":\"https:\\\/\\\/www.svalbardblues.com\\\/de\\\/\",\"logo\":{\"@type\":\"ImageObject\",\"inLanguage\":\"de\",\"@id\":\"https:\\\/\\\/www.svalbardblues.com\\\/de\\\/#\\\/schema\\\/logo\\\/image\\\/\",\"url\":\"https:\\\/\\\/www.svalbardblues.com\\\/wp-content\\\/uploads\\\/2017\\\/06\\\/DSB2017-Illustrasjon-620.jpg\",\"contentUrl\":\"https:\\\/\\\/www.svalbardblues.com\\\/wp-content\\\/uploads\\\/2017\\\/06\\\/DSB2017-Illustrasjon-620.jpg\",\"width\":620,\"height\":488,\"caption\":\"Dark Season Blues\"},\"image\":{\"@id\":\"https:\\\/\\\/www.svalbardblues.com\\\/de\\\/#\\\/schema\\\/logo\\\/image\\\/\"},\"sameAs\":[\"https:\\\/\\\/www.facebook.com\\\/DarkSeasonBlues\",\"https:\\\/\\\/x.com\\\/DarkSeasonBlues\",\"https:\\\/\\\/www.instagram.com\\\/darkseasonblues\\\/\",\"https:\\\/\\\/no.wikipedia.org\\\/wiki\\\/Dark_Season_Blues\"]}]}<\/script>\n<!-- \/ Yoast SEO Premium plugin. -->","yoast_head_json":{"title":"LNS Spitsbergen | Longyearbyen | SVALBARD","description":"Leonhard Nilsen & S\u00f8nner AS ist Nordnorwegens gr\u00f6\u00dftes Bauunternehmen und rangiert au\u00dferdem auf Platz 10 der gr\u00f6\u00dften Bauunternehmen Norwegens.","robots":{"index":"index","follow":"follow","max-snippet":"max-snippet:-1","max-image-preview":"max-image-preview:large","max-video-preview":"max-video-preview:-1"},"canonical":"https:\/\/www.svalbardblues.com\/de\/svalbard\/bedrifter\/lns-spitsbergen\/","og_locale":"de_DE","og_type":"article","og_title":"LNS Spitzbergen","og_description":"Leonhard Nilsen & S\u00f8nner AS ist Nordnorwegens gr\u00f6\u00dftes Bauunternehmen und rangiert au\u00dferdem auf Platz 10 der gr\u00f6\u00dften Bauunternehmen Norwegens.","og_url":"https:\/\/www.svalbardblues.com\/de\/svalbard\/bedrifter\/lns-spitsbergen\/","og_site_name":"Dark Season Blues | SVALBARD","article_publisher":"https:\/\/www.facebook.com\/DarkSeasonBlues","og_image":[{"width":882,"height":516,"url":"https:\/\/www.svalbardblues.com\/wp-content\/uploads\/2011\/07\/LNS-spitsbergen-logo-882.jpg","type":"image\/jpeg"}],"twitter_misc":{"Gesch\u00e4tzte Lesezeit":"4\u00a0Minuten"},"schema":{"@context":"https:\/\/schema.org","@graph":[{"@type":"WebPage","@id":"https:\/\/www.svalbardblues.com\/de\/svalbard\/bedrifter\/lns-spitsbergen\/","url":"https:\/\/www.svalbardblues.com\/de\/svalbard\/bedrifter\/lns-spitsbergen\/","name":"LNS Spitsbergen | Longyearbyen | SVALBARD","isPartOf":{"@id":"https:\/\/www.svalbardblues.com\/de\/#website"},"primaryImageOfPage":{"@id":"https:\/\/www.svalbardblues.com\/de\/svalbard\/bedrifter\/lns-spitsbergen\/#primaryimage"},"image":{"@id":"https:\/\/www.svalbardblues.com\/de\/svalbard\/bedrifter\/lns-spitsbergen\/#primaryimage"},"thumbnailUrl":"https:\/\/www.svalbardblues.com\/wp-content\/uploads\/2011\/07\/LNS-spitsbergen-logo-882.jpg","datePublished":"2012-01-05T21:45:09+00:00","description":"Leonhard Nilsen & S\u00f8nner AS ist Nordnorwegens gr\u00f6\u00dftes Bauunternehmen und rangiert au\u00dferdem auf Platz 10 der gr\u00f6\u00dften Bauunternehmen Norwegens.","breadcrumb":{"@id":"https:\/\/www.svalbardblues.com\/de\/svalbard\/bedrifter\/lns-spitsbergen\/#breadcrumb"},"inLanguage":"de","potentialAction":[{"@type":"ReadAction","target":["https:\/\/www.svalbardblues.com\/de\/svalbard\/bedrifter\/lns-spitsbergen\/"]}]},{"@type":"ImageObject","inLanguage":"de","@id":"https:\/\/www.svalbardblues.com\/de\/svalbard\/bedrifter\/lns-spitsbergen\/#primaryimage","url":"https:\/\/www.svalbardblues.com\/wp-content\/uploads\/2011\/07\/LNS-spitsbergen-logo-882.jpg","contentUrl":"https:\/\/www.svalbardblues.com\/wp-content\/uploads\/2011\/07\/LNS-spitsbergen-logo-882.jpg"},{"@type":"BreadcrumbList","@id":"https:\/\/www.svalbardblues.com\/de\/svalbard\/bedrifter\/lns-spitsbergen\/#breadcrumb","itemListElement":[{"@type":"ListItem","position":1,"name":"Hjem","item":"https:\/\/www.svalbardblues.com\/de\/"},{"@type":"ListItem","position":2,"name":"Svalbard, Fakten und Informationen","item":"https:\/\/www.svalbardblues.com\/de\/svalbard\/"},{"@type":"ListItem","position":3,"name":"Unternehmen | Svalbard und Longyearbyen","item":"https:\/\/www.svalbardblues.com\/de\/svalbard\/bedrifter\/"},{"@type":"ListItem","position":4,"name":"LNS Spitzbergen"}]},{"@type":"WebSite","@id":"https:\/\/www.svalbardblues.com\/de\/#website","url":"https:\/\/www.svalbardblues.com\/de\/","name":"Dark Season Blues | SVALBARD","description":"The World&#039;s Northenmost Blues Festival","publisher":{"@id":"https:\/\/www.svalbardblues.com\/de\/#organization"},"potentialAction":[{"@type":"SearchAction","target":{"@type":"EntryPoint","urlTemplate":"https:\/\/www.svalbardblues.com\/de\/?s={search_term_string}"},"query-input":{"@type":"PropertyValueSpecification","valueRequired":true,"valueName":"search_term_string"}}],"inLanguage":"de"},{"@type":"Organization","@id":"https:\/\/www.svalbardblues.com\/de\/#organization","name":"Dark Season Blues","url":"https:\/\/www.svalbardblues.com\/de\/","logo":{"@type":"ImageObject","inLanguage":"de","@id":"https:\/\/www.svalbardblues.com\/de\/#\/schema\/logo\/image\/","url":"https:\/\/www.svalbardblues.com\/wp-content\/uploads\/2017\/06\/DSB2017-Illustrasjon-620.jpg","contentUrl":"https:\/\/www.svalbardblues.com\/wp-content\/uploads\/2017\/06\/DSB2017-Illustrasjon-620.jpg","width":620,"height":488,"caption":"Dark Season Blues"},"image":{"@id":"https:\/\/www.svalbardblues.com\/de\/#\/schema\/logo\/image\/"},"sameAs":["https:\/\/www.facebook.com\/DarkSeasonBlues","https:\/\/x.com\/DarkSeasonBlues","https:\/\/www.instagram.com\/darkseasonblues\/","https:\/\/no.wikipedia.org\/wiki\/Dark_Season_Blues"]}]}},"_links":{"self":[{"href":"https:\/\/www.svalbardblues.com\/de\/wp-json\/wp\/v2\/pages\/23981","targetHints":{"allow":["GET"]}}],"collection":[{"href":"https:\/\/www.svalbardblues.com\/de\/wp-json\/wp\/v2\/pages"}],"about":[{"href":"https:\/\/www.svalbardblues.com\/de\/wp-json\/wp\/v2\/types\/page"}],"author":[{"embeddable":true,"href":"https:\/\/www.svalbardblues.com\/de\/wp-json\/wp\/v2\/users\/1"}],"replies":[{"embeddable":true,"href":"https:\/\/www.svalbardblues.com\/de\/wp-json\/wp\/v2\/comments?post=23981"}],"version-history":[{"count":0,"href":"https:\/\/www.svalbardblues.com\/de\/wp-json\/wp\/v2\/pages\/23981\/revisions"}],"up":[{"embeddable":true,"href":"https:\/\/www.svalbardblues.com\/de\/wp-json\/wp\/v2\/pages\/23911"}],"wp:attachment":[{"href":"https:\/\/www.svalbardblues.com\/de\/wp-json\/wp\/v2\/media?parent=23981"}],"curies":[{"name":"wp","href":"https:\/\/api.w.org\/{rel}","templated":true}]}}