{"id":23996,"date":"2012-01-05T21:49:19","date_gmt":"2012-01-05T21:49:19","guid":{"rendered":"https:\/\/www.svalbardblues.com\/svalbard\/bedrifter\/apotek-spitsbergen\/"},"modified":"2012-01-05T21:49:19","modified_gmt":"2012-01-05T21:49:19","slug":"apotek-spitsbergen","status":"publish","type":"page","link":"https:\/\/www.svalbardblues.com\/de\/svalbard\/bedrifter\/apotek-spitsbergen\/","title":{"rendered":"Apotheke Spitzbergen"},"content":{"rendered":"<p><img fetchpriority=\"high\" decoding=\"async\" src=\"https:\/\/www.svalbardblues.com\/wp-content\/uploads\/2011\/08\/apotek-spitsbergen-882x516.jpg\" alt=\"Spitzbergen-Apotheke in Longyearbeyn, Svalbard\" title=\"apotheke-spitzbergen\" width=\"882\" height=\"516\" class=\"aligncenter size-full wp-image-2815\" srcset=\"https:\/\/www.svalbardblues.com\/wp-content\/uploads\/2011\/08\/apotek-spitsbergen-882x516.jpg 882w, https:\/\/www.svalbardblues.com\/wp-content\/uploads\/2011\/08\/apotek-spitsbergen-882x516-600x351.jpg 600w, https:\/\/www.svalbardblues.com\/wp-content\/uploads\/2011\/08\/apotek-spitsbergen-882x516-300x175.jpg 300w\" sizes=\"(max-width: 882px) 100vw, 882px\" \/><br \/>\n<strong>Apotheke Spitzbergen<\/strong><br \/>\nP.O. Box 384<br \/>\n9171 Longyearbyen<br \/>\nWebsite: <a title=\"Apotheke Spitzbergen\" href=\"http:\/\/www.apotekspitsbergen.no\/\" target=\"_blank\">www.apotekspitsbergen.no<\/a><br \/>\nTelefon: 79021212<br \/>\nTelefax: 79021211<\/p>\n<p>Apotek Spitsbergen wurde im September 2008 er\u00f6ffnet. Die Apotheke befindet sich in privatem und lokalem Besitz, anders als die gro\u00dfe Mehrheit der Apotheken des Landes, die sich im Besitz ausl\u00e4ndischer Unternehmen befinden. Apotek Spitsbergen ist keine Kettenapotheke, sondern ein Mitglied der Apothekengruppe.  <\/p>\n<p>Apotekgruppen ist eine Interessenorganisation f\u00fcr unabh\u00e4ngige Apotheken. Apotek Spitsbergen wird von Berit Fossland geleitet. Berit Fossland studierte Pharmazie an der Universit\u00e4t von Troms\u00f8 1995-2000. Sie hat 6 Jahre Erfahrung als Apothekerin bei Apotek 1 Sj\u00f8siden in Mosj\u00f8en.<br \/>\n<img decoding=\"async\" class=\"alignright size-medium wp-image-2817\" title=\"Lompensentret-Eingang_300\" src=\"https:\/\/www.svalbardblues.com\/wp-content\/uploads\/2011\/08\/Lompensentret-inngang_300-225x300.jpg\" alt=\"Das Lompen-Zentrum in Longyerbyen auf Svalbard\" width=\"225\" height=\"300\" srcset=\"https:\/\/www.svalbardblues.com\/wp-content\/uploads\/2011\/08\/Lompensentret-inngang_300-225x300.jpg 225w, https:\/\/www.svalbardblues.com\/wp-content\/uploads\/2011\/08\/Lompensentret-inngang_300.jpg 300w\" sizes=\"(max-width: 225px) 100vw, 225px\" \/><\/p>\n<p>Apotek Spitsbergen befindet sich im Lompensenteret, dem einzigen Einkaufszentrum Spitzbergens. Im Zentrum finden Sie auch steuerfreie Gesch\u00e4fte, die Souvenirs, Kleidung, Wanderausr\u00fcstung, Schmuck und vieles mehr verkaufen. Das Zentrum verf\u00fcgt auch \u00fcber einen Coffee Shop.  <\/p>\n<p>&nbsp;<\/p>\n<p>&nbsp;<\/p>\n<p>&nbsp;<\/p>\n<p>&nbsp;<\/p>\n<p>&nbsp;<\/p>\n<p>&nbsp;<\/p>\n","protected":false},"excerpt":{"rendered":"<p>Apotheke Spitzbergen P.O. Box 384 9171 Longyearbyen Website: www.apotekspitsbergen.no Telefon: 79021212 Telefax: 79021211 Apotek Spitsbergen wurde im September 2008 er\u00f6ffnet. Die Apotheke befindet sich in privatem und lokalem Besitz, anders als die gro\u00dfe Mehrheit der Apotheken des Landes, die sich im Besitz ausl\u00e4ndischer Unternehmen befinden. Apotek Spitsbergen ist keine Kettenapotheke, sondern ein Mitglied der Apothekengruppe. &#8230; <\/p>\n<p class=\"read-more-container\"><a title=\"Apotheke Spitzbergen\" class=\"read-more button\" href=\"https:\/\/www.svalbardblues.com\/de\/svalbard\/bedrifter\/apotek-spitsbergen\/#more-23996\" aria-label=\"Mehr Informationen \u00fcber Apotheke Spitzbergen\">Read more<\/a><\/p>\n","protected":false},"author":1,"featured_media":0,"parent":23911,"menu_order":0,"comment_status":"closed","ping_status":"closed","template":"template-full.php","meta":{"inline_featured_image":false,"footnotes":""},"class_list":["post-23996","page","type-page","status-publish"],"yoast_head":"<!-- This site is optimized with the Yoast SEO Premium plugin v26.2 (Yoast SEO v27.4) - https:\/\/yoast.com\/product\/yoast-seo-premium-wordpress\/ -->\n<title>Spitzbergen-Apotheke | Longyearbyen | SVALBARD<\/title>\n<meta name=\"description\" content=\"Apotek Spitsbergen, die n\u00f6rdlichste Apotheke der Welt. Die Apotheke befindet sich in Lompensentret im Zentrum von Longyerbyen auf Svalbard.\" \/>\n<meta name=\"robots\" content=\"index, follow, max-snippet:-1, max-image-preview:large, max-video-preview:-1\" \/>\n<link rel=\"canonical\" href=\"https:\/\/www.svalbardblues.com\/de\/svalbard\/bedrifter\/apotek-spitsbergen\/\" \/>\n<meta property=\"og:locale\" content=\"de_DE\" \/>\n<meta property=\"og:type\" content=\"article\" \/>\n<meta property=\"og:title\" content=\"Apotheke Spitzbergen\" \/>\n<meta property=\"og:description\" content=\"Apotek Spitsbergen, die n\u00f6rdlichste Apotheke der Welt. Die Apotheke befindet sich in Lompensentret im Zentrum von Longyerbyen auf Svalbard.\" \/>\n<meta property=\"og:url\" content=\"https:\/\/www.svalbardblues.com\/de\/svalbard\/bedrifter\/apotek-spitsbergen\/\" \/>\n<meta property=\"og:site_name\" content=\"Dark Season Blues | SVALBARD\" \/>\n<meta property=\"article:publisher\" content=\"https:\/\/www.facebook.com\/DarkSeasonBlues\" \/>\n<meta property=\"og:image\" content=\"https:\/\/www.svalbardblues.com\/wp-content\/uploads\/2011\/08\/apotek-spitsbergen-882x516.jpg\" \/>\n\t<meta property=\"og:image:width\" content=\"882\" \/>\n\t<meta property=\"og:image:height\" content=\"516\" \/>\n\t<meta property=\"og:image:type\" content=\"image\/jpeg\" \/>\n<meta name=\"twitter:label1\" content=\"Gesch\u00e4tzte Lesezeit\" \/>\n\t<meta name=\"twitter:data1\" content=\"1\u00a0Minute\" \/>\n<script type=\"application\/ld+json\" class=\"yoast-schema-graph\">{\"@context\":\"https:\\\/\\\/schema.org\",\"@graph\":[{\"@type\":\"WebPage\",\"@id\":\"https:\\\/\\\/www.svalbardblues.com\\\/de\\\/svalbard\\\/bedrifter\\\/apotek-spitsbergen\\\/\",\"url\":\"https:\\\/\\\/www.svalbardblues.com\\\/de\\\/svalbard\\\/bedrifter\\\/apotek-spitsbergen\\\/\",\"name\":\"Spitzbergen-Apotheke | Longyearbyen | SVALBARD\",\"isPartOf\":{\"@id\":\"https:\\\/\\\/www.svalbardblues.com\\\/de\\\/#website\"},\"primaryImageOfPage\":{\"@id\":\"https:\\\/\\\/www.svalbardblues.com\\\/de\\\/svalbard\\\/bedrifter\\\/apotek-spitsbergen\\\/#primaryimage\"},\"image\":{\"@id\":\"https:\\\/\\\/www.svalbardblues.com\\\/de\\\/svalbard\\\/bedrifter\\\/apotek-spitsbergen\\\/#primaryimage\"},\"thumbnailUrl\":\"https:\\\/\\\/www.svalbardblues.com\\\/wp-content\\\/uploads\\\/2011\\\/08\\\/apotek-spitsbergen-882x516.jpg\",\"datePublished\":\"2012-01-05T21:49:19+00:00\",\"description\":\"Apotek Spitsbergen, die n\u00f6rdlichste Apotheke der Welt. Die Apotheke befindet sich in Lompensentret im Zentrum von Longyerbyen auf Svalbard.\",\"breadcrumb\":{\"@id\":\"https:\\\/\\\/www.svalbardblues.com\\\/de\\\/svalbard\\\/bedrifter\\\/apotek-spitsbergen\\\/#breadcrumb\"},\"inLanguage\":\"de\",\"potentialAction\":[{\"@type\":\"ReadAction\",\"target\":[\"https:\\\/\\\/www.svalbardblues.com\\\/de\\\/svalbard\\\/bedrifter\\\/apotek-spitsbergen\\\/\"]}]},{\"@type\":\"ImageObject\",\"inLanguage\":\"de\",\"@id\":\"https:\\\/\\\/www.svalbardblues.com\\\/de\\\/svalbard\\\/bedrifter\\\/apotek-spitsbergen\\\/#primaryimage\",\"url\":\"https:\\\/\\\/www.svalbardblues.com\\\/wp-content\\\/uploads\\\/2011\\\/08\\\/apotek-spitsbergen-882x516.jpg\",\"contentUrl\":\"https:\\\/\\\/www.svalbardblues.com\\\/wp-content\\\/uploads\\\/2011\\\/08\\\/apotek-spitsbergen-882x516.jpg\"},{\"@type\":\"BreadcrumbList\",\"@id\":\"https:\\\/\\\/www.svalbardblues.com\\\/de\\\/svalbard\\\/bedrifter\\\/apotek-spitsbergen\\\/#breadcrumb\",\"itemListElement\":[{\"@type\":\"ListItem\",\"position\":1,\"name\":\"Hjem\",\"item\":\"https:\\\/\\\/www.svalbardblues.com\\\/de\\\/\"},{\"@type\":\"ListItem\",\"position\":2,\"name\":\"Svalbard, Fakten und Informationen\",\"item\":\"https:\\\/\\\/www.svalbardblues.com\\\/de\\\/svalbard\\\/\"},{\"@type\":\"ListItem\",\"position\":3,\"name\":\"Unternehmen | Svalbard und Longyearbyen\",\"item\":\"https:\\\/\\\/www.svalbardblues.com\\\/de\\\/svalbard\\\/bedrifter\\\/\"},{\"@type\":\"ListItem\",\"position\":4,\"name\":\"Apotheke Spitzbergen\"}]},{\"@type\":\"WebSite\",\"@id\":\"https:\\\/\\\/www.svalbardblues.com\\\/de\\\/#website\",\"url\":\"https:\\\/\\\/www.svalbardblues.com\\\/de\\\/\",\"name\":\"Dark Season Blues | SVALBARD\",\"description\":\"The World&#039;s Northenmost Blues Festival\",\"publisher\":{\"@id\":\"https:\\\/\\\/www.svalbardblues.com\\\/de\\\/#organization\"},\"potentialAction\":[{\"@type\":\"SearchAction\",\"target\":{\"@type\":\"EntryPoint\",\"urlTemplate\":\"https:\\\/\\\/www.svalbardblues.com\\\/de\\\/?s={search_term_string}\"},\"query-input\":{\"@type\":\"PropertyValueSpecification\",\"valueRequired\":true,\"valueName\":\"search_term_string\"}}],\"inLanguage\":\"de\"},{\"@type\":\"Organization\",\"@id\":\"https:\\\/\\\/www.svalbardblues.com\\\/de\\\/#organization\",\"name\":\"Dark Season Blues\",\"url\":\"https:\\\/\\\/www.svalbardblues.com\\\/de\\\/\",\"logo\":{\"@type\":\"ImageObject\",\"inLanguage\":\"de\",\"@id\":\"https:\\\/\\\/www.svalbardblues.com\\\/de\\\/#\\\/schema\\\/logo\\\/image\\\/\",\"url\":\"https:\\\/\\\/www.svalbardblues.com\\\/wp-content\\\/uploads\\\/2017\\\/06\\\/DSB2017-Illustrasjon-620.jpg\",\"contentUrl\":\"https:\\\/\\\/www.svalbardblues.com\\\/wp-content\\\/uploads\\\/2017\\\/06\\\/DSB2017-Illustrasjon-620.jpg\",\"width\":620,\"height\":488,\"caption\":\"Dark Season Blues\"},\"image\":{\"@id\":\"https:\\\/\\\/www.svalbardblues.com\\\/de\\\/#\\\/schema\\\/logo\\\/image\\\/\"},\"sameAs\":[\"https:\\\/\\\/www.facebook.com\\\/DarkSeasonBlues\",\"https:\\\/\\\/x.com\\\/DarkSeasonBlues\",\"https:\\\/\\\/www.instagram.com\\\/darkseasonblues\\\/\",\"https:\\\/\\\/no.wikipedia.org\\\/wiki\\\/Dark_Season_Blues\"]}]}<\/script>\n<!-- \/ Yoast SEO Premium plugin. -->","yoast_head_json":{"title":"Spitzbergen-Apotheke | Longyearbyen | SVALBARD","description":"Apotek Spitsbergen, die n\u00f6rdlichste Apotheke der Welt. Die Apotheke befindet sich in Lompensentret im Zentrum von Longyerbyen auf Svalbard.","robots":{"index":"index","follow":"follow","max-snippet":"max-snippet:-1","max-image-preview":"max-image-preview:large","max-video-preview":"max-video-preview:-1"},"canonical":"https:\/\/www.svalbardblues.com\/de\/svalbard\/bedrifter\/apotek-spitsbergen\/","og_locale":"de_DE","og_type":"article","og_title":"Apotheke Spitzbergen","og_description":"Apotek Spitsbergen, die n\u00f6rdlichste Apotheke der Welt. Die Apotheke befindet sich in Lompensentret im Zentrum von Longyerbyen auf Svalbard.","og_url":"https:\/\/www.svalbardblues.com\/de\/svalbard\/bedrifter\/apotek-spitsbergen\/","og_site_name":"Dark Season Blues | SVALBARD","article_publisher":"https:\/\/www.facebook.com\/DarkSeasonBlues","og_image":[{"width":882,"height":516,"url":"https:\/\/www.svalbardblues.com\/wp-content\/uploads\/2011\/08\/apotek-spitsbergen-882x516.jpg","type":"image\/jpeg"}],"twitter_misc":{"Gesch\u00e4tzte Lesezeit":"1\u00a0Minute"},"schema":{"@context":"https:\/\/schema.org","@graph":[{"@type":"WebPage","@id":"https:\/\/www.svalbardblues.com\/de\/svalbard\/bedrifter\/apotek-spitsbergen\/","url":"https:\/\/www.svalbardblues.com\/de\/svalbard\/bedrifter\/apotek-spitsbergen\/","name":"Spitzbergen-Apotheke | Longyearbyen | SVALBARD","isPartOf":{"@id":"https:\/\/www.svalbardblues.com\/de\/#website"},"primaryImageOfPage":{"@id":"https:\/\/www.svalbardblues.com\/de\/svalbard\/bedrifter\/apotek-spitsbergen\/#primaryimage"},"image":{"@id":"https:\/\/www.svalbardblues.com\/de\/svalbard\/bedrifter\/apotek-spitsbergen\/#primaryimage"},"thumbnailUrl":"https:\/\/www.svalbardblues.com\/wp-content\/uploads\/2011\/08\/apotek-spitsbergen-882x516.jpg","datePublished":"2012-01-05T21:49:19+00:00","description":"Apotek Spitsbergen, die n\u00f6rdlichste Apotheke der Welt. Die Apotheke befindet sich in Lompensentret im Zentrum von Longyerbyen auf Svalbard.","breadcrumb":{"@id":"https:\/\/www.svalbardblues.com\/de\/svalbard\/bedrifter\/apotek-spitsbergen\/#breadcrumb"},"inLanguage":"de","potentialAction":[{"@type":"ReadAction","target":["https:\/\/www.svalbardblues.com\/de\/svalbard\/bedrifter\/apotek-spitsbergen\/"]}]},{"@type":"ImageObject","inLanguage":"de","@id":"https:\/\/www.svalbardblues.com\/de\/svalbard\/bedrifter\/apotek-spitsbergen\/#primaryimage","url":"https:\/\/www.svalbardblues.com\/wp-content\/uploads\/2011\/08\/apotek-spitsbergen-882x516.jpg","contentUrl":"https:\/\/www.svalbardblues.com\/wp-content\/uploads\/2011\/08\/apotek-spitsbergen-882x516.jpg"},{"@type":"BreadcrumbList","@id":"https:\/\/www.svalbardblues.com\/de\/svalbard\/bedrifter\/apotek-spitsbergen\/#breadcrumb","itemListElement":[{"@type":"ListItem","position":1,"name":"Hjem","item":"https:\/\/www.svalbardblues.com\/de\/"},{"@type":"ListItem","position":2,"name":"Svalbard, Fakten und Informationen","item":"https:\/\/www.svalbardblues.com\/de\/svalbard\/"},{"@type":"ListItem","position":3,"name":"Unternehmen | Svalbard und Longyearbyen","item":"https:\/\/www.svalbardblues.com\/de\/svalbard\/bedrifter\/"},{"@type":"ListItem","position":4,"name":"Apotheke Spitzbergen"}]},{"@type":"WebSite","@id":"https:\/\/www.svalbardblues.com\/de\/#website","url":"https:\/\/www.svalbardblues.com\/de\/","name":"Dark Season Blues | SVALBARD","description":"The World&#039;s Northenmost Blues Festival","publisher":{"@id":"https:\/\/www.svalbardblues.com\/de\/#organization"},"potentialAction":[{"@type":"SearchAction","target":{"@type":"EntryPoint","urlTemplate":"https:\/\/www.svalbardblues.com\/de\/?s={search_term_string}"},"query-input":{"@type":"PropertyValueSpecification","valueRequired":true,"valueName":"search_term_string"}}],"inLanguage":"de"},{"@type":"Organization","@id":"https:\/\/www.svalbardblues.com\/de\/#organization","name":"Dark Season Blues","url":"https:\/\/www.svalbardblues.com\/de\/","logo":{"@type":"ImageObject","inLanguage":"de","@id":"https:\/\/www.svalbardblues.com\/de\/#\/schema\/logo\/image\/","url":"https:\/\/www.svalbardblues.com\/wp-content\/uploads\/2017\/06\/DSB2017-Illustrasjon-620.jpg","contentUrl":"https:\/\/www.svalbardblues.com\/wp-content\/uploads\/2017\/06\/DSB2017-Illustrasjon-620.jpg","width":620,"height":488,"caption":"Dark Season Blues"},"image":{"@id":"https:\/\/www.svalbardblues.com\/de\/#\/schema\/logo\/image\/"},"sameAs":["https:\/\/www.facebook.com\/DarkSeasonBlues","https:\/\/x.com\/DarkSeasonBlues","https:\/\/www.instagram.com\/darkseasonblues\/","https:\/\/no.wikipedia.org\/wiki\/Dark_Season_Blues"]}]}},"_links":{"self":[{"href":"https:\/\/www.svalbardblues.com\/de\/wp-json\/wp\/v2\/pages\/23996","targetHints":{"allow":["GET"]}}],"collection":[{"href":"https:\/\/www.svalbardblues.com\/de\/wp-json\/wp\/v2\/pages"}],"about":[{"href":"https:\/\/www.svalbardblues.com\/de\/wp-json\/wp\/v2\/types\/page"}],"author":[{"embeddable":true,"href":"https:\/\/www.svalbardblues.com\/de\/wp-json\/wp\/v2\/users\/1"}],"replies":[{"embeddable":true,"href":"https:\/\/www.svalbardblues.com\/de\/wp-json\/wp\/v2\/comments?post=23996"}],"version-history":[{"count":0,"href":"https:\/\/www.svalbardblues.com\/de\/wp-json\/wp\/v2\/pages\/23996\/revisions"}],"up":[{"embeddable":true,"href":"https:\/\/www.svalbardblues.com\/de\/wp-json\/wp\/v2\/pages\/23911"}],"wp:attachment":[{"href":"https:\/\/www.svalbardblues.com\/de\/wp-json\/wp\/v2\/media?parent=23996"}],"curies":[{"name":"wp","href":"https:\/\/api.w.org\/{rel}","templated":true}]}}