{"id":24002,"date":"2012-01-05T21:53:30","date_gmt":"2012-01-05T21:53:30","guid":{"rendered":"https:\/\/www.svalbardblues.com\/svalbard\/bedrifter\/mix-isbjornbutikken\/"},"modified":"2012-01-05T21:53:30","modified_gmt":"2012-01-05T21:53:30","slug":"mix-isbjornbutikken","status":"publish","type":"page","link":"https:\/\/www.svalbardblues.com\/de\/svalbard\/bedrifter\/mix-isbjornbutikken\/","title":{"rendered":"Mischen Sie den Eisb\u00e4ren-Shop"},"content":{"rendered":"<p>MIX ISBJ\u00d8RNBUTIKKEN<br \/>\nGate 223 6<br \/>\n9170 LONGYEARBYEN<br \/>\nTelefon: 79021110<\/p>\n<p>&nbsp;<\/p>\n<figure id=\"attachment_2817\" aria-describedby=\"caption-attachment-2817\" style=\"width: 290px\" class=\"wp-caption alignright\"><img fetchpriority=\"high\" decoding=\"async\" class=\"size-full wp-image-2817\" title=\"Das Zentrum des Hinterns\" src=\"https:\/\/www.svalbardblues.com\/wp-content\/uploads\/2011\/08\/Lompensentret-inngang_300.jpg\" alt=\"Das Lompen-Zentrum in Longyerbyen auf Svalbard\" width=\"300\" height=\"400\" srcset=\"https:\/\/www.svalbardblues.com\/wp-content\/uploads\/2011\/08\/Lompensentret-inngang_300.jpg 300w, https:\/\/www.svalbardblues.com\/wp-content\/uploads\/2011\/08\/Lompensentret-inngang_300-225x300.jpg 225w\" sizes=\"(max-width: 300px) 100vw, 300px\" \/><figcaption id=\"caption-attachment-2817\" class=\"wp-caption-text\">Lompensentret<\/figcaption><\/figure>\n<p>Der Eisb\u00e4renladen befindet sich im Lompen Centre im Zentrum von Longyearbyen. Im Zentrum finden Sie auch steuerfreie Gesch\u00e4fte, die Souvenirs, Kleidung, Wanderausr\u00fcstung, Schmuck und vieles mehr verkaufen.<br \/>\nIsbj\u00f8rnbutikken wurde 2009 zum MIX.store of the year gek\u00fcrt.<br \/>\nDas Gesch\u00e4ft hat ein breites Warensortiment und ist auch ein Trinkgeldbeauftragter. <\/p>\n<p>Sie k\u00f6nnen Festival-T-Shirts, Tickets und Festivalp\u00e4sse f\u00fcr Dark Season Blues im Isbj\u00f8rnbutikken in <a title=\"Longyearbyen\" href=\"https:\/\/www.svalbardblues.com\/de\/longyearbyen\/\" target=\"_blank\">Longyearbyen<\/a> kaufen.<br \/>\nVorbestellte Tickets und Festivalp\u00e4sse k\u00f6nnen hier ab Donnerstag in der Festivalwoche auch abgeholt werden.<\/p>\n<p>&nbsp;<\/p>\n<p>&nbsp;<\/p>\n<p>&nbsp;<\/p>\n","protected":false},"excerpt":{"rendered":"<p>MIX ISBJ\u00d8RNBUTIKKEN Gate 223 6 9170 LONGYEARBYEN Telefon: 79021110 &nbsp; Der Eisb\u00e4renladen befindet sich im Lompen Centre im Zentrum von Longyearbyen. Im Zentrum finden Sie auch steuerfreie Gesch\u00e4fte, die Souvenirs, Kleidung, Wanderausr\u00fcstung, Schmuck und vieles mehr verkaufen. Isbj\u00f8rnbutikken wurde 2009 zum MIX.store of the year gek\u00fcrt. Das Gesch\u00e4ft hat ein breites Warensortiment und ist auch &#8230; <\/p>\n<p class=\"read-more-container\"><a title=\"Mischen Sie den Eisb\u00e4ren-Shop\" class=\"read-more button\" href=\"https:\/\/www.svalbardblues.com\/de\/svalbard\/bedrifter\/mix-isbjornbutikken\/#more-24002\" aria-label=\"Mehr Informationen \u00fcber Mischen Sie den Eisb\u00e4ren-Shop\">Read more<\/a><\/p>\n","protected":false},"author":1,"featured_media":0,"parent":23911,"menu_order":0,"comment_status":"closed","ping_status":"closed","template":"template-full.php","meta":{"inline_featured_image":false,"footnotes":""},"class_list":["post-24002","page","type-page","status-publish"],"yoast_head":"<!-- This site is optimized with the Yoast SEO Premium plugin v26.2 (Yoast SEO v27.5) - https:\/\/yoast.com\/product\/yoast-seo-premium-wordpress\/ -->\n<title>MIX Isbj\u00f8rnbutikken | Longyearbyen | Svalbard<\/title>\n<meta name=\"description\" content=\"Der Eisb\u00e4renladen befindet sich in Lompensentret, im Zentrum von Longyearbyen. Im Zentrum finden Sie auch andere steuerfreie Gesch\u00e4fte.\" \/>\n<meta name=\"robots\" content=\"index, follow, max-snippet:-1, max-image-preview:large, max-video-preview:-1\" \/>\n<link rel=\"canonical\" href=\"https:\/\/www.svalbardblues.com\/de\/svalbard\/bedrifter\/mix-isbjornbutikken\/\" \/>\n<meta property=\"og:locale\" content=\"de_DE\" \/>\n<meta property=\"og:type\" content=\"article\" \/>\n<meta property=\"og:title\" content=\"Mischen Sie den Eisb\u00e4ren-Shop\" \/>\n<meta property=\"og:description\" content=\"Der Eisb\u00e4renladen befindet sich in Lompensentret, im Zentrum von Longyearbyen. Im Zentrum finden Sie auch andere steuerfreie Gesch\u00e4fte.\" \/>\n<meta property=\"og:url\" content=\"https:\/\/www.svalbardblues.com\/de\/svalbard\/bedrifter\/mix-isbjornbutikken\/\" \/>\n<meta property=\"og:site_name\" content=\"Dark Season Blues | SVALBARD\" \/>\n<meta property=\"article:publisher\" content=\"https:\/\/www.facebook.com\/DarkSeasonBlues\" \/>\n<meta property=\"og:image\" content=\"https:\/\/www.svalbardblues.com\/wp-content\/uploads\/2011\/08\/Lompensentret-inngang_300.jpg\" \/>\n\t<meta property=\"og:image:width\" content=\"300\" \/>\n\t<meta property=\"og:image:height\" content=\"400\" \/>\n\t<meta property=\"og:image:type\" content=\"image\/jpeg\" \/>\n<meta name=\"twitter:label1\" content=\"Gesch\u00e4tzte Lesezeit\" \/>\n\t<meta name=\"twitter:data1\" content=\"1\u00a0Minute\" \/>\n<script type=\"application\/ld+json\" class=\"yoast-schema-graph\">{\"@context\":\"https:\\\/\\\/schema.org\",\"@graph\":[{\"@type\":\"WebPage\",\"@id\":\"https:\\\/\\\/www.svalbardblues.com\\\/de\\\/svalbard\\\/bedrifter\\\/mix-isbjornbutikken\\\/\",\"url\":\"https:\\\/\\\/www.svalbardblues.com\\\/de\\\/svalbard\\\/bedrifter\\\/mix-isbjornbutikken\\\/\",\"name\":\"MIX Isbj\u00f8rnbutikken | Longyearbyen | Svalbard\",\"isPartOf\":{\"@id\":\"https:\\\/\\\/www.svalbardblues.com\\\/de\\\/#website\"},\"primaryImageOfPage\":{\"@id\":\"https:\\\/\\\/www.svalbardblues.com\\\/de\\\/svalbard\\\/bedrifter\\\/mix-isbjornbutikken\\\/#primaryimage\"},\"image\":{\"@id\":\"https:\\\/\\\/www.svalbardblues.com\\\/de\\\/svalbard\\\/bedrifter\\\/mix-isbjornbutikken\\\/#primaryimage\"},\"thumbnailUrl\":\"https:\\\/\\\/www.svalbardblues.com\\\/wp-content\\\/uploads\\\/2011\\\/08\\\/Lompensentret-inngang_300.jpg\",\"datePublished\":\"2012-01-05T21:53:30+00:00\",\"description\":\"Der Eisb\u00e4renladen befindet sich in Lompensentret, im Zentrum von Longyearbyen. Im Zentrum finden Sie auch andere steuerfreie Gesch\u00e4fte.\",\"breadcrumb\":{\"@id\":\"https:\\\/\\\/www.svalbardblues.com\\\/de\\\/svalbard\\\/bedrifter\\\/mix-isbjornbutikken\\\/#breadcrumb\"},\"inLanguage\":\"de\",\"potentialAction\":[{\"@type\":\"ReadAction\",\"target\":[\"https:\\\/\\\/www.svalbardblues.com\\\/de\\\/svalbard\\\/bedrifter\\\/mix-isbjornbutikken\\\/\"]}]},{\"@type\":\"ImageObject\",\"inLanguage\":\"de\",\"@id\":\"https:\\\/\\\/www.svalbardblues.com\\\/de\\\/svalbard\\\/bedrifter\\\/mix-isbjornbutikken\\\/#primaryimage\",\"url\":\"https:\\\/\\\/www.svalbardblues.com\\\/wp-content\\\/uploads\\\/2011\\\/08\\\/Lompensentret-inngang_300.jpg\",\"contentUrl\":\"https:\\\/\\\/www.svalbardblues.com\\\/wp-content\\\/uploads\\\/2011\\\/08\\\/Lompensentret-inngang_300.jpg\"},{\"@type\":\"BreadcrumbList\",\"@id\":\"https:\\\/\\\/www.svalbardblues.com\\\/de\\\/svalbard\\\/bedrifter\\\/mix-isbjornbutikken\\\/#breadcrumb\",\"itemListElement\":[{\"@type\":\"ListItem\",\"position\":1,\"name\":\"Hjem\",\"item\":\"https:\\\/\\\/www.svalbardblues.com\\\/de\\\/\"},{\"@type\":\"ListItem\",\"position\":2,\"name\":\"Svalbard, Fakten und Informationen\",\"item\":\"https:\\\/\\\/www.svalbardblues.com\\\/de\\\/svalbard\\\/\"},{\"@type\":\"ListItem\",\"position\":3,\"name\":\"Unternehmen | Svalbard und Longyearbyen\",\"item\":\"https:\\\/\\\/www.svalbardblues.com\\\/de\\\/svalbard\\\/bedrifter\\\/\"},{\"@type\":\"ListItem\",\"position\":4,\"name\":\"Mischen Sie den Eisb\u00e4ren-Shop\"}]},{\"@type\":\"WebSite\",\"@id\":\"https:\\\/\\\/www.svalbardblues.com\\\/de\\\/#website\",\"url\":\"https:\\\/\\\/www.svalbardblues.com\\\/de\\\/\",\"name\":\"Dark Season Blues | SVALBARD\",\"description\":\"The World&#039;s Northenmost Blues Festival\",\"publisher\":{\"@id\":\"https:\\\/\\\/www.svalbardblues.com\\\/de\\\/#organization\"},\"potentialAction\":[{\"@type\":\"SearchAction\",\"target\":{\"@type\":\"EntryPoint\",\"urlTemplate\":\"https:\\\/\\\/www.svalbardblues.com\\\/de\\\/?s={search_term_string}\"},\"query-input\":{\"@type\":\"PropertyValueSpecification\",\"valueRequired\":true,\"valueName\":\"search_term_string\"}}],\"inLanguage\":\"de\"},{\"@type\":\"Organization\",\"@id\":\"https:\\\/\\\/www.svalbardblues.com\\\/de\\\/#organization\",\"name\":\"Dark Season Blues\",\"url\":\"https:\\\/\\\/www.svalbardblues.com\\\/de\\\/\",\"logo\":{\"@type\":\"ImageObject\",\"inLanguage\":\"de\",\"@id\":\"https:\\\/\\\/www.svalbardblues.com\\\/de\\\/#\\\/schema\\\/logo\\\/image\\\/\",\"url\":\"https:\\\/\\\/www.svalbardblues.com\\\/wp-content\\\/uploads\\\/2017\\\/06\\\/DSB2017-Illustrasjon-620.jpg\",\"contentUrl\":\"https:\\\/\\\/www.svalbardblues.com\\\/wp-content\\\/uploads\\\/2017\\\/06\\\/DSB2017-Illustrasjon-620.jpg\",\"width\":620,\"height\":488,\"caption\":\"Dark Season Blues\"},\"image\":{\"@id\":\"https:\\\/\\\/www.svalbardblues.com\\\/de\\\/#\\\/schema\\\/logo\\\/image\\\/\"},\"sameAs\":[\"https:\\\/\\\/www.facebook.com\\\/DarkSeasonBlues\",\"https:\\\/\\\/x.com\\\/DarkSeasonBlues\",\"https:\\\/\\\/www.instagram.com\\\/darkseasonblues\\\/\",\"https:\\\/\\\/no.wikipedia.org\\\/wiki\\\/Dark_Season_Blues\"]}]}<\/script>\n<!-- \/ Yoast SEO Premium plugin. -->","yoast_head_json":{"title":"MIX Isbj\u00f8rnbutikken | Longyearbyen | Svalbard","description":"Der Eisb\u00e4renladen befindet sich in Lompensentret, im Zentrum von Longyearbyen. Im Zentrum finden Sie auch andere steuerfreie Gesch\u00e4fte.","robots":{"index":"index","follow":"follow","max-snippet":"max-snippet:-1","max-image-preview":"max-image-preview:large","max-video-preview":"max-video-preview:-1"},"canonical":"https:\/\/www.svalbardblues.com\/de\/svalbard\/bedrifter\/mix-isbjornbutikken\/","og_locale":"de_DE","og_type":"article","og_title":"Mischen Sie den Eisb\u00e4ren-Shop","og_description":"Der Eisb\u00e4renladen befindet sich in Lompensentret, im Zentrum von Longyearbyen. Im Zentrum finden Sie auch andere steuerfreie Gesch\u00e4fte.","og_url":"https:\/\/www.svalbardblues.com\/de\/svalbard\/bedrifter\/mix-isbjornbutikken\/","og_site_name":"Dark Season Blues | SVALBARD","article_publisher":"https:\/\/www.facebook.com\/DarkSeasonBlues","og_image":[{"width":300,"height":400,"url":"https:\/\/www.svalbardblues.com\/wp-content\/uploads\/2011\/08\/Lompensentret-inngang_300.jpg","type":"image\/jpeg"}],"twitter_misc":{"Gesch\u00e4tzte Lesezeit":"1\u00a0Minute"},"schema":{"@context":"https:\/\/schema.org","@graph":[{"@type":"WebPage","@id":"https:\/\/www.svalbardblues.com\/de\/svalbard\/bedrifter\/mix-isbjornbutikken\/","url":"https:\/\/www.svalbardblues.com\/de\/svalbard\/bedrifter\/mix-isbjornbutikken\/","name":"MIX Isbj\u00f8rnbutikken | Longyearbyen | Svalbard","isPartOf":{"@id":"https:\/\/www.svalbardblues.com\/de\/#website"},"primaryImageOfPage":{"@id":"https:\/\/www.svalbardblues.com\/de\/svalbard\/bedrifter\/mix-isbjornbutikken\/#primaryimage"},"image":{"@id":"https:\/\/www.svalbardblues.com\/de\/svalbard\/bedrifter\/mix-isbjornbutikken\/#primaryimage"},"thumbnailUrl":"https:\/\/www.svalbardblues.com\/wp-content\/uploads\/2011\/08\/Lompensentret-inngang_300.jpg","datePublished":"2012-01-05T21:53:30+00:00","description":"Der Eisb\u00e4renladen befindet sich in Lompensentret, im Zentrum von Longyearbyen. Im Zentrum finden Sie auch andere steuerfreie Gesch\u00e4fte.","breadcrumb":{"@id":"https:\/\/www.svalbardblues.com\/de\/svalbard\/bedrifter\/mix-isbjornbutikken\/#breadcrumb"},"inLanguage":"de","potentialAction":[{"@type":"ReadAction","target":["https:\/\/www.svalbardblues.com\/de\/svalbard\/bedrifter\/mix-isbjornbutikken\/"]}]},{"@type":"ImageObject","inLanguage":"de","@id":"https:\/\/www.svalbardblues.com\/de\/svalbard\/bedrifter\/mix-isbjornbutikken\/#primaryimage","url":"https:\/\/www.svalbardblues.com\/wp-content\/uploads\/2011\/08\/Lompensentret-inngang_300.jpg","contentUrl":"https:\/\/www.svalbardblues.com\/wp-content\/uploads\/2011\/08\/Lompensentret-inngang_300.jpg"},{"@type":"BreadcrumbList","@id":"https:\/\/www.svalbardblues.com\/de\/svalbard\/bedrifter\/mix-isbjornbutikken\/#breadcrumb","itemListElement":[{"@type":"ListItem","position":1,"name":"Hjem","item":"https:\/\/www.svalbardblues.com\/de\/"},{"@type":"ListItem","position":2,"name":"Svalbard, Fakten und Informationen","item":"https:\/\/www.svalbardblues.com\/de\/svalbard\/"},{"@type":"ListItem","position":3,"name":"Unternehmen | Svalbard und Longyearbyen","item":"https:\/\/www.svalbardblues.com\/de\/svalbard\/bedrifter\/"},{"@type":"ListItem","position":4,"name":"Mischen Sie den Eisb\u00e4ren-Shop"}]},{"@type":"WebSite","@id":"https:\/\/www.svalbardblues.com\/de\/#website","url":"https:\/\/www.svalbardblues.com\/de\/","name":"Dark Season Blues | SVALBARD","description":"The World&#039;s Northenmost Blues Festival","publisher":{"@id":"https:\/\/www.svalbardblues.com\/de\/#organization"},"potentialAction":[{"@type":"SearchAction","target":{"@type":"EntryPoint","urlTemplate":"https:\/\/www.svalbardblues.com\/de\/?s={search_term_string}"},"query-input":{"@type":"PropertyValueSpecification","valueRequired":true,"valueName":"search_term_string"}}],"inLanguage":"de"},{"@type":"Organization","@id":"https:\/\/www.svalbardblues.com\/de\/#organization","name":"Dark Season Blues","url":"https:\/\/www.svalbardblues.com\/de\/","logo":{"@type":"ImageObject","inLanguage":"de","@id":"https:\/\/www.svalbardblues.com\/de\/#\/schema\/logo\/image\/","url":"https:\/\/www.svalbardblues.com\/wp-content\/uploads\/2017\/06\/DSB2017-Illustrasjon-620.jpg","contentUrl":"https:\/\/www.svalbardblues.com\/wp-content\/uploads\/2017\/06\/DSB2017-Illustrasjon-620.jpg","width":620,"height":488,"caption":"Dark Season Blues"},"image":{"@id":"https:\/\/www.svalbardblues.com\/de\/#\/schema\/logo\/image\/"},"sameAs":["https:\/\/www.facebook.com\/DarkSeasonBlues","https:\/\/x.com\/DarkSeasonBlues","https:\/\/www.instagram.com\/darkseasonblues\/","https:\/\/no.wikipedia.org\/wiki\/Dark_Season_Blues"]}]}},"_links":{"self":[{"href":"https:\/\/www.svalbardblues.com\/de\/wp-json\/wp\/v2\/pages\/24002","targetHints":{"allow":["GET"]}}],"collection":[{"href":"https:\/\/www.svalbardblues.com\/de\/wp-json\/wp\/v2\/pages"}],"about":[{"href":"https:\/\/www.svalbardblues.com\/de\/wp-json\/wp\/v2\/types\/page"}],"author":[{"embeddable":true,"href":"https:\/\/www.svalbardblues.com\/de\/wp-json\/wp\/v2\/users\/1"}],"replies":[{"embeddable":true,"href":"https:\/\/www.svalbardblues.com\/de\/wp-json\/wp\/v2\/comments?post=24002"}],"version-history":[{"count":0,"href":"https:\/\/www.svalbardblues.com\/de\/wp-json\/wp\/v2\/pages\/24002\/revisions"}],"up":[{"embeddable":true,"href":"https:\/\/www.svalbardblues.com\/de\/wp-json\/wp\/v2\/pages\/23911"}],"wp:attachment":[{"href":"https:\/\/www.svalbardblues.com\/de\/wp-json\/wp\/v2\/media?parent=24002"}],"curies":[{"name":"wp","href":"https:\/\/api.w.org\/{rel}","templated":true}]}}