{"id":24013,"date":"2012-01-05T21:35:41","date_gmt":"2012-01-05T21:35:41","guid":{"rendered":"https:\/\/www.svalbardblues.com\/svalbard\/bedrifter\/kings-bay\/"},"modified":"2012-01-05T21:35:41","modified_gmt":"2012-01-05T21:35:41","slug":"kings-bay","status":"publish","type":"page","link":"https:\/\/www.svalbardblues.com\/de\/svalbard\/bedrifter\/kings-bay\/","title":{"rendered":"Bucht der K\u00f6nige"},"content":{"rendered":"<p><img fetchpriority=\"high\" decoding=\"async\" src=\"https:\/\/www.svalbardblues.com\/wp-content\/uploads\/2011\/11\/Ny-Aalesund_882.jpg\" alt=\"Ny-\u00c5lesund in Svalbard mit 3 Kronen im Hintergrund\" title=\"Neu Aalesund\" width=\"882\" height=\"516\" class=\"aligncenter size-full wp-image-4138\" srcset=\"https:\/\/www.svalbardblues.com\/wp-content\/uploads\/2011\/11\/Ny-Aalesund_882.jpg 882w, https:\/\/www.svalbardblues.com\/wp-content\/uploads\/2011\/11\/Ny-Aalesund_882-600x351.jpg 600w, https:\/\/www.svalbardblues.com\/wp-content\/uploads\/2011\/11\/Ny-Aalesund_882-300x175.jpg 300w\" sizes=\"(max-width: 882px) 100vw, 882px\" \/><br \/>\n<strong>Kings Bay AS<\/strong><br \/>\n9173 Ny-Alesund<br \/>\nInternet: www.kingsbay.no<br \/>\nTel: 79027200<\/p>\n<p>Seit 1916 besitzt und betreibt die norwegische Aktiengesellschaft Kings Bay AS (Kings Bay) die n\u00f6rdlichste Siedlung der Welt namens Ny-\u00c5lesund. W\u00e4hrend der Bergbauzeit (damals noch unter dem Namen Kings Bay Kull Company &#8211; KBKC) betrieb das Unternehmen die Stadt mit bis zu 400 Einwohnern. Kurz nach der Einstellung des Kohlebergbaus im Jahr 1963 begann sich die arktische Forschungsstation zu entwickeln, vor allem weil das Norwegische Polarinstitut in Ny-\u00c5lesund eine st\u00e4ndige wissenschaftliche Arbeit aufnahm und der so genannte Norwegische Forschungsrat (NTNF) mit dem Betrieb der Station beauftragt wurde.  <\/p>\n<p>KBKC \u00fcbernahm 1974 wieder die Hauptverantwortung f\u00fcr den praktischen Betrieb von Ny-\u00c5lesund. Im Jahr 1998 \u00e4nderte die Kings Bay Kull Company ihren Namen in Kings Bay AS und ist noch immer Eigent\u00fcmer und Betreiber der Forschungsstation auf Ganzjahresbasis. Dar\u00fcber hinaus geh\u00f6ren dem staatlichen Unternehmen die gesamte Halbinsel Br\u00f8gger und der gr\u00f6\u00dfte Teil des Gebiets um den Kongsfjord.  <\/p>\n<p>Kings Bay AS verwaltet alle notwendigen Dienstleistungen in der Gemeinde wie die Versorgung mit Lebensmitteln, Strom und Wasser. Kings Bay ist auch f\u00fcr die Instandhaltung von Geb\u00e4uden und Stra\u00dfen, die Entsorgung von M\u00fcll und Abwasser verantwortlich und betreibt die Post, das Hotel, den \u00f6rtlichen Laden sowie den Flughafen und den Kai von Ny-\u00c5lesund. Je nach Saison hat das Unternehmen 20-25 feste Mitarbeiter, die in Ny-\u00c5lesund leben und arbeiten und das ganze Jahr \u00fcber am Betrieb der Siedlung beteiligt sind.  <\/p>\n<p>Im Leitbild des Unternehmens hei\u00dft es, dass Kings Bay \u201eDienstleistungen erbringen und Forschungs- und wissenschaftliche Aktivit\u00e4ten f\u00f6rdern sowie danach streben soll, Ny-\u00c5lesund zu einer internationalen arktischen Forschungsstation zu entwickeln\u201c. Das bedeutet, dass die Hauptt\u00e4tigkeit des Unternehmens die Unterst\u00fctzung der Forschung ist, w\u00e4hrend andere Aktivit\u00e4ten, wie der Tourismus, zweitrangig sind. <\/p>\n<p>Kings Bay hat eine moderne Infrastruktur entwickelt, die auf die Bed\u00fcrfnisse der arktischen Forschung ausgerichtet ist, und pr\u00e4sentiert seinen Kunden heute eine moderne internationale arktische wissenschaftliche Forschungs- und Umwelt\u00fcberwachungsbasis. Die staatliche Kings Bay AS ist Eigent\u00fcmerin von Ny-\u00c5lesund und dem umliegenden Gebiet und verantwortlich f\u00fcr die notwendige Infrastruktur und die Verwaltung der Stadt. Ny-\u00c5lesund ist ein wichtiges Zentrum der arktischen Forschung und ist verpflichtet, die Absichten des j\u00fcngsten \u201eWei\u00dfbuchs der Regierung\u201c zu erf\u00fcllen, eine \u201egr\u00fcne\u201c Forschungsgemeinschaft zu sein &#8211; alle anderen Arten von Aktivit\u00e4ten m\u00fcssen dies ber\u00fccksichtigen.Foto: Birgit Bros\u00f8  <\/p>\n<p>Als Wissenschaftler oder Besucher von Ny-\u00c5lesund stellt Ihnen Kings Bay die grundlegende Infrastruktur und die logistischen Dienstleistungen zur Verf\u00fcgung, die Sie ben\u00f6tigen, um in Ny-\u00c5lesund zu arbeiten oder zu forschen. Es stehen Unterk\u00fcnfte mit Vollpension und einer maximalen Kapazit\u00e4t von bis zu 150 Personen in verschiedenen Kategorien zur Verf\u00fcgung. Zus\u00e4tzlich zu diesen Dienstleistungen bietet Kings Bay auch logistische Hilfe und Ausr\u00fcstung f\u00fcr Gastwissenschaftler in Zusammenarbeit mit den hier ans\u00e4ssigen wissenschaftlichen Stationen.  <\/p>\n<p>Wenn Sie planen, Ny-\u00c5lesund im Rahmen eines Forschungsprojekts zu besuchen, hoffen wir, dass Sie auf diesen Seiten alles finden, was Sie wissen m\u00fcssen. Sie k\u00f6nnen uns gerne kontaktieren, um zu buchen oder wenn Sie weitere Fragen haben. <\/p>\n<p>&nbsp;<\/p>\n","protected":false},"excerpt":{"rendered":"<p>Kings Bay AS 9173 Ny-Alesund Internet: www.kingsbay.no Tel: 79027200 Seit 1916 besitzt und betreibt die norwegische Aktiengesellschaft Kings Bay AS (Kings Bay) die n\u00f6rdlichste Siedlung der Welt namens Ny-\u00c5lesund. W\u00e4hrend der Bergbauzeit (damals noch unter dem Namen Kings Bay Kull Company &#8211; KBKC) betrieb das Unternehmen die Stadt mit bis zu 400 Einwohnern. Kurz nach &#8230; <\/p>\n<p class=\"read-more-container\"><a title=\"Bucht der K\u00f6nige\" class=\"read-more button\" href=\"https:\/\/www.svalbardblues.com\/de\/svalbard\/bedrifter\/kings-bay\/#more-24013\" aria-label=\"Mehr Informationen \u00fcber Bucht der K\u00f6nige\">Read more<\/a><\/p>\n","protected":false},"author":1,"featured_media":0,"parent":23911,"menu_order":0,"comment_status":"closed","ping_status":"closed","template":"template-full.php","meta":{"inline_featured_image":false,"footnotes":""},"class_list":["post-24013","page","type-page","status-publish"],"yoast_head":"<!-- This site is optimized with the Yoast SEO Premium plugin v26.2 (Yoast SEO v27.5) - https:\/\/yoast.com\/product\/yoast-seo-premium-wordpress\/ -->\n<title>Kings Bay | Ny-\u00c5lesund | SVALBARD<\/title>\n<meta name=\"description\" content=\"Kings Bay besitzt und betreibt die n\u00f6rdlichste Siedlung der Welt, Ny-\u00c5lesund auf Svalbard.\" \/>\n<meta name=\"robots\" content=\"index, follow, max-snippet:-1, max-image-preview:large, max-video-preview:-1\" \/>\n<link rel=\"canonical\" href=\"https:\/\/www.svalbardblues.com\/de\/svalbard\/bedrifter\/kings-bay\/\" \/>\n<meta property=\"og:locale\" content=\"de_DE\" \/>\n<meta property=\"og:type\" content=\"article\" \/>\n<meta property=\"og:title\" content=\"Bucht der K\u00f6nige\" \/>\n<meta property=\"og:description\" content=\"Kings Bay besitzt und betreibt die n\u00f6rdlichste Siedlung der Welt, Ny-\u00c5lesund auf Svalbard.\" \/>\n<meta property=\"og:url\" content=\"https:\/\/www.svalbardblues.com\/de\/svalbard\/bedrifter\/kings-bay\/\" \/>\n<meta property=\"og:site_name\" content=\"Dark Season Blues | SVALBARD\" \/>\n<meta property=\"article:publisher\" content=\"https:\/\/www.facebook.com\/DarkSeasonBlues\" \/>\n<meta property=\"og:image\" content=\"https:\/\/www.svalbardblues.com\/wp-content\/uploads\/2011\/11\/Ny-Aalesund_882.jpg\" \/>\n\t<meta property=\"og:image:width\" content=\"882\" \/>\n\t<meta property=\"og:image:height\" content=\"516\" \/>\n\t<meta property=\"og:image:type\" content=\"image\/jpeg\" \/>\n<meta name=\"twitter:label1\" content=\"Gesch\u00e4tzte Lesezeit\" \/>\n\t<meta name=\"twitter:data1\" content=\"3\u00a0Minuten\" \/>\n<script type=\"application\/ld+json\" class=\"yoast-schema-graph\">{\"@context\":\"https:\\\/\\\/schema.org\",\"@graph\":[{\"@type\":\"WebPage\",\"@id\":\"https:\\\/\\\/www.svalbardblues.com\\\/de\\\/svalbard\\\/bedrifter\\\/kings-bay\\\/\",\"url\":\"https:\\\/\\\/www.svalbardblues.com\\\/de\\\/svalbard\\\/bedrifter\\\/kings-bay\\\/\",\"name\":\"Kings Bay | Ny-\u00c5lesund | SVALBARD\",\"isPartOf\":{\"@id\":\"https:\\\/\\\/www.svalbardblues.com\\\/de\\\/#website\"},\"primaryImageOfPage\":{\"@id\":\"https:\\\/\\\/www.svalbardblues.com\\\/de\\\/svalbard\\\/bedrifter\\\/kings-bay\\\/#primaryimage\"},\"image\":{\"@id\":\"https:\\\/\\\/www.svalbardblues.com\\\/de\\\/svalbard\\\/bedrifter\\\/kings-bay\\\/#primaryimage\"},\"thumbnailUrl\":\"https:\\\/\\\/www.svalbardblues.com\\\/wp-content\\\/uploads\\\/2011\\\/11\\\/Ny-Aalesund_882.jpg\",\"datePublished\":\"2012-01-05T21:35:41+00:00\",\"description\":\"Kings Bay besitzt und betreibt die n\u00f6rdlichste Siedlung der Welt, Ny-\u00c5lesund auf Svalbard.\",\"breadcrumb\":{\"@id\":\"https:\\\/\\\/www.svalbardblues.com\\\/de\\\/svalbard\\\/bedrifter\\\/kings-bay\\\/#breadcrumb\"},\"inLanguage\":\"de\",\"potentialAction\":[{\"@type\":\"ReadAction\",\"target\":[\"https:\\\/\\\/www.svalbardblues.com\\\/de\\\/svalbard\\\/bedrifter\\\/kings-bay\\\/\"]}]},{\"@type\":\"ImageObject\",\"inLanguage\":\"de\",\"@id\":\"https:\\\/\\\/www.svalbardblues.com\\\/de\\\/svalbard\\\/bedrifter\\\/kings-bay\\\/#primaryimage\",\"url\":\"https:\\\/\\\/www.svalbardblues.com\\\/wp-content\\\/uploads\\\/2011\\\/11\\\/Ny-Aalesund_882.jpg\",\"contentUrl\":\"https:\\\/\\\/www.svalbardblues.com\\\/wp-content\\\/uploads\\\/2011\\\/11\\\/Ny-Aalesund_882.jpg\"},{\"@type\":\"BreadcrumbList\",\"@id\":\"https:\\\/\\\/www.svalbardblues.com\\\/de\\\/svalbard\\\/bedrifter\\\/kings-bay\\\/#breadcrumb\",\"itemListElement\":[{\"@type\":\"ListItem\",\"position\":1,\"name\":\"Hjem\",\"item\":\"https:\\\/\\\/www.svalbardblues.com\\\/de\\\/\"},{\"@type\":\"ListItem\",\"position\":2,\"name\":\"Svalbard, Fakten und Informationen\",\"item\":\"https:\\\/\\\/www.svalbardblues.com\\\/de\\\/svalbard\\\/\"},{\"@type\":\"ListItem\",\"position\":3,\"name\":\"Unternehmen | Svalbard und Longyearbyen\",\"item\":\"https:\\\/\\\/www.svalbardblues.com\\\/de\\\/svalbard\\\/bedrifter\\\/\"},{\"@type\":\"ListItem\",\"position\":4,\"name\":\"Bucht der K\u00f6nige\"}]},{\"@type\":\"WebSite\",\"@id\":\"https:\\\/\\\/www.svalbardblues.com\\\/de\\\/#website\",\"url\":\"https:\\\/\\\/www.svalbardblues.com\\\/de\\\/\",\"name\":\"Dark Season Blues | SVALBARD\",\"description\":\"The World&#039;s Northenmost Blues Festival\",\"publisher\":{\"@id\":\"https:\\\/\\\/www.svalbardblues.com\\\/de\\\/#organization\"},\"potentialAction\":[{\"@type\":\"SearchAction\",\"target\":{\"@type\":\"EntryPoint\",\"urlTemplate\":\"https:\\\/\\\/www.svalbardblues.com\\\/de\\\/?s={search_term_string}\"},\"query-input\":{\"@type\":\"PropertyValueSpecification\",\"valueRequired\":true,\"valueName\":\"search_term_string\"}}],\"inLanguage\":\"de\"},{\"@type\":\"Organization\",\"@id\":\"https:\\\/\\\/www.svalbardblues.com\\\/de\\\/#organization\",\"name\":\"Dark Season Blues\",\"url\":\"https:\\\/\\\/www.svalbardblues.com\\\/de\\\/\",\"logo\":{\"@type\":\"ImageObject\",\"inLanguage\":\"de\",\"@id\":\"https:\\\/\\\/www.svalbardblues.com\\\/de\\\/#\\\/schema\\\/logo\\\/image\\\/\",\"url\":\"https:\\\/\\\/www.svalbardblues.com\\\/wp-content\\\/uploads\\\/2017\\\/06\\\/DSB2017-Illustrasjon-620.jpg\",\"contentUrl\":\"https:\\\/\\\/www.svalbardblues.com\\\/wp-content\\\/uploads\\\/2017\\\/06\\\/DSB2017-Illustrasjon-620.jpg\",\"width\":620,\"height\":488,\"caption\":\"Dark Season Blues\"},\"image\":{\"@id\":\"https:\\\/\\\/www.svalbardblues.com\\\/de\\\/#\\\/schema\\\/logo\\\/image\\\/\"},\"sameAs\":[\"https:\\\/\\\/www.facebook.com\\\/DarkSeasonBlues\",\"https:\\\/\\\/x.com\\\/DarkSeasonBlues\",\"https:\\\/\\\/www.instagram.com\\\/darkseasonblues\\\/\",\"https:\\\/\\\/no.wikipedia.org\\\/wiki\\\/Dark_Season_Blues\"]}]}<\/script>\n<!-- \/ Yoast SEO Premium plugin. -->","yoast_head_json":{"title":"Kings Bay | Ny-\u00c5lesund | SVALBARD","description":"Kings Bay besitzt und betreibt die n\u00f6rdlichste Siedlung der Welt, Ny-\u00c5lesund auf Svalbard.","robots":{"index":"index","follow":"follow","max-snippet":"max-snippet:-1","max-image-preview":"max-image-preview:large","max-video-preview":"max-video-preview:-1"},"canonical":"https:\/\/www.svalbardblues.com\/de\/svalbard\/bedrifter\/kings-bay\/","og_locale":"de_DE","og_type":"article","og_title":"Bucht der K\u00f6nige","og_description":"Kings Bay besitzt und betreibt die n\u00f6rdlichste Siedlung der Welt, Ny-\u00c5lesund auf Svalbard.","og_url":"https:\/\/www.svalbardblues.com\/de\/svalbard\/bedrifter\/kings-bay\/","og_site_name":"Dark Season Blues | SVALBARD","article_publisher":"https:\/\/www.facebook.com\/DarkSeasonBlues","og_image":[{"width":882,"height":516,"url":"https:\/\/www.svalbardblues.com\/wp-content\/uploads\/2011\/11\/Ny-Aalesund_882.jpg","type":"image\/jpeg"}],"twitter_misc":{"Gesch\u00e4tzte Lesezeit":"3\u00a0Minuten"},"schema":{"@context":"https:\/\/schema.org","@graph":[{"@type":"WebPage","@id":"https:\/\/www.svalbardblues.com\/de\/svalbard\/bedrifter\/kings-bay\/","url":"https:\/\/www.svalbardblues.com\/de\/svalbard\/bedrifter\/kings-bay\/","name":"Kings Bay | Ny-\u00c5lesund | SVALBARD","isPartOf":{"@id":"https:\/\/www.svalbardblues.com\/de\/#website"},"primaryImageOfPage":{"@id":"https:\/\/www.svalbardblues.com\/de\/svalbard\/bedrifter\/kings-bay\/#primaryimage"},"image":{"@id":"https:\/\/www.svalbardblues.com\/de\/svalbard\/bedrifter\/kings-bay\/#primaryimage"},"thumbnailUrl":"https:\/\/www.svalbardblues.com\/wp-content\/uploads\/2011\/11\/Ny-Aalesund_882.jpg","datePublished":"2012-01-05T21:35:41+00:00","description":"Kings Bay besitzt und betreibt die n\u00f6rdlichste Siedlung der Welt, Ny-\u00c5lesund auf Svalbard.","breadcrumb":{"@id":"https:\/\/www.svalbardblues.com\/de\/svalbard\/bedrifter\/kings-bay\/#breadcrumb"},"inLanguage":"de","potentialAction":[{"@type":"ReadAction","target":["https:\/\/www.svalbardblues.com\/de\/svalbard\/bedrifter\/kings-bay\/"]}]},{"@type":"ImageObject","inLanguage":"de","@id":"https:\/\/www.svalbardblues.com\/de\/svalbard\/bedrifter\/kings-bay\/#primaryimage","url":"https:\/\/www.svalbardblues.com\/wp-content\/uploads\/2011\/11\/Ny-Aalesund_882.jpg","contentUrl":"https:\/\/www.svalbardblues.com\/wp-content\/uploads\/2011\/11\/Ny-Aalesund_882.jpg"},{"@type":"BreadcrumbList","@id":"https:\/\/www.svalbardblues.com\/de\/svalbard\/bedrifter\/kings-bay\/#breadcrumb","itemListElement":[{"@type":"ListItem","position":1,"name":"Hjem","item":"https:\/\/www.svalbardblues.com\/de\/"},{"@type":"ListItem","position":2,"name":"Svalbard, Fakten und Informationen","item":"https:\/\/www.svalbardblues.com\/de\/svalbard\/"},{"@type":"ListItem","position":3,"name":"Unternehmen | Svalbard und Longyearbyen","item":"https:\/\/www.svalbardblues.com\/de\/svalbard\/bedrifter\/"},{"@type":"ListItem","position":4,"name":"Bucht der K\u00f6nige"}]},{"@type":"WebSite","@id":"https:\/\/www.svalbardblues.com\/de\/#website","url":"https:\/\/www.svalbardblues.com\/de\/","name":"Dark Season Blues | SVALBARD","description":"The World&#039;s Northenmost Blues Festival","publisher":{"@id":"https:\/\/www.svalbardblues.com\/de\/#organization"},"potentialAction":[{"@type":"SearchAction","target":{"@type":"EntryPoint","urlTemplate":"https:\/\/www.svalbardblues.com\/de\/?s={search_term_string}"},"query-input":{"@type":"PropertyValueSpecification","valueRequired":true,"valueName":"search_term_string"}}],"inLanguage":"de"},{"@type":"Organization","@id":"https:\/\/www.svalbardblues.com\/de\/#organization","name":"Dark Season Blues","url":"https:\/\/www.svalbardblues.com\/de\/","logo":{"@type":"ImageObject","inLanguage":"de","@id":"https:\/\/www.svalbardblues.com\/de\/#\/schema\/logo\/image\/","url":"https:\/\/www.svalbardblues.com\/wp-content\/uploads\/2017\/06\/DSB2017-Illustrasjon-620.jpg","contentUrl":"https:\/\/www.svalbardblues.com\/wp-content\/uploads\/2017\/06\/DSB2017-Illustrasjon-620.jpg","width":620,"height":488,"caption":"Dark Season Blues"},"image":{"@id":"https:\/\/www.svalbardblues.com\/de\/#\/schema\/logo\/image\/"},"sameAs":["https:\/\/www.facebook.com\/DarkSeasonBlues","https:\/\/x.com\/DarkSeasonBlues","https:\/\/www.instagram.com\/darkseasonblues\/","https:\/\/no.wikipedia.org\/wiki\/Dark_Season_Blues"]}]}},"_links":{"self":[{"href":"https:\/\/www.svalbardblues.com\/de\/wp-json\/wp\/v2\/pages\/24013","targetHints":{"allow":["GET"]}}],"collection":[{"href":"https:\/\/www.svalbardblues.com\/de\/wp-json\/wp\/v2\/pages"}],"about":[{"href":"https:\/\/www.svalbardblues.com\/de\/wp-json\/wp\/v2\/types\/page"}],"author":[{"embeddable":true,"href":"https:\/\/www.svalbardblues.com\/de\/wp-json\/wp\/v2\/users\/1"}],"replies":[{"embeddable":true,"href":"https:\/\/www.svalbardblues.com\/de\/wp-json\/wp\/v2\/comments?post=24013"}],"version-history":[{"count":0,"href":"https:\/\/www.svalbardblues.com\/de\/wp-json\/wp\/v2\/pages\/24013\/revisions"}],"up":[{"embeddable":true,"href":"https:\/\/www.svalbardblues.com\/de\/wp-json\/wp\/v2\/pages\/23911"}],"wp:attachment":[{"href":"https:\/\/www.svalbardblues.com\/de\/wp-json\/wp\/v2\/media?parent=24013"}],"curies":[{"name":"wp","href":"https:\/\/api.w.org\/{rel}","templated":true}]}}