{"id":24015,"date":"2011-12-29T21:58:03","date_gmt":"2011-12-29T21:58:03","guid":{"rendered":"https:\/\/www.svalbardblues.com\/svalbard\/bedrifter\/huset\/"},"modified":"2011-12-29T21:58:03","modified_gmt":"2011-12-29T21:58:03","slug":"huset","status":"publish","type":"page","link":"https:\/\/www.svalbardblues.com\/de\/svalbard\/bedrifter\/huset\/","title":{"rendered":"Das Haus"},"content":{"rendered":"<p><img fetchpriority=\"high\" decoding=\"async\" class=\"aligncenter size-full wp-image-1314\" title=\"Haus, Dunkle Jahreszeit Blues 2010\" src=\"https:\/\/www.svalbardblues.com\/wp-content\/uploads\/2011\/04\/huset_dsb.jpg\" alt=\"Das Haus in Longyearbyen auf Svalbard\" width=\"882\" height=\"516\" srcset=\"https:\/\/www.svalbardblues.com\/wp-content\/uploads\/2011\/04\/huset_dsb.jpg 882w, https:\/\/www.svalbardblues.com\/wp-content\/uploads\/2011\/04\/huset_dsb-600x351.jpg 600w, https:\/\/www.svalbardblues.com\/wp-content\/uploads\/2011\/04\/huset_dsb-300x175.jpg 300w\" sizes=\"(max-width: 882px) 100vw, 882px\" \/><\/p>\n<figure id=\"attachment_3672\" aria-describedby=\"caption-attachment-3672\" style=\"width: 230px\" class=\"wp-caption alignright\"><img decoding=\"async\" class=\"size-full wp-image-3672\" title=\"Das Haus\" src=\"https:\/\/www.svalbardblues.com\/wp-content\/uploads\/2011\/04\/huset.jpg\" alt=\"Huset Longyearbyen, Svalbard\" width=\"240\" height=\"159\"><figcaption id=\"caption-attachment-3672\" class=\"wp-caption-text\">Huset<\/figcaption><\/figure>\n<p><strong>Huset AS<\/strong><br \/>\nPB 434<br \/>\n9171 Longyearbyen<\/p>\n<p>Tel: 79 02 25 00<br \/>\nE-Mail: <a title=\"Emaille Haus\" href=\"mailto:post@huset.com\" target=\"_blank\">post@huset.com<\/a><br \/>\nWebsite: <a title=\"Das Haus\" href=\"http:\/\/www.huset.com\" target=\"_blank\">www.huset.com<\/a><\/p>\n<p>Restaurant, Caf\u00e9, Bar und Nachtclub. Der abgelegenste und n\u00f6rdlichste Weinkeller der Welt<br \/>\nDas Restaurant in Huset hat einen sehr hohen Standard und z\u00e4hlt zu den besten Norwegens. Viele der f\u00fchrenden K\u00f6che des Landes haben im Huset gearbeitet<br \/>\nHusets Caf\u00e9 ist ein historischer Ort. Hier wird schon seit den 1950er Jahren gegessen und getrunken, und die Atmosph\u00e4re und die Kultur sind buchst\u00e4blich in den W\u00e4nden zu sp\u00fcren. Viele Einwohner <a title=\"Longyearbyen\" href=\"https:\/\/www.svalbardblues.com\/de\/longyearbyen\/\" target=\"_blank\">von Longyearbyen<\/a>essen die meisten ihrer t\u00e4glichen Mahlzeiten im Huset. Deshalb finden Sie auf der Speisekarte klassische Gerichte, die ein \u201eewiges Leben\u201c haben, gemischt mit neuen Gerichten.<br \/>\nEs sind dieselbe K\u00fcche und dieselben K\u00f6che, die die Gourmetgerichte f\u00fcr das Restaurant zubereiten. Das bedeutet hohe Qualit\u00e4t, aber einen einfacheren Service. Die Preise sind g\u00fcnstig und erinnern Sie daran, dass Sie weit vom Rest Norwegens entfernt sind.<br \/>\nDer Weinkeller des Hauses ist ber\u00fchmt. Nur wenige Restaurantkeller auf der Welt k\u00f6nnen es mit ihm aufnehmen, sei es in Bezug auf die Breite oder die Qualit\u00e4t.<br \/>\nDas Haus verf\u00fcgt \u00fcber einen der gr\u00f6\u00dften und sch\u00f6nsten Weinkeller Nordeuropas. Der Weinkeller wurde \u00fcber zwanzig Jahre hinweg von Husets ehemaligem Manager, Hroar Holm, aufgebaut. Bei rund 20.000 Flaschen im Keller ist garantiert f\u00fcr jeden Weinkenner ein Kleinod dabei.          <\/p>\n<h2>Dark Season Blues 2017 in Huset:<\/h2>\n<p>[fancy_table]<\/p>\n<table>\n<tbody>\n<tr>\n<th width=\"40%\">\n<h4>Samstag 28 Oktober <\/h4>\n<\/th>\n<th width=\"10%\"><\/th>\n<th width=\"10%\"><\/th>\n<th width=\"10%\">19.00<\/th>\n<th width=\"30%\">TBA<\/th>\n<\/tr>\n<tr>\n<th style=\"text-align: center;\" colspan=\"2\" scope=\"colgroup\">Haus 1. Stock<\/th>\n<th style=\"text-align: center;\" colspan=\"3\" scope=\"colgroup\">Haus 2. Stock<\/th>\n<\/tr>\n<tr>\n<td style=\"text-align: center;\" colspan=\"2\" scope=\"colgroup\"><strong>Tba<\/strong><\/td>\n<td style=\"text-align: center;\" colspan=\"3\" scope=\"colgroup\"><strong>Tba<\/strong><\/td>\n<\/tr>\n<tr>\n<td style=\"text-align: center;\" colspan=\"2\" scope=\"colgroup\"><strong>Tba<\/strong><\/td>\n<td style=\"text-align: center;\" colspan=\"3\" scope=\"colgroup\"><strong>Tba<\/strong><\/td>\n<\/tr>\n<tr>\n<td style=\"text-align: center;\" colspan=\"2\" scope=\"colgroup\"><strong>Tba<\/strong><\/td>\n<td style=\"text-align: center;\" colspan=\"3\" scope=\"colgroup\"><strong>Tba<\/strong><\/td>\n<\/tr>\n<tr>\n<td style=\"text-align: center;\" colspan=\"2\" scope=\"colgroup\"><strong>Tba<\/strong><\/td>\n<td style=\"text-align: center;\" colspan=\"3\" scope=\"colgroup\"><strong>Tba<\/strong><\/td>\n<\/tr>\n<tr>\n<td style=\"text-align: center;\" colspan=\"2\" scope=\"colgroup\"><strong>Tba<\/strong><\/td>\n<td style=\"text-align: center;\" colspan=\"3\" scope=\"colgroup\"><strong>Tba<\/strong><\/td>\n<\/tr>\n<tr>\n<td style=\"text-align: center;\" colspan=\"2\" scope=\"colgroup\"><strong>Tba<\/strong><\/td>\n<td style=\"text-align: center;\" colspan=\"3\" scope=\"colgroup\"><strong><\/strong><\/td>\n<\/tr>\n<tr>\n<td style=\"text-align: left;\" colspan=\"5\" scope=\"colgroup\">Kostenloser Bus f\u00fcr die \u00d6ffentlichkeit vom Karlsberger Pub nach Huset um 18.40 Uhr.<\/td>\n<\/tr>\n<\/tbody>\n<\/table>\n<p>[\/fancy_table]<br \/>\n[mappress mapid=&#8220;5&#8243;]<\/p>\n","protected":false},"excerpt":{"rendered":"<p>Huset AS PB 434 9171 Longyearbyen Tel: 79 02 25 00 E-Mail: post@huset.com Website: www.huset.com Restaurant, Caf\u00e9, Bar und Nachtclub. Der abgelegenste und n\u00f6rdlichste Weinkeller der Welt Das Restaurant in Huset hat einen sehr hohen Standard und z\u00e4hlt zu den besten Norwegens. Viele der f\u00fchrenden K\u00f6che des Landes haben im Huset gearbeitet Husets Caf\u00e9 ist &#8230; <\/p>\n<p class=\"read-more-container\"><a title=\"Das Haus\" class=\"read-more button\" href=\"https:\/\/www.svalbardblues.com\/de\/svalbard\/bedrifter\/huset\/#more-24015\" aria-label=\"Mehr Informationen \u00fcber Das Haus\">Read more<\/a><\/p>\n","protected":false},"author":1,"featured_media":0,"parent":23911,"menu_order":0,"comment_status":"closed","ping_status":"closed","template":"","meta":{"inline_featured_image":false,"footnotes":""},"class_list":["post-24015","page","type-page","status-publish"],"yoast_head":"<!-- This site is optimized with the Yoast SEO Premium plugin v26.2 (Yoast SEO v27.4) - https:\/\/yoast.com\/product\/yoast-seo-premium-wordpress\/ -->\n<title>Das Haus | Longyearbyen | SVALBARD<\/title>\n<meta name=\"description\" content=\"Das Geb\u00e4ude besteht aus einem Restaurant, einem Caf\u00e9, einer Bar und einem Nachtclub. Der abgelegenste und n\u00f6rdlichste Weinkeller der Welt. Das Restaurant in Huset hat einen sehr hohen Standard.\" \/>\n<meta name=\"robots\" content=\"index, follow, max-snippet:-1, max-image-preview:large, max-video-preview:-1\" \/>\n<link rel=\"canonical\" href=\"https:\/\/www.svalbardblues.com\/de\/svalbard\/bedrifter\/huset\/\" \/>\n<meta property=\"og:locale\" content=\"de_DE\" \/>\n<meta property=\"og:type\" content=\"article\" \/>\n<meta property=\"og:title\" content=\"Das Haus\" \/>\n<meta property=\"og:description\" content=\"Das Geb\u00e4ude besteht aus einem Restaurant, einem Caf\u00e9, einer Bar und einem Nachtclub. Der abgelegenste und n\u00f6rdlichste Weinkeller der Welt. Das Restaurant in Huset hat einen sehr hohen Standard.\" \/>\n<meta property=\"og:url\" content=\"https:\/\/www.svalbardblues.com\/de\/svalbard\/bedrifter\/huset\/\" \/>\n<meta property=\"og:site_name\" content=\"Dark Season Blues | SVALBARD\" \/>\n<meta property=\"article:publisher\" content=\"https:\/\/www.facebook.com\/DarkSeasonBlues\" \/>\n<meta property=\"og:image\" content=\"https:\/\/www.svalbardblues.com\/wp-content\/uploads\/2011\/04\/huset_dsb.jpg\" \/>\n\t<meta property=\"og:image:width\" content=\"882\" \/>\n\t<meta property=\"og:image:height\" content=\"516\" \/>\n\t<meta property=\"og:image:type\" content=\"image\/jpeg\" \/>\n<meta name=\"twitter:label1\" content=\"Gesch\u00e4tzte Lesezeit\" \/>\n\t<meta name=\"twitter:data1\" content=\"1\u00a0Minute\" \/>\n<script type=\"application\/ld+json\" class=\"yoast-schema-graph\">{\"@context\":\"https:\\\/\\\/schema.org\",\"@graph\":[{\"@type\":\"WebPage\",\"@id\":\"https:\\\/\\\/www.svalbardblues.com\\\/de\\\/svalbard\\\/bedrifter\\\/huset\\\/\",\"url\":\"https:\\\/\\\/www.svalbardblues.com\\\/de\\\/svalbard\\\/bedrifter\\\/huset\\\/\",\"name\":\"Das Haus | Longyearbyen | SVALBARD\",\"isPartOf\":{\"@id\":\"https:\\\/\\\/www.svalbardblues.com\\\/de\\\/#website\"},\"primaryImageOfPage\":{\"@id\":\"https:\\\/\\\/www.svalbardblues.com\\\/de\\\/svalbard\\\/bedrifter\\\/huset\\\/#primaryimage\"},\"image\":{\"@id\":\"https:\\\/\\\/www.svalbardblues.com\\\/de\\\/svalbard\\\/bedrifter\\\/huset\\\/#primaryimage\"},\"thumbnailUrl\":\"https:\\\/\\\/www.svalbardblues.com\\\/wp-content\\\/uploads\\\/2011\\\/04\\\/huset_dsb.jpg\",\"datePublished\":\"2011-12-29T21:58:03+00:00\",\"description\":\"Das Geb\u00e4ude besteht aus einem Restaurant, einem Caf\u00e9, einer Bar und einem Nachtclub. Der abgelegenste und n\u00f6rdlichste Weinkeller der Welt. Das Restaurant in Huset hat einen sehr hohen Standard.\",\"breadcrumb\":{\"@id\":\"https:\\\/\\\/www.svalbardblues.com\\\/de\\\/svalbard\\\/bedrifter\\\/huset\\\/#breadcrumb\"},\"inLanguage\":\"de\",\"potentialAction\":[{\"@type\":\"ReadAction\",\"target\":[\"https:\\\/\\\/www.svalbardblues.com\\\/de\\\/svalbard\\\/bedrifter\\\/huset\\\/\"]}]},{\"@type\":\"ImageObject\",\"inLanguage\":\"de\",\"@id\":\"https:\\\/\\\/www.svalbardblues.com\\\/de\\\/svalbard\\\/bedrifter\\\/huset\\\/#primaryimage\",\"url\":\"https:\\\/\\\/www.svalbardblues.com\\\/wp-content\\\/uploads\\\/2011\\\/04\\\/huset_dsb.jpg\",\"contentUrl\":\"https:\\\/\\\/www.svalbardblues.com\\\/wp-content\\\/uploads\\\/2011\\\/04\\\/huset_dsb.jpg\"},{\"@type\":\"BreadcrumbList\",\"@id\":\"https:\\\/\\\/www.svalbardblues.com\\\/de\\\/svalbard\\\/bedrifter\\\/huset\\\/#breadcrumb\",\"itemListElement\":[{\"@type\":\"ListItem\",\"position\":1,\"name\":\"Hjem\",\"item\":\"https:\\\/\\\/www.svalbardblues.com\\\/de\\\/\"},{\"@type\":\"ListItem\",\"position\":2,\"name\":\"Svalbard, Fakten und Informationen\",\"item\":\"https:\\\/\\\/www.svalbardblues.com\\\/de\\\/svalbard\\\/\"},{\"@type\":\"ListItem\",\"position\":3,\"name\":\"Unternehmen | Svalbard und Longyearbyen\",\"item\":\"https:\\\/\\\/www.svalbardblues.com\\\/de\\\/svalbard\\\/bedrifter\\\/\"},{\"@type\":\"ListItem\",\"position\":4,\"name\":\"Das Haus\"}]},{\"@type\":\"WebSite\",\"@id\":\"https:\\\/\\\/www.svalbardblues.com\\\/de\\\/#website\",\"url\":\"https:\\\/\\\/www.svalbardblues.com\\\/de\\\/\",\"name\":\"Dark Season Blues | SVALBARD\",\"description\":\"The World&#039;s Northenmost Blues Festival\",\"publisher\":{\"@id\":\"https:\\\/\\\/www.svalbardblues.com\\\/de\\\/#organization\"},\"potentialAction\":[{\"@type\":\"SearchAction\",\"target\":{\"@type\":\"EntryPoint\",\"urlTemplate\":\"https:\\\/\\\/www.svalbardblues.com\\\/de\\\/?s={search_term_string}\"},\"query-input\":{\"@type\":\"PropertyValueSpecification\",\"valueRequired\":true,\"valueName\":\"search_term_string\"}}],\"inLanguage\":\"de\"},{\"@type\":\"Organization\",\"@id\":\"https:\\\/\\\/www.svalbardblues.com\\\/de\\\/#organization\",\"name\":\"Dark Season Blues\",\"url\":\"https:\\\/\\\/www.svalbardblues.com\\\/de\\\/\",\"logo\":{\"@type\":\"ImageObject\",\"inLanguage\":\"de\",\"@id\":\"https:\\\/\\\/www.svalbardblues.com\\\/de\\\/#\\\/schema\\\/logo\\\/image\\\/\",\"url\":\"https:\\\/\\\/www.svalbardblues.com\\\/wp-content\\\/uploads\\\/2017\\\/06\\\/DSB2017-Illustrasjon-620.jpg\",\"contentUrl\":\"https:\\\/\\\/www.svalbardblues.com\\\/wp-content\\\/uploads\\\/2017\\\/06\\\/DSB2017-Illustrasjon-620.jpg\",\"width\":620,\"height\":488,\"caption\":\"Dark Season Blues\"},\"image\":{\"@id\":\"https:\\\/\\\/www.svalbardblues.com\\\/de\\\/#\\\/schema\\\/logo\\\/image\\\/\"},\"sameAs\":[\"https:\\\/\\\/www.facebook.com\\\/DarkSeasonBlues\",\"https:\\\/\\\/x.com\\\/DarkSeasonBlues\",\"https:\\\/\\\/www.instagram.com\\\/darkseasonblues\\\/\",\"https:\\\/\\\/no.wikipedia.org\\\/wiki\\\/Dark_Season_Blues\"]}]}<\/script>\n<!-- \/ Yoast SEO Premium plugin. -->","yoast_head_json":{"title":"Das Haus | Longyearbyen | SVALBARD","description":"Das Geb\u00e4ude besteht aus einem Restaurant, einem Caf\u00e9, einer Bar und einem Nachtclub. Der abgelegenste und n\u00f6rdlichste Weinkeller der Welt. Das Restaurant in Huset hat einen sehr hohen Standard.","robots":{"index":"index","follow":"follow","max-snippet":"max-snippet:-1","max-image-preview":"max-image-preview:large","max-video-preview":"max-video-preview:-1"},"canonical":"https:\/\/www.svalbardblues.com\/de\/svalbard\/bedrifter\/huset\/","og_locale":"de_DE","og_type":"article","og_title":"Das Haus","og_description":"Das Geb\u00e4ude besteht aus einem Restaurant, einem Caf\u00e9, einer Bar und einem Nachtclub. Der abgelegenste und n\u00f6rdlichste Weinkeller der Welt. Das Restaurant in Huset hat einen sehr hohen Standard.","og_url":"https:\/\/www.svalbardblues.com\/de\/svalbard\/bedrifter\/huset\/","og_site_name":"Dark Season Blues | SVALBARD","article_publisher":"https:\/\/www.facebook.com\/DarkSeasonBlues","og_image":[{"width":882,"height":516,"url":"https:\/\/www.svalbardblues.com\/wp-content\/uploads\/2011\/04\/huset_dsb.jpg","type":"image\/jpeg"}],"twitter_misc":{"Gesch\u00e4tzte Lesezeit":"1\u00a0Minute"},"schema":{"@context":"https:\/\/schema.org","@graph":[{"@type":"WebPage","@id":"https:\/\/www.svalbardblues.com\/de\/svalbard\/bedrifter\/huset\/","url":"https:\/\/www.svalbardblues.com\/de\/svalbard\/bedrifter\/huset\/","name":"Das Haus | Longyearbyen | SVALBARD","isPartOf":{"@id":"https:\/\/www.svalbardblues.com\/de\/#website"},"primaryImageOfPage":{"@id":"https:\/\/www.svalbardblues.com\/de\/svalbard\/bedrifter\/huset\/#primaryimage"},"image":{"@id":"https:\/\/www.svalbardblues.com\/de\/svalbard\/bedrifter\/huset\/#primaryimage"},"thumbnailUrl":"https:\/\/www.svalbardblues.com\/wp-content\/uploads\/2011\/04\/huset_dsb.jpg","datePublished":"2011-12-29T21:58:03+00:00","description":"Das Geb\u00e4ude besteht aus einem Restaurant, einem Caf\u00e9, einer Bar und einem Nachtclub. Der abgelegenste und n\u00f6rdlichste Weinkeller der Welt. Das Restaurant in Huset hat einen sehr hohen Standard.","breadcrumb":{"@id":"https:\/\/www.svalbardblues.com\/de\/svalbard\/bedrifter\/huset\/#breadcrumb"},"inLanguage":"de","potentialAction":[{"@type":"ReadAction","target":["https:\/\/www.svalbardblues.com\/de\/svalbard\/bedrifter\/huset\/"]}]},{"@type":"ImageObject","inLanguage":"de","@id":"https:\/\/www.svalbardblues.com\/de\/svalbard\/bedrifter\/huset\/#primaryimage","url":"https:\/\/www.svalbardblues.com\/wp-content\/uploads\/2011\/04\/huset_dsb.jpg","contentUrl":"https:\/\/www.svalbardblues.com\/wp-content\/uploads\/2011\/04\/huset_dsb.jpg"},{"@type":"BreadcrumbList","@id":"https:\/\/www.svalbardblues.com\/de\/svalbard\/bedrifter\/huset\/#breadcrumb","itemListElement":[{"@type":"ListItem","position":1,"name":"Hjem","item":"https:\/\/www.svalbardblues.com\/de\/"},{"@type":"ListItem","position":2,"name":"Svalbard, Fakten und Informationen","item":"https:\/\/www.svalbardblues.com\/de\/svalbard\/"},{"@type":"ListItem","position":3,"name":"Unternehmen | Svalbard und Longyearbyen","item":"https:\/\/www.svalbardblues.com\/de\/svalbard\/bedrifter\/"},{"@type":"ListItem","position":4,"name":"Das Haus"}]},{"@type":"WebSite","@id":"https:\/\/www.svalbardblues.com\/de\/#website","url":"https:\/\/www.svalbardblues.com\/de\/","name":"Dark Season Blues | SVALBARD","description":"The World&#039;s Northenmost Blues Festival","publisher":{"@id":"https:\/\/www.svalbardblues.com\/de\/#organization"},"potentialAction":[{"@type":"SearchAction","target":{"@type":"EntryPoint","urlTemplate":"https:\/\/www.svalbardblues.com\/de\/?s={search_term_string}"},"query-input":{"@type":"PropertyValueSpecification","valueRequired":true,"valueName":"search_term_string"}}],"inLanguage":"de"},{"@type":"Organization","@id":"https:\/\/www.svalbardblues.com\/de\/#organization","name":"Dark Season Blues","url":"https:\/\/www.svalbardblues.com\/de\/","logo":{"@type":"ImageObject","inLanguage":"de","@id":"https:\/\/www.svalbardblues.com\/de\/#\/schema\/logo\/image\/","url":"https:\/\/www.svalbardblues.com\/wp-content\/uploads\/2017\/06\/DSB2017-Illustrasjon-620.jpg","contentUrl":"https:\/\/www.svalbardblues.com\/wp-content\/uploads\/2017\/06\/DSB2017-Illustrasjon-620.jpg","width":620,"height":488,"caption":"Dark Season Blues"},"image":{"@id":"https:\/\/www.svalbardblues.com\/de\/#\/schema\/logo\/image\/"},"sameAs":["https:\/\/www.facebook.com\/DarkSeasonBlues","https:\/\/x.com\/DarkSeasonBlues","https:\/\/www.instagram.com\/darkseasonblues\/","https:\/\/no.wikipedia.org\/wiki\/Dark_Season_Blues"]}]}},"_links":{"self":[{"href":"https:\/\/www.svalbardblues.com\/de\/wp-json\/wp\/v2\/pages\/24015","targetHints":{"allow":["GET"]}}],"collection":[{"href":"https:\/\/www.svalbardblues.com\/de\/wp-json\/wp\/v2\/pages"}],"about":[{"href":"https:\/\/www.svalbardblues.com\/de\/wp-json\/wp\/v2\/types\/page"}],"author":[{"embeddable":true,"href":"https:\/\/www.svalbardblues.com\/de\/wp-json\/wp\/v2\/users\/1"}],"replies":[{"embeddable":true,"href":"https:\/\/www.svalbardblues.com\/de\/wp-json\/wp\/v2\/comments?post=24015"}],"version-history":[{"count":0,"href":"https:\/\/www.svalbardblues.com\/de\/wp-json\/wp\/v2\/pages\/24015\/revisions"}],"up":[{"embeddable":true,"href":"https:\/\/www.svalbardblues.com\/de\/wp-json\/wp\/v2\/pages\/23911"}],"wp:attachment":[{"href":"https:\/\/www.svalbardblues.com\/de\/wp-json\/wp\/v2\/media?parent=24015"}],"curies":[{"name":"wp","href":"https:\/\/api.w.org\/{rel}","templated":true}]}}