{"id":24024,"date":"2011-12-09T08:53:38","date_gmt":"2011-12-09T08:53:38","guid":{"rendered":"https:\/\/www.svalbardblues.com\/lbk\/arrangement\/vinterblues-2012\/"},"modified":"2011-12-09T08:53:38","modified_gmt":"2011-12-09T08:53:38","slug":"vinterblues-2012","status":"publish","type":"page","link":"https:\/\/www.svalbardblues.com\/de\/lbk\/arrangement\/vinterblues-2012\/","title":{"rendered":"Winterblues 2012"},"content":{"rendered":"<figure id=\"attachment_5401\" aria-describedby=\"caption-attachment-5401\" style=\"width: 570px\" class=\"wp-caption aligncenter\"><a href=\"https:\/\/www.svalbardblues.com\/wp-content\/uploads\/2012\/02\/vinterblues2012_580.jpg\"><img fetchpriority=\"high\" decoding=\"async\" class=\"size-full wp-image-5401\" title=\"Winterblues 2012\" src=\"https:\/\/www.svalbardblues.com\/wp-content\/uploads\/2012\/02\/vinterblues2012_580.jpg\" alt=\"Der Vinterblues 2012 wird vom 16. bis 18. Februar in Longyearbyen stattfinden.\" width=\"580\" height=\"214\" srcset=\"https:\/\/www.svalbardblues.com\/wp-content\/uploads\/2012\/02\/vinterblues2012_580.jpg 580w, https:\/\/www.svalbardblues.com\/wp-content\/uploads\/2012\/02\/vinterblues2012_580-300x110.jpg 300w\" sizes=\"(max-width: 580px) 100vw, 580px\" \/><\/a><figcaption id=\"caption-attachment-5401\" class=\"wp-caption-text\">Vinterblues 2012<\/figcaption><\/figure>\n<h2>Winterblues 16. bis 18. Februar 2012  <\/h2>\n<p><a href=\"https:\/\/www.svalbardblues.com\/bluesklubben\/\"><img decoding=\"async\" class=\"size-full wp-image-5387 alignright\" title=\"Longyearbyen Blues Club\" src=\"https:\/\/www.svalbardblues.com\/wp-content\/uploads\/2011\/12\/logo_lbb.jpg\" alt=\"Longyearbyen Bluesklubb Logo mit blauem Hintergrund\" width=\"150\" height=\"204\"><\/a>Die Vinterblues-Veranstaltung ist ein kleiner Startschuss f\u00fcr die Dark Season Blues 2012.<\/p>\n<p>W\u00e4hrend des Vinterblues werden wir die ersten K\u00fcnstler vorstellen, die zur DSB kommen, die vom 25. bis 28. Oktober 2012 zum 10. Mal stattfindet.   <\/p>\n<p>Die DSB findet immer an dem Wochenende statt, das dem 26. Oktober, dem Beginn der dunklen Jahreszeit, am n\u00e4chsten liegt. Jetzt gibt es den Vinterblues, der an dem Wochenende stattfindet, das dem Ende der dunklen Jahreszeit am n\u00e4chsten liegt, also am 16. Februar. <\/p>\n<p>[fancy_link link=&#8220;https:\/\/www.svalbardblues.com\/5395\/spesialtilbud-vinterblues-2012\/&#8220;]Sonderangebot f\u00fcr Unterk\u00fcnfte in Verbindung mit Vinterblues[\/fancy_link]<\/p>\n<p>&nbsp;<\/p>\n<p>[fancy_header]Donnerstag 16 Februar [\/fancy_header]<br \/>\n[fancy_table]<\/p>\n<table>\n<tbody>\n<tr>\n<th width=\"250\">\n<h4><a title=\"Kroa, Steakers Svalbard\" href=\"https:\/\/www.svalbardblues.com\/1264\/kroa\/\"><strong>KROA  <\/strong><\/a><\/h4>\n<\/th>\n<th width=\"120\">cc 250,- \/ 150,-<\/th>\n<th width=\"75\">KL: 22:00<\/th>\n<th width=\"40\"><\/th>\n<\/tr>\n<tr>\n<td width=\"250\">\n<h4 style=\"text-align: center;\"><a href=\"https:\/\/www.svalbardblues.com\/dsb\/artister\/bjorn-berge\/\"><img decoding=\"async\" class=\"alignleft size-thumbnail wp-image-4529\" title=\"Bj\u00f8rn Berge\" src=\"https:\/\/www.svalbardblues.com\/wp-content\/uploads\/2011\/12\/tblPressPics_Bilde_bv.asp3_-150x150.jpg\" alt=\"Bj\u00f8rn Berge\" width=\"81\" height=\"81\" srcset=\"https:\/\/www.svalbardblues.com\/wp-content\/uploads\/2011\/12\/tblPressPics_Bilde_bv.asp3_-150x150.jpg 150w, https:\/\/www.svalbardblues.com\/wp-content\/uploads\/2011\/12\/tblPressPics_Bilde_bv.asp3_-100x100.jpg 100w\" sizes=\"(max-width: 81px) 100vw, 81px\" \/><\/a><\/h4>\n<h4 style=\"text-align: left; padding-left: 120px;\"><a title=\"Bj\u00f8rn Berge\" href=\"https:\/\/www.svalbardblues.com\/dsb\/artister\/bjorn-berge\/\">Bj\u00f8rn Berge<\/a><\/h4>\n<\/td>\n<td scope=\"colgroup\" colspan=\"3\">\n<p style=\"text-align: right;\">Organisator: <a title=\"Kroa, Steakers Svalbard\" href=\"https:\/\/www.svalbardblues.com\/1264\/kroa\/\">Kroa<\/a><\/p>\n<p>&nbsp;<\/td>\n<\/tr>\n<\/tbody>\n<\/table>\n<p>[\/fancy_table]<\/p>\n<p>&nbsp;<\/p>\n<p>[fancy_header]Freitag 17 Februar [\/fancy_header]<br \/>\n[fancy_table]<\/p>\n<table>\n<tbody>\n<tr>\n<th width=\"250\">\n<h4><strong><\/strong><strong><a title=\"Barentz Kneipe\" href=\"https:\/\/www.svalbardblues.com\/svalbard\/bedrifter\/hurtigruten-svalbard\/barentz-pub\/\">Barentz Kneipe<\/a><br \/>\n<\/strong><\/h4>\n<\/th>\n<th width=\"120\">cc 100,-<\/th>\n<th width=\"50\">KL: 22:00<\/th>\n<th width=\"40\"><\/th>\n<\/tr>\n<tr>\n<td width=\"250\">\n<h4><a href=\"https:\/\/www.svalbardblues.com\/lbk\/arrangement\/vinterblues-2012\/erik-harstad\/\"><img loading=\"lazy\" decoding=\"async\" class=\" wp-image-5341 alignleft\" title=\"Erik Harstad\" src=\"https:\/\/www.svalbardblues.com\/wp-content\/uploads\/2012\/01\/erik-harstad_300-150x150.jpg\" alt=\"Erik Harstad spielt in Longyearbyen auf Svalbard w\u00e4hrend des Vinterblues 2012\" width=\"77\" height=\"77\" srcset=\"https:\/\/www.svalbardblues.com\/wp-content\/uploads\/2012\/01\/erik-harstad_300-150x150.jpg 150w, https:\/\/www.svalbardblues.com\/wp-content\/uploads\/2012\/01\/erik-harstad_300-100x100.jpg 100w\" sizes=\"(max-width: 77px) 100vw, 77px\" \/><\/a><\/h4>\n<h4 style=\"text-align: center;\"><a title=\"Erik Harstad\" href=\"https:\/\/www.svalbardblues.com\/lbk\/arrangement\/vinterblues-2012\/erik-harstad\/\">Erik Harstad w\/Band<\/a><\/h4>\n<\/td>\n<td scope=\"colgroup\" colspan=\"3\">\n<p style=\"text-align: right;\">Veranstalter: <a title=\"Longyearbyen Blues Club\" href=\"https:\/\/www.svalbardblues.com\/bluesklubben\/\">Longyearbyen Blues Club<\/a><\/p>\n<p>&nbsp;<\/td>\n<\/tr>\n<\/tbody>\n<\/table>\n<p>[\/fancy_table]<\/p>\n<p>&nbsp;<\/p>\n<p>[fancy_header]Samstag 18 Februar [\/fancy_header]<br \/>\n[fancy_table]<\/p>\n<table>\n<tbody>\n<tr>\n<th width=\"250\">\n<h4><strong><\/strong><strong><a title=\"Barentz Kneipe\" href=\"https:\/\/www.svalbardblues.com\/svalbard\/bedrifter\/hurtigruten-svalbard\/barentz-pub\/\">Barentz Kneipe<\/a><br \/>\n<\/strong><\/h4>\n<\/th>\n<th width=\"120\">cc 100,-<\/th>\n<th width=\"75\">KL: 22:00<\/th>\n<th width=\"40\"><\/th>\n<\/tr>\n<tr>\n<td style=\"text-align: center;\" width=\"250\">\n<h4><a href=\"https:\/\/www.svalbardblues.com\/lbk\/arrangement\/vinterblues-2012\/billy-t\/\"><img loading=\"lazy\" decoding=\"async\" class=\"wp-image-5324 alignleft\" title=\"Billy T\" src=\"https:\/\/www.svalbardblues.com\/wp-content\/uploads\/2012\/01\/billy-t_640-150x150.jpg\" alt=\"Billy T spielt w\u00e4hrend des Vinterblues 2012 im Pub in Longyearbyen auf Svalbard\" width=\"81\" height=\"81\" srcset=\"https:\/\/www.svalbardblues.com\/wp-content\/uploads\/2012\/01\/billy-t_640-150x150.jpg 150w, https:\/\/www.svalbardblues.com\/wp-content\/uploads\/2012\/01\/billy-t_640-300x300.jpg 300w, https:\/\/www.svalbardblues.com\/wp-content\/uploads\/2012\/01\/billy-t_640-100x100.jpg 100w\" sizes=\"(max-width: 81px) 100vw, 81px\" \/><\/a><\/h4>\n<h4><a title=\"Billy T w\/Band\" href=\"https:\/\/www.svalbardblues.com\/lbk\/arrangement\/vinterblues-2012\/billy-t\/\">Billy T w\/Band<\/a><\/h4>\n<\/td>\n<td scope=\"colgroup\" colspan=\"3\">\n<p style=\"text-align: right;\">Veranstalter: <a title=\"Longyearbyen Blues Club\" href=\"https:\/\/www.svalbardblues.com\/bluesklubben\/\">Longyearbyen Blues Club<\/a><\/p>\n<p>&nbsp;<\/td>\n<\/tr>\n<\/tbody>\n<\/table>\n<p>[\/fancy_table]<\/p>\n","protected":false},"excerpt":{"rendered":"<p>Winterblues 16. bis 18. Februar 2012 Die Vinterblues-Veranstaltung ist ein kleiner Startschuss f\u00fcr die Dark Season Blues 2012. W\u00e4hrend des Vinterblues werden wir die ersten K\u00fcnstler vorstellen, die zur DSB kommen, die vom 25. bis 28. Oktober 2012 zum 10. Mal stattfindet. Die DSB findet immer an dem Wochenende statt, das dem 26. Oktober, dem &#8230; <\/p>\n<p class=\"read-more-container\"><a title=\"Winterblues 2012\" class=\"read-more button\" href=\"https:\/\/www.svalbardblues.com\/de\/lbk\/arrangement\/vinterblues-2012\/#more-24024\" aria-label=\"Mehr Informationen \u00fcber Winterblues 2012\">Read more<\/a><\/p>\n","protected":false},"author":1,"featured_media":0,"parent":23628,"menu_order":0,"comment_status":"closed","ping_status":"closed","template":"template-left-sidebar.php","meta":{"inline_featured_image":false,"footnotes":""},"class_list":["post-24024","page","type-page","status-publish"],"yoast_head":"<!-- This site is optimized with the Yoast SEO Premium plugin v26.2 (Yoast SEO v27.5) - https:\/\/yoast.com\/product\/yoast-seo-premium-wordpress\/ -->\n<title>Winter Blues 2012 | Longyearbyen Bluesklubb | SVALBARD<\/title>\n<meta name=\"description\" content=\"Der Vinterblues 2012 findet vom 16. bis 18. Februar statt. Konzerte im Kroa und Barentz Pub in Longyearbyen auf Svalbard, mit Bj\u00f8rn Berge, Erik Harstad und Billy T.\" \/>\n<meta name=\"robots\" content=\"index, follow, max-snippet:-1, max-image-preview:large, max-video-preview:-1\" \/>\n<link rel=\"canonical\" href=\"https:\/\/www.svalbardblues.com\/de\/lbk\/arrangement\/vinterblues-2012\/\" \/>\n<meta property=\"og:locale\" content=\"de_DE\" \/>\n<meta property=\"og:type\" content=\"article\" \/>\n<meta property=\"og:title\" content=\"Winterblues 2012\" \/>\n<meta property=\"og:description\" content=\"Der Vinterblues 2012 findet vom 16. bis 18. Februar statt. Konzerte im Kroa und Barentz Pub in Longyearbyen auf Svalbard, mit Bj\u00f8rn Berge, Erik Harstad und Billy T.\" \/>\n<meta property=\"og:url\" content=\"https:\/\/www.svalbardblues.com\/de\/lbk\/arrangement\/vinterblues-2012\/\" \/>\n<meta property=\"og:site_name\" content=\"Dark Season Blues | SVALBARD\" \/>\n<meta property=\"article:publisher\" content=\"https:\/\/www.facebook.com\/DarkSeasonBlues\" \/>\n<meta property=\"og:image\" content=\"https:\/\/www.svalbardblues.com\/wp-content\/uploads\/2012\/02\/vinterblues2012_580.jpg\" \/>\n\t<meta property=\"og:image:width\" content=\"580\" \/>\n\t<meta property=\"og:image:height\" content=\"214\" \/>\n\t<meta property=\"og:image:type\" content=\"image\/jpeg\" \/>\n<meta name=\"twitter:label1\" content=\"Gesch\u00e4tzte Lesezeit\" \/>\n\t<meta name=\"twitter:data1\" content=\"1\u00a0Minute\" \/>\n<script type=\"application\/ld+json\" class=\"yoast-schema-graph\">{\"@context\":\"https:\\\/\\\/schema.org\",\"@graph\":[{\"@type\":\"WebPage\",\"@id\":\"https:\\\/\\\/www.svalbardblues.com\\\/de\\\/lbk\\\/arrangement\\\/vinterblues-2012\\\/\",\"url\":\"https:\\\/\\\/www.svalbardblues.com\\\/de\\\/lbk\\\/arrangement\\\/vinterblues-2012\\\/\",\"name\":\"Winter Blues 2012 | Longyearbyen Bluesklubb | SVALBARD\",\"isPartOf\":{\"@id\":\"https:\\\/\\\/www.svalbardblues.com\\\/de\\\/#website\"},\"primaryImageOfPage\":{\"@id\":\"https:\\\/\\\/www.svalbardblues.com\\\/de\\\/lbk\\\/arrangement\\\/vinterblues-2012\\\/#primaryimage\"},\"image\":{\"@id\":\"https:\\\/\\\/www.svalbardblues.com\\\/de\\\/lbk\\\/arrangement\\\/vinterblues-2012\\\/#primaryimage\"},\"thumbnailUrl\":\"https:\\\/\\\/www.svalbardblues.com\\\/wp-content\\\/uploads\\\/2012\\\/02\\\/vinterblues2012_580.jpg\",\"datePublished\":\"2011-12-09T08:53:38+00:00\",\"description\":\"Der Vinterblues 2012 findet vom 16. bis 18. Februar statt. Konzerte im Kroa und Barentz Pub in Longyearbyen auf Svalbard, mit Bj\u00f8rn Berge, Erik Harstad und Billy T.\",\"breadcrumb\":{\"@id\":\"https:\\\/\\\/www.svalbardblues.com\\\/de\\\/lbk\\\/arrangement\\\/vinterblues-2012\\\/#breadcrumb\"},\"inLanguage\":\"de\",\"potentialAction\":[{\"@type\":\"ReadAction\",\"target\":[\"https:\\\/\\\/www.svalbardblues.com\\\/de\\\/lbk\\\/arrangement\\\/vinterblues-2012\\\/\"]}]},{\"@type\":\"ImageObject\",\"inLanguage\":\"de\",\"@id\":\"https:\\\/\\\/www.svalbardblues.com\\\/de\\\/lbk\\\/arrangement\\\/vinterblues-2012\\\/#primaryimage\",\"url\":\"https:\\\/\\\/www.svalbardblues.com\\\/wp-content\\\/uploads\\\/2012\\\/02\\\/vinterblues2012_580.jpg\",\"contentUrl\":\"https:\\\/\\\/www.svalbardblues.com\\\/wp-content\\\/uploads\\\/2012\\\/02\\\/vinterblues2012_580.jpg\"},{\"@type\":\"BreadcrumbList\",\"@id\":\"https:\\\/\\\/www.svalbardblues.com\\\/de\\\/lbk\\\/arrangement\\\/vinterblues-2012\\\/#breadcrumb\",\"itemListElement\":[{\"@type\":\"ListItem\",\"position\":1,\"name\":\"Hjem\",\"item\":\"https:\\\/\\\/www.svalbardblues.com\\\/de\\\/\"},{\"@type\":\"ListItem\",\"position\":2,\"name\":\"Longyearbyen Bluesklubb (LBK)\",\"item\":\"https:\\\/\\\/www.svalbardblues.com\\\/de\\\/lbk\\\/\"},{\"@type\":\"ListItem\",\"position\":3,\"name\":\"Arrangement\",\"item\":\"https:\\\/\\\/www.svalbardblues.com\\\/de\\\/lbk\\\/arrangement\\\/\"},{\"@type\":\"ListItem\",\"position\":4,\"name\":\"Winterblues 2012\"}]},{\"@type\":\"WebSite\",\"@id\":\"https:\\\/\\\/www.svalbardblues.com\\\/de\\\/#website\",\"url\":\"https:\\\/\\\/www.svalbardblues.com\\\/de\\\/\",\"name\":\"Dark Season Blues | SVALBARD\",\"description\":\"The World&#039;s Northenmost Blues Festival\",\"publisher\":{\"@id\":\"https:\\\/\\\/www.svalbardblues.com\\\/de\\\/#organization\"},\"potentialAction\":[{\"@type\":\"SearchAction\",\"target\":{\"@type\":\"EntryPoint\",\"urlTemplate\":\"https:\\\/\\\/www.svalbardblues.com\\\/de\\\/?s={search_term_string}\"},\"query-input\":{\"@type\":\"PropertyValueSpecification\",\"valueRequired\":true,\"valueName\":\"search_term_string\"}}],\"inLanguage\":\"de\"},{\"@type\":\"Organization\",\"@id\":\"https:\\\/\\\/www.svalbardblues.com\\\/de\\\/#organization\",\"name\":\"Dark Season Blues\",\"url\":\"https:\\\/\\\/www.svalbardblues.com\\\/de\\\/\",\"logo\":{\"@type\":\"ImageObject\",\"inLanguage\":\"de\",\"@id\":\"https:\\\/\\\/www.svalbardblues.com\\\/de\\\/#\\\/schema\\\/logo\\\/image\\\/\",\"url\":\"https:\\\/\\\/www.svalbardblues.com\\\/wp-content\\\/uploads\\\/2017\\\/06\\\/DSB2017-Illustrasjon-620.jpg\",\"contentUrl\":\"https:\\\/\\\/www.svalbardblues.com\\\/wp-content\\\/uploads\\\/2017\\\/06\\\/DSB2017-Illustrasjon-620.jpg\",\"width\":620,\"height\":488,\"caption\":\"Dark Season Blues\"},\"image\":{\"@id\":\"https:\\\/\\\/www.svalbardblues.com\\\/de\\\/#\\\/schema\\\/logo\\\/image\\\/\"},\"sameAs\":[\"https:\\\/\\\/www.facebook.com\\\/DarkSeasonBlues\",\"https:\\\/\\\/x.com\\\/DarkSeasonBlues\",\"https:\\\/\\\/www.instagram.com\\\/darkseasonblues\\\/\",\"https:\\\/\\\/no.wikipedia.org\\\/wiki\\\/Dark_Season_Blues\"]}]}<\/script>\n<!-- \/ Yoast SEO Premium plugin. -->","yoast_head_json":{"title":"Winter Blues 2012 | Longyearbyen Bluesklubb | SVALBARD","description":"Der Vinterblues 2012 findet vom 16. bis 18. Februar statt. Konzerte im Kroa und Barentz Pub in Longyearbyen auf Svalbard, mit Bj\u00f8rn Berge, Erik Harstad und Billy T.","robots":{"index":"index","follow":"follow","max-snippet":"max-snippet:-1","max-image-preview":"max-image-preview:large","max-video-preview":"max-video-preview:-1"},"canonical":"https:\/\/www.svalbardblues.com\/de\/lbk\/arrangement\/vinterblues-2012\/","og_locale":"de_DE","og_type":"article","og_title":"Winterblues 2012","og_description":"Der Vinterblues 2012 findet vom 16. bis 18. Februar statt. Konzerte im Kroa und Barentz Pub in Longyearbyen auf Svalbard, mit Bj\u00f8rn Berge, Erik Harstad und Billy T.","og_url":"https:\/\/www.svalbardblues.com\/de\/lbk\/arrangement\/vinterblues-2012\/","og_site_name":"Dark Season Blues | SVALBARD","article_publisher":"https:\/\/www.facebook.com\/DarkSeasonBlues","og_image":[{"width":580,"height":214,"url":"https:\/\/www.svalbardblues.com\/wp-content\/uploads\/2012\/02\/vinterblues2012_580.jpg","type":"image\/jpeg"}],"twitter_misc":{"Gesch\u00e4tzte Lesezeit":"1\u00a0Minute"},"schema":{"@context":"https:\/\/schema.org","@graph":[{"@type":"WebPage","@id":"https:\/\/www.svalbardblues.com\/de\/lbk\/arrangement\/vinterblues-2012\/","url":"https:\/\/www.svalbardblues.com\/de\/lbk\/arrangement\/vinterblues-2012\/","name":"Winter Blues 2012 | Longyearbyen Bluesklubb | SVALBARD","isPartOf":{"@id":"https:\/\/www.svalbardblues.com\/de\/#website"},"primaryImageOfPage":{"@id":"https:\/\/www.svalbardblues.com\/de\/lbk\/arrangement\/vinterblues-2012\/#primaryimage"},"image":{"@id":"https:\/\/www.svalbardblues.com\/de\/lbk\/arrangement\/vinterblues-2012\/#primaryimage"},"thumbnailUrl":"https:\/\/www.svalbardblues.com\/wp-content\/uploads\/2012\/02\/vinterblues2012_580.jpg","datePublished":"2011-12-09T08:53:38+00:00","description":"Der Vinterblues 2012 findet vom 16. bis 18. Februar statt. Konzerte im Kroa und Barentz Pub in Longyearbyen auf Svalbard, mit Bj\u00f8rn Berge, Erik Harstad und Billy T.","breadcrumb":{"@id":"https:\/\/www.svalbardblues.com\/de\/lbk\/arrangement\/vinterblues-2012\/#breadcrumb"},"inLanguage":"de","potentialAction":[{"@type":"ReadAction","target":["https:\/\/www.svalbardblues.com\/de\/lbk\/arrangement\/vinterblues-2012\/"]}]},{"@type":"ImageObject","inLanguage":"de","@id":"https:\/\/www.svalbardblues.com\/de\/lbk\/arrangement\/vinterblues-2012\/#primaryimage","url":"https:\/\/www.svalbardblues.com\/wp-content\/uploads\/2012\/02\/vinterblues2012_580.jpg","contentUrl":"https:\/\/www.svalbardblues.com\/wp-content\/uploads\/2012\/02\/vinterblues2012_580.jpg"},{"@type":"BreadcrumbList","@id":"https:\/\/www.svalbardblues.com\/de\/lbk\/arrangement\/vinterblues-2012\/#breadcrumb","itemListElement":[{"@type":"ListItem","position":1,"name":"Hjem","item":"https:\/\/www.svalbardblues.com\/de\/"},{"@type":"ListItem","position":2,"name":"Longyearbyen Bluesklubb (LBK)","item":"https:\/\/www.svalbardblues.com\/de\/lbk\/"},{"@type":"ListItem","position":3,"name":"Arrangement","item":"https:\/\/www.svalbardblues.com\/de\/lbk\/arrangement\/"},{"@type":"ListItem","position":4,"name":"Winterblues 2012"}]},{"@type":"WebSite","@id":"https:\/\/www.svalbardblues.com\/de\/#website","url":"https:\/\/www.svalbardblues.com\/de\/","name":"Dark Season Blues | SVALBARD","description":"The World&#039;s Northenmost Blues Festival","publisher":{"@id":"https:\/\/www.svalbardblues.com\/de\/#organization"},"potentialAction":[{"@type":"SearchAction","target":{"@type":"EntryPoint","urlTemplate":"https:\/\/www.svalbardblues.com\/de\/?s={search_term_string}"},"query-input":{"@type":"PropertyValueSpecification","valueRequired":true,"valueName":"search_term_string"}}],"inLanguage":"de"},{"@type":"Organization","@id":"https:\/\/www.svalbardblues.com\/de\/#organization","name":"Dark Season Blues","url":"https:\/\/www.svalbardblues.com\/de\/","logo":{"@type":"ImageObject","inLanguage":"de","@id":"https:\/\/www.svalbardblues.com\/de\/#\/schema\/logo\/image\/","url":"https:\/\/www.svalbardblues.com\/wp-content\/uploads\/2017\/06\/DSB2017-Illustrasjon-620.jpg","contentUrl":"https:\/\/www.svalbardblues.com\/wp-content\/uploads\/2017\/06\/DSB2017-Illustrasjon-620.jpg","width":620,"height":488,"caption":"Dark Season Blues"},"image":{"@id":"https:\/\/www.svalbardblues.com\/de\/#\/schema\/logo\/image\/"},"sameAs":["https:\/\/www.facebook.com\/DarkSeasonBlues","https:\/\/x.com\/DarkSeasonBlues","https:\/\/www.instagram.com\/darkseasonblues\/","https:\/\/no.wikipedia.org\/wiki\/Dark_Season_Blues"]}]}},"_links":{"self":[{"href":"https:\/\/www.svalbardblues.com\/de\/wp-json\/wp\/v2\/pages\/24024","targetHints":{"allow":["GET"]}}],"collection":[{"href":"https:\/\/www.svalbardblues.com\/de\/wp-json\/wp\/v2\/pages"}],"about":[{"href":"https:\/\/www.svalbardblues.com\/de\/wp-json\/wp\/v2\/types\/page"}],"author":[{"embeddable":true,"href":"https:\/\/www.svalbardblues.com\/de\/wp-json\/wp\/v2\/users\/1"}],"replies":[{"embeddable":true,"href":"https:\/\/www.svalbardblues.com\/de\/wp-json\/wp\/v2\/comments?post=24024"}],"version-history":[{"count":0,"href":"https:\/\/www.svalbardblues.com\/de\/wp-json\/wp\/v2\/pages\/24024\/revisions"}],"up":[{"embeddable":true,"href":"https:\/\/www.svalbardblues.com\/de\/wp-json\/wp\/v2\/pages\/23628"}],"wp:attachment":[{"href":"https:\/\/www.svalbardblues.com\/de\/wp-json\/wp\/v2\/media?parent=24024"}],"curies":[{"name":"wp","href":"https:\/\/api.w.org\/{rel}","templated":true}]}}