{"id":24053,"date":"2012-01-05T21:28:26","date_gmt":"2012-01-05T21:28:26","guid":{"rendered":"https:\/\/www.svalbardblues.com\/svalbard\/bedrifter\/spitsbergen-vvs\/"},"modified":"2012-01-05T21:28:26","modified_gmt":"2012-01-05T21:28:26","slug":"spitsbergen-vvs","status":"publish","type":"page","link":"https:\/\/www.svalbardblues.com\/de\/svalbard\/bedrifter\/spitsbergen-vvs\/","title":{"rendered":"Spitzbergen VVS"},"content":{"rendered":"<h4>Spitzbergen VVS AS<\/h4>\n<p>Postfach 90<br \/>\n9171 Longyearbyen<\/p>\n<p>Telefon: 79 02 35 09<br \/>\nFax : 79 02 19 48<br \/>\nInternet: www.spitsbergenvvs.no<br \/>\nE-Mail : firmapost@spitsbergenvvs.no<\/p>\n<p>Telefonischer Bereitschaftsdienst: 90 04 25 09<\/p>\n<p><strong>Spitsbergen VVS A\/S ist ein Klempnerunternehmen mit Sitz in Svalbard<\/strong><br \/>\nUnser Ziel ist es, so vielseitig und flexibel wie m\u00f6glich zu sein.<br \/>\nDen richtigen Klempner f\u00fcr eine Aufgabe zu finden, kann oft eine Herausforderung sein. F\u00fcr kleinere Arbeiten kann jeder qualifizierte Klempner aushelfen, aber wenn Sie eine kompliziertere Arbeit zu erledigen haben, ben\u00f6tigen Sie gut qualifizierte Klempner mit verschiedenen Spezialkenntnissen, w\u00e4hrend jahrelange Ausbildung und Erfahrung erforderlich sind, um ein \u201eguter Klempner\u201c zu werden.<br \/>\nWir wissen, dass Ihre Zeit wertvoll ist. Deshalb sind wir f\u00fcr Sie da, wenn Sie uns brauchen, um Ihr(e) Problem(e) zu l\u00f6sen. <\/p>\n<p><strong>Spitzbergens f\u00fchrendes Klempnerunternehmen<\/strong><br \/>\nWir sind ein etabliertes Unternehmen, das seit 1994 in diesem Bereich t\u00e4tig ist. Unser Ziel war es immer, so vielseitig und flexibel wie m\u00f6glich zu sein, was uns zu einem f\u00fchrenden Unternehmen auf dem Markt gemacht hat. Wir sind in den letzten 10 Jahren stark gewachsen und besch\u00e4ftigen heute 25 Mitarbeiter in Longyearbyen, Svea und Ny-\u00c5lesund, die Schiffe der K\u00fcstenwache, Kleinflugzeuge und Hubschrauber f\u00fcr ihre Arbeit nutzen. Dar\u00fcber hinaus haben wir gelegentliche Eins\u00e4tze auf Hopen und Bj\u00f8rn\u00f8ya.<br \/>\nIm Rahmen eines langfristigen Vertrags sind wir f\u00fcr den Betrieb und die Wartung aller \u00f6ffentlichen Rohrleitungen in Longyearbyen verantwortlich, wie z.B. den Damm an der Trinkwasserquelle, Wasseraufbereitungsanlagen, Hochbecken, Druckerh\u00f6hungsstationen, Abwasserpumpstationen und Abflussleitungen. Longyearbyen wird vollst\u00e4ndig mit dem Abwasser des Kohlekraftwerks beheizt, und wir sind f\u00fcr den gesamten Betrieb und die Wartung des Fernw\u00e4rmenetzes mit Unterzentralen bis hin zum Abonnement verantwortlich. Wir arbeiten auch mit traditionellen Klempnerarbeiten wie Fernw\u00e4rmesystemen, Wasser- und Abwassersystemen, Industrie und Einfamilienh\u00e4usern\/Reihenh\u00e4usern.     <\/p>\n<p><strong>Wir sind Teil der NVS Group.<\/strong><br \/>\nNVS ist derzeit einer der f\u00fchrenden Rohrleitungsbauer des Landes und das Gesch\u00e4ft umfasst Dienstleistungen in den Bereichen Heizung und Sanit\u00e4r, Industrie, Sprinkler, Service und Wartung. NVS hat in Norwegen neben dem B\u00fcro in Svalbard 15 weitere Niederlassungen. NVS besch\u00e4ftigt etwa 480 Mitarbeiter  <\/p>\n","protected":false},"excerpt":{"rendered":"<p>Spitzbergen VVS AS Postfach 90 9171 Longyearbyen Telefon: 79 02 35 09 Fax : 79 02 19 48 Internet: www.spitsbergenvvs.no E-Mail : firmapost@spitsbergenvvs.no Telefonischer Bereitschaftsdienst: 90 04 25 09 Spitsbergen VVS A\/S ist ein Klempnerunternehmen mit Sitz in Svalbard Unser Ziel ist es, so vielseitig und flexibel wie m\u00f6glich zu sein. Den richtigen Klempner f\u00fcr &#8230; <\/p>\n<p class=\"read-more-container\"><a title=\"Spitzbergen VVS\" class=\"read-more button\" href=\"https:\/\/www.svalbardblues.com\/de\/svalbard\/bedrifter\/spitsbergen-vvs\/#more-24053\" aria-label=\"Mehr Informationen \u00fcber Spitzbergen VVS\">Read more<\/a><\/p>\n","protected":false},"author":1,"featured_media":0,"parent":23911,"menu_order":0,"comment_status":"closed","ping_status":"closed","template":"template-full.php","meta":{"inline_featured_image":false,"footnotes":""},"class_list":["post-24053","page","type-page","status-publish"],"yoast_head":"<!-- This site is optimized with the Yoast SEO Premium plugin v26.2 (Yoast SEO v27.5) - https:\/\/yoast.com\/product\/yoast-seo-premium-wordpress\/ -->\n<title>Spitzbergen VVS | Longyearbyen | SVALBARD<\/title>\n<meta name=\"description\" content=\"Spitsbergen VVS A\/S ist ein Klempnerunternehmen mit Sitz in Longyearbyen auf Spitzbergen. Unser Ziel ist es, so vielseitig und flexibel wie m\u00f6glich zu sein.\" \/>\n<meta name=\"robots\" content=\"index, follow, max-snippet:-1, max-image-preview:large, max-video-preview:-1\" \/>\n<link rel=\"canonical\" href=\"https:\/\/www.svalbardblues.com\/de\/svalbard\/bedrifter\/spitsbergen-vvs\/\" \/>\n<meta property=\"og:locale\" content=\"de_DE\" \/>\n<meta property=\"og:type\" content=\"article\" \/>\n<meta property=\"og:title\" content=\"Spitzbergen VVS\" \/>\n<meta property=\"og:description\" content=\"Spitsbergen VVS A\/S ist ein Klempnerunternehmen mit Sitz in Longyearbyen auf Spitzbergen. Unser Ziel ist es, so vielseitig und flexibel wie m\u00f6glich zu sein.\" \/>\n<meta property=\"og:url\" content=\"https:\/\/www.svalbardblues.com\/de\/svalbard\/bedrifter\/spitsbergen-vvs\/\" \/>\n<meta property=\"og:site_name\" content=\"Dark Season Blues | SVALBARD\" \/>\n<meta property=\"article:publisher\" content=\"https:\/\/www.facebook.com\/DarkSeasonBlues\" \/>\n<meta property=\"og:image\" content=\"https:\/\/www.svalbardblues.com\/wp-content\/uploads\/2017\/10\/DSB2017-Illustrasjon-900-350.jpg\" \/>\n\t<meta property=\"og:image:width\" content=\"900\" \/>\n\t<meta property=\"og:image:height\" content=\"350\" \/>\n\t<meta property=\"og:image:type\" content=\"image\/jpeg\" \/>\n<meta name=\"twitter:label1\" content=\"Gesch\u00e4tzte Lesezeit\" \/>\n\t<meta name=\"twitter:data1\" content=\"2\u00a0Minuten\" \/>\n<script type=\"application\/ld+json\" class=\"yoast-schema-graph\">{\"@context\":\"https:\\\/\\\/schema.org\",\"@graph\":[{\"@type\":\"WebPage\",\"@id\":\"https:\\\/\\\/www.svalbardblues.com\\\/de\\\/svalbard\\\/bedrifter\\\/spitsbergen-vvs\\\/\",\"url\":\"https:\\\/\\\/www.svalbardblues.com\\\/de\\\/svalbard\\\/bedrifter\\\/spitsbergen-vvs\\\/\",\"name\":\"Spitzbergen VVS | Longyearbyen | SVALBARD\",\"isPartOf\":{\"@id\":\"https:\\\/\\\/www.svalbardblues.com\\\/de\\\/#website\"},\"datePublished\":\"2012-01-05T21:28:26+00:00\",\"description\":\"Spitsbergen VVS A\\\/S ist ein Klempnerunternehmen mit Sitz in Longyearbyen auf Spitzbergen. Unser Ziel ist es, so vielseitig und flexibel wie m\u00f6glich zu sein.\",\"breadcrumb\":{\"@id\":\"https:\\\/\\\/www.svalbardblues.com\\\/de\\\/svalbard\\\/bedrifter\\\/spitsbergen-vvs\\\/#breadcrumb\"},\"inLanguage\":\"de\",\"potentialAction\":[{\"@type\":\"ReadAction\",\"target\":[\"https:\\\/\\\/www.svalbardblues.com\\\/de\\\/svalbard\\\/bedrifter\\\/spitsbergen-vvs\\\/\"]}]},{\"@type\":\"BreadcrumbList\",\"@id\":\"https:\\\/\\\/www.svalbardblues.com\\\/de\\\/svalbard\\\/bedrifter\\\/spitsbergen-vvs\\\/#breadcrumb\",\"itemListElement\":[{\"@type\":\"ListItem\",\"position\":1,\"name\":\"Hjem\",\"item\":\"https:\\\/\\\/www.svalbardblues.com\\\/de\\\/\"},{\"@type\":\"ListItem\",\"position\":2,\"name\":\"Svalbard, Fakten und Informationen\",\"item\":\"https:\\\/\\\/www.svalbardblues.com\\\/de\\\/svalbard\\\/\"},{\"@type\":\"ListItem\",\"position\":3,\"name\":\"Unternehmen | Svalbard und Longyearbyen\",\"item\":\"https:\\\/\\\/www.svalbardblues.com\\\/de\\\/svalbard\\\/bedrifter\\\/\"},{\"@type\":\"ListItem\",\"position\":4,\"name\":\"Spitzbergen VVS\"}]},{\"@type\":\"WebSite\",\"@id\":\"https:\\\/\\\/www.svalbardblues.com\\\/de\\\/#website\",\"url\":\"https:\\\/\\\/www.svalbardblues.com\\\/de\\\/\",\"name\":\"Dark Season Blues | SVALBARD\",\"description\":\"The World&#039;s Northenmost Blues Festival\",\"publisher\":{\"@id\":\"https:\\\/\\\/www.svalbardblues.com\\\/de\\\/#organization\"},\"potentialAction\":[{\"@type\":\"SearchAction\",\"target\":{\"@type\":\"EntryPoint\",\"urlTemplate\":\"https:\\\/\\\/www.svalbardblues.com\\\/de\\\/?s={search_term_string}\"},\"query-input\":{\"@type\":\"PropertyValueSpecification\",\"valueRequired\":true,\"valueName\":\"search_term_string\"}}],\"inLanguage\":\"de\"},{\"@type\":\"Organization\",\"@id\":\"https:\\\/\\\/www.svalbardblues.com\\\/de\\\/#organization\",\"name\":\"Dark Season Blues\",\"url\":\"https:\\\/\\\/www.svalbardblues.com\\\/de\\\/\",\"logo\":{\"@type\":\"ImageObject\",\"inLanguage\":\"de\",\"@id\":\"https:\\\/\\\/www.svalbardblues.com\\\/de\\\/#\\\/schema\\\/logo\\\/image\\\/\",\"url\":\"https:\\\/\\\/www.svalbardblues.com\\\/wp-content\\\/uploads\\\/2017\\\/06\\\/DSB2017-Illustrasjon-620.jpg\",\"contentUrl\":\"https:\\\/\\\/www.svalbardblues.com\\\/wp-content\\\/uploads\\\/2017\\\/06\\\/DSB2017-Illustrasjon-620.jpg\",\"width\":620,\"height\":488,\"caption\":\"Dark Season Blues\"},\"image\":{\"@id\":\"https:\\\/\\\/www.svalbardblues.com\\\/de\\\/#\\\/schema\\\/logo\\\/image\\\/\"},\"sameAs\":[\"https:\\\/\\\/www.facebook.com\\\/DarkSeasonBlues\",\"https:\\\/\\\/x.com\\\/DarkSeasonBlues\",\"https:\\\/\\\/www.instagram.com\\\/darkseasonblues\\\/\",\"https:\\\/\\\/no.wikipedia.org\\\/wiki\\\/Dark_Season_Blues\"]}]}<\/script>\n<!-- \/ Yoast SEO Premium plugin. -->","yoast_head_json":{"title":"Spitzbergen VVS | Longyearbyen | SVALBARD","description":"Spitsbergen VVS A\/S ist ein Klempnerunternehmen mit Sitz in Longyearbyen auf Spitzbergen. Unser Ziel ist es, so vielseitig und flexibel wie m\u00f6glich zu sein.","robots":{"index":"index","follow":"follow","max-snippet":"max-snippet:-1","max-image-preview":"max-image-preview:large","max-video-preview":"max-video-preview:-1"},"canonical":"https:\/\/www.svalbardblues.com\/de\/svalbard\/bedrifter\/spitsbergen-vvs\/","og_locale":"de_DE","og_type":"article","og_title":"Spitzbergen VVS","og_description":"Spitsbergen VVS A\/S ist ein Klempnerunternehmen mit Sitz in Longyearbyen auf Spitzbergen. Unser Ziel ist es, so vielseitig und flexibel wie m\u00f6glich zu sein.","og_url":"https:\/\/www.svalbardblues.com\/de\/svalbard\/bedrifter\/spitsbergen-vvs\/","og_site_name":"Dark Season Blues | SVALBARD","article_publisher":"https:\/\/www.facebook.com\/DarkSeasonBlues","og_image":[{"width":900,"height":350,"url":"https:\/\/www.svalbardblues.com\/wp-content\/uploads\/2017\/10\/DSB2017-Illustrasjon-900-350.jpg","type":"image\/jpeg"}],"twitter_misc":{"Gesch\u00e4tzte Lesezeit":"2\u00a0Minuten"},"schema":{"@context":"https:\/\/schema.org","@graph":[{"@type":"WebPage","@id":"https:\/\/www.svalbardblues.com\/de\/svalbard\/bedrifter\/spitsbergen-vvs\/","url":"https:\/\/www.svalbardblues.com\/de\/svalbard\/bedrifter\/spitsbergen-vvs\/","name":"Spitzbergen VVS | Longyearbyen | SVALBARD","isPartOf":{"@id":"https:\/\/www.svalbardblues.com\/de\/#website"},"datePublished":"2012-01-05T21:28:26+00:00","description":"Spitsbergen VVS A\/S ist ein Klempnerunternehmen mit Sitz in Longyearbyen auf Spitzbergen. Unser Ziel ist es, so vielseitig und flexibel wie m\u00f6glich zu sein.","breadcrumb":{"@id":"https:\/\/www.svalbardblues.com\/de\/svalbard\/bedrifter\/spitsbergen-vvs\/#breadcrumb"},"inLanguage":"de","potentialAction":[{"@type":"ReadAction","target":["https:\/\/www.svalbardblues.com\/de\/svalbard\/bedrifter\/spitsbergen-vvs\/"]}]},{"@type":"BreadcrumbList","@id":"https:\/\/www.svalbardblues.com\/de\/svalbard\/bedrifter\/spitsbergen-vvs\/#breadcrumb","itemListElement":[{"@type":"ListItem","position":1,"name":"Hjem","item":"https:\/\/www.svalbardblues.com\/de\/"},{"@type":"ListItem","position":2,"name":"Svalbard, Fakten und Informationen","item":"https:\/\/www.svalbardblues.com\/de\/svalbard\/"},{"@type":"ListItem","position":3,"name":"Unternehmen | Svalbard und Longyearbyen","item":"https:\/\/www.svalbardblues.com\/de\/svalbard\/bedrifter\/"},{"@type":"ListItem","position":4,"name":"Spitzbergen VVS"}]},{"@type":"WebSite","@id":"https:\/\/www.svalbardblues.com\/de\/#website","url":"https:\/\/www.svalbardblues.com\/de\/","name":"Dark Season Blues | SVALBARD","description":"The World&#039;s Northenmost Blues Festival","publisher":{"@id":"https:\/\/www.svalbardblues.com\/de\/#organization"},"potentialAction":[{"@type":"SearchAction","target":{"@type":"EntryPoint","urlTemplate":"https:\/\/www.svalbardblues.com\/de\/?s={search_term_string}"},"query-input":{"@type":"PropertyValueSpecification","valueRequired":true,"valueName":"search_term_string"}}],"inLanguage":"de"},{"@type":"Organization","@id":"https:\/\/www.svalbardblues.com\/de\/#organization","name":"Dark Season Blues","url":"https:\/\/www.svalbardblues.com\/de\/","logo":{"@type":"ImageObject","inLanguage":"de","@id":"https:\/\/www.svalbardblues.com\/de\/#\/schema\/logo\/image\/","url":"https:\/\/www.svalbardblues.com\/wp-content\/uploads\/2017\/06\/DSB2017-Illustrasjon-620.jpg","contentUrl":"https:\/\/www.svalbardblues.com\/wp-content\/uploads\/2017\/06\/DSB2017-Illustrasjon-620.jpg","width":620,"height":488,"caption":"Dark Season Blues"},"image":{"@id":"https:\/\/www.svalbardblues.com\/de\/#\/schema\/logo\/image\/"},"sameAs":["https:\/\/www.facebook.com\/DarkSeasonBlues","https:\/\/x.com\/DarkSeasonBlues","https:\/\/www.instagram.com\/darkseasonblues\/","https:\/\/no.wikipedia.org\/wiki\/Dark_Season_Blues"]}]}},"_links":{"self":[{"href":"https:\/\/www.svalbardblues.com\/de\/wp-json\/wp\/v2\/pages\/24053","targetHints":{"allow":["GET"]}}],"collection":[{"href":"https:\/\/www.svalbardblues.com\/de\/wp-json\/wp\/v2\/pages"}],"about":[{"href":"https:\/\/www.svalbardblues.com\/de\/wp-json\/wp\/v2\/types\/page"}],"author":[{"embeddable":true,"href":"https:\/\/www.svalbardblues.com\/de\/wp-json\/wp\/v2\/users\/1"}],"replies":[{"embeddable":true,"href":"https:\/\/www.svalbardblues.com\/de\/wp-json\/wp\/v2\/comments?post=24053"}],"version-history":[{"count":0,"href":"https:\/\/www.svalbardblues.com\/de\/wp-json\/wp\/v2\/pages\/24053\/revisions"}],"up":[{"embeddable":true,"href":"https:\/\/www.svalbardblues.com\/de\/wp-json\/wp\/v2\/pages\/23911"}],"wp:attachment":[{"href":"https:\/\/www.svalbardblues.com\/de\/wp-json\/wp\/v2\/media?parent=24053"}],"curies":[{"name":"wp","href":"https:\/\/api.w.org\/{rel}","templated":true}]}}