{"id":24054,"date":"2011-12-20T22:30:53","date_gmt":"2011-12-20T22:30:53","guid":{"rendered":"https:\/\/www.svalbardblues.com\/svalbard\/bedrifter\/telenor-svalbard\/"},"modified":"2011-12-20T22:30:53","modified_gmt":"2011-12-20T22:30:53","slug":"telenor-svalbard","status":"publish","type":"page","link":"https:\/\/www.svalbardblues.com\/de\/svalbard\/bedrifter\/telenor-svalbard\/","title":{"rendered":"Telenor Svalbard"},"content":{"rendered":"<figure id=\"attachment_2851\" aria-describedby=\"caption-attachment-2851\" style=\"width: 872px\" class=\"wp-caption aligncenter\"><a href=\"https:\/\/www.svalbardblues.com\/de\/svalbard\/bedrifter\/telenor-svalbard\/isfjord-882-2\/#main#main\" rel=\"attachment wp-att-2851\"><img fetchpriority=\"high\" decoding=\"async\" class=\"size-full wp-image-2851\" title=\"Telenor Isfjord Radio\" src=\"https:\/\/www.svalbardblues.com\/wp-content\/uploads\/2011\/08\/isfjord-882.jpg\" alt=\"Telenor's abgelegene Station in Svalbard. Isfjord Radio\" width=\"882\" height=\"516\" srcset=\"https:\/\/www.svalbardblues.com\/wp-content\/uploads\/2011\/08\/isfjord-882.jpg 882w, https:\/\/www.svalbardblues.com\/wp-content\/uploads\/2011\/08\/isfjord-882-600x351.jpg 600w, https:\/\/www.svalbardblues.com\/wp-content\/uploads\/2011\/08\/isfjord-882-300x175.jpg 300w\" sizes=\"(max-width: 882px) 100vw, 882px\" \/><\/a><figcaption id=\"caption-attachment-2851\" class=\"wp-caption-text\">Telenor Svalbard | Isfjord Radio<\/figcaption><\/figure>\n<p><strong><img decoding=\"async\" class=\"size-full wp-image-2862 alignright\" title=\"telenor_svalbard_100-150px\" src=\"https:\/\/www.svalbardblues.com\/wp-content\/uploads\/2011\/08\/telenor_svalbard_100-150px.jpg\" alt=\"Telenor Svalbard 100 Jahre. 1911-2011\" width=\"150\" height=\"150\" srcset=\"https:\/\/www.svalbardblues.com\/wp-content\/uploads\/2011\/08\/telenor_svalbard_100-150px.jpg 150w, https:\/\/www.svalbardblues.com\/wp-content\/uploads\/2011\/08\/telenor_svalbard_100-150px-100x100.jpg 100w\" sizes=\"(max-width: 150px) 100vw, 150px\" \/><\/strong><br \/>\n<strong>Telenor Svalbard AS<\/strong><\/p>\n<p>Besuchsadresse: Vei 307 nr. 4, 9170 Longyearbyen<br \/>\nPostanschrift: PO Box 488, 9171 Longyearbyen<\/p>\n<p>Telefon: 79 02 27 00<\/p>\n<p>&nbsp;<\/p>\n<p><strong>Telenor er\u00f6ffnete 1911 die erste Telegrafenstation in Svalbard, und heute &#8211; 100 Jahre sp\u00e4ter &#8211; ist Svalbard wahrscheinlich eine der am st\u00e4rksten digitalisierten Gemeinden der Welt.<\/strong><\/p>\n<p>Am Sonntag, den 29. Mai, begannen die Feierlichkeiten mit der Er\u00f6ffnung des n\u00f6rdlichsten 4G\/LTE-Netzes der Welt in Longyearbyen durch den Vorstandsvorsitzenden Harald Norvik und den CEO Jon Fredrik Baksaas von Telenor.<br \/>\nDie Er\u00f6ffnung des 4G\/LTE-Testnetzes reiht sich ein in die Reihe der \u201en\u00f6rdlichsten\u201c Starts der Welt &#8211; n\u00f6rdlichstes Glasfaserkabel, n\u00f6rdlichstes 2G, n\u00f6rdlichstes 3G, n\u00f6rdlichster Satellit und andere bahnbrechende Rekorde.<\/p>\n<p><strong>Die globale Rolle von Telenor Svalbard<\/strong><\/p>\n<p>Mit Ausnahme einiger Jahre w\u00e4hrend des Zweiten Weltkriegs ist Telenor Svalbard seit 100 Jahren in vollem Betrieb. In diesem Jahrhundert hat Telenor Svalbard die Arktis f\u00fcr eine Reihe von Nutzern aus aller Welt erschlossen &#8211; f\u00fcr die Schifffahrt nach dem Untergang der Titanic, f\u00fcr Amundsens und Nobiles dramatisches Luftschiffabenteuer \u00fcber den Nordpol, f\u00fcr die ersten Fluglinien, die von Europa nach Amerika \u00fcber die Arktis flogen, um nur einige zu nennen. Heute besteht eine wesentliche Aufgabe darin, Daten \u00fcber Umwelt, Wetter und Klima von Satelliten zu \u00fcbermitteln, die die arktische Eiskappe \u00fcberqueren. 14 Satelliten berichten \u00fcber das globale Netzwerk von Telenor in die ganze Welt. Durch seine n\u00f6rdlichen K\u00fcstenfunkstationen, die ein Gebiet von Schottland bis zum Nordpol abdecken, tr\u00e4gt Telenor zur Rolle Norwegens in der Internationalen Seeschifffahrtsorganisation (IMO) bei, die f\u00fcr die Sicherheit auf See zust\u00e4ndig ist.    <\/p>\n<p><strong>Telekommunikation im Niemandsland<\/strong><\/p>\n<figure id=\"attachment_2856\" aria-describedby=\"caption-attachment-2856\" style=\"width: 290px\" class=\"wp-caption alignright\"><a href=\"https:\/\/www.svalbardblues.com\/wp-content\/uploads\/2011\/08\/gronnfjord-telenor-1911.jpg\"><img decoding=\"async\" class=\"size-medium wp-image-2856\" title=\"gronnfjord-telenor-1911\" src=\"https:\/\/www.svalbardblues.com\/wp-content\/uploads\/2011\/08\/gronnfjord-telenor-1911-300x209.jpg\" alt=\"Spitsbergen Radio in Gr\u00f8nfjorden. 1911. Touristenschiff\" width=\"300\" height=\"209\" srcset=\"https:\/\/www.svalbardblues.com\/wp-content\/uploads\/2011\/08\/gronnfjord-telenor-1911-300x209.jpg 300w, https:\/\/www.svalbardblues.com\/wp-content\/uploads\/2011\/08\/gronnfjord-telenor-1911.jpg 390w\" sizes=\"(max-width: 300px) 100vw, 300px\" \/><\/a><figcaption id=\"caption-attachment-2856\" class=\"wp-caption-text\">Spitsbergen Radio i Gr\u00f8nnfjorden, 1911<\/figcaption><\/figure>\n<p>Als um 1900 die Industrialisierung und der Bergbau in der Arktis einsetzten, wurde Svalbard, das als Niemandsland galt, f\u00fcr verschiedene Nationen und Gro\u00dfm\u00e4chte immer attraktiver.<br \/>\nAm 3. Mai 1911 beschloss das norwegische Parlament daher, dass auf Svalbard eine Radiostation gebaut werden sollte. Die Station hie\u00df Spitsbergen Radio und wurde urspr\u00fcnglich in Gr\u00f8nnfjorden errichtet. Sie verband Svalbard mit dem norwegischen Festland. Die norwegischen Beh\u00f6rden sahen in dieser bedeutenden Investition eine Gelegenheit, ihre Pr\u00e4senz zu verst\u00e4rken und auf Svalbard st\u00e4rker Fu\u00df zu fassen.    <\/p>\n<p>Die Gr\u00fcndung der sp\u00e4teren Telenor Svalbard spielte eine Schl\u00fcsselrolle bei der Sicherung der Souver\u00e4nit\u00e4t Norwegens, als 1920 der Svalbard-Vertrag unterzeichnet wurde.<\/p>\n<p><strong>Telenor Svalbard heute<\/strong><\/p>\n<p>Svalbard\/Spitzbergen ist ein nat\u00fcrliches Zentrum f\u00fcr die Arktisforschung, an dem multinationale Unternehmen sowie norwegische und polnische Forschungsstationen beteiligt sind. Obwohl sowohl die geografische Lage als auch die Landschaft Herausforderungen darstellen, machen die moderne Infrastruktur und die hochmoderne Technologie das meiste m\u00f6glich &#8211; sogar mitten in dieser \u201egefrorenen Ein\u00f6de\u201c. Bei mehreren Gelegenheiten hat Longyearbyen als \u201eTestlabor\u201c f\u00fcr die technologische Entwicklung und neue Dienste von Telenor gedient. Trotz seiner abgelegenen Lage k\u00f6nnen die Einwohner von Longyearbyen heute von der neuesten Technologie profitieren &#8211; wie interaktives IPTV, Glasfaseranschluss f\u00fcr alle Wohneinheiten, Triple-Play und mobiles Breitband.   <\/p>\n<p><strong><br \/>\n<\/strong><\/p>\n<p><strong>Einige Highlights:  <\/strong><\/p>\n<p>1911: Spitsbergen Radio wird gebaut und nach einem betr\u00e4chtlichen Zuschuss der Regierung in Betrieb genommen<br \/>\n1912: Der Schiffsfunk wird im Nordatlantik obligatorisch<br \/>\n1920: Der Svalbard-Vertrag wird unterzeichnet<br \/>\n1925: Norwegen erh\u00e4lt die Souver\u00e4nit\u00e4t \u00fcber Svalbard.<br \/>\n1933: Svalbard Radio (fr\u00fcher Spitsbergen Radio) zieht nach Isfjorden<br \/>\n1941-1945: Svalbard Radio wird w\u00e4hrend des Zweiten Weltkriegs au\u00dfer Betrieb genommen<br \/>\n1950: Longyearbyen erh\u00e4lt seinen eigenen lokalen Radiosender<br \/>\n1969: Norwegische Fernsehprogramme werden &#8211; mit zweiw\u00f6chiger Versp\u00e4tung &#8211; aus einem Studio im Telekommunikationsgeb\u00e4ude an die Einwohner von Longyearbyen verteilt.<br \/>\n1974: Probebetrieb mit Satellitenkommunikation zwischen Svalbard und dem norwegischen Festland<br \/>\n1978: Satellitenverbindungen im kommerziellen Betrieb<br \/>\n1981: Svalbard wird an das norwegische Fernverkehrsnetz angeschlossen<br \/>\n1984: Live-\u00dcbertragung der Fernsehsendungen von NRK nach Longyearbyen<br \/>\n1989: Das russische Barentsburg und Pyramiden werden an das norwegische Telekommunikationsnetz angeschlossen<br \/>\n1991: Die ersten ISDN-Teilnehmer werden an die digitale Vermittlungsstelle in Longyearbyen angeschlossen.<br \/>\n1996: GSM-Mobilfunkabdeckung in Longyearbyen<br \/>\n1998: Der Internet-Knotenpunkt in Longyearbyen wird in Betrieb genommen<br \/>\n2003: Beginn der Arbeiten zur Verlegung eines Glasfaserkabels auf dem Meeresgrund zwischen Spitzbergen und dem Festland &#8211; eine neue \u00c4ra f\u00fcr die Telekommunikation von Spitzbergen zum Rest der Welt<br \/>\n2004: GSM-Mobilfunkabdeckung (Telenor) in der russischen Gemeinde Barentsburg und Umgebung<br \/>\n2009: Telenor bietet Fibre to the Home (FTTH) &#8211; einschlie\u00dflich 3Play-Dienste &#8211; f\u00fcr alle Wohneinheiten in Longyearbyen an. Damit ist Longyearbyen wahrscheinlich die vollst\u00e4ndigste digitale Gemeinde der Welt.<br \/>\n2011: Das n\u00f6rdlichste 4G\/LTE-Testnetz der Welt wird er\u00f6ffnet. <\/p>\n","protected":false},"excerpt":{"rendered":"<p>Telenor Svalbard AS Besuchsadresse: Vei 307 nr. 4, 9170 Longyearbyen Postanschrift: PO Box 488, 9171 Longyearbyen Telefon: 79 02 27 00 &nbsp; Telenor er\u00f6ffnete 1911 die erste Telegrafenstation in Svalbard, und heute &#8211; 100 Jahre sp\u00e4ter &#8211; ist Svalbard wahrscheinlich eine der am st\u00e4rksten digitalisierten Gemeinden der Welt. Am Sonntag, den 29. Mai, begannen die &#8230; <\/p>\n<p class=\"read-more-container\"><a title=\"Telenor Svalbard\" class=\"read-more button\" href=\"https:\/\/www.svalbardblues.com\/de\/svalbard\/bedrifter\/telenor-svalbard\/#more-24054\" aria-label=\"Mehr Informationen \u00fcber Telenor Svalbard\">Read more<\/a><\/p>\n","protected":false},"author":1,"featured_media":0,"parent":23911,"menu_order":0,"comment_status":"closed","ping_status":"closed","template":"template-full.php","meta":{"inline_featured_image":false,"footnotes":""},"class_list":["post-24054","page","type-page","status-publish"],"yoast_head":"<!-- This site is optimized with the Yoast SEO Premium plugin v27.5 (Yoast SEO v27.6) - https:\/\/yoast.com\/product\/yoast-seo-premium-wordpress\/ -->\n<title>Telenor Svalbard | Longyearbyen | SVALBARD<\/title>\n<meta name=\"description\" content=\"Telenor er\u00f6ffnete 1911 die erste Telegrafenstation auf Svalbard, und heute - 100 Jahre sp\u00e4ter - ist Svalbard eine der am st\u00e4rksten digitalisierten Gemeinden der Welt.\" \/>\n<meta name=\"robots\" content=\"index, follow, max-snippet:-1, max-image-preview:large, max-video-preview:-1\" \/>\n<link rel=\"canonical\" href=\"https:\/\/www.svalbardblues.com\/de\/svalbard\/bedrifter\/telenor-svalbard\/\" \/>\n<meta property=\"og:locale\" content=\"de_DE\" \/>\n<meta property=\"og:type\" content=\"article\" \/>\n<meta property=\"og:title\" content=\"Telenor Svalbard\" \/>\n<meta property=\"og:description\" content=\"Telenor er\u00f6ffnete 1911 die erste Telegrafenstation auf Svalbard, und heute - 100 Jahre sp\u00e4ter - ist Svalbard eine der am st\u00e4rksten digitalisierten Gemeinden der Welt.\" \/>\n<meta property=\"og:url\" content=\"https:\/\/www.svalbardblues.com\/de\/svalbard\/bedrifter\/telenor-svalbard\/\" \/>\n<meta property=\"og:site_name\" content=\"Dark Season Blues | SVALBARD\" \/>\n<meta property=\"article:publisher\" content=\"https:\/\/www.facebook.com\/DarkSeasonBlues\" \/>\n<meta property=\"og:image\" content=\"https:\/\/www.svalbardblues.com\/wp-content\/uploads\/2011\/08\/isfjord-882.jpg\" \/>\n\t<meta property=\"og:image:width\" content=\"882\" \/>\n\t<meta property=\"og:image:height\" content=\"516\" \/>\n\t<meta property=\"og:image:type\" content=\"image\/jpeg\" \/>\n<meta name=\"twitter:label1\" content=\"Gesch\u00e4tzte Lesezeit\" \/>\n\t<meta name=\"twitter:data1\" content=\"4\u00a0Minuten\" \/>\n<script type=\"application\/ld+json\" class=\"yoast-schema-graph\">{\"@context\":\"https:\\\/\\\/schema.org\",\"@graph\":[{\"@type\":\"WebPage\",\"@id\":\"https:\\\/\\\/www.svalbardblues.com\\\/de\\\/svalbard\\\/bedrifter\\\/telenor-svalbard\\\/\",\"url\":\"https:\\\/\\\/www.svalbardblues.com\\\/de\\\/svalbard\\\/bedrifter\\\/telenor-svalbard\\\/\",\"name\":\"Telenor Svalbard | Longyearbyen | SVALBARD\",\"isPartOf\":{\"@id\":\"https:\\\/\\\/www.svalbardblues.com\\\/de\\\/#website\"},\"primaryImageOfPage\":{\"@id\":\"https:\\\/\\\/www.svalbardblues.com\\\/de\\\/svalbard\\\/bedrifter\\\/telenor-svalbard\\\/#primaryimage\"},\"image\":{\"@id\":\"https:\\\/\\\/www.svalbardblues.com\\\/de\\\/svalbard\\\/bedrifter\\\/telenor-svalbard\\\/#primaryimage\"},\"thumbnailUrl\":\"https:\\\/\\\/www.svalbardblues.com\\\/wp-content\\\/uploads\\\/2011\\\/08\\\/isfjord-882.jpg\",\"datePublished\":\"2011-12-20T22:30:53+00:00\",\"description\":\"Telenor er\u00f6ffnete 1911 die erste Telegrafenstation auf Svalbard, und heute - 100 Jahre sp\u00e4ter - ist Svalbard eine der am st\u00e4rksten digitalisierten Gemeinden der Welt.\",\"breadcrumb\":{\"@id\":\"https:\\\/\\\/www.svalbardblues.com\\\/de\\\/svalbard\\\/bedrifter\\\/telenor-svalbard\\\/#breadcrumb\"},\"inLanguage\":\"de\",\"potentialAction\":[{\"@type\":\"ReadAction\",\"target\":[\"https:\\\/\\\/www.svalbardblues.com\\\/de\\\/svalbard\\\/bedrifter\\\/telenor-svalbard\\\/\"]}]},{\"@type\":\"ImageObject\",\"inLanguage\":\"de\",\"@id\":\"https:\\\/\\\/www.svalbardblues.com\\\/de\\\/svalbard\\\/bedrifter\\\/telenor-svalbard\\\/#primaryimage\",\"url\":\"https:\\\/\\\/www.svalbardblues.com\\\/wp-content\\\/uploads\\\/2011\\\/08\\\/isfjord-882.jpg\",\"contentUrl\":\"https:\\\/\\\/www.svalbardblues.com\\\/wp-content\\\/uploads\\\/2011\\\/08\\\/isfjord-882.jpg\"},{\"@type\":\"BreadcrumbList\",\"@id\":\"https:\\\/\\\/www.svalbardblues.com\\\/de\\\/svalbard\\\/bedrifter\\\/telenor-svalbard\\\/#breadcrumb\",\"itemListElement\":[{\"@type\":\"ListItem\",\"position\":1,\"name\":\"Hjem\",\"item\":\"https:\\\/\\\/www.svalbardblues.com\\\/de\\\/\"},{\"@type\":\"ListItem\",\"position\":2,\"name\":\"Svalbard, Fakten und Informationen\",\"item\":\"https:\\\/\\\/www.svalbardblues.com\\\/de\\\/svalbard\\\/\"},{\"@type\":\"ListItem\",\"position\":3,\"name\":\"Unternehmen | Svalbard und Longyearbyen\",\"item\":\"https:\\\/\\\/www.svalbardblues.com\\\/de\\\/svalbard\\\/bedrifter\\\/\"},{\"@type\":\"ListItem\",\"position\":4,\"name\":\"Telenor Svalbard\"}]},{\"@type\":\"WebSite\",\"@id\":\"https:\\\/\\\/www.svalbardblues.com\\\/de\\\/#website\",\"url\":\"https:\\\/\\\/www.svalbardblues.com\\\/de\\\/\",\"name\":\"Dark Season Blues | SVALBARD\",\"description\":\"The World&#039;s Northenmost Blues Festival\",\"publisher\":{\"@id\":\"https:\\\/\\\/www.svalbardblues.com\\\/de\\\/#organization\"},\"potentialAction\":[{\"@type\":\"SearchAction\",\"target\":{\"@type\":\"EntryPoint\",\"urlTemplate\":\"https:\\\/\\\/www.svalbardblues.com\\\/de\\\/?s={search_term_string}\"},\"query-input\":{\"@type\":\"PropertyValueSpecification\",\"valueRequired\":true,\"valueName\":\"search_term_string\"}}],\"inLanguage\":\"de\"},{\"@type\":\"Organization\",\"@id\":\"https:\\\/\\\/www.svalbardblues.com\\\/de\\\/#organization\",\"name\":\"Dark Season Blues\",\"url\":\"https:\\\/\\\/www.svalbardblues.com\\\/de\\\/\",\"logo\":{\"@type\":\"ImageObject\",\"inLanguage\":\"de\",\"@id\":\"https:\\\/\\\/www.svalbardblues.com\\\/de\\\/#\\\/schema\\\/logo\\\/image\\\/\",\"url\":\"https:\\\/\\\/www.svalbardblues.com\\\/wp-content\\\/uploads\\\/2017\\\/06\\\/DSB2017-Illustrasjon-620.jpg\",\"contentUrl\":\"https:\\\/\\\/www.svalbardblues.com\\\/wp-content\\\/uploads\\\/2017\\\/06\\\/DSB2017-Illustrasjon-620.jpg\",\"width\":620,\"height\":488,\"caption\":\"Dark Season Blues\"},\"image\":{\"@id\":\"https:\\\/\\\/www.svalbardblues.com\\\/de\\\/#\\\/schema\\\/logo\\\/image\\\/\"},\"sameAs\":[\"https:\\\/\\\/www.facebook.com\\\/DarkSeasonBlues\",\"https:\\\/\\\/x.com\\\/DarkSeasonBlues\",\"https:\\\/\\\/www.instagram.com\\\/darkseasonblues\\\/\",\"https:\\\/\\\/no.wikipedia.org\\\/wiki\\\/Dark_Season_Blues\"]}]}<\/script>\n<!-- \/ Yoast SEO Premium plugin. -->","yoast_head_json":{"title":"Telenor Svalbard | Longyearbyen | SVALBARD","description":"Telenor er\u00f6ffnete 1911 die erste Telegrafenstation auf Svalbard, und heute - 100 Jahre sp\u00e4ter - ist Svalbard eine der am st\u00e4rksten digitalisierten Gemeinden der Welt.","robots":{"index":"index","follow":"follow","max-snippet":"max-snippet:-1","max-image-preview":"max-image-preview:large","max-video-preview":"max-video-preview:-1"},"canonical":"https:\/\/www.svalbardblues.com\/de\/svalbard\/bedrifter\/telenor-svalbard\/","og_locale":"de_DE","og_type":"article","og_title":"Telenor Svalbard","og_description":"Telenor er\u00f6ffnete 1911 die erste Telegrafenstation auf Svalbard, und heute - 100 Jahre sp\u00e4ter - ist Svalbard eine der am st\u00e4rksten digitalisierten Gemeinden der Welt.","og_url":"https:\/\/www.svalbardblues.com\/de\/svalbard\/bedrifter\/telenor-svalbard\/","og_site_name":"Dark Season Blues | SVALBARD","article_publisher":"https:\/\/www.facebook.com\/DarkSeasonBlues","og_image":[{"width":882,"height":516,"url":"https:\/\/www.svalbardblues.com\/wp-content\/uploads\/2011\/08\/isfjord-882.jpg","type":"image\/jpeg"}],"twitter_misc":{"Gesch\u00e4tzte Lesezeit":"4\u00a0Minuten"},"schema":{"@context":"https:\/\/schema.org","@graph":[{"@type":"WebPage","@id":"https:\/\/www.svalbardblues.com\/de\/svalbard\/bedrifter\/telenor-svalbard\/","url":"https:\/\/www.svalbardblues.com\/de\/svalbard\/bedrifter\/telenor-svalbard\/","name":"Telenor Svalbard | Longyearbyen | SVALBARD","isPartOf":{"@id":"https:\/\/www.svalbardblues.com\/de\/#website"},"primaryImageOfPage":{"@id":"https:\/\/www.svalbardblues.com\/de\/svalbard\/bedrifter\/telenor-svalbard\/#primaryimage"},"image":{"@id":"https:\/\/www.svalbardblues.com\/de\/svalbard\/bedrifter\/telenor-svalbard\/#primaryimage"},"thumbnailUrl":"https:\/\/www.svalbardblues.com\/wp-content\/uploads\/2011\/08\/isfjord-882.jpg","datePublished":"2011-12-20T22:30:53+00:00","description":"Telenor er\u00f6ffnete 1911 die erste Telegrafenstation auf Svalbard, und heute - 100 Jahre sp\u00e4ter - ist Svalbard eine der am st\u00e4rksten digitalisierten Gemeinden der Welt.","breadcrumb":{"@id":"https:\/\/www.svalbardblues.com\/de\/svalbard\/bedrifter\/telenor-svalbard\/#breadcrumb"},"inLanguage":"de","potentialAction":[{"@type":"ReadAction","target":["https:\/\/www.svalbardblues.com\/de\/svalbard\/bedrifter\/telenor-svalbard\/"]}]},{"@type":"ImageObject","inLanguage":"de","@id":"https:\/\/www.svalbardblues.com\/de\/svalbard\/bedrifter\/telenor-svalbard\/#primaryimage","url":"https:\/\/www.svalbardblues.com\/wp-content\/uploads\/2011\/08\/isfjord-882.jpg","contentUrl":"https:\/\/www.svalbardblues.com\/wp-content\/uploads\/2011\/08\/isfjord-882.jpg"},{"@type":"BreadcrumbList","@id":"https:\/\/www.svalbardblues.com\/de\/svalbard\/bedrifter\/telenor-svalbard\/#breadcrumb","itemListElement":[{"@type":"ListItem","position":1,"name":"Hjem","item":"https:\/\/www.svalbardblues.com\/de\/"},{"@type":"ListItem","position":2,"name":"Svalbard, Fakten und Informationen","item":"https:\/\/www.svalbardblues.com\/de\/svalbard\/"},{"@type":"ListItem","position":3,"name":"Unternehmen | Svalbard und Longyearbyen","item":"https:\/\/www.svalbardblues.com\/de\/svalbard\/bedrifter\/"},{"@type":"ListItem","position":4,"name":"Telenor Svalbard"}]},{"@type":"WebSite","@id":"https:\/\/www.svalbardblues.com\/de\/#website","url":"https:\/\/www.svalbardblues.com\/de\/","name":"Dark Season Blues | SVALBARD","description":"The World&#039;s Northenmost Blues Festival","publisher":{"@id":"https:\/\/www.svalbardblues.com\/de\/#organization"},"potentialAction":[{"@type":"SearchAction","target":{"@type":"EntryPoint","urlTemplate":"https:\/\/www.svalbardblues.com\/de\/?s={search_term_string}"},"query-input":{"@type":"PropertyValueSpecification","valueRequired":true,"valueName":"search_term_string"}}],"inLanguage":"de"},{"@type":"Organization","@id":"https:\/\/www.svalbardblues.com\/de\/#organization","name":"Dark Season Blues","url":"https:\/\/www.svalbardblues.com\/de\/","logo":{"@type":"ImageObject","inLanguage":"de","@id":"https:\/\/www.svalbardblues.com\/de\/#\/schema\/logo\/image\/","url":"https:\/\/www.svalbardblues.com\/wp-content\/uploads\/2017\/06\/DSB2017-Illustrasjon-620.jpg","contentUrl":"https:\/\/www.svalbardblues.com\/wp-content\/uploads\/2017\/06\/DSB2017-Illustrasjon-620.jpg","width":620,"height":488,"caption":"Dark Season Blues"},"image":{"@id":"https:\/\/www.svalbardblues.com\/de\/#\/schema\/logo\/image\/"},"sameAs":["https:\/\/www.facebook.com\/DarkSeasonBlues","https:\/\/x.com\/DarkSeasonBlues","https:\/\/www.instagram.com\/darkseasonblues\/","https:\/\/no.wikipedia.org\/wiki\/Dark_Season_Blues"]}]}},"_links":{"self":[{"href":"https:\/\/www.svalbardblues.com\/de\/wp-json\/wp\/v2\/pages\/24054","targetHints":{"allow":["GET"]}}],"collection":[{"href":"https:\/\/www.svalbardblues.com\/de\/wp-json\/wp\/v2\/pages"}],"about":[{"href":"https:\/\/www.svalbardblues.com\/de\/wp-json\/wp\/v2\/types\/page"}],"author":[{"embeddable":true,"href":"https:\/\/www.svalbardblues.com\/de\/wp-json\/wp\/v2\/users\/1"}],"replies":[{"embeddable":true,"href":"https:\/\/www.svalbardblues.com\/de\/wp-json\/wp\/v2\/comments?post=24054"}],"version-history":[{"count":0,"href":"https:\/\/www.svalbardblues.com\/de\/wp-json\/wp\/v2\/pages\/24054\/revisions"}],"up":[{"embeddable":true,"href":"https:\/\/www.svalbardblues.com\/de\/wp-json\/wp\/v2\/pages\/23911"}],"wp:attachment":[{"href":"https:\/\/www.svalbardblues.com\/de\/wp-json\/wp\/v2\/media?parent=24054"}],"curies":[{"name":"wp","href":"https:\/\/api.w.org\/{rel}","templated":true}]}}