{"id":24059,"date":"2011-12-20T21:49:30","date_gmt":"2011-12-20T21:49:30","guid":{"rendered":"https:\/\/www.svalbardblues.com\/svalbard\/bedrifter\/store-norske\/"},"modified":"2011-12-20T21:49:30","modified_gmt":"2011-12-20T21:49:30","slug":"store-norske","status":"publish","type":"page","link":"https:\/\/www.svalbardblues.com\/de\/svalbard\/bedrifter\/store-norske\/","title":{"rendered":"Gesch\u00e4ft Norske"},"content":{"rendered":"<figure id=\"attachment_1474\" aria-describedby=\"caption-attachment-1474\" style=\"width: 872px\" class=\"wp-caption aligncenter\"><img fetchpriority=\"high\" decoding=\"async\" class=\"size-full wp-image-1474\" title=\"Gesch\u00e4ft Norske\" src=\"https:\/\/www.svalbardblues.com\/wp-content\/uploads\/2011\/04\/snsk_882x516.jpg\" alt=\"Store Norske betreibt Kohlebergwerke in Svalbard. Svea und Bergwerk 7.\" width=\"882\" height=\"516\" srcset=\"https:\/\/www.svalbardblues.com\/wp-content\/uploads\/2011\/04\/snsk_882x516.jpg 882w, https:\/\/www.svalbardblues.com\/wp-content\/uploads\/2011\/04\/snsk_882x516-600x351.jpg 600w, https:\/\/www.svalbardblues.com\/wp-content\/uploads\/2011\/04\/snsk_882x516-300x175.jpg 300w\" sizes=\"(max-width: 882px) 100vw, 882px\" \/><figcaption id=\"caption-attachment-1474\" class=\"wp-caption-text\">Store Norske Spitsbergen Mining Company<\/figcaption><\/figure>\n<p><strong>Store Norske Spitsbergen Grubekompani AS<\/strong><br \/>\nP.O. Box 613<br \/>\n9171 Longyearbyen<br \/>\nWebsite: <a title=\"Store Norske Spitsbergen Mining Company\" href=\"http:\/\/www.snsk.no\" target=\"_blank\" rel=\"noopener noreferrer\">www.snsk.no<\/a><\/p>\n<p>Store Norske ist das n\u00f6rdlichste Bergbauunternehmen der Welt. Mit seinen 330 Mitarbeitern ist Store Norske das gr\u00f6\u00dfte Eckpfeilerunternehmen in <a title=\"Svalbard\" href=\"https:\/\/www.svalbardblues.com\/de\/svalbard\/\">Svalbard<\/a>. Das Unternehmen leistet einen wichtigen Beitrag zu einer stabilen und robusten Familiengemeinschaft in <a title=\"Longyearbyen\" href=\"https:\/\/www.svalbardblues.com\/de\/longyearbyen\/\">Longyearbyen<\/a>.  <\/p>\n<div>\n<div>Store Norske Spitsbergen Kulkompani AS (SNSK) wurde im November 1916 gegr\u00fcndet. Das Unternehmen \u00fcbernahm den Kohlebergbau in Longyearbyen von dem amerikanischen Unternehmen Arctic Coal Company. Seitdem hat Store Norske, mit Ausnahme einer Unterbrechung w\u00e4hrend des Zweiten Weltkriegs, ununterbrochen Kohleminen in Spitzbergen betrieben.   <\/div>\n<\/div>\n<p>Store Norske Spitsbergen Kulkompani AS hat seinen Hauptsitz weiterhin in Longyearbyen. SNSK ist derzeit die Muttergesellschaft der Store Norske Group und befindet sich zu 99,9 Prozent im Besitz des norwegischen Staates. Die Gruppe besteht au\u00dferdem aus den Unternehmen Store Norske Spitsbergen Grubekompani AS (SNSG), Store Norske Gull AS und Store Norske Boliger AS.  <\/p>\n<p>In der Vergangenheit fand der Gro\u00dfteil der Kohleproduktion in Longyearbyen statt. Heute befindet sich der Hauptbetrieb von Store Norske in Svea, 60 Kilometer s\u00fcdlich von Longyearbyen. Store Norske Spitsbergen Grubekompani AS produziert j\u00e4hrlich etwa 2 Millionen Tonnen Kohle in der Mine Svea North. In der Umgebung von Longyearbyen beschr\u00e4nkt sich der Betrieb auf das Bergwerk 7, das sich in Adventdalen, anderthalb Kilometer \u00f6stlich von Longyearbyen befindet und j\u00e4hrlich etwa 75.000 Tonnen Kohle f\u00f6rdert.   <\/p>\n<p>\u00dcber das Unternehmen Store Norske Gull AS betreibt Store Norske Mineralienexploration auf Svalbard und in Finnmark.<\/p>\n","protected":false},"excerpt":{"rendered":"<p>Store Norske Spitsbergen Grubekompani AS P.O. Box 613 9171 Longyearbyen Website: www.snsk.no Store Norske ist das n\u00f6rdlichste Bergbauunternehmen der Welt. Mit seinen 330 Mitarbeitern ist Store Norske das gr\u00f6\u00dfte Eckpfeilerunternehmen in Svalbard. Das Unternehmen leistet einen wichtigen Beitrag zu einer stabilen und robusten Familiengemeinschaft in Longyearbyen. Store Norske Spitsbergen Kulkompani AS (SNSK) wurde im November &#8230; <\/p>\n<p class=\"read-more-container\"><a title=\"Gesch\u00e4ft Norske\" class=\"read-more button\" href=\"https:\/\/www.svalbardblues.com\/de\/svalbard\/bedrifter\/store-norske\/#more-24059\" aria-label=\"Mehr Informationen \u00fcber Gesch\u00e4ft Norske\">Read more<\/a><\/p>\n","protected":false},"author":1,"featured_media":0,"parent":23911,"menu_order":0,"comment_status":"closed","ping_status":"closed","template":"","meta":{"inline_featured_image":false,"footnotes":""},"class_list":["post-24059","page","type-page","status-publish"],"yoast_head":"<!-- This site is optimized with the Yoast SEO Premium plugin v27.5 (Yoast SEO v27.6) - https:\/\/yoast.com\/product\/yoast-seo-premium-wordpress\/ -->\n<title>Store Norske Spitsbergen Mining Company | SVALBARD<\/title>\n<meta name=\"description\" content=\"Store Norske Spitsbergen Gruvekompani ist das n\u00f6rdlichste Bergbauunternehmen der Welt. Mit seinen 330 Mitarbeitern ist Store Norske das gr\u00f6\u00dfte Eckpfeilerunternehmen in Svalbard.\" \/>\n<meta name=\"robots\" content=\"index, follow, max-snippet:-1, max-image-preview:large, max-video-preview:-1\" \/>\n<link rel=\"canonical\" href=\"https:\/\/www.svalbardblues.com\/de\/svalbard\/bedrifter\/store-norske\/\" \/>\n<meta property=\"og:locale\" content=\"de_DE\" \/>\n<meta property=\"og:type\" content=\"article\" \/>\n<meta property=\"og:title\" content=\"Gesch\u00e4ft Norske\" \/>\n<meta property=\"og:description\" content=\"Store Norske Spitsbergen Gruvekompani ist das n\u00f6rdlichste Bergbauunternehmen der Welt. Mit seinen 330 Mitarbeitern ist Store Norske das gr\u00f6\u00dfte Eckpfeilerunternehmen in Svalbard.\" \/>\n<meta property=\"og:url\" content=\"https:\/\/www.svalbardblues.com\/de\/svalbard\/bedrifter\/store-norske\/\" \/>\n<meta property=\"og:site_name\" content=\"Dark Season Blues | SVALBARD\" \/>\n<meta property=\"article:publisher\" content=\"https:\/\/www.facebook.com\/DarkSeasonBlues\" \/>\n<meta property=\"og:image\" content=\"https:\/\/www.svalbardblues.com\/wp-content\/uploads\/2011\/04\/snsk_882x516.jpg\" \/>\n\t<meta property=\"og:image:width\" content=\"882\" \/>\n\t<meta property=\"og:image:height\" content=\"516\" \/>\n\t<meta property=\"og:image:type\" content=\"image\/jpeg\" \/>\n<meta name=\"twitter:label1\" content=\"Gesch\u00e4tzte Lesezeit\" \/>\n\t<meta name=\"twitter:data1\" content=\"1\u00a0Minute\" \/>\n<script type=\"application\/ld+json\" class=\"yoast-schema-graph\">{\"@context\":\"https:\\\/\\\/schema.org\",\"@graph\":[{\"@type\":\"WebPage\",\"@id\":\"https:\\\/\\\/www.svalbardblues.com\\\/de\\\/svalbard\\\/bedrifter\\\/store-norske\\\/\",\"url\":\"https:\\\/\\\/www.svalbardblues.com\\\/de\\\/svalbard\\\/bedrifter\\\/store-norske\\\/\",\"name\":\"Store Norske Spitsbergen Mining Company | SVALBARD\",\"isPartOf\":{\"@id\":\"https:\\\/\\\/www.svalbardblues.com\\\/de\\\/#website\"},\"primaryImageOfPage\":{\"@id\":\"https:\\\/\\\/www.svalbardblues.com\\\/de\\\/svalbard\\\/bedrifter\\\/store-norske\\\/#primaryimage\"},\"image\":{\"@id\":\"https:\\\/\\\/www.svalbardblues.com\\\/de\\\/svalbard\\\/bedrifter\\\/store-norske\\\/#primaryimage\"},\"thumbnailUrl\":\"https:\\\/\\\/www.svalbardblues.com\\\/wp-content\\\/uploads\\\/2011\\\/04\\\/snsk_882x516.jpg\",\"datePublished\":\"2011-12-20T21:49:30+00:00\",\"description\":\"Store Norske Spitsbergen Gruvekompani ist das n\u00f6rdlichste Bergbauunternehmen der Welt. Mit seinen 330 Mitarbeitern ist Store Norske das gr\u00f6\u00dfte Eckpfeilerunternehmen in Svalbard.\",\"breadcrumb\":{\"@id\":\"https:\\\/\\\/www.svalbardblues.com\\\/de\\\/svalbard\\\/bedrifter\\\/store-norske\\\/#breadcrumb\"},\"inLanguage\":\"de\",\"potentialAction\":[{\"@type\":\"ReadAction\",\"target\":[\"https:\\\/\\\/www.svalbardblues.com\\\/de\\\/svalbard\\\/bedrifter\\\/store-norske\\\/\"]}]},{\"@type\":\"ImageObject\",\"inLanguage\":\"de\",\"@id\":\"https:\\\/\\\/www.svalbardblues.com\\\/de\\\/svalbard\\\/bedrifter\\\/store-norske\\\/#primaryimage\",\"url\":\"https:\\\/\\\/www.svalbardblues.com\\\/wp-content\\\/uploads\\\/2011\\\/04\\\/snsk_882x516.jpg\",\"contentUrl\":\"https:\\\/\\\/www.svalbardblues.com\\\/wp-content\\\/uploads\\\/2011\\\/04\\\/snsk_882x516.jpg\"},{\"@type\":\"BreadcrumbList\",\"@id\":\"https:\\\/\\\/www.svalbardblues.com\\\/de\\\/svalbard\\\/bedrifter\\\/store-norske\\\/#breadcrumb\",\"itemListElement\":[{\"@type\":\"ListItem\",\"position\":1,\"name\":\"Hjem\",\"item\":\"https:\\\/\\\/www.svalbardblues.com\\\/de\\\/\"},{\"@type\":\"ListItem\",\"position\":2,\"name\":\"Svalbard, Fakten und Informationen\",\"item\":\"https:\\\/\\\/www.svalbardblues.com\\\/de\\\/svalbard\\\/\"},{\"@type\":\"ListItem\",\"position\":3,\"name\":\"Unternehmen | Svalbard und Longyearbyen\",\"item\":\"https:\\\/\\\/www.svalbardblues.com\\\/de\\\/svalbard\\\/bedrifter\\\/\"},{\"@type\":\"ListItem\",\"position\":4,\"name\":\"Gesch\u00e4ft Norske\"}]},{\"@type\":\"WebSite\",\"@id\":\"https:\\\/\\\/www.svalbardblues.com\\\/de\\\/#website\",\"url\":\"https:\\\/\\\/www.svalbardblues.com\\\/de\\\/\",\"name\":\"Dark Season Blues | SVALBARD\",\"description\":\"The World&#039;s Northenmost Blues Festival\",\"publisher\":{\"@id\":\"https:\\\/\\\/www.svalbardblues.com\\\/de\\\/#organization\"},\"potentialAction\":[{\"@type\":\"SearchAction\",\"target\":{\"@type\":\"EntryPoint\",\"urlTemplate\":\"https:\\\/\\\/www.svalbardblues.com\\\/de\\\/?s={search_term_string}\"},\"query-input\":{\"@type\":\"PropertyValueSpecification\",\"valueRequired\":true,\"valueName\":\"search_term_string\"}}],\"inLanguage\":\"de\"},{\"@type\":\"Organization\",\"@id\":\"https:\\\/\\\/www.svalbardblues.com\\\/de\\\/#organization\",\"name\":\"Dark Season Blues\",\"url\":\"https:\\\/\\\/www.svalbardblues.com\\\/de\\\/\",\"logo\":{\"@type\":\"ImageObject\",\"inLanguage\":\"de\",\"@id\":\"https:\\\/\\\/www.svalbardblues.com\\\/de\\\/#\\\/schema\\\/logo\\\/image\\\/\",\"url\":\"https:\\\/\\\/www.svalbardblues.com\\\/wp-content\\\/uploads\\\/2017\\\/06\\\/DSB2017-Illustrasjon-620.jpg\",\"contentUrl\":\"https:\\\/\\\/www.svalbardblues.com\\\/wp-content\\\/uploads\\\/2017\\\/06\\\/DSB2017-Illustrasjon-620.jpg\",\"width\":620,\"height\":488,\"caption\":\"Dark Season Blues\"},\"image\":{\"@id\":\"https:\\\/\\\/www.svalbardblues.com\\\/de\\\/#\\\/schema\\\/logo\\\/image\\\/\"},\"sameAs\":[\"https:\\\/\\\/www.facebook.com\\\/DarkSeasonBlues\",\"https:\\\/\\\/x.com\\\/DarkSeasonBlues\",\"https:\\\/\\\/www.instagram.com\\\/darkseasonblues\\\/\",\"https:\\\/\\\/no.wikipedia.org\\\/wiki\\\/Dark_Season_Blues\"]}]}<\/script>\n<!-- \/ Yoast SEO Premium plugin. -->","yoast_head_json":{"title":"Store Norske Spitsbergen Mining Company | SVALBARD","description":"Store Norske Spitsbergen Gruvekompani ist das n\u00f6rdlichste Bergbauunternehmen der Welt. Mit seinen 330 Mitarbeitern ist Store Norske das gr\u00f6\u00dfte Eckpfeilerunternehmen in Svalbard.","robots":{"index":"index","follow":"follow","max-snippet":"max-snippet:-1","max-image-preview":"max-image-preview:large","max-video-preview":"max-video-preview:-1"},"canonical":"https:\/\/www.svalbardblues.com\/de\/svalbard\/bedrifter\/store-norske\/","og_locale":"de_DE","og_type":"article","og_title":"Gesch\u00e4ft Norske","og_description":"Store Norske Spitsbergen Gruvekompani ist das n\u00f6rdlichste Bergbauunternehmen der Welt. Mit seinen 330 Mitarbeitern ist Store Norske das gr\u00f6\u00dfte Eckpfeilerunternehmen in Svalbard.","og_url":"https:\/\/www.svalbardblues.com\/de\/svalbard\/bedrifter\/store-norske\/","og_site_name":"Dark Season Blues | SVALBARD","article_publisher":"https:\/\/www.facebook.com\/DarkSeasonBlues","og_image":[{"width":882,"height":516,"url":"https:\/\/www.svalbardblues.com\/wp-content\/uploads\/2011\/04\/snsk_882x516.jpg","type":"image\/jpeg"}],"twitter_misc":{"Gesch\u00e4tzte Lesezeit":"1\u00a0Minute"},"schema":{"@context":"https:\/\/schema.org","@graph":[{"@type":"WebPage","@id":"https:\/\/www.svalbardblues.com\/de\/svalbard\/bedrifter\/store-norske\/","url":"https:\/\/www.svalbardblues.com\/de\/svalbard\/bedrifter\/store-norske\/","name":"Store Norske Spitsbergen Mining Company | SVALBARD","isPartOf":{"@id":"https:\/\/www.svalbardblues.com\/de\/#website"},"primaryImageOfPage":{"@id":"https:\/\/www.svalbardblues.com\/de\/svalbard\/bedrifter\/store-norske\/#primaryimage"},"image":{"@id":"https:\/\/www.svalbardblues.com\/de\/svalbard\/bedrifter\/store-norske\/#primaryimage"},"thumbnailUrl":"https:\/\/www.svalbardblues.com\/wp-content\/uploads\/2011\/04\/snsk_882x516.jpg","datePublished":"2011-12-20T21:49:30+00:00","description":"Store Norske Spitsbergen Gruvekompani ist das n\u00f6rdlichste Bergbauunternehmen der Welt. Mit seinen 330 Mitarbeitern ist Store Norske das gr\u00f6\u00dfte Eckpfeilerunternehmen in Svalbard.","breadcrumb":{"@id":"https:\/\/www.svalbardblues.com\/de\/svalbard\/bedrifter\/store-norske\/#breadcrumb"},"inLanguage":"de","potentialAction":[{"@type":"ReadAction","target":["https:\/\/www.svalbardblues.com\/de\/svalbard\/bedrifter\/store-norske\/"]}]},{"@type":"ImageObject","inLanguage":"de","@id":"https:\/\/www.svalbardblues.com\/de\/svalbard\/bedrifter\/store-norske\/#primaryimage","url":"https:\/\/www.svalbardblues.com\/wp-content\/uploads\/2011\/04\/snsk_882x516.jpg","contentUrl":"https:\/\/www.svalbardblues.com\/wp-content\/uploads\/2011\/04\/snsk_882x516.jpg"},{"@type":"BreadcrumbList","@id":"https:\/\/www.svalbardblues.com\/de\/svalbard\/bedrifter\/store-norske\/#breadcrumb","itemListElement":[{"@type":"ListItem","position":1,"name":"Hjem","item":"https:\/\/www.svalbardblues.com\/de\/"},{"@type":"ListItem","position":2,"name":"Svalbard, Fakten und Informationen","item":"https:\/\/www.svalbardblues.com\/de\/svalbard\/"},{"@type":"ListItem","position":3,"name":"Unternehmen | Svalbard und Longyearbyen","item":"https:\/\/www.svalbardblues.com\/de\/svalbard\/bedrifter\/"},{"@type":"ListItem","position":4,"name":"Gesch\u00e4ft Norske"}]},{"@type":"WebSite","@id":"https:\/\/www.svalbardblues.com\/de\/#website","url":"https:\/\/www.svalbardblues.com\/de\/","name":"Dark Season Blues | SVALBARD","description":"The World&#039;s Northenmost Blues Festival","publisher":{"@id":"https:\/\/www.svalbardblues.com\/de\/#organization"},"potentialAction":[{"@type":"SearchAction","target":{"@type":"EntryPoint","urlTemplate":"https:\/\/www.svalbardblues.com\/de\/?s={search_term_string}"},"query-input":{"@type":"PropertyValueSpecification","valueRequired":true,"valueName":"search_term_string"}}],"inLanguage":"de"},{"@type":"Organization","@id":"https:\/\/www.svalbardblues.com\/de\/#organization","name":"Dark Season Blues","url":"https:\/\/www.svalbardblues.com\/de\/","logo":{"@type":"ImageObject","inLanguage":"de","@id":"https:\/\/www.svalbardblues.com\/de\/#\/schema\/logo\/image\/","url":"https:\/\/www.svalbardblues.com\/wp-content\/uploads\/2017\/06\/DSB2017-Illustrasjon-620.jpg","contentUrl":"https:\/\/www.svalbardblues.com\/wp-content\/uploads\/2017\/06\/DSB2017-Illustrasjon-620.jpg","width":620,"height":488,"caption":"Dark Season Blues"},"image":{"@id":"https:\/\/www.svalbardblues.com\/de\/#\/schema\/logo\/image\/"},"sameAs":["https:\/\/www.facebook.com\/DarkSeasonBlues","https:\/\/x.com\/DarkSeasonBlues","https:\/\/www.instagram.com\/darkseasonblues\/","https:\/\/no.wikipedia.org\/wiki\/Dark_Season_Blues"]}]}},"_links":{"self":[{"href":"https:\/\/www.svalbardblues.com\/de\/wp-json\/wp\/v2\/pages\/24059","targetHints":{"allow":["GET"]}}],"collection":[{"href":"https:\/\/www.svalbardblues.com\/de\/wp-json\/wp\/v2\/pages"}],"about":[{"href":"https:\/\/www.svalbardblues.com\/de\/wp-json\/wp\/v2\/types\/page"}],"author":[{"embeddable":true,"href":"https:\/\/www.svalbardblues.com\/de\/wp-json\/wp\/v2\/users\/1"}],"replies":[{"embeddable":true,"href":"https:\/\/www.svalbardblues.com\/de\/wp-json\/wp\/v2\/comments?post=24059"}],"version-history":[{"count":0,"href":"https:\/\/www.svalbardblues.com\/de\/wp-json\/wp\/v2\/pages\/24059\/revisions"}],"up":[{"embeddable":true,"href":"https:\/\/www.svalbardblues.com\/de\/wp-json\/wp\/v2\/pages\/23911"}],"wp:attachment":[{"href":"https:\/\/www.svalbardblues.com\/de\/wp-json\/wp\/v2\/media?parent=24059"}],"curies":[{"name":"wp","href":"https:\/\/api.w.org\/{rel}","templated":true}]}}