{"id":24074,"date":"2011-12-09T14:01:11","date_gmt":"2011-12-09T14:01:11","guid":{"rendered":"https:\/\/www.svalbardblues.com\/bjorn-berge\/"},"modified":"2026-02-23T21:55:52","modified_gmt":"2026-02-23T21:55:52","slug":"bjorn-berge","status":"publish","type":"page","link":"https:\/\/www.svalbardblues.com\/de\/dsb\/artister\/bjorn-berge\/","title":{"rendered":"Bj\u00f8rn Berge"},"content":{"rendered":"\n<p class=\"has-drop-cap\">Es ist etwas Besonderes, Bj\u00f8rn Berge endlich bei Dark Season Blues begr\u00fc\u00dfen zu k\u00f6nnen. Der Longyearbyen Blues Club wurde ein paar Tage nach einem Konzert mit Bj\u00f8rn Berge hier in der Stadt im August 2000 gegr\u00fcndet.   <\/p>\n\n<p>Der in Haugesund geborene S\u00e4nger ist eine Ein-Mann-Band, seit er 1999 mit \u201eBlues Hit Me\u201c sein Albumdeb\u00fct gab. Mit dem elektrischen Trio-Album \u201eWho Else?\u201c machte er 2019 eine Ausnahme, aber Anfang dieses Jahres kehrte er mit \u201eHeavy Gauge\u201c in die akustische Landschaft zur\u00fcck &#8211; mit und ohne Band. Aber das bedeutet nicht, dass er von seiner Behauptung abr\u00fcckt, dass es egal sein sollte, wie die Gitarre aussieht oder wie viele Saiten sie hat. Berge mischt verschiedene Genres, von Pop bis Funk, von Rock bis Blues. Es klingt wild und rau, hart und weich. Diese Mischung hat ihm zwei Spellemann-Preise und den Blues-Preis beim Notodden Blues Festival eingebracht. Er hat 12 Studioalben und ein Live-Album ver\u00f6ffentlicht. Als Live-K\u00fcnstler ist er in Europa genauso aktiv wie in Norwegen. Jetzt kann man ihn bei Dark Season Blues erleben.          <\/p>\n\n<p class=\"has-text-align-center has-background\" style=\"background-color:#f8f8f8;font-size:12px\"><strong>  Dunkle Jahreszeit Blues\u00a92021  <\/strong><\/p>\n\n<figure class=\"wp-block-embed is-type-video is-provider-youtube wp-block-embed-youtube wp-embed-aspect-16-9 wp-has-aspect-ratio\"><div class=\"wp-block-embed__wrapper\">\n<iframe title=\"BJ\u00d8RN BERGE-The Wrangler Man\" width=\"1200\" height=\"675\" src=\"https:\/\/www.youtube.com\/embed\/iuMxtVn6RO0?feature=oembed\" frameborder=\"0\" allow=\"accelerometer; autoplay; clipboard-write; encrypted-media; gyroscope; picture-in-picture; web-share\" referrerpolicy=\"strict-origin-when-cross-origin\" allowfullscreen><\/iframe>\n<\/div><\/figure>\n","protected":false},"excerpt":{"rendered":"<p>Es ist etwas Besonderes, Bj\u00f8rn Berge endlich bei Dark Season Blues begr\u00fc\u00dfen zu k\u00f6nnen. Der Longyearbyen Blues Club wurde ein paar Tage nach einem Konzert mit Bj\u00f8rn Berge hier in der Stadt im August 2000 gegr\u00fcndet. Der in Haugesund geborene S\u00e4nger ist eine Ein-Mann-Band, seit er 1999 mit \u201eBlues Hit Me\u201c sein Albumdeb\u00fct gab. Mit &#8230; <\/p>\n<p class=\"read-more-container\"><a title=\"Bj\u00f8rn Berge\" class=\"read-more button\" href=\"https:\/\/www.svalbardblues.com\/de\/dsb\/artister\/bjorn-berge\/#more-24074\" aria-label=\"Mehr Informationen \u00fcber Bj\u00f8rn Berge\">Read more<\/a><\/p>\n","protected":false},"author":1,"featured_media":24078,"parent":24596,"menu_order":0,"comment_status":"closed","ping_status":"closed","template":"","meta":{"inline_featured_image":false,"footnotes":""},"class_list":["post-24074","page","type-page","status-publish","has-post-thumbnail"],"yoast_head":"<!-- This site is optimized with the Yoast SEO Premium plugin v26.2 (Yoast SEO v27.4) - https:\/\/yoast.com\/product\/yoast-seo-premium-wordpress\/ -->\n<title>Bj\u00f8rn Berge | Dark Season Blues - SVALBARD<\/title>\n<meta name=\"description\" content=\"Es ist etwas Besonderes, Bj\u00f8rn Berge endlich bei Dark Season Blues begr\u00fc\u00dfen zu k\u00f6nnen. Der Longyearbyen Blues Club wurde ein paar Tage nach einem Konzert mit Bj\u00f8rn Berge hier in der Stadt im August 2000 gegr\u00fcndet.\" \/>\n<meta name=\"robots\" content=\"index, follow, max-snippet:-1, max-image-preview:large, max-video-preview:-1\" \/>\n<link rel=\"canonical\" href=\"https:\/\/www.svalbardblues.com\/de\/dsb\/artister\/bjorn-berge\/\" \/>\n<meta property=\"og:locale\" content=\"de_DE\" \/>\n<meta property=\"og:type\" content=\"article\" \/>\n<meta property=\"og:title\" content=\"Bj\u00f8rn Berge\" \/>\n<meta property=\"og:description\" content=\"Es ist etwas Besonderes, Bj\u00f8rn Berge endlich bei Dark Season Blues begr\u00fc\u00dfen zu k\u00f6nnen. Der Longyearbyen Blues Club wurde ein paar Tage nach einem Konzert mit Bj\u00f8rn Berge hier in der Stadt im August 2000 gegr\u00fcndet.\" \/>\n<meta property=\"og:url\" content=\"https:\/\/www.svalbardblues.com\/de\/dsb\/artister\/bjorn-berge\/\" \/>\n<meta property=\"og:site_name\" content=\"Dark Season Blues | SVALBARD\" \/>\n<meta property=\"article:publisher\" content=\"https:\/\/www.facebook.com\/DarkSeasonBlues\" \/>\n<meta property=\"article:modified_time\" content=\"2026-02-23T21:55:52+00:00\" \/>\n<meta property=\"og:image\" content=\"https:\/\/www.svalbardblues.com\/wp-content\/uploads\/2021\/08\/bjorn-berge-DarkSeasonBlues-Svalbard-1024x-1.jpg\" \/>\n\t<meta property=\"og:image:width\" content=\"1024\" \/>\n\t<meta property=\"og:image:height\" content=\"683\" \/>\n\t<meta property=\"og:image:type\" content=\"image\/jpeg\" \/>\n<meta name=\"twitter:label1\" content=\"Gesch\u00e4tzte Lesezeit\" \/>\n\t<meta name=\"twitter:data1\" content=\"1\u00a0Minute\" \/>\n<script type=\"application\/ld+json\" class=\"yoast-schema-graph\">{\"@context\":\"https:\\\/\\\/schema.org\",\"@graph\":[{\"@type\":\"WebPage\",\"@id\":\"https:\\\/\\\/www.svalbardblues.com\\\/de\\\/dsb\\\/artister\\\/bjorn-berge\\\/\",\"url\":\"https:\\\/\\\/www.svalbardblues.com\\\/de\\\/dsb\\\/artister\\\/bjorn-berge\\\/\",\"name\":\"Bj\u00f8rn Berge | Dark Season Blues - SVALBARD\",\"isPartOf\":{\"@id\":\"https:\\\/\\\/www.svalbardblues.com\\\/de\\\/#website\"},\"primaryImageOfPage\":{\"@id\":\"https:\\\/\\\/www.svalbardblues.com\\\/de\\\/dsb\\\/artister\\\/bjorn-berge\\\/#primaryimage\"},\"image\":{\"@id\":\"https:\\\/\\\/www.svalbardblues.com\\\/de\\\/dsb\\\/artister\\\/bjorn-berge\\\/#primaryimage\"},\"thumbnailUrl\":\"https:\\\/\\\/www.svalbardblues.com\\\/wp-content\\\/uploads\\\/2021\\\/08\\\/bjorn-berge-DarkSeasonBlues-Svalbard-1024x-1.jpg\",\"datePublished\":\"2011-12-09T14:01:11+00:00\",\"dateModified\":\"2026-02-23T21:55:52+00:00\",\"description\":\"Es ist etwas Besonderes, Bj\u00f8rn Berge endlich bei Dark Season Blues begr\u00fc\u00dfen zu k\u00f6nnen. Der Longyearbyen Blues Club wurde ein paar Tage nach einem Konzert mit Bj\u00f8rn Berge hier in der Stadt im August 2000 gegr\u00fcndet.\",\"breadcrumb\":{\"@id\":\"https:\\\/\\\/www.svalbardblues.com\\\/de\\\/dsb\\\/artister\\\/bjorn-berge\\\/#breadcrumb\"},\"inLanguage\":\"de\",\"potentialAction\":[{\"@type\":\"ReadAction\",\"target\":[\"https:\\\/\\\/www.svalbardblues.com\\\/de\\\/dsb\\\/artister\\\/bjorn-berge\\\/\"]}]},{\"@type\":\"ImageObject\",\"inLanguage\":\"de\",\"@id\":\"https:\\\/\\\/www.svalbardblues.com\\\/de\\\/dsb\\\/artister\\\/bjorn-berge\\\/#primaryimage\",\"url\":\"https:\\\/\\\/www.svalbardblues.com\\\/wp-content\\\/uploads\\\/2021\\\/08\\\/bjorn-berge-DarkSeasonBlues-Svalbard-1024x-1.jpg\",\"contentUrl\":\"https:\\\/\\\/www.svalbardblues.com\\\/wp-content\\\/uploads\\\/2021\\\/08\\\/bjorn-berge-DarkSeasonBlues-Svalbard-1024x-1.jpg\",\"width\":1024,\"height\":683,\"caption\":\"Bj\u00f8rn Berge\"},{\"@type\":\"BreadcrumbList\",\"@id\":\"https:\\\/\\\/www.svalbardblues.com\\\/de\\\/dsb\\\/artister\\\/bjorn-berge\\\/#breadcrumb\",\"itemListElement\":[{\"@type\":\"ListItem\",\"position\":1,\"name\":\"Hjem\",\"item\":\"https:\\\/\\\/www.svalbardblues.com\\\/de\\\/\"},{\"@type\":\"ListItem\",\"position\":2,\"name\":\"Dunkle Jahreszeit Blues Spitzbergen\",\"item\":\"https:\\\/\\\/www.svalbardblues.com\\\/de\\\/dsb\\\/\"},{\"@type\":\"ListItem\",\"position\":3,\"name\":\"K\u00fcnstler | Dunkle Jahreszeit Blues 2026\",\"item\":\"https:\\\/\\\/www.svalbardblues.com\\\/de\\\/dsb\\\/artister\\\/\"},{\"@type\":\"ListItem\",\"position\":4,\"name\":\"Bj\u00f8rn Berge\"}]},{\"@type\":\"WebSite\",\"@id\":\"https:\\\/\\\/www.svalbardblues.com\\\/de\\\/#website\",\"url\":\"https:\\\/\\\/www.svalbardblues.com\\\/de\\\/\",\"name\":\"Dark Season Blues | SVALBARD\",\"description\":\"The World&#039;s Northenmost Blues Festival\",\"publisher\":{\"@id\":\"https:\\\/\\\/www.svalbardblues.com\\\/de\\\/#organization\"},\"potentialAction\":[{\"@type\":\"SearchAction\",\"target\":{\"@type\":\"EntryPoint\",\"urlTemplate\":\"https:\\\/\\\/www.svalbardblues.com\\\/de\\\/?s={search_term_string}\"},\"query-input\":{\"@type\":\"PropertyValueSpecification\",\"valueRequired\":true,\"valueName\":\"search_term_string\"}}],\"inLanguage\":\"de\"},{\"@type\":\"Organization\",\"@id\":\"https:\\\/\\\/www.svalbardblues.com\\\/de\\\/#organization\",\"name\":\"Dark Season Blues\",\"url\":\"https:\\\/\\\/www.svalbardblues.com\\\/de\\\/\",\"logo\":{\"@type\":\"ImageObject\",\"inLanguage\":\"de\",\"@id\":\"https:\\\/\\\/www.svalbardblues.com\\\/de\\\/#\\\/schema\\\/logo\\\/image\\\/\",\"url\":\"https:\\\/\\\/www.svalbardblues.com\\\/wp-content\\\/uploads\\\/2017\\\/06\\\/DSB2017-Illustrasjon-620.jpg\",\"contentUrl\":\"https:\\\/\\\/www.svalbardblues.com\\\/wp-content\\\/uploads\\\/2017\\\/06\\\/DSB2017-Illustrasjon-620.jpg\",\"width\":620,\"height\":488,\"caption\":\"Dark Season Blues\"},\"image\":{\"@id\":\"https:\\\/\\\/www.svalbardblues.com\\\/de\\\/#\\\/schema\\\/logo\\\/image\\\/\"},\"sameAs\":[\"https:\\\/\\\/www.facebook.com\\\/DarkSeasonBlues\",\"https:\\\/\\\/x.com\\\/DarkSeasonBlues\",\"https:\\\/\\\/www.instagram.com\\\/darkseasonblues\\\/\",\"https:\\\/\\\/no.wikipedia.org\\\/wiki\\\/Dark_Season_Blues\"]}]}<\/script>\n<!-- \/ Yoast SEO Premium plugin. -->","yoast_head_json":{"title":"Bj\u00f8rn Berge | Dark Season Blues - SVALBARD","description":"Es ist etwas Besonderes, Bj\u00f8rn Berge endlich bei Dark Season Blues begr\u00fc\u00dfen zu k\u00f6nnen. Der Longyearbyen Blues Club wurde ein paar Tage nach einem Konzert mit Bj\u00f8rn Berge hier in der Stadt im August 2000 gegr\u00fcndet.","robots":{"index":"index","follow":"follow","max-snippet":"max-snippet:-1","max-image-preview":"max-image-preview:large","max-video-preview":"max-video-preview:-1"},"canonical":"https:\/\/www.svalbardblues.com\/de\/dsb\/artister\/bjorn-berge\/","og_locale":"de_DE","og_type":"article","og_title":"Bj\u00f8rn Berge","og_description":"Es ist etwas Besonderes, Bj\u00f8rn Berge endlich bei Dark Season Blues begr\u00fc\u00dfen zu k\u00f6nnen. Der Longyearbyen Blues Club wurde ein paar Tage nach einem Konzert mit Bj\u00f8rn Berge hier in der Stadt im August 2000 gegr\u00fcndet.","og_url":"https:\/\/www.svalbardblues.com\/de\/dsb\/artister\/bjorn-berge\/","og_site_name":"Dark Season Blues | SVALBARD","article_publisher":"https:\/\/www.facebook.com\/DarkSeasonBlues","article_modified_time":"2026-02-23T21:55:52+00:00","og_image":[{"width":1024,"height":683,"url":"https:\/\/www.svalbardblues.com\/wp-content\/uploads\/2021\/08\/bjorn-berge-DarkSeasonBlues-Svalbard-1024x-1.jpg","type":"image\/jpeg"}],"twitter_misc":{"Gesch\u00e4tzte Lesezeit":"1\u00a0Minute"},"schema":{"@context":"https:\/\/schema.org","@graph":[{"@type":"WebPage","@id":"https:\/\/www.svalbardblues.com\/de\/dsb\/artister\/bjorn-berge\/","url":"https:\/\/www.svalbardblues.com\/de\/dsb\/artister\/bjorn-berge\/","name":"Bj\u00f8rn Berge | Dark Season Blues - SVALBARD","isPartOf":{"@id":"https:\/\/www.svalbardblues.com\/de\/#website"},"primaryImageOfPage":{"@id":"https:\/\/www.svalbardblues.com\/de\/dsb\/artister\/bjorn-berge\/#primaryimage"},"image":{"@id":"https:\/\/www.svalbardblues.com\/de\/dsb\/artister\/bjorn-berge\/#primaryimage"},"thumbnailUrl":"https:\/\/www.svalbardblues.com\/wp-content\/uploads\/2021\/08\/bjorn-berge-DarkSeasonBlues-Svalbard-1024x-1.jpg","datePublished":"2011-12-09T14:01:11+00:00","dateModified":"2026-02-23T21:55:52+00:00","description":"Es ist etwas Besonderes, Bj\u00f8rn Berge endlich bei Dark Season Blues begr\u00fc\u00dfen zu k\u00f6nnen. Der Longyearbyen Blues Club wurde ein paar Tage nach einem Konzert mit Bj\u00f8rn Berge hier in der Stadt im August 2000 gegr\u00fcndet.","breadcrumb":{"@id":"https:\/\/www.svalbardblues.com\/de\/dsb\/artister\/bjorn-berge\/#breadcrumb"},"inLanguage":"de","potentialAction":[{"@type":"ReadAction","target":["https:\/\/www.svalbardblues.com\/de\/dsb\/artister\/bjorn-berge\/"]}]},{"@type":"ImageObject","inLanguage":"de","@id":"https:\/\/www.svalbardblues.com\/de\/dsb\/artister\/bjorn-berge\/#primaryimage","url":"https:\/\/www.svalbardblues.com\/wp-content\/uploads\/2021\/08\/bjorn-berge-DarkSeasonBlues-Svalbard-1024x-1.jpg","contentUrl":"https:\/\/www.svalbardblues.com\/wp-content\/uploads\/2021\/08\/bjorn-berge-DarkSeasonBlues-Svalbard-1024x-1.jpg","width":1024,"height":683,"caption":"Bj\u00f8rn Berge"},{"@type":"BreadcrumbList","@id":"https:\/\/www.svalbardblues.com\/de\/dsb\/artister\/bjorn-berge\/#breadcrumb","itemListElement":[{"@type":"ListItem","position":1,"name":"Hjem","item":"https:\/\/www.svalbardblues.com\/de\/"},{"@type":"ListItem","position":2,"name":"Dunkle Jahreszeit Blues Spitzbergen","item":"https:\/\/www.svalbardblues.com\/de\/dsb\/"},{"@type":"ListItem","position":3,"name":"K\u00fcnstler | Dunkle Jahreszeit Blues 2026","item":"https:\/\/www.svalbardblues.com\/de\/dsb\/artister\/"},{"@type":"ListItem","position":4,"name":"Bj\u00f8rn Berge"}]},{"@type":"WebSite","@id":"https:\/\/www.svalbardblues.com\/de\/#website","url":"https:\/\/www.svalbardblues.com\/de\/","name":"Dark Season Blues | SVALBARD","description":"The World&#039;s Northenmost Blues Festival","publisher":{"@id":"https:\/\/www.svalbardblues.com\/de\/#organization"},"potentialAction":[{"@type":"SearchAction","target":{"@type":"EntryPoint","urlTemplate":"https:\/\/www.svalbardblues.com\/de\/?s={search_term_string}"},"query-input":{"@type":"PropertyValueSpecification","valueRequired":true,"valueName":"search_term_string"}}],"inLanguage":"de"},{"@type":"Organization","@id":"https:\/\/www.svalbardblues.com\/de\/#organization","name":"Dark Season Blues","url":"https:\/\/www.svalbardblues.com\/de\/","logo":{"@type":"ImageObject","inLanguage":"de","@id":"https:\/\/www.svalbardblues.com\/de\/#\/schema\/logo\/image\/","url":"https:\/\/www.svalbardblues.com\/wp-content\/uploads\/2017\/06\/DSB2017-Illustrasjon-620.jpg","contentUrl":"https:\/\/www.svalbardblues.com\/wp-content\/uploads\/2017\/06\/DSB2017-Illustrasjon-620.jpg","width":620,"height":488,"caption":"Dark Season Blues"},"image":{"@id":"https:\/\/www.svalbardblues.com\/de\/#\/schema\/logo\/image\/"},"sameAs":["https:\/\/www.facebook.com\/DarkSeasonBlues","https:\/\/x.com\/DarkSeasonBlues","https:\/\/www.instagram.com\/darkseasonblues\/","https:\/\/no.wikipedia.org\/wiki\/Dark_Season_Blues"]}]}},"_links":{"self":[{"href":"https:\/\/www.svalbardblues.com\/de\/wp-json\/wp\/v2\/pages\/24074","targetHints":{"allow":["GET"]}}],"collection":[{"href":"https:\/\/www.svalbardblues.com\/de\/wp-json\/wp\/v2\/pages"}],"about":[{"href":"https:\/\/www.svalbardblues.com\/de\/wp-json\/wp\/v2\/types\/page"}],"author":[{"embeddable":true,"href":"https:\/\/www.svalbardblues.com\/de\/wp-json\/wp\/v2\/users\/1"}],"replies":[{"embeddable":true,"href":"https:\/\/www.svalbardblues.com\/de\/wp-json\/wp\/v2\/comments?post=24074"}],"version-history":[{"count":1,"href":"https:\/\/www.svalbardblues.com\/de\/wp-json\/wp\/v2\/pages\/24074\/revisions"}],"predecessor-version":[{"id":24079,"href":"https:\/\/www.svalbardblues.com\/de\/wp-json\/wp\/v2\/pages\/24074\/revisions\/24079"}],"up":[{"embeddable":true,"href":"https:\/\/www.svalbardblues.com\/de\/wp-json\/wp\/v2\/pages\/24596"}],"wp:featuredmedia":[{"embeddable":true,"href":"https:\/\/www.svalbardblues.com\/de\/wp-json\/wp\/v2\/media\/24078"}],"wp:attachment":[{"href":"https:\/\/www.svalbardblues.com\/de\/wp-json\/wp\/v2\/media?parent=24074"}],"curies":[{"name":"wp","href":"https:\/\/api.w.org\/{rel}","templated":true}]}}