{"id":24443,"date":"2023-09-09T11:33:03","date_gmt":"2023-09-09T11:33:03","guid":{"rendered":"https:\/\/www.svalbardblues.com\/kent-erik-thorvaldsen-de\/"},"modified":"2026-02-23T21:55:53","modified_gmt":"2026-02-23T21:55:53","slug":"kent-erik-thorvaldsen-de","status":"publish","type":"page","link":"https:\/\/www.svalbardblues.com\/de\/dsb\/artister\/kent-erik-thorvaldsen-de\/","title":{"rendered":"Kent Erik &#8222;9Fingers&#8220; Thorvaldsen (NO)"},"content":{"rendered":"\n<p class=\"has-drop-cap\">Kent Erik ist ein echter Bluesmann, der in einem alten Holzhaus in Toten lebt. Als schlagfertiger Frontmann von The Jelly Roll Men spielt und rasselt er seit \u00fcber zehn Jahren mit klassischem Chicago-Blues in seinem Repertoire herum, aber eigentlich liegt ihm der Delta-Blues am meisten am Herzen.   <\/p>\n\n<p>F\u00fcr Kent-Erik ist Musik Religion, eine Anleitung, wie man aus einer Scheidung herauskommt, mit einem abgetrennten Daumen und einem Publikum, das in die H\u00e4nde klatscht. Erst jetzt ist er wirklich bereit, den Blues kompromisslos ernst zu nehmen. Bereit, ganz allein auf die B\u00fchne zu gehen, bewaffnet nur mit einer Slide-Gitarre und einer Papiert\u00fcte voller m\u00fcder Mundharmonikas. Die Munition ist eine starke Mischung aus hart erk\u00e4mpfter Lebenserfahrung, tiefem Respekt f\u00fcr die traditionelle afroamerikanische Musik und einer gro\u00dfz\u00fcgigen Portion Galgenhumor.     <\/p>\n\n<p>W\u00e4hrend Dark Season Blues interpretiert er Songs von Robert Nighthawk, Floyd Jones und dem &#8222;Hausgott&#8220; Son House, die Ihnen die Nackenhaare aufstellen. Und wenn er wirklich gut gelaunt ist, kommen im Laufe des Abends vielleicht sogar ein paar seiner eigenen Texte zum Vorschein. <\/p>\n\n<p class=\"has-text-align-center has-background\" style=\"background-color:#e2e2e2;font-size:12px\"><strong>Dunkle Jahreszeit Blues\u00a92025<\/strong><\/p>\n\n<figure class=\"wp-block-video\"><video height=\"1280\" style=\"aspect-ratio: 720 \/ 1280;\" width=\"720\" controls=\"\" src=\"https:\/\/www.svalbardblues.com\/wp-content\/uploads\/2023\/09\/370781909_3242661472699943_6094414393871915283_n.mp4\"><\/video><\/figure>\n","protected":false},"excerpt":{"rendered":"<p>Kent Erik ist ein echter Bluesmann, der in einem alten Holzhaus in Toten lebt. Als schlagfertiger Frontmann von The Jelly Roll Men spielt und rasselt er seit \u00fcber zehn Jahren mit klassischem Chicago-Blues in seinem Repertoire herum, aber eigentlich liegt ihm der Delta-Blues am meisten am Herzen. F\u00fcr Kent-Erik ist Musik Religion, eine Anleitung, wie &#8230; <\/p>\n<p class=\"read-more-container\"><a title=\"Kent Erik &#8222;9Fingers&#8220; Thorvaldsen (NO)\" class=\"read-more button\" href=\"https:\/\/www.svalbardblues.com\/de\/dsb\/artister\/kent-erik-thorvaldsen-de\/#more-24443\" aria-label=\"Mehr Informationen \u00fcber Kent Erik &#8222;9Fingers&#8220; Thorvaldsen (NO)\">Read more<\/a><\/p>\n","protected":false},"author":1,"featured_media":24431,"parent":24596,"menu_order":0,"comment_status":"closed","ping_status":"closed","template":"","meta":{"inline_featured_image":false,"footnotes":""},"class_list":["post-24443","page","type-page","status-publish","has-post-thumbnail"],"yoast_head":"<!-- This site is optimized with the Yoast SEO Premium plugin v26.2 (Yoast SEO v27.4) - https:\/\/yoast.com\/product\/yoast-seo-premium-wordpress\/ -->\n<title>Kent Erik &quot;9Fingers&quot; Thorvaldsen (NO) | Dark Season Blues - SVALBARD<\/title>\n<meta name=\"description\" content=\"Kent Erik Thorvaldsen ist ein echter Blueser, der in einem alten Holzhaus in Toten lebt. Der Deltablues liegt ihm am meisten am Herzen.\" \/>\n<meta name=\"robots\" content=\"index, follow, max-snippet:-1, max-image-preview:large, max-video-preview:-1\" \/>\n<link rel=\"canonical\" href=\"https:\/\/www.svalbardblues.com\/de\/dsb\/artister\/kent-erik-thorvaldsen-de\/\" \/>\n<meta property=\"og:locale\" content=\"de_DE\" \/>\n<meta property=\"og:type\" content=\"article\" \/>\n<meta property=\"og:title\" content=\"Kent Erik &quot;9Fingers&quot; Thorvaldsen (NO)\" \/>\n<meta property=\"og:description\" content=\"Kent Erik Thorvaldsen ist ein echter Blueser, der in einem alten Holzhaus in Toten lebt. Der Deltablues liegt ihm am meisten am Herzen.\" \/>\n<meta property=\"og:url\" content=\"https:\/\/www.svalbardblues.com\/de\/dsb\/artister\/kent-erik-thorvaldsen-de\/\" \/>\n<meta property=\"og:site_name\" content=\"Dark Season Blues | SVALBARD\" \/>\n<meta property=\"article:publisher\" content=\"https:\/\/www.facebook.com\/DarkSeasonBlues\" \/>\n<meta property=\"article:modified_time\" content=\"2026-02-23T21:55:53+00:00\" \/>\n<meta property=\"og:image\" content=\"https:\/\/www.svalbardblues.com\/wp-content\/uploads\/2025\/10\/DSB_Illustrasjon_med_Kent-Erik.jpg\" \/>\n\t<meta property=\"og:image:width\" content=\"1250\" \/>\n\t<meta property=\"og:image:height\" content=\"650\" \/>\n\t<meta property=\"og:image:type\" content=\"image\/jpeg\" \/>\n<meta name=\"twitter:label1\" content=\"Gesch\u00e4tzte Lesezeit\" \/>\n\t<meta name=\"twitter:data1\" content=\"2\u00a0Minuten\" \/>\n<script type=\"application\/ld+json\" class=\"yoast-schema-graph\">{\"@context\":\"https:\\\/\\\/schema.org\",\"@graph\":[{\"@type\":\"WebPage\",\"@id\":\"https:\\\/\\\/www.svalbardblues.com\\\/de\\\/dsb\\\/artister\\\/kent-erik-thorvaldsen-de\\\/\",\"url\":\"https:\\\/\\\/www.svalbardblues.com\\\/de\\\/dsb\\\/artister\\\/kent-erik-thorvaldsen-de\\\/\",\"name\":\"Kent Erik \\\"9Fingers\\\" Thorvaldsen (NO) | Dark Season Blues - SVALBARD\",\"isPartOf\":{\"@id\":\"https:\\\/\\\/www.svalbardblues.com\\\/de\\\/#website\"},\"primaryImageOfPage\":{\"@id\":\"https:\\\/\\\/www.svalbardblues.com\\\/de\\\/dsb\\\/artister\\\/kent-erik-thorvaldsen-de\\\/#primaryimage\"},\"image\":{\"@id\":\"https:\\\/\\\/www.svalbardblues.com\\\/de\\\/dsb\\\/artister\\\/kent-erik-thorvaldsen-de\\\/#primaryimage\"},\"thumbnailUrl\":\"https:\\\/\\\/www.svalbardblues.com\\\/wp-content\\\/uploads\\\/2025\\\/09\\\/KentErikThorvaldsen-DarkSeasonBlues.webp\",\"datePublished\":\"2023-09-09T11:33:03+00:00\",\"dateModified\":\"2026-02-23T21:55:53+00:00\",\"description\":\"Kent Erik Thorvaldsen ist ein echter Blueser, der in einem alten Holzhaus in Toten lebt. Der Deltablues liegt ihm am meisten am Herzen.\",\"breadcrumb\":{\"@id\":\"https:\\\/\\\/www.svalbardblues.com\\\/de\\\/dsb\\\/artister\\\/kent-erik-thorvaldsen-de\\\/#breadcrumb\"},\"inLanguage\":\"de\",\"potentialAction\":[{\"@type\":\"ReadAction\",\"target\":[\"https:\\\/\\\/www.svalbardblues.com\\\/de\\\/dsb\\\/artister\\\/kent-erik-thorvaldsen-de\\\/\"]}]},{\"@type\":\"ImageObject\",\"inLanguage\":\"de\",\"@id\":\"https:\\\/\\\/www.svalbardblues.com\\\/de\\\/dsb\\\/artister\\\/kent-erik-thorvaldsen-de\\\/#primaryimage\",\"url\":\"https:\\\/\\\/www.svalbardblues.com\\\/wp-content\\\/uploads\\\/2025\\\/09\\\/KentErikThorvaldsen-DarkSeasonBlues.webp\",\"contentUrl\":\"https:\\\/\\\/www.svalbardblues.com\\\/wp-content\\\/uploads\\\/2025\\\/09\\\/KentErikThorvaldsen-DarkSeasonBlues.webp\",\"width\":1600,\"height\":1295,\"caption\":\"Kent Erik Thorvaldsen\"},{\"@type\":\"BreadcrumbList\",\"@id\":\"https:\\\/\\\/www.svalbardblues.com\\\/de\\\/dsb\\\/artister\\\/kent-erik-thorvaldsen-de\\\/#breadcrumb\",\"itemListElement\":[{\"@type\":\"ListItem\",\"position\":1,\"name\":\"Hjem\",\"item\":\"https:\\\/\\\/www.svalbardblues.com\\\/de\\\/\"},{\"@type\":\"ListItem\",\"position\":2,\"name\":\"Dunkle Jahreszeit Blues Spitzbergen\",\"item\":\"https:\\\/\\\/www.svalbardblues.com\\\/de\\\/dsb\\\/\"},{\"@type\":\"ListItem\",\"position\":3,\"name\":\"K\u00fcnstler | Dunkle Jahreszeit Blues 2026\",\"item\":\"https:\\\/\\\/www.svalbardblues.com\\\/de\\\/dsb\\\/artister\\\/\"},{\"@type\":\"ListItem\",\"position\":4,\"name\":\"Kent Erik &laquo;9Fingers&raquo; Thorvaldsen (NO)\"}]},{\"@type\":\"WebSite\",\"@id\":\"https:\\\/\\\/www.svalbardblues.com\\\/de\\\/#website\",\"url\":\"https:\\\/\\\/www.svalbardblues.com\\\/de\\\/\",\"name\":\"Dark Season Blues | SVALBARD\",\"description\":\"The World&#039;s Northenmost Blues Festival\",\"publisher\":{\"@id\":\"https:\\\/\\\/www.svalbardblues.com\\\/de\\\/#organization\"},\"potentialAction\":[{\"@type\":\"SearchAction\",\"target\":{\"@type\":\"EntryPoint\",\"urlTemplate\":\"https:\\\/\\\/www.svalbardblues.com\\\/de\\\/?s={search_term_string}\"},\"query-input\":{\"@type\":\"PropertyValueSpecification\",\"valueRequired\":true,\"valueName\":\"search_term_string\"}}],\"inLanguage\":\"de\"},{\"@type\":\"Organization\",\"@id\":\"https:\\\/\\\/www.svalbardblues.com\\\/de\\\/#organization\",\"name\":\"Dark Season Blues\",\"url\":\"https:\\\/\\\/www.svalbardblues.com\\\/de\\\/\",\"logo\":{\"@type\":\"ImageObject\",\"inLanguage\":\"de\",\"@id\":\"https:\\\/\\\/www.svalbardblues.com\\\/de\\\/#\\\/schema\\\/logo\\\/image\\\/\",\"url\":\"https:\\\/\\\/www.svalbardblues.com\\\/wp-content\\\/uploads\\\/2017\\\/06\\\/DSB2017-Illustrasjon-620.jpg\",\"contentUrl\":\"https:\\\/\\\/www.svalbardblues.com\\\/wp-content\\\/uploads\\\/2017\\\/06\\\/DSB2017-Illustrasjon-620.jpg\",\"width\":620,\"height\":488,\"caption\":\"Dark Season Blues\"},\"image\":{\"@id\":\"https:\\\/\\\/www.svalbardblues.com\\\/de\\\/#\\\/schema\\\/logo\\\/image\\\/\"},\"sameAs\":[\"https:\\\/\\\/www.facebook.com\\\/DarkSeasonBlues\",\"https:\\\/\\\/x.com\\\/DarkSeasonBlues\",\"https:\\\/\\\/www.instagram.com\\\/darkseasonblues\\\/\",\"https:\\\/\\\/no.wikipedia.org\\\/wiki\\\/Dark_Season_Blues\"]}]}<\/script>\n<!-- \/ Yoast SEO Premium plugin. -->","yoast_head_json":{"title":"Kent Erik \"9Fingers\" Thorvaldsen (NO) | Dark Season Blues - SVALBARD","description":"Kent Erik Thorvaldsen ist ein echter Blueser, der in einem alten Holzhaus in Toten lebt. Der Deltablues liegt ihm am meisten am Herzen.","robots":{"index":"index","follow":"follow","max-snippet":"max-snippet:-1","max-image-preview":"max-image-preview:large","max-video-preview":"max-video-preview:-1"},"canonical":"https:\/\/www.svalbardblues.com\/de\/dsb\/artister\/kent-erik-thorvaldsen-de\/","og_locale":"de_DE","og_type":"article","og_title":"Kent Erik \"9Fingers\" Thorvaldsen (NO)","og_description":"Kent Erik Thorvaldsen ist ein echter Blueser, der in einem alten Holzhaus in Toten lebt. Der Deltablues liegt ihm am meisten am Herzen.","og_url":"https:\/\/www.svalbardblues.com\/de\/dsb\/artister\/kent-erik-thorvaldsen-de\/","og_site_name":"Dark Season Blues | SVALBARD","article_publisher":"https:\/\/www.facebook.com\/DarkSeasonBlues","article_modified_time":"2026-02-23T21:55:53+00:00","og_image":[{"width":1250,"height":650,"url":"https:\/\/www.svalbardblues.com\/wp-content\/uploads\/2025\/10\/DSB_Illustrasjon_med_Kent-Erik.jpg","type":"image\/jpeg"}],"twitter_misc":{"Gesch\u00e4tzte Lesezeit":"2\u00a0Minuten"},"schema":{"@context":"https:\/\/schema.org","@graph":[{"@type":"WebPage","@id":"https:\/\/www.svalbardblues.com\/de\/dsb\/artister\/kent-erik-thorvaldsen-de\/","url":"https:\/\/www.svalbardblues.com\/de\/dsb\/artister\/kent-erik-thorvaldsen-de\/","name":"Kent Erik \"9Fingers\" Thorvaldsen (NO) | Dark Season Blues - SVALBARD","isPartOf":{"@id":"https:\/\/www.svalbardblues.com\/de\/#website"},"primaryImageOfPage":{"@id":"https:\/\/www.svalbardblues.com\/de\/dsb\/artister\/kent-erik-thorvaldsen-de\/#primaryimage"},"image":{"@id":"https:\/\/www.svalbardblues.com\/de\/dsb\/artister\/kent-erik-thorvaldsen-de\/#primaryimage"},"thumbnailUrl":"https:\/\/www.svalbardblues.com\/wp-content\/uploads\/2025\/09\/KentErikThorvaldsen-DarkSeasonBlues.webp","datePublished":"2023-09-09T11:33:03+00:00","dateModified":"2026-02-23T21:55:53+00:00","description":"Kent Erik Thorvaldsen ist ein echter Blueser, der in einem alten Holzhaus in Toten lebt. Der Deltablues liegt ihm am meisten am Herzen.","breadcrumb":{"@id":"https:\/\/www.svalbardblues.com\/de\/dsb\/artister\/kent-erik-thorvaldsen-de\/#breadcrumb"},"inLanguage":"de","potentialAction":[{"@type":"ReadAction","target":["https:\/\/www.svalbardblues.com\/de\/dsb\/artister\/kent-erik-thorvaldsen-de\/"]}]},{"@type":"ImageObject","inLanguage":"de","@id":"https:\/\/www.svalbardblues.com\/de\/dsb\/artister\/kent-erik-thorvaldsen-de\/#primaryimage","url":"https:\/\/www.svalbardblues.com\/wp-content\/uploads\/2025\/09\/KentErikThorvaldsen-DarkSeasonBlues.webp","contentUrl":"https:\/\/www.svalbardblues.com\/wp-content\/uploads\/2025\/09\/KentErikThorvaldsen-DarkSeasonBlues.webp","width":1600,"height":1295,"caption":"Kent Erik Thorvaldsen"},{"@type":"BreadcrumbList","@id":"https:\/\/www.svalbardblues.com\/de\/dsb\/artister\/kent-erik-thorvaldsen-de\/#breadcrumb","itemListElement":[{"@type":"ListItem","position":1,"name":"Hjem","item":"https:\/\/www.svalbardblues.com\/de\/"},{"@type":"ListItem","position":2,"name":"Dunkle Jahreszeit Blues Spitzbergen","item":"https:\/\/www.svalbardblues.com\/de\/dsb\/"},{"@type":"ListItem","position":3,"name":"K\u00fcnstler | Dunkle Jahreszeit Blues 2026","item":"https:\/\/www.svalbardblues.com\/de\/dsb\/artister\/"},{"@type":"ListItem","position":4,"name":"Kent Erik &laquo;9Fingers&raquo; Thorvaldsen (NO)"}]},{"@type":"WebSite","@id":"https:\/\/www.svalbardblues.com\/de\/#website","url":"https:\/\/www.svalbardblues.com\/de\/","name":"Dark Season Blues | SVALBARD","description":"The World&#039;s Northenmost Blues Festival","publisher":{"@id":"https:\/\/www.svalbardblues.com\/de\/#organization"},"potentialAction":[{"@type":"SearchAction","target":{"@type":"EntryPoint","urlTemplate":"https:\/\/www.svalbardblues.com\/de\/?s={search_term_string}"},"query-input":{"@type":"PropertyValueSpecification","valueRequired":true,"valueName":"search_term_string"}}],"inLanguage":"de"},{"@type":"Organization","@id":"https:\/\/www.svalbardblues.com\/de\/#organization","name":"Dark Season Blues","url":"https:\/\/www.svalbardblues.com\/de\/","logo":{"@type":"ImageObject","inLanguage":"de","@id":"https:\/\/www.svalbardblues.com\/de\/#\/schema\/logo\/image\/","url":"https:\/\/www.svalbardblues.com\/wp-content\/uploads\/2017\/06\/DSB2017-Illustrasjon-620.jpg","contentUrl":"https:\/\/www.svalbardblues.com\/wp-content\/uploads\/2017\/06\/DSB2017-Illustrasjon-620.jpg","width":620,"height":488,"caption":"Dark Season Blues"},"image":{"@id":"https:\/\/www.svalbardblues.com\/de\/#\/schema\/logo\/image\/"},"sameAs":["https:\/\/www.facebook.com\/DarkSeasonBlues","https:\/\/x.com\/DarkSeasonBlues","https:\/\/www.instagram.com\/darkseasonblues\/","https:\/\/no.wikipedia.org\/wiki\/Dark_Season_Blues"]}]}},"_links":{"self":[{"href":"https:\/\/www.svalbardblues.com\/de\/wp-json\/wp\/v2\/pages\/24443","targetHints":{"allow":["GET"]}}],"collection":[{"href":"https:\/\/www.svalbardblues.com\/de\/wp-json\/wp\/v2\/pages"}],"about":[{"href":"https:\/\/www.svalbardblues.com\/de\/wp-json\/wp\/v2\/types\/page"}],"author":[{"embeddable":true,"href":"https:\/\/www.svalbardblues.com\/de\/wp-json\/wp\/v2\/users\/1"}],"replies":[{"embeddable":true,"href":"https:\/\/www.svalbardblues.com\/de\/wp-json\/wp\/v2\/comments?post=24443"}],"version-history":[{"count":2,"href":"https:\/\/www.svalbardblues.com\/de\/wp-json\/wp\/v2\/pages\/24443\/revisions"}],"predecessor-version":[{"id":25079,"href":"https:\/\/www.svalbardblues.com\/de\/wp-json\/wp\/v2\/pages\/24443\/revisions\/25079"}],"up":[{"embeddable":true,"href":"https:\/\/www.svalbardblues.com\/de\/wp-json\/wp\/v2\/pages\/24596"}],"wp:featuredmedia":[{"embeddable":true,"href":"https:\/\/www.svalbardblues.com\/de\/wp-json\/wp\/v2\/media\/24431"}],"wp:attachment":[{"href":"https:\/\/www.svalbardblues.com\/de\/wp-json\/wp\/v2\/media?parent=24443"}],"curies":[{"name":"wp","href":"https:\/\/api.w.org\/{rel}","templated":true}]}}