{"id":24461,"date":"2013-10-18T21:45:12","date_gmt":"2013-10-18T21:45:12","guid":{"rendered":"https:\/\/www.svalbardblues.com\/hakon-hoye-nl\/"},"modified":"2026-02-23T21:55:52","modified_gmt":"2026-02-23T21:55:52","slug":"hakon-hoye-nl","status":"publish","type":"page","link":"https:\/\/www.svalbardblues.com\/de\/dsb\/artister\/hakon-hoye-nl\/","title":{"rendered":"H\u00e5kon H\u00f8ye mit Band"},"content":{"rendered":"\n<p class=\"has-drop-cap\">H\u00e5kon H\u00f8ye stammt aus dem Umfeld des Osloer Clubs Muddy Waters in den 2000er Jahren. Neben seiner eigenen Band, H\u00e5kon H\u00f8ye &amp; The HoneyTones, war er von Anfang an regelm\u00e4\u00dfiges Mitglied der Billy T Band und der Band von Joakim Tinderholt und hat in den letzten 25 Jahren unz\u00e4hlige K\u00fcnstler in Norwegen und im Ausland unterst\u00fctzt. <\/p>\n\n<p>H\u00e5kon und die Band haben zwei Alben ver\u00f6ffentlicht, &#8222;&#8218;Bout Time&#8220; im Jahr 2013 und &#8222;Nights At The Surf Motel&#8220; im Jahr 2019. Letzteres wurde 2019 f\u00fcr den Spellemann-Preis nominiert. Er und die Band arbeiten derzeit an einem neuen Album, das im Jahr 2026 erscheinen soll. Die Songs auf seinem neuesten Album wurden in Zusammenarbeit mit dem in Oslo lebenden Amerikaner William &#8222;Bill&#8220; Troiani geschrieben, eine Zusammenarbeit, die neben zwei Spellemann-Preisen (Billy T Band) zu mehreren Endplatzierungen beim International Songwriting Contest in Nashville gef\u00fchrt hat (2. Platz in der Kategorie Blues f\u00fcr den Song &#8222;Blow My Cover&#8220; im Jahr 2013).   <\/p>\n\n<p>Troiani ist am Bass, wenn H\u00e5kon mit einem Trio zu Dark Season Blues kommt, zu dem neben ihm und Trioiani noch Alexander Pettersen am Schlagzeug geh\u00f6rt. Alle drei haben einen Hintergrund in der Billy T Band. Sie freuen sich darauf, dem Festivalpublikum in Longyearbyen ihr schmackhaftes Gumbo aus klassischem Blues, Soul, Americana und Garagenrock zu pr\u00e4sentieren. Die drei werden am Freitagmorgen auch Kinderg\u00e4rten und die erste und zweite Klasse der Grundschule in Longyearbyen unterhalten.   <\/p>\n\n<p class=\"has-text-align-center has-background\" style=\"background-color:#f8f8f8;font-size:12px\"><strong>  Dunkle Jahreszeit Blues\u00a92025  <\/strong><\/p>\n\n<figure class=\"wp-block-embed is-type-video is-provider-youtube wp-block-embed-youtube wp-embed-aspect-16-9 wp-has-aspect-ratio\"><div class=\"wp-block-embed__wrapper\">\n<iframe title=\"H\u00e5kon H\u00f8ye - &quot;Breaking Up Somebody&#039;s Home&quot;\" width=\"1200\" height=\"675\" src=\"https:\/\/www.youtube.com\/embed\/MpfRHPuD1Ps?feature=oembed\" frameborder=\"0\" allow=\"accelerometer; autoplay; clipboard-write; encrypted-media; gyroscope; picture-in-picture; web-share\" referrerpolicy=\"strict-origin-when-cross-origin\" allowfullscreen><\/iframe>\n<\/div><\/figure>\n","protected":false},"excerpt":{"rendered":"<p>H\u00e5kon H\u00f8ye stammt aus dem Umfeld des Osloer Clubs Muddy Waters in den 2000er Jahren. Neben seiner eigenen Band, H\u00e5kon H\u00f8ye &amp; The HoneyTones, war er von Anfang an regelm\u00e4\u00dfiges Mitglied der Billy T Band und der Band von Joakim Tinderholt und hat in den letzten 25 Jahren unz\u00e4hlige K\u00fcnstler in Norwegen und im Ausland &#8230; <\/p>\n<p class=\"read-more-container\"><a title=\"H\u00e5kon H\u00f8ye mit Band\" class=\"read-more button\" href=\"https:\/\/www.svalbardblues.com\/de\/dsb\/artister\/hakon-hoye-nl\/#more-24461\" aria-label=\"Mehr Informationen \u00fcber H\u00e5kon H\u00f8ye mit Band\">Read more<\/a><\/p>\n","protected":false},"author":1,"featured_media":24463,"parent":24596,"menu_order":0,"comment_status":"closed","ping_status":"closed","template":"","meta":{"inline_featured_image":false,"footnotes":""},"class_list":["post-24461","page","type-page","status-publish","has-post-thumbnail"],"yoast_head":"<!-- This site is optimized with the Yoast SEO Premium plugin v26.2 (Yoast SEO v27.4) - https:\/\/yoast.com\/product\/yoast-seo-premium-wordpress\/ -->\n<title>H\u00e5kon H\u00f8ye &amp; The HoneyTones | Dark Season Blues - SVALBARD<\/title>\n<meta name=\"description\" content=\"H\u00e5kon H\u00f8ye stammt aus dem Umfeld des Osloer Clubs Muddy Waters in den 2000er Jahren. Neben seiner eigenen Band, H\u00e5kon H\u00f8ye &amp; The HoneyTones, war er\" \/>\n<meta name=\"robots\" content=\"index, follow, max-snippet:-1, max-image-preview:large, max-video-preview:-1\" \/>\n<link rel=\"canonical\" href=\"https:\/\/www.svalbardblues.com\/de\/dsb\/artister\/hakon-hoye-nl\/\" \/>\n<meta property=\"og:locale\" content=\"de_DE\" \/>\n<meta property=\"og:type\" content=\"article\" \/>\n<meta property=\"og:title\" content=\"H\u00e5kon H\u00f8ye mit Band\" \/>\n<meta property=\"og:description\" content=\"H\u00e5kon H\u00f8ye stammt aus dem Umfeld des Osloer Clubs Muddy Waters in den 2000er Jahren. Neben seiner eigenen Band, H\u00e5kon H\u00f8ye &amp; The HoneyTones, war er\" \/>\n<meta property=\"og:url\" content=\"https:\/\/www.svalbardblues.com\/de\/dsb\/artister\/hakon-hoye-nl\/\" \/>\n<meta property=\"og:site_name\" content=\"Dark Season Blues | SVALBARD\" \/>\n<meta property=\"article:publisher\" content=\"https:\/\/www.facebook.com\/DarkSeasonBlues\" \/>\n<meta property=\"article:modified_time\" content=\"2026-02-23T21:55:52+00:00\" \/>\n<meta property=\"og:image\" content=\"https:\/\/www.svalbardblues.com\/wp-content\/uploads\/2021\/09\/Haakon-Hoye-DarkSeasonBlues-Svalbard-1024x.jpg\" \/>\n\t<meta property=\"og:image:width\" content=\"1024\" \/>\n\t<meta property=\"og:image:height\" content=\"683\" \/>\n\t<meta property=\"og:image:type\" content=\"image\/jpeg\" \/>\n<meta name=\"twitter:label1\" content=\"Gesch\u00e4tzte Lesezeit\" \/>\n\t<meta name=\"twitter:data1\" content=\"1\u00a0Minute\" \/>\n<script type=\"application\/ld+json\" class=\"yoast-schema-graph\">{\"@context\":\"https:\\\/\\\/schema.org\",\"@graph\":[{\"@type\":\"WebPage\",\"@id\":\"https:\\\/\\\/www.svalbardblues.com\\\/de\\\/dsb\\\/artister\\\/hakon-hoye-nl\\\/\",\"url\":\"https:\\\/\\\/www.svalbardblues.com\\\/de\\\/dsb\\\/artister\\\/hakon-hoye-nl\\\/\",\"name\":\"H\u00e5kon H\u00f8ye & The HoneyTones | Dark Season Blues - SVALBARD\",\"isPartOf\":{\"@id\":\"https:\\\/\\\/www.svalbardblues.com\\\/de\\\/#website\"},\"primaryImageOfPage\":{\"@id\":\"https:\\\/\\\/www.svalbardblues.com\\\/de\\\/dsb\\\/artister\\\/hakon-hoye-nl\\\/#primaryimage\"},\"image\":{\"@id\":\"https:\\\/\\\/www.svalbardblues.com\\\/de\\\/dsb\\\/artister\\\/hakon-hoye-nl\\\/#primaryimage\"},\"thumbnailUrl\":\"https:\\\/\\\/www.svalbardblues.com\\\/wp-content\\\/uploads\\\/2021\\\/09\\\/Haakon-Hoye-DarkSeasonBlues-Svalbard-1024x.jpg\",\"datePublished\":\"2013-10-18T21:45:12+00:00\",\"dateModified\":\"2026-02-23T21:55:52+00:00\",\"description\":\"H\u00e5kon H\u00f8ye stammt aus dem Umfeld des Osloer Clubs Muddy Waters in den 2000er Jahren. Neben seiner eigenen Band, H\u00e5kon H\u00f8ye &amp; The HoneyTones, war er\",\"breadcrumb\":{\"@id\":\"https:\\\/\\\/www.svalbardblues.com\\\/de\\\/dsb\\\/artister\\\/hakon-hoye-nl\\\/#breadcrumb\"},\"inLanguage\":\"de\",\"potentialAction\":[{\"@type\":\"ReadAction\",\"target\":[\"https:\\\/\\\/www.svalbardblues.com\\\/de\\\/dsb\\\/artister\\\/hakon-hoye-nl\\\/\"]}]},{\"@type\":\"ImageObject\",\"inLanguage\":\"de\",\"@id\":\"https:\\\/\\\/www.svalbardblues.com\\\/de\\\/dsb\\\/artister\\\/hakon-hoye-nl\\\/#primaryimage\",\"url\":\"https:\\\/\\\/www.svalbardblues.com\\\/wp-content\\\/uploads\\\/2021\\\/09\\\/Haakon-Hoye-DarkSeasonBlues-Svalbard-1024x.jpg\",\"contentUrl\":\"https:\\\/\\\/www.svalbardblues.com\\\/wp-content\\\/uploads\\\/2021\\\/09\\\/Haakon-Hoye-DarkSeasonBlues-Svalbard-1024x.jpg\",\"width\":1024,\"height\":683,\"caption\":\"H\u00e5kon H\u00f8ye\"},{\"@type\":\"BreadcrumbList\",\"@id\":\"https:\\\/\\\/www.svalbardblues.com\\\/de\\\/dsb\\\/artister\\\/hakon-hoye-nl\\\/#breadcrumb\",\"itemListElement\":[{\"@type\":\"ListItem\",\"position\":1,\"name\":\"Hjem\",\"item\":\"https:\\\/\\\/www.svalbardblues.com\\\/de\\\/\"},{\"@type\":\"ListItem\",\"position\":2,\"name\":\"Dunkle Jahreszeit Blues Spitzbergen\",\"item\":\"https:\\\/\\\/www.svalbardblues.com\\\/de\\\/dsb\\\/\"},{\"@type\":\"ListItem\",\"position\":3,\"name\":\"K\u00fcnstler | Dunkle Jahreszeit Blues 2026\",\"item\":\"https:\\\/\\\/www.svalbardblues.com\\\/de\\\/dsb\\\/artister\\\/\"},{\"@type\":\"ListItem\",\"position\":4,\"name\":\"H\u00e5kon H\u00f8ye mit Band\"}]},{\"@type\":\"WebSite\",\"@id\":\"https:\\\/\\\/www.svalbardblues.com\\\/de\\\/#website\",\"url\":\"https:\\\/\\\/www.svalbardblues.com\\\/de\\\/\",\"name\":\"Dark Season Blues | SVALBARD\",\"description\":\"The World&#039;s Northenmost Blues Festival\",\"publisher\":{\"@id\":\"https:\\\/\\\/www.svalbardblues.com\\\/de\\\/#organization\"},\"potentialAction\":[{\"@type\":\"SearchAction\",\"target\":{\"@type\":\"EntryPoint\",\"urlTemplate\":\"https:\\\/\\\/www.svalbardblues.com\\\/de\\\/?s={search_term_string}\"},\"query-input\":{\"@type\":\"PropertyValueSpecification\",\"valueRequired\":true,\"valueName\":\"search_term_string\"}}],\"inLanguage\":\"de\"},{\"@type\":\"Organization\",\"@id\":\"https:\\\/\\\/www.svalbardblues.com\\\/de\\\/#organization\",\"name\":\"Dark Season Blues\",\"url\":\"https:\\\/\\\/www.svalbardblues.com\\\/de\\\/\",\"logo\":{\"@type\":\"ImageObject\",\"inLanguage\":\"de\",\"@id\":\"https:\\\/\\\/www.svalbardblues.com\\\/de\\\/#\\\/schema\\\/logo\\\/image\\\/\",\"url\":\"https:\\\/\\\/www.svalbardblues.com\\\/wp-content\\\/uploads\\\/2017\\\/06\\\/DSB2017-Illustrasjon-620.jpg\",\"contentUrl\":\"https:\\\/\\\/www.svalbardblues.com\\\/wp-content\\\/uploads\\\/2017\\\/06\\\/DSB2017-Illustrasjon-620.jpg\",\"width\":620,\"height\":488,\"caption\":\"Dark Season Blues\"},\"image\":{\"@id\":\"https:\\\/\\\/www.svalbardblues.com\\\/de\\\/#\\\/schema\\\/logo\\\/image\\\/\"},\"sameAs\":[\"https:\\\/\\\/www.facebook.com\\\/DarkSeasonBlues\",\"https:\\\/\\\/x.com\\\/DarkSeasonBlues\",\"https:\\\/\\\/www.instagram.com\\\/darkseasonblues\\\/\",\"https:\\\/\\\/no.wikipedia.org\\\/wiki\\\/Dark_Season_Blues\"]}]}<\/script>\n<!-- \/ Yoast SEO Premium plugin. -->","yoast_head_json":{"title":"H\u00e5kon H\u00f8ye & The HoneyTones | Dark Season Blues - SVALBARD","description":"H\u00e5kon H\u00f8ye stammt aus dem Umfeld des Osloer Clubs Muddy Waters in den 2000er Jahren. Neben seiner eigenen Band, H\u00e5kon H\u00f8ye &amp; The HoneyTones, war er","robots":{"index":"index","follow":"follow","max-snippet":"max-snippet:-1","max-image-preview":"max-image-preview:large","max-video-preview":"max-video-preview:-1"},"canonical":"https:\/\/www.svalbardblues.com\/de\/dsb\/artister\/hakon-hoye-nl\/","og_locale":"de_DE","og_type":"article","og_title":"H\u00e5kon H\u00f8ye mit Band","og_description":"H\u00e5kon H\u00f8ye stammt aus dem Umfeld des Osloer Clubs Muddy Waters in den 2000er Jahren. Neben seiner eigenen Band, H\u00e5kon H\u00f8ye &amp; The HoneyTones, war er","og_url":"https:\/\/www.svalbardblues.com\/de\/dsb\/artister\/hakon-hoye-nl\/","og_site_name":"Dark Season Blues | SVALBARD","article_publisher":"https:\/\/www.facebook.com\/DarkSeasonBlues","article_modified_time":"2026-02-23T21:55:52+00:00","og_image":[{"width":1024,"height":683,"url":"https:\/\/www.svalbardblues.com\/wp-content\/uploads\/2021\/09\/Haakon-Hoye-DarkSeasonBlues-Svalbard-1024x.jpg","type":"image\/jpeg"}],"twitter_misc":{"Gesch\u00e4tzte Lesezeit":"1\u00a0Minute"},"schema":{"@context":"https:\/\/schema.org","@graph":[{"@type":"WebPage","@id":"https:\/\/www.svalbardblues.com\/de\/dsb\/artister\/hakon-hoye-nl\/","url":"https:\/\/www.svalbardblues.com\/de\/dsb\/artister\/hakon-hoye-nl\/","name":"H\u00e5kon H\u00f8ye & The HoneyTones | Dark Season Blues - SVALBARD","isPartOf":{"@id":"https:\/\/www.svalbardblues.com\/de\/#website"},"primaryImageOfPage":{"@id":"https:\/\/www.svalbardblues.com\/de\/dsb\/artister\/hakon-hoye-nl\/#primaryimage"},"image":{"@id":"https:\/\/www.svalbardblues.com\/de\/dsb\/artister\/hakon-hoye-nl\/#primaryimage"},"thumbnailUrl":"https:\/\/www.svalbardblues.com\/wp-content\/uploads\/2021\/09\/Haakon-Hoye-DarkSeasonBlues-Svalbard-1024x.jpg","datePublished":"2013-10-18T21:45:12+00:00","dateModified":"2026-02-23T21:55:52+00:00","description":"H\u00e5kon H\u00f8ye stammt aus dem Umfeld des Osloer Clubs Muddy Waters in den 2000er Jahren. Neben seiner eigenen Band, H\u00e5kon H\u00f8ye &amp; The HoneyTones, war er","breadcrumb":{"@id":"https:\/\/www.svalbardblues.com\/de\/dsb\/artister\/hakon-hoye-nl\/#breadcrumb"},"inLanguage":"de","potentialAction":[{"@type":"ReadAction","target":["https:\/\/www.svalbardblues.com\/de\/dsb\/artister\/hakon-hoye-nl\/"]}]},{"@type":"ImageObject","inLanguage":"de","@id":"https:\/\/www.svalbardblues.com\/de\/dsb\/artister\/hakon-hoye-nl\/#primaryimage","url":"https:\/\/www.svalbardblues.com\/wp-content\/uploads\/2021\/09\/Haakon-Hoye-DarkSeasonBlues-Svalbard-1024x.jpg","contentUrl":"https:\/\/www.svalbardblues.com\/wp-content\/uploads\/2021\/09\/Haakon-Hoye-DarkSeasonBlues-Svalbard-1024x.jpg","width":1024,"height":683,"caption":"H\u00e5kon H\u00f8ye"},{"@type":"BreadcrumbList","@id":"https:\/\/www.svalbardblues.com\/de\/dsb\/artister\/hakon-hoye-nl\/#breadcrumb","itemListElement":[{"@type":"ListItem","position":1,"name":"Hjem","item":"https:\/\/www.svalbardblues.com\/de\/"},{"@type":"ListItem","position":2,"name":"Dunkle Jahreszeit Blues Spitzbergen","item":"https:\/\/www.svalbardblues.com\/de\/dsb\/"},{"@type":"ListItem","position":3,"name":"K\u00fcnstler | Dunkle Jahreszeit Blues 2026","item":"https:\/\/www.svalbardblues.com\/de\/dsb\/artister\/"},{"@type":"ListItem","position":4,"name":"H\u00e5kon H\u00f8ye mit Band"}]},{"@type":"WebSite","@id":"https:\/\/www.svalbardblues.com\/de\/#website","url":"https:\/\/www.svalbardblues.com\/de\/","name":"Dark Season Blues | SVALBARD","description":"The World&#039;s Northenmost Blues Festival","publisher":{"@id":"https:\/\/www.svalbardblues.com\/de\/#organization"},"potentialAction":[{"@type":"SearchAction","target":{"@type":"EntryPoint","urlTemplate":"https:\/\/www.svalbardblues.com\/de\/?s={search_term_string}"},"query-input":{"@type":"PropertyValueSpecification","valueRequired":true,"valueName":"search_term_string"}}],"inLanguage":"de"},{"@type":"Organization","@id":"https:\/\/www.svalbardblues.com\/de\/#organization","name":"Dark Season Blues","url":"https:\/\/www.svalbardblues.com\/de\/","logo":{"@type":"ImageObject","inLanguage":"de","@id":"https:\/\/www.svalbardblues.com\/de\/#\/schema\/logo\/image\/","url":"https:\/\/www.svalbardblues.com\/wp-content\/uploads\/2017\/06\/DSB2017-Illustrasjon-620.jpg","contentUrl":"https:\/\/www.svalbardblues.com\/wp-content\/uploads\/2017\/06\/DSB2017-Illustrasjon-620.jpg","width":620,"height":488,"caption":"Dark Season Blues"},"image":{"@id":"https:\/\/www.svalbardblues.com\/de\/#\/schema\/logo\/image\/"},"sameAs":["https:\/\/www.facebook.com\/DarkSeasonBlues","https:\/\/x.com\/DarkSeasonBlues","https:\/\/www.instagram.com\/darkseasonblues\/","https:\/\/no.wikipedia.org\/wiki\/Dark_Season_Blues"]}]}},"_links":{"self":[{"href":"https:\/\/www.svalbardblues.com\/de\/wp-json\/wp\/v2\/pages\/24461","targetHints":{"allow":["GET"]}}],"collection":[{"href":"https:\/\/www.svalbardblues.com\/de\/wp-json\/wp\/v2\/pages"}],"about":[{"href":"https:\/\/www.svalbardblues.com\/de\/wp-json\/wp\/v2\/types\/page"}],"author":[{"embeddable":true,"href":"https:\/\/www.svalbardblues.com\/de\/wp-json\/wp\/v2\/users\/1"}],"replies":[{"embeddable":true,"href":"https:\/\/www.svalbardblues.com\/de\/wp-json\/wp\/v2\/comments?post=24461"}],"version-history":[{"count":2,"href":"https:\/\/www.svalbardblues.com\/de\/wp-json\/wp\/v2\/pages\/24461\/revisions"}],"predecessor-version":[{"id":25510,"href":"https:\/\/www.svalbardblues.com\/de\/wp-json\/wp\/v2\/pages\/24461\/revisions\/25510"}],"up":[{"embeddable":true,"href":"https:\/\/www.svalbardblues.com\/de\/wp-json\/wp\/v2\/pages\/24596"}],"wp:featuredmedia":[{"embeddable":true,"href":"https:\/\/www.svalbardblues.com\/de\/wp-json\/wp\/v2\/media\/24463"}],"wp:attachment":[{"href":"https:\/\/www.svalbardblues.com\/de\/wp-json\/wp\/v2\/media?parent=24461"}],"curies":[{"name":"wp","href":"https:\/\/api.w.org\/{rel}","templated":true}]}}