{"id":24521,"date":"2025-01-29T09:15:52","date_gmt":"2025-01-29T09:15:52","guid":{"rendered":"https:\/\/www.svalbardblues.com\/john-primer-en\/"},"modified":"2026-02-23T21:55:54","modified_gmt":"2026-02-23T21:55:54","slug":"john-primer-en","status":"publish","type":"page","link":"https:\/\/www.svalbardblues.com\/de\/dsb\/artister\/john-primer-en\/","title":{"rendered":"John Primer (US)"},"content":{"rendered":"\n<p class=\"has-drop-cap\">John Primer hat es sich zur Lebensaufgabe gemacht, den traditionellen Chicagoer Blues am Leben zu erhalten, indem er seine Erfahrungen und sein Wissen st\u00e4ndig mit neuen Generationen von Musikern teilt. Primer wird als &#8222;The Real Deal&#8220; bezeichnet, die eigentliche Definition von echtem, lebendigem Blues, und sechs Monate nach seinem 80. Geburtstag kann man ihn endlich bei Dark Season Blues erleben. <\/p>\n\n<p>Er wurde 1945 in Mississippi geboren. Er lernte schon fr\u00fch zu singen, w\u00e4hrend er auf der Baumwollplantage arbeitete und vertr\u00e4umt Muddy Waters und B.B. King auf dem alten Plattenspieler seiner Gro\u00dfmutter h\u00f6rte. Mit 18 zog er nach Chicago, wo er mit Gr\u00f6\u00dfen wie Junior Wells, Buddy Guy und James Cotton spielte. Willie Dixon wurde auf John aufmerksam und er ging mit der Chicago Blues All-Stars Band auf Tournee.   <\/p>\n\n<p>Johns gr\u00f6\u00dfter Traum wurde wahr, als Muddy Waters ihn 1979 in seine Band holte. Nach dem Tod von Muddy im Jahr 1983 wechselte er zu Magic Slim &amp; The Teardrops. Im Jahr 1995 gr\u00fcndete er seine eigene Band, The Real Deal Blues Band. Seitdem hat er auf mehr als 100 Alben gespielt, von denen 17 unter seinem eigenen Namen erschienen sind. Primer wurde dreimal f\u00fcr einen Grammy nominiert und hat zahlreiche Blues-Awards erhalten. Au\u00dferdem wurde er in die Blues Hall of Fame aufgenommen. W\u00e4hrend des Festivals wird er von der Billy T. Band unterst\u00fctzt.      <\/p>\n\n<p class=\"has-text-align-center has-background\" style=\"background-color:#e2e2e2;font-size:12px\"><strong>Dunkle Jahreszeit Blues\u00a92025<\/strong><\/p>\n","protected":false},"excerpt":{"rendered":"<p>John Primer hat es sich zur Lebensaufgabe gemacht, den traditionellen Chicagoer Blues am Leben zu erhalten, indem er seine Erfahrungen und sein Wissen st\u00e4ndig mit neuen Generationen von Musikern teilt. Primer wird als &#8222;The Real Deal&#8220; bezeichnet, die eigentliche Definition von echtem, lebendigem Blues, und sechs Monate nach seinem 80. Geburtstag kann man ihn endlich &#8230; <\/p>\n<p class=\"read-more-container\"><a title=\"John Primer (US)\" class=\"read-more button\" href=\"https:\/\/www.svalbardblues.com\/de\/dsb\/artister\/john-primer-en\/#more-24521\" aria-label=\"Mehr Informationen \u00fcber John Primer (US)\">Read more<\/a><\/p>\n","protected":false},"author":1,"featured_media":24522,"parent":24596,"menu_order":0,"comment_status":"closed","ping_status":"closed","template":"","meta":{"inline_featured_image":false,"footnotes":""},"class_list":["post-24521","page","type-page","status-publish","has-post-thumbnail"],"yoast_head":"<!-- This site is optimized with the Yoast SEO Premium plugin v26.2 (Yoast SEO v27.5) - https:\/\/yoast.com\/product\/yoast-seo-premium-wordpress\/ -->\n<title>John Primer (US) | Dark Season Blues - SVALBARD<\/title>\n<meta name=\"description\" content=\"John Primer hat es sich zur Lebensaufgabe gemacht, den traditionellen Chicagoer Blues am Leben zu erhalten, indem er seine Erfahrungen und sein Wissen st\u00e4ndig mit neuen Generationen von Musikern teilt. Primer wird als &quot;The Real Deal&quot; bezeichnet, die eigentliche Definition von echtem, lebendigem Blues, und sechs Monate nach seinem 80. Geburtstag kann man ihn endlich bei Dark Season Blues erleben.\" \/>\n<meta name=\"robots\" content=\"index, follow, max-snippet:-1, max-image-preview:large, max-video-preview:-1\" \/>\n<link rel=\"canonical\" href=\"https:\/\/www.svalbardblues.com\/de\/dsb\/artister\/john-primer-en\/\" \/>\n<meta property=\"og:locale\" content=\"de_DE\" \/>\n<meta property=\"og:type\" content=\"article\" \/>\n<meta property=\"og:title\" content=\"John Primer (US)\" \/>\n<meta property=\"og:description\" content=\"John Primer hat es sich zur Lebensaufgabe gemacht, den traditionellen Chicagoer Blues am Leben zu erhalten, indem er seine Erfahrungen und sein Wissen st\u00e4ndig mit neuen Generationen von Musikern teilt. Primer wird als &quot;The Real Deal&quot; bezeichnet, die eigentliche Definition von echtem, lebendigem Blues, und sechs Monate nach seinem 80. Geburtstag kann man ihn endlich bei Dark Season Blues erleben.\" \/>\n<meta property=\"og:url\" content=\"https:\/\/www.svalbardblues.com\/de\/dsb\/artister\/john-primer-en\/\" \/>\n<meta property=\"og:site_name\" content=\"Dark Season Blues | SVALBARD\" \/>\n<meta property=\"article:publisher\" content=\"https:\/\/www.facebook.com\/DarkSeasonBlues\" \/>\n<meta property=\"article:modified_time\" content=\"2026-02-23T21:55:54+00:00\" \/>\n<meta property=\"og:image\" content=\"https:\/\/www.svalbardblues.com\/wp-content\/uploads\/2025\/01\/John-Primer-Dark-Season-Blues-1200.webp\" \/>\n\t<meta property=\"og:image:width\" content=\"1200\" \/>\n\t<meta property=\"og:image:height\" content=\"675\" \/>\n\t<meta property=\"og:image:type\" content=\"image\/webp\" \/>\n<meta name=\"twitter:label1\" content=\"Gesch\u00e4tzte Lesezeit\" \/>\n\t<meta name=\"twitter:data1\" content=\"1\u00a0Minute\" \/>\n<script type=\"application\/ld+json\" class=\"yoast-schema-graph\">{\"@context\":\"https:\\\/\\\/schema.org\",\"@graph\":[{\"@type\":\"WebPage\",\"@id\":\"https:\\\/\\\/www.svalbardblues.com\\\/de\\\/dsb\\\/artister\\\/john-primer-en\\\/\",\"url\":\"https:\\\/\\\/www.svalbardblues.com\\\/de\\\/dsb\\\/artister\\\/john-primer-en\\\/\",\"name\":\"John Primer (US) | Dark Season Blues - SVALBARD\",\"isPartOf\":{\"@id\":\"https:\\\/\\\/www.svalbardblues.com\\\/de\\\/#website\"},\"primaryImageOfPage\":{\"@id\":\"https:\\\/\\\/www.svalbardblues.com\\\/de\\\/dsb\\\/artister\\\/john-primer-en\\\/#primaryimage\"},\"image\":{\"@id\":\"https:\\\/\\\/www.svalbardblues.com\\\/de\\\/dsb\\\/artister\\\/john-primer-en\\\/#primaryimage\"},\"thumbnailUrl\":\"https:\\\/\\\/www.svalbardblues.com\\\/wp-content\\\/uploads\\\/2025\\\/01\\\/John-Primer-Dark-Season-Blues-1200.webp\",\"datePublished\":\"2025-01-29T09:15:52+00:00\",\"dateModified\":\"2026-02-23T21:55:54+00:00\",\"description\":\"John Primer hat es sich zur Lebensaufgabe gemacht, den traditionellen Chicagoer Blues am Leben zu erhalten, indem er seine Erfahrungen und sein Wissen st\u00e4ndig mit neuen Generationen von Musikern teilt. Primer wird als \\\"The Real Deal\\\" bezeichnet, die eigentliche Definition von echtem, lebendigem Blues, und sechs Monate nach seinem 80. Geburtstag kann man ihn endlich bei Dark Season Blues erleben.\",\"breadcrumb\":{\"@id\":\"https:\\\/\\\/www.svalbardblues.com\\\/de\\\/dsb\\\/artister\\\/john-primer-en\\\/#breadcrumb\"},\"inLanguage\":\"de\",\"potentialAction\":[{\"@type\":\"ReadAction\",\"target\":[\"https:\\\/\\\/www.svalbardblues.com\\\/de\\\/dsb\\\/artister\\\/john-primer-en\\\/\"]}]},{\"@type\":\"ImageObject\",\"inLanguage\":\"de\",\"@id\":\"https:\\\/\\\/www.svalbardblues.com\\\/de\\\/dsb\\\/artister\\\/john-primer-en\\\/#primaryimage\",\"url\":\"https:\\\/\\\/www.svalbardblues.com\\\/wp-content\\\/uploads\\\/2025\\\/01\\\/John-Primer-Dark-Season-Blues-1200.webp\",\"contentUrl\":\"https:\\\/\\\/www.svalbardblues.com\\\/wp-content\\\/uploads\\\/2025\\\/01\\\/John-Primer-Dark-Season-Blues-1200.webp\",\"width\":1200,\"height\":675,\"caption\":\"John Primer (US)\"},{\"@type\":\"BreadcrumbList\",\"@id\":\"https:\\\/\\\/www.svalbardblues.com\\\/de\\\/dsb\\\/artister\\\/john-primer-en\\\/#breadcrumb\",\"itemListElement\":[{\"@type\":\"ListItem\",\"position\":1,\"name\":\"Hjem\",\"item\":\"https:\\\/\\\/www.svalbardblues.com\\\/de\\\/\"},{\"@type\":\"ListItem\",\"position\":2,\"name\":\"Dunkle Jahreszeit Blues Spitzbergen\",\"item\":\"https:\\\/\\\/www.svalbardblues.com\\\/de\\\/dsb\\\/\"},{\"@type\":\"ListItem\",\"position\":3,\"name\":\"K\u00fcnstler | Dunkle Jahreszeit Blues 2026\",\"item\":\"https:\\\/\\\/www.svalbardblues.com\\\/de\\\/dsb\\\/artister\\\/\"},{\"@type\":\"ListItem\",\"position\":4,\"name\":\"John Primer (US)\"}]},{\"@type\":\"WebSite\",\"@id\":\"https:\\\/\\\/www.svalbardblues.com\\\/de\\\/#website\",\"url\":\"https:\\\/\\\/www.svalbardblues.com\\\/de\\\/\",\"name\":\"Dark Season Blues | SVALBARD\",\"description\":\"The World&#039;s Northenmost Blues Festival\",\"publisher\":{\"@id\":\"https:\\\/\\\/www.svalbardblues.com\\\/de\\\/#organization\"},\"potentialAction\":[{\"@type\":\"SearchAction\",\"target\":{\"@type\":\"EntryPoint\",\"urlTemplate\":\"https:\\\/\\\/www.svalbardblues.com\\\/de\\\/?s={search_term_string}\"},\"query-input\":{\"@type\":\"PropertyValueSpecification\",\"valueRequired\":true,\"valueName\":\"search_term_string\"}}],\"inLanguage\":\"de\"},{\"@type\":\"Organization\",\"@id\":\"https:\\\/\\\/www.svalbardblues.com\\\/de\\\/#organization\",\"name\":\"Dark Season Blues\",\"url\":\"https:\\\/\\\/www.svalbardblues.com\\\/de\\\/\",\"logo\":{\"@type\":\"ImageObject\",\"inLanguage\":\"de\",\"@id\":\"https:\\\/\\\/www.svalbardblues.com\\\/de\\\/#\\\/schema\\\/logo\\\/image\\\/\",\"url\":\"https:\\\/\\\/www.svalbardblues.com\\\/wp-content\\\/uploads\\\/2017\\\/06\\\/DSB2017-Illustrasjon-620.jpg\",\"contentUrl\":\"https:\\\/\\\/www.svalbardblues.com\\\/wp-content\\\/uploads\\\/2017\\\/06\\\/DSB2017-Illustrasjon-620.jpg\",\"width\":620,\"height\":488,\"caption\":\"Dark Season Blues\"},\"image\":{\"@id\":\"https:\\\/\\\/www.svalbardblues.com\\\/de\\\/#\\\/schema\\\/logo\\\/image\\\/\"},\"sameAs\":[\"https:\\\/\\\/www.facebook.com\\\/DarkSeasonBlues\",\"https:\\\/\\\/x.com\\\/DarkSeasonBlues\",\"https:\\\/\\\/www.instagram.com\\\/darkseasonblues\\\/\",\"https:\\\/\\\/no.wikipedia.org\\\/wiki\\\/Dark_Season_Blues\"]}]}<\/script>\n<!-- \/ Yoast SEO Premium plugin. -->","yoast_head_json":{"title":"John Primer (US) | Dark Season Blues - SVALBARD","description":"John Primer hat es sich zur Lebensaufgabe gemacht, den traditionellen Chicagoer Blues am Leben zu erhalten, indem er seine Erfahrungen und sein Wissen st\u00e4ndig mit neuen Generationen von Musikern teilt. Primer wird als \"The Real Deal\" bezeichnet, die eigentliche Definition von echtem, lebendigem Blues, und sechs Monate nach seinem 80. Geburtstag kann man ihn endlich bei Dark Season Blues erleben.","robots":{"index":"index","follow":"follow","max-snippet":"max-snippet:-1","max-image-preview":"max-image-preview:large","max-video-preview":"max-video-preview:-1"},"canonical":"https:\/\/www.svalbardblues.com\/de\/dsb\/artister\/john-primer-en\/","og_locale":"de_DE","og_type":"article","og_title":"John Primer (US)","og_description":"John Primer hat es sich zur Lebensaufgabe gemacht, den traditionellen Chicagoer Blues am Leben zu erhalten, indem er seine Erfahrungen und sein Wissen st\u00e4ndig mit neuen Generationen von Musikern teilt. Primer wird als \"The Real Deal\" bezeichnet, die eigentliche Definition von echtem, lebendigem Blues, und sechs Monate nach seinem 80. Geburtstag kann man ihn endlich bei Dark Season Blues erleben.","og_url":"https:\/\/www.svalbardblues.com\/de\/dsb\/artister\/john-primer-en\/","og_site_name":"Dark Season Blues | SVALBARD","article_publisher":"https:\/\/www.facebook.com\/DarkSeasonBlues","article_modified_time":"2026-02-23T21:55:54+00:00","og_image":[{"width":1200,"height":675,"url":"https:\/\/www.svalbardblues.com\/wp-content\/uploads\/2025\/01\/John-Primer-Dark-Season-Blues-1200.webp","type":"image\/webp"}],"twitter_misc":{"Gesch\u00e4tzte Lesezeit":"1\u00a0Minute"},"schema":{"@context":"https:\/\/schema.org","@graph":[{"@type":"WebPage","@id":"https:\/\/www.svalbardblues.com\/de\/dsb\/artister\/john-primer-en\/","url":"https:\/\/www.svalbardblues.com\/de\/dsb\/artister\/john-primer-en\/","name":"John Primer (US) | Dark Season Blues - SVALBARD","isPartOf":{"@id":"https:\/\/www.svalbardblues.com\/de\/#website"},"primaryImageOfPage":{"@id":"https:\/\/www.svalbardblues.com\/de\/dsb\/artister\/john-primer-en\/#primaryimage"},"image":{"@id":"https:\/\/www.svalbardblues.com\/de\/dsb\/artister\/john-primer-en\/#primaryimage"},"thumbnailUrl":"https:\/\/www.svalbardblues.com\/wp-content\/uploads\/2025\/01\/John-Primer-Dark-Season-Blues-1200.webp","datePublished":"2025-01-29T09:15:52+00:00","dateModified":"2026-02-23T21:55:54+00:00","description":"John Primer hat es sich zur Lebensaufgabe gemacht, den traditionellen Chicagoer Blues am Leben zu erhalten, indem er seine Erfahrungen und sein Wissen st\u00e4ndig mit neuen Generationen von Musikern teilt. Primer wird als \"The Real Deal\" bezeichnet, die eigentliche Definition von echtem, lebendigem Blues, und sechs Monate nach seinem 80. Geburtstag kann man ihn endlich bei Dark Season Blues erleben.","breadcrumb":{"@id":"https:\/\/www.svalbardblues.com\/de\/dsb\/artister\/john-primer-en\/#breadcrumb"},"inLanguage":"de","potentialAction":[{"@type":"ReadAction","target":["https:\/\/www.svalbardblues.com\/de\/dsb\/artister\/john-primer-en\/"]}]},{"@type":"ImageObject","inLanguage":"de","@id":"https:\/\/www.svalbardblues.com\/de\/dsb\/artister\/john-primer-en\/#primaryimage","url":"https:\/\/www.svalbardblues.com\/wp-content\/uploads\/2025\/01\/John-Primer-Dark-Season-Blues-1200.webp","contentUrl":"https:\/\/www.svalbardblues.com\/wp-content\/uploads\/2025\/01\/John-Primer-Dark-Season-Blues-1200.webp","width":1200,"height":675,"caption":"John Primer (US)"},{"@type":"BreadcrumbList","@id":"https:\/\/www.svalbardblues.com\/de\/dsb\/artister\/john-primer-en\/#breadcrumb","itemListElement":[{"@type":"ListItem","position":1,"name":"Hjem","item":"https:\/\/www.svalbardblues.com\/de\/"},{"@type":"ListItem","position":2,"name":"Dunkle Jahreszeit Blues Spitzbergen","item":"https:\/\/www.svalbardblues.com\/de\/dsb\/"},{"@type":"ListItem","position":3,"name":"K\u00fcnstler | Dunkle Jahreszeit Blues 2026","item":"https:\/\/www.svalbardblues.com\/de\/dsb\/artister\/"},{"@type":"ListItem","position":4,"name":"John Primer (US)"}]},{"@type":"WebSite","@id":"https:\/\/www.svalbardblues.com\/de\/#website","url":"https:\/\/www.svalbardblues.com\/de\/","name":"Dark Season Blues | SVALBARD","description":"The World&#039;s Northenmost Blues Festival","publisher":{"@id":"https:\/\/www.svalbardblues.com\/de\/#organization"},"potentialAction":[{"@type":"SearchAction","target":{"@type":"EntryPoint","urlTemplate":"https:\/\/www.svalbardblues.com\/de\/?s={search_term_string}"},"query-input":{"@type":"PropertyValueSpecification","valueRequired":true,"valueName":"search_term_string"}}],"inLanguage":"de"},{"@type":"Organization","@id":"https:\/\/www.svalbardblues.com\/de\/#organization","name":"Dark Season Blues","url":"https:\/\/www.svalbardblues.com\/de\/","logo":{"@type":"ImageObject","inLanguage":"de","@id":"https:\/\/www.svalbardblues.com\/de\/#\/schema\/logo\/image\/","url":"https:\/\/www.svalbardblues.com\/wp-content\/uploads\/2017\/06\/DSB2017-Illustrasjon-620.jpg","contentUrl":"https:\/\/www.svalbardblues.com\/wp-content\/uploads\/2017\/06\/DSB2017-Illustrasjon-620.jpg","width":620,"height":488,"caption":"Dark Season Blues"},"image":{"@id":"https:\/\/www.svalbardblues.com\/de\/#\/schema\/logo\/image\/"},"sameAs":["https:\/\/www.facebook.com\/DarkSeasonBlues","https:\/\/x.com\/DarkSeasonBlues","https:\/\/www.instagram.com\/darkseasonblues\/","https:\/\/no.wikipedia.org\/wiki\/Dark_Season_Blues"]}]}},"_links":{"self":[{"href":"https:\/\/www.svalbardblues.com\/de\/wp-json\/wp\/v2\/pages\/24521","targetHints":{"allow":["GET"]}}],"collection":[{"href":"https:\/\/www.svalbardblues.com\/de\/wp-json\/wp\/v2\/pages"}],"about":[{"href":"https:\/\/www.svalbardblues.com\/de\/wp-json\/wp\/v2\/types\/page"}],"author":[{"embeddable":true,"href":"https:\/\/www.svalbardblues.com\/de\/wp-json\/wp\/v2\/users\/1"}],"replies":[{"embeddable":true,"href":"https:\/\/www.svalbardblues.com\/de\/wp-json\/wp\/v2\/comments?post=24521"}],"version-history":[{"count":1,"href":"https:\/\/www.svalbardblues.com\/de\/wp-json\/wp\/v2\/pages\/24521\/revisions"}],"predecessor-version":[{"id":24523,"href":"https:\/\/www.svalbardblues.com\/de\/wp-json\/wp\/v2\/pages\/24521\/revisions\/24523"}],"up":[{"embeddable":true,"href":"https:\/\/www.svalbardblues.com\/de\/wp-json\/wp\/v2\/pages\/24596"}],"wp:featuredmedia":[{"embeddable":true,"href":"https:\/\/www.svalbardblues.com\/de\/wp-json\/wp\/v2\/media\/24522"}],"wp:attachment":[{"href":"https:\/\/www.svalbardblues.com\/de\/wp-json\/wp\/v2\/media?parent=24521"}],"curies":[{"name":"wp","href":"https:\/\/api.w.org\/{rel}","templated":true}]}}