{"id":24544,"date":"2025-01-31T09:24:58","date_gmt":"2025-01-31T09:24:58","guid":{"rendered":"https:\/\/www.svalbardblues.com\/walter-trout-en\/"},"modified":"2026-02-23T21:55:54","modified_gmt":"2026-02-23T21:55:54","slug":"walter-trout-ge","status":"publish","type":"page","link":"https:\/\/www.svalbardblues.com\/de\/dsb\/artister\/walter-trout-ge\/","title":{"rendered":"Walter Trout (US)"},"content":{"rendered":"\n<p class=\"has-drop-cap\">Es ist uns eine gro\u00dfe Freude, einen der gr\u00f6\u00dften Stars des Blues Rock bei Dark Season Blues begr\u00fc\u00dfen zu d\u00fcrfen. Angesichts seiner gesundheitlichen Probleme, die durch jahrelangen Drogenmissbrauch verursacht wurden, h\u00e4tte vor elf Jahren niemand gedacht, dass Walter Trout (74) im Jahr 2025 auf dem H\u00f6hepunkt seiner Karriere stehen w\u00fcrde. Er war dem Tod nahe und unterzog sich einer komplizierten Lebertransplantation. Ein paar Jahre sp\u00e4ter war er wieder auf den Beinen und hat seitdem nicht mehr zur\u00fcckgeblickt. Sein Album &#8222;Broken&#8220; (2024) erhielt begeisterte Kritiken und brachte ihm zwei neue Nominierungen f\u00fcr die diesj\u00e4hrigen Blues Music Awards in den Kategorien &#8222;Blues Rock Artist of the Year&#8220; und &#8222;Blues Rock Album of the Year&#8220; ein. Er hat bereits einen &#8222;Stapel&#8220; von Auszeichnungen. Im September wurde das Album &#8222;Sign of the Times&#8220; ver\u00f6ffentlicht.      <\/p>\n\n<p>Trout wurde in New Jersey geboren, zog aber 1974 nach Kalifornien. Heute lebt er abwechselnd in Huntington Beach und in seinem Haus in dem kleinen Fischerdorf Vorup\u00f8r an der d\u00e4nischen Westk\u00fcste. Seine &#8222;Lehre&#8220; als Musiker machte er als Gitarrist in den Bands von John Lee Hooker und Big Mama Thornton, John Mayall&#8217;s Bluesbreakers und Canned Heat, bevor er 1989 auf Solopfaden ging. Und Trout weigert sich, als K\u00fcnstler zu erstarren.    <\/p>\n\n<p>&#8211; Ich m\u00f6chte nicht jeden Abend auf die B\u00fchne gehen und meinen ersten Hit &#8222;Life In The Jungle&#8220; spielen. Ich f\u00fchle mich jung. In meinem Kopf bin ich immer noch 25, hungrig danach, besser zu werden und Dinge zu tun, die ich noch nicht getan habe&#8220;, sagt Trout. Das verhei\u00dft Gutes f\u00fcr den ersten Auftritt des Amerikaners in Svalbard.   <\/p>\n\n<p class=\"has-text-align-center has-background\" style=\"background-color:#e2e2e2;font-size:12px\"><strong>Dunkle Jahreszeit Blues\u00a92025<\/strong><\/p>\n\n<figure class=\"wp-block-embed is-type-video is-provider-youtube wp-block-embed-youtube wp-embed-aspect-16-9 wp-has-aspect-ratio\"><div class=\"wp-block-embed__wrapper\">\n<iframe title=\"Walter Trout - Bleed (feat. Will Wilde) - (Official Lyric Video)\" width=\"1200\" height=\"675\" src=\"https:\/\/www.youtube.com\/embed\/wyeGtect92c?feature=oembed\" frameborder=\"0\" allow=\"accelerometer; autoplay; clipboard-write; encrypted-media; gyroscope; picture-in-picture; web-share\" referrerpolicy=\"strict-origin-when-cross-origin\" allowfullscreen><\/iframe>\n<\/div><\/figure>\n","protected":false},"excerpt":{"rendered":"<p>Es ist uns eine gro\u00dfe Freude, einen der gr\u00f6\u00dften Stars des Blues Rock bei Dark Season Blues begr\u00fc\u00dfen zu d\u00fcrfen. Angesichts seiner gesundheitlichen Probleme, die durch jahrelangen Drogenmissbrauch verursacht wurden, h\u00e4tte vor elf Jahren niemand gedacht, dass Walter Trout (74) im Jahr 2025 auf dem H\u00f6hepunkt seiner Karriere stehen w\u00fcrde. Er war dem Tod nahe &#8230; <\/p>\n<p class=\"read-more-container\"><a title=\"Walter Trout (US)\" class=\"read-more button\" href=\"https:\/\/www.svalbardblues.com\/de\/dsb\/artister\/walter-trout-ge\/#more-24544\" aria-label=\"Mehr Informationen \u00fcber Walter Trout (US)\">Read more<\/a><\/p>\n","protected":false},"author":1,"featured_media":24545,"parent":24596,"menu_order":0,"comment_status":"closed","ping_status":"closed","template":"","meta":{"inline_featured_image":false,"footnotes":""},"class_list":["post-24544","page","type-page","status-publish","has-post-thumbnail"],"yoast_head":"<!-- This site is optimized with the Yoast SEO Premium plugin v26.2 (Yoast SEO v27.4) - https:\/\/yoast.com\/product\/yoast-seo-premium-wordpress\/ -->\n<title>Walter Trout (US) | Dark Season Blues - SVALBARD<\/title>\n<meta name=\"description\" content=\"Es ist uns eine gro\u00dfe Freude, einen der gr\u00f6\u00dften Stars des Blues Rock bei Dark Season Blues begr\u00fc\u00dfen zu d\u00fcrfen. Sein bisher letztes Album, &quot;Broken&quot; aus dem letzten Jahr, erhielt begeisterte Kritiken und hat ihm zwei neue Nominierungen f\u00fcr die diesj\u00e4hrigen Blues Music Awards in den Kategorien &quot;Blues Rock Artist of the Year&quot; und &quot;Blues Rock Album of the Year&quot; eingebracht.\" \/>\n<meta name=\"robots\" content=\"index, follow, max-snippet:-1, max-image-preview:large, max-video-preview:-1\" \/>\n<link rel=\"canonical\" href=\"https:\/\/www.svalbardblues.com\/de\/dsb\/artister\/walter-trout-ge\/\" \/>\n<meta property=\"og:locale\" content=\"de_DE\" \/>\n<meta property=\"og:type\" content=\"article\" \/>\n<meta property=\"og:title\" content=\"Walter Trout (US)\" \/>\n<meta property=\"og:description\" content=\"Es ist uns eine gro\u00dfe Freude, einen der gr\u00f6\u00dften Stars des Blues Rock bei Dark Season Blues begr\u00fc\u00dfen zu d\u00fcrfen. Sein bisher letztes Album, &quot;Broken&quot; aus dem letzten Jahr, erhielt begeisterte Kritiken und hat ihm zwei neue Nominierungen f\u00fcr die diesj\u00e4hrigen Blues Music Awards in den Kategorien &quot;Blues Rock Artist of the Year&quot; und &quot;Blues Rock Album of the Year&quot; eingebracht.\" \/>\n<meta property=\"og:url\" content=\"https:\/\/www.svalbardblues.com\/de\/dsb\/artister\/walter-trout-ge\/\" \/>\n<meta property=\"og:site_name\" content=\"Dark Season Blues | SVALBARD\" \/>\n<meta property=\"article:publisher\" content=\"https:\/\/www.facebook.com\/DarkSeasonBlues\" \/>\n<meta property=\"article:modified_time\" content=\"2026-02-23T21:55:54+00:00\" \/>\n<meta property=\"og:image\" content=\"https:\/\/www.svalbardblues.com\/wp-content\/uploads\/2025\/10\/DSB_Illustrasjon_med_Walter-Trout.jpg\" \/>\n\t<meta property=\"og:image:width\" content=\"1250\" \/>\n\t<meta property=\"og:image:height\" content=\"650\" \/>\n\t<meta property=\"og:image:type\" content=\"image\/jpeg\" \/>\n<meta name=\"twitter:label1\" content=\"Gesch\u00e4tzte Lesezeit\" \/>\n\t<meta name=\"twitter:data1\" content=\"2\u00a0Minuten\" \/>\n<script type=\"application\/ld+json\" class=\"yoast-schema-graph\">{\"@context\":\"https:\\\/\\\/schema.org\",\"@graph\":[{\"@type\":\"WebPage\",\"@id\":\"https:\\\/\\\/www.svalbardblues.com\\\/de\\\/dsb\\\/artister\\\/walter-trout-ge\\\/\",\"url\":\"https:\\\/\\\/www.svalbardblues.com\\\/de\\\/dsb\\\/artister\\\/walter-trout-ge\\\/\",\"name\":\"Walter Trout (US) | Dark Season Blues - SVALBARD\",\"isPartOf\":{\"@id\":\"https:\\\/\\\/www.svalbardblues.com\\\/de\\\/#website\"},\"primaryImageOfPage\":{\"@id\":\"https:\\\/\\\/www.svalbardblues.com\\\/de\\\/dsb\\\/artister\\\/walter-trout-ge\\\/#primaryimage\"},\"image\":{\"@id\":\"https:\\\/\\\/www.svalbardblues.com\\\/de\\\/dsb\\\/artister\\\/walter-trout-ge\\\/#primaryimage\"},\"thumbnailUrl\":\"https:\\\/\\\/www.svalbardblues.com\\\/wp-content\\\/uploads\\\/2025\\\/01\\\/Walter-Trout-Dark-Season-Blues-Svalbard-1200.webp\",\"datePublished\":\"2025-01-31T09:24:58+00:00\",\"dateModified\":\"2026-02-23T21:55:54+00:00\",\"description\":\"Es ist uns eine gro\u00dfe Freude, einen der gr\u00f6\u00dften Stars des Blues Rock bei Dark Season Blues begr\u00fc\u00dfen zu d\u00fcrfen. Sein bisher letztes Album, \\\"Broken\\\" aus dem letzten Jahr, erhielt begeisterte Kritiken und hat ihm zwei neue Nominierungen f\u00fcr die diesj\u00e4hrigen Blues Music Awards in den Kategorien \\\"Blues Rock Artist of the Year\\\" und \\\"Blues Rock Album of the Year\\\" eingebracht.\",\"breadcrumb\":{\"@id\":\"https:\\\/\\\/www.svalbardblues.com\\\/de\\\/dsb\\\/artister\\\/walter-trout-ge\\\/#breadcrumb\"},\"inLanguage\":\"de\",\"potentialAction\":[{\"@type\":\"ReadAction\",\"target\":[\"https:\\\/\\\/www.svalbardblues.com\\\/de\\\/dsb\\\/artister\\\/walter-trout-ge\\\/\"]}]},{\"@type\":\"ImageObject\",\"inLanguage\":\"de\",\"@id\":\"https:\\\/\\\/www.svalbardblues.com\\\/de\\\/dsb\\\/artister\\\/walter-trout-ge\\\/#primaryimage\",\"url\":\"https:\\\/\\\/www.svalbardblues.com\\\/wp-content\\\/uploads\\\/2025\\\/01\\\/Walter-Trout-Dark-Season-Blues-Svalbard-1200.webp\",\"contentUrl\":\"https:\\\/\\\/www.svalbardblues.com\\\/wp-content\\\/uploads\\\/2025\\\/01\\\/Walter-Trout-Dark-Season-Blues-Svalbard-1200.webp\",\"width\":1600,\"height\":1067,\"caption\":\"Walter Trout (US)\"},{\"@type\":\"BreadcrumbList\",\"@id\":\"https:\\\/\\\/www.svalbardblues.com\\\/de\\\/dsb\\\/artister\\\/walter-trout-ge\\\/#breadcrumb\",\"itemListElement\":[{\"@type\":\"ListItem\",\"position\":1,\"name\":\"Hjem\",\"item\":\"https:\\\/\\\/www.svalbardblues.com\\\/de\\\/\"},{\"@type\":\"ListItem\",\"position\":2,\"name\":\"Dunkle Jahreszeit Blues Spitzbergen\",\"item\":\"https:\\\/\\\/www.svalbardblues.com\\\/de\\\/dsb\\\/\"},{\"@type\":\"ListItem\",\"position\":3,\"name\":\"K\u00fcnstler | Dunkle Jahreszeit Blues 2026\",\"item\":\"https:\\\/\\\/www.svalbardblues.com\\\/de\\\/dsb\\\/artister\\\/\"},{\"@type\":\"ListItem\",\"position\":4,\"name\":\"Walter Trout (US)\"}]},{\"@type\":\"WebSite\",\"@id\":\"https:\\\/\\\/www.svalbardblues.com\\\/de\\\/#website\",\"url\":\"https:\\\/\\\/www.svalbardblues.com\\\/de\\\/\",\"name\":\"Dark Season Blues | SVALBARD\",\"description\":\"The World&#039;s Northenmost Blues Festival\",\"publisher\":{\"@id\":\"https:\\\/\\\/www.svalbardblues.com\\\/de\\\/#organization\"},\"potentialAction\":[{\"@type\":\"SearchAction\",\"target\":{\"@type\":\"EntryPoint\",\"urlTemplate\":\"https:\\\/\\\/www.svalbardblues.com\\\/de\\\/?s={search_term_string}\"},\"query-input\":{\"@type\":\"PropertyValueSpecification\",\"valueRequired\":true,\"valueName\":\"search_term_string\"}}],\"inLanguage\":\"de\"},{\"@type\":\"Organization\",\"@id\":\"https:\\\/\\\/www.svalbardblues.com\\\/de\\\/#organization\",\"name\":\"Dark Season Blues\",\"url\":\"https:\\\/\\\/www.svalbardblues.com\\\/de\\\/\",\"logo\":{\"@type\":\"ImageObject\",\"inLanguage\":\"de\",\"@id\":\"https:\\\/\\\/www.svalbardblues.com\\\/de\\\/#\\\/schema\\\/logo\\\/image\\\/\",\"url\":\"https:\\\/\\\/www.svalbardblues.com\\\/wp-content\\\/uploads\\\/2017\\\/06\\\/DSB2017-Illustrasjon-620.jpg\",\"contentUrl\":\"https:\\\/\\\/www.svalbardblues.com\\\/wp-content\\\/uploads\\\/2017\\\/06\\\/DSB2017-Illustrasjon-620.jpg\",\"width\":620,\"height\":488,\"caption\":\"Dark Season Blues\"},\"image\":{\"@id\":\"https:\\\/\\\/www.svalbardblues.com\\\/de\\\/#\\\/schema\\\/logo\\\/image\\\/\"},\"sameAs\":[\"https:\\\/\\\/www.facebook.com\\\/DarkSeasonBlues\",\"https:\\\/\\\/x.com\\\/DarkSeasonBlues\",\"https:\\\/\\\/www.instagram.com\\\/darkseasonblues\\\/\",\"https:\\\/\\\/no.wikipedia.org\\\/wiki\\\/Dark_Season_Blues\"]}]}<\/script>\n<!-- \/ Yoast SEO Premium plugin. -->","yoast_head_json":{"title":"Walter Trout (US) | Dark Season Blues - SVALBARD","description":"Es ist uns eine gro\u00dfe Freude, einen der gr\u00f6\u00dften Stars des Blues Rock bei Dark Season Blues begr\u00fc\u00dfen zu d\u00fcrfen. Sein bisher letztes Album, \"Broken\" aus dem letzten Jahr, erhielt begeisterte Kritiken und hat ihm zwei neue Nominierungen f\u00fcr die diesj\u00e4hrigen Blues Music Awards in den Kategorien \"Blues Rock Artist of the Year\" und \"Blues Rock Album of the Year\" eingebracht.","robots":{"index":"index","follow":"follow","max-snippet":"max-snippet:-1","max-image-preview":"max-image-preview:large","max-video-preview":"max-video-preview:-1"},"canonical":"https:\/\/www.svalbardblues.com\/de\/dsb\/artister\/walter-trout-ge\/","og_locale":"de_DE","og_type":"article","og_title":"Walter Trout (US)","og_description":"Es ist uns eine gro\u00dfe Freude, einen der gr\u00f6\u00dften Stars des Blues Rock bei Dark Season Blues begr\u00fc\u00dfen zu d\u00fcrfen. Sein bisher letztes Album, \"Broken\" aus dem letzten Jahr, erhielt begeisterte Kritiken und hat ihm zwei neue Nominierungen f\u00fcr die diesj\u00e4hrigen Blues Music Awards in den Kategorien \"Blues Rock Artist of the Year\" und \"Blues Rock Album of the Year\" eingebracht.","og_url":"https:\/\/www.svalbardblues.com\/de\/dsb\/artister\/walter-trout-ge\/","og_site_name":"Dark Season Blues | SVALBARD","article_publisher":"https:\/\/www.facebook.com\/DarkSeasonBlues","article_modified_time":"2026-02-23T21:55:54+00:00","og_image":[{"width":1250,"height":650,"url":"https:\/\/www.svalbardblues.com\/wp-content\/uploads\/2025\/10\/DSB_Illustrasjon_med_Walter-Trout.jpg","type":"image\/jpeg"}],"twitter_misc":{"Gesch\u00e4tzte Lesezeit":"2\u00a0Minuten"},"schema":{"@context":"https:\/\/schema.org","@graph":[{"@type":"WebPage","@id":"https:\/\/www.svalbardblues.com\/de\/dsb\/artister\/walter-trout-ge\/","url":"https:\/\/www.svalbardblues.com\/de\/dsb\/artister\/walter-trout-ge\/","name":"Walter Trout (US) | Dark Season Blues - SVALBARD","isPartOf":{"@id":"https:\/\/www.svalbardblues.com\/de\/#website"},"primaryImageOfPage":{"@id":"https:\/\/www.svalbardblues.com\/de\/dsb\/artister\/walter-trout-ge\/#primaryimage"},"image":{"@id":"https:\/\/www.svalbardblues.com\/de\/dsb\/artister\/walter-trout-ge\/#primaryimage"},"thumbnailUrl":"https:\/\/www.svalbardblues.com\/wp-content\/uploads\/2025\/01\/Walter-Trout-Dark-Season-Blues-Svalbard-1200.webp","datePublished":"2025-01-31T09:24:58+00:00","dateModified":"2026-02-23T21:55:54+00:00","description":"Es ist uns eine gro\u00dfe Freude, einen der gr\u00f6\u00dften Stars des Blues Rock bei Dark Season Blues begr\u00fc\u00dfen zu d\u00fcrfen. Sein bisher letztes Album, \"Broken\" aus dem letzten Jahr, erhielt begeisterte Kritiken und hat ihm zwei neue Nominierungen f\u00fcr die diesj\u00e4hrigen Blues Music Awards in den Kategorien \"Blues Rock Artist of the Year\" und \"Blues Rock Album of the Year\" eingebracht.","breadcrumb":{"@id":"https:\/\/www.svalbardblues.com\/de\/dsb\/artister\/walter-trout-ge\/#breadcrumb"},"inLanguage":"de","potentialAction":[{"@type":"ReadAction","target":["https:\/\/www.svalbardblues.com\/de\/dsb\/artister\/walter-trout-ge\/"]}]},{"@type":"ImageObject","inLanguage":"de","@id":"https:\/\/www.svalbardblues.com\/de\/dsb\/artister\/walter-trout-ge\/#primaryimage","url":"https:\/\/www.svalbardblues.com\/wp-content\/uploads\/2025\/01\/Walter-Trout-Dark-Season-Blues-Svalbard-1200.webp","contentUrl":"https:\/\/www.svalbardblues.com\/wp-content\/uploads\/2025\/01\/Walter-Trout-Dark-Season-Blues-Svalbard-1200.webp","width":1600,"height":1067,"caption":"Walter Trout (US)"},{"@type":"BreadcrumbList","@id":"https:\/\/www.svalbardblues.com\/de\/dsb\/artister\/walter-trout-ge\/#breadcrumb","itemListElement":[{"@type":"ListItem","position":1,"name":"Hjem","item":"https:\/\/www.svalbardblues.com\/de\/"},{"@type":"ListItem","position":2,"name":"Dunkle Jahreszeit Blues Spitzbergen","item":"https:\/\/www.svalbardblues.com\/de\/dsb\/"},{"@type":"ListItem","position":3,"name":"K\u00fcnstler | Dunkle Jahreszeit Blues 2026","item":"https:\/\/www.svalbardblues.com\/de\/dsb\/artister\/"},{"@type":"ListItem","position":4,"name":"Walter Trout (US)"}]},{"@type":"WebSite","@id":"https:\/\/www.svalbardblues.com\/de\/#website","url":"https:\/\/www.svalbardblues.com\/de\/","name":"Dark Season Blues | SVALBARD","description":"The World&#039;s Northenmost Blues Festival","publisher":{"@id":"https:\/\/www.svalbardblues.com\/de\/#organization"},"potentialAction":[{"@type":"SearchAction","target":{"@type":"EntryPoint","urlTemplate":"https:\/\/www.svalbardblues.com\/de\/?s={search_term_string}"},"query-input":{"@type":"PropertyValueSpecification","valueRequired":true,"valueName":"search_term_string"}}],"inLanguage":"de"},{"@type":"Organization","@id":"https:\/\/www.svalbardblues.com\/de\/#organization","name":"Dark Season Blues","url":"https:\/\/www.svalbardblues.com\/de\/","logo":{"@type":"ImageObject","inLanguage":"de","@id":"https:\/\/www.svalbardblues.com\/de\/#\/schema\/logo\/image\/","url":"https:\/\/www.svalbardblues.com\/wp-content\/uploads\/2017\/06\/DSB2017-Illustrasjon-620.jpg","contentUrl":"https:\/\/www.svalbardblues.com\/wp-content\/uploads\/2017\/06\/DSB2017-Illustrasjon-620.jpg","width":620,"height":488,"caption":"Dark Season Blues"},"image":{"@id":"https:\/\/www.svalbardblues.com\/de\/#\/schema\/logo\/image\/"},"sameAs":["https:\/\/www.facebook.com\/DarkSeasonBlues","https:\/\/x.com\/DarkSeasonBlues","https:\/\/www.instagram.com\/darkseasonblues\/","https:\/\/no.wikipedia.org\/wiki\/Dark_Season_Blues"]}]}},"_links":{"self":[{"href":"https:\/\/www.svalbardblues.com\/de\/wp-json\/wp\/v2\/pages\/24544","targetHints":{"allow":["GET"]}}],"collection":[{"href":"https:\/\/www.svalbardblues.com\/de\/wp-json\/wp\/v2\/pages"}],"about":[{"href":"https:\/\/www.svalbardblues.com\/de\/wp-json\/wp\/v2\/types\/page"}],"author":[{"embeddable":true,"href":"https:\/\/www.svalbardblues.com\/de\/wp-json\/wp\/v2\/users\/1"}],"replies":[{"embeddable":true,"href":"https:\/\/www.svalbardblues.com\/de\/wp-json\/wp\/v2\/comments?post=24544"}],"version-history":[{"count":2,"href":"https:\/\/www.svalbardblues.com\/de\/wp-json\/wp\/v2\/pages\/24544\/revisions"}],"predecessor-version":[{"id":26009,"href":"https:\/\/www.svalbardblues.com\/de\/wp-json\/wp\/v2\/pages\/24544\/revisions\/26009"}],"up":[{"embeddable":true,"href":"https:\/\/www.svalbardblues.com\/de\/wp-json\/wp\/v2\/pages\/24596"}],"wp:featuredmedia":[{"embeddable":true,"href":"https:\/\/www.svalbardblues.com\/de\/wp-json\/wp\/v2\/media\/24545"}],"wp:attachment":[{"href":"https:\/\/www.svalbardblues.com\/de\/wp-json\/wp\/v2\/media?parent=24544"}],"curies":[{"name":"wp","href":"https:\/\/api.w.org\/{rel}","templated":true}]}}