{"id":24583,"date":"2014-02-18T21:27:07","date_gmt":"2014-02-18T21:27:07","guid":{"rendered":"https:\/\/www.svalbardblues.com\/dsb\/dark-season-blues-2014\/"},"modified":"2025-09-25T08:04:59","modified_gmt":"2025-09-25T08:04:59","slug":"dark-season-blues-2014","status":"publish","type":"page","link":"https:\/\/www.svalbardblues.com\/de\/dsb\/dark-season-blues-2014\/","title":{"rendered":"Dunkle Jahreszeit Blues 2014"},"content":{"rendered":"\n<h2 class=\"wp-block-heading\" id=\"h-dark-season-blues-2014\"><strong>Dunkle Jahreszeit Blues 2014<\/strong><\/h2>\n\n<p><strong>K\u00fcnstler Dark Season Blues 2014:<\/strong><\/p>\n\n<ul class=\"wp-block-list\">\n<li>Diunna Greenleaf &amp; Blue Mercy (US)<\/li>\n\n\n\n<li>Unter den F\u00fc\u00dfen zertrampelt (US)<\/li>\n\n\n\n<li>Barrelhouse Chuck mit Sven Zetterberg &amp; The Magnetic North Blues Band (US\/DK\/FI\/SE\/NO)<\/li>\n\n\n\n<li>Trond Olsen Band feat. Buddy Whittington (NO\/US)   <\/li>\n\n\n\n<li>Jace Everett (US)<\/li>\n\n\n\n<li>Thorbj\u00f8rn Risager &amp; The Black Tornado (DK)<\/li>\n\n\n\n<li>Rita Engedalen &amp; Backbone (NO)<\/li>\n\n\n\n<li>Grainne Duffy (IE)<\/li>\n\n\n\n<li>Billy T Band feat. Betty Lou Fox (NO\/US)   <\/li>\n\n\n\n<li>Reidar Larsen (NO)<\/li>\n\n\n\n<li>Steinar Albrigtsen &amp; Monika Nordli feat. Tom Pacheco (NO\/US)   <\/li>\n\n\n\n<li>Unverf\u00e4lscht (NEIN)<\/li>\n\n\n\n<li>ORBO (NEIN)<\/li>\n\n\n\n<li>Eric &#8218;Slim&#8216; Zahl &amp; die South West Swingers (NO)<\/li>\n\n\n\n<li>Jostein Forsberg &amp; Morten Omlid (NO)<\/li>\n\n\n\n<li>JT Lauritsen (NO)<\/li>\n<\/ul>\n\n<hr class=\"wp-block-separator has-alpha-channel-opacity\"\/>\n<div class=\"wp-block-image\">\n<figure class=\"aligncenter size-full\"><a href=\"https:\/\/www.svalbardblues.com\/wp-content\/uploads\/2022\/10\/DSB-2014-illustrasjon.jpg\"><img fetchpriority=\"high\" decoding=\"async\" width=\"800\" height=\"490\" src=\"https:\/\/www.svalbardblues.com\/wp-content\/uploads\/2022\/10\/DSB-2014-illustrasjon.jpg\" alt=\"Dunkle Jahreszeit Blues 2014 - Motiv\" class=\"wp-image-19634\" srcset=\"https:\/\/www.svalbardblues.com\/wp-content\/uploads\/2022\/10\/DSB-2014-illustrasjon.jpg 800w, https:\/\/www.svalbardblues.com\/wp-content\/uploads\/2022\/10\/DSB-2014-illustrasjon-300x184.jpg 300w, https:\/\/www.svalbardblues.com\/wp-content\/uploads\/2022\/10\/DSB-2014-illustrasjon-768x470.jpg 768w\" sizes=\"(max-width: 800px) 100vw, 800px\" \/><\/a><figcaption class=\"wp-element-caption\">DSB 2014<\/figcaption><\/figure>\n<\/div>\n<p><a href=\"https:\/\/www.svalbardblues.com\/en\/dsb\/dark-season-blues-2014\/artists\/\">R\u00fcckblick K\u00fcnstler DSB 2014<\/a><\/p>\n\n<p><a href=\"https:\/\/www.svalbardblues.com\/en\/dsb\/dark-season-blues-2014\/schedule\/\">Programm DSB 2014<\/a><\/p>\n\n<p><a href=\"\/en\/?page_id=20597\">Veranstaltungsorte DSB 2014<\/a><\/p>\n\n<p><a href=\"https:\/\/www.svalbardblues.com\/en\/dsb\/dark-season-blues-2014\/sponsors-dark-season-blues-2014\/\">F\u00f6rderer DSB 2014<\/a><\/p>\n","protected":false},"excerpt":{"rendered":"<p>Dunkle Jahreszeit Blues 2014 K\u00fcnstler Dark Season Blues 2014: R\u00fcckblick K\u00fcnstler DSB 2014 Programm DSB 2014 Veranstaltungsorte DSB 2014 F\u00f6rderer DSB 2014<\/p>\n","protected":false},"author":1,"featured_media":24512,"parent":23582,"menu_order":0,"comment_status":"closed","ping_status":"closed","template":"","meta":{"inline_featured_image":false,"footnotes":""},"class_list":["post-24583","page","type-page","status-publish","has-post-thumbnail"],"yoast_head":"<!-- This site is optimized with the Yoast SEO Premium plugin v26.2 (Yoast SEO v27.4) - https:\/\/yoast.com\/product\/yoast-seo-premium-wordpress\/ -->\n<title>Dunkle Jahreszeit Blues 2014 | SVALBARD<\/title>\n<meta name=\"description\" content=\"Die zw\u00f6lfte Dark Season Blues wird vom 23. bis 26. September stattfinden. Oktober 2014 statt.\" \/>\n<meta name=\"robots\" content=\"index, follow, max-snippet:-1, max-image-preview:large, max-video-preview:-1\" \/>\n<link rel=\"canonical\" href=\"https:\/\/www.svalbardblues.com\/de\/dsb\/dark-season-blues-2014\/\" \/>\n<meta property=\"og:locale\" content=\"de_DE\" \/>\n<meta property=\"og:type\" content=\"article\" \/>\n<meta property=\"og:title\" content=\"Dunkle Jahreszeit Blues 2014\" \/>\n<meta property=\"og:description\" content=\"Die zw\u00f6lfte Dark Season Blues wird vom 23. bis 26. September stattfinden. Oktober 2014 statt.\" \/>\n<meta property=\"og:url\" content=\"https:\/\/www.svalbardblues.com\/de\/dsb\/dark-season-blues-2014\/\" \/>\n<meta property=\"og:site_name\" content=\"Dark Season Blues | SVALBARD\" \/>\n<meta property=\"article:publisher\" content=\"https:\/\/www.facebook.com\/DarkSeasonBlues\" \/>\n<meta property=\"article:modified_time\" content=\"2025-09-25T08:04:59+00:00\" \/>\n<meta property=\"og:image\" content=\"https:\/\/www.svalbardblues.com\/wp-content\/uploads\/2022\/10\/DSB-2014-illustrasjon.jpg\" \/>\n\t<meta property=\"og:image:width\" content=\"800\" \/>\n\t<meta property=\"og:image:height\" content=\"490\" \/>\n\t<meta property=\"og:image:type\" content=\"image\/jpeg\" \/>\n<meta name=\"twitter:label1\" content=\"Gesch\u00e4tzte Lesezeit\" \/>\n\t<meta name=\"twitter:data1\" content=\"1\u00a0Minute\" \/>\n<script type=\"application\/ld+json\" class=\"yoast-schema-graph\">{\"@context\":\"https:\\\/\\\/schema.org\",\"@graph\":[{\"@type\":\"WebPage\",\"@id\":\"https:\\\/\\\/www.svalbardblues.com\\\/de\\\/dsb\\\/dark-season-blues-2014\\\/\",\"url\":\"https:\\\/\\\/www.svalbardblues.com\\\/de\\\/dsb\\\/dark-season-blues-2014\\\/\",\"name\":\"Dunkle Jahreszeit Blues 2014 | SVALBARD\",\"isPartOf\":{\"@id\":\"https:\\\/\\\/www.svalbardblues.com\\\/de\\\/#website\"},\"primaryImageOfPage\":{\"@id\":\"https:\\\/\\\/www.svalbardblues.com\\\/de\\\/dsb\\\/dark-season-blues-2014\\\/#primaryimage\"},\"image\":{\"@id\":\"https:\\\/\\\/www.svalbardblues.com\\\/de\\\/dsb\\\/dark-season-blues-2014\\\/#primaryimage\"},\"thumbnailUrl\":\"https:\\\/\\\/www.svalbardblues.com\\\/wp-content\\\/uploads\\\/2022\\\/10\\\/DSB-2014-illustrasjon.jpg\",\"datePublished\":\"2014-02-18T21:27:07+00:00\",\"dateModified\":\"2025-09-25T08:04:59+00:00\",\"description\":\"Die zw\u00f6lfte Dark Season Blues wird vom 23. bis 26. September stattfinden. Oktober 2014 statt.\",\"breadcrumb\":{\"@id\":\"https:\\\/\\\/www.svalbardblues.com\\\/de\\\/dsb\\\/dark-season-blues-2014\\\/#breadcrumb\"},\"inLanguage\":\"de\",\"potentialAction\":[{\"@type\":\"ReadAction\",\"target\":[\"https:\\\/\\\/www.svalbardblues.com\\\/de\\\/dsb\\\/dark-season-blues-2014\\\/\"]}]},{\"@type\":\"ImageObject\",\"inLanguage\":\"de\",\"@id\":\"https:\\\/\\\/www.svalbardblues.com\\\/de\\\/dsb\\\/dark-season-blues-2014\\\/#primaryimage\",\"url\":\"https:\\\/\\\/www.svalbardblues.com\\\/wp-content\\\/uploads\\\/2022\\\/10\\\/DSB-2014-illustrasjon.jpg\",\"contentUrl\":\"https:\\\/\\\/www.svalbardblues.com\\\/wp-content\\\/uploads\\\/2022\\\/10\\\/DSB-2014-illustrasjon.jpg\",\"width\":800,\"height\":490,\"caption\":\"DSB 2014\"},{\"@type\":\"BreadcrumbList\",\"@id\":\"https:\\\/\\\/www.svalbardblues.com\\\/de\\\/dsb\\\/dark-season-blues-2014\\\/#breadcrumb\",\"itemListElement\":[{\"@type\":\"ListItem\",\"position\":1,\"name\":\"Hjem\",\"item\":\"https:\\\/\\\/www.svalbardblues.com\\\/de\\\/\"},{\"@type\":\"ListItem\",\"position\":2,\"name\":\"Dunkle Jahreszeit Blues Spitzbergen\",\"item\":\"https:\\\/\\\/www.svalbardblues.com\\\/de\\\/dsb\\\/\"},{\"@type\":\"ListItem\",\"position\":3,\"name\":\"Dunkle Jahreszeit Blues 2014\"}]},{\"@type\":\"WebSite\",\"@id\":\"https:\\\/\\\/www.svalbardblues.com\\\/de\\\/#website\",\"url\":\"https:\\\/\\\/www.svalbardblues.com\\\/de\\\/\",\"name\":\"Dark Season Blues | SVALBARD\",\"description\":\"The World&#039;s Northenmost Blues Festival\",\"publisher\":{\"@id\":\"https:\\\/\\\/www.svalbardblues.com\\\/de\\\/#organization\"},\"potentialAction\":[{\"@type\":\"SearchAction\",\"target\":{\"@type\":\"EntryPoint\",\"urlTemplate\":\"https:\\\/\\\/www.svalbardblues.com\\\/de\\\/?s={search_term_string}\"},\"query-input\":{\"@type\":\"PropertyValueSpecification\",\"valueRequired\":true,\"valueName\":\"search_term_string\"}}],\"inLanguage\":\"de\"},{\"@type\":\"Organization\",\"@id\":\"https:\\\/\\\/www.svalbardblues.com\\\/de\\\/#organization\",\"name\":\"Dark Season Blues\",\"url\":\"https:\\\/\\\/www.svalbardblues.com\\\/de\\\/\",\"logo\":{\"@type\":\"ImageObject\",\"inLanguage\":\"de\",\"@id\":\"https:\\\/\\\/www.svalbardblues.com\\\/de\\\/#\\\/schema\\\/logo\\\/image\\\/\",\"url\":\"https:\\\/\\\/www.svalbardblues.com\\\/wp-content\\\/uploads\\\/2017\\\/06\\\/DSB2017-Illustrasjon-620.jpg\",\"contentUrl\":\"https:\\\/\\\/www.svalbardblues.com\\\/wp-content\\\/uploads\\\/2017\\\/06\\\/DSB2017-Illustrasjon-620.jpg\",\"width\":620,\"height\":488,\"caption\":\"Dark Season Blues\"},\"image\":{\"@id\":\"https:\\\/\\\/www.svalbardblues.com\\\/de\\\/#\\\/schema\\\/logo\\\/image\\\/\"},\"sameAs\":[\"https:\\\/\\\/www.facebook.com\\\/DarkSeasonBlues\",\"https:\\\/\\\/x.com\\\/DarkSeasonBlues\",\"https:\\\/\\\/www.instagram.com\\\/darkseasonblues\\\/\",\"https:\\\/\\\/no.wikipedia.org\\\/wiki\\\/Dark_Season_Blues\"]}]}<\/script>\n<!-- \/ Yoast SEO Premium plugin. -->","yoast_head_json":{"title":"Dunkle Jahreszeit Blues 2014 | SVALBARD","description":"Die zw\u00f6lfte Dark Season Blues wird vom 23. bis 26. September stattfinden. Oktober 2014 statt.","robots":{"index":"index","follow":"follow","max-snippet":"max-snippet:-1","max-image-preview":"max-image-preview:large","max-video-preview":"max-video-preview:-1"},"canonical":"https:\/\/www.svalbardblues.com\/de\/dsb\/dark-season-blues-2014\/","og_locale":"de_DE","og_type":"article","og_title":"Dunkle Jahreszeit Blues 2014","og_description":"Die zw\u00f6lfte Dark Season Blues wird vom 23. bis 26. September stattfinden. Oktober 2014 statt.","og_url":"https:\/\/www.svalbardblues.com\/de\/dsb\/dark-season-blues-2014\/","og_site_name":"Dark Season Blues | SVALBARD","article_publisher":"https:\/\/www.facebook.com\/DarkSeasonBlues","article_modified_time":"2025-09-25T08:04:59+00:00","og_image":[{"width":800,"height":490,"url":"https:\/\/www.svalbardblues.com\/wp-content\/uploads\/2022\/10\/DSB-2014-illustrasjon.jpg","type":"image\/jpeg"}],"twitter_misc":{"Gesch\u00e4tzte Lesezeit":"1\u00a0Minute"},"schema":{"@context":"https:\/\/schema.org","@graph":[{"@type":"WebPage","@id":"https:\/\/www.svalbardblues.com\/de\/dsb\/dark-season-blues-2014\/","url":"https:\/\/www.svalbardblues.com\/de\/dsb\/dark-season-blues-2014\/","name":"Dunkle Jahreszeit Blues 2014 | SVALBARD","isPartOf":{"@id":"https:\/\/www.svalbardblues.com\/de\/#website"},"primaryImageOfPage":{"@id":"https:\/\/www.svalbardblues.com\/de\/dsb\/dark-season-blues-2014\/#primaryimage"},"image":{"@id":"https:\/\/www.svalbardblues.com\/de\/dsb\/dark-season-blues-2014\/#primaryimage"},"thumbnailUrl":"https:\/\/www.svalbardblues.com\/wp-content\/uploads\/2022\/10\/DSB-2014-illustrasjon.jpg","datePublished":"2014-02-18T21:27:07+00:00","dateModified":"2025-09-25T08:04:59+00:00","description":"Die zw\u00f6lfte Dark Season Blues wird vom 23. bis 26. September stattfinden. Oktober 2014 statt.","breadcrumb":{"@id":"https:\/\/www.svalbardblues.com\/de\/dsb\/dark-season-blues-2014\/#breadcrumb"},"inLanguage":"de","potentialAction":[{"@type":"ReadAction","target":["https:\/\/www.svalbardblues.com\/de\/dsb\/dark-season-blues-2014\/"]}]},{"@type":"ImageObject","inLanguage":"de","@id":"https:\/\/www.svalbardblues.com\/de\/dsb\/dark-season-blues-2014\/#primaryimage","url":"https:\/\/www.svalbardblues.com\/wp-content\/uploads\/2022\/10\/DSB-2014-illustrasjon.jpg","contentUrl":"https:\/\/www.svalbardblues.com\/wp-content\/uploads\/2022\/10\/DSB-2014-illustrasjon.jpg","width":800,"height":490,"caption":"DSB 2014"},{"@type":"BreadcrumbList","@id":"https:\/\/www.svalbardblues.com\/de\/dsb\/dark-season-blues-2014\/#breadcrumb","itemListElement":[{"@type":"ListItem","position":1,"name":"Hjem","item":"https:\/\/www.svalbardblues.com\/de\/"},{"@type":"ListItem","position":2,"name":"Dunkle Jahreszeit Blues Spitzbergen","item":"https:\/\/www.svalbardblues.com\/de\/dsb\/"},{"@type":"ListItem","position":3,"name":"Dunkle Jahreszeit Blues 2014"}]},{"@type":"WebSite","@id":"https:\/\/www.svalbardblues.com\/de\/#website","url":"https:\/\/www.svalbardblues.com\/de\/","name":"Dark Season Blues | SVALBARD","description":"The World&#039;s Northenmost Blues Festival","publisher":{"@id":"https:\/\/www.svalbardblues.com\/de\/#organization"},"potentialAction":[{"@type":"SearchAction","target":{"@type":"EntryPoint","urlTemplate":"https:\/\/www.svalbardblues.com\/de\/?s={search_term_string}"},"query-input":{"@type":"PropertyValueSpecification","valueRequired":true,"valueName":"search_term_string"}}],"inLanguage":"de"},{"@type":"Organization","@id":"https:\/\/www.svalbardblues.com\/de\/#organization","name":"Dark Season Blues","url":"https:\/\/www.svalbardblues.com\/de\/","logo":{"@type":"ImageObject","inLanguage":"de","@id":"https:\/\/www.svalbardblues.com\/de\/#\/schema\/logo\/image\/","url":"https:\/\/www.svalbardblues.com\/wp-content\/uploads\/2017\/06\/DSB2017-Illustrasjon-620.jpg","contentUrl":"https:\/\/www.svalbardblues.com\/wp-content\/uploads\/2017\/06\/DSB2017-Illustrasjon-620.jpg","width":620,"height":488,"caption":"Dark Season Blues"},"image":{"@id":"https:\/\/www.svalbardblues.com\/de\/#\/schema\/logo\/image\/"},"sameAs":["https:\/\/www.facebook.com\/DarkSeasonBlues","https:\/\/x.com\/DarkSeasonBlues","https:\/\/www.instagram.com\/darkseasonblues\/","https:\/\/no.wikipedia.org\/wiki\/Dark_Season_Blues"]}]}},"_links":{"self":[{"href":"https:\/\/www.svalbardblues.com\/de\/wp-json\/wp\/v2\/pages\/24583","targetHints":{"allow":["GET"]}}],"collection":[{"href":"https:\/\/www.svalbardblues.com\/de\/wp-json\/wp\/v2\/pages"}],"about":[{"href":"https:\/\/www.svalbardblues.com\/de\/wp-json\/wp\/v2\/types\/page"}],"author":[{"embeddable":true,"href":"https:\/\/www.svalbardblues.com\/de\/wp-json\/wp\/v2\/users\/1"}],"replies":[{"embeddable":true,"href":"https:\/\/www.svalbardblues.com\/de\/wp-json\/wp\/v2\/comments?post=24583"}],"version-history":[{"count":1,"href":"https:\/\/www.svalbardblues.com\/de\/wp-json\/wp\/v2\/pages\/24583\/revisions"}],"predecessor-version":[{"id":24584,"href":"https:\/\/www.svalbardblues.com\/de\/wp-json\/wp\/v2\/pages\/24583\/revisions\/24584"}],"up":[{"embeddable":true,"href":"https:\/\/www.svalbardblues.com\/de\/wp-json\/wp\/v2\/pages\/23582"}],"wp:featuredmedia":[{"embeddable":true,"href":"https:\/\/www.svalbardblues.com\/de\/wp-json\/wp\/v2\/media\/24512"}],"wp:attachment":[{"href":"https:\/\/www.svalbardblues.com\/de\/wp-json\/wp\/v2\/media?parent=24583"}],"curies":[{"name":"wp","href":"https:\/\/api.w.org\/{rel}","templated":true}]}}