{"id":24588,"date":"2015-09-22T10:41:52","date_gmt":"2015-09-22T10:41:52","guid":{"rendered":"https:\/\/www.svalbardblues.com\/dsb\/tickets\/"},"modified":"2025-09-25T08:11:24","modified_gmt":"2025-09-25T08:11:24","slug":"tickets","status":"publish","type":"page","link":"https:\/\/www.svalbardblues.com\/de\/dsb\/tickets\/","title":{"rendered":"Kartenverkauf | Dark Season Blues 2025"},"content":{"rendered":"\n<p class=\"has-large-font-size\"><strong>Tickets sind im Verkauf bei Hoopla: <a href=\"https:\/\/dsb.hoopla.no\/event\/dsb2025\" target=\"_blank\" rel=\"noreferrer noopener\">dsb.hoopla.no\/sales<\/a><\/strong><\/p>\n\n<div class=\"wp-block-buttons is-nowrap is-layout-flex wp-container-core-buttons-is-layout-ad2f72ca wp-block-buttons-is-layout-flex\">\n<div class=\"wp-block-button has-custom-width wp-block-button__width-50\"><a class=\"wp-block-button__link has-large-font-size has-custom-font-size wp-element-button\" href=\"https:\/\/dsb.hoopla.no\/event\/dsb2025\">Tickets kaufen !<\/a><\/div>\n<\/div>\n\n<p>Diejenigen, die ein Unterkunftspaket von Svalbard Adventures oder Hurtigruten erworben haben, erhalten von diesen einen eigenen Code f\u00fcr den Zugang zum Ticketverkauf. Dies gilt auch f\u00fcr Mitglieder des Longyearbyen Bluesklubb, die ihren eigenen Code \u00fcber Gnist erhalten.   <\/p>\n\n<p>Der Preisunterschied zwischen dem Programm und Hoopla ist die Ticketgeb\u00fchr f\u00fcr Hoopla.<\/p>\n\n<hr class=\"wp-block-separator has-css-opacity\"\/>\n\n<p><strong>Die Tickets sind nicht erstattungsf\u00e4hig.<\/strong><br\/>Das R\u00fccktrittsrecht gilt nicht f\u00fcr den Kauf von Tickets und auch nicht f\u00fcr Fehlk\u00e4ufe. <br\/>Die von Ihnen gekauften Karten sind Teil eines Gesamtfestivals. Programm\u00e4nderungen oder Absagen von K\u00fcnstlern berechtigen nicht zu einer Erstattung oder Entsch\u00e4digung. Die DSB beh\u00e4lt sich das Recht vor, \u00c4nderungen am Programm vorzunehmen. Gekaufte Karten k\u00f6nnen nur dann erstattet werden, wenn die Veranstaltung vollst\u00e4ndig abgesagt wird, nicht jedoch aufgrund h\u00f6herer Gewalt oder Absagen eines oder mehrerer K\u00fcnstler.     <br\/><\/p>\n\n<p><strong>Wiederverkauf von Eintrittskarten.<\/strong><br\/>Im Falle des Wiederverkaufs normaler Eintrittskarten ist der urspr\u00fcngliche Kartenk\u00e4ufer f\u00fcr die Weitergabe der vom Veranstalter versandten Informationen verantwortlich.<\/p>\n\n<p>Erm\u00e4\u00dfigte Tickets\/Sonderangebote\/Fr\u00fchbucher\/Sponsorentickets sind pers\u00f6nlich und k\u00f6nnen nicht weiterverkauft werden!<\/p>\n\n<hr class=\"wp-block-separator has-alpha-channel-opacity\"\/>\n\n<p>F\u00fcr Dark Season Blues 2025 werden keine Abendp\u00e4sse verkauft.<\/p>\n\n<p><\/p>\n\n<p><\/p>\n","protected":false},"excerpt":{"rendered":"<p>Tickets sind im Verkauf bei Hoopla: dsb.hoopla.no\/sales Diejenigen, die ein Unterkunftspaket von Svalbard Adventures oder Hurtigruten erworben haben, erhalten von diesen einen eigenen Code f\u00fcr den Zugang zum Ticketverkauf. Dies gilt auch f\u00fcr Mitglieder des Longyearbyen Bluesklubb, die ihren eigenen Code \u00fcber Gnist erhalten. Der Preisunterschied zwischen dem Programm und Hoopla ist die Ticketgeb\u00fchr f\u00fcr &#8230; <\/p>\n<p class=\"read-more-container\"><a title=\"Kartenverkauf | Dark Season Blues 2025\" class=\"read-more button\" href=\"https:\/\/www.svalbardblues.com\/de\/dsb\/tickets\/#more-24588\" aria-label=\"Mehr Informationen \u00fcber Kartenverkauf | Dark Season Blues 2025\">Read more<\/a><\/p>\n","protected":false},"author":1,"featured_media":24590,"parent":23582,"menu_order":0,"comment_status":"closed","ping_status":"closed","template":"","meta":{"inline_featured_image":false,"footnotes":""},"class_list":["post-24588","page","type-page","status-publish","has-post-thumbnail"],"yoast_head":"<!-- This site is optimized with the Yoast SEO Premium plugin v26.2 (Yoast SEO v27.4) - https:\/\/yoast.com\/product\/yoast-seo-premium-wordpress\/ -->\n<title>Kartenverkauf | Dark Season Blues 2025 | SVALBARD<\/title>\n<meta name=\"description\" content=\"Tickets f\u00fcr Dark Season Blues 2025.\" \/>\n<meta name=\"robots\" content=\"index, follow, max-snippet:-1, max-image-preview:large, max-video-preview:-1\" \/>\n<link rel=\"canonical\" href=\"https:\/\/www.svalbardblues.com\/de\/dsb\/tickets\/\" \/>\n<meta property=\"og:locale\" content=\"de_DE\" \/>\n<meta property=\"og:type\" content=\"article\" \/>\n<meta property=\"og:title\" content=\"Kartenverkauf | Dark Season Blues 2025\" \/>\n<meta property=\"og:description\" content=\"Tickets f\u00fcr Dark Season Blues 2025.\" \/>\n<meta property=\"og:url\" content=\"https:\/\/www.svalbardblues.com\/de\/dsb\/tickets\/\" \/>\n<meta property=\"og:site_name\" content=\"Dark Season Blues | SVALBARD\" \/>\n<meta property=\"article:publisher\" content=\"https:\/\/www.facebook.com\/DarkSeasonBlues\" \/>\n<meta property=\"article:modified_time\" content=\"2025-09-25T08:11:24+00:00\" \/>\n<meta property=\"og:image\" content=\"https:\/\/www.svalbardblues.com\/wp-content\/uploads\/2015\/06\/dsb_logo_ticket_647.jpg\" \/>\n\t<meta property=\"og:image:width\" content=\"647\" \/>\n\t<meta property=\"og:image:height\" content=\"274\" \/>\n\t<meta property=\"og:image:type\" content=\"image\/jpeg\" \/>\n<meta name=\"twitter:label1\" content=\"Gesch\u00e4tzte Lesezeit\" \/>\n\t<meta name=\"twitter:data1\" content=\"1\u00a0Minute\" \/>\n<script type=\"application\/ld+json\" class=\"yoast-schema-graph\">{\"@context\":\"https:\\\/\\\/schema.org\",\"@graph\":[{\"@type\":\"WebPage\",\"@id\":\"https:\\\/\\\/www.svalbardblues.com\\\/de\\\/dsb\\\/tickets\\\/\",\"url\":\"https:\\\/\\\/www.svalbardblues.com\\\/de\\\/dsb\\\/tickets\\\/\",\"name\":\"Kartenverkauf | Dark Season Blues 2025 | SVALBARD\",\"isPartOf\":{\"@id\":\"https:\\\/\\\/www.svalbardblues.com\\\/de\\\/#website\"},\"primaryImageOfPage\":{\"@id\":\"https:\\\/\\\/www.svalbardblues.com\\\/de\\\/dsb\\\/tickets\\\/#primaryimage\"},\"image\":{\"@id\":\"https:\\\/\\\/www.svalbardblues.com\\\/de\\\/dsb\\\/tickets\\\/#primaryimage\"},\"thumbnailUrl\":\"https:\\\/\\\/www.svalbardblues.com\\\/wp-content\\\/uploads\\\/2015\\\/06\\\/dsb_logo_ticket_647.jpg\",\"datePublished\":\"2015-09-22T10:41:52+00:00\",\"dateModified\":\"2025-09-25T08:11:24+00:00\",\"description\":\"Tickets f\u00fcr Dark Season Blues 2025.\",\"breadcrumb\":{\"@id\":\"https:\\\/\\\/www.svalbardblues.com\\\/de\\\/dsb\\\/tickets\\\/#breadcrumb\"},\"inLanguage\":\"de\",\"potentialAction\":[{\"@type\":\"ReadAction\",\"target\":[\"https:\\\/\\\/www.svalbardblues.com\\\/de\\\/dsb\\\/tickets\\\/\"]}]},{\"@type\":\"ImageObject\",\"inLanguage\":\"de\",\"@id\":\"https:\\\/\\\/www.svalbardblues.com\\\/de\\\/dsb\\\/tickets\\\/#primaryimage\",\"url\":\"https:\\\/\\\/www.svalbardblues.com\\\/wp-content\\\/uploads\\\/2015\\\/06\\\/dsb_logo_ticket_647.jpg\",\"contentUrl\":\"https:\\\/\\\/www.svalbardblues.com\\\/wp-content\\\/uploads\\\/2015\\\/06\\\/dsb_logo_ticket_647.jpg\",\"width\":647,\"height\":274,\"caption\":\"Billetter Dark Season Blues\"},{\"@type\":\"BreadcrumbList\",\"@id\":\"https:\\\/\\\/www.svalbardblues.com\\\/de\\\/dsb\\\/tickets\\\/#breadcrumb\",\"itemListElement\":[{\"@type\":\"ListItem\",\"position\":1,\"name\":\"Hjem\",\"item\":\"https:\\\/\\\/www.svalbardblues.com\\\/de\\\/\"},{\"@type\":\"ListItem\",\"position\":2,\"name\":\"Dunkle Jahreszeit Blues Spitzbergen\",\"item\":\"https:\\\/\\\/www.svalbardblues.com\\\/de\\\/dsb\\\/\"},{\"@type\":\"ListItem\",\"position\":3,\"name\":\"Kartenverkauf | Dark Season Blues 2025\"}]},{\"@type\":\"WebSite\",\"@id\":\"https:\\\/\\\/www.svalbardblues.com\\\/de\\\/#website\",\"url\":\"https:\\\/\\\/www.svalbardblues.com\\\/de\\\/\",\"name\":\"Dark Season Blues | SVALBARD\",\"description\":\"The World&#039;s Northenmost Blues Festival\",\"publisher\":{\"@id\":\"https:\\\/\\\/www.svalbardblues.com\\\/de\\\/#organization\"},\"potentialAction\":[{\"@type\":\"SearchAction\",\"target\":{\"@type\":\"EntryPoint\",\"urlTemplate\":\"https:\\\/\\\/www.svalbardblues.com\\\/de\\\/?s={search_term_string}\"},\"query-input\":{\"@type\":\"PropertyValueSpecification\",\"valueRequired\":true,\"valueName\":\"search_term_string\"}}],\"inLanguage\":\"de\"},{\"@type\":\"Organization\",\"@id\":\"https:\\\/\\\/www.svalbardblues.com\\\/de\\\/#organization\",\"name\":\"Dark Season Blues\",\"url\":\"https:\\\/\\\/www.svalbardblues.com\\\/de\\\/\",\"logo\":{\"@type\":\"ImageObject\",\"inLanguage\":\"de\",\"@id\":\"https:\\\/\\\/www.svalbardblues.com\\\/de\\\/#\\\/schema\\\/logo\\\/image\\\/\",\"url\":\"https:\\\/\\\/www.svalbardblues.com\\\/wp-content\\\/uploads\\\/2017\\\/06\\\/DSB2017-Illustrasjon-620.jpg\",\"contentUrl\":\"https:\\\/\\\/www.svalbardblues.com\\\/wp-content\\\/uploads\\\/2017\\\/06\\\/DSB2017-Illustrasjon-620.jpg\",\"width\":620,\"height\":488,\"caption\":\"Dark Season Blues\"},\"image\":{\"@id\":\"https:\\\/\\\/www.svalbardblues.com\\\/de\\\/#\\\/schema\\\/logo\\\/image\\\/\"},\"sameAs\":[\"https:\\\/\\\/www.facebook.com\\\/DarkSeasonBlues\",\"https:\\\/\\\/x.com\\\/DarkSeasonBlues\",\"https:\\\/\\\/www.instagram.com\\\/darkseasonblues\\\/\",\"https:\\\/\\\/no.wikipedia.org\\\/wiki\\\/Dark_Season_Blues\"]}]}<\/script>\n<!-- \/ Yoast SEO Premium plugin. -->","yoast_head_json":{"title":"Kartenverkauf | Dark Season Blues 2025 | SVALBARD","description":"Tickets f\u00fcr Dark Season Blues 2025.","robots":{"index":"index","follow":"follow","max-snippet":"max-snippet:-1","max-image-preview":"max-image-preview:large","max-video-preview":"max-video-preview:-1"},"canonical":"https:\/\/www.svalbardblues.com\/de\/dsb\/tickets\/","og_locale":"de_DE","og_type":"article","og_title":"Kartenverkauf | Dark Season Blues 2025","og_description":"Tickets f\u00fcr Dark Season Blues 2025.","og_url":"https:\/\/www.svalbardblues.com\/de\/dsb\/tickets\/","og_site_name":"Dark Season Blues | SVALBARD","article_publisher":"https:\/\/www.facebook.com\/DarkSeasonBlues","article_modified_time":"2025-09-25T08:11:24+00:00","og_image":[{"width":647,"height":274,"url":"https:\/\/www.svalbardblues.com\/wp-content\/uploads\/2015\/06\/dsb_logo_ticket_647.jpg","type":"image\/jpeg"}],"twitter_misc":{"Gesch\u00e4tzte Lesezeit":"1\u00a0Minute"},"schema":{"@context":"https:\/\/schema.org","@graph":[{"@type":"WebPage","@id":"https:\/\/www.svalbardblues.com\/de\/dsb\/tickets\/","url":"https:\/\/www.svalbardblues.com\/de\/dsb\/tickets\/","name":"Kartenverkauf | Dark Season Blues 2025 | SVALBARD","isPartOf":{"@id":"https:\/\/www.svalbardblues.com\/de\/#website"},"primaryImageOfPage":{"@id":"https:\/\/www.svalbardblues.com\/de\/dsb\/tickets\/#primaryimage"},"image":{"@id":"https:\/\/www.svalbardblues.com\/de\/dsb\/tickets\/#primaryimage"},"thumbnailUrl":"https:\/\/www.svalbardblues.com\/wp-content\/uploads\/2015\/06\/dsb_logo_ticket_647.jpg","datePublished":"2015-09-22T10:41:52+00:00","dateModified":"2025-09-25T08:11:24+00:00","description":"Tickets f\u00fcr Dark Season Blues 2025.","breadcrumb":{"@id":"https:\/\/www.svalbardblues.com\/de\/dsb\/tickets\/#breadcrumb"},"inLanguage":"de","potentialAction":[{"@type":"ReadAction","target":["https:\/\/www.svalbardblues.com\/de\/dsb\/tickets\/"]}]},{"@type":"ImageObject","inLanguage":"de","@id":"https:\/\/www.svalbardblues.com\/de\/dsb\/tickets\/#primaryimage","url":"https:\/\/www.svalbardblues.com\/wp-content\/uploads\/2015\/06\/dsb_logo_ticket_647.jpg","contentUrl":"https:\/\/www.svalbardblues.com\/wp-content\/uploads\/2015\/06\/dsb_logo_ticket_647.jpg","width":647,"height":274,"caption":"Billetter Dark Season Blues"},{"@type":"BreadcrumbList","@id":"https:\/\/www.svalbardblues.com\/de\/dsb\/tickets\/#breadcrumb","itemListElement":[{"@type":"ListItem","position":1,"name":"Hjem","item":"https:\/\/www.svalbardblues.com\/de\/"},{"@type":"ListItem","position":2,"name":"Dunkle Jahreszeit Blues Spitzbergen","item":"https:\/\/www.svalbardblues.com\/de\/dsb\/"},{"@type":"ListItem","position":3,"name":"Kartenverkauf | Dark Season Blues 2025"}]},{"@type":"WebSite","@id":"https:\/\/www.svalbardblues.com\/de\/#website","url":"https:\/\/www.svalbardblues.com\/de\/","name":"Dark Season Blues | SVALBARD","description":"The World&#039;s Northenmost Blues Festival","publisher":{"@id":"https:\/\/www.svalbardblues.com\/de\/#organization"},"potentialAction":[{"@type":"SearchAction","target":{"@type":"EntryPoint","urlTemplate":"https:\/\/www.svalbardblues.com\/de\/?s={search_term_string}"},"query-input":{"@type":"PropertyValueSpecification","valueRequired":true,"valueName":"search_term_string"}}],"inLanguage":"de"},{"@type":"Organization","@id":"https:\/\/www.svalbardblues.com\/de\/#organization","name":"Dark Season Blues","url":"https:\/\/www.svalbardblues.com\/de\/","logo":{"@type":"ImageObject","inLanguage":"de","@id":"https:\/\/www.svalbardblues.com\/de\/#\/schema\/logo\/image\/","url":"https:\/\/www.svalbardblues.com\/wp-content\/uploads\/2017\/06\/DSB2017-Illustrasjon-620.jpg","contentUrl":"https:\/\/www.svalbardblues.com\/wp-content\/uploads\/2017\/06\/DSB2017-Illustrasjon-620.jpg","width":620,"height":488,"caption":"Dark Season Blues"},"image":{"@id":"https:\/\/www.svalbardblues.com\/de\/#\/schema\/logo\/image\/"},"sameAs":["https:\/\/www.facebook.com\/DarkSeasonBlues","https:\/\/x.com\/DarkSeasonBlues","https:\/\/www.instagram.com\/darkseasonblues\/","https:\/\/no.wikipedia.org\/wiki\/Dark_Season_Blues"]}]}},"_links":{"self":[{"href":"https:\/\/www.svalbardblues.com\/de\/wp-json\/wp\/v2\/pages\/24588","targetHints":{"allow":["GET"]}}],"collection":[{"href":"https:\/\/www.svalbardblues.com\/de\/wp-json\/wp\/v2\/pages"}],"about":[{"href":"https:\/\/www.svalbardblues.com\/de\/wp-json\/wp\/v2\/types\/page"}],"author":[{"embeddable":true,"href":"https:\/\/www.svalbardblues.com\/de\/wp-json\/wp\/v2\/users\/1"}],"replies":[{"embeddable":true,"href":"https:\/\/www.svalbardblues.com\/de\/wp-json\/wp\/v2\/comments?post=24588"}],"version-history":[{"count":1,"href":"https:\/\/www.svalbardblues.com\/de\/wp-json\/wp\/v2\/pages\/24588\/revisions"}],"predecessor-version":[{"id":24591,"href":"https:\/\/www.svalbardblues.com\/de\/wp-json\/wp\/v2\/pages\/24588\/revisions\/24591"}],"up":[{"embeddable":true,"href":"https:\/\/www.svalbardblues.com\/de\/wp-json\/wp\/v2\/pages\/23582"}],"wp:featuredmedia":[{"embeddable":true,"href":"https:\/\/www.svalbardblues.com\/de\/wp-json\/wp\/v2\/media\/24590"}],"wp:attachment":[{"href":"https:\/\/www.svalbardblues.com\/de\/wp-json\/wp\/v2\/media?parent=24588"}],"curies":[{"name":"wp","href":"https:\/\/api.w.org\/{rel}","templated":true}]}}