{"id":24596,"date":"2013-06-07T23:03:36","date_gmt":"2013-06-07T23:03:36","guid":{"rendered":"https:\/\/www.svalbardblues.com\/dsb\/artists\/"},"modified":"2026-02-23T21:56:02","modified_gmt":"2026-02-23T21:56:02","slug":"artister","status":"publish","type":"page","link":"https:\/\/www.svalbardblues.com\/de\/dsb\/artister\/","title":{"rendered":"K\u00fcnstler | Dunkle Jahreszeit Blues 2026"},"content":{"rendered":"\t\t<div data-elementor-type=\"wp-post\" data-elementor-id=\"24596\" class=\"elementor elementor-24596 elementor-9043\" data-elementor-post-type=\"page\">\n\t\t\t\t<div class=\"elementor-element elementor-element-5d056fd e-flex e-con-boxed e-con e-parent\" data-id=\"5d056fd\" data-element_type=\"container\" data-e-type=\"container\">\n\t\t\t\t\t<div class=\"e-con-inner\">\n\t\t\t\t<div class=\"elementor-element elementor-element-20ed369 elementor-widget elementor-widget-text-editor\" data-id=\"20ed369\" data-element_type=\"widget\" data-e-type=\"widget\" data-widget_type=\"text-editor.default\">\n\t\t\t\t<div class=\"elementor-widget-container\">\n\t\t\t\t\t\t\t\t\t<p>Es wird etwas passieren&#8230;.<\/p>\n<p data-start=\"137\" data-end=\"288\">Wir stehen kurz vor dem Start der diesj\u00e4hrigen K\u00fcnstler f\u00fcr Dark Season Blues 2026 &#8211; und wir k\u00f6nnen es kaum erwarten, Ihnen mitzuteilen, was uns w\u00e4hrend der dunklen Jahreszeit in Longyearbyen erwartet.<\/p>\n<p data-start=\"290\" data-end=\"687\">Dark Season Blues ist das n\u00f6rdlichste Bluesfestival der Welt. Jedes Jahr bringen wir internationale Headliner, starke nationale Namen und aufregende neue K\u00fcnstler f\u00fcr ein wirklich einzigartiges Festivalerlebnis in der Arktis zusammen. Im Laufe einiger intensiver Tage ist Longyearbyen gef\u00fcllt mit Konzerten im Kulturhuset, intimen Clubb\u00fchnen, Hotelbars und unerwarteten Treffpunkten &#8211; alles mit der besonderen Atmosph\u00e4re, die es nur auf Spitzbergen gibt. <\/p>\n<p data-start=\"689\" data-end=\"827\">Die Vorstellung des diesj\u00e4hrigen Lineups ist noch nicht abgeschlossen. Behalten Sie diese Seite und unsere Social Media Kan\u00e4le im Auge &#8211; die ersten K\u00fcnstler werden bald bekannt gegeben. <\/p>\n<p data-start=\"829\" data-end=\"904\">Wir versprechen starke musikalische Momente, rohe Energie und magische Abende in der Dunkelheit.<\/p><p data-start=\"829\" data-end=\"904\">Dark Season Blues 2026 &#8211; es beginnt jetzt.<\/p>\t\t\t\t\t\t\t\t<\/div>\n\t\t\t\t<\/div>\n\t\t\t\t\t<\/div>\n\t\t\t\t<\/div>\n\t\t\t\t<\/div>\n\t\t","protected":false},"excerpt":{"rendered":"<p>Es wird etwas passieren&#8230;. Wir stehen kurz vor dem Start der diesj\u00e4hrigen K\u00fcnstler f\u00fcr Dark Season Blues 2026 &#8211; und wir k\u00f6nnen es kaum erwarten, Ihnen mitzuteilen, was uns w\u00e4hrend der dunklen Jahreszeit in Longyearbyen erwartet. Dark Season Blues ist das n\u00f6rdlichste Bluesfestival der Welt. Jedes Jahr bringen wir internationale Headliner, starke nationale Namen und &#8230; <\/p>\n<p class=\"read-more-container\"><a title=\"K\u00fcnstler | Dunkle Jahreszeit Blues 2026\" class=\"read-more button\" href=\"https:\/\/www.svalbardblues.com\/de\/dsb\/artister\/#more-24596\" aria-label=\"Mehr Informationen \u00fcber K\u00fcnstler | Dunkle Jahreszeit Blues 2026\">Read more<\/a><\/p>\n","protected":false},"author":1,"featured_media":26197,"parent":23582,"menu_order":0,"comment_status":"closed","ping_status":"closed","template":"","meta":{"inline_featured_image":false,"footnotes":""},"class_list":["post-24596","page","type-page","status-publish","has-post-thumbnail"],"yoast_head":"<!-- This site is optimized with the Yoast SEO Premium plugin v26.2 (Yoast SEO v27.4) - https:\/\/yoast.com\/product\/yoast-seo-premium-wordpress\/ -->\n<title>K\u00fcnstler | Dark Season Blues 2026 | SVALBARD<\/title>\n<meta name=\"description\" content=\"Rezensionen und \u00dcbersicht der K\u00fcnstler, die w\u00e4hrend der Dark Season Blues 2026 in Longyearbyen, Spitzbergen, Konzerte geben.\" \/>\n<meta name=\"robots\" content=\"index, follow, max-snippet:-1, max-image-preview:large, max-video-preview:-1\" \/>\n<link rel=\"canonical\" href=\"https:\/\/www.svalbardblues.com\/de\/dsb\/artister\/\" \/>\n<meta property=\"og:locale\" content=\"de_DE\" \/>\n<meta property=\"og:type\" content=\"article\" \/>\n<meta property=\"og:title\" content=\"K\u00fcnstler | Dunkle Jahreszeit Blues 2026\" \/>\n<meta property=\"og:description\" content=\"Rezensionen und \u00dcbersicht der K\u00fcnstler, die w\u00e4hrend der Dark Season Blues 2026 in Longyearbyen, Spitzbergen, Konzerte geben.\" \/>\n<meta property=\"og:url\" content=\"https:\/\/www.svalbardblues.com\/de\/dsb\/artister\/\" \/>\n<meta property=\"og:site_name\" content=\"Dark Season Blues | SVALBARD\" \/>\n<meta property=\"article:publisher\" content=\"https:\/\/www.facebook.com\/DarkSeasonBlues\" \/>\n<meta property=\"article:modified_time\" content=\"2026-02-23T21:56:02+00:00\" \/>\n<meta property=\"og:image\" content=\"https:\/\/www.svalbardblues.com\/wp-content\/uploads\/2023\/07\/DSB-Motiv_2011-2200.webp\" \/>\n\t<meta property=\"og:image:width\" content=\"2200\" \/>\n\t<meta property=\"og:image:height\" content=\"981\" \/>\n\t<meta property=\"og:image:type\" content=\"image\/webp\" \/>\n<meta name=\"twitter:label1\" content=\"Gesch\u00e4tzte Lesezeit\" \/>\n\t<meta name=\"twitter:data1\" content=\"1\u00a0Minute\" \/>\n<script type=\"application\/ld+json\" class=\"yoast-schema-graph\">{\"@context\":\"https:\\\/\\\/schema.org\",\"@graph\":[{\"@type\":\"WebPage\",\"@id\":\"https:\\\/\\\/www.svalbardblues.com\\\/de\\\/dsb\\\/artister\\\/\",\"url\":\"https:\\\/\\\/www.svalbardblues.com\\\/de\\\/dsb\\\/artister\\\/\",\"name\":\"K\u00fcnstler | Dark Season Blues 2026 | SVALBARD\",\"isPartOf\":{\"@id\":\"https:\\\/\\\/www.svalbardblues.com\\\/de\\\/#website\"},\"primaryImageOfPage\":{\"@id\":\"https:\\\/\\\/www.svalbardblues.com\\\/de\\\/dsb\\\/artister\\\/#primaryimage\"},\"image\":{\"@id\":\"https:\\\/\\\/www.svalbardblues.com\\\/de\\\/dsb\\\/artister\\\/#primaryimage\"},\"thumbnailUrl\":\"https:\\\/\\\/www.svalbardblues.com\\\/wp-content\\\/uploads\\\/2023\\\/07\\\/DSB-Motiv_2011-2200.webp\",\"datePublished\":\"2013-06-07T23:03:36+00:00\",\"dateModified\":\"2026-02-23T21:56:02+00:00\",\"description\":\"Rezensionen und \u00dcbersicht der K\u00fcnstler, die w\u00e4hrend der Dark Season Blues 2026 in Longyearbyen, Spitzbergen, Konzerte geben.\",\"breadcrumb\":{\"@id\":\"https:\\\/\\\/www.svalbardblues.com\\\/de\\\/dsb\\\/artister\\\/#breadcrumb\"},\"inLanguage\":\"de\",\"potentialAction\":[{\"@type\":\"ReadAction\",\"target\":[\"https:\\\/\\\/www.svalbardblues.com\\\/de\\\/dsb\\\/artister\\\/\"]}]},{\"@type\":\"ImageObject\",\"inLanguage\":\"de\",\"@id\":\"https:\\\/\\\/www.svalbardblues.com\\\/de\\\/dsb\\\/artister\\\/#primaryimage\",\"url\":\"https:\\\/\\\/www.svalbardblues.com\\\/wp-content\\\/uploads\\\/2023\\\/07\\\/DSB-Motiv_2011-2200.webp\",\"contentUrl\":\"https:\\\/\\\/www.svalbardblues.com\\\/wp-content\\\/uploads\\\/2023\\\/07\\\/DSB-Motiv_2011-2200.webp\",\"width\":2200,\"height\":981,\"caption\":\"Dunkle Jahreszeit Blues Spitzbergen\"},{\"@type\":\"BreadcrumbList\",\"@id\":\"https:\\\/\\\/www.svalbardblues.com\\\/de\\\/dsb\\\/artister\\\/#breadcrumb\",\"itemListElement\":[{\"@type\":\"ListItem\",\"position\":1,\"name\":\"Hjem\",\"item\":\"https:\\\/\\\/www.svalbardblues.com\\\/de\\\/\"},{\"@type\":\"ListItem\",\"position\":2,\"name\":\"Dunkle Jahreszeit Blues Spitzbergen\",\"item\":\"https:\\\/\\\/www.svalbardblues.com\\\/de\\\/dsb\\\/\"},{\"@type\":\"ListItem\",\"position\":3,\"name\":\"K\u00fcnstler | Dunkle Jahreszeit Blues 2026\"}]},{\"@type\":\"WebSite\",\"@id\":\"https:\\\/\\\/www.svalbardblues.com\\\/de\\\/#website\",\"url\":\"https:\\\/\\\/www.svalbardblues.com\\\/de\\\/\",\"name\":\"Dark Season Blues | SVALBARD\",\"description\":\"The World&#039;s Northenmost Blues Festival\",\"publisher\":{\"@id\":\"https:\\\/\\\/www.svalbardblues.com\\\/de\\\/#organization\"},\"potentialAction\":[{\"@type\":\"SearchAction\",\"target\":{\"@type\":\"EntryPoint\",\"urlTemplate\":\"https:\\\/\\\/www.svalbardblues.com\\\/de\\\/?s={search_term_string}\"},\"query-input\":{\"@type\":\"PropertyValueSpecification\",\"valueRequired\":true,\"valueName\":\"search_term_string\"}}],\"inLanguage\":\"de\"},{\"@type\":\"Organization\",\"@id\":\"https:\\\/\\\/www.svalbardblues.com\\\/de\\\/#organization\",\"name\":\"Dark Season Blues\",\"url\":\"https:\\\/\\\/www.svalbardblues.com\\\/de\\\/\",\"logo\":{\"@type\":\"ImageObject\",\"inLanguage\":\"de\",\"@id\":\"https:\\\/\\\/www.svalbardblues.com\\\/de\\\/#\\\/schema\\\/logo\\\/image\\\/\",\"url\":\"https:\\\/\\\/www.svalbardblues.com\\\/wp-content\\\/uploads\\\/2017\\\/06\\\/DSB2017-Illustrasjon-620.jpg\",\"contentUrl\":\"https:\\\/\\\/www.svalbardblues.com\\\/wp-content\\\/uploads\\\/2017\\\/06\\\/DSB2017-Illustrasjon-620.jpg\",\"width\":620,\"height\":488,\"caption\":\"Dark Season Blues\"},\"image\":{\"@id\":\"https:\\\/\\\/www.svalbardblues.com\\\/de\\\/#\\\/schema\\\/logo\\\/image\\\/\"},\"sameAs\":[\"https:\\\/\\\/www.facebook.com\\\/DarkSeasonBlues\",\"https:\\\/\\\/x.com\\\/DarkSeasonBlues\",\"https:\\\/\\\/www.instagram.com\\\/darkseasonblues\\\/\",\"https:\\\/\\\/no.wikipedia.org\\\/wiki\\\/Dark_Season_Blues\"]}]}<\/script>\n<!-- \/ Yoast SEO Premium plugin. -->","yoast_head_json":{"title":"K\u00fcnstler | Dark Season Blues 2026 | SVALBARD","description":"Rezensionen und \u00dcbersicht der K\u00fcnstler, die w\u00e4hrend der Dark Season Blues 2026 in Longyearbyen, Spitzbergen, Konzerte geben.","robots":{"index":"index","follow":"follow","max-snippet":"max-snippet:-1","max-image-preview":"max-image-preview:large","max-video-preview":"max-video-preview:-1"},"canonical":"https:\/\/www.svalbardblues.com\/de\/dsb\/artister\/","og_locale":"de_DE","og_type":"article","og_title":"K\u00fcnstler | Dunkle Jahreszeit Blues 2026","og_description":"Rezensionen und \u00dcbersicht der K\u00fcnstler, die w\u00e4hrend der Dark Season Blues 2026 in Longyearbyen, Spitzbergen, Konzerte geben.","og_url":"https:\/\/www.svalbardblues.com\/de\/dsb\/artister\/","og_site_name":"Dark Season Blues | SVALBARD","article_publisher":"https:\/\/www.facebook.com\/DarkSeasonBlues","article_modified_time":"2026-02-23T21:56:02+00:00","og_image":[{"width":2200,"height":981,"url":"https:\/\/www.svalbardblues.com\/wp-content\/uploads\/2023\/07\/DSB-Motiv_2011-2200.webp","type":"image\/webp"}],"twitter_misc":{"Gesch\u00e4tzte Lesezeit":"1\u00a0Minute"},"schema":{"@context":"https:\/\/schema.org","@graph":[{"@type":"WebPage","@id":"https:\/\/www.svalbardblues.com\/de\/dsb\/artister\/","url":"https:\/\/www.svalbardblues.com\/de\/dsb\/artister\/","name":"K\u00fcnstler | Dark Season Blues 2026 | SVALBARD","isPartOf":{"@id":"https:\/\/www.svalbardblues.com\/de\/#website"},"primaryImageOfPage":{"@id":"https:\/\/www.svalbardblues.com\/de\/dsb\/artister\/#primaryimage"},"image":{"@id":"https:\/\/www.svalbardblues.com\/de\/dsb\/artister\/#primaryimage"},"thumbnailUrl":"https:\/\/www.svalbardblues.com\/wp-content\/uploads\/2023\/07\/DSB-Motiv_2011-2200.webp","datePublished":"2013-06-07T23:03:36+00:00","dateModified":"2026-02-23T21:56:02+00:00","description":"Rezensionen und \u00dcbersicht der K\u00fcnstler, die w\u00e4hrend der Dark Season Blues 2026 in Longyearbyen, Spitzbergen, Konzerte geben.","breadcrumb":{"@id":"https:\/\/www.svalbardblues.com\/de\/dsb\/artister\/#breadcrumb"},"inLanguage":"de","potentialAction":[{"@type":"ReadAction","target":["https:\/\/www.svalbardblues.com\/de\/dsb\/artister\/"]}]},{"@type":"ImageObject","inLanguage":"de","@id":"https:\/\/www.svalbardblues.com\/de\/dsb\/artister\/#primaryimage","url":"https:\/\/www.svalbardblues.com\/wp-content\/uploads\/2023\/07\/DSB-Motiv_2011-2200.webp","contentUrl":"https:\/\/www.svalbardblues.com\/wp-content\/uploads\/2023\/07\/DSB-Motiv_2011-2200.webp","width":2200,"height":981,"caption":"Dunkle Jahreszeit Blues Spitzbergen"},{"@type":"BreadcrumbList","@id":"https:\/\/www.svalbardblues.com\/de\/dsb\/artister\/#breadcrumb","itemListElement":[{"@type":"ListItem","position":1,"name":"Hjem","item":"https:\/\/www.svalbardblues.com\/de\/"},{"@type":"ListItem","position":2,"name":"Dunkle Jahreszeit Blues Spitzbergen","item":"https:\/\/www.svalbardblues.com\/de\/dsb\/"},{"@type":"ListItem","position":3,"name":"K\u00fcnstler | Dunkle Jahreszeit Blues 2026"}]},{"@type":"WebSite","@id":"https:\/\/www.svalbardblues.com\/de\/#website","url":"https:\/\/www.svalbardblues.com\/de\/","name":"Dark Season Blues | SVALBARD","description":"The World&#039;s Northenmost Blues Festival","publisher":{"@id":"https:\/\/www.svalbardblues.com\/de\/#organization"},"potentialAction":[{"@type":"SearchAction","target":{"@type":"EntryPoint","urlTemplate":"https:\/\/www.svalbardblues.com\/de\/?s={search_term_string}"},"query-input":{"@type":"PropertyValueSpecification","valueRequired":true,"valueName":"search_term_string"}}],"inLanguage":"de"},{"@type":"Organization","@id":"https:\/\/www.svalbardblues.com\/de\/#organization","name":"Dark Season Blues","url":"https:\/\/www.svalbardblues.com\/de\/","logo":{"@type":"ImageObject","inLanguage":"de","@id":"https:\/\/www.svalbardblues.com\/de\/#\/schema\/logo\/image\/","url":"https:\/\/www.svalbardblues.com\/wp-content\/uploads\/2017\/06\/DSB2017-Illustrasjon-620.jpg","contentUrl":"https:\/\/www.svalbardblues.com\/wp-content\/uploads\/2017\/06\/DSB2017-Illustrasjon-620.jpg","width":620,"height":488,"caption":"Dark Season Blues"},"image":{"@id":"https:\/\/www.svalbardblues.com\/de\/#\/schema\/logo\/image\/"},"sameAs":["https:\/\/www.facebook.com\/DarkSeasonBlues","https:\/\/x.com\/DarkSeasonBlues","https:\/\/www.instagram.com\/darkseasonblues\/","https:\/\/no.wikipedia.org\/wiki\/Dark_Season_Blues"]}]}},"_links":{"self":[{"href":"https:\/\/www.svalbardblues.com\/de\/wp-json\/wp\/v2\/pages\/24596","targetHints":{"allow":["GET"]}}],"collection":[{"href":"https:\/\/www.svalbardblues.com\/de\/wp-json\/wp\/v2\/pages"}],"about":[{"href":"https:\/\/www.svalbardblues.com\/de\/wp-json\/wp\/v2\/types\/page"}],"author":[{"embeddable":true,"href":"https:\/\/www.svalbardblues.com\/de\/wp-json\/wp\/v2\/users\/1"}],"replies":[{"embeddable":true,"href":"https:\/\/www.svalbardblues.com\/de\/wp-json\/wp\/v2\/comments?post=24596"}],"version-history":[{"count":14,"href":"https:\/\/www.svalbardblues.com\/de\/wp-json\/wp\/v2\/pages\/24596\/revisions"}],"predecessor-version":[{"id":26223,"href":"https:\/\/www.svalbardblues.com\/de\/wp-json\/wp\/v2\/pages\/24596\/revisions\/26223"}],"up":[{"embeddable":true,"href":"https:\/\/www.svalbardblues.com\/de\/wp-json\/wp\/v2\/pages\/23582"}],"wp:featuredmedia":[{"embeddable":true,"href":"https:\/\/www.svalbardblues.com\/de\/wp-json\/wp\/v2\/media\/26197"}],"wp:attachment":[{"href":"https:\/\/www.svalbardblues.com\/de\/wp-json\/wp\/v2\/media?parent=24596"}],"curies":[{"name":"wp","href":"https:\/\/api.w.org\/{rel}","templated":true}]}}