{"id":24730,"date":"2016-06-25T20:52:01","date_gmt":"2016-06-25T20:52:01","guid":{"rendered":"https:\/\/www.svalbardblues.com\/dsb\/artists\/dr-bekken\/"},"modified":"2026-02-23T21:55:52","modified_gmt":"2026-02-23T21:55:52","slug":"dr-bekken","status":"publish","type":"page","link":"https:\/\/www.svalbardblues.com\/de\/dsb\/artister\/dr-bekken\/","title":{"rendered":"Dr. Bekken (NO)"},"content":{"rendered":"\n<p class=\"has-drop-cap\">Tor Einar Bekken, auch bekannt als Dr. Bekken, ist ein Pianist, Komponist und Entertainer &#8211; und ein Veteran und Dauerbrenner in der norwegischen Bluesszene. Er hat einen Master-Abschluss in Musik mit einer Arbeit \u00fcber die Klaviertradition von New Orleans. Darauf aufbauend hat er seinen eigenen Ausdruck geschaffen, der oft Jazz, Blues und Boogie-Woogie-Traditionen vermischt. Dr. Bekken ist auch ein lyrischer Interpret von Balladen und scheut sich nicht, Volksmusik in seine Musik zu mischen, wof\u00fcr er 2019 den Preis des Notodden Blues Festivals erhielt.  <\/p>\n\n<p>In den letzten Jahren hat Bekken eine Reihe von Alben unter seinem eigenen Namen und als Dr. Bekken ver\u00f6ffentlicht, oft mit Improvisationen auf Klavier, Gitarre oder Guitalele, einer Art Hybrid aus Gitarre und Ukulele. Im letzten Jahr ver\u00f6ffentlichte er f\u00fcnf Soloalben sowie Alben mit Mattis Kleppen und Arne Skognes.   <\/p>\n\n<p>Bekken ist auf gro\u00dfen Festivals in Norwegen und im \u00fcbrigen Europa aufgetreten, sowohl als Solist als auch als Musiker f\u00fcr ausl\u00e4ndische K\u00fcnstler. Auch hierzulande arbeitet er mit vielen K\u00fcnstlern zusammen. Bei Dark Season Blues wird er sowohl als Pianist mit Arne Skage &amp; The Procrastinators als auch als Solok\u00fcnstler auftreten. <\/p>\n\n<p class=\"has-text-align-center has-background\" style=\"background-color:#e2e2e2;font-size:12px\"><strong>Dark Season Blues\u00a92025<\/strong><\/p>\n\n<figure class=\"wp-block-embed is-type-video is-provider-youtube wp-block-embed-youtube wp-embed-aspect-16-9 wp-has-aspect-ratio\"><div class=\"wp-block-embed__wrapper\">\n<iframe title=\"BEKKEN &amp; BAADSVIK: Honky Tonk Train\" width=\"1200\" height=\"675\" src=\"https:\/\/www.youtube.com\/embed\/GO_MRBfOSSA?feature=oembed\" frameborder=\"0\" allow=\"accelerometer; autoplay; clipboard-write; encrypted-media; gyroscope; picture-in-picture; web-share\" referrerpolicy=\"strict-origin-when-cross-origin\" allowfullscreen><\/iframe>\n<\/div><\/figure>\n","protected":false},"excerpt":{"rendered":"<p>Tor Einar Bekken, auch bekannt als Dr. Bekken, ist ein Pianist, Komponist und Entertainer &#8211; und ein Veteran und Dauerbrenner in der norwegischen Bluesszene. Er hat einen Master-Abschluss in Musik mit einer Arbeit \u00fcber die Klaviertradition von New Orleans. Darauf aufbauend hat er seinen eigenen Ausdruck geschaffen, der oft Jazz, Blues und Boogie-Woogie-Traditionen vermischt. Dr. &#8230; <\/p>\n<p class=\"read-more-container\"><a title=\"Dr. Bekken (NO)\" class=\"read-more button\" href=\"https:\/\/www.svalbardblues.com\/de\/dsb\/artister\/dr-bekken\/#more-24730\" aria-label=\"Mehr Informationen \u00fcber Dr. Bekken (NO)\">Read more<\/a><\/p>\n","protected":false},"author":1,"featured_media":24746,"parent":24596,"menu_order":0,"comment_status":"closed","ping_status":"closed","template":"","meta":{"inline_featured_image":false,"footnotes":""},"class_list":["post-24730","page","type-page","status-publish","has-post-thumbnail"],"yoast_head":"<!-- This site is optimized with the Yoast SEO Premium plugin v26.2 (Yoast SEO v27.5) - https:\/\/yoast.com\/product\/yoast-seo-premium-wordpress\/ -->\n<title>Dr. Bekken (NO) | Dark Season Blues - SVALBARD<\/title>\n<meta name=\"description\" content=\"Tor Einar Bekken, auch bekannt als Dr. Bekken, ist ein Pianist, Komponist und Entertainer - und ein Veteran und Dauerbrenner in der norwegischen Bluesszene. Er hat einen Master in Musik mit einer Arbeit \u00fcber die Klaviertradition von New Orleans. Darauf aufbauend hat er seinen eigenen Ausdruck geschaffen, der oft Jazz, Blues und Boogie-Woogie-Traditionen vermischt.\" \/>\n<meta name=\"robots\" content=\"index, follow, max-snippet:-1, max-image-preview:large, max-video-preview:-1\" \/>\n<link rel=\"canonical\" href=\"https:\/\/www.svalbardblues.com\/de\/dsb\/artister\/dr-bekken\/\" \/>\n<meta property=\"og:locale\" content=\"de_DE\" \/>\n<meta property=\"og:type\" content=\"article\" \/>\n<meta property=\"og:title\" content=\"Dr. Bekken (NO)\" \/>\n<meta property=\"og:description\" content=\"Tor Einar Bekken, auch bekannt als Dr. Bekken, ist ein Pianist, Komponist und Entertainer - und ein Veteran und Dauerbrenner in der norwegischen Bluesszene. Er hat einen Master in Musik mit einer Arbeit \u00fcber die Klaviertradition von New Orleans. Darauf aufbauend hat er seinen eigenen Ausdruck geschaffen, der oft Jazz, Blues und Boogie-Woogie-Traditionen vermischt.\" \/>\n<meta property=\"og:url\" content=\"https:\/\/www.svalbardblues.com\/de\/dsb\/artister\/dr-bekken\/\" \/>\n<meta property=\"og:site_name\" content=\"Dark Season Blues | SVALBARD\" \/>\n<meta property=\"article:publisher\" content=\"https:\/\/www.facebook.com\/DarkSeasonBlues\" \/>\n<meta property=\"article:modified_time\" content=\"2026-02-23T21:55:52+00:00\" \/>\n<meta property=\"og:image\" content=\"https:\/\/www.svalbardblues.com\/wp-content\/uploads\/2025\/10\/DSB_Illustrasjon_med_Dr-Bekken-1024x532.jpg\" \/>\n<meta name=\"twitter:label1\" content=\"Gesch\u00e4tzte Lesezeit\" \/>\n\t<meta name=\"twitter:data1\" content=\"1\u00a0Minute\" \/>\n<script type=\"application\/ld+json\" class=\"yoast-schema-graph\">{\"@context\":\"https:\\\/\\\/schema.org\",\"@graph\":[{\"@type\":\"WebPage\",\"@id\":\"https:\\\/\\\/www.svalbardblues.com\\\/de\\\/dsb\\\/artister\\\/dr-bekken\\\/\",\"url\":\"https:\\\/\\\/www.svalbardblues.com\\\/de\\\/dsb\\\/artister\\\/dr-bekken\\\/\",\"name\":\"Dr. Bekken (NO) | Dark Season Blues - SVALBARD\",\"isPartOf\":{\"@id\":\"https:\\\/\\\/www.svalbardblues.com\\\/de\\\/#website\"},\"primaryImageOfPage\":{\"@id\":\"https:\\\/\\\/www.svalbardblues.com\\\/de\\\/dsb\\\/artister\\\/dr-bekken\\\/#primaryimage\"},\"image\":{\"@id\":\"https:\\\/\\\/www.svalbardblues.com\\\/de\\\/dsb\\\/artister\\\/dr-bekken\\\/#primaryimage\"},\"thumbnailUrl\":\"https:\\\/\\\/www.svalbardblues.com\\\/wp-content\\\/uploads\\\/2025\\\/01\\\/Dr-Bekken-Dark-Season-Blues-2025-1200.webp\",\"datePublished\":\"2016-06-25T20:52:01+00:00\",\"dateModified\":\"2026-02-23T21:55:52+00:00\",\"description\":\"Tor Einar Bekken, auch bekannt als Dr. Bekken, ist ein Pianist, Komponist und Entertainer - und ein Veteran und Dauerbrenner in der norwegischen Bluesszene. Er hat einen Master in Musik mit einer Arbeit \u00fcber die Klaviertradition von New Orleans. Darauf aufbauend hat er seinen eigenen Ausdruck geschaffen, der oft Jazz, Blues und Boogie-Woogie-Traditionen vermischt.\",\"breadcrumb\":{\"@id\":\"https:\\\/\\\/www.svalbardblues.com\\\/de\\\/dsb\\\/artister\\\/dr-bekken\\\/#breadcrumb\"},\"inLanguage\":\"de\",\"potentialAction\":[{\"@type\":\"ReadAction\",\"target\":[\"https:\\\/\\\/www.svalbardblues.com\\\/de\\\/dsb\\\/artister\\\/dr-bekken\\\/\"]}]},{\"@type\":\"ImageObject\",\"inLanguage\":\"de\",\"@id\":\"https:\\\/\\\/www.svalbardblues.com\\\/de\\\/dsb\\\/artister\\\/dr-bekken\\\/#primaryimage\",\"url\":\"https:\\\/\\\/www.svalbardblues.com\\\/wp-content\\\/uploads\\\/2025\\\/01\\\/Dr-Bekken-Dark-Season-Blues-2025-1200.webp\",\"contentUrl\":\"https:\\\/\\\/www.svalbardblues.com\\\/wp-content\\\/uploads\\\/2025\\\/01\\\/Dr-Bekken-Dark-Season-Blues-2025-1200.webp\",\"width\":1200,\"height\":800,\"caption\":\"Dr Bekken (NO)\"},{\"@type\":\"BreadcrumbList\",\"@id\":\"https:\\\/\\\/www.svalbardblues.com\\\/de\\\/dsb\\\/artister\\\/dr-bekken\\\/#breadcrumb\",\"itemListElement\":[{\"@type\":\"ListItem\",\"position\":1,\"name\":\"Hjem\",\"item\":\"https:\\\/\\\/www.svalbardblues.com\\\/de\\\/\"},{\"@type\":\"ListItem\",\"position\":2,\"name\":\"Dunkle Jahreszeit Blues Spitzbergen\",\"item\":\"https:\\\/\\\/www.svalbardblues.com\\\/de\\\/dsb\\\/\"},{\"@type\":\"ListItem\",\"position\":3,\"name\":\"K\u00fcnstler | Dunkle Jahreszeit Blues 2026\",\"item\":\"https:\\\/\\\/www.svalbardblues.com\\\/de\\\/dsb\\\/artister\\\/\"},{\"@type\":\"ListItem\",\"position\":4,\"name\":\"Dr. Bekken (NO)\"}]},{\"@type\":\"WebSite\",\"@id\":\"https:\\\/\\\/www.svalbardblues.com\\\/de\\\/#website\",\"url\":\"https:\\\/\\\/www.svalbardblues.com\\\/de\\\/\",\"name\":\"Dark Season Blues | SVALBARD\",\"description\":\"The World&#039;s Northenmost Blues Festival\",\"publisher\":{\"@id\":\"https:\\\/\\\/www.svalbardblues.com\\\/de\\\/#organization\"},\"potentialAction\":[{\"@type\":\"SearchAction\",\"target\":{\"@type\":\"EntryPoint\",\"urlTemplate\":\"https:\\\/\\\/www.svalbardblues.com\\\/de\\\/?s={search_term_string}\"},\"query-input\":{\"@type\":\"PropertyValueSpecification\",\"valueRequired\":true,\"valueName\":\"search_term_string\"}}],\"inLanguage\":\"de\"},{\"@type\":\"Organization\",\"@id\":\"https:\\\/\\\/www.svalbardblues.com\\\/de\\\/#organization\",\"name\":\"Dark Season Blues\",\"url\":\"https:\\\/\\\/www.svalbardblues.com\\\/de\\\/\",\"logo\":{\"@type\":\"ImageObject\",\"inLanguage\":\"de\",\"@id\":\"https:\\\/\\\/www.svalbardblues.com\\\/de\\\/#\\\/schema\\\/logo\\\/image\\\/\",\"url\":\"https:\\\/\\\/www.svalbardblues.com\\\/wp-content\\\/uploads\\\/2017\\\/06\\\/DSB2017-Illustrasjon-620.jpg\",\"contentUrl\":\"https:\\\/\\\/www.svalbardblues.com\\\/wp-content\\\/uploads\\\/2017\\\/06\\\/DSB2017-Illustrasjon-620.jpg\",\"width\":620,\"height\":488,\"caption\":\"Dark Season Blues\"},\"image\":{\"@id\":\"https:\\\/\\\/www.svalbardblues.com\\\/de\\\/#\\\/schema\\\/logo\\\/image\\\/\"},\"sameAs\":[\"https:\\\/\\\/www.facebook.com\\\/DarkSeasonBlues\",\"https:\\\/\\\/x.com\\\/DarkSeasonBlues\",\"https:\\\/\\\/www.instagram.com\\\/darkseasonblues\\\/\",\"https:\\\/\\\/no.wikipedia.org\\\/wiki\\\/Dark_Season_Blues\"]}]}<\/script>\n<!-- \/ Yoast SEO Premium plugin. -->","yoast_head_json":{"title":"Dr. Bekken (NO) | Dark Season Blues - SVALBARD","description":"Tor Einar Bekken, auch bekannt als Dr. Bekken, ist ein Pianist, Komponist und Entertainer - und ein Veteran und Dauerbrenner in der norwegischen Bluesszene. Er hat einen Master in Musik mit einer Arbeit \u00fcber die Klaviertradition von New Orleans. Darauf aufbauend hat er seinen eigenen Ausdruck geschaffen, der oft Jazz, Blues und Boogie-Woogie-Traditionen vermischt.","robots":{"index":"index","follow":"follow","max-snippet":"max-snippet:-1","max-image-preview":"max-image-preview:large","max-video-preview":"max-video-preview:-1"},"canonical":"https:\/\/www.svalbardblues.com\/de\/dsb\/artister\/dr-bekken\/","og_locale":"de_DE","og_type":"article","og_title":"Dr. Bekken (NO)","og_description":"Tor Einar Bekken, auch bekannt als Dr. Bekken, ist ein Pianist, Komponist und Entertainer - und ein Veteran und Dauerbrenner in der norwegischen Bluesszene. Er hat einen Master in Musik mit einer Arbeit \u00fcber die Klaviertradition von New Orleans. Darauf aufbauend hat er seinen eigenen Ausdruck geschaffen, der oft Jazz, Blues und Boogie-Woogie-Traditionen vermischt.","og_url":"https:\/\/www.svalbardblues.com\/de\/dsb\/artister\/dr-bekken\/","og_site_name":"Dark Season Blues | SVALBARD","article_publisher":"https:\/\/www.facebook.com\/DarkSeasonBlues","article_modified_time":"2026-02-23T21:55:52+00:00","og_image":[{"url":"https:\/\/www.svalbardblues.com\/wp-content\/uploads\/2025\/10\/DSB_Illustrasjon_med_Dr-Bekken-1024x532.jpg","type":"","width":"","height":""}],"twitter_misc":{"Gesch\u00e4tzte Lesezeit":"1\u00a0Minute"},"schema":{"@context":"https:\/\/schema.org","@graph":[{"@type":"WebPage","@id":"https:\/\/www.svalbardblues.com\/de\/dsb\/artister\/dr-bekken\/","url":"https:\/\/www.svalbardblues.com\/de\/dsb\/artister\/dr-bekken\/","name":"Dr. Bekken (NO) | Dark Season Blues - SVALBARD","isPartOf":{"@id":"https:\/\/www.svalbardblues.com\/de\/#website"},"primaryImageOfPage":{"@id":"https:\/\/www.svalbardblues.com\/de\/dsb\/artister\/dr-bekken\/#primaryimage"},"image":{"@id":"https:\/\/www.svalbardblues.com\/de\/dsb\/artister\/dr-bekken\/#primaryimage"},"thumbnailUrl":"https:\/\/www.svalbardblues.com\/wp-content\/uploads\/2025\/01\/Dr-Bekken-Dark-Season-Blues-2025-1200.webp","datePublished":"2016-06-25T20:52:01+00:00","dateModified":"2026-02-23T21:55:52+00:00","description":"Tor Einar Bekken, auch bekannt als Dr. Bekken, ist ein Pianist, Komponist und Entertainer - und ein Veteran und Dauerbrenner in der norwegischen Bluesszene. Er hat einen Master in Musik mit einer Arbeit \u00fcber die Klaviertradition von New Orleans. Darauf aufbauend hat er seinen eigenen Ausdruck geschaffen, der oft Jazz, Blues und Boogie-Woogie-Traditionen vermischt.","breadcrumb":{"@id":"https:\/\/www.svalbardblues.com\/de\/dsb\/artister\/dr-bekken\/#breadcrumb"},"inLanguage":"de","potentialAction":[{"@type":"ReadAction","target":["https:\/\/www.svalbardblues.com\/de\/dsb\/artister\/dr-bekken\/"]}]},{"@type":"ImageObject","inLanguage":"de","@id":"https:\/\/www.svalbardblues.com\/de\/dsb\/artister\/dr-bekken\/#primaryimage","url":"https:\/\/www.svalbardblues.com\/wp-content\/uploads\/2025\/01\/Dr-Bekken-Dark-Season-Blues-2025-1200.webp","contentUrl":"https:\/\/www.svalbardblues.com\/wp-content\/uploads\/2025\/01\/Dr-Bekken-Dark-Season-Blues-2025-1200.webp","width":1200,"height":800,"caption":"Dr Bekken (NO)"},{"@type":"BreadcrumbList","@id":"https:\/\/www.svalbardblues.com\/de\/dsb\/artister\/dr-bekken\/#breadcrumb","itemListElement":[{"@type":"ListItem","position":1,"name":"Hjem","item":"https:\/\/www.svalbardblues.com\/de\/"},{"@type":"ListItem","position":2,"name":"Dunkle Jahreszeit Blues Spitzbergen","item":"https:\/\/www.svalbardblues.com\/de\/dsb\/"},{"@type":"ListItem","position":3,"name":"K\u00fcnstler | Dunkle Jahreszeit Blues 2026","item":"https:\/\/www.svalbardblues.com\/de\/dsb\/artister\/"},{"@type":"ListItem","position":4,"name":"Dr. Bekken (NO)"}]},{"@type":"WebSite","@id":"https:\/\/www.svalbardblues.com\/de\/#website","url":"https:\/\/www.svalbardblues.com\/de\/","name":"Dark Season Blues | SVALBARD","description":"The World&#039;s Northenmost Blues Festival","publisher":{"@id":"https:\/\/www.svalbardblues.com\/de\/#organization"},"potentialAction":[{"@type":"SearchAction","target":{"@type":"EntryPoint","urlTemplate":"https:\/\/www.svalbardblues.com\/de\/?s={search_term_string}"},"query-input":{"@type":"PropertyValueSpecification","valueRequired":true,"valueName":"search_term_string"}}],"inLanguage":"de"},{"@type":"Organization","@id":"https:\/\/www.svalbardblues.com\/de\/#organization","name":"Dark Season Blues","url":"https:\/\/www.svalbardblues.com\/de\/","logo":{"@type":"ImageObject","inLanguage":"de","@id":"https:\/\/www.svalbardblues.com\/de\/#\/schema\/logo\/image\/","url":"https:\/\/www.svalbardblues.com\/wp-content\/uploads\/2017\/06\/DSB2017-Illustrasjon-620.jpg","contentUrl":"https:\/\/www.svalbardblues.com\/wp-content\/uploads\/2017\/06\/DSB2017-Illustrasjon-620.jpg","width":620,"height":488,"caption":"Dark Season Blues"},"image":{"@id":"https:\/\/www.svalbardblues.com\/de\/#\/schema\/logo\/image\/"},"sameAs":["https:\/\/www.facebook.com\/DarkSeasonBlues","https:\/\/x.com\/DarkSeasonBlues","https:\/\/www.instagram.com\/darkseasonblues\/","https:\/\/no.wikipedia.org\/wiki\/Dark_Season_Blues"]}]}},"_links":{"self":[{"href":"https:\/\/www.svalbardblues.com\/de\/wp-json\/wp\/v2\/pages\/24730","targetHints":{"allow":["GET"]}}],"collection":[{"href":"https:\/\/www.svalbardblues.com\/de\/wp-json\/wp\/v2\/pages"}],"about":[{"href":"https:\/\/www.svalbardblues.com\/de\/wp-json\/wp\/v2\/types\/page"}],"author":[{"embeddable":true,"href":"https:\/\/www.svalbardblues.com\/de\/wp-json\/wp\/v2\/users\/1"}],"replies":[{"embeddable":true,"href":"https:\/\/www.svalbardblues.com\/de\/wp-json\/wp\/v2\/comments?post=24730"}],"version-history":[{"count":2,"href":"https:\/\/www.svalbardblues.com\/de\/wp-json\/wp\/v2\/pages\/24730\/revisions"}],"predecessor-version":[{"id":25515,"href":"https:\/\/www.svalbardblues.com\/de\/wp-json\/wp\/v2\/pages\/24730\/revisions\/25515"}],"up":[{"embeddable":true,"href":"https:\/\/www.svalbardblues.com\/de\/wp-json\/wp\/v2\/pages\/24596"}],"wp:featuredmedia":[{"embeddable":true,"href":"https:\/\/www.svalbardblues.com\/de\/wp-json\/wp\/v2\/media\/24746"}],"wp:attachment":[{"href":"https:\/\/www.svalbardblues.com\/de\/wp-json\/wp\/v2\/media?parent=24730"}],"curies":[{"name":"wp","href":"https:\/\/api.w.org\/{rel}","templated":true}]}}