{"id":24953,"date":"2023-07-01T22:00:00","date_gmt":"2023-07-01T22:00:00","guid":{"rendered":"https:\/\/www.svalbardblues.com\/dsb\/artists\/jg-hansen-ge\/"},"modified":"2026-02-23T21:55:52","modified_gmt":"2026-02-23T21:55:52","slug":"jg-hansen-ge","status":"publish","type":"page","link":"https:\/\/www.svalbardblues.com\/de\/dsb\/artister\/jg-hansen-ge\/","title":{"rendered":"JG Hansen Band (SJ)"},"content":{"rendered":"\n<p class=\"has-drop-cap\">Jon Gunnar Hansen (Gitarre und Gesang), oder JG Hansen, wie er sich selbst nennt, wenn er die B\u00fchne betritt, ist ein lokaler Singer\/Songwriter, der dem Festivalpublikum gut bekannt ist, zun\u00e4chst als Mitglied der Howlin&#8216; Huskies und sp\u00e4ter als Solok\u00fcnstler. In diesem Jahr tritt er zum ersten Mal mit seiner eigenen Band auf &#8211; mit Mitgliedern, die alle \u00fcber Erfahrungen aus verschiedenen Bands und eine lange Geschichte in Svalbard verf\u00fcgen: Bj\u00f8rn Pedersen (Schlagzeug und Gesang) und Eirik Dahl (Bass).   <\/p>\n\n<p>Hansen lebt seit mehr als 25 Jahren in Svalbard und hat viele Jahre lang in der Svea-Mine gearbeitet. Nach der Schlie\u00dfung der Mine arbeitete er als Elektriker in der inzwischen stillgelegten Mine 7 in der N\u00e4he von Longyearbyen. In seiner Freizeit hat er in Bands wie Howlin&#8216; Huskies, Advent Bay Poolboys und Trio Grande gespielt. Als Solok\u00fcnstler spielt er Roots-Musik mit Elementen von Blues, Americana und Rock. Letztes Jahr ver\u00f6ffentlichte er die EP &#8222;Some Songs From The Mountain&#8220; mit eigenen Songs. &#8222;A Coal Mining Problem (In A Tourist Town)&#8220; ist einer von mehreren, die auf lokalen Gegebenheiten basieren. Mit einer Band tendiert sein Repertoire eher in Richtung Bluesrock und einer Mischung aus Originalmaterial und alten Klassikern, inspiriert von Pionieren wie Robert Johnson und j\u00fcngeren K\u00fcnstlern wie Gary Clark Jr.     <\/p>\n\n<p class=\"has-text-align-center has-background\" style=\"background-color:#e2e2e2;font-size:12px\"><strong>Dark Season Blues\u00a92025<\/strong><\/p>\n\n<figure class=\"wp-block-embed is-type-video is-provider-youtube wp-block-embed-youtube wp-embed-aspect-16-9 wp-has-aspect-ratio\"><div class=\"wp-block-embed__wrapper\">\n<iframe title=\"Flood in the coal mine\" width=\"1200\" height=\"675\" src=\"https:\/\/www.youtube.com\/embed\/LIIaxK-xEAQ?feature=oembed\" frameborder=\"0\" allow=\"accelerometer; autoplay; clipboard-write; encrypted-media; gyroscope; picture-in-picture; web-share\" referrerpolicy=\"strict-origin-when-cross-origin\" allowfullscreen><\/iframe>\n<\/div><\/figure>\n","protected":false},"excerpt":{"rendered":"<p>Jon Gunnar Hansen (Gitarre und Gesang), oder JG Hansen, wie er sich selbst nennt, wenn er die B\u00fchne betritt, ist ein lokaler Singer\/Songwriter, der dem Festivalpublikum gut bekannt ist, zun\u00e4chst als Mitglied der Howlin&#8216; Huskies und sp\u00e4ter als Solok\u00fcnstler. In diesem Jahr tritt er zum ersten Mal mit seiner eigenen Band auf &#8211; mit Mitgliedern, &#8230; <\/p>\n<p class=\"read-more-container\"><a title=\"JG Hansen Band (SJ)\" class=\"read-more button\" href=\"https:\/\/www.svalbardblues.com\/de\/dsb\/artister\/jg-hansen-ge\/#more-24953\" aria-label=\"Mehr Informationen \u00fcber JG Hansen Band (SJ)\">Read more<\/a><\/p>\n","protected":false},"author":1,"featured_media":25269,"parent":24596,"menu_order":0,"comment_status":"closed","ping_status":"closed","template":"","meta":{"inline_featured_image":false,"footnotes":""},"class_list":["post-24953","page","type-page","status-publish","has-post-thumbnail"],"yoast_head":"<!-- This site is optimized with the Yoast SEO Premium plugin v26.2 (Yoast SEO v27.5) - https:\/\/yoast.com\/product\/yoast-seo-premium-wordpress\/ -->\n<title>JG Hansen Band (SJ) | Dark Season Blues - SVALBARD<\/title>\n<meta name=\"description\" content=\"Jon Gunnar Hansen, oder JG Hansen, wie er sich nennt, wenn er auf der B\u00fchne steht, ist ein lokaler Singer\/Songwriter, der neben seinen eigenen Liedern auch die Musik anderer K\u00fcnstler interpretiert. Er lebt seit mehr als 25 Jahren in Svalbard und hat viele Jahre in der inzwischen geschlossenen Svea-Mine gearbeitet.\" \/>\n<meta name=\"robots\" content=\"index, follow, max-snippet:-1, max-image-preview:large, max-video-preview:-1\" \/>\n<link rel=\"canonical\" href=\"https:\/\/www.svalbardblues.com\/de\/dsb\/artister\/jg-hansen-ge\/\" \/>\n<meta property=\"og:locale\" content=\"de_DE\" \/>\n<meta property=\"og:type\" content=\"article\" \/>\n<meta property=\"og:title\" content=\"JG Hansen Band (SJ)\" \/>\n<meta property=\"og:description\" content=\"Jon Gunnar Hansen, oder JG Hansen, wie er sich nennt, wenn er auf der B\u00fchne steht, ist ein lokaler Singer\/Songwriter, der neben seinen eigenen Liedern auch die Musik anderer K\u00fcnstler interpretiert. Er lebt seit mehr als 25 Jahren in Svalbard und hat viele Jahre in der inzwischen geschlossenen Svea-Mine gearbeitet.\" \/>\n<meta property=\"og:url\" content=\"https:\/\/www.svalbardblues.com\/de\/dsb\/artister\/jg-hansen-ge\/\" \/>\n<meta property=\"og:site_name\" content=\"Dark Season Blues | SVALBARD\" \/>\n<meta property=\"article:publisher\" content=\"https:\/\/www.facebook.com\/DarkSeasonBlues\" \/>\n<meta property=\"article:modified_time\" content=\"2026-02-23T21:55:52+00:00\" \/>\n<meta property=\"og:image\" content=\"https:\/\/www.svalbardblues.com\/wp-content\/uploads\/2025\/10\/DSB_Illustrasjon_med_JG-Hansen-Band-1024x532.jpg\" \/>\n<meta name=\"twitter:label1\" content=\"Gesch\u00e4tzte Lesezeit\" \/>\n\t<meta name=\"twitter:data1\" content=\"1\u00a0Minute\" \/>\n<script type=\"application\/ld+json\" class=\"yoast-schema-graph\">{\"@context\":\"https:\\\/\\\/schema.org\",\"@graph\":[{\"@type\":\"WebPage\",\"@id\":\"https:\\\/\\\/www.svalbardblues.com\\\/de\\\/dsb\\\/artister\\\/jg-hansen-ge\\\/\",\"url\":\"https:\\\/\\\/www.svalbardblues.com\\\/de\\\/dsb\\\/artister\\\/jg-hansen-ge\\\/\",\"name\":\"JG Hansen Band (SJ) | Dark Season Blues - SVALBARD\",\"isPartOf\":{\"@id\":\"https:\\\/\\\/www.svalbardblues.com\\\/de\\\/#website\"},\"primaryImageOfPage\":{\"@id\":\"https:\\\/\\\/www.svalbardblues.com\\\/de\\\/dsb\\\/artister\\\/jg-hansen-ge\\\/#primaryimage\"},\"image\":{\"@id\":\"https:\\\/\\\/www.svalbardblues.com\\\/de\\\/dsb\\\/artister\\\/jg-hansen-ge\\\/#primaryimage\"},\"thumbnailUrl\":\"https:\\\/\\\/www.svalbardblues.com\\\/wp-content\\\/uploads\\\/2025\\\/10\\\/JG-Hansen-Band.webp\",\"datePublished\":\"2023-07-01T22:00:00+00:00\",\"dateModified\":\"2026-02-23T21:55:52+00:00\",\"description\":\"Jon Gunnar Hansen, oder JG Hansen, wie er sich nennt, wenn er auf der B\u00fchne steht, ist ein lokaler Singer\\\/Songwriter, der neben seinen eigenen Liedern auch die Musik anderer K\u00fcnstler interpretiert. Er lebt seit mehr als 25 Jahren in Svalbard und hat viele Jahre in der inzwischen geschlossenen Svea-Mine gearbeitet.\",\"breadcrumb\":{\"@id\":\"https:\\\/\\\/www.svalbardblues.com\\\/de\\\/dsb\\\/artister\\\/jg-hansen-ge\\\/#breadcrumb\"},\"inLanguage\":\"de\",\"potentialAction\":[{\"@type\":\"ReadAction\",\"target\":[\"https:\\\/\\\/www.svalbardblues.com\\\/de\\\/dsb\\\/artister\\\/jg-hansen-ge\\\/\"]}]},{\"@type\":\"ImageObject\",\"inLanguage\":\"de\",\"@id\":\"https:\\\/\\\/www.svalbardblues.com\\\/de\\\/dsb\\\/artister\\\/jg-hansen-ge\\\/#primaryimage\",\"url\":\"https:\\\/\\\/www.svalbardblues.com\\\/wp-content\\\/uploads\\\/2025\\\/10\\\/JG-Hansen-Band.webp\",\"contentUrl\":\"https:\\\/\\\/www.svalbardblues.com\\\/wp-content\\\/uploads\\\/2025\\\/10\\\/JG-Hansen-Band.webp\",\"width\":1200,\"height\":617,\"caption\":\"JG Hansen Band\"},{\"@type\":\"BreadcrumbList\",\"@id\":\"https:\\\/\\\/www.svalbardblues.com\\\/de\\\/dsb\\\/artister\\\/jg-hansen-ge\\\/#breadcrumb\",\"itemListElement\":[{\"@type\":\"ListItem\",\"position\":1,\"name\":\"Hjem\",\"item\":\"https:\\\/\\\/www.svalbardblues.com\\\/de\\\/\"},{\"@type\":\"ListItem\",\"position\":2,\"name\":\"Dunkle Jahreszeit Blues Spitzbergen\",\"item\":\"https:\\\/\\\/www.svalbardblues.com\\\/de\\\/dsb\\\/\"},{\"@type\":\"ListItem\",\"position\":3,\"name\":\"K\u00fcnstler | Dunkle Jahreszeit Blues 2026\",\"item\":\"https:\\\/\\\/www.svalbardblues.com\\\/de\\\/dsb\\\/artister\\\/\"},{\"@type\":\"ListItem\",\"position\":4,\"name\":\"JG Hansen Band (SJ)\"}]},{\"@type\":\"WebSite\",\"@id\":\"https:\\\/\\\/www.svalbardblues.com\\\/de\\\/#website\",\"url\":\"https:\\\/\\\/www.svalbardblues.com\\\/de\\\/\",\"name\":\"Dark Season Blues | SVALBARD\",\"description\":\"The World&#039;s Northenmost Blues Festival\",\"publisher\":{\"@id\":\"https:\\\/\\\/www.svalbardblues.com\\\/de\\\/#organization\"},\"potentialAction\":[{\"@type\":\"SearchAction\",\"target\":{\"@type\":\"EntryPoint\",\"urlTemplate\":\"https:\\\/\\\/www.svalbardblues.com\\\/de\\\/?s={search_term_string}\"},\"query-input\":{\"@type\":\"PropertyValueSpecification\",\"valueRequired\":true,\"valueName\":\"search_term_string\"}}],\"inLanguage\":\"de\"},{\"@type\":\"Organization\",\"@id\":\"https:\\\/\\\/www.svalbardblues.com\\\/de\\\/#organization\",\"name\":\"Dark Season Blues\",\"url\":\"https:\\\/\\\/www.svalbardblues.com\\\/de\\\/\",\"logo\":{\"@type\":\"ImageObject\",\"inLanguage\":\"de\",\"@id\":\"https:\\\/\\\/www.svalbardblues.com\\\/de\\\/#\\\/schema\\\/logo\\\/image\\\/\",\"url\":\"https:\\\/\\\/www.svalbardblues.com\\\/wp-content\\\/uploads\\\/2017\\\/06\\\/DSB2017-Illustrasjon-620.jpg\",\"contentUrl\":\"https:\\\/\\\/www.svalbardblues.com\\\/wp-content\\\/uploads\\\/2017\\\/06\\\/DSB2017-Illustrasjon-620.jpg\",\"width\":620,\"height\":488,\"caption\":\"Dark Season Blues\"},\"image\":{\"@id\":\"https:\\\/\\\/www.svalbardblues.com\\\/de\\\/#\\\/schema\\\/logo\\\/image\\\/\"},\"sameAs\":[\"https:\\\/\\\/www.facebook.com\\\/DarkSeasonBlues\",\"https:\\\/\\\/x.com\\\/DarkSeasonBlues\",\"https:\\\/\\\/www.instagram.com\\\/darkseasonblues\\\/\",\"https:\\\/\\\/no.wikipedia.org\\\/wiki\\\/Dark_Season_Blues\"]}]}<\/script>\n<!-- \/ Yoast SEO Premium plugin. -->","yoast_head_json":{"title":"JG Hansen Band (SJ) | Dark Season Blues - SVALBARD","description":"Jon Gunnar Hansen, oder JG Hansen, wie er sich nennt, wenn er auf der B\u00fchne steht, ist ein lokaler Singer\/Songwriter, der neben seinen eigenen Liedern auch die Musik anderer K\u00fcnstler interpretiert. Er lebt seit mehr als 25 Jahren in Svalbard und hat viele Jahre in der inzwischen geschlossenen Svea-Mine gearbeitet.","robots":{"index":"index","follow":"follow","max-snippet":"max-snippet:-1","max-image-preview":"max-image-preview:large","max-video-preview":"max-video-preview:-1"},"canonical":"https:\/\/www.svalbardblues.com\/de\/dsb\/artister\/jg-hansen-ge\/","og_locale":"de_DE","og_type":"article","og_title":"JG Hansen Band (SJ)","og_description":"Jon Gunnar Hansen, oder JG Hansen, wie er sich nennt, wenn er auf der B\u00fchne steht, ist ein lokaler Singer\/Songwriter, der neben seinen eigenen Liedern auch die Musik anderer K\u00fcnstler interpretiert. Er lebt seit mehr als 25 Jahren in Svalbard und hat viele Jahre in der inzwischen geschlossenen Svea-Mine gearbeitet.","og_url":"https:\/\/www.svalbardblues.com\/de\/dsb\/artister\/jg-hansen-ge\/","og_site_name":"Dark Season Blues | SVALBARD","article_publisher":"https:\/\/www.facebook.com\/DarkSeasonBlues","article_modified_time":"2026-02-23T21:55:52+00:00","og_image":[{"url":"https:\/\/www.svalbardblues.com\/wp-content\/uploads\/2025\/10\/DSB_Illustrasjon_med_JG-Hansen-Band-1024x532.jpg","type":"","width":"","height":""}],"twitter_misc":{"Gesch\u00e4tzte Lesezeit":"1\u00a0Minute"},"schema":{"@context":"https:\/\/schema.org","@graph":[{"@type":"WebPage","@id":"https:\/\/www.svalbardblues.com\/de\/dsb\/artister\/jg-hansen-ge\/","url":"https:\/\/www.svalbardblues.com\/de\/dsb\/artister\/jg-hansen-ge\/","name":"JG Hansen Band (SJ) | Dark Season Blues - SVALBARD","isPartOf":{"@id":"https:\/\/www.svalbardblues.com\/de\/#website"},"primaryImageOfPage":{"@id":"https:\/\/www.svalbardblues.com\/de\/dsb\/artister\/jg-hansen-ge\/#primaryimage"},"image":{"@id":"https:\/\/www.svalbardblues.com\/de\/dsb\/artister\/jg-hansen-ge\/#primaryimage"},"thumbnailUrl":"https:\/\/www.svalbardblues.com\/wp-content\/uploads\/2025\/10\/JG-Hansen-Band.webp","datePublished":"2023-07-01T22:00:00+00:00","dateModified":"2026-02-23T21:55:52+00:00","description":"Jon Gunnar Hansen, oder JG Hansen, wie er sich nennt, wenn er auf der B\u00fchne steht, ist ein lokaler Singer\/Songwriter, der neben seinen eigenen Liedern auch die Musik anderer K\u00fcnstler interpretiert. Er lebt seit mehr als 25 Jahren in Svalbard und hat viele Jahre in der inzwischen geschlossenen Svea-Mine gearbeitet.","breadcrumb":{"@id":"https:\/\/www.svalbardblues.com\/de\/dsb\/artister\/jg-hansen-ge\/#breadcrumb"},"inLanguage":"de","potentialAction":[{"@type":"ReadAction","target":["https:\/\/www.svalbardblues.com\/de\/dsb\/artister\/jg-hansen-ge\/"]}]},{"@type":"ImageObject","inLanguage":"de","@id":"https:\/\/www.svalbardblues.com\/de\/dsb\/artister\/jg-hansen-ge\/#primaryimage","url":"https:\/\/www.svalbardblues.com\/wp-content\/uploads\/2025\/10\/JG-Hansen-Band.webp","contentUrl":"https:\/\/www.svalbardblues.com\/wp-content\/uploads\/2025\/10\/JG-Hansen-Band.webp","width":1200,"height":617,"caption":"JG Hansen Band"},{"@type":"BreadcrumbList","@id":"https:\/\/www.svalbardblues.com\/de\/dsb\/artister\/jg-hansen-ge\/#breadcrumb","itemListElement":[{"@type":"ListItem","position":1,"name":"Hjem","item":"https:\/\/www.svalbardblues.com\/de\/"},{"@type":"ListItem","position":2,"name":"Dunkle Jahreszeit Blues Spitzbergen","item":"https:\/\/www.svalbardblues.com\/de\/dsb\/"},{"@type":"ListItem","position":3,"name":"K\u00fcnstler | Dunkle Jahreszeit Blues 2026","item":"https:\/\/www.svalbardblues.com\/de\/dsb\/artister\/"},{"@type":"ListItem","position":4,"name":"JG Hansen Band (SJ)"}]},{"@type":"WebSite","@id":"https:\/\/www.svalbardblues.com\/de\/#website","url":"https:\/\/www.svalbardblues.com\/de\/","name":"Dark Season Blues | SVALBARD","description":"The World&#039;s Northenmost Blues Festival","publisher":{"@id":"https:\/\/www.svalbardblues.com\/de\/#organization"},"potentialAction":[{"@type":"SearchAction","target":{"@type":"EntryPoint","urlTemplate":"https:\/\/www.svalbardblues.com\/de\/?s={search_term_string}"},"query-input":{"@type":"PropertyValueSpecification","valueRequired":true,"valueName":"search_term_string"}}],"inLanguage":"de"},{"@type":"Organization","@id":"https:\/\/www.svalbardblues.com\/de\/#organization","name":"Dark Season Blues","url":"https:\/\/www.svalbardblues.com\/de\/","logo":{"@type":"ImageObject","inLanguage":"de","@id":"https:\/\/www.svalbardblues.com\/de\/#\/schema\/logo\/image\/","url":"https:\/\/www.svalbardblues.com\/wp-content\/uploads\/2017\/06\/DSB2017-Illustrasjon-620.jpg","contentUrl":"https:\/\/www.svalbardblues.com\/wp-content\/uploads\/2017\/06\/DSB2017-Illustrasjon-620.jpg","width":620,"height":488,"caption":"Dark Season Blues"},"image":{"@id":"https:\/\/www.svalbardblues.com\/de\/#\/schema\/logo\/image\/"},"sameAs":["https:\/\/www.facebook.com\/DarkSeasonBlues","https:\/\/x.com\/DarkSeasonBlues","https:\/\/www.instagram.com\/darkseasonblues\/","https:\/\/no.wikipedia.org\/wiki\/Dark_Season_Blues"]}]}},"_links":{"self":[{"href":"https:\/\/www.svalbardblues.com\/de\/wp-json\/wp\/v2\/pages\/24953","targetHints":{"allow":["GET"]}}],"collection":[{"href":"https:\/\/www.svalbardblues.com\/de\/wp-json\/wp\/v2\/pages"}],"about":[{"href":"https:\/\/www.svalbardblues.com\/de\/wp-json\/wp\/v2\/types\/page"}],"author":[{"embeddable":true,"href":"https:\/\/www.svalbardblues.com\/de\/wp-json\/wp\/v2\/users\/1"}],"replies":[{"embeddable":true,"href":"https:\/\/www.svalbardblues.com\/de\/wp-json\/wp\/v2\/comments?post=24953"}],"version-history":[{"count":1,"href":"https:\/\/www.svalbardblues.com\/de\/wp-json\/wp\/v2\/pages\/24953\/revisions"}],"predecessor-version":[{"id":24959,"href":"https:\/\/www.svalbardblues.com\/de\/wp-json\/wp\/v2\/pages\/24953\/revisions\/24959"}],"up":[{"embeddable":true,"href":"https:\/\/www.svalbardblues.com\/de\/wp-json\/wp\/v2\/pages\/24596"}],"wp:featuredmedia":[{"embeddable":true,"href":"https:\/\/www.svalbardblues.com\/de\/wp-json\/wp\/v2\/media\/25269"}],"wp:attachment":[{"href":"https:\/\/www.svalbardblues.com\/de\/wp-json\/wp\/v2\/media?parent=24953"}],"curies":[{"name":"wp","href":"https:\/\/api.w.org\/{rel}","templated":true}]}}