{"id":25457,"date":"2025-01-29T07:29:20","date_gmt":"2025-01-29T07:29:20","guid":{"rendered":"https:\/\/www.svalbardblues.com\/dsb\/artists\/arne-skage-the-procrastinators\/"},"modified":"2026-02-23T21:55:54","modified_gmt":"2026-02-23T21:55:54","slug":"arne-skage-the-procrastinators","status":"publish","type":"page","link":"https:\/\/www.svalbardblues.com\/de\/dsb\/artister\/arne-skage-the-procrastinators\/","title":{"rendered":"Arne Skage und die Prokrastinatoren (NO)"},"content":{"rendered":"\n<p class=\"has-drop-cap\">Der Gitarrist Arne Skage ist ein Veteran der Blues\/Roots\/Americana-Szene in Norwegen. Als Musiker von der Bl\u00fctezeit von (Rita &amp; Frank) Eriksen bis hin zu 30 Jahren als rechte Hand von Bluesk\u00f6nig Reidar Larsen ist Skages unverwechselbare Slide-Gitarre seit 1990 auf Hits und B\u00fchnen zu h\u00f6ren.  Als Produzent hat Skage zwei Alben mit Myrull und zwei mit Joe Rusi gemacht, darunter das Spellemann-nominierte &#8222;Who i Am&#8220; von 2015 und Daniel Eriksens Spellemann-Gewinner &#8222;Barefoot Among Scarecrows&#8220; von 2020.  <\/p>\n\n<p>Nachdem er an mehr als 70 Plattenproduktionen f\u00fcr andere K\u00fcnstler mitgewirkt hatte, gab er im Februar 2021 sein Solodeb\u00fct. &#8222;Procrastination Blues&#8220; erhielt gute Kritiken im In- und Ausland. Im letzten Jahr erschien sein Nachfolger &#8222;Rootwork&#8220;, der wie sein Deb\u00fct einen unverwechselbaren Geruch und Geschmack von Jambalaya und Gumbo hat. Das Album wurde teilweise in New Orleans mit lokalen Musikern als Gastk\u00fcnstlern aufgenommen. Das diesj\u00e4hrige Dark Season Blues ist Skages Svalbard-Deb\u00fct als Solok\u00fcnstler.    <\/p>\n\n<p class=\"has-text-align-center has-background\" style=\"background-color:#e2e2e2;font-size:12px\"><strong>Dark Season Blues\u00a92025<\/strong><\/p>\n\n<p><\/p>\n","protected":false},"excerpt":{"rendered":"<p>Der Gitarrist Arne Skage ist ein Veteran der Blues\/Roots\/Americana-Szene in Norwegen. Als Musiker von der Bl\u00fctezeit von (Rita &amp; Frank) Eriksen bis hin zu 30 Jahren als rechte Hand von Bluesk\u00f6nig Reidar Larsen ist Skages unverwechselbare Slide-Gitarre seit 1990 auf Hits und B\u00fchnen zu h\u00f6ren. Als Produzent hat Skage zwei Alben mit Myrull und zwei &#8230; <\/p>\n<p class=\"read-more-container\"><a title=\"Arne Skage und die Prokrastinatoren (NO)\" class=\"read-more button\" href=\"https:\/\/www.svalbardblues.com\/de\/dsb\/artister\/arne-skage-the-procrastinators\/#more-25457\" aria-label=\"Mehr Informationen \u00fcber Arne Skage und die Prokrastinatoren (NO)\">Read more<\/a><\/p>\n","protected":false},"author":1,"featured_media":25458,"parent":24596,"menu_order":0,"comment_status":"closed","ping_status":"closed","template":"","meta":{"inline_featured_image":false,"footnotes":""},"class_list":["post-25457","page","type-page","status-publish","has-post-thumbnail"],"yoast_head":"<!-- This site is optimized with the Yoast SEO Premium plugin v26.2 (Yoast SEO v27.5) - https:\/\/yoast.com\/product\/yoast-seo-premium-wordpress\/ -->\n<title>Arne Skage und die Prokrastinatoren (NO) | Dark Season Blues - SVALBARD<\/title>\n<meta name=\"description\" content=\"Der Gitarrist Arne Skage ist ein Veteran der Blues\/Roots\/Americana-Szene in Norwegen. Als Musiker von der Bl\u00fctezeit von (Rita &amp; Frank) Eriksen bis hin zu 30 Jahren als rechte Hand von Bluesk\u00f6nig Reidar Larsen ist Skages unverwechselbare Slide-Gitarre seit 1990 auf Hits und B\u00fchnen zu h\u00f6ren.\" \/>\n<meta name=\"robots\" content=\"index, follow, max-snippet:-1, max-image-preview:large, max-video-preview:-1\" \/>\n<link rel=\"canonical\" href=\"https:\/\/www.svalbardblues.com\/de\/dsb\/artister\/arne-skage-the-procrastinators\/\" \/>\n<meta property=\"og:locale\" content=\"de_DE\" \/>\n<meta property=\"og:type\" content=\"article\" \/>\n<meta property=\"og:title\" content=\"Arne Skage und die Prokrastinatoren (NO)\" \/>\n<meta property=\"og:description\" content=\"Der Gitarrist Arne Skage ist ein Veteran der Blues\/Roots\/Americana-Szene in Norwegen. Als Musiker von der Bl\u00fctezeit von (Rita &amp; Frank) Eriksen bis hin zu 30 Jahren als rechte Hand von Bluesk\u00f6nig Reidar Larsen ist Skages unverwechselbare Slide-Gitarre seit 1990 auf Hits und B\u00fchnen zu h\u00f6ren.\" \/>\n<meta property=\"og:url\" content=\"https:\/\/www.svalbardblues.com\/de\/dsb\/artister\/arne-skage-the-procrastinators\/\" \/>\n<meta property=\"og:site_name\" content=\"Dark Season Blues | SVALBARD\" \/>\n<meta property=\"article:publisher\" content=\"https:\/\/www.facebook.com\/DarkSeasonBlues\" \/>\n<meta property=\"article:modified_time\" content=\"2026-02-23T21:55:54+00:00\" \/>\n<meta property=\"og:image\" content=\"https:\/\/www.svalbardblues.com\/wp-content\/uploads\/2025\/10\/DSB_Illustrasjon_Arne_Skage-1024x532.jpg\" \/>\n<meta name=\"twitter:label1\" content=\"Gesch\u00e4tzte Lesezeit\" \/>\n\t<meta name=\"twitter:data1\" content=\"1\u00a0Minute\" \/>\n<script type=\"application\/ld+json\" class=\"yoast-schema-graph\">{\"@context\":\"https:\\\/\\\/schema.org\",\"@graph\":[{\"@type\":\"WebPage\",\"@id\":\"https:\\\/\\\/www.svalbardblues.com\\\/de\\\/dsb\\\/artister\\\/arne-skage-the-procrastinators\\\/\",\"url\":\"https:\\\/\\\/www.svalbardblues.com\\\/de\\\/dsb\\\/artister\\\/arne-skage-the-procrastinators\\\/\",\"name\":\"Arne Skage und die Prokrastinatoren (NO) | Dark Season Blues - SVALBARD\",\"isPartOf\":{\"@id\":\"https:\\\/\\\/www.svalbardblues.com\\\/de\\\/#website\"},\"primaryImageOfPage\":{\"@id\":\"https:\\\/\\\/www.svalbardblues.com\\\/de\\\/dsb\\\/artister\\\/arne-skage-the-procrastinators\\\/#primaryimage\"},\"image\":{\"@id\":\"https:\\\/\\\/www.svalbardblues.com\\\/de\\\/dsb\\\/artister\\\/arne-skage-the-procrastinators\\\/#primaryimage\"},\"thumbnailUrl\":\"https:\\\/\\\/www.svalbardblues.com\\\/wp-content\\\/uploads\\\/2025\\\/01\\\/Arne-Skage-Dark-Season-Blues-2025-1200.webp\",\"datePublished\":\"2025-01-29T07:29:20+00:00\",\"dateModified\":\"2026-02-23T21:55:54+00:00\",\"description\":\"Der Gitarrist Arne Skage ist ein Veteran der Blues\\\/Roots\\\/Americana-Szene in Norwegen. Als Musiker von der Bl\u00fctezeit von (Rita & Frank) Eriksen bis hin zu 30 Jahren als rechte Hand von Bluesk\u00f6nig Reidar Larsen ist Skages unverwechselbare Slide-Gitarre seit 1990 auf Hits und B\u00fchnen zu h\u00f6ren.\",\"breadcrumb\":{\"@id\":\"https:\\\/\\\/www.svalbardblues.com\\\/de\\\/dsb\\\/artister\\\/arne-skage-the-procrastinators\\\/#breadcrumb\"},\"inLanguage\":\"de\",\"potentialAction\":[{\"@type\":\"ReadAction\",\"target\":[\"https:\\\/\\\/www.svalbardblues.com\\\/de\\\/dsb\\\/artister\\\/arne-skage-the-procrastinators\\\/\"]}]},{\"@type\":\"ImageObject\",\"inLanguage\":\"de\",\"@id\":\"https:\\\/\\\/www.svalbardblues.com\\\/de\\\/dsb\\\/artister\\\/arne-skage-the-procrastinators\\\/#primaryimage\",\"url\":\"https:\\\/\\\/www.svalbardblues.com\\\/wp-content\\\/uploads\\\/2025\\\/01\\\/Arne-Skage-Dark-Season-Blues-2025-1200.webp\",\"contentUrl\":\"https:\\\/\\\/www.svalbardblues.com\\\/wp-content\\\/uploads\\\/2025\\\/01\\\/Arne-Skage-Dark-Season-Blues-2025-1200.webp\",\"width\":1200,\"height\":800,\"caption\":\"Arne Skage and the Procrastinators (NO)\"},{\"@type\":\"BreadcrumbList\",\"@id\":\"https:\\\/\\\/www.svalbardblues.com\\\/de\\\/dsb\\\/artister\\\/arne-skage-the-procrastinators\\\/#breadcrumb\",\"itemListElement\":[{\"@type\":\"ListItem\",\"position\":1,\"name\":\"Hjem\",\"item\":\"https:\\\/\\\/www.svalbardblues.com\\\/de\\\/\"},{\"@type\":\"ListItem\",\"position\":2,\"name\":\"Dunkle Jahreszeit Blues Spitzbergen\",\"item\":\"https:\\\/\\\/www.svalbardblues.com\\\/de\\\/dsb\\\/\"},{\"@type\":\"ListItem\",\"position\":3,\"name\":\"K\u00fcnstler | Dunkle Jahreszeit Blues 2026\",\"item\":\"https:\\\/\\\/www.svalbardblues.com\\\/de\\\/dsb\\\/artister\\\/\"},{\"@type\":\"ListItem\",\"position\":4,\"name\":\"Arne Skage und die Prokrastinatoren (NO)\"}]},{\"@type\":\"WebSite\",\"@id\":\"https:\\\/\\\/www.svalbardblues.com\\\/de\\\/#website\",\"url\":\"https:\\\/\\\/www.svalbardblues.com\\\/de\\\/\",\"name\":\"Dark Season Blues | SVALBARD\",\"description\":\"The World&#039;s Northenmost Blues Festival\",\"publisher\":{\"@id\":\"https:\\\/\\\/www.svalbardblues.com\\\/de\\\/#organization\"},\"potentialAction\":[{\"@type\":\"SearchAction\",\"target\":{\"@type\":\"EntryPoint\",\"urlTemplate\":\"https:\\\/\\\/www.svalbardblues.com\\\/de\\\/?s={search_term_string}\"},\"query-input\":{\"@type\":\"PropertyValueSpecification\",\"valueRequired\":true,\"valueName\":\"search_term_string\"}}],\"inLanguage\":\"de\"},{\"@type\":\"Organization\",\"@id\":\"https:\\\/\\\/www.svalbardblues.com\\\/de\\\/#organization\",\"name\":\"Dark Season Blues\",\"url\":\"https:\\\/\\\/www.svalbardblues.com\\\/de\\\/\",\"logo\":{\"@type\":\"ImageObject\",\"inLanguage\":\"de\",\"@id\":\"https:\\\/\\\/www.svalbardblues.com\\\/de\\\/#\\\/schema\\\/logo\\\/image\\\/\",\"url\":\"https:\\\/\\\/www.svalbardblues.com\\\/wp-content\\\/uploads\\\/2017\\\/06\\\/DSB2017-Illustrasjon-620.jpg\",\"contentUrl\":\"https:\\\/\\\/www.svalbardblues.com\\\/wp-content\\\/uploads\\\/2017\\\/06\\\/DSB2017-Illustrasjon-620.jpg\",\"width\":620,\"height\":488,\"caption\":\"Dark Season Blues\"},\"image\":{\"@id\":\"https:\\\/\\\/www.svalbardblues.com\\\/de\\\/#\\\/schema\\\/logo\\\/image\\\/\"},\"sameAs\":[\"https:\\\/\\\/www.facebook.com\\\/DarkSeasonBlues\",\"https:\\\/\\\/x.com\\\/DarkSeasonBlues\",\"https:\\\/\\\/www.instagram.com\\\/darkseasonblues\\\/\",\"https:\\\/\\\/no.wikipedia.org\\\/wiki\\\/Dark_Season_Blues\"]}]}<\/script>\n<!-- \/ Yoast SEO Premium plugin. -->","yoast_head_json":{"title":"Arne Skage und die Prokrastinatoren (NO) | Dark Season Blues - SVALBARD","description":"Der Gitarrist Arne Skage ist ein Veteran der Blues\/Roots\/Americana-Szene in Norwegen. Als Musiker von der Bl\u00fctezeit von (Rita & Frank) Eriksen bis hin zu 30 Jahren als rechte Hand von Bluesk\u00f6nig Reidar Larsen ist Skages unverwechselbare Slide-Gitarre seit 1990 auf Hits und B\u00fchnen zu h\u00f6ren.","robots":{"index":"index","follow":"follow","max-snippet":"max-snippet:-1","max-image-preview":"max-image-preview:large","max-video-preview":"max-video-preview:-1"},"canonical":"https:\/\/www.svalbardblues.com\/de\/dsb\/artister\/arne-skage-the-procrastinators\/","og_locale":"de_DE","og_type":"article","og_title":"Arne Skage und die Prokrastinatoren (NO)","og_description":"Der Gitarrist Arne Skage ist ein Veteran der Blues\/Roots\/Americana-Szene in Norwegen. Als Musiker von der Bl\u00fctezeit von (Rita & Frank) Eriksen bis hin zu 30 Jahren als rechte Hand von Bluesk\u00f6nig Reidar Larsen ist Skages unverwechselbare Slide-Gitarre seit 1990 auf Hits und B\u00fchnen zu h\u00f6ren.","og_url":"https:\/\/www.svalbardblues.com\/de\/dsb\/artister\/arne-skage-the-procrastinators\/","og_site_name":"Dark Season Blues | SVALBARD","article_publisher":"https:\/\/www.facebook.com\/DarkSeasonBlues","article_modified_time":"2026-02-23T21:55:54+00:00","og_image":[{"url":"https:\/\/www.svalbardblues.com\/wp-content\/uploads\/2025\/10\/DSB_Illustrasjon_Arne_Skage-1024x532.jpg","type":"","width":"","height":""}],"twitter_misc":{"Gesch\u00e4tzte Lesezeit":"1\u00a0Minute"},"schema":{"@context":"https:\/\/schema.org","@graph":[{"@type":"WebPage","@id":"https:\/\/www.svalbardblues.com\/de\/dsb\/artister\/arne-skage-the-procrastinators\/","url":"https:\/\/www.svalbardblues.com\/de\/dsb\/artister\/arne-skage-the-procrastinators\/","name":"Arne Skage und die Prokrastinatoren (NO) | Dark Season Blues - SVALBARD","isPartOf":{"@id":"https:\/\/www.svalbardblues.com\/de\/#website"},"primaryImageOfPage":{"@id":"https:\/\/www.svalbardblues.com\/de\/dsb\/artister\/arne-skage-the-procrastinators\/#primaryimage"},"image":{"@id":"https:\/\/www.svalbardblues.com\/de\/dsb\/artister\/arne-skage-the-procrastinators\/#primaryimage"},"thumbnailUrl":"https:\/\/www.svalbardblues.com\/wp-content\/uploads\/2025\/01\/Arne-Skage-Dark-Season-Blues-2025-1200.webp","datePublished":"2025-01-29T07:29:20+00:00","dateModified":"2026-02-23T21:55:54+00:00","description":"Der Gitarrist Arne Skage ist ein Veteran der Blues\/Roots\/Americana-Szene in Norwegen. Als Musiker von der Bl\u00fctezeit von (Rita & Frank) Eriksen bis hin zu 30 Jahren als rechte Hand von Bluesk\u00f6nig Reidar Larsen ist Skages unverwechselbare Slide-Gitarre seit 1990 auf Hits und B\u00fchnen zu h\u00f6ren.","breadcrumb":{"@id":"https:\/\/www.svalbardblues.com\/de\/dsb\/artister\/arne-skage-the-procrastinators\/#breadcrumb"},"inLanguage":"de","potentialAction":[{"@type":"ReadAction","target":["https:\/\/www.svalbardblues.com\/de\/dsb\/artister\/arne-skage-the-procrastinators\/"]}]},{"@type":"ImageObject","inLanguage":"de","@id":"https:\/\/www.svalbardblues.com\/de\/dsb\/artister\/arne-skage-the-procrastinators\/#primaryimage","url":"https:\/\/www.svalbardblues.com\/wp-content\/uploads\/2025\/01\/Arne-Skage-Dark-Season-Blues-2025-1200.webp","contentUrl":"https:\/\/www.svalbardblues.com\/wp-content\/uploads\/2025\/01\/Arne-Skage-Dark-Season-Blues-2025-1200.webp","width":1200,"height":800,"caption":"Arne Skage and the Procrastinators (NO)"},{"@type":"BreadcrumbList","@id":"https:\/\/www.svalbardblues.com\/de\/dsb\/artister\/arne-skage-the-procrastinators\/#breadcrumb","itemListElement":[{"@type":"ListItem","position":1,"name":"Hjem","item":"https:\/\/www.svalbardblues.com\/de\/"},{"@type":"ListItem","position":2,"name":"Dunkle Jahreszeit Blues Spitzbergen","item":"https:\/\/www.svalbardblues.com\/de\/dsb\/"},{"@type":"ListItem","position":3,"name":"K\u00fcnstler | Dunkle Jahreszeit Blues 2026","item":"https:\/\/www.svalbardblues.com\/de\/dsb\/artister\/"},{"@type":"ListItem","position":4,"name":"Arne Skage und die Prokrastinatoren (NO)"}]},{"@type":"WebSite","@id":"https:\/\/www.svalbardblues.com\/de\/#website","url":"https:\/\/www.svalbardblues.com\/de\/","name":"Dark Season Blues | SVALBARD","description":"The World&#039;s Northenmost Blues Festival","publisher":{"@id":"https:\/\/www.svalbardblues.com\/de\/#organization"},"potentialAction":[{"@type":"SearchAction","target":{"@type":"EntryPoint","urlTemplate":"https:\/\/www.svalbardblues.com\/de\/?s={search_term_string}"},"query-input":{"@type":"PropertyValueSpecification","valueRequired":true,"valueName":"search_term_string"}}],"inLanguage":"de"},{"@type":"Organization","@id":"https:\/\/www.svalbardblues.com\/de\/#organization","name":"Dark Season Blues","url":"https:\/\/www.svalbardblues.com\/de\/","logo":{"@type":"ImageObject","inLanguage":"de","@id":"https:\/\/www.svalbardblues.com\/de\/#\/schema\/logo\/image\/","url":"https:\/\/www.svalbardblues.com\/wp-content\/uploads\/2017\/06\/DSB2017-Illustrasjon-620.jpg","contentUrl":"https:\/\/www.svalbardblues.com\/wp-content\/uploads\/2017\/06\/DSB2017-Illustrasjon-620.jpg","width":620,"height":488,"caption":"Dark Season Blues"},"image":{"@id":"https:\/\/www.svalbardblues.com\/de\/#\/schema\/logo\/image\/"},"sameAs":["https:\/\/www.facebook.com\/DarkSeasonBlues","https:\/\/x.com\/DarkSeasonBlues","https:\/\/www.instagram.com\/darkseasonblues\/","https:\/\/no.wikipedia.org\/wiki\/Dark_Season_Blues"]}]}},"_links":{"self":[{"href":"https:\/\/www.svalbardblues.com\/de\/wp-json\/wp\/v2\/pages\/25457","targetHints":{"allow":["GET"]}}],"collection":[{"href":"https:\/\/www.svalbardblues.com\/de\/wp-json\/wp\/v2\/pages"}],"about":[{"href":"https:\/\/www.svalbardblues.com\/de\/wp-json\/wp\/v2\/types\/page"}],"author":[{"embeddable":true,"href":"https:\/\/www.svalbardblues.com\/de\/wp-json\/wp\/v2\/users\/1"}],"replies":[{"embeddable":true,"href":"https:\/\/www.svalbardblues.com\/de\/wp-json\/wp\/v2\/comments?post=25457"}],"version-history":[{"count":1,"href":"https:\/\/www.svalbardblues.com\/de\/wp-json\/wp\/v2\/pages\/25457\/revisions"}],"predecessor-version":[{"id":25459,"href":"https:\/\/www.svalbardblues.com\/de\/wp-json\/wp\/v2\/pages\/25457\/revisions\/25459"}],"up":[{"embeddable":true,"href":"https:\/\/www.svalbardblues.com\/de\/wp-json\/wp\/v2\/pages\/24596"}],"wp:featuredmedia":[{"embeddable":true,"href":"https:\/\/www.svalbardblues.com\/de\/wp-json\/wp\/v2\/media\/25458"}],"wp:attachment":[{"href":"https:\/\/www.svalbardblues.com\/de\/wp-json\/wp\/v2\/media?parent=25457"}],"curies":[{"name":"wp","href":"https:\/\/api.w.org\/{rel}","templated":true}]}}