{"id":25480,"date":"2025-01-28T11:23:04","date_gmt":"2025-01-28T11:23:04","guid":{"rendered":"https:\/\/www.svalbardblues.com\/dsb\/artists\/bonnie-the-jets\/"},"modified":"2026-02-23T21:55:54","modified_gmt":"2026-02-23T21:55:54","slug":"bonnie-the-jets","status":"publish","type":"page","link":"https:\/\/www.svalbardblues.com\/de\/dsb\/artister\/bonnie-the-jets\/","title":{"rendered":"Bonnie und die Jets (NO)"},"content":{"rendered":"\n<p class=\"has-drop-cap\">Bonnie And The Jets, ein Name, der an einen Elton John-Hit mit fast identischem Titel erinnert, hat seinen musikalischen Ausdruck in einer Umarmung des authentischen Sounds der 60er und 70er Jahre gefunden. Mit ehrlichen und vertr\u00e4umten Texten in melodischen Landschaften, die sich durch Blues, Soul, mystischen Pop und Rock bewegen, hat Frontfrau und Songwriterin Caroline &#8222;Bonnie&#8220; Bonnet, zusammen mit der Band einen einzigartigen Ausdruck gefunden. Sie selbst bezeichnen ihr Genre als Soul-Rock.  <\/p>\n\n<p>Bonnet schreibt die Songs, mit gelegentlichen Beitr\u00e4gen des Gitarristen, Multiinstrumentalisten und Produzenten Dagfin Hjorth Hovind. Der Schlagzeuger Eiliv Sagrusten ist f\u00fcr das Abmischen zust\u00e4ndig. Die anderen Mitglieder sind Kristian Wentzel (Keys), Johanna Dahl Bryne (Backing Vocals\/Percussion) und Torstein Guttormsen (Bass). Die Band gab ihr Live-Deb\u00fct im Zusammenhang mit der Ver\u00f6ffentlichung ihres selbstbetitelten Deb\u00fctalbums im August 2022. Das Live-Deb\u00fct in Svalbard findet w\u00e4hrend Dark Season Blues statt!      <\/p>\n\n<p class=\"has-text-align-center has-background\" style=\"background-color:#e2e2e2;font-size:12px\"><strong>Dark Season Blues\u00a92025<\/strong><\/p>\n\n<p><\/p>\n","protected":false},"excerpt":{"rendered":"<p>Bonnie And The Jets, ein Name, der an einen Elton John-Hit mit fast identischem Titel erinnert, hat seinen musikalischen Ausdruck in einer Umarmung des authentischen Sounds der 60er und 70er Jahre gefunden. Mit ehrlichen und vertr\u00e4umten Texten in melodischen Landschaften, die sich durch Blues, Soul, mystischen Pop und Rock bewegen, hat Frontfrau und Songwriterin Caroline &#8230; <\/p>\n<p class=\"read-more-container\"><a title=\"Bonnie und die Jets (NO)\" class=\"read-more button\" href=\"https:\/\/www.svalbardblues.com\/de\/dsb\/artister\/bonnie-the-jets\/#more-25480\" aria-label=\"Mehr Informationen \u00fcber Bonnie und die Jets (NO)\">Read more<\/a><\/p>\n","protected":false},"author":1,"featured_media":25482,"parent":24596,"menu_order":0,"comment_status":"closed","ping_status":"closed","template":"","meta":{"inline_featured_image":false,"footnotes":""},"class_list":["post-25480","page","type-page","status-publish","has-post-thumbnail"],"yoast_head":"<!-- This site is optimized with the Yoast SEO Premium plugin v26.2 (Yoast SEO v27.4) - https:\/\/yoast.com\/product\/yoast-seo-premium-wordpress\/ -->\n<title>Bonnie und die Jets (NO) | Dark Season Blues - SVALBARD<\/title>\n<meta name=\"description\" content=\"Bonnie And The Jets, ein Name, der an einen Hit mit einem fast identischen Titel von Elton John erinnert, hat seinen musikalischen Ausdruck in einer Umarmung des authentischen Sounds der 60er und 70er Jahre gefunden.\" \/>\n<meta name=\"robots\" content=\"index, follow, max-snippet:-1, max-image-preview:large, max-video-preview:-1\" \/>\n<link rel=\"canonical\" href=\"https:\/\/www.svalbardblues.com\/de\/dsb\/artister\/bonnie-the-jets\/\" \/>\n<meta property=\"og:locale\" content=\"de_DE\" \/>\n<meta property=\"og:type\" content=\"article\" \/>\n<meta property=\"og:title\" content=\"Bonnie und die Jets (NO)\" \/>\n<meta property=\"og:description\" content=\"Bonnie And The Jets, ein Name, der an einen Hit mit einem fast identischen Titel von Elton John erinnert, hat seinen musikalischen Ausdruck in einer Umarmung des authentischen Sounds der 60er und 70er Jahre gefunden.\" \/>\n<meta property=\"og:url\" content=\"https:\/\/www.svalbardblues.com\/de\/dsb\/artister\/bonnie-the-jets\/\" \/>\n<meta property=\"og:site_name\" content=\"Dark Season Blues | SVALBARD\" \/>\n<meta property=\"article:publisher\" content=\"https:\/\/www.facebook.com\/DarkSeasonBlues\" \/>\n<meta property=\"article:modified_time\" content=\"2026-02-23T21:55:54+00:00\" \/>\n<meta property=\"og:image\" content=\"https:\/\/www.svalbardblues.com\/wp-content\/uploads\/2025\/10\/DSB_Illustrasjon_med_Bonnie-1024x532.jpg\" \/>\n<meta name=\"twitter:label1\" content=\"Gesch\u00e4tzte Lesezeit\" \/>\n\t<meta name=\"twitter:data1\" content=\"1\u00a0Minute\" \/>\n<script type=\"application\/ld+json\" class=\"yoast-schema-graph\">{\"@context\":\"https:\\\/\\\/schema.org\",\"@graph\":[{\"@type\":\"WebPage\",\"@id\":\"https:\\\/\\\/www.svalbardblues.com\\\/de\\\/dsb\\\/artister\\\/bonnie-the-jets\\\/\",\"url\":\"https:\\\/\\\/www.svalbardblues.com\\\/de\\\/dsb\\\/artister\\\/bonnie-the-jets\\\/\",\"name\":\"Bonnie und die Jets (NO) | Dark Season Blues - SVALBARD\",\"isPartOf\":{\"@id\":\"https:\\\/\\\/www.svalbardblues.com\\\/de\\\/#website\"},\"primaryImageOfPage\":{\"@id\":\"https:\\\/\\\/www.svalbardblues.com\\\/de\\\/dsb\\\/artister\\\/bonnie-the-jets\\\/#primaryimage\"},\"image\":{\"@id\":\"https:\\\/\\\/www.svalbardblues.com\\\/de\\\/dsb\\\/artister\\\/bonnie-the-jets\\\/#primaryimage\"},\"thumbnailUrl\":\"https:\\\/\\\/www.svalbardblues.com\\\/wp-content\\\/uploads\\\/2025\\\/01\\\/Bonnie-The-Jets-Dark-Season-Blues-2025-1200x.webp\",\"datePublished\":\"2025-01-28T11:23:04+00:00\",\"dateModified\":\"2026-02-23T21:55:54+00:00\",\"description\":\"Bonnie And The Jets, ein Name, der an einen Hit mit einem fast identischen Titel von Elton John erinnert, hat seinen musikalischen Ausdruck in einer Umarmung des authentischen Sounds der 60er und 70er Jahre gefunden.\",\"breadcrumb\":{\"@id\":\"https:\\\/\\\/www.svalbardblues.com\\\/de\\\/dsb\\\/artister\\\/bonnie-the-jets\\\/#breadcrumb\"},\"inLanguage\":\"de\",\"potentialAction\":[{\"@type\":\"ReadAction\",\"target\":[\"https:\\\/\\\/www.svalbardblues.com\\\/de\\\/dsb\\\/artister\\\/bonnie-the-jets\\\/\"]}]},{\"@type\":\"ImageObject\",\"inLanguage\":\"de\",\"@id\":\"https:\\\/\\\/www.svalbardblues.com\\\/de\\\/dsb\\\/artister\\\/bonnie-the-jets\\\/#primaryimage\",\"url\":\"https:\\\/\\\/www.svalbardblues.com\\\/wp-content\\\/uploads\\\/2025\\\/01\\\/Bonnie-The-Jets-Dark-Season-Blues-2025-1200x.webp\",\"contentUrl\":\"https:\\\/\\\/www.svalbardblues.com\\\/wp-content\\\/uploads\\\/2025\\\/01\\\/Bonnie-The-Jets-Dark-Season-Blues-2025-1200x.webp\",\"width\":1200,\"height\":800,\"caption\":\"Bonnie and The Jets (NO)\"},{\"@type\":\"BreadcrumbList\",\"@id\":\"https:\\\/\\\/www.svalbardblues.com\\\/de\\\/dsb\\\/artister\\\/bonnie-the-jets\\\/#breadcrumb\",\"itemListElement\":[{\"@type\":\"ListItem\",\"position\":1,\"name\":\"Hjem\",\"item\":\"https:\\\/\\\/www.svalbardblues.com\\\/de\\\/\"},{\"@type\":\"ListItem\",\"position\":2,\"name\":\"Dunkle Jahreszeit Blues Spitzbergen\",\"item\":\"https:\\\/\\\/www.svalbardblues.com\\\/de\\\/dsb\\\/\"},{\"@type\":\"ListItem\",\"position\":3,\"name\":\"K\u00fcnstler | Dunkle Jahreszeit Blues 2026\",\"item\":\"https:\\\/\\\/www.svalbardblues.com\\\/de\\\/dsb\\\/artister\\\/\"},{\"@type\":\"ListItem\",\"position\":4,\"name\":\"Bonnie und die Jets (NO)\"}]},{\"@type\":\"WebSite\",\"@id\":\"https:\\\/\\\/www.svalbardblues.com\\\/de\\\/#website\",\"url\":\"https:\\\/\\\/www.svalbardblues.com\\\/de\\\/\",\"name\":\"Dark Season Blues | SVALBARD\",\"description\":\"The World&#039;s Northenmost Blues Festival\",\"publisher\":{\"@id\":\"https:\\\/\\\/www.svalbardblues.com\\\/de\\\/#organization\"},\"potentialAction\":[{\"@type\":\"SearchAction\",\"target\":{\"@type\":\"EntryPoint\",\"urlTemplate\":\"https:\\\/\\\/www.svalbardblues.com\\\/de\\\/?s={search_term_string}\"},\"query-input\":{\"@type\":\"PropertyValueSpecification\",\"valueRequired\":true,\"valueName\":\"search_term_string\"}}],\"inLanguage\":\"de\"},{\"@type\":\"Organization\",\"@id\":\"https:\\\/\\\/www.svalbardblues.com\\\/de\\\/#organization\",\"name\":\"Dark Season Blues\",\"url\":\"https:\\\/\\\/www.svalbardblues.com\\\/de\\\/\",\"logo\":{\"@type\":\"ImageObject\",\"inLanguage\":\"de\",\"@id\":\"https:\\\/\\\/www.svalbardblues.com\\\/de\\\/#\\\/schema\\\/logo\\\/image\\\/\",\"url\":\"https:\\\/\\\/www.svalbardblues.com\\\/wp-content\\\/uploads\\\/2017\\\/06\\\/DSB2017-Illustrasjon-620.jpg\",\"contentUrl\":\"https:\\\/\\\/www.svalbardblues.com\\\/wp-content\\\/uploads\\\/2017\\\/06\\\/DSB2017-Illustrasjon-620.jpg\",\"width\":620,\"height\":488,\"caption\":\"Dark Season Blues\"},\"image\":{\"@id\":\"https:\\\/\\\/www.svalbardblues.com\\\/de\\\/#\\\/schema\\\/logo\\\/image\\\/\"},\"sameAs\":[\"https:\\\/\\\/www.facebook.com\\\/DarkSeasonBlues\",\"https:\\\/\\\/x.com\\\/DarkSeasonBlues\",\"https:\\\/\\\/www.instagram.com\\\/darkseasonblues\\\/\",\"https:\\\/\\\/no.wikipedia.org\\\/wiki\\\/Dark_Season_Blues\"]}]}<\/script>\n<!-- \/ Yoast SEO Premium plugin. -->","yoast_head_json":{"title":"Bonnie und die Jets (NO) | Dark Season Blues - SVALBARD","description":"Bonnie And The Jets, ein Name, der an einen Hit mit einem fast identischen Titel von Elton John erinnert, hat seinen musikalischen Ausdruck in einer Umarmung des authentischen Sounds der 60er und 70er Jahre gefunden.","robots":{"index":"index","follow":"follow","max-snippet":"max-snippet:-1","max-image-preview":"max-image-preview:large","max-video-preview":"max-video-preview:-1"},"canonical":"https:\/\/www.svalbardblues.com\/de\/dsb\/artister\/bonnie-the-jets\/","og_locale":"de_DE","og_type":"article","og_title":"Bonnie und die Jets (NO)","og_description":"Bonnie And The Jets, ein Name, der an einen Hit mit einem fast identischen Titel von Elton John erinnert, hat seinen musikalischen Ausdruck in einer Umarmung des authentischen Sounds der 60er und 70er Jahre gefunden.","og_url":"https:\/\/www.svalbardblues.com\/de\/dsb\/artister\/bonnie-the-jets\/","og_site_name":"Dark Season Blues | SVALBARD","article_publisher":"https:\/\/www.facebook.com\/DarkSeasonBlues","article_modified_time":"2026-02-23T21:55:54+00:00","og_image":[{"url":"https:\/\/www.svalbardblues.com\/wp-content\/uploads\/2025\/10\/DSB_Illustrasjon_med_Bonnie-1024x532.jpg","type":"","width":"","height":""}],"twitter_misc":{"Gesch\u00e4tzte Lesezeit":"1\u00a0Minute"},"schema":{"@context":"https:\/\/schema.org","@graph":[{"@type":"WebPage","@id":"https:\/\/www.svalbardblues.com\/de\/dsb\/artister\/bonnie-the-jets\/","url":"https:\/\/www.svalbardblues.com\/de\/dsb\/artister\/bonnie-the-jets\/","name":"Bonnie und die Jets (NO) | Dark Season Blues - SVALBARD","isPartOf":{"@id":"https:\/\/www.svalbardblues.com\/de\/#website"},"primaryImageOfPage":{"@id":"https:\/\/www.svalbardblues.com\/de\/dsb\/artister\/bonnie-the-jets\/#primaryimage"},"image":{"@id":"https:\/\/www.svalbardblues.com\/de\/dsb\/artister\/bonnie-the-jets\/#primaryimage"},"thumbnailUrl":"https:\/\/www.svalbardblues.com\/wp-content\/uploads\/2025\/01\/Bonnie-The-Jets-Dark-Season-Blues-2025-1200x.webp","datePublished":"2025-01-28T11:23:04+00:00","dateModified":"2026-02-23T21:55:54+00:00","description":"Bonnie And The Jets, ein Name, der an einen Hit mit einem fast identischen Titel von Elton John erinnert, hat seinen musikalischen Ausdruck in einer Umarmung des authentischen Sounds der 60er und 70er Jahre gefunden.","breadcrumb":{"@id":"https:\/\/www.svalbardblues.com\/de\/dsb\/artister\/bonnie-the-jets\/#breadcrumb"},"inLanguage":"de","potentialAction":[{"@type":"ReadAction","target":["https:\/\/www.svalbardblues.com\/de\/dsb\/artister\/bonnie-the-jets\/"]}]},{"@type":"ImageObject","inLanguage":"de","@id":"https:\/\/www.svalbardblues.com\/de\/dsb\/artister\/bonnie-the-jets\/#primaryimage","url":"https:\/\/www.svalbardblues.com\/wp-content\/uploads\/2025\/01\/Bonnie-The-Jets-Dark-Season-Blues-2025-1200x.webp","contentUrl":"https:\/\/www.svalbardblues.com\/wp-content\/uploads\/2025\/01\/Bonnie-The-Jets-Dark-Season-Blues-2025-1200x.webp","width":1200,"height":800,"caption":"Bonnie and The Jets (NO)"},{"@type":"BreadcrumbList","@id":"https:\/\/www.svalbardblues.com\/de\/dsb\/artister\/bonnie-the-jets\/#breadcrumb","itemListElement":[{"@type":"ListItem","position":1,"name":"Hjem","item":"https:\/\/www.svalbardblues.com\/de\/"},{"@type":"ListItem","position":2,"name":"Dunkle Jahreszeit Blues Spitzbergen","item":"https:\/\/www.svalbardblues.com\/de\/dsb\/"},{"@type":"ListItem","position":3,"name":"K\u00fcnstler | Dunkle Jahreszeit Blues 2026","item":"https:\/\/www.svalbardblues.com\/de\/dsb\/artister\/"},{"@type":"ListItem","position":4,"name":"Bonnie und die Jets (NO)"}]},{"@type":"WebSite","@id":"https:\/\/www.svalbardblues.com\/de\/#website","url":"https:\/\/www.svalbardblues.com\/de\/","name":"Dark Season Blues | SVALBARD","description":"The World&#039;s Northenmost Blues Festival","publisher":{"@id":"https:\/\/www.svalbardblues.com\/de\/#organization"},"potentialAction":[{"@type":"SearchAction","target":{"@type":"EntryPoint","urlTemplate":"https:\/\/www.svalbardblues.com\/de\/?s={search_term_string}"},"query-input":{"@type":"PropertyValueSpecification","valueRequired":true,"valueName":"search_term_string"}}],"inLanguage":"de"},{"@type":"Organization","@id":"https:\/\/www.svalbardblues.com\/de\/#organization","name":"Dark Season Blues","url":"https:\/\/www.svalbardblues.com\/de\/","logo":{"@type":"ImageObject","inLanguage":"de","@id":"https:\/\/www.svalbardblues.com\/de\/#\/schema\/logo\/image\/","url":"https:\/\/www.svalbardblues.com\/wp-content\/uploads\/2017\/06\/DSB2017-Illustrasjon-620.jpg","contentUrl":"https:\/\/www.svalbardblues.com\/wp-content\/uploads\/2017\/06\/DSB2017-Illustrasjon-620.jpg","width":620,"height":488,"caption":"Dark Season Blues"},"image":{"@id":"https:\/\/www.svalbardblues.com\/de\/#\/schema\/logo\/image\/"},"sameAs":["https:\/\/www.facebook.com\/DarkSeasonBlues","https:\/\/x.com\/DarkSeasonBlues","https:\/\/www.instagram.com\/darkseasonblues\/","https:\/\/no.wikipedia.org\/wiki\/Dark_Season_Blues"]}]}},"_links":{"self":[{"href":"https:\/\/www.svalbardblues.com\/de\/wp-json\/wp\/v2\/pages\/25480","targetHints":{"allow":["GET"]}}],"collection":[{"href":"https:\/\/www.svalbardblues.com\/de\/wp-json\/wp\/v2\/pages"}],"about":[{"href":"https:\/\/www.svalbardblues.com\/de\/wp-json\/wp\/v2\/types\/page"}],"author":[{"embeddable":true,"href":"https:\/\/www.svalbardblues.com\/de\/wp-json\/wp\/v2\/users\/1"}],"replies":[{"embeddable":true,"href":"https:\/\/www.svalbardblues.com\/de\/wp-json\/wp\/v2\/comments?post=25480"}],"version-history":[{"count":1,"href":"https:\/\/www.svalbardblues.com\/de\/wp-json\/wp\/v2\/pages\/25480\/revisions"}],"predecessor-version":[{"id":25484,"href":"https:\/\/www.svalbardblues.com\/de\/wp-json\/wp\/v2\/pages\/25480\/revisions\/25484"}],"up":[{"embeddable":true,"href":"https:\/\/www.svalbardblues.com\/de\/wp-json\/wp\/v2\/pages\/24596"}],"wp:featuredmedia":[{"embeddable":true,"href":"https:\/\/www.svalbardblues.com\/de\/wp-json\/wp\/v2\/media\/25482"}],"wp:attachment":[{"href":"https:\/\/www.svalbardblues.com\/de\/wp-json\/wp\/v2\/media?parent=25480"}],"curies":[{"name":"wp","href":"https:\/\/api.w.org\/{rel}","templated":true}]}}