{"id":25506,"date":"2018-09-05T10:03:12","date_gmt":"2018-09-05T10:03:12","guid":{"rendered":"https:\/\/www.svalbardblues.com\/the-vault\/"},"modified":"2018-09-05T10:03:12","modified_gmt":"2018-09-05T10:03:12","slug":"the-vault","status":"publish","type":"page","link":"https:\/\/www.svalbardblues.com\/de\/the-vault\/","title":{"rendered":"Svalbard Hotell &#8211; Das Gew\u00f6lbe | Svalbard Buchung"},"content":{"rendered":"<p><span style=\"font-family: inherit; font-size: 1.2em; background-color: initial;\">Svalbard Buchung<\/span><\/p>\n<p>P.O. Box 538<br \/>\n9171 Longyearbyen<br \/>\nTelefon: (+47) 79 02 50 00<br \/>\nE-Mail: <a href=\"mailto:post@svalbardbooking.com?subject=Svalbard%20Hotel&amp;body=%0D%0A%20%0D%0A%20---------------------------------%0D%0AI%20found%20the%20information%20at%20www.svalbardblues.com\">post@svalbardbooking.com<\/a><br \/>\n<a title=\"Svalbard Buchung  \" href=\"http:\/\/www.svalbardbooking.com%20\" target=\"_blank\" rel=\"noopener noreferrer\">www.svalbardbooking.com  <\/a><\/p>\n<h1>Svalbard Hotel &#8211; Das Gew\u00f6lbe<\/h1>\n<div>\n<p>Das Svalbard Hotell | The Vault ist das neueste Hotel in Longyearbyen und befindet sich direkt im Stadtzentrum. Das Hotel besteht aus 35 Zimmern und ist in einem modernen und komfortablen Design erbaut, das vom Svalbard Global Seed Vault inspiriert ist. Dieses Design spiegelt sich auch in den Zimmern wider. Jedes Zimmer hat ein eigenes Bad mit Dusche.<br \/>\nDie Rezeption ist 24 Stunden am Tag ge\u00f6ffnet und hilft Ihnen bei der Buchung von Aktivit\u00e4ten, beantwortet Fragen und verkauft verschiedene Snacks und Getr\u00e4nke.  <\/p>\n<\/div>\n<h2><\/h2>\n","protected":false},"excerpt":{"rendered":"<p>Svalbard Buchung P.O. Box 538 9171 Longyearbyen Telefon: (+47) 79 02 50 00 E-Mail: post@svalbardbooking.com www.svalbardbooking.com Svalbard Hotel &#8211; Das Gew\u00f6lbe Das Svalbard Hotell | The Vault ist das neueste Hotel in Longyearbyen und befindet sich direkt im Stadtzentrum. Das Hotel besteht aus 35 Zimmern und ist in einem modernen und komfortablen Design erbaut, das &#8230; <\/p>\n<p class=\"read-more-container\"><a title=\"Svalbard Hotell &#8211; Das Gew\u00f6lbe | Svalbard Buchung\" class=\"read-more button\" href=\"https:\/\/www.svalbardblues.com\/de\/the-vault\/#more-25506\" aria-label=\"Mehr Informationen \u00fcber Svalbard Hotell &#8211; Das Gew\u00f6lbe | Svalbard Buchung\">Read more<\/a><\/p>\n","protected":false},"author":1,"featured_media":25507,"parent":0,"menu_order":0,"comment_status":"closed","ping_status":"closed","template":"","meta":{"inline_featured_image":false,"footnotes":""},"class_list":["post-25506","page","type-page","status-publish","has-post-thumbnail"],"yoast_head":"<!-- This site is optimized with the Yoast SEO Premium plugin v26.2 (Yoast SEO v27.4) - https:\/\/yoast.com\/product\/yoast-seo-premium-wordpress\/ -->\n<title>Svalbard Hotell - Das Gew\u00f6lbe | Svalbard Buchung<\/title>\n<meta name=\"description\" content=\"Das Vault ist das neueste Hotel in Longyearbyen und befindet sich direkt im Stadtzentrum.\" \/>\n<meta name=\"robots\" content=\"index, follow, max-snippet:-1, max-image-preview:large, max-video-preview:-1\" \/>\n<link rel=\"canonical\" href=\"https:\/\/www.svalbardblues.com\/de\/the-vault\/\" \/>\n<meta property=\"og:locale\" content=\"de_DE\" \/>\n<meta property=\"og:type\" content=\"article\" \/>\n<meta property=\"og:title\" content=\"Svalbard Hotell - Das Gew\u00f6lbe | Svalbard Buchung\" \/>\n<meta property=\"og:description\" content=\"Das Vault ist das neueste Hotel in Longyearbyen und befindet sich direkt im Stadtzentrum.\" \/>\n<meta property=\"og:url\" content=\"https:\/\/www.svalbardblues.com\/de\/the-vault\/\" \/>\n<meta property=\"og:site_name\" content=\"Dark Season Blues | SVALBARD\" \/>\n<meta property=\"article:publisher\" content=\"https:\/\/www.facebook.com\/DarkSeasonBlues\" \/>\n<meta property=\"og:image\" content=\"https:\/\/www.svalbardblues.com\/wp-content\/uploads\/2018\/09\/svalbard-hotell-the-vault-dark-season-blues-882.jpg\" \/>\n\t<meta property=\"og:image:width\" content=\"882\" \/>\n\t<meta property=\"og:image:height\" content=\"373\" \/>\n\t<meta property=\"og:image:type\" content=\"image\/jpeg\" \/>\n<meta name=\"twitter:label1\" content=\"Gesch\u00e4tzte Lesezeit\" \/>\n\t<meta name=\"twitter:data1\" content=\"1\u00a0Minute\" \/>\n<script type=\"application\/ld+json\" class=\"yoast-schema-graph\">{\"@context\":\"https:\\\/\\\/schema.org\",\"@graph\":[{\"@type\":\"WebPage\",\"@id\":\"https:\\\/\\\/www.svalbardblues.com\\\/de\\\/the-vault\\\/\",\"url\":\"https:\\\/\\\/www.svalbardblues.com\\\/de\\\/the-vault\\\/\",\"name\":\"Svalbard Hotell - Das Gew\u00f6lbe | Svalbard Buchung\",\"isPartOf\":{\"@id\":\"https:\\\/\\\/www.svalbardblues.com\\\/de\\\/#website\"},\"primaryImageOfPage\":{\"@id\":\"https:\\\/\\\/www.svalbardblues.com\\\/de\\\/the-vault\\\/#primaryimage\"},\"image\":{\"@id\":\"https:\\\/\\\/www.svalbardblues.com\\\/de\\\/the-vault\\\/#primaryimage\"},\"thumbnailUrl\":\"https:\\\/\\\/www.svalbardblues.com\\\/wp-content\\\/uploads\\\/2018\\\/09\\\/svalbard-hotell-the-vault-dark-season-blues-882.jpg\",\"datePublished\":\"2018-09-05T10:03:12+00:00\",\"description\":\"Das Vault ist das neueste Hotel in Longyearbyen und befindet sich direkt im Stadtzentrum.\",\"breadcrumb\":{\"@id\":\"https:\\\/\\\/www.svalbardblues.com\\\/de\\\/the-vault\\\/#breadcrumb\"},\"inLanguage\":\"de\",\"potentialAction\":[{\"@type\":\"ReadAction\",\"target\":[\"https:\\\/\\\/www.svalbardblues.com\\\/de\\\/the-vault\\\/\"]}]},{\"@type\":\"ImageObject\",\"inLanguage\":\"de\",\"@id\":\"https:\\\/\\\/www.svalbardblues.com\\\/de\\\/the-vault\\\/#primaryimage\",\"url\":\"https:\\\/\\\/www.svalbardblues.com\\\/wp-content\\\/uploads\\\/2018\\\/09\\\/svalbard-hotell-the-vault-dark-season-blues-882.jpg\",\"contentUrl\":\"https:\\\/\\\/www.svalbardblues.com\\\/wp-content\\\/uploads\\\/2018\\\/09\\\/svalbard-hotell-the-vault-dark-season-blues-882.jpg\",\"width\":882,\"height\":373,\"caption\":\"Svalbard Hotell | The Vault\"},{\"@type\":\"BreadcrumbList\",\"@id\":\"https:\\\/\\\/www.svalbardblues.com\\\/de\\\/the-vault\\\/#breadcrumb\",\"itemListElement\":[{\"@type\":\"ListItem\",\"position\":1,\"name\":\"Hjem\",\"item\":\"https:\\\/\\\/www.svalbardblues.com\\\/de\\\/\"},{\"@type\":\"ListItem\",\"position\":2,\"name\":\"Svalbard Hotell &#8211; Das Gew\u00f6lbe | Svalbard Buchung\"}]},{\"@type\":\"WebSite\",\"@id\":\"https:\\\/\\\/www.svalbardblues.com\\\/de\\\/#website\",\"url\":\"https:\\\/\\\/www.svalbardblues.com\\\/de\\\/\",\"name\":\"Dark Season Blues | SVALBARD\",\"description\":\"The World&#039;s Northenmost Blues Festival\",\"publisher\":{\"@id\":\"https:\\\/\\\/www.svalbardblues.com\\\/de\\\/#organization\"},\"potentialAction\":[{\"@type\":\"SearchAction\",\"target\":{\"@type\":\"EntryPoint\",\"urlTemplate\":\"https:\\\/\\\/www.svalbardblues.com\\\/de\\\/?s={search_term_string}\"},\"query-input\":{\"@type\":\"PropertyValueSpecification\",\"valueRequired\":true,\"valueName\":\"search_term_string\"}}],\"inLanguage\":\"de\"},{\"@type\":\"Organization\",\"@id\":\"https:\\\/\\\/www.svalbardblues.com\\\/de\\\/#organization\",\"name\":\"Dark Season Blues\",\"url\":\"https:\\\/\\\/www.svalbardblues.com\\\/de\\\/\",\"logo\":{\"@type\":\"ImageObject\",\"inLanguage\":\"de\",\"@id\":\"https:\\\/\\\/www.svalbardblues.com\\\/de\\\/#\\\/schema\\\/logo\\\/image\\\/\",\"url\":\"https:\\\/\\\/www.svalbardblues.com\\\/wp-content\\\/uploads\\\/2017\\\/06\\\/DSB2017-Illustrasjon-620.jpg\",\"contentUrl\":\"https:\\\/\\\/www.svalbardblues.com\\\/wp-content\\\/uploads\\\/2017\\\/06\\\/DSB2017-Illustrasjon-620.jpg\",\"width\":620,\"height\":488,\"caption\":\"Dark Season Blues\"},\"image\":{\"@id\":\"https:\\\/\\\/www.svalbardblues.com\\\/de\\\/#\\\/schema\\\/logo\\\/image\\\/\"},\"sameAs\":[\"https:\\\/\\\/www.facebook.com\\\/DarkSeasonBlues\",\"https:\\\/\\\/x.com\\\/DarkSeasonBlues\",\"https:\\\/\\\/www.instagram.com\\\/darkseasonblues\\\/\",\"https:\\\/\\\/no.wikipedia.org\\\/wiki\\\/Dark_Season_Blues\"]}]}<\/script>\n<!-- \/ Yoast SEO Premium plugin. -->","yoast_head_json":{"title":"Svalbard Hotell - Das Gew\u00f6lbe | Svalbard Buchung","description":"Das Vault ist das neueste Hotel in Longyearbyen und befindet sich direkt im Stadtzentrum.","robots":{"index":"index","follow":"follow","max-snippet":"max-snippet:-1","max-image-preview":"max-image-preview:large","max-video-preview":"max-video-preview:-1"},"canonical":"https:\/\/www.svalbardblues.com\/de\/the-vault\/","og_locale":"de_DE","og_type":"article","og_title":"Svalbard Hotell - Das Gew\u00f6lbe | Svalbard Buchung","og_description":"Das Vault ist das neueste Hotel in Longyearbyen und befindet sich direkt im Stadtzentrum.","og_url":"https:\/\/www.svalbardblues.com\/de\/the-vault\/","og_site_name":"Dark Season Blues | SVALBARD","article_publisher":"https:\/\/www.facebook.com\/DarkSeasonBlues","og_image":[{"width":882,"height":373,"url":"https:\/\/www.svalbardblues.com\/wp-content\/uploads\/2018\/09\/svalbard-hotell-the-vault-dark-season-blues-882.jpg","type":"image\/jpeg"}],"twitter_misc":{"Gesch\u00e4tzte Lesezeit":"1\u00a0Minute"},"schema":{"@context":"https:\/\/schema.org","@graph":[{"@type":"WebPage","@id":"https:\/\/www.svalbardblues.com\/de\/the-vault\/","url":"https:\/\/www.svalbardblues.com\/de\/the-vault\/","name":"Svalbard Hotell - Das Gew\u00f6lbe | Svalbard Buchung","isPartOf":{"@id":"https:\/\/www.svalbardblues.com\/de\/#website"},"primaryImageOfPage":{"@id":"https:\/\/www.svalbardblues.com\/de\/the-vault\/#primaryimage"},"image":{"@id":"https:\/\/www.svalbardblues.com\/de\/the-vault\/#primaryimage"},"thumbnailUrl":"https:\/\/www.svalbardblues.com\/wp-content\/uploads\/2018\/09\/svalbard-hotell-the-vault-dark-season-blues-882.jpg","datePublished":"2018-09-05T10:03:12+00:00","description":"Das Vault ist das neueste Hotel in Longyearbyen und befindet sich direkt im Stadtzentrum.","breadcrumb":{"@id":"https:\/\/www.svalbardblues.com\/de\/the-vault\/#breadcrumb"},"inLanguage":"de","potentialAction":[{"@type":"ReadAction","target":["https:\/\/www.svalbardblues.com\/de\/the-vault\/"]}]},{"@type":"ImageObject","inLanguage":"de","@id":"https:\/\/www.svalbardblues.com\/de\/the-vault\/#primaryimage","url":"https:\/\/www.svalbardblues.com\/wp-content\/uploads\/2018\/09\/svalbard-hotell-the-vault-dark-season-blues-882.jpg","contentUrl":"https:\/\/www.svalbardblues.com\/wp-content\/uploads\/2018\/09\/svalbard-hotell-the-vault-dark-season-blues-882.jpg","width":882,"height":373,"caption":"Svalbard Hotell | The Vault"},{"@type":"BreadcrumbList","@id":"https:\/\/www.svalbardblues.com\/de\/the-vault\/#breadcrumb","itemListElement":[{"@type":"ListItem","position":1,"name":"Hjem","item":"https:\/\/www.svalbardblues.com\/de\/"},{"@type":"ListItem","position":2,"name":"Svalbard Hotell &#8211; Das Gew\u00f6lbe | Svalbard Buchung"}]},{"@type":"WebSite","@id":"https:\/\/www.svalbardblues.com\/de\/#website","url":"https:\/\/www.svalbardblues.com\/de\/","name":"Dark Season Blues | SVALBARD","description":"The World&#039;s Northenmost Blues Festival","publisher":{"@id":"https:\/\/www.svalbardblues.com\/de\/#organization"},"potentialAction":[{"@type":"SearchAction","target":{"@type":"EntryPoint","urlTemplate":"https:\/\/www.svalbardblues.com\/de\/?s={search_term_string}"},"query-input":{"@type":"PropertyValueSpecification","valueRequired":true,"valueName":"search_term_string"}}],"inLanguage":"de"},{"@type":"Organization","@id":"https:\/\/www.svalbardblues.com\/de\/#organization","name":"Dark Season Blues","url":"https:\/\/www.svalbardblues.com\/de\/","logo":{"@type":"ImageObject","inLanguage":"de","@id":"https:\/\/www.svalbardblues.com\/de\/#\/schema\/logo\/image\/","url":"https:\/\/www.svalbardblues.com\/wp-content\/uploads\/2017\/06\/DSB2017-Illustrasjon-620.jpg","contentUrl":"https:\/\/www.svalbardblues.com\/wp-content\/uploads\/2017\/06\/DSB2017-Illustrasjon-620.jpg","width":620,"height":488,"caption":"Dark Season Blues"},"image":{"@id":"https:\/\/www.svalbardblues.com\/de\/#\/schema\/logo\/image\/"},"sameAs":["https:\/\/www.facebook.com\/DarkSeasonBlues","https:\/\/x.com\/DarkSeasonBlues","https:\/\/www.instagram.com\/darkseasonblues\/","https:\/\/no.wikipedia.org\/wiki\/Dark_Season_Blues"]}]}},"_links":{"self":[{"href":"https:\/\/www.svalbardblues.com\/de\/wp-json\/wp\/v2\/pages\/25506","targetHints":{"allow":["GET"]}}],"collection":[{"href":"https:\/\/www.svalbardblues.com\/de\/wp-json\/wp\/v2\/pages"}],"about":[{"href":"https:\/\/www.svalbardblues.com\/de\/wp-json\/wp\/v2\/types\/page"}],"author":[{"embeddable":true,"href":"https:\/\/www.svalbardblues.com\/de\/wp-json\/wp\/v2\/users\/1"}],"replies":[{"embeddable":true,"href":"https:\/\/www.svalbardblues.com\/de\/wp-json\/wp\/v2\/comments?post=25506"}],"version-history":[{"count":0,"href":"https:\/\/www.svalbardblues.com\/de\/wp-json\/wp\/v2\/pages\/25506\/revisions"}],"wp:featuredmedia":[{"embeddable":true,"href":"https:\/\/www.svalbardblues.com\/de\/wp-json\/wp\/v2\/media\/25507"}],"wp:attachment":[{"href":"https:\/\/www.svalbardblues.com\/de\/wp-json\/wp\/v2\/media?parent=25506"}],"curies":[{"name":"wp","href":"https:\/\/api.w.org\/{rel}","templated":true}]}}