{"id":25642,"date":"2025-01-31T08:13:12","date_gmt":"2025-01-31T08:13:12","guid":{"rendered":"https:\/\/www.svalbardblues.com\/dsb\/artists\/thorbjorn-risager-emil-balsgaard\/"},"modified":"2026-02-23T21:55:54","modified_gmt":"2026-02-23T21:55:54","slug":"thorbjorn-risager-emil-balsgaard","status":"publish","type":"page","link":"https:\/\/www.svalbardblues.com\/de\/dsb\/artister\/thorbjorn-risager-emil-balsgaard\/","title":{"rendered":"Thorbj\u00f8rn Risager &amp; Emil Balsgaard (DK)"},"content":{"rendered":"\n<p class=\"has-drop-cap\">Seit mehr als 20 Jahren unterhalten der D\u00e4ne Thorbj\u00f8rn Risager &amp; The Black Tornado Bluesliebhaber auf der ganzen Welt mit ihren Konzerten und Ver\u00f6ffentlichungen. In diesem Jahr wurde das Album &#8222;House of Sticks&#8220; ver\u00f6ffentlicht. Weniger Menschen wissen, dass Risager und der Tornado-Pianist Emil Balsgaard eine gemeinsame Geschichte haben, die viel weiter zur\u00fcckreicht. Jetzt k\u00f6nnen Sie sie bei Dark Season Blues erleben.     <\/p>\n\n<p>Es ist mehr als 30 Jahre her, dass die beiden in der New Orleans Blues&#8217;n&#8217;Funk-Band Rad Gumbo zusammengearbeitet haben. Ihr drittes Duo-Album, &#8222;Taking The Good With The Bad&#8220; (2021), zeigt, dass ihre Vorliebe f\u00fcr pulverisierenden Boogie-Blues, Ankl\u00e4nge an karibische Rhythmen, s\u00e4uerliche Delta-Grooves und dreckigen Funk immer noch intakt ist.   <\/p>\n\n<p class=\"has-text-align-center has-background\" style=\"background-color:#e2e2e2;font-size:12px\"><strong>Dunkle Jahreszeit Blues\u00a92025<\/strong><\/p>\n\n<figure class=\"wp-block-embed is-type-video is-provider-youtube wp-block-embed-youtube wp-embed-aspect-16-9 wp-has-aspect-ratio\"><div class=\"wp-block-embed__wrapper\">\n<iframe title=\"Goodnight Irene - Thorbj\u00f8rn Risager &amp; Emil Balsgaard Duo\" width=\"1200\" height=\"675\" src=\"https:\/\/www.youtube.com\/embed\/f_5kXM5oppU?feature=oembed\" frameborder=\"0\" allow=\"accelerometer; autoplay; clipboard-write; encrypted-media; gyroscope; picture-in-picture; web-share\" referrerpolicy=\"strict-origin-when-cross-origin\" allowfullscreen><\/iframe>\n<\/div><\/figure>\n","protected":false},"excerpt":{"rendered":"<p>Seit mehr als 20 Jahren unterhalten der D\u00e4ne Thorbj\u00f8rn Risager &amp; The Black Tornado Bluesliebhaber auf der ganzen Welt mit ihren Konzerten und Ver\u00f6ffentlichungen. In diesem Jahr wurde das Album &#8222;House of Sticks&#8220; ver\u00f6ffentlicht. Weniger Menschen wissen, dass Risager und der Tornado-Pianist Emil Balsgaard eine gemeinsame Geschichte haben, die viel weiter zur\u00fcckreicht. Jetzt k\u00f6nnen Sie &#8230; <\/p>\n<p class=\"read-more-container\"><a title=\"Thorbj\u00f8rn Risager &amp; Emil Balsgaard (DK)\" class=\"read-more button\" href=\"https:\/\/www.svalbardblues.com\/de\/dsb\/artister\/thorbjorn-risager-emil-balsgaard\/#more-25642\" aria-label=\"Mehr Informationen \u00fcber Thorbj\u00f8rn Risager &amp; Emil Balsgaard (DK)\">Read more<\/a><\/p>\n","protected":false},"author":1,"featured_media":0,"parent":24596,"menu_order":0,"comment_status":"closed","ping_status":"closed","template":"","meta":{"inline_featured_image":false,"footnotes":""},"class_list":["post-25642","page","type-page","status-publish"],"yoast_head":"<!-- This site is optimized with the Yoast SEO Premium plugin v26.2 (Yoast SEO v27.4) - https:\/\/yoast.com\/product\/yoast-seo-premium-wordpress\/ -->\n<title>Thorbj\u00f8rn Risager &amp; Emil Balsgaard (DK) | Dark Season Blues - SVALBARD<\/title>\n<meta name=\"description\" content=\"Seit mehr als 20 Jahren unterhalten der D\u00e4ne Thorbj\u00f8rn Risager &amp; The Black Tornado Bluesliebhaber auf der ganzen Welt mit ihren Konzerten und Ver\u00f6ffentlichungen. In diesem Jahr wurde das Album &quot;House of Sticks&quot; ver\u00f6ffentlicht. Weniger Menschen wissen, dass Risager und der Tornado-Pianist Emil Balsgaard eine gemeinsame Geschichte haben, die viel weiter zur\u00fcckreicht.\" \/>\n<meta name=\"robots\" content=\"index, follow, max-snippet:-1, max-image-preview:large, max-video-preview:-1\" \/>\n<link rel=\"canonical\" href=\"https:\/\/www.svalbardblues.com\/de\/dsb\/artister\/thorbjorn-risager-emil-balsgaard\/\" \/>\n<meta property=\"og:locale\" content=\"de_DE\" \/>\n<meta property=\"og:type\" content=\"article\" \/>\n<meta property=\"og:title\" content=\"Thorbj\u00f8rn Risager &amp; Emil Balsgaard (DK)\" \/>\n<meta property=\"og:description\" content=\"Seit mehr als 20 Jahren unterhalten der D\u00e4ne Thorbj\u00f8rn Risager &amp; The Black Tornado Bluesliebhaber auf der ganzen Welt mit ihren Konzerten und Ver\u00f6ffentlichungen. In diesem Jahr wurde das Album &quot;House of Sticks&quot; ver\u00f6ffentlicht. Weniger Menschen wissen, dass Risager und der Tornado-Pianist Emil Balsgaard eine gemeinsame Geschichte haben, die viel weiter zur\u00fcckreicht.\" \/>\n<meta property=\"og:url\" content=\"https:\/\/www.svalbardblues.com\/de\/dsb\/artister\/thorbjorn-risager-emil-balsgaard\/\" \/>\n<meta property=\"og:site_name\" content=\"Dark Season Blues | SVALBARD\" \/>\n<meta property=\"article:publisher\" content=\"https:\/\/www.facebook.com\/DarkSeasonBlues\" \/>\n<meta property=\"article:modified_time\" content=\"2026-02-23T21:55:54+00:00\" \/>\n<meta property=\"og:image\" content=\"https:\/\/www.svalbardblues.com\/wp-content\/uploads\/2017\/10\/DSB2017-Illustrasjon-900-350.jpg\" \/>\n\t<meta property=\"og:image:width\" content=\"900\" \/>\n\t<meta property=\"og:image:height\" content=\"350\" \/>\n\t<meta property=\"og:image:type\" content=\"image\/jpeg\" \/>\n<meta name=\"twitter:label1\" content=\"Gesch\u00e4tzte Lesezeit\" \/>\n\t<meta name=\"twitter:data1\" content=\"1\u00a0Minute\" \/>\n<script type=\"application\/ld+json\" class=\"yoast-schema-graph\">{\"@context\":\"https:\\\/\\\/schema.org\",\"@graph\":[{\"@type\":\"WebPage\",\"@id\":\"https:\\\/\\\/www.svalbardblues.com\\\/de\\\/dsb\\\/artister\\\/thorbjorn-risager-emil-balsgaard\\\/\",\"url\":\"https:\\\/\\\/www.svalbardblues.com\\\/de\\\/dsb\\\/artister\\\/thorbjorn-risager-emil-balsgaard\\\/\",\"name\":\"Thorbj\u00f8rn Risager &amp; Emil Balsgaard (DK) | Dark Season Blues - SVALBARD\",\"isPartOf\":{\"@id\":\"https:\\\/\\\/www.svalbardblues.com\\\/de\\\/#website\"},\"datePublished\":\"2025-01-31T08:13:12+00:00\",\"dateModified\":\"2026-02-23T21:55:54+00:00\",\"description\":\"Seit mehr als 20 Jahren unterhalten der D\u00e4ne Thorbj\u00f8rn Risager & The Black Tornado Bluesliebhaber auf der ganzen Welt mit ihren Konzerten und Ver\u00f6ffentlichungen. In diesem Jahr wurde das Album \\\"House of Sticks\\\" ver\u00f6ffentlicht. Weniger Menschen wissen, dass Risager und der Tornado-Pianist Emil Balsgaard eine gemeinsame Geschichte haben, die viel weiter zur\u00fcckreicht.\",\"breadcrumb\":{\"@id\":\"https:\\\/\\\/www.svalbardblues.com\\\/de\\\/dsb\\\/artister\\\/thorbjorn-risager-emil-balsgaard\\\/#breadcrumb\"},\"inLanguage\":\"de\",\"potentialAction\":[{\"@type\":\"ReadAction\",\"target\":[\"https:\\\/\\\/www.svalbardblues.com\\\/de\\\/dsb\\\/artister\\\/thorbjorn-risager-emil-balsgaard\\\/\"]}]},{\"@type\":\"BreadcrumbList\",\"@id\":\"https:\\\/\\\/www.svalbardblues.com\\\/de\\\/dsb\\\/artister\\\/thorbjorn-risager-emil-balsgaard\\\/#breadcrumb\",\"itemListElement\":[{\"@type\":\"ListItem\",\"position\":1,\"name\":\"Hjem\",\"item\":\"https:\\\/\\\/www.svalbardblues.com\\\/de\\\/\"},{\"@type\":\"ListItem\",\"position\":2,\"name\":\"Dunkle Jahreszeit Blues Spitzbergen\",\"item\":\"https:\\\/\\\/www.svalbardblues.com\\\/de\\\/dsb\\\/\"},{\"@type\":\"ListItem\",\"position\":3,\"name\":\"K\u00fcnstler | Dunkle Jahreszeit Blues 2026\",\"item\":\"https:\\\/\\\/www.svalbardblues.com\\\/de\\\/dsb\\\/artister\\\/\"},{\"@type\":\"ListItem\",\"position\":4,\"name\":\"Thorbj\u00f8rn Risager &amp; Emil Balsgaard (DK)\"}]},{\"@type\":\"WebSite\",\"@id\":\"https:\\\/\\\/www.svalbardblues.com\\\/de\\\/#website\",\"url\":\"https:\\\/\\\/www.svalbardblues.com\\\/de\\\/\",\"name\":\"Dark Season Blues | SVALBARD\",\"description\":\"The World&#039;s Northenmost Blues Festival\",\"publisher\":{\"@id\":\"https:\\\/\\\/www.svalbardblues.com\\\/de\\\/#organization\"},\"potentialAction\":[{\"@type\":\"SearchAction\",\"target\":{\"@type\":\"EntryPoint\",\"urlTemplate\":\"https:\\\/\\\/www.svalbardblues.com\\\/de\\\/?s={search_term_string}\"},\"query-input\":{\"@type\":\"PropertyValueSpecification\",\"valueRequired\":true,\"valueName\":\"search_term_string\"}}],\"inLanguage\":\"de\"},{\"@type\":\"Organization\",\"@id\":\"https:\\\/\\\/www.svalbardblues.com\\\/de\\\/#organization\",\"name\":\"Dark Season Blues\",\"url\":\"https:\\\/\\\/www.svalbardblues.com\\\/de\\\/\",\"logo\":{\"@type\":\"ImageObject\",\"inLanguage\":\"de\",\"@id\":\"https:\\\/\\\/www.svalbardblues.com\\\/de\\\/#\\\/schema\\\/logo\\\/image\\\/\",\"url\":\"https:\\\/\\\/www.svalbardblues.com\\\/wp-content\\\/uploads\\\/2017\\\/06\\\/DSB2017-Illustrasjon-620.jpg\",\"contentUrl\":\"https:\\\/\\\/www.svalbardblues.com\\\/wp-content\\\/uploads\\\/2017\\\/06\\\/DSB2017-Illustrasjon-620.jpg\",\"width\":620,\"height\":488,\"caption\":\"Dark Season Blues\"},\"image\":{\"@id\":\"https:\\\/\\\/www.svalbardblues.com\\\/de\\\/#\\\/schema\\\/logo\\\/image\\\/\"},\"sameAs\":[\"https:\\\/\\\/www.facebook.com\\\/DarkSeasonBlues\",\"https:\\\/\\\/x.com\\\/DarkSeasonBlues\",\"https:\\\/\\\/www.instagram.com\\\/darkseasonblues\\\/\",\"https:\\\/\\\/no.wikipedia.org\\\/wiki\\\/Dark_Season_Blues\"]}]}<\/script>\n<!-- \/ Yoast SEO Premium plugin. -->","yoast_head_json":{"title":"Thorbj\u00f8rn Risager &amp; Emil Balsgaard (DK) | Dark Season Blues - SVALBARD","description":"Seit mehr als 20 Jahren unterhalten der D\u00e4ne Thorbj\u00f8rn Risager & The Black Tornado Bluesliebhaber auf der ganzen Welt mit ihren Konzerten und Ver\u00f6ffentlichungen. In diesem Jahr wurde das Album \"House of Sticks\" ver\u00f6ffentlicht. Weniger Menschen wissen, dass Risager und der Tornado-Pianist Emil Balsgaard eine gemeinsame Geschichte haben, die viel weiter zur\u00fcckreicht.","robots":{"index":"index","follow":"follow","max-snippet":"max-snippet:-1","max-image-preview":"max-image-preview:large","max-video-preview":"max-video-preview:-1"},"canonical":"https:\/\/www.svalbardblues.com\/de\/dsb\/artister\/thorbjorn-risager-emil-balsgaard\/","og_locale":"de_DE","og_type":"article","og_title":"Thorbj\u00f8rn Risager &amp; Emil Balsgaard (DK)","og_description":"Seit mehr als 20 Jahren unterhalten der D\u00e4ne Thorbj\u00f8rn Risager & The Black Tornado Bluesliebhaber auf der ganzen Welt mit ihren Konzerten und Ver\u00f6ffentlichungen. In diesem Jahr wurde das Album \"House of Sticks\" ver\u00f6ffentlicht. Weniger Menschen wissen, dass Risager und der Tornado-Pianist Emil Balsgaard eine gemeinsame Geschichte haben, die viel weiter zur\u00fcckreicht.","og_url":"https:\/\/www.svalbardblues.com\/de\/dsb\/artister\/thorbjorn-risager-emil-balsgaard\/","og_site_name":"Dark Season Blues | SVALBARD","article_publisher":"https:\/\/www.facebook.com\/DarkSeasonBlues","article_modified_time":"2026-02-23T21:55:54+00:00","og_image":[{"width":900,"height":350,"url":"https:\/\/www.svalbardblues.com\/wp-content\/uploads\/2017\/10\/DSB2017-Illustrasjon-900-350.jpg","type":"image\/jpeg"}],"twitter_misc":{"Gesch\u00e4tzte Lesezeit":"1\u00a0Minute"},"schema":{"@context":"https:\/\/schema.org","@graph":[{"@type":"WebPage","@id":"https:\/\/www.svalbardblues.com\/de\/dsb\/artister\/thorbjorn-risager-emil-balsgaard\/","url":"https:\/\/www.svalbardblues.com\/de\/dsb\/artister\/thorbjorn-risager-emil-balsgaard\/","name":"Thorbj\u00f8rn Risager &amp; Emil Balsgaard (DK) | Dark Season Blues - SVALBARD","isPartOf":{"@id":"https:\/\/www.svalbardblues.com\/de\/#website"},"datePublished":"2025-01-31T08:13:12+00:00","dateModified":"2026-02-23T21:55:54+00:00","description":"Seit mehr als 20 Jahren unterhalten der D\u00e4ne Thorbj\u00f8rn Risager & The Black Tornado Bluesliebhaber auf der ganzen Welt mit ihren Konzerten und Ver\u00f6ffentlichungen. In diesem Jahr wurde das Album \"House of Sticks\" ver\u00f6ffentlicht. Weniger Menschen wissen, dass Risager und der Tornado-Pianist Emil Balsgaard eine gemeinsame Geschichte haben, die viel weiter zur\u00fcckreicht.","breadcrumb":{"@id":"https:\/\/www.svalbardblues.com\/de\/dsb\/artister\/thorbjorn-risager-emil-balsgaard\/#breadcrumb"},"inLanguage":"de","potentialAction":[{"@type":"ReadAction","target":["https:\/\/www.svalbardblues.com\/de\/dsb\/artister\/thorbjorn-risager-emil-balsgaard\/"]}]},{"@type":"BreadcrumbList","@id":"https:\/\/www.svalbardblues.com\/de\/dsb\/artister\/thorbjorn-risager-emil-balsgaard\/#breadcrumb","itemListElement":[{"@type":"ListItem","position":1,"name":"Hjem","item":"https:\/\/www.svalbardblues.com\/de\/"},{"@type":"ListItem","position":2,"name":"Dunkle Jahreszeit Blues Spitzbergen","item":"https:\/\/www.svalbardblues.com\/de\/dsb\/"},{"@type":"ListItem","position":3,"name":"K\u00fcnstler | Dunkle Jahreszeit Blues 2026","item":"https:\/\/www.svalbardblues.com\/de\/dsb\/artister\/"},{"@type":"ListItem","position":4,"name":"Thorbj\u00f8rn Risager &amp; Emil Balsgaard (DK)"}]},{"@type":"WebSite","@id":"https:\/\/www.svalbardblues.com\/de\/#website","url":"https:\/\/www.svalbardblues.com\/de\/","name":"Dark Season Blues | SVALBARD","description":"The World&#039;s Northenmost Blues Festival","publisher":{"@id":"https:\/\/www.svalbardblues.com\/de\/#organization"},"potentialAction":[{"@type":"SearchAction","target":{"@type":"EntryPoint","urlTemplate":"https:\/\/www.svalbardblues.com\/de\/?s={search_term_string}"},"query-input":{"@type":"PropertyValueSpecification","valueRequired":true,"valueName":"search_term_string"}}],"inLanguage":"de"},{"@type":"Organization","@id":"https:\/\/www.svalbardblues.com\/de\/#organization","name":"Dark Season Blues","url":"https:\/\/www.svalbardblues.com\/de\/","logo":{"@type":"ImageObject","inLanguage":"de","@id":"https:\/\/www.svalbardblues.com\/de\/#\/schema\/logo\/image\/","url":"https:\/\/www.svalbardblues.com\/wp-content\/uploads\/2017\/06\/DSB2017-Illustrasjon-620.jpg","contentUrl":"https:\/\/www.svalbardblues.com\/wp-content\/uploads\/2017\/06\/DSB2017-Illustrasjon-620.jpg","width":620,"height":488,"caption":"Dark Season Blues"},"image":{"@id":"https:\/\/www.svalbardblues.com\/de\/#\/schema\/logo\/image\/"},"sameAs":["https:\/\/www.facebook.com\/DarkSeasonBlues","https:\/\/x.com\/DarkSeasonBlues","https:\/\/www.instagram.com\/darkseasonblues\/","https:\/\/no.wikipedia.org\/wiki\/Dark_Season_Blues"]}]}},"_links":{"self":[{"href":"https:\/\/www.svalbardblues.com\/de\/wp-json\/wp\/v2\/pages\/25642","targetHints":{"allow":["GET"]}}],"collection":[{"href":"https:\/\/www.svalbardblues.com\/de\/wp-json\/wp\/v2\/pages"}],"about":[{"href":"https:\/\/www.svalbardblues.com\/de\/wp-json\/wp\/v2\/types\/page"}],"author":[{"embeddable":true,"href":"https:\/\/www.svalbardblues.com\/de\/wp-json\/wp\/v2\/users\/1"}],"replies":[{"embeddable":true,"href":"https:\/\/www.svalbardblues.com\/de\/wp-json\/wp\/v2\/comments?post=25642"}],"version-history":[{"count":1,"href":"https:\/\/www.svalbardblues.com\/de\/wp-json\/wp\/v2\/pages\/25642\/revisions"}],"predecessor-version":[{"id":25643,"href":"https:\/\/www.svalbardblues.com\/de\/wp-json\/wp\/v2\/pages\/25642\/revisions\/25643"}],"up":[{"embeddable":true,"href":"https:\/\/www.svalbardblues.com\/de\/wp-json\/wp\/v2\/pages\/24596"}],"wp:attachment":[{"href":"https:\/\/www.svalbardblues.com\/de\/wp-json\/wp\/v2\/media?parent=25642"}],"curies":[{"name":"wp","href":"https:\/\/api.w.org\/{rel}","templated":true}]}}