{"id":25682,"date":"2025-01-29T08:31:21","date_gmt":"2025-01-29T08:31:21","guid":{"rendered":"https:\/\/www.svalbardblues.com\/dsb\/artists\/the-kokomo-kings\/"},"modified":"2026-02-23T21:55:54","modified_gmt":"2026-02-23T21:55:54","slug":"the-kokomo-kings","status":"publish","type":"page","link":"https:\/\/www.svalbardblues.com\/de\/dsb\/artister\/the-kokomo-kings\/","title":{"rendered":"The Kokomo Kings (SE)"},"content":{"rendered":"\n<p class=\"has-drop-cap\">Die schwedischen The Kokomo Kings spielen ein Hexengebr\u00e4u aus Roots-Musik und Rockabilly, das tief im alten, kratzigen Blues verwurzelt ist. Nachdem sie internationale Bluesk\u00fcnstler wie James Harman, Mud Morganfield, Lazy Lester, Louisiana Red und Svalbard&#8217;s John Primer unterst\u00fctzt hatten, beschlossen sie, eine &#8222;richtige&#8220; Band zu gr\u00fcnden und ihr eigenes Ding zu machen. In den letzten 13 Jahren haben sie in zahlreichen Clubs und auf Festivals in ganz Europa gespielt, und jetzt sind sie bereit f\u00fcr Dark Season Blues.  <\/p>\n\n\n\n<p>Die Kokomo Kings wurden als &#8222;mehr Rock&#8217;n&#8217;Roll als Rock&#8217;n&#8217;Roll&#8220; beschrieben, mit einem Energielevel von 11. Ihr Deb\u00fctalbum &#8222;Artificial Natural&#8220; (2013) erlangte schnell Aufmerksamkeit, und der Nachfolger &#8222;Too Good to Stay Away From&#8220; (2017) wurde international anerkannt. German Blues News k\u00fcrte es zum &#8222;Album des Monats&#8220;, und die amerikanische The Blues Junction w\u00e4hlte es zum f\u00fcnftbesten Album des Jahres. Die Band hat zwei weitere Alben ver\u00f6ffentlicht und ein neues ist f\u00fcr 2025 in Arbeit.   <\/p>\n\n\n\n<p class=\"has-text-align-center has-background\" style=\"background-color:#e2e2e2;font-size:12px\"><strong>Dark Season Blues\u00a92025<\/strong><\/p>\n\n\n\n<p><\/p>\n","protected":false},"excerpt":{"rendered":"<p>Die schwedischen The Kokomo Kings spielen ein Hexengebr\u00e4u aus Roots-Musik und Rockabilly, das tief im alten, kratzigen Blues verwurzelt ist. Nachdem sie internationale Bluesk\u00fcnstler wie James Harman, Mud Morganfield, Lazy Lester, Louisiana Red und Svalbard&#8217;s John Primer unterst\u00fctzt hatten, beschlossen sie, eine &#8222;richtige&#8220; Band zu gr\u00fcnden und ihr eigenes Ding zu machen. In den letzten &#8230; <\/p>\n<p class=\"read-more-container\"><a title=\"The Kokomo Kings (SE)\" class=\"read-more button\" href=\"https:\/\/www.svalbardblues.com\/de\/dsb\/artister\/the-kokomo-kings\/#more-25682\" aria-label=\"Mehr Informationen \u00fcber The Kokomo Kings (SE)\">Read more<\/a><\/p>\n","protected":false},"author":1,"featured_media":25683,"parent":24596,"menu_order":0,"comment_status":"closed","ping_status":"closed","template":"","meta":{"inline_featured_image":false,"footnotes":""},"class_list":["post-25682","page","type-page","status-publish","has-post-thumbnail"],"yoast_head":"<!-- This site is optimized with the Yoast SEO Premium plugin v26.2 (Yoast SEO v27.5) - https:\/\/yoast.com\/product\/yoast-seo-premium-wordpress\/ -->\n<title>The Kokomo Kings (SE) | Dark Season Blues - SVALBARD<\/title>\n<meta name=\"description\" content=\"Die schwedischen The Kokomo Kings spielen ein Hexengebr\u00e4u aus Roots-Musik und Rockabilly, das tief im alten, kratzigen Blues verwurzelt ist. Nachdem sie internationale Bluesk\u00fcnstler wie James Harman, Mud Morganfield, Lazy Lester, Louisiana Red und Svalbard&#039;s John Primer unterst\u00fctzt hatten, beschlossen sie, eine &quot;richtige&quot; Band zu gr\u00fcnden und ihr eigenes Ding zu machen.\" \/>\n<meta name=\"robots\" content=\"index, follow, max-snippet:-1, max-image-preview:large, max-video-preview:-1\" \/>\n<link rel=\"canonical\" href=\"https:\/\/www.svalbardblues.com\/de\/dsb\/artister\/the-kokomo-kings\/\" \/>\n<meta property=\"og:locale\" content=\"de_DE\" \/>\n<meta property=\"og:type\" content=\"article\" \/>\n<meta property=\"og:title\" content=\"The Kokomo Kings (SE)\" \/>\n<meta property=\"og:description\" content=\"Die schwedischen The Kokomo Kings spielen ein Hexengebr\u00e4u aus Roots-Musik und Rockabilly, das tief im alten, kratzigen Blues verwurzelt ist. Nachdem sie internationale Bluesk\u00fcnstler wie James Harman, Mud Morganfield, Lazy Lester, Louisiana Red und Svalbard&#039;s John Primer unterst\u00fctzt hatten, beschlossen sie, eine &quot;richtige&quot; Band zu gr\u00fcnden und ihr eigenes Ding zu machen.\" \/>\n<meta property=\"og:url\" content=\"https:\/\/www.svalbardblues.com\/de\/dsb\/artister\/the-kokomo-kings\/\" \/>\n<meta property=\"og:site_name\" content=\"Dark Season Blues | SVALBARD\" \/>\n<meta property=\"article:publisher\" content=\"https:\/\/www.facebook.com\/DarkSeasonBlues\" \/>\n<meta property=\"article:modified_time\" content=\"2026-02-23T21:55:54+00:00\" \/>\n<meta property=\"og:image\" content=\"https:\/\/www.svalbardblues.com\/wp-content\/uploads\/2025\/10\/DSB_Illustrasjon_med_kokomo-kings.jpg\" \/>\n\t<meta property=\"og:image:width\" content=\"1250\" \/>\n\t<meta property=\"og:image:height\" content=\"650\" \/>\n\t<meta property=\"og:image:type\" content=\"image\/jpeg\" \/>\n<meta name=\"twitter:label1\" content=\"Gesch\u00e4tzte Lesezeit\" \/>\n\t<meta name=\"twitter:data1\" content=\"2\u00a0Minuten\" \/>\n<script type=\"application\/ld+json\" class=\"yoast-schema-graph\">{\"@context\":\"https:\\\/\\\/schema.org\",\"@graph\":[{\"@type\":\"WebPage\",\"@id\":\"https:\\\/\\\/www.svalbardblues.com\\\/de\\\/dsb\\\/artister\\\/the-kokomo-kings\\\/\",\"url\":\"https:\\\/\\\/www.svalbardblues.com\\\/de\\\/dsb\\\/artister\\\/the-kokomo-kings\\\/\",\"name\":\"The Kokomo Kings (SE) | Dark Season Blues - SVALBARD\",\"isPartOf\":{\"@id\":\"https:\\\/\\\/www.svalbardblues.com\\\/de\\\/#website\"},\"primaryImageOfPage\":{\"@id\":\"https:\\\/\\\/www.svalbardblues.com\\\/de\\\/dsb\\\/artister\\\/the-kokomo-kings\\\/#primaryimage\"},\"image\":{\"@id\":\"https:\\\/\\\/www.svalbardblues.com\\\/de\\\/dsb\\\/artister\\\/the-kokomo-kings\\\/#primaryimage\"},\"thumbnailUrl\":\"https:\\\/\\\/www.svalbardblues.com\\\/wp-content\\\/uploads\\\/2025\\\/01\\\/Kokomo-Kings-Dark-Season-Blues-Photo-Jerry-Niemi.webp\",\"datePublished\":\"2025-01-29T08:31:21+00:00\",\"dateModified\":\"2026-02-23T21:55:54+00:00\",\"description\":\"Die schwedischen The Kokomo Kings spielen ein Hexengebr\u00e4u aus Roots-Musik und Rockabilly, das tief im alten, kratzigen Blues verwurzelt ist. Nachdem sie internationale Bluesk\u00fcnstler wie James Harman, Mud Morganfield, Lazy Lester, Louisiana Red und Svalbard's John Primer unterst\u00fctzt hatten, beschlossen sie, eine \\\"richtige\\\" Band zu gr\u00fcnden und ihr eigenes Ding zu machen.\",\"breadcrumb\":{\"@id\":\"https:\\\/\\\/www.svalbardblues.com\\\/de\\\/dsb\\\/artister\\\/the-kokomo-kings\\\/#breadcrumb\"},\"inLanguage\":\"de\",\"potentialAction\":[{\"@type\":\"ReadAction\",\"target\":[\"https:\\\/\\\/www.svalbardblues.com\\\/de\\\/dsb\\\/artister\\\/the-kokomo-kings\\\/\"]}]},{\"@type\":\"ImageObject\",\"inLanguage\":\"de\",\"@id\":\"https:\\\/\\\/www.svalbardblues.com\\\/de\\\/dsb\\\/artister\\\/the-kokomo-kings\\\/#primaryimage\",\"url\":\"https:\\\/\\\/www.svalbardblues.com\\\/wp-content\\\/uploads\\\/2025\\\/01\\\/Kokomo-Kings-Dark-Season-Blues-Photo-Jerry-Niemi.webp\",\"contentUrl\":\"https:\\\/\\\/www.svalbardblues.com\\\/wp-content\\\/uploads\\\/2025\\\/01\\\/Kokomo-Kings-Dark-Season-Blues-Photo-Jerry-Niemi.webp\",\"width\":1200,\"height\":802,\"caption\":\"The Kokomo Kings (SE)\"},{\"@type\":\"BreadcrumbList\",\"@id\":\"https:\\\/\\\/www.svalbardblues.com\\\/de\\\/dsb\\\/artister\\\/the-kokomo-kings\\\/#breadcrumb\",\"itemListElement\":[{\"@type\":\"ListItem\",\"position\":1,\"name\":\"Hjem\",\"item\":\"https:\\\/\\\/www.svalbardblues.com\\\/de\\\/\"},{\"@type\":\"ListItem\",\"position\":2,\"name\":\"Dunkle Jahreszeit Blues Spitzbergen\",\"item\":\"https:\\\/\\\/www.svalbardblues.com\\\/de\\\/dsb\\\/\"},{\"@type\":\"ListItem\",\"position\":3,\"name\":\"K\u00fcnstler | Dunkle Jahreszeit Blues 2026\",\"item\":\"https:\\\/\\\/www.svalbardblues.com\\\/de\\\/dsb\\\/artister\\\/\"},{\"@type\":\"ListItem\",\"position\":4,\"name\":\"The Kokomo Kings (SE)\"}]},{\"@type\":\"WebSite\",\"@id\":\"https:\\\/\\\/www.svalbardblues.com\\\/de\\\/#website\",\"url\":\"https:\\\/\\\/www.svalbardblues.com\\\/de\\\/\",\"name\":\"Dark Season Blues | SVALBARD\",\"description\":\"The World&#039;s Northenmost Blues Festival\",\"publisher\":{\"@id\":\"https:\\\/\\\/www.svalbardblues.com\\\/de\\\/#organization\"},\"potentialAction\":[{\"@type\":\"SearchAction\",\"target\":{\"@type\":\"EntryPoint\",\"urlTemplate\":\"https:\\\/\\\/www.svalbardblues.com\\\/de\\\/?s={search_term_string}\"},\"query-input\":{\"@type\":\"PropertyValueSpecification\",\"valueRequired\":true,\"valueName\":\"search_term_string\"}}],\"inLanguage\":\"de\"},{\"@type\":\"Organization\",\"@id\":\"https:\\\/\\\/www.svalbardblues.com\\\/de\\\/#organization\",\"name\":\"Dark Season Blues\",\"url\":\"https:\\\/\\\/www.svalbardblues.com\\\/de\\\/\",\"logo\":{\"@type\":\"ImageObject\",\"inLanguage\":\"de\",\"@id\":\"https:\\\/\\\/www.svalbardblues.com\\\/de\\\/#\\\/schema\\\/logo\\\/image\\\/\",\"url\":\"https:\\\/\\\/www.svalbardblues.com\\\/wp-content\\\/uploads\\\/2017\\\/06\\\/DSB2017-Illustrasjon-620.jpg\",\"contentUrl\":\"https:\\\/\\\/www.svalbardblues.com\\\/wp-content\\\/uploads\\\/2017\\\/06\\\/DSB2017-Illustrasjon-620.jpg\",\"width\":620,\"height\":488,\"caption\":\"Dark Season Blues\"},\"image\":{\"@id\":\"https:\\\/\\\/www.svalbardblues.com\\\/de\\\/#\\\/schema\\\/logo\\\/image\\\/\"},\"sameAs\":[\"https:\\\/\\\/www.facebook.com\\\/DarkSeasonBlues\",\"https:\\\/\\\/x.com\\\/DarkSeasonBlues\",\"https:\\\/\\\/www.instagram.com\\\/darkseasonblues\\\/\",\"https:\\\/\\\/no.wikipedia.org\\\/wiki\\\/Dark_Season_Blues\"]}]}<\/script>\n<!-- \/ Yoast SEO Premium plugin. -->","yoast_head_json":{"title":"The Kokomo Kings (SE) | Dark Season Blues - SVALBARD","description":"Die schwedischen The Kokomo Kings spielen ein Hexengebr\u00e4u aus Roots-Musik und Rockabilly, das tief im alten, kratzigen Blues verwurzelt ist. Nachdem sie internationale Bluesk\u00fcnstler wie James Harman, Mud Morganfield, Lazy Lester, Louisiana Red und Svalbard's John Primer unterst\u00fctzt hatten, beschlossen sie, eine \"richtige\" Band zu gr\u00fcnden und ihr eigenes Ding zu machen.","robots":{"index":"index","follow":"follow","max-snippet":"max-snippet:-1","max-image-preview":"max-image-preview:large","max-video-preview":"max-video-preview:-1"},"canonical":"https:\/\/www.svalbardblues.com\/de\/dsb\/artister\/the-kokomo-kings\/","og_locale":"de_DE","og_type":"article","og_title":"The Kokomo Kings (SE)","og_description":"Die schwedischen The Kokomo Kings spielen ein Hexengebr\u00e4u aus Roots-Musik und Rockabilly, das tief im alten, kratzigen Blues verwurzelt ist. Nachdem sie internationale Bluesk\u00fcnstler wie James Harman, Mud Morganfield, Lazy Lester, Louisiana Red und Svalbard's John Primer unterst\u00fctzt hatten, beschlossen sie, eine \"richtige\" Band zu gr\u00fcnden und ihr eigenes Ding zu machen.","og_url":"https:\/\/www.svalbardblues.com\/de\/dsb\/artister\/the-kokomo-kings\/","og_site_name":"Dark Season Blues | SVALBARD","article_publisher":"https:\/\/www.facebook.com\/DarkSeasonBlues","article_modified_time":"2026-02-23T21:55:54+00:00","og_image":[{"width":1250,"height":650,"url":"https:\/\/www.svalbardblues.com\/wp-content\/uploads\/2025\/10\/DSB_Illustrasjon_med_kokomo-kings.jpg","type":"image\/jpeg"}],"twitter_misc":{"Gesch\u00e4tzte Lesezeit":"2\u00a0Minuten"},"schema":{"@context":"https:\/\/schema.org","@graph":[{"@type":"WebPage","@id":"https:\/\/www.svalbardblues.com\/de\/dsb\/artister\/the-kokomo-kings\/","url":"https:\/\/www.svalbardblues.com\/de\/dsb\/artister\/the-kokomo-kings\/","name":"The Kokomo Kings (SE) | Dark Season Blues - SVALBARD","isPartOf":{"@id":"https:\/\/www.svalbardblues.com\/de\/#website"},"primaryImageOfPage":{"@id":"https:\/\/www.svalbardblues.com\/de\/dsb\/artister\/the-kokomo-kings\/#primaryimage"},"image":{"@id":"https:\/\/www.svalbardblues.com\/de\/dsb\/artister\/the-kokomo-kings\/#primaryimage"},"thumbnailUrl":"https:\/\/www.svalbardblues.com\/wp-content\/uploads\/2025\/01\/Kokomo-Kings-Dark-Season-Blues-Photo-Jerry-Niemi.webp","datePublished":"2025-01-29T08:31:21+00:00","dateModified":"2026-02-23T21:55:54+00:00","description":"Die schwedischen The Kokomo Kings spielen ein Hexengebr\u00e4u aus Roots-Musik und Rockabilly, das tief im alten, kratzigen Blues verwurzelt ist. Nachdem sie internationale Bluesk\u00fcnstler wie James Harman, Mud Morganfield, Lazy Lester, Louisiana Red und Svalbard's John Primer unterst\u00fctzt hatten, beschlossen sie, eine \"richtige\" Band zu gr\u00fcnden und ihr eigenes Ding zu machen.","breadcrumb":{"@id":"https:\/\/www.svalbardblues.com\/de\/dsb\/artister\/the-kokomo-kings\/#breadcrumb"},"inLanguage":"de","potentialAction":[{"@type":"ReadAction","target":["https:\/\/www.svalbardblues.com\/de\/dsb\/artister\/the-kokomo-kings\/"]}]},{"@type":"ImageObject","inLanguage":"de","@id":"https:\/\/www.svalbardblues.com\/de\/dsb\/artister\/the-kokomo-kings\/#primaryimage","url":"https:\/\/www.svalbardblues.com\/wp-content\/uploads\/2025\/01\/Kokomo-Kings-Dark-Season-Blues-Photo-Jerry-Niemi.webp","contentUrl":"https:\/\/www.svalbardblues.com\/wp-content\/uploads\/2025\/01\/Kokomo-Kings-Dark-Season-Blues-Photo-Jerry-Niemi.webp","width":1200,"height":802,"caption":"The Kokomo Kings (SE)"},{"@type":"BreadcrumbList","@id":"https:\/\/www.svalbardblues.com\/de\/dsb\/artister\/the-kokomo-kings\/#breadcrumb","itemListElement":[{"@type":"ListItem","position":1,"name":"Hjem","item":"https:\/\/www.svalbardblues.com\/de\/"},{"@type":"ListItem","position":2,"name":"Dunkle Jahreszeit Blues Spitzbergen","item":"https:\/\/www.svalbardblues.com\/de\/dsb\/"},{"@type":"ListItem","position":3,"name":"K\u00fcnstler | Dunkle Jahreszeit Blues 2026","item":"https:\/\/www.svalbardblues.com\/de\/dsb\/artister\/"},{"@type":"ListItem","position":4,"name":"The Kokomo Kings (SE)"}]},{"@type":"WebSite","@id":"https:\/\/www.svalbardblues.com\/de\/#website","url":"https:\/\/www.svalbardblues.com\/de\/","name":"Dark Season Blues | SVALBARD","description":"The World&#039;s Northenmost Blues Festival","publisher":{"@id":"https:\/\/www.svalbardblues.com\/de\/#organization"},"potentialAction":[{"@type":"SearchAction","target":{"@type":"EntryPoint","urlTemplate":"https:\/\/www.svalbardblues.com\/de\/?s={search_term_string}"},"query-input":{"@type":"PropertyValueSpecification","valueRequired":true,"valueName":"search_term_string"}}],"inLanguage":"de"},{"@type":"Organization","@id":"https:\/\/www.svalbardblues.com\/de\/#organization","name":"Dark Season Blues","url":"https:\/\/www.svalbardblues.com\/de\/","logo":{"@type":"ImageObject","inLanguage":"de","@id":"https:\/\/www.svalbardblues.com\/de\/#\/schema\/logo\/image\/","url":"https:\/\/www.svalbardblues.com\/wp-content\/uploads\/2017\/06\/DSB2017-Illustrasjon-620.jpg","contentUrl":"https:\/\/www.svalbardblues.com\/wp-content\/uploads\/2017\/06\/DSB2017-Illustrasjon-620.jpg","width":620,"height":488,"caption":"Dark Season Blues"},"image":{"@id":"https:\/\/www.svalbardblues.com\/de\/#\/schema\/logo\/image\/"},"sameAs":["https:\/\/www.facebook.com\/DarkSeasonBlues","https:\/\/x.com\/DarkSeasonBlues","https:\/\/www.instagram.com\/darkseasonblues\/","https:\/\/no.wikipedia.org\/wiki\/Dark_Season_Blues"]}]}},"_links":{"self":[{"href":"https:\/\/www.svalbardblues.com\/de\/wp-json\/wp\/v2\/pages\/25682","targetHints":{"allow":["GET"]}}],"collection":[{"href":"https:\/\/www.svalbardblues.com\/de\/wp-json\/wp\/v2\/pages"}],"about":[{"href":"https:\/\/www.svalbardblues.com\/de\/wp-json\/wp\/v2\/types\/page"}],"author":[{"embeddable":true,"href":"https:\/\/www.svalbardblues.com\/de\/wp-json\/wp\/v2\/users\/1"}],"replies":[{"embeddable":true,"href":"https:\/\/www.svalbardblues.com\/de\/wp-json\/wp\/v2\/comments?post=25682"}],"version-history":[{"count":2,"href":"https:\/\/www.svalbardblues.com\/de\/wp-json\/wp\/v2\/pages\/25682\/revisions"}],"predecessor-version":[{"id":26052,"href":"https:\/\/www.svalbardblues.com\/de\/wp-json\/wp\/v2\/pages\/25682\/revisions\/26052"}],"up":[{"embeddable":true,"href":"https:\/\/www.svalbardblues.com\/de\/wp-json\/wp\/v2\/pages\/24596"}],"wp:featuredmedia":[{"embeddable":true,"href":"https:\/\/www.svalbardblues.com\/de\/wp-json\/wp\/v2\/media\/25683"}],"wp:attachment":[{"href":"https:\/\/www.svalbardblues.com\/de\/wp-json\/wp\/v2\/media?parent=25682"}],"curies":[{"name":"wp","href":"https:\/\/api.w.org\/{rel}","templated":true}]}}