{"id":25688,"date":"2025-01-29T08:20:57","date_gmt":"2025-01-29T08:20:57","guid":{"rendered":"https:\/\/www.svalbardblues.com\/dsb\/artists\/quique-gomez\/"},"modified":"2026-02-23T21:55:54","modified_gmt":"2026-02-23T21:55:54","slug":"quique-gomez","status":"publish","type":"page","link":"https:\/\/www.svalbardblues.com\/de\/dsb\/artister\/quique-gomez\/","title":{"rendered":"Quique Gomez (ES)"},"content":{"rendered":"\n<p class=\"has-drop-cap\">Der in Madrid geborene Quique G\u00f3mez hat den Blues mit seiner gef\u00fchlvollen Stimme und seinem ausdrucksstarken Mundharmonikastil in die ganze Welt getragen. Er hat die B\u00fchne mit Legenden wie John Primer, Eddie C. Campbell und Jimmy Burns und tourte mit seiner Band Quique G\u00f3mez &amp; His Vipers durch f\u00fcnf Kontinente.   <\/p>\n\n<p>G\u00f3mez begann im Alter von 18 Jahren Mundharmonika zu spielen. Nur zwei Jahre sp\u00e4ter gr\u00fcndete er seine erste Band, die \u00fcber ein Jahrzehnt lang auf spanischen B\u00fchnen tourte. Er studierte, w\u00e4hrend er einen kleinen Club betrieb, aber seine Leidenschaft f\u00fcr den Blues f\u00fchrte ihn immer weiter in die Welt hinaus.  <strong> <\/strong>Im Jahr 2008 reiste er nach Chicago, wo er einige der gr\u00f6\u00dften Stars des Blues kennenlernte. Dies war der Beginn einer internationalen Karriere mit Konzerten auf f\u00fcnf Kontinenten, unter anderem mit John Primer, Eddie C. Campbell und Jimmy Burns. Campbell und Jimmy Burns. Mit seiner Stammband, Quique G\u00f3mez &amp; His Vipers, hat er mehrere Alben ver\u00f6ffentlicht. Das letztj\u00e4hrige Album &#8222;Cooking at Greaseland&#8220; mit G\u00f3mez und Little Charlie Baty wurde in San Jose, Kalifornien, aufgenommen, mit Kid Andersen als Produzent und Gitarrist und Alexander Pettersen am Schlagzeug. Es war Batys letzte Aufnahme, bevor er verstarb. Pettersen ist Teil der Billy T Band, die G\u00f3mez bei Dark Season Blues unterst\u00fctzt.       <\/p>\n\n<p class=\"has-text-align-center has-background\" style=\"background-color:#e2e2e2;font-size:12px\"><strong>Dunkle Jahreszeit Blues\u00a92025<\/strong><\/p>\n","protected":false},"excerpt":{"rendered":"<p>Der in Madrid geborene Quique G\u00f3mez hat den Blues mit seiner gef\u00fchlvollen Stimme und seinem ausdrucksstarken Mundharmonikastil in die ganze Welt getragen. Er hat die B\u00fchne mit Legenden wie John Primer, Eddie C. Campbell und Jimmy Burns und tourte mit seiner Band Quique G\u00f3mez &amp; His Vipers durch f\u00fcnf Kontinente. G\u00f3mez begann im Alter von &#8230; <\/p>\n<p class=\"read-more-container\"><a title=\"Quique Gomez (ES)\" class=\"read-more button\" href=\"https:\/\/www.svalbardblues.com\/de\/dsb\/artister\/quique-gomez\/#more-25688\" aria-label=\"Mehr Informationen \u00fcber Quique Gomez (ES)\">Read more<\/a><\/p>\n","protected":false},"author":1,"featured_media":25689,"parent":24596,"menu_order":0,"comment_status":"closed","ping_status":"closed","template":"","meta":{"inline_featured_image":false,"footnotes":""},"class_list":["post-25688","page","type-page","status-publish","has-post-thumbnail"],"yoast_head":"<!-- This site is optimized with the Yoast SEO Premium plugin v26.2 (Yoast SEO v27.5) - https:\/\/yoast.com\/product\/yoast-seo-premium-wordpress\/ -->\n<title>Quique Gomez (ES) | Dark Season Blues - SVALBARD<\/title>\n<meta name=\"description\" content=\"Der in Madrid geborene Quique G\u00f3mez hat den Blues mit seiner gef\u00fchlvollen Stimme und seinem ausdrucksstarken Mundharmonikastil in die ganze Welt getragen. Er hat die B\u00fchne mit Legenden wie John Primer, Eddie C. Campbell und Jimmy Burns und tourte mit seiner Band Quique G\u00f3mez &amp; His Vipers durch f\u00fcnf Kontinente.\" \/>\n<meta name=\"robots\" content=\"index, follow, max-snippet:-1, max-image-preview:large, max-video-preview:-1\" \/>\n<link rel=\"canonical\" href=\"https:\/\/www.svalbardblues.com\/de\/dsb\/artister\/quique-gomez\/\" \/>\n<meta property=\"og:locale\" content=\"de_DE\" \/>\n<meta property=\"og:type\" content=\"article\" \/>\n<meta property=\"og:title\" content=\"Quique Gomez (ES)\" \/>\n<meta property=\"og:description\" content=\"Der in Madrid geborene Quique G\u00f3mez hat den Blues mit seiner gef\u00fchlvollen Stimme und seinem ausdrucksstarken Mundharmonikastil in die ganze Welt getragen. Er hat die B\u00fchne mit Legenden wie John Primer, Eddie C. Campbell und Jimmy Burns und tourte mit seiner Band Quique G\u00f3mez &amp; His Vipers durch f\u00fcnf Kontinente.\" \/>\n<meta property=\"og:url\" content=\"https:\/\/www.svalbardblues.com\/de\/dsb\/artister\/quique-gomez\/\" \/>\n<meta property=\"og:site_name\" content=\"Dark Season Blues | SVALBARD\" \/>\n<meta property=\"article:publisher\" content=\"https:\/\/www.facebook.com\/DarkSeasonBlues\" \/>\n<meta property=\"article:modified_time\" content=\"2026-02-23T21:55:54+00:00\" \/>\n<meta property=\"og:image\" content=\"https:\/\/www.svalbardblues.com\/wp-content\/uploads\/2025\/01\/quique-gomez-dark-season-blues-1200.webp\" \/>\n\t<meta property=\"og:image:width\" content=\"1200\" \/>\n\t<meta property=\"og:image:height\" content=\"786\" \/>\n\t<meta property=\"og:image:type\" content=\"image\/webp\" \/>\n<meta name=\"twitter:label1\" content=\"Gesch\u00e4tzte Lesezeit\" \/>\n\t<meta name=\"twitter:data1\" content=\"1\u00a0Minute\" \/>\n<script type=\"application\/ld+json\" class=\"yoast-schema-graph\">{\"@context\":\"https:\\\/\\\/schema.org\",\"@graph\":[{\"@type\":\"WebPage\",\"@id\":\"https:\\\/\\\/www.svalbardblues.com\\\/de\\\/dsb\\\/artister\\\/quique-gomez\\\/\",\"url\":\"https:\\\/\\\/www.svalbardblues.com\\\/de\\\/dsb\\\/artister\\\/quique-gomez\\\/\",\"name\":\"Quique Gomez (ES) | Dark Season Blues - SVALBARD\",\"isPartOf\":{\"@id\":\"https:\\\/\\\/www.svalbardblues.com\\\/de\\\/#website\"},\"primaryImageOfPage\":{\"@id\":\"https:\\\/\\\/www.svalbardblues.com\\\/de\\\/dsb\\\/artister\\\/quique-gomez\\\/#primaryimage\"},\"image\":{\"@id\":\"https:\\\/\\\/www.svalbardblues.com\\\/de\\\/dsb\\\/artister\\\/quique-gomez\\\/#primaryimage\"},\"thumbnailUrl\":\"https:\\\/\\\/www.svalbardblues.com\\\/wp-content\\\/uploads\\\/2025\\\/01\\\/quique-gomez-dark-season-blues-1200.webp\",\"datePublished\":\"2025-01-29T08:20:57+00:00\",\"dateModified\":\"2026-02-23T21:55:54+00:00\",\"description\":\"Der in Madrid geborene Quique G\u00f3mez hat den Blues mit seiner gef\u00fchlvollen Stimme und seinem ausdrucksstarken Mundharmonikastil in die ganze Welt getragen. Er hat die B\u00fchne mit Legenden wie John Primer, Eddie C. Campbell und Jimmy Burns und tourte mit seiner Band Quique G\u00f3mez & His Vipers durch f\u00fcnf Kontinente.\",\"breadcrumb\":{\"@id\":\"https:\\\/\\\/www.svalbardblues.com\\\/de\\\/dsb\\\/artister\\\/quique-gomez\\\/#breadcrumb\"},\"inLanguage\":\"de\",\"potentialAction\":[{\"@type\":\"ReadAction\",\"target\":[\"https:\\\/\\\/www.svalbardblues.com\\\/de\\\/dsb\\\/artister\\\/quique-gomez\\\/\"]}]},{\"@type\":\"ImageObject\",\"inLanguage\":\"de\",\"@id\":\"https:\\\/\\\/www.svalbardblues.com\\\/de\\\/dsb\\\/artister\\\/quique-gomez\\\/#primaryimage\",\"url\":\"https:\\\/\\\/www.svalbardblues.com\\\/wp-content\\\/uploads\\\/2025\\\/01\\\/quique-gomez-dark-season-blues-1200.webp\",\"contentUrl\":\"https:\\\/\\\/www.svalbardblues.com\\\/wp-content\\\/uploads\\\/2025\\\/01\\\/quique-gomez-dark-season-blues-1200.webp\",\"width\":1200,\"height\":786,\"caption\":\"Quique G\u00f3mez (ES)\"},{\"@type\":\"BreadcrumbList\",\"@id\":\"https:\\\/\\\/www.svalbardblues.com\\\/de\\\/dsb\\\/artister\\\/quique-gomez\\\/#breadcrumb\",\"itemListElement\":[{\"@type\":\"ListItem\",\"position\":1,\"name\":\"Hjem\",\"item\":\"https:\\\/\\\/www.svalbardblues.com\\\/de\\\/\"},{\"@type\":\"ListItem\",\"position\":2,\"name\":\"Dunkle Jahreszeit Blues Spitzbergen\",\"item\":\"https:\\\/\\\/www.svalbardblues.com\\\/de\\\/dsb\\\/\"},{\"@type\":\"ListItem\",\"position\":3,\"name\":\"K\u00fcnstler | Dunkle Jahreszeit Blues 2026\",\"item\":\"https:\\\/\\\/www.svalbardblues.com\\\/de\\\/dsb\\\/artister\\\/\"},{\"@type\":\"ListItem\",\"position\":4,\"name\":\"Quique Gomez (ES)\"}]},{\"@type\":\"WebSite\",\"@id\":\"https:\\\/\\\/www.svalbardblues.com\\\/de\\\/#website\",\"url\":\"https:\\\/\\\/www.svalbardblues.com\\\/de\\\/\",\"name\":\"Dark Season Blues | SVALBARD\",\"description\":\"The World&#039;s Northenmost Blues Festival\",\"publisher\":{\"@id\":\"https:\\\/\\\/www.svalbardblues.com\\\/de\\\/#organization\"},\"potentialAction\":[{\"@type\":\"SearchAction\",\"target\":{\"@type\":\"EntryPoint\",\"urlTemplate\":\"https:\\\/\\\/www.svalbardblues.com\\\/de\\\/?s={search_term_string}\"},\"query-input\":{\"@type\":\"PropertyValueSpecification\",\"valueRequired\":true,\"valueName\":\"search_term_string\"}}],\"inLanguage\":\"de\"},{\"@type\":\"Organization\",\"@id\":\"https:\\\/\\\/www.svalbardblues.com\\\/de\\\/#organization\",\"name\":\"Dark Season Blues\",\"url\":\"https:\\\/\\\/www.svalbardblues.com\\\/de\\\/\",\"logo\":{\"@type\":\"ImageObject\",\"inLanguage\":\"de\",\"@id\":\"https:\\\/\\\/www.svalbardblues.com\\\/de\\\/#\\\/schema\\\/logo\\\/image\\\/\",\"url\":\"https:\\\/\\\/www.svalbardblues.com\\\/wp-content\\\/uploads\\\/2017\\\/06\\\/DSB2017-Illustrasjon-620.jpg\",\"contentUrl\":\"https:\\\/\\\/www.svalbardblues.com\\\/wp-content\\\/uploads\\\/2017\\\/06\\\/DSB2017-Illustrasjon-620.jpg\",\"width\":620,\"height\":488,\"caption\":\"Dark Season Blues\"},\"image\":{\"@id\":\"https:\\\/\\\/www.svalbardblues.com\\\/de\\\/#\\\/schema\\\/logo\\\/image\\\/\"},\"sameAs\":[\"https:\\\/\\\/www.facebook.com\\\/DarkSeasonBlues\",\"https:\\\/\\\/x.com\\\/DarkSeasonBlues\",\"https:\\\/\\\/www.instagram.com\\\/darkseasonblues\\\/\",\"https:\\\/\\\/no.wikipedia.org\\\/wiki\\\/Dark_Season_Blues\"]}]}<\/script>\n<!-- \/ Yoast SEO Premium plugin. -->","yoast_head_json":{"title":"Quique Gomez (ES) | Dark Season Blues - SVALBARD","description":"Der in Madrid geborene Quique G\u00f3mez hat den Blues mit seiner gef\u00fchlvollen Stimme und seinem ausdrucksstarken Mundharmonikastil in die ganze Welt getragen. Er hat die B\u00fchne mit Legenden wie John Primer, Eddie C. Campbell und Jimmy Burns und tourte mit seiner Band Quique G\u00f3mez & His Vipers durch f\u00fcnf Kontinente.","robots":{"index":"index","follow":"follow","max-snippet":"max-snippet:-1","max-image-preview":"max-image-preview:large","max-video-preview":"max-video-preview:-1"},"canonical":"https:\/\/www.svalbardblues.com\/de\/dsb\/artister\/quique-gomez\/","og_locale":"de_DE","og_type":"article","og_title":"Quique Gomez (ES)","og_description":"Der in Madrid geborene Quique G\u00f3mez hat den Blues mit seiner gef\u00fchlvollen Stimme und seinem ausdrucksstarken Mundharmonikastil in die ganze Welt getragen. Er hat die B\u00fchne mit Legenden wie John Primer, Eddie C. Campbell und Jimmy Burns und tourte mit seiner Band Quique G\u00f3mez & His Vipers durch f\u00fcnf Kontinente.","og_url":"https:\/\/www.svalbardblues.com\/de\/dsb\/artister\/quique-gomez\/","og_site_name":"Dark Season Blues | SVALBARD","article_publisher":"https:\/\/www.facebook.com\/DarkSeasonBlues","article_modified_time":"2026-02-23T21:55:54+00:00","og_image":[{"width":1200,"height":786,"url":"https:\/\/www.svalbardblues.com\/wp-content\/uploads\/2025\/01\/quique-gomez-dark-season-blues-1200.webp","type":"image\/webp"}],"twitter_misc":{"Gesch\u00e4tzte Lesezeit":"1\u00a0Minute"},"schema":{"@context":"https:\/\/schema.org","@graph":[{"@type":"WebPage","@id":"https:\/\/www.svalbardblues.com\/de\/dsb\/artister\/quique-gomez\/","url":"https:\/\/www.svalbardblues.com\/de\/dsb\/artister\/quique-gomez\/","name":"Quique Gomez (ES) | Dark Season Blues - SVALBARD","isPartOf":{"@id":"https:\/\/www.svalbardblues.com\/de\/#website"},"primaryImageOfPage":{"@id":"https:\/\/www.svalbardblues.com\/de\/dsb\/artister\/quique-gomez\/#primaryimage"},"image":{"@id":"https:\/\/www.svalbardblues.com\/de\/dsb\/artister\/quique-gomez\/#primaryimage"},"thumbnailUrl":"https:\/\/www.svalbardblues.com\/wp-content\/uploads\/2025\/01\/quique-gomez-dark-season-blues-1200.webp","datePublished":"2025-01-29T08:20:57+00:00","dateModified":"2026-02-23T21:55:54+00:00","description":"Der in Madrid geborene Quique G\u00f3mez hat den Blues mit seiner gef\u00fchlvollen Stimme und seinem ausdrucksstarken Mundharmonikastil in die ganze Welt getragen. Er hat die B\u00fchne mit Legenden wie John Primer, Eddie C. Campbell und Jimmy Burns und tourte mit seiner Band Quique G\u00f3mez & His Vipers durch f\u00fcnf Kontinente.","breadcrumb":{"@id":"https:\/\/www.svalbardblues.com\/de\/dsb\/artister\/quique-gomez\/#breadcrumb"},"inLanguage":"de","potentialAction":[{"@type":"ReadAction","target":["https:\/\/www.svalbardblues.com\/de\/dsb\/artister\/quique-gomez\/"]}]},{"@type":"ImageObject","inLanguage":"de","@id":"https:\/\/www.svalbardblues.com\/de\/dsb\/artister\/quique-gomez\/#primaryimage","url":"https:\/\/www.svalbardblues.com\/wp-content\/uploads\/2025\/01\/quique-gomez-dark-season-blues-1200.webp","contentUrl":"https:\/\/www.svalbardblues.com\/wp-content\/uploads\/2025\/01\/quique-gomez-dark-season-blues-1200.webp","width":1200,"height":786,"caption":"Quique G\u00f3mez (ES)"},{"@type":"BreadcrumbList","@id":"https:\/\/www.svalbardblues.com\/de\/dsb\/artister\/quique-gomez\/#breadcrumb","itemListElement":[{"@type":"ListItem","position":1,"name":"Hjem","item":"https:\/\/www.svalbardblues.com\/de\/"},{"@type":"ListItem","position":2,"name":"Dunkle Jahreszeit Blues Spitzbergen","item":"https:\/\/www.svalbardblues.com\/de\/dsb\/"},{"@type":"ListItem","position":3,"name":"K\u00fcnstler | Dunkle Jahreszeit Blues 2026","item":"https:\/\/www.svalbardblues.com\/de\/dsb\/artister\/"},{"@type":"ListItem","position":4,"name":"Quique Gomez (ES)"}]},{"@type":"WebSite","@id":"https:\/\/www.svalbardblues.com\/de\/#website","url":"https:\/\/www.svalbardblues.com\/de\/","name":"Dark Season Blues | SVALBARD","description":"The World&#039;s Northenmost Blues Festival","publisher":{"@id":"https:\/\/www.svalbardblues.com\/de\/#organization"},"potentialAction":[{"@type":"SearchAction","target":{"@type":"EntryPoint","urlTemplate":"https:\/\/www.svalbardblues.com\/de\/?s={search_term_string}"},"query-input":{"@type":"PropertyValueSpecification","valueRequired":true,"valueName":"search_term_string"}}],"inLanguage":"de"},{"@type":"Organization","@id":"https:\/\/www.svalbardblues.com\/de\/#organization","name":"Dark Season Blues","url":"https:\/\/www.svalbardblues.com\/de\/","logo":{"@type":"ImageObject","inLanguage":"de","@id":"https:\/\/www.svalbardblues.com\/de\/#\/schema\/logo\/image\/","url":"https:\/\/www.svalbardblues.com\/wp-content\/uploads\/2017\/06\/DSB2017-Illustrasjon-620.jpg","contentUrl":"https:\/\/www.svalbardblues.com\/wp-content\/uploads\/2017\/06\/DSB2017-Illustrasjon-620.jpg","width":620,"height":488,"caption":"Dark Season Blues"},"image":{"@id":"https:\/\/www.svalbardblues.com\/de\/#\/schema\/logo\/image\/"},"sameAs":["https:\/\/www.facebook.com\/DarkSeasonBlues","https:\/\/x.com\/DarkSeasonBlues","https:\/\/www.instagram.com\/darkseasonblues\/","https:\/\/no.wikipedia.org\/wiki\/Dark_Season_Blues"]}]}},"_links":{"self":[{"href":"https:\/\/www.svalbardblues.com\/de\/wp-json\/wp\/v2\/pages\/25688","targetHints":{"allow":["GET"]}}],"collection":[{"href":"https:\/\/www.svalbardblues.com\/de\/wp-json\/wp\/v2\/pages"}],"about":[{"href":"https:\/\/www.svalbardblues.com\/de\/wp-json\/wp\/v2\/types\/page"}],"author":[{"embeddable":true,"href":"https:\/\/www.svalbardblues.com\/de\/wp-json\/wp\/v2\/users\/1"}],"replies":[{"embeddable":true,"href":"https:\/\/www.svalbardblues.com\/de\/wp-json\/wp\/v2\/comments?post=25688"}],"version-history":[{"count":1,"href":"https:\/\/www.svalbardblues.com\/de\/wp-json\/wp\/v2\/pages\/25688\/revisions"}],"predecessor-version":[{"id":25690,"href":"https:\/\/www.svalbardblues.com\/de\/wp-json\/wp\/v2\/pages\/25688\/revisions\/25690"}],"up":[{"embeddable":true,"href":"https:\/\/www.svalbardblues.com\/de\/wp-json\/wp\/v2\/pages\/24596"}],"wp:featuredmedia":[{"embeddable":true,"href":"https:\/\/www.svalbardblues.com\/de\/wp-json\/wp\/v2\/media\/25689"}],"wp:attachment":[{"href":"https:\/\/www.svalbardblues.com\/de\/wp-json\/wp\/v2\/media?parent=25688"}],"curies":[{"name":"wp","href":"https:\/\/api.w.org\/{rel}","templated":true}]}}